{"id":107,"date":"2020-07-27T10:01:52","date_gmt":"2020-07-27T10:01:52","guid":{"rendered":"http:\/\/folklore.ee\/estonka\/?page_id=107"},"modified":"2021-05-04T06:06:02","modified_gmt":"2021-05-04T06:06:02","slug":"seltskonnalaulud","status":"publish","type":"page","link":"https:\/\/folklore.ee\/estonka\/parimus-siberi-eestlaste-laulud\/seltskonnalaulud\/","title":{"rendered":"Seltskonnalaulud"},"content":{"rendered":"\n<h3 class=\"wp-block-heading\">Uuem rahvalaul&nbsp;<strong>&#8220;Seal Siberis Baikali taga&#8230;&#8221;<\/strong><\/h3>\n\n\n\n<figure class=\"wp-block-audio\"><audio controls src=\"http:\/\/folklore.ee\/estonka\/wp-content\/uploads\/2020\/08\/1.Seal_Siberis_Baikali_taga.mp3\"><\/audio><\/figure>\n\n\n\n<p>Laulnud&nbsp;<strong>Roosa Kado<\/strong>&nbsp;K\u00f5\u0161tovka linnast, s\u00fcndinud 1912. a.&nbsp;Nikolajevka k\u00fclas.&nbsp;Salvestatud&nbsp;1999. a.<\/p>\n\n\n\n<p>Viide:&nbsp;ERA, CD 290 (3)<\/p>\n\n\n\n<p class=\"popup sg-popup-id-2038\">LAULU S\u00d5NAD<\/p>\n\n\n\n<hr class=\"wp-block-separator\"\/>\n\n\n\n<div style=\"height:45px\" aria-hidden=\"true\" class=\"wp-block-spacer\"><\/div>\n\n\n\n<h3 class=\"wp-block-heading\"><strong>&#8220;S\u00fcgisehommik nii vaikne ja vilu&#8230;&#8221;<\/strong><\/h3>\n\n\n\n<figure class=\"wp-block-audio\"><audio controls src=\"http:\/\/folklore.ee\/estonka\/wp-content\/uploads\/2020\/08\/2.Sygisehommik_nii_vaikne_ja_vilu.mp3\"><\/audio><\/figure>\n\n\n\n<p>Laulnud&nbsp;<strong>Olga J\u00e4nes&nbsp;<\/strong>Sedelnikovoasulast, s\u00fcndinud&nbsp;1928. a. Lillik\u00fclas.&nbsp;Salvestatud&nbsp;1996. a.<\/p>\n\n\n\n<p>Viide: ERA, DAT 55 (74)<\/p>\n\n\n\n<p class=\"popup sg-popup-id-2038\">LAULU S\u00d5NAD<\/p>\n\n\n\n<hr class=\"wp-block-separator\"\/>\n\n\n\n<div style=\"height:45px\" aria-hidden=\"true\" class=\"wp-block-spacer\"><\/div>\n\n\n\n<h3 class=\"wp-block-heading\"><strong>\u201c<strong>Olli mina ilman vaene lats\u2026<\/strong>\u201d<\/strong><\/h3>\n\n\n\n<figure class=\"wp-block-audio\"><audio controls src=\"http:\/\/folklore.ee\/estonka\/wp-content\/uploads\/2020\/08\/3.Olli_mina_ilman_vaene_lats.mp3\"><\/audio><\/figure>\n\n\n\n<p>Laulnud&nbsp;<strong>Olga Raad<\/strong>&nbsp;Estonka k\u00fclast (Omski obl), s\u00fcndinud&nbsp;1915. a. Salvestatud 1996. aastal.<\/p>\n\n\n\n<p>Viide: ERA, DAT 51 (22)<\/p>\n\n\n\n<p class=\"popup sg-popup-id-2038\">LAULU S\u00d5NAD<\/p>\n\n\n\n<hr class=\"wp-block-separator\"\/>\n\n\n\n<div style=\"height:45px\" aria-hidden=\"true\" class=\"wp-block-spacer\"><\/div>\n\n\n\n<h3 class=\"wp-block-heading\">T\u00fcrgi s\u00f5ja laul&nbsp;<strong>\u201cSee ranits, mis mu seljas raske\u2026\u201d<\/strong><\/h3>\n\n\n\n<figure class=\"wp-block-audio\"><audio controls src=\"http:\/\/folklore.ee\/estonka\/wp-content\/uploads\/2020\/08\/4.See_ranits_mis_mu_seljas_raske.mp3\"><\/audio><\/figure>\n\n\n\n<p>Laulab&nbsp;<strong>Erna \u00d5igus&nbsp;<\/strong>Vambola k\u00fclast, s\u00fcndinud&nbsp;1927. a.&nbsp; Mariinski l\u00e4hedases Jurjevi k.&nbsp;Salvestatud&nbsp;1994. a.<\/p>\n\n\n\n<p>Viide: FAM 88 (54)<\/p>\n\n\n\n<p class=\"popup sg-popup-id-2042\">LAULU S\u00d5NAD<\/p><p><a href=\"\/estonka\/wp-content\/uploads\/2020\/08\/4.See_ranits_mis_mu_seljas_raske_sonad.pdf\" target=\"_blank\" aria-label=\"undefined (opens in a new tab)\" rel=\"noreferrer noopener\">PDF<\/a><\/p>\n\n\n\n<hr class=\"wp-block-separator\"\/>\n\n\n\n<div style=\"height:45px\" aria-hidden=\"true\" class=\"wp-block-spacer\"><\/div>\n\n\n\n<h3 class=\"wp-block-heading\"><strong>&#8220;Elu on loodud&#8230;&#8221;<\/strong><\/h3>\n\n\n\n<figure class=\"wp-block-audio\"><audio controls src=\"http:\/\/folklore.ee\/estonka\/wp-content\/uploads\/2020\/08\/5.Elu_on_loodud.mp3\"><\/audio><\/figure>\n\n\n\n<p>Laulnud&nbsp;<strong>Elfriede Vahter&nbsp;<\/strong>(snd. 1919. a.) Tomski oblasti Kasek\u00fclas 1993. aastal.<\/p>\n\n\n\n<p>Viide:&nbsp;ERA, FAM 9 (55)<\/p>\n\n\n\n<p class=\"popup sg-popup-id-2043\">LAULU S\u00d5NAD<\/p>\n\n\n\n<hr class=\"wp-block-separator\"\/>\n\n\n\n<div style=\"height:45px\" aria-hidden=\"true\" class=\"wp-block-spacer\"><\/div>\n\n\n\n<h3 class=\"wp-block-heading\"><strong>\u201cEha lehti liigutelles\u2026\u201d<\/strong><\/h3>\n\n\n\n<figure class=\"wp-block-audio\"><audio controls src=\"http:\/\/folklore.ee\/estonka\/wp-content\/uploads\/2020\/08\/6_1.Eha_lehti_liigutelles.mp3\"><\/audio><\/figure>\n\n\n\n<figure class=\"wp-block-audio\"><audio controls src=\"http:\/\/folklore.ee\/estonka\/wp-content\/uploads\/2020\/08\/6_2.Eha_lehti_liigutelles.mp3\"><\/audio><\/figure>\n\n\n\n<figure class=\"wp-block-audio\"><audio controls src=\"http:\/\/folklore.ee\/estonka\/wp-content\/uploads\/2020\/08\/6_3.Eha_lehti_liigutelles.mp3\"><\/audio><\/figure>\n\n\n\n<p>Laulnud&nbsp;<strong>Olga J\u00e4nes<\/strong>&nbsp;Sedelnikovost, s\u00fcndinud 1928. a.Lillik\u00fclas.&nbsp;Salvestatud 1996. aasta aprillis.Viide:&nbsp;ERA, DAT 55 (64)<\/p>\n\n\n\n<p class=\"popup sg-popup-id-2044\">LAULU S\u00d5NAD<\/p>\n\n\n\n<hr class=\"wp-block-separator\"\/>\n\n\n\n<div style=\"height:45px\" aria-hidden=\"true\" class=\"wp-block-spacer\"><\/div>\n\n\n\n<h3 class=\"wp-block-heading\">&nbsp;&nbsp;<strong>\u201eArmas ema \u00fctle meile\u2026\u201c<\/strong><\/h3>\n\n\n\n<figure class=\"wp-block-audio\"><audio controls src=\"http:\/\/folklore.ee\/estonka\/wp-content\/uploads\/2020\/08\/7.Armas_ema_ytle_meile.mp3\"><\/audio><\/figure>\n\n\n\n<p>Laulnud&nbsp;<strong>Elfriede Vahter,<\/strong>&nbsp;s. 1919. a., Tomski oblasti Kasek\u00fclas&nbsp;1993. aastal.<\/p>\n\n\n\n<p>Viide:&nbsp;ERA, FAM 9 (32)<\/p>\n\n\n\n<p class=\"popup sg-popup-id-2045\">LAULU S\u00d5NAD<\/p>\n\n\n\n<hr class=\"wp-block-separator\"\/>\n\n\n\n<div style=\"height:45px\" aria-hidden=\"true\" class=\"wp-block-spacer\"><\/div>\n\n\n\n<h3 class=\"wp-block-heading\"><strong>\u201eKaks pool aastat\u201c<\/strong><\/h3>\n\n\n\n<figure class=\"wp-block-audio\"><audio controls src=\"http:\/\/folklore.ee\/estonka\/wp-content\/uploads\/2020\/08\/8.Kaks_pool_aastat.mp3\"><\/audio><\/figure>\n\n\n\n<p>Laulnud&nbsp;<strong>Elfriede Vahter<\/strong>, s. 1919. a., Tomski oblasti Kasek\u00fclas&nbsp;1993. aastal.<\/p>\n\n\n\n<p>Viide:&nbsp;ERA, FAM 9 (37)<\/p>\n\n\n\n<p class=\"popup sg-popup-id-2046\">LAULU S\u00d5NAD<\/p>\n\n\n\n<hr class=\"wp-block-separator\"\/>\n\n\n\n<div style=\"height:45px\" aria-hidden=\"true\" class=\"wp-block-spacer\"><\/div>\n\n\n\n<h3 class=\"wp-block-heading\">Kommuunide-aegne (1920. aastate l\u00f5pp \u2013 1930. aastate algus) laul&nbsp;<strong>\u201eHead aega, \u00fcksik talu\u2026\u201c<\/strong><\/h3>\n\n\n\n<figure class=\"wp-block-audio\"><audio controls src=\"http:\/\/folklore.ee\/estonka\/wp-content\/uploads\/2020\/08\/9.Head_aega_\u00fcksik_talu.mp3\"><\/audio><\/figure>\n\n\n\n<p>Laulnud&nbsp;<strong>Elfriede Vahter<\/strong>, snd. 1919. a., Tomski oblasti Kasek\u00fclas&nbsp;1993. aastal.<\/p>\n\n\n\n<p>Viide:&nbsp;ERA, FAM 9 (56)<\/p>\n\n\n\n<p class=\"popup sg-popup-id-2047\">LAULU S\u00d5NAD<\/p>\n\n\n\n<hr class=\"wp-block-separator\"\/>\n\n\n\n<div style=\"height:45px\" aria-hidden=\"true\" class=\"wp-block-spacer\"><\/div>\n\n\n\n<h3 class=\"wp-block-heading\">&nbsp;<strong>\u201eSeal v\u00e4ikses kasakate k\u00fclas\u201c<\/strong><\/h3>\n\n\n\n<figure class=\"wp-block-audio\"><audio controls src=\"http:\/\/folklore.ee\/estonka\/wp-content\/uploads\/2020\/08\/10.Seal_vaikses_kasakate_k\u00fclas.mp3\"><\/audio><\/figure>\n\n\n\n<p>Laulnud&nbsp;<strong>Elfriede Vahter<\/strong>, s. 1919. a., Tomski oblasti Kasek\u00fclas&nbsp;2004. aastal.<\/p>\n\n\n\n<p>Viide:&nbsp;ERA, MD 385 (18)<\/p>\n\n\n\n<p class=\"popup sg-popup-id-2048\">LAULU S\u00d5NAD<\/p>\n\n\n\n<hr class=\"wp-block-separator\"\/>\n\n\n\n<h3 class=\"wp-block-heading\"><strong>Vene laul &#8220;\u0422\u043e\u043d\u043a\u0430\u044f \u0440\u044f\u0431\u0438\u043d\u0430&#8221; (Tonkaya ryabina)<\/strong><\/h3>\n\n\n\n<figure class=\"wp-block-audio\"><audio controls src=\"http:\/\/folklore.ee\/estonka\/wp-content\/uploads\/2020\/08\/\u0422\u043e\u043d\u043a\u0430\u044f_\u0440\u044f\u0431\u0438\u043d\u0430.mp3\"><\/audio><\/figure>\n\n\n\n<p>Laulnud Valentina Kokk Vambola k\u00fclast, salvestatud 1994. aastal.<\/p>\n\n\n\n<p>Viide: Eesti Rahvaluule Arhiiv,<\/p>\n\n\n\n<p>FAM 80 (62) &lt; Tomski obl, Z\u00f5rjanskoje raj, Vambola k. &#8211; M.-A. Remmel, A. Tuisk &lt; Valentina Kokk (1994).<\/p>\n","protected":false},"excerpt":{"rendered":"<p>Uuem rahvalaul&nbsp;&#8220;Seal Siberis Baikali taga&#8230;&#8221; Laulnud&nbsp;Roosa Kado&nbsp;K\u00f5\u0161tovka linnast, s\u00fcndinud 1912. a.&nbsp;Nikolajevka k\u00fclas.&nbsp;Salvestatud&nbsp;1999. a. Viide:&nbsp;ERA, CD 290 (3) LAULU S\u00d5NAD &#8220;S\u00fcgisehommik nii vaikne ja vilu&#8230;&#8221; Laulnud&nbsp;Olga J\u00e4nes&nbsp;Sedelnikovoasulast, s\u00fcndinud&nbsp;1928. a. Lillik\u00fclas.&nbsp;Salvestatud&nbsp;1996. a. Viide: ERA, DAT 55 (74) LAULU S\u00d5NAD \u201cOlli mina ilman vaene lats\u2026\u201d Laulnud&nbsp;Olga Raad&nbsp;Estonka k\u00fclast (Omski obl), s\u00fcndinud&nbsp;1915. a. Salvestatud 1996. aastal. Viide: ERA, DAT [&hellip;]<\/p>\n","protected":false},"author":1,"featured_media":2808,"parent":14,"menu_order":0,"comment_status":"closed","ping_status":"closed","template":"","meta":{"footnotes":""},"class_list":["post-107","page","type-page","status-publish","has-post-thumbnail","hentry"],"yoast_head":"<!-- This site is optimized with the Yoast SEO plugin v23.4 - https:\/\/yoast.com\/wordpress\/plugins\/seo\/ -->\n<title>Seltskonnalaulud - Estonka<\/title>\n<meta name=\"robots\" content=\"index, follow, max-snippet:-1, max-image-preview:large, max-video-preview:-1\" \/>\n<link rel=\"canonical\" href=\"https:\/\/folklore.ee\/estonka\/parimus-siberi-eestlaste-laulud\/seltskonnalaulud\/\" \/>\n<meta property=\"og:locale\" content=\"en_US\" \/>\n<meta property=\"og:type\" content=\"article\" \/>\n<meta property=\"og:title\" content=\"Seltskonnalaulud - Estonka\" \/>\n<meta property=\"og:description\" content=\"Uuem rahvalaul&nbsp;&#8220;Seal Siberis Baikali taga&#8230;&#8221; Laulnud&nbsp;Roosa Kado&nbsp;K\u00f5\u0161tovka linnast, s\u00fcndinud 1912. a.&nbsp;Nikolajevka k\u00fclas.&nbsp;Salvestatud&nbsp;1999. a. Viide:&nbsp;ERA, CD 290 (3) LAULU S\u00d5NAD &#8220;S\u00fcgisehommik nii vaikne ja vilu&#8230;&#8221; Laulnud&nbsp;Olga J\u00e4nes&nbsp;Sedelnikovoasulast, s\u00fcndinud&nbsp;1928. a. Lillik\u00fclas.&nbsp;Salvestatud&nbsp;1996. a. Viide: ERA, DAT 55 (74) LAULU S\u00d5NAD \u201cOlli mina ilman vaene lats\u2026\u201d Laulnud&nbsp;Olga Raad&nbsp;Estonka k\u00fclast (Omski obl), s\u00fcndinud&nbsp;1915. a. Salvestatud 1996. aastal. Viide: ERA, DAT [&hellip;]\" \/>\n<meta property=\"og:url\" content=\"https:\/\/folklore.ee\/estonka\/parimus-siberi-eestlaste-laulud\/seltskonnalaulud\/\" \/>\n<meta property=\"og:site_name\" content=\"Estonka\" \/>\n<meta property=\"article:modified_time\" content=\"2021-05-04T06:06:02+00:00\" \/>\n<meta property=\"og:image\" content=\"https:\/\/folklore.ee\/estonka\/wp-content\/uploads\/2021\/05\/df_10479_Krestjanski-naised-laulavad-scaled-e1620108292878.jpg\" \/>\n\t<meta property=\"og:image:width\" content=\"2457\" \/>\n\t<meta property=\"og:image:height\" content=\"966\" \/>\n\t<meta property=\"og:image:type\" content=\"image\/jpeg\" \/>\n<meta name=\"twitter:card\" content=\"summary_large_image\" \/>\n<meta name=\"twitter:label1\" content=\"Est. reading time\" \/>\n\t<meta name=\"twitter:data1\" content=\"2 minutes\" \/>\n<script type=\"application\/ld+json\" class=\"yoast-schema-graph\">{\"@context\":\"https:\/\/schema.org\",\"@graph\":[{\"@type\":\"WebPage\",\"@id\":\"https:\/\/folklore.ee\/estonka\/parimus-siberi-eestlaste-laulud\/seltskonnalaulud\/\",\"url\":\"https:\/\/folklore.ee\/estonka\/parimus-siberi-eestlaste-laulud\/seltskonnalaulud\/\",\"name\":\"Seltskonnalaulud - Estonka\",\"isPartOf\":{\"@id\":\"https:\/\/folklore.ee\/estonka\/#website\"},\"primaryImageOfPage\":{\"@id\":\"https:\/\/folklore.ee\/estonka\/parimus-siberi-eestlaste-laulud\/seltskonnalaulud\/#primaryimage\"},\"image\":{\"@id\":\"https:\/\/folklore.ee\/estonka\/parimus-siberi-eestlaste-laulud\/seltskonnalaulud\/#primaryimage\"},\"thumbnailUrl\":\"https:\/\/folklore.ee\/estonka\/wp-content\/uploads\/2021\/05\/df_10479_Krestjanski-naised-laulavad-scaled-e1620108292878.jpg\",\"datePublished\":\"2020-07-27T10:01:52+00:00\",\"dateModified\":\"2021-05-04T06:06:02+00:00\",\"breadcrumb\":{\"@id\":\"https:\/\/folklore.ee\/estonka\/parimus-siberi-eestlaste-laulud\/seltskonnalaulud\/#breadcrumb\"},\"inLanguage\":\"en-US\",\"potentialAction\":[{\"@type\":\"ReadAction\",\"target\":[\"https:\/\/folklore.ee\/estonka\/parimus-siberi-eestlaste-laulud\/seltskonnalaulud\/\"]}]},{\"@type\":\"ImageObject\",\"inLanguage\":\"en-US\",\"@id\":\"https:\/\/folklore.ee\/estonka\/parimus-siberi-eestlaste-laulud\/seltskonnalaulud\/#primaryimage\",\"url\":\"https:\/\/folklore.ee\/estonka\/wp-content\/uploads\/2021\/05\/df_10479_Krestjanski-naised-laulavad-scaled-e1620108292878.jpg\",\"contentUrl\":\"https:\/\/folklore.ee\/estonka\/wp-content\/uploads\/2021\/05\/df_10479_Krestjanski-naised-laulavad-scaled-e1620108292878.jpg\",\"width\":2457,\"height\":966},{\"@type\":\"BreadcrumbList\",\"@id\":\"https:\/\/folklore.ee\/estonka\/parimus-siberi-eestlaste-laulud\/seltskonnalaulud\/#breadcrumb\",\"itemListElement\":[{\"@type\":\"ListItem\",\"position\":1,\"name\":\"Avaleht\",\"item\":\"https:\/\/folklore.ee\/estonka\/\"},{\"@type\":\"ListItem\",\"position\":2,\"name\":\"P\u00e4rimus: Siberi eestlaste laulud\",\"item\":\"https:\/\/folklore.ee\/estonka\/parimus-siberi-eestlaste-laulud\/\"},{\"@type\":\"ListItem\",\"position\":3,\"name\":\"Seltskonnalaulud\"}]},{\"@type\":\"WebSite\",\"@id\":\"https:\/\/folklore.ee\/estonka\/#website\",\"url\":\"https:\/\/folklore.ee\/estonka\/\",\"name\":\"Estonka\",\"description\":\"Just another WordPress site\",\"potentialAction\":[{\"@type\":\"SearchAction\",\"target\":{\"@type\":\"EntryPoint\",\"urlTemplate\":\"https:\/\/folklore.ee\/estonka\/?s={search_term_string}\"},\"query-input\":{\"@type\":\"PropertyValueSpecification\",\"valueRequired\":true,\"valueName\":\"search_term_string\"}}],\"inLanguage\":\"en-US\"}]}<\/script>\n<!-- \/ Yoast SEO plugin. -->","yoast_head_json":{"title":"Seltskonnalaulud - Estonka","robots":{"index":"index","follow":"follow","max-snippet":"max-snippet:-1","max-image-preview":"max-image-preview:large","max-video-preview":"max-video-preview:-1"},"canonical":"https:\/\/folklore.ee\/estonka\/parimus-siberi-eestlaste-laulud\/seltskonnalaulud\/","og_locale":"en_US","og_type":"article","og_title":"Seltskonnalaulud - Estonka","og_description":"Uuem rahvalaul&nbsp;&#8220;Seal Siberis Baikali taga&#8230;&#8221; Laulnud&nbsp;Roosa Kado&nbsp;K\u00f5\u0161tovka linnast, s\u00fcndinud 1912. a.&nbsp;Nikolajevka k\u00fclas.&nbsp;Salvestatud&nbsp;1999. a. Viide:&nbsp;ERA, CD 290 (3) LAULU S\u00d5NAD &#8220;S\u00fcgisehommik nii vaikne ja vilu&#8230;&#8221; Laulnud&nbsp;Olga J\u00e4nes&nbsp;Sedelnikovoasulast, s\u00fcndinud&nbsp;1928. a. Lillik\u00fclas.&nbsp;Salvestatud&nbsp;1996. a. Viide: ERA, DAT 55 (74) LAULU S\u00d5NAD \u201cOlli mina ilman vaene lats\u2026\u201d Laulnud&nbsp;Olga Raad&nbsp;Estonka k\u00fclast (Omski obl), s\u00fcndinud&nbsp;1915. a. Salvestatud 1996. aastal. Viide: ERA, DAT [&hellip;]","og_url":"https:\/\/folklore.ee\/estonka\/parimus-siberi-eestlaste-laulud\/seltskonnalaulud\/","og_site_name":"Estonka","article_modified_time":"2021-05-04T06:06:02+00:00","og_image":[{"width":2457,"height":966,"url":"https:\/\/folklore.ee\/estonka\/wp-content\/uploads\/2021\/05\/df_10479_Krestjanski-naised-laulavad-scaled-e1620108292878.jpg","type":"image\/jpeg"}],"twitter_card":"summary_large_image","twitter_misc":{"Est. reading time":"2 minutes"},"schema":{"@context":"https:\/\/schema.org","@graph":[{"@type":"WebPage","@id":"https:\/\/folklore.ee\/estonka\/parimus-siberi-eestlaste-laulud\/seltskonnalaulud\/","url":"https:\/\/folklore.ee\/estonka\/parimus-siberi-eestlaste-laulud\/seltskonnalaulud\/","name":"Seltskonnalaulud - Estonka","isPartOf":{"@id":"https:\/\/folklore.ee\/estonka\/#website"},"primaryImageOfPage":{"@id":"https:\/\/folklore.ee\/estonka\/parimus-siberi-eestlaste-laulud\/seltskonnalaulud\/#primaryimage"},"image":{"@id":"https:\/\/folklore.ee\/estonka\/parimus-siberi-eestlaste-laulud\/seltskonnalaulud\/#primaryimage"},"thumbnailUrl":"https:\/\/folklore.ee\/estonka\/wp-content\/uploads\/2021\/05\/df_10479_Krestjanski-naised-laulavad-scaled-e1620108292878.jpg","datePublished":"2020-07-27T10:01:52+00:00","dateModified":"2021-05-04T06:06:02+00:00","breadcrumb":{"@id":"https:\/\/folklore.ee\/estonka\/parimus-siberi-eestlaste-laulud\/seltskonnalaulud\/#breadcrumb"},"inLanguage":"en-US","potentialAction":[{"@type":"ReadAction","target":["https:\/\/folklore.ee\/estonka\/parimus-siberi-eestlaste-laulud\/seltskonnalaulud\/"]}]},{"@type":"ImageObject","inLanguage":"en-US","@id":"https:\/\/folklore.ee\/estonka\/parimus-siberi-eestlaste-laulud\/seltskonnalaulud\/#primaryimage","url":"https:\/\/folklore.ee\/estonka\/wp-content\/uploads\/2021\/05\/df_10479_Krestjanski-naised-laulavad-scaled-e1620108292878.jpg","contentUrl":"https:\/\/folklore.ee\/estonka\/wp-content\/uploads\/2021\/05\/df_10479_Krestjanski-naised-laulavad-scaled-e1620108292878.jpg","width":2457,"height":966},{"@type":"BreadcrumbList","@id":"https:\/\/folklore.ee\/estonka\/parimus-siberi-eestlaste-laulud\/seltskonnalaulud\/#breadcrumb","itemListElement":[{"@type":"ListItem","position":1,"name":"Avaleht","item":"https:\/\/folklore.ee\/estonka\/"},{"@type":"ListItem","position":2,"name":"P\u00e4rimus: Siberi eestlaste laulud","item":"https:\/\/folklore.ee\/estonka\/parimus-siberi-eestlaste-laulud\/"},{"@type":"ListItem","position":3,"name":"Seltskonnalaulud"}]},{"@type":"WebSite","@id":"https:\/\/folklore.ee\/estonka\/#website","url":"https:\/\/folklore.ee\/estonka\/","name":"Estonka","description":"Just another WordPress site","potentialAction":[{"@type":"SearchAction","target":{"@type":"EntryPoint","urlTemplate":"https:\/\/folklore.ee\/estonka\/?s={search_term_string}"},"query-input":{"@type":"PropertyValueSpecification","valueRequired":true,"valueName":"search_term_string"}}],"inLanguage":"en-US"}]}},"_links":{"self":[{"href":"https:\/\/folklore.ee\/estonka\/wp-json\/wp\/v2\/pages\/107"}],"collection":[{"href":"https:\/\/folklore.ee\/estonka\/wp-json\/wp\/v2\/pages"}],"about":[{"href":"https:\/\/folklore.ee\/estonka\/wp-json\/wp\/v2\/types\/page"}],"author":[{"embeddable":true,"href":"https:\/\/folklore.ee\/estonka\/wp-json\/wp\/v2\/users\/1"}],"replies":[{"embeddable":true,"href":"https:\/\/folklore.ee\/estonka\/wp-json\/wp\/v2\/comments?post=107"}],"version-history":[{"count":7,"href":"https:\/\/folklore.ee\/estonka\/wp-json\/wp\/v2\/pages\/107\/revisions"}],"predecessor-version":[{"id":2754,"href":"https:\/\/folklore.ee\/estonka\/wp-json\/wp\/v2\/pages\/107\/revisions\/2754"}],"up":[{"embeddable":true,"href":"https:\/\/folklore.ee\/estonka\/wp-json\/wp\/v2\/pages\/14"}],"wp:featuredmedia":[{"embeddable":true,"href":"https:\/\/folklore.ee\/estonka\/wp-json\/wp\/v2\/media\/2808"}],"wp:attachment":[{"href":"https:\/\/folklore.ee\/estonka\/wp-json\/wp\/v2\/media?parent=107"}],"curies":[{"name":"wp","href":"https:\/\/api.w.org\/{rel}","templated":true}]}}