{"id":111,"date":"2020-07-27T10:02:23","date_gmt":"2020-07-27T10:02:23","guid":{"rendered":"http:\/\/folklore.ee\/estonka\/?page_id=111"},"modified":"2021-05-04T11:34:35","modified_gmt":"2021-05-04T11:34:35","slug":"lastelaulud","status":"publish","type":"page","link":"https:\/\/folklore.ee\/estonka\/parimus-siberi-eestlaste-laulud\/lastelaulud\/","title":{"rendered":"Lastelaulud"},"content":{"rendered":"\n<h3 class=\"wp-block-heading\"><strong>Uni tule uilates&#8230;<\/strong><\/h3>\n\n\n\n<figure class=\"wp-block-audio\"><audio controls src=\"http:\/\/folklore.ee\/estonka\/wp-content\/uploads\/2020\/08\/1.Uni_tule_uilates.mp3\"><\/audio><\/figure>\n\n\n\n<p>Laulnud Minni Lassman&nbsp;Kasek\u00fclast 1993. aastal.<\/p>\n\n\n\n<p>Viide: ERA, DAT 9 (6)<\/p>\n\n\n\n<hr class=\"wp-block-separator\"\/>\n\n\n\n<div style=\"height:45px\" aria-hidden=\"true\" class=\"wp-block-spacer\"><\/div>\n\n\n\n<h3 class=\"wp-block-heading\"><strong>\u00c4ia-p\u00fcia-tuia, lase kiigul&#8230;<\/strong><\/h3>\n\n\n\n<figure class=\"wp-block-audio\"><audio controls src=\"http:\/\/folklore.ee\/estonka\/wp-content\/uploads\/2020\/08\/2.Aia_pyia_tuia_lase_kiigul.mp3\"><\/audio><\/figure>\n\n\n\n<p>Laulnud Minni Lassman Kasek\u00fclast 1993. aastal.<\/p>\n\n\n\n<p>Viide: ERA, DAT 9 (7)<\/p>\n\n\n\n<hr class=\"wp-block-separator\"\/>\n\n\n\n<div style=\"height:45px\" aria-hidden=\"true\" class=\"wp-block-spacer\"><\/div>\n\n\n\n<h3 class=\"wp-block-heading\"><strong>\u00c4iu-\u00e4iu, kussu-kussu&#8230;<\/strong><\/h3>\n\n\n\n<figure class=\"wp-block-audio\"><audio controls src=\"http:\/\/folklore.ee\/estonka\/wp-content\/uploads\/2020\/08\/3.Aiu_aiu_kussu_kussu.mp3\"><\/audio><\/figure>\n\n\n\n<p>Laulnud Adeele Kruuberg&nbsp;Kasek\u00fclast 1993. aastal.<\/p>\n\n\n\n<p>Viide: ERA, FAM 1 (32)<\/p>\n\n\n\n<hr class=\"wp-block-separator\"\/>\n\n\n\n<div style=\"height:45px\" aria-hidden=\"true\" class=\"wp-block-spacer\"><\/div>\n\n\n\n<h3 class=\"wp-block-heading\"><strong>Prileteli zuravli&#8230;<\/strong><\/h3>\n\n\n\n<figure class=\"wp-block-audio\"><audio controls src=\"http:\/\/folklore.ee\/estonka\/wp-content\/uploads\/2020\/08\/4.Prileteli_zuravli.mp3\"><\/audio><\/figure>\n\n\n\n<p>Laulnud Ida S\u00f5rmus Semjonovka k\u00fclast 1995. aastal.<\/p>\n\n\n\n<p>Viide: ERA, DAT 25 (58)<\/p>\n\n\n\n<hr class=\"wp-block-separator\"\/>\n\n\n\n<div style=\"height:45px\" aria-hidden=\"true\" class=\"wp-block-spacer\"><\/div>\n\n\n\n<h3 class=\"wp-block-heading\"><strong>Kutsa l\u00e4ts m\u00f5tsa&#8230;<\/strong><\/h3>\n\n\n\n<figure class=\"wp-block-audio\"><audio controls src=\"http:\/\/folklore.ee\/estonka\/wp-content\/uploads\/2020\/08\/5.Kutsa_lats_motsa.mp3\"><\/audio><\/figure>\n\n\n\n<p>Laulnud Ida S\u00f5rmus Semjonovka k\u00fclast&nbsp;1995. aastal.<\/p>\n\n\n\n<p>Viide: ERA, DAT 25 (66)<\/p>\n\n\n\n<p class=\"popup sg-popup-id-2084\">LAULU S\u00d5NAD<\/p>\n\n\n\n<hr class=\"wp-block-separator\"\/>\n\n\n\n<div style=\"height:45px\" aria-hidden=\"true\" class=\"wp-block-spacer\"><\/div>\n\n\n\n<h3 class=\"wp-block-heading\"><strong>Ptruu-ptruu&#8230;<\/strong><\/h3>\n\n\n\n<figure class=\"wp-block-audio\"><audio controls src=\"http:\/\/folklore.ee\/estonka\/wp-content\/uploads\/2020\/08\/6.Ptruu-ptruu.mp3\"><\/audio><\/figure>\n\n\n\n<p>Laulnud Maali Jauk&nbsp;Lillik\u00fclast 1996. aastal.<\/p>\n\n\n\n<p>&nbsp;Viide: ERA, DAT 59 (23)<\/p>\n\n\n\n<hr class=\"wp-block-separator\"\/>\n\n\n\n<div style=\"height:45px\" aria-hidden=\"true\" class=\"wp-block-spacer\"><\/div>\n\n\n\n<h3 class=\"wp-block-heading\"><strong>Tii-tii-tigalane&#8230;<\/strong><\/h3>\n\n\n\n<figure class=\"wp-block-audio\"><audio controls src=\"http:\/\/folklore.ee\/estonka\/wp-content\/uploads\/2020\/08\/7.Tii-tii-tigalane.mp3\"><\/audio><\/figure>\n\n\n\n<p>Laulnud Maali Jauk&nbsp;Lillik\u00fclast 1996. aastal.<\/p>\n\n\n\n<p>Viide: ERA, DAT 59 (25)<\/p>\n\n\n\n<hr class=\"wp-block-separator\"\/>\n\n\n\n<div style=\"height:45px\" aria-hidden=\"true\" class=\"wp-block-spacer\"><\/div>\n\n\n\n<h3 class=\"wp-block-heading\"><strong>Uni, tule uksest tuppa&#8230;<\/strong><\/h3>\n\n\n\n<figure class=\"wp-block-audio\"><audio controls src=\"http:\/\/folklore.ee\/estonka\/wp-content\/uploads\/2020\/08\/8.Uni_tule_uksest_tuppa.mp3\"><\/audio><\/figure>\n\n\n\n<p>Laulnud Miina Iisberg \u00dclem-Suetuki k\u00fclast 1992. aastal.<\/p>\n\n\n\n<p>Viide: RKM, Mgn II 4383 (19)<\/p>\n\n\n\n<hr class=\"wp-block-separator\"\/>\n\n\n\n<div style=\"height:45px\" aria-hidden=\"true\" class=\"wp-block-spacer\"><\/div>\n\n\n\n<h3 class=\"wp-block-heading\"><strong>Tie kakku, kasta saia&#8230;<\/strong><\/h3>\n\n\n\n<figure class=\"wp-block-audio\"><audio controls src=\"http:\/\/folklore.ee\/estonka\/wp-content\/uploads\/2020\/08\/9.Tie_kakku_kasta_saia.mp3\"><\/audio><\/figure>\n\n\n\n<p>Laulnud Maali Pool \u00dclem-Suetuki k\u00fclast 1992. aastal.<\/p>\n\n\n\n<p>Viide: RKM, Mgn. II 4377 (49)<\/p>\n\n\n\n<p class=\"popup sg-popup-id-2080\">LAULU S\u00d5NAD<\/p>\n\n\n\n<hr class=\"wp-block-separator\"\/>\n\n\n\n<div style=\"height:45px\" aria-hidden=\"true\" class=\"wp-block-spacer\"><\/div>\n\n\n\n<h3 class=\"wp-block-heading\"><strong>Paiu-paiu, paiu-paiu&#8230;<\/strong><\/h3>\n\n\n\n<figure class=\"wp-block-audio\"><audio controls src=\"http:\/\/folklore.ee\/estonka\/wp-content\/uploads\/2020\/08\/10.Paiu-paiu_paiu-paiu.mp3\"><\/audio><\/figure>\n\n\n\n<p>Laulnud Miina Jansa \u00dclem-Suetuki k\u00fclast 1992. a.<\/p>\n\n\n\n<p>Viide: RKM, Mgn. II 4374 (16)<\/p>\n\n\n\n<p class=\"popup sg-popup-id-2082\">LAULU S\u00d5NAD<\/p>\n\n\n\n<hr class=\"wp-block-separator\"\/>\n\n\n\n<div style=\"height:45px\" aria-hidden=\"true\" class=\"wp-block-spacer\"><\/div>\n\n\n\n<h3 class=\"wp-block-heading\"><strong>Uni tule uksest sisse&#8230;<\/strong><\/h3>\n\n\n\n<figure class=\"wp-block-audio\"><audio controls src=\"http:\/\/folklore.ee\/estonka\/wp-content\/uploads\/2020\/08\/11.Uni_tule_uksest_sisse.mp3\"><\/audio><\/figure>\n\n\n\n<p>&nbsp;Laulnud Konstantin Konstantinov \u00dclem-Suetuki k\u00fclast&nbsp;1999. aastal.<\/p>\n\n\n\n<p>Viide: ERA, MD 986, 57:45<\/p>\n\n\n\n<hr class=\"wp-block-separator\"\/>\n\n\n\n<div style=\"height:45px\" aria-hidden=\"true\" class=\"wp-block-spacer\"><\/div>\n\n\n\n<h3 class=\"wp-block-heading\"><strong>Tallekene h\u00fcppab\u2026<\/strong><\/h3>\n\n\n\n<figure class=\"wp-block-audio\"><audio controls src=\"http:\/\/folklore.ee\/estonka\/wp-content\/uploads\/2020\/08\/12.Tallekene_hyppab.mp3\"><\/audio><\/figure>\n\n\n\n<p>Laulnud Emilia Naarits ja Maria Vedom R\u00f5\u017ekovo k\u00fclast 1999. aastal.<\/p>\n\n\n\n<p>Viide: ERA, CD 304 (7)<\/p>\n\n\n\n<hr class=\"wp-block-separator\"\/>\n\n\n\n<div style=\"height:45px\" aria-hidden=\"true\" class=\"wp-block-spacer\"><\/div>\n\n\n\n<h3 class=\"wp-block-heading\"><strong>Kukko ja kana&#8230;<\/strong><\/h3>\n\n\n\n<figure class=\"wp-block-audio\"><audio controls src=\"http:\/\/folklore.ee\/estonka\/wp-content\/uploads\/2020\/08\/13.Kukko_ja_kana.mp3\"><\/audio><\/figure>\n\n\n\n<p>Laulnud Maria Vedom R\u00f5\u017ekovo k\u00fclast 1999. aastal.&nbsp;<\/p>\n\n\n\n<p>Viide: ERA, CD 308 (1)<\/p>\n\n\n\n<hr class=\"wp-block-separator\"\/>\n\n\n\n<div style=\"height:45px\" aria-hidden=\"true\" class=\"wp-block-spacer\"><\/div>\n\n\n\n<h3 class=\"wp-block-heading\"><strong>\u00c4ia-\u00e4ia, \u00e4mma lammas&#8230;<\/strong><\/h3>\n\n\n\n<figure class=\"wp-block-audio\"><audio controls src=\"http:\/\/folklore.ee\/estonka\/wp-content\/uploads\/2020\/08\/14.Aia-aia_amma_lammas.mp3\"><\/audio><\/figure>\n\n\n\n<p>Laulnud Olga Raad Estonka k\u00fclast (Omski obl) 1996. aastal.<\/p>\n\n\n\n<p>Viide: FA, DAT 51 (6)<\/p>\n\n\n\n<p class=\"popup sg-popup-id-2083\">LAULU S\u00d5NAD<\/p>\n\n\n\n<hr class=\"wp-block-separator\"\/>\n\n\n\n<div style=\"height:45px\" aria-hidden=\"true\" class=\"wp-block-spacer\"><\/div>\n\n\n\n<h3 class=\"wp-block-heading\"><strong>Uad-herned \u00f5itsvad&#8230;<\/strong><\/h3>\n\n\n\n<figure class=\"wp-block-audio\"><audio controls src=\"http:\/\/folklore.ee\/estonka\/wp-content\/uploads\/2020\/08\/15.Uad-herned_oitsvad.mp3\"><\/audio><\/figure>\n\n\n\n<p>Laulnud Irina J\u00e4rvson&nbsp;Tsvetnopolje k\u00fclast&nbsp;1997. aastal<\/p>\n\n\n\n<p>Viide: ERA, CD 3 (11)<\/p>\n\n\n\n<hr class=\"wp-block-separator\"\/>\n\n\n\n<div style=\"height:45px\" aria-hidden=\"true\" class=\"wp-block-spacer\"><\/div>\n\n\n\n<h3 class=\"wp-block-heading\"><strong>\u00c4iu-tuia, lase kiigel&#8230;<\/strong><\/h3>\n\n\n\n<figure class=\"wp-block-audio\"><audio controls src=\"http:\/\/folklore.ee\/estonka\/wp-content\/uploads\/2020\/08\/16.Aiu-tuia_lase_kiigel.mp3\"><\/audio><\/figure>\n\n\n\n<p>Laulnud Maria Guljova&nbsp;Tsvetnopolje k\u00fclast&nbsp;1997. aastal.<\/p>\n\n\n\n<p>Viide: ERA, CD 5 (3)<\/p>\n\n\n\n<hr class=\"wp-block-separator\"\/>\n\n\n\n<div style=\"height:45px\" aria-hidden=\"true\" class=\"wp-block-spacer\"><\/div>\n\n\n\n<h3 class=\"wp-block-heading\"><strong>Vaadake-vaadake, mis meil toodi&#8230;.<\/strong><\/h3>\n\n\n\n<figure class=\"wp-block-audio\"><audio controls src=\"http:\/\/folklore.ee\/estonka\/wp-content\/uploads\/2020\/08\/17.Vaadake-vaadake_mis_meil_toodi.mp3\"><\/audio><\/figure>\n\n\n\n<p>Laulnud Maria Guljova Tsvetnopolje k\u00fclast&nbsp;1997. aastal.<\/p>\n\n\n\n<p>Viide: ERA, CD 5 (4)<\/p>\n\n\n\n<hr class=\"wp-block-separator\"\/>\n","protected":false},"excerpt":{"rendered":"<p>Uni tule uilates&#8230; Laulnud Minni Lassman&nbsp;Kasek\u00fclast 1993. aastal. Viide: ERA, DAT 9 (6) \u00c4ia-p\u00fcia-tuia, lase kiigul&#8230; Laulnud Minni Lassman Kasek\u00fclast 1993. aastal. Viide: ERA, DAT 9 (7) \u00c4iu-\u00e4iu, kussu-kussu&#8230; Laulnud Adeele Kruuberg&nbsp;Kasek\u00fclast 1993. aastal. Viide: ERA, FAM 1 (32) Prileteli zuravli&#8230; Laulnud Ida S\u00f5rmus Semjonovka k\u00fclast 1995. aastal. Viide: ERA, DAT 25 (58) Kutsa l\u00e4ts [&hellip;]<\/p>\n","protected":false},"author":1,"featured_media":2840,"parent":14,"menu_order":0,"comment_status":"closed","ping_status":"closed","template":"","meta":{"footnotes":""},"class_list":["post-111","page","type-page","status-publish","has-post-thumbnail","hentry"],"yoast_head":"<!-- This site is optimized with the Yoast SEO plugin v23.4 - https:\/\/yoast.com\/wordpress\/plugins\/seo\/ -->\n<title>Lastelaulud - Estonka<\/title>\n<meta name=\"robots\" content=\"index, follow, max-snippet:-1, max-image-preview:large, max-video-preview:-1\" \/>\n<link rel=\"canonical\" href=\"https:\/\/folklore.ee\/estonka\/parimus-siberi-eestlaste-laulud\/lastelaulud\/\" \/>\n<meta property=\"og:locale\" content=\"en_US\" \/>\n<meta property=\"og:type\" content=\"article\" \/>\n<meta property=\"og:title\" content=\"Lastelaulud - Estonka\" \/>\n<meta property=\"og:description\" content=\"Uni tule uilates&#8230; Laulnud Minni Lassman&nbsp;Kasek\u00fclast 1993. aastal. Viide: ERA, DAT 9 (6) \u00c4ia-p\u00fcia-tuia, lase kiigul&#8230; Laulnud Minni Lassman Kasek\u00fclast 1993. aastal. Viide: ERA, DAT 9 (7) \u00c4iu-\u00e4iu, kussu-kussu&#8230; Laulnud Adeele Kruuberg&nbsp;Kasek\u00fclast 1993. aastal. Viide: ERA, FAM 1 (32) Prileteli zuravli&#8230; Laulnud Ida S\u00f5rmus Semjonovka k\u00fclast 1995. aastal. Viide: ERA, DAT 25 (58) Kutsa l\u00e4ts [&hellip;]\" \/>\n<meta property=\"og:url\" content=\"https:\/\/folklore.ee\/estonka\/parimus-siberi-eestlaste-laulud\/lastelaulud\/\" \/>\n<meta property=\"og:site_name\" content=\"Estonka\" \/>\n<meta property=\"article:modified_time\" content=\"2021-05-04T11:34:35+00:00\" \/>\n<meta property=\"og:image\" content=\"https:\/\/folklore.ee\/estonka\/wp-content\/uploads\/2021\/05\/DF_08954_cr.jpg\" \/>\n\t<meta property=\"og:image:width\" content=\"1920\" \/>\n\t<meta property=\"og:image:height\" content=\"510\" \/>\n\t<meta property=\"og:image:type\" content=\"image\/jpeg\" \/>\n<meta name=\"twitter:card\" content=\"summary_large_image\" \/>\n<meta name=\"twitter:label1\" content=\"Est. reading time\" \/>\n\t<meta name=\"twitter:data1\" content=\"1 minute\" \/>\n<script type=\"application\/ld+json\" class=\"yoast-schema-graph\">{\"@context\":\"https:\/\/schema.org\",\"@graph\":[{\"@type\":\"WebPage\",\"@id\":\"https:\/\/folklore.ee\/estonka\/parimus-siberi-eestlaste-laulud\/lastelaulud\/\",\"url\":\"https:\/\/folklore.ee\/estonka\/parimus-siberi-eestlaste-laulud\/lastelaulud\/\",\"name\":\"Lastelaulud - Estonka\",\"isPartOf\":{\"@id\":\"https:\/\/folklore.ee\/estonka\/#website\"},\"primaryImageOfPage\":{\"@id\":\"https:\/\/folklore.ee\/estonka\/parimus-siberi-eestlaste-laulud\/lastelaulud\/#primaryimage\"},\"image\":{\"@id\":\"https:\/\/folklore.ee\/estonka\/parimus-siberi-eestlaste-laulud\/lastelaulud\/#primaryimage\"},\"thumbnailUrl\":\"https:\/\/folklore.ee\/estonka\/wp-content\/uploads\/2021\/05\/DF_08954_cr.jpg\",\"datePublished\":\"2020-07-27T10:02:23+00:00\",\"dateModified\":\"2021-05-04T11:34:35+00:00\",\"breadcrumb\":{\"@id\":\"https:\/\/folklore.ee\/estonka\/parimus-siberi-eestlaste-laulud\/lastelaulud\/#breadcrumb\"},\"inLanguage\":\"en-US\",\"potentialAction\":[{\"@type\":\"ReadAction\",\"target\":[\"https:\/\/folklore.ee\/estonka\/parimus-siberi-eestlaste-laulud\/lastelaulud\/\"]}]},{\"@type\":\"ImageObject\",\"inLanguage\":\"en-US\",\"@id\":\"https:\/\/folklore.ee\/estonka\/parimus-siberi-eestlaste-laulud\/lastelaulud\/#primaryimage\",\"url\":\"https:\/\/folklore.ee\/estonka\/wp-content\/uploads\/2021\/05\/DF_08954_cr.jpg\",\"contentUrl\":\"https:\/\/folklore.ee\/estonka\/wp-content\/uploads\/2021\/05\/DF_08954_cr.jpg\",\"width\":1920,\"height\":510},{\"@type\":\"BreadcrumbList\",\"@id\":\"https:\/\/folklore.ee\/estonka\/parimus-siberi-eestlaste-laulud\/lastelaulud\/#breadcrumb\",\"itemListElement\":[{\"@type\":\"ListItem\",\"position\":1,\"name\":\"Avaleht\",\"item\":\"https:\/\/folklore.ee\/estonka\/\"},{\"@type\":\"ListItem\",\"position\":2,\"name\":\"P\u00e4rimus: Siberi eestlaste laulud\",\"item\":\"https:\/\/folklore.ee\/estonka\/parimus-siberi-eestlaste-laulud\/\"},{\"@type\":\"ListItem\",\"position\":3,\"name\":\"Lastelaulud\"}]},{\"@type\":\"WebSite\",\"@id\":\"https:\/\/folklore.ee\/estonka\/#website\",\"url\":\"https:\/\/folklore.ee\/estonka\/\",\"name\":\"Estonka\",\"description\":\"Just another WordPress site\",\"potentialAction\":[{\"@type\":\"SearchAction\",\"target\":{\"@type\":\"EntryPoint\",\"urlTemplate\":\"https:\/\/folklore.ee\/estonka\/?s={search_term_string}\"},\"query-input\":{\"@type\":\"PropertyValueSpecification\",\"valueRequired\":true,\"valueName\":\"search_term_string\"}}],\"inLanguage\":\"en-US\"}]}<\/script>\n<!-- \/ Yoast SEO plugin. -->","yoast_head_json":{"title":"Lastelaulud - Estonka","robots":{"index":"index","follow":"follow","max-snippet":"max-snippet:-1","max-image-preview":"max-image-preview:large","max-video-preview":"max-video-preview:-1"},"canonical":"https:\/\/folklore.ee\/estonka\/parimus-siberi-eestlaste-laulud\/lastelaulud\/","og_locale":"en_US","og_type":"article","og_title":"Lastelaulud - Estonka","og_description":"Uni tule uilates&#8230; Laulnud Minni Lassman&nbsp;Kasek\u00fclast 1993. aastal. Viide: ERA, DAT 9 (6) \u00c4ia-p\u00fcia-tuia, lase kiigul&#8230; Laulnud Minni Lassman Kasek\u00fclast 1993. aastal. Viide: ERA, DAT 9 (7) \u00c4iu-\u00e4iu, kussu-kussu&#8230; Laulnud Adeele Kruuberg&nbsp;Kasek\u00fclast 1993. aastal. Viide: ERA, FAM 1 (32) Prileteli zuravli&#8230; Laulnud Ida S\u00f5rmus Semjonovka k\u00fclast 1995. aastal. Viide: ERA, DAT 25 (58) Kutsa l\u00e4ts [&hellip;]","og_url":"https:\/\/folklore.ee\/estonka\/parimus-siberi-eestlaste-laulud\/lastelaulud\/","og_site_name":"Estonka","article_modified_time":"2021-05-04T11:34:35+00:00","og_image":[{"width":1920,"height":510,"url":"https:\/\/folklore.ee\/estonka\/wp-content\/uploads\/2021\/05\/DF_08954_cr.jpg","type":"image\/jpeg"}],"twitter_card":"summary_large_image","twitter_misc":{"Est. reading time":"1 minute"},"schema":{"@context":"https:\/\/schema.org","@graph":[{"@type":"WebPage","@id":"https:\/\/folklore.ee\/estonka\/parimus-siberi-eestlaste-laulud\/lastelaulud\/","url":"https:\/\/folklore.ee\/estonka\/parimus-siberi-eestlaste-laulud\/lastelaulud\/","name":"Lastelaulud - Estonka","isPartOf":{"@id":"https:\/\/folklore.ee\/estonka\/#website"},"primaryImageOfPage":{"@id":"https:\/\/folklore.ee\/estonka\/parimus-siberi-eestlaste-laulud\/lastelaulud\/#primaryimage"},"image":{"@id":"https:\/\/folklore.ee\/estonka\/parimus-siberi-eestlaste-laulud\/lastelaulud\/#primaryimage"},"thumbnailUrl":"https:\/\/folklore.ee\/estonka\/wp-content\/uploads\/2021\/05\/DF_08954_cr.jpg","datePublished":"2020-07-27T10:02:23+00:00","dateModified":"2021-05-04T11:34:35+00:00","breadcrumb":{"@id":"https:\/\/folklore.ee\/estonka\/parimus-siberi-eestlaste-laulud\/lastelaulud\/#breadcrumb"},"inLanguage":"en-US","potentialAction":[{"@type":"ReadAction","target":["https:\/\/folklore.ee\/estonka\/parimus-siberi-eestlaste-laulud\/lastelaulud\/"]}]},{"@type":"ImageObject","inLanguage":"en-US","@id":"https:\/\/folklore.ee\/estonka\/parimus-siberi-eestlaste-laulud\/lastelaulud\/#primaryimage","url":"https:\/\/folklore.ee\/estonka\/wp-content\/uploads\/2021\/05\/DF_08954_cr.jpg","contentUrl":"https:\/\/folklore.ee\/estonka\/wp-content\/uploads\/2021\/05\/DF_08954_cr.jpg","width":1920,"height":510},{"@type":"BreadcrumbList","@id":"https:\/\/folklore.ee\/estonka\/parimus-siberi-eestlaste-laulud\/lastelaulud\/#breadcrumb","itemListElement":[{"@type":"ListItem","position":1,"name":"Avaleht","item":"https:\/\/folklore.ee\/estonka\/"},{"@type":"ListItem","position":2,"name":"P\u00e4rimus: Siberi eestlaste laulud","item":"https:\/\/folklore.ee\/estonka\/parimus-siberi-eestlaste-laulud\/"},{"@type":"ListItem","position":3,"name":"Lastelaulud"}]},{"@type":"WebSite","@id":"https:\/\/folklore.ee\/estonka\/#website","url":"https:\/\/folklore.ee\/estonka\/","name":"Estonka","description":"Just another WordPress site","potentialAction":[{"@type":"SearchAction","target":{"@type":"EntryPoint","urlTemplate":"https:\/\/folklore.ee\/estonka\/?s={search_term_string}"},"query-input":{"@type":"PropertyValueSpecification","valueRequired":true,"valueName":"search_term_string"}}],"inLanguage":"en-US"}]}},"_links":{"self":[{"href":"https:\/\/folklore.ee\/estonka\/wp-json\/wp\/v2\/pages\/111"}],"collection":[{"href":"https:\/\/folklore.ee\/estonka\/wp-json\/wp\/v2\/pages"}],"about":[{"href":"https:\/\/folklore.ee\/estonka\/wp-json\/wp\/v2\/types\/page"}],"author":[{"embeddable":true,"href":"https:\/\/folklore.ee\/estonka\/wp-json\/wp\/v2\/users\/1"}],"replies":[{"embeddable":true,"href":"https:\/\/folklore.ee\/estonka\/wp-json\/wp\/v2\/comments?post=111"}],"version-history":[{"count":4,"href":"https:\/\/folklore.ee\/estonka\/wp-json\/wp\/v2\/pages\/111\/revisions"}],"predecessor-version":[{"id":2803,"href":"https:\/\/folklore.ee\/estonka\/wp-json\/wp\/v2\/pages\/111\/revisions\/2803"}],"up":[{"embeddable":true,"href":"https:\/\/folklore.ee\/estonka\/wp-json\/wp\/v2\/pages\/14"}],"wp:featuredmedia":[{"embeddable":true,"href":"https:\/\/folklore.ee\/estonka\/wp-json\/wp\/v2\/media\/2840"}],"wp:attachment":[{"href":"https:\/\/folklore.ee\/estonka\/wp-json\/wp\/v2\/media?parent=111"}],"curies":[{"name":"wp","href":"https:\/\/api.w.org\/{rel}","templated":true}]}}