{"id":12,"date":"2020-07-10T10:49:57","date_gmt":"2020-07-10T10:49:57","guid":{"rendered":"http:\/\/folklore.ee\/estonka\/?page_id=12"},"modified":"2021-05-10T09:25:03","modified_gmt":"2021-05-10T09:25:03","slug":"kultuuriparandi-kogumine-ja-kogud","status":"publish","type":"page","link":"https:\/\/folklore.ee\/estonka\/kultuuriparandi-kogumine-ja-kogud\/","title":{"rendered":"Kultuurip\u00e4randi kogumine ja kogud, \u00fclevaated ja uurimused"},"content":{"rendered":"\n<p>Huvi mujal elavate eestlaste vastu on p\u00fcsinud l\u00e4bi aegade, olgugi et sidemed ja suhted emamaa ja uue asukohamaa vahel on aegade v\u00e4ltel muutunud. L\u00e4htudes keele ja rahvatraditsiooni talletamisest ja uurimisest saame r\u00e4\u00e4kida keelealasest, etnograafilisest (etnoloogilisest) ja folkloristlikust (rahvaluule, p\u00e4rimuse) kogumis- ja uurimistegevusest. Sellealase kogumist\u00f6\u00f6 tulemusi talletatakse Eesti Rahva Muuseumis, Eesti Kirjandusmuuseumis, Eesti Keele Instituudis jm, enamasti on need k\u00e4ttesaadavad ka laiemale huviliste ringile. Erinevad diasporaauuringud ning nende k\u00e4igus kogutud materjalid j\u00e4\u00e4vad ka sotsiaal-, \u00fchiskonna- ja loodusteaduste valdkonda. Eri teadusharude esindajate t\u00f6\u00f6 tulemusi on avaldatud raamatute ja artiklitena.<\/p>\n\n\n\n<div class=\"wp-block-columns is-layout-flex wp-container-core-columns-is-layout-1 wp-block-columns-is-layout-flex\">\n<div class=\"wp-block-column is-layout-flow wp-block-column-is-layout-flow\" style=\"flex-basis:66.66%\">\n<p class=\"has-text-align-left\">V\u00e4liseestlaste vastu on huvi tundnud ka mitmed ajakirjanikud ja lihtsalt huvilised, kes on kogunud v\u00e4liseesti kogukondadest andmeid, kirjutanud \u00fclevaateid ning avaldanud raamatuid. T\u00e4htsaks allikaks on kohapeal elanud-t\u00f6\u00f6tanud inimeste memuaarid, reisikirjad jm. Sageli on tegemist isiklike muljetega ning kirjat\u00fckid pakuvad elamusrikast lugemisvara ning annavad teavet kaasmaalaste k\u00e4ek\u00e4igust v\u00f5\u00f5rsil. V\u00e4\u00e4rtuslikku infot lisavad kohalike kodu-uurijate koostatud k\u00fcla- ja suguv\u00f5sa ajalood, oma v\u00f5i perekonnaliikmete elulood, vastused erinevate arhiivide ankeetidele. <\/p>\n<\/div>\n\n\n\n<div class=\"wp-block-column is-layout-flow wp-block-column-is-layout-flow\" style=\"flex-basis:33.33%\">\n<div class=\"wp-block-image\"><figure class=\"alignright size-large is-resized\"><img loading=\"lazy\" decoding=\"async\" src=\"http:\/\/folklore.ee\/estonka\/wp-content\/uploads\/2021\/05\/VF_03577_Gustav-Mikkur-Estonia-kula-esimene-elanik-foto-muuseumist-1-1024x672.jpg\" alt=\"\" class=\"wp-image-2884\" width=\"768\" height=\"504\" srcset=\"https:\/\/folklore.ee\/estonka\/wp-content\/uploads\/2021\/05\/VF_03577_Gustav-Mikkur-Estonia-kula-esimene-elanik-foto-muuseumist-1-1024x672.jpg 1024w, https:\/\/folklore.ee\/estonka\/wp-content\/uploads\/2021\/05\/VF_03577_Gustav-Mikkur-Estonia-kula-esimene-elanik-foto-muuseumist-1-300x197.jpg 300w, https:\/\/folklore.ee\/estonka\/wp-content\/uploads\/2021\/05\/VF_03577_Gustav-Mikkur-Estonia-kula-esimene-elanik-foto-muuseumist-1-768x504.jpg 768w, https:\/\/folklore.ee\/estonka\/wp-content\/uploads\/2021\/05\/VF_03577_Gustav-Mikkur-Estonia-kula-esimene-elanik-foto-muuseumist-1-1536x1007.jpg 1536w, https:\/\/folklore.ee\/estonka\/wp-content\/uploads\/2021\/05\/VF_03577_Gustav-Mikkur-Estonia-kula-esimene-elanik-foto-muuseumist-1-2048x1343.jpg 2048w\" sizes=\"(max-width: 768px) 100vw, 768px\" \/><figcaption>Estonia k\u00fcla asutaja Gustav Mikkuri foto rajoonikeskuse Shipunovi muuseumis<\/figcaption><\/figure><\/div>\n<\/div>\n<\/div>\n\n\n\n<p>Ka neid talletatakse tihti arhiivides ja muuseumides (nt Eesti Rahva Muuseum, Eesti Kirjandusmuuseumi Eesti Rahvaluule Arhiiv ja Eesti Kultuurilooline Arhiiv).<\/p>\n\n\n\n<div class=\"wp-block-columns is-layout-flex wp-container-core-columns-is-layout-2 wp-block-columns-is-layout-flex\">\n<div class=\"wp-block-column is-layout-flow wp-block-column-is-layout-flow\" style=\"flex-basis:66.66%\">\n<p>Materjale on hoiul ka uue asukohamaa muuseumides ja arhiivides, Siberi puhul rajoonikeskuste ajaloo-koduloomuuseumides. Siberi eesti k\u00fclades asuvad k\u00fclamuuseumid Kasek\u00fclas (Tomski obl), Haida k\u00fclas (Krasnojarski krai), Liivi k\u00fclas (Primorje krai) jm.<br><br>\u201eT\u00fchjale\u201d maale asumine on ainest andnud ka ilukirjanduslike teoste loojatele. M\u00e4rkigem Georg Eduard Luiga jutustuste kogumikku \u201eV\u00e4givallamaal\u201d (1912), Veera Saare romaani \u201eKraakuvi m\u00e4gi\u201d (1987) v\u00f5i Kalju Saaberi romaani \u201ePunaselageda saaga\u201d (1991).<\/p>\n<\/div>\n\n\n\n<div class=\"wp-block-column is-layout-flow wp-block-column-is-layout-flow\" style=\"flex-basis:33.33%\">\n<figure class=\"wp-block-image size-large is-resized\"><a href=\"http:\/\/folklore.ee\/estonka\/wp-content\/uploads\/2020\/07\/m\u00e4lu3.jpg\"><img loading=\"lazy\" decoding=\"async\" src=\"http:\/\/folklore.ee\/estonka\/wp-content\/uploads\/2020\/07\/m\u00e4lu3.jpg\" alt=\"m\u00e4lu3\" class=\"wp-image-336\" width=\"228\" height=\"349\"\/><\/a><figcaption>Omi asunduse k\u00f6ster-kooli\u00f5petaja Georg Eduard Luiga jutustuste kogumik<\/figcaption><\/figure>\n\n\n\n<p><\/p>\n<\/div>\n<\/div>\n\n\n\n<p><\/p>\n","protected":false},"excerpt":{"rendered":"<p>Huvi mujal elavate eestlaste vastu on p\u00fcsinud l\u00e4bi aegade, olgugi et sidemed ja suhted emamaa ja uue asukohamaa vahel on aegade v\u00e4ltel muutunud. L\u00e4htudes keele ja rahvatraditsiooni talletamisest ja uurimisest saame r\u00e4\u00e4kida keelealasest, etnograafilisest (etnoloogilisest) ja folkloristlikust (rahvaluule, p\u00e4rimuse) kogumis- ja uurimistegevusest. Sellealase kogumist\u00f6\u00f6 tulemusi talletatakse Eesti Rahva Muuseumis, Eesti Kirjandusmuuseumis, Eesti Keele Instituudis jm, [&hellip;]<\/p>\n","protected":false},"author":1,"featured_media":71,"parent":0,"menu_order":0,"comment_status":"closed","ping_status":"closed","template":"","meta":{"footnotes":""},"class_list":["post-12","page","type-page","status-publish","has-post-thumbnail","hentry"],"yoast_head":"<!-- This site is optimized with the Yoast SEO plugin v23.4 - https:\/\/yoast.com\/wordpress\/plugins\/seo\/ -->\n<title>Kultuurip\u00e4randi kogumine ja kogud, \u00fclevaated ja uurimused - Estonka<\/title>\n<meta name=\"description\" content=\"Huvi mujal elavate eestlaste vastu on p\u00fcsinud l\u00e4bi aegade, olgugi et sidemed ja suhted emamaa ja uue asukohamaa vahel on aegade v\u00e4ltel muutunud.\" \/>\n<meta name=\"robots\" content=\"index, follow, max-snippet:-1, max-image-preview:large, max-video-preview:-1\" \/>\n<link rel=\"canonical\" href=\"https:\/\/folklore.ee\/estonka\/kultuuriparandi-kogumine-ja-kogud\/\" \/>\n<meta property=\"og:locale\" content=\"en_US\" \/>\n<meta property=\"og:type\" content=\"article\" \/>\n<meta property=\"og:title\" content=\"Kultuurip\u00e4randi kogumine ja kogud, \u00fclevaated ja uurimused - Estonka\" \/>\n<meta property=\"og:description\" content=\"Huvi mujal elavate eestlaste vastu on p\u00fcsinud l\u00e4bi aegade, olgugi et sidemed ja suhted emamaa ja uue asukohamaa vahel on aegade v\u00e4ltel muutunud.\" \/>\n<meta property=\"og:url\" content=\"https:\/\/folklore.ee\/estonka\/kultuuriparandi-kogumine-ja-kogud\/\" \/>\n<meta property=\"og:site_name\" content=\"Estonka\" \/>\n<meta property=\"article:modified_time\" content=\"2021-05-10T09:25:03+00:00\" \/>\n<meta property=\"og:image\" content=\"https:\/\/folklore.ee\/estonka\/wp-content\/uploads\/2020\/07\/3.jpg\" \/>\n\t<meta property=\"og:image:width\" content=\"1920\" \/>\n\t<meta property=\"og:image:height\" content=\"400\" \/>\n\t<meta property=\"og:image:type\" content=\"image\/jpeg\" \/>\n<meta name=\"twitter:card\" content=\"summary_large_image\" \/>\n<meta name=\"twitter:label1\" content=\"Est. reading time\" \/>\n\t<meta name=\"twitter:data1\" content=\"1 minute\" \/>\n<script type=\"application\/ld+json\" class=\"yoast-schema-graph\">{\"@context\":\"https:\/\/schema.org\",\"@graph\":[{\"@type\":\"WebPage\",\"@id\":\"https:\/\/folklore.ee\/estonka\/kultuuriparandi-kogumine-ja-kogud\/\",\"url\":\"https:\/\/folklore.ee\/estonka\/kultuuriparandi-kogumine-ja-kogud\/\",\"name\":\"Kultuurip\u00e4randi kogumine ja kogud, \u00fclevaated ja uurimused - Estonka\",\"isPartOf\":{\"@id\":\"https:\/\/folklore.ee\/estonka\/#website\"},\"primaryImageOfPage\":{\"@id\":\"https:\/\/folklore.ee\/estonka\/kultuuriparandi-kogumine-ja-kogud\/#primaryimage\"},\"image\":{\"@id\":\"https:\/\/folklore.ee\/estonka\/kultuuriparandi-kogumine-ja-kogud\/#primaryimage\"},\"thumbnailUrl\":\"https:\/\/folklore.ee\/estonka\/wp-content\/uploads\/2020\/07\/3.jpg\",\"datePublished\":\"2020-07-10T10:49:57+00:00\",\"dateModified\":\"2021-05-10T09:25:03+00:00\",\"description\":\"Huvi mujal elavate eestlaste vastu on p\u00fcsinud l\u00e4bi aegade, olgugi et sidemed ja suhted emamaa ja uue asukohamaa vahel on aegade v\u00e4ltel muutunud.\",\"breadcrumb\":{\"@id\":\"https:\/\/folklore.ee\/estonka\/kultuuriparandi-kogumine-ja-kogud\/#breadcrumb\"},\"inLanguage\":\"en-US\",\"potentialAction\":[{\"@type\":\"ReadAction\",\"target\":[\"https:\/\/folklore.ee\/estonka\/kultuuriparandi-kogumine-ja-kogud\/\"]}]},{\"@type\":\"ImageObject\",\"inLanguage\":\"en-US\",\"@id\":\"https:\/\/folklore.ee\/estonka\/kultuuriparandi-kogumine-ja-kogud\/#primaryimage\",\"url\":\"https:\/\/folklore.ee\/estonka\/wp-content\/uploads\/2020\/07\/3.jpg\",\"contentUrl\":\"https:\/\/folklore.ee\/estonka\/wp-content\/uploads\/2020\/07\/3.jpg\",\"width\":1920,\"height\":400,\"caption\":\"M\u00e4lu kaanefoto\"},{\"@type\":\"BreadcrumbList\",\"@id\":\"https:\/\/folklore.ee\/estonka\/kultuuriparandi-kogumine-ja-kogud\/#breadcrumb\",\"itemListElement\":[{\"@type\":\"ListItem\",\"position\":1,\"name\":\"Avaleht\",\"item\":\"https:\/\/folklore.ee\/estonka\/\"},{\"@type\":\"ListItem\",\"position\":2,\"name\":\"Kultuurip\u00e4randi kogumine ja kogud, \u00fclevaated ja uurimused\"}]},{\"@type\":\"WebSite\",\"@id\":\"https:\/\/folklore.ee\/estonka\/#website\",\"url\":\"https:\/\/folklore.ee\/estonka\/\",\"name\":\"Estonka\",\"description\":\"Just another WordPress site\",\"potentialAction\":[{\"@type\":\"SearchAction\",\"target\":{\"@type\":\"EntryPoint\",\"urlTemplate\":\"https:\/\/folklore.ee\/estonka\/?s={search_term_string}\"},\"query-input\":{\"@type\":\"PropertyValueSpecification\",\"valueRequired\":true,\"valueName\":\"search_term_string\"}}],\"inLanguage\":\"en-US\"}]}<\/script>\n<!-- \/ Yoast SEO plugin. -->","yoast_head_json":{"title":"Kultuurip\u00e4randi kogumine ja kogud, \u00fclevaated ja uurimused - Estonka","description":"Huvi mujal elavate eestlaste vastu on p\u00fcsinud l\u00e4bi aegade, olgugi et sidemed ja suhted emamaa ja uue asukohamaa vahel on aegade v\u00e4ltel muutunud.","robots":{"index":"index","follow":"follow","max-snippet":"max-snippet:-1","max-image-preview":"max-image-preview:large","max-video-preview":"max-video-preview:-1"},"canonical":"https:\/\/folklore.ee\/estonka\/kultuuriparandi-kogumine-ja-kogud\/","og_locale":"en_US","og_type":"article","og_title":"Kultuurip\u00e4randi kogumine ja kogud, \u00fclevaated ja uurimused - Estonka","og_description":"Huvi mujal elavate eestlaste vastu on p\u00fcsinud l\u00e4bi aegade, olgugi et sidemed ja suhted emamaa ja uue asukohamaa vahel on aegade v\u00e4ltel muutunud.","og_url":"https:\/\/folklore.ee\/estonka\/kultuuriparandi-kogumine-ja-kogud\/","og_site_name":"Estonka","article_modified_time":"2021-05-10T09:25:03+00:00","og_image":[{"width":1920,"height":400,"url":"https:\/\/folklore.ee\/estonka\/wp-content\/uploads\/2020\/07\/3.jpg","type":"image\/jpeg"}],"twitter_card":"summary_large_image","twitter_misc":{"Est. reading time":"1 minute"},"schema":{"@context":"https:\/\/schema.org","@graph":[{"@type":"WebPage","@id":"https:\/\/folklore.ee\/estonka\/kultuuriparandi-kogumine-ja-kogud\/","url":"https:\/\/folklore.ee\/estonka\/kultuuriparandi-kogumine-ja-kogud\/","name":"Kultuurip\u00e4randi kogumine ja kogud, \u00fclevaated ja uurimused - Estonka","isPartOf":{"@id":"https:\/\/folklore.ee\/estonka\/#website"},"primaryImageOfPage":{"@id":"https:\/\/folklore.ee\/estonka\/kultuuriparandi-kogumine-ja-kogud\/#primaryimage"},"image":{"@id":"https:\/\/folklore.ee\/estonka\/kultuuriparandi-kogumine-ja-kogud\/#primaryimage"},"thumbnailUrl":"https:\/\/folklore.ee\/estonka\/wp-content\/uploads\/2020\/07\/3.jpg","datePublished":"2020-07-10T10:49:57+00:00","dateModified":"2021-05-10T09:25:03+00:00","description":"Huvi mujal elavate eestlaste vastu on p\u00fcsinud l\u00e4bi aegade, olgugi et sidemed ja suhted emamaa ja uue asukohamaa vahel on aegade v\u00e4ltel muutunud.","breadcrumb":{"@id":"https:\/\/folklore.ee\/estonka\/kultuuriparandi-kogumine-ja-kogud\/#breadcrumb"},"inLanguage":"en-US","potentialAction":[{"@type":"ReadAction","target":["https:\/\/folklore.ee\/estonka\/kultuuriparandi-kogumine-ja-kogud\/"]}]},{"@type":"ImageObject","inLanguage":"en-US","@id":"https:\/\/folklore.ee\/estonka\/kultuuriparandi-kogumine-ja-kogud\/#primaryimage","url":"https:\/\/folklore.ee\/estonka\/wp-content\/uploads\/2020\/07\/3.jpg","contentUrl":"https:\/\/folklore.ee\/estonka\/wp-content\/uploads\/2020\/07\/3.jpg","width":1920,"height":400,"caption":"M\u00e4lu kaanefoto"},{"@type":"BreadcrumbList","@id":"https:\/\/folklore.ee\/estonka\/kultuuriparandi-kogumine-ja-kogud\/#breadcrumb","itemListElement":[{"@type":"ListItem","position":1,"name":"Avaleht","item":"https:\/\/folklore.ee\/estonka\/"},{"@type":"ListItem","position":2,"name":"Kultuurip\u00e4randi kogumine ja kogud, \u00fclevaated ja uurimused"}]},{"@type":"WebSite","@id":"https:\/\/folklore.ee\/estonka\/#website","url":"https:\/\/folklore.ee\/estonka\/","name":"Estonka","description":"Just another WordPress site","potentialAction":[{"@type":"SearchAction","target":{"@type":"EntryPoint","urlTemplate":"https:\/\/folklore.ee\/estonka\/?s={search_term_string}"},"query-input":{"@type":"PropertyValueSpecification","valueRequired":true,"valueName":"search_term_string"}}],"inLanguage":"en-US"}]}},"_links":{"self":[{"href":"https:\/\/folklore.ee\/estonka\/wp-json\/wp\/v2\/pages\/12"}],"collection":[{"href":"https:\/\/folklore.ee\/estonka\/wp-json\/wp\/v2\/pages"}],"about":[{"href":"https:\/\/folklore.ee\/estonka\/wp-json\/wp\/v2\/types\/page"}],"author":[{"embeddable":true,"href":"https:\/\/folklore.ee\/estonka\/wp-json\/wp\/v2\/users\/1"}],"replies":[{"embeddable":true,"href":"https:\/\/folklore.ee\/estonka\/wp-json\/wp\/v2\/comments?post=12"}],"version-history":[{"count":19,"href":"https:\/\/folklore.ee\/estonka\/wp-json\/wp\/v2\/pages\/12\/revisions"}],"predecessor-version":[{"id":2902,"href":"https:\/\/folklore.ee\/estonka\/wp-json\/wp\/v2\/pages\/12\/revisions\/2902"}],"wp:featuredmedia":[{"embeddable":true,"href":"https:\/\/folklore.ee\/estonka\/wp-json\/wp\/v2\/media\/71"}],"wp:attachment":[{"href":"https:\/\/folklore.ee\/estonka\/wp-json\/wp\/v2\/media?parent=12"}],"curies":[{"name":"wp","href":"https:\/\/api.w.org\/{rel}","templated":true}]}}