{"id":123,"date":"2020-07-29T06:12:28","date_gmt":"2020-07-29T06:12:28","guid":{"rendered":"http:\/\/folklore.ee\/estonka\/?page_id=123"},"modified":"2021-05-10T08:25:34","modified_gmt":"2021-05-10T08:25:34","slug":"a-k","status":"publish","type":"page","link":"https:\/\/folklore.ee\/estonka\/kulad-kaasajal\/a-k\/","title":{"rendered":"A\u2013K"},"content":{"rendered":"\n<figure class=\"wp-block-table is-style-stripes\"><table><tbody><tr><td><strong>Eestikeelne\/<\/strong><strong>tekstis kasutatav nimi<\/strong><\/td><td><strong>Praegune ametlik nimi<\/strong><\/td><td><strong>A. Nigol 1918: kirjapilt, elanike arv<\/strong><\/td><td><strong>Enamus-rahvus 1910.-1920. aastatel<\/strong><\/td><td><strong>Elanike ja eestlaste arv 1990.-2000. aastatel<\/strong>&nbsp;<\/td><td><strong>Asukoht praeguse territoriaalse jaotuse j\u00e4rgi<\/strong><\/td><\/tr><tr><td><strong>Borovu\u0161ka<\/strong>&nbsp;(Novosibirski obl)<\/td><td>Borovu\u0161ka<\/td><td>Borovsk<br>Borovu\u0161ka, 15 peret<\/td><td>Eesti (l\u00f5una-eestlased)<\/td><td>&nbsp;<\/td><td>Novosibirski obl. Togut\u0161ini raj.<\/td><\/tr><tr><td><strong>Bulatnovka<\/strong><\/td><td>Bulatnovka (Pulatnovo)<\/td><td><\/td><td>Seto<\/td><td>Seto<\/td><td>Krasonjarski krai, Partizanskoje raj<\/td><\/tr><tr><td><strong>Estonia<\/strong>&nbsp;(Altai krai)<\/td><td>Estonija<\/td><td>Estonia, 85 peret, 500 hinge<\/td><td>Eesti<\/td><td>Umbes 20 peret, 7 eestlast<\/td><td>Altai krai&nbsp;\u0160ipunovo raj.<\/td><\/tr><tr><td><strong>Estonia<\/strong>&nbsp;(Krasnojarski krai)<\/td><td>Estonija<\/td><td>Estonia, ligi 400 hinge<\/td><td>Eesti<\/td><td>Umbes 15 eestlast<\/td><td>Krasnojarski krai Ni\u017eni-Inga\u0161i raj<\/td><\/tr><tr><td><strong>Estonka<\/strong>&nbsp;(Novosibirski obl)<\/td><td>Estonka<\/td><td>Estonia, 23 peret<\/td><td>Eesti-saksa (l\u00f5una-eestlased)<\/td><td>Eestlasi 30%, eesti keele oskajaid alla k\u00fcmne<\/td><td>Novosibirski obl. Bolotnoje raj.<\/td><\/tr><tr><td><strong>Estonka<\/strong>&nbsp;(Omski obl)<\/td><td>Estonka<\/td><td>Eesti, Estonskoje<\/td><td>Eesti (l\u00f5una-eestlased)<\/td><td>71 elanikku, 51 eestlast<\/td><td>Omski obl. Sedelnikovo raj.<\/td><\/tr><tr><td><strong>Hait<\/strong><\/td><td>Haidak<\/td><td>Haidak, 150 peret<\/td><td>Seto<\/td><td>146 talu, 308 inimest<\/td><td>Krasnojarski krai Partizanskoje raj.<\/td><\/tr><tr><td><strong>Ivanovka<\/strong><\/td><td>Ivanovka, Kolonija<\/td><td>Ivanovka, Kolonija, 450 hinge<\/td><td>Sega algusest peale<\/td><td>1569 elanikku, 122 eestlast<\/td><td>Omski obl. Kalat\u0161inski raj.<\/td><\/tr><tr><td><strong>Jurjev<\/strong>&nbsp;(Kemerovo obl. Mariinski raj.)<\/td><td>Jurjevka<\/td><td>Jurjevi, 50 peret, 350 hinge<\/td><td>Eesti (l\u00f5una-eestlased)<\/td><td>Eestlasi 80%. Umbes 40 elanikku<\/td><td>Kemerovo obl. Mariinski raj.<\/td><\/tr><tr><td><strong>Jurjev<\/strong>&nbsp;(Omski obl. Tara raj.)<\/td><td>Jurjevka<\/td><td>Jurjevi, Jurjevski40 peret, 300 hinge<\/td><td>Eesti (l\u00f5una-eestlased)<\/td><td>Eestlasi 95%. Umbes 25 elanikku<\/td><td>Omski obl. Tara raj.<\/td><\/tr><tr><td><strong>Kasek\u00fcla<\/strong>&nbsp;(Tomski obl)<\/td><td>Berjozovka<\/td><td>Kasek\u00fcla, Berjozovka, 102 peret, 500 hinge<\/td><td>Eesti<\/td><td>Eestlasi 39%. 624 elanikku<\/td><td>Tomski obl. Pervomaiskoje raj.<\/td><\/tr><tr><td><strong>Koidula<\/strong><\/td><td>Kaidul\u00f5<\/td><td>Koidula, Koidulinskoje, 70 peret, 400 hinge<\/td><td>Eesti (l\u00f5una-eestlased)<\/td><td>Eestlasi 65%,  umbes 60 elanikku<\/td><td>Kemerovo obl. Mariinski raj.<\/td><\/tr><tr><td><strong>Kovaljovo<\/strong><\/td><td>Kovaljovo<\/td><td>Kovaleva, 350 hinge<\/td><td>Eesti-l\u00e4ti-soome<\/td><td>601 elanikku, 133 eestlast&nbsp;<\/td><td>Omski obl.  Kalat\u0161inski raj.<\/td><\/tr><tr><td><strong>Krestjansk<\/strong>&nbsp;&nbsp;&nbsp;&nbsp;&nbsp;<\/td><td>Krestjansk<\/td><td>Krestjanski, 15 peret<\/td><td>Seto-l\u00e4ti<\/td><td>\u00a0<\/td><td>Krasnojarski krai,  Partizanskoje raj.<\/td><\/tr><\/tbody><\/table><\/figure>\n\n\n\n<p><\/p>\n","protected":false},"excerpt":{"rendered":"<p>Eestikeelne\/tekstis kasutatav nimi Praegune ametlik nimi A. Nigol 1918: kirjapilt, elanike arv Enamus-rahvus 1910.-1920. aastatel Elanike ja eestlaste arv 1990.-2000. aastatel&nbsp; Asukoht praeguse territoriaalse jaotuse j\u00e4rgi Borovu\u0161ka&nbsp;(Novosibirski obl) Borovu\u0161ka BorovskBorovu\u0161ka, 15 peret Eesti (l\u00f5una-eestlased) &nbsp; Novosibirski obl. Togut\u0161ini raj. Bulatnovka Bulatnovka (Pulatnovo) Seto Seto Krasonjarski krai, Partizanskoje raj Estonia&nbsp;(Altai krai) Estonija Estonia, 85 peret, 500 [&hellip;]<\/p>\n","protected":false},"author":1,"featured_media":213,"parent":77,"menu_order":0,"comment_status":"closed","ping_status":"closed","template":"","meta":{"footnotes":""},"class_list":["post-123","page","type-page","status-publish","has-post-thumbnail","hentry"],"yoast_head":"<!-- This site is optimized with the Yoast SEO plugin v23.4 - https:\/\/yoast.com\/wordpress\/plugins\/seo\/ -->\n<title>A\u2013K - Estonka<\/title>\n<meta name=\"robots\" content=\"index, follow, max-snippet:-1, max-image-preview:large, max-video-preview:-1\" \/>\n<link rel=\"canonical\" href=\"https:\/\/folklore.ee\/estonka\/kulad-kaasajal\/a-k\/\" \/>\n<meta property=\"og:locale\" content=\"en_US\" \/>\n<meta property=\"og:type\" content=\"article\" \/>\n<meta property=\"og:title\" content=\"A\u2013K - Estonka\" \/>\n<meta property=\"og:description\" content=\"Eestikeelne\/tekstis kasutatav nimi Praegune ametlik nimi A. Nigol 1918: kirjapilt, elanike arv Enamus-rahvus 1910.-1920. aastatel Elanike ja eestlaste arv 1990.-2000. aastatel&nbsp; Asukoht praeguse territoriaalse jaotuse j\u00e4rgi Borovu\u0161ka&nbsp;(Novosibirski obl) Borovu\u0161ka BorovskBorovu\u0161ka, 15 peret Eesti (l\u00f5una-eestlased) &nbsp; Novosibirski obl. Togut\u0161ini raj. Bulatnovka Bulatnovka (Pulatnovo) Seto Seto Krasonjarski krai, Partizanskoje raj Estonia&nbsp;(Altai krai) Estonija Estonia, 85 peret, 500 [&hellip;]\" \/>\n<meta property=\"og:url\" content=\"https:\/\/folklore.ee\/estonka\/kulad-kaasajal\/a-k\/\" \/>\n<meta property=\"og:site_name\" content=\"Estonka\" \/>\n<meta property=\"article:modified_time\" content=\"2021-05-10T08:25:34+00:00\" \/>\n<meta property=\"og:image\" content=\"https:\/\/folklore.ee\/estonka\/wp-content\/uploads\/2020\/07\/1_3.jpg\" \/>\n\t<meta property=\"og:image:width\" content=\"1920\" \/>\n\t<meta property=\"og:image:height\" content=\"400\" \/>\n\t<meta property=\"og:image:type\" content=\"image\/jpeg\" \/>\n<meta name=\"twitter:card\" content=\"summary_large_image\" \/>\n<meta name=\"twitter:label1\" content=\"Est. reading time\" \/>\n\t<meta name=\"twitter:data1\" content=\"1 minute\" \/>\n<script type=\"application\/ld+json\" class=\"yoast-schema-graph\">{\"@context\":\"https:\/\/schema.org\",\"@graph\":[{\"@type\":\"WebPage\",\"@id\":\"https:\/\/folklore.ee\/estonka\/kulad-kaasajal\/a-k\/\",\"url\":\"https:\/\/folklore.ee\/estonka\/kulad-kaasajal\/a-k\/\",\"name\":\"A\u2013K - Estonka\",\"isPartOf\":{\"@id\":\"https:\/\/folklore.ee\/estonka\/#website\"},\"primaryImageOfPage\":{\"@id\":\"https:\/\/folklore.ee\/estonka\/kulad-kaasajal\/a-k\/#primaryimage\"},\"image\":{\"@id\":\"https:\/\/folklore.ee\/estonka\/kulad-kaasajal\/a-k\/#primaryimage\"},\"thumbnailUrl\":\"https:\/\/folklore.ee\/estonka\/wp-content\/uploads\/2020\/07\/1_3.jpg\",\"datePublished\":\"2020-07-29T06:12:28+00:00\",\"dateModified\":\"2021-05-10T08:25:34+00:00\",\"breadcrumb\":{\"@id\":\"https:\/\/folklore.ee\/estonka\/kulad-kaasajal\/a-k\/#breadcrumb\"},\"inLanguage\":\"en-US\",\"potentialAction\":[{\"@type\":\"ReadAction\",\"target\":[\"https:\/\/folklore.ee\/estonka\/kulad-kaasajal\/a-k\/\"]}]},{\"@type\":\"ImageObject\",\"inLanguage\":\"en-US\",\"@id\":\"https:\/\/folklore.ee\/estonka\/kulad-kaasajal\/a-k\/#primaryimage\",\"url\":\"https:\/\/folklore.ee\/estonka\/wp-content\/uploads\/2020\/07\/1_3.jpg\",\"contentUrl\":\"https:\/\/folklore.ee\/estonka\/wp-content\/uploads\/2020\/07\/1_3.jpg\",\"width\":1920,\"height\":400,\"caption\":\"K\u00fclad kaasajal kaanefoto\"},{\"@type\":\"BreadcrumbList\",\"@id\":\"https:\/\/folklore.ee\/estonka\/kulad-kaasajal\/a-k\/#breadcrumb\",\"itemListElement\":[{\"@type\":\"ListItem\",\"position\":1,\"name\":\"Avaleht\",\"item\":\"https:\/\/folklore.ee\/estonka\/\"},{\"@type\":\"ListItem\",\"position\":2,\"name\":\"K\u00fclade nimestik\",\"item\":\"https:\/\/folklore.ee\/estonka\/kulad-kaasajal\/\"},{\"@type\":\"ListItem\",\"position\":3,\"name\":\"A\u2013K\"}]},{\"@type\":\"WebSite\",\"@id\":\"https:\/\/folklore.ee\/estonka\/#website\",\"url\":\"https:\/\/folklore.ee\/estonka\/\",\"name\":\"Estonka\",\"description\":\"Just another WordPress site\",\"potentialAction\":[{\"@type\":\"SearchAction\",\"target\":{\"@type\":\"EntryPoint\",\"urlTemplate\":\"https:\/\/folklore.ee\/estonka\/?s={search_term_string}\"},\"query-input\":{\"@type\":\"PropertyValueSpecification\",\"valueRequired\":true,\"valueName\":\"search_term_string\"}}],\"inLanguage\":\"en-US\"}]}<\/script>\n<!-- \/ Yoast SEO plugin. -->","yoast_head_json":{"title":"A\u2013K - Estonka","robots":{"index":"index","follow":"follow","max-snippet":"max-snippet:-1","max-image-preview":"max-image-preview:large","max-video-preview":"max-video-preview:-1"},"canonical":"https:\/\/folklore.ee\/estonka\/kulad-kaasajal\/a-k\/","og_locale":"en_US","og_type":"article","og_title":"A\u2013K - Estonka","og_description":"Eestikeelne\/tekstis kasutatav nimi Praegune ametlik nimi A. Nigol 1918: kirjapilt, elanike arv Enamus-rahvus 1910.-1920. aastatel Elanike ja eestlaste arv 1990.-2000. aastatel&nbsp; Asukoht praeguse territoriaalse jaotuse j\u00e4rgi Borovu\u0161ka&nbsp;(Novosibirski obl) Borovu\u0161ka BorovskBorovu\u0161ka, 15 peret Eesti (l\u00f5una-eestlased) &nbsp; Novosibirski obl. Togut\u0161ini raj. Bulatnovka Bulatnovka (Pulatnovo) Seto Seto Krasonjarski krai, Partizanskoje raj Estonia&nbsp;(Altai krai) Estonija Estonia, 85 peret, 500 [&hellip;]","og_url":"https:\/\/folklore.ee\/estonka\/kulad-kaasajal\/a-k\/","og_site_name":"Estonka","article_modified_time":"2021-05-10T08:25:34+00:00","og_image":[{"width":1920,"height":400,"url":"https:\/\/folklore.ee\/estonka\/wp-content\/uploads\/2020\/07\/1_3.jpg","type":"image\/jpeg"}],"twitter_card":"summary_large_image","twitter_misc":{"Est. reading time":"1 minute"},"schema":{"@context":"https:\/\/schema.org","@graph":[{"@type":"WebPage","@id":"https:\/\/folklore.ee\/estonka\/kulad-kaasajal\/a-k\/","url":"https:\/\/folklore.ee\/estonka\/kulad-kaasajal\/a-k\/","name":"A\u2013K - Estonka","isPartOf":{"@id":"https:\/\/folklore.ee\/estonka\/#website"},"primaryImageOfPage":{"@id":"https:\/\/folklore.ee\/estonka\/kulad-kaasajal\/a-k\/#primaryimage"},"image":{"@id":"https:\/\/folklore.ee\/estonka\/kulad-kaasajal\/a-k\/#primaryimage"},"thumbnailUrl":"https:\/\/folklore.ee\/estonka\/wp-content\/uploads\/2020\/07\/1_3.jpg","datePublished":"2020-07-29T06:12:28+00:00","dateModified":"2021-05-10T08:25:34+00:00","breadcrumb":{"@id":"https:\/\/folklore.ee\/estonka\/kulad-kaasajal\/a-k\/#breadcrumb"},"inLanguage":"en-US","potentialAction":[{"@type":"ReadAction","target":["https:\/\/folklore.ee\/estonka\/kulad-kaasajal\/a-k\/"]}]},{"@type":"ImageObject","inLanguage":"en-US","@id":"https:\/\/folklore.ee\/estonka\/kulad-kaasajal\/a-k\/#primaryimage","url":"https:\/\/folklore.ee\/estonka\/wp-content\/uploads\/2020\/07\/1_3.jpg","contentUrl":"https:\/\/folklore.ee\/estonka\/wp-content\/uploads\/2020\/07\/1_3.jpg","width":1920,"height":400,"caption":"K\u00fclad kaasajal kaanefoto"},{"@type":"BreadcrumbList","@id":"https:\/\/folklore.ee\/estonka\/kulad-kaasajal\/a-k\/#breadcrumb","itemListElement":[{"@type":"ListItem","position":1,"name":"Avaleht","item":"https:\/\/folklore.ee\/estonka\/"},{"@type":"ListItem","position":2,"name":"K\u00fclade nimestik","item":"https:\/\/folklore.ee\/estonka\/kulad-kaasajal\/"},{"@type":"ListItem","position":3,"name":"A\u2013K"}]},{"@type":"WebSite","@id":"https:\/\/folklore.ee\/estonka\/#website","url":"https:\/\/folklore.ee\/estonka\/","name":"Estonka","description":"Just another WordPress site","potentialAction":[{"@type":"SearchAction","target":{"@type":"EntryPoint","urlTemplate":"https:\/\/folklore.ee\/estonka\/?s={search_term_string}"},"query-input":{"@type":"PropertyValueSpecification","valueRequired":true,"valueName":"search_term_string"}}],"inLanguage":"en-US"}]}},"_links":{"self":[{"href":"https:\/\/folklore.ee\/estonka\/wp-json\/wp\/v2\/pages\/123"}],"collection":[{"href":"https:\/\/folklore.ee\/estonka\/wp-json\/wp\/v2\/pages"}],"about":[{"href":"https:\/\/folklore.ee\/estonka\/wp-json\/wp\/v2\/types\/page"}],"author":[{"embeddable":true,"href":"https:\/\/folklore.ee\/estonka\/wp-json\/wp\/v2\/users\/1"}],"replies":[{"embeddable":true,"href":"https:\/\/folklore.ee\/estonka\/wp-json\/wp\/v2\/comments?post=123"}],"version-history":[{"count":11,"href":"https:\/\/folklore.ee\/estonka\/wp-json\/wp\/v2\/pages\/123\/revisions"}],"predecessor-version":[{"id":2895,"href":"https:\/\/folklore.ee\/estonka\/wp-json\/wp\/v2\/pages\/123\/revisions\/2895"}],"up":[{"embeddable":true,"href":"https:\/\/folklore.ee\/estonka\/wp-json\/wp\/v2\/pages\/77"}],"wp:featuredmedia":[{"embeddable":true,"href":"https:\/\/folklore.ee\/estonka\/wp-json\/wp\/v2\/media\/213"}],"wp:attachment":[{"href":"https:\/\/folklore.ee\/estonka\/wp-json\/wp\/v2\/media?parent=123"}],"curies":[{"name":"wp","href":"https:\/\/api.w.org\/{rel}","templated":true}]}}