{"id":125,"date":"2020-07-29T06:12:40","date_gmt":"2020-07-29T06:12:40","guid":{"rendered":"http:\/\/folklore.ee\/estonka\/?page_id=125"},"modified":"2021-05-10T08:18:42","modified_gmt":"2021-05-10T08:18:42","slug":"l-s","status":"publish","type":"page","link":"https:\/\/folklore.ee\/estonka\/kulad-kaasajal\/l-s\/","title":{"rendered":"L\u2013S"},"content":{"rendered":"\n<figure class=\"wp-block-table is-style-stripes\"><table><tbody><tr><td><strong>Eestikeelne\/<\/strong><strong>tekstis kasutatav nimi<\/strong><\/td><td><strong>Praegune ametlik nimi<\/strong><\/td><td><strong>A. Nigol 1918: kirjapilt, elanike arv<\/strong><\/td><td><strong>Enamus-rahvus 1910.-1920. aastatel<\/strong><\/td><td><strong>Elanike ja eestlaste arv 1990.-2000. aastatel<\/strong><\/td><td><strong>Asukoht praeguse territoriaalse jaotuse j\u00e4rgi<\/strong><\/td><\/tr><tr><td><strong>Liivi<\/strong><\/td><td>Lifljandija&nbsp;<\/td><td>Lifl\u00e4ndka 90 peret, 600 hinge<\/td><td>Eesti<\/td><td>Enamuses teised rahvad, umbes 10 eesti keele oskajat<\/td><td>Primorje krai, Bol\u0161oi Kameni linna koosseisus<\/td><\/tr><tr><td><strong>Lilienhof<\/strong><\/td><td>Liliengofka<\/td><td>Lillek\u00fcla, Lilienhof, 82 peret, 360 hinge<\/td><td>Eesti&nbsp;<\/td><td>Umbes 20 inimest, enamus eestlased<\/td><td>Tomski obl. Pervomaiskoje raj.<\/td><\/tr><tr><td><strong>Lillik\u00fcl\u00e4<\/strong><\/td><td>Lileika<\/td><td>Lillek\u00fcla, Lileiskoje, 40 peret, 250 hinge<\/td><td>Eesti (l\u00f5una-eestlased)<\/td><td>174 elanikku, 149 eestlast<\/td><td>Omski obl. Sedelnikovo raj.<\/td><\/tr><tr><td><strong>Malkovka<\/strong><\/td><td>Malkovka<\/td><td>Malkovi, Malkovskii, 65 peret, 400 hinge<\/td><td>&nbsp;<\/td><td>Eestlasi 40%<\/td><td>Kemerovo obl. Mariinski raj.<\/td><\/tr><tr><td><strong>Mihhailovka <\/strong>(Pardinova)<\/td><td>Mihhailovka<\/td><td>&nbsp;<\/td><td>Eesti-soome-vene?<\/td><td>49% eestlasi, 66 peret<\/td><td>Omski obl. Tara raj.<\/td><\/tr><tr><td><strong>Nikolajevka<\/strong><\/td><td>Nikolajevka<\/td><td>Nikolajevsk, 45 talu, 300 hinge<\/td><td>Eesti (l\u00f5una-eestlased)<\/td><td>193 elanikku, 156 eestlast<\/td><td>Novosibirski obl. K\u00f5\u0161tovka raj.<\/td><\/tr><tr><td><strong>Orava<\/strong><\/td><td>Oravka<\/td><td>Oravak\u00fcla, Oravskaja, 97 peret, 200 hinge<\/td><td>Eesti (l\u00f5una-eestlased)<\/td><td>Eestlasi 40%. Umbes 100 peret<\/td><td>Novosibirski obl. T\u0161an\u00f5 raj.<\/td><\/tr><tr><td><strong>Orlovka<\/strong><\/td><td>Orlovka<\/td><td>&nbsp;<\/td><td>Rajati 1925-1926, eesti-soome jt rahvad<\/td><td>659 elanikku, 108 eestlast<\/td><td>Omski obl. Kalat\u0161inski raj.<\/td><\/tr><tr><td><strong>Ostrovo<\/strong><\/td><td>Ostrovki<\/td><td>Ostrovi-Tarvastu, Ostrovis 28 peret eestlasi, 40 l\u00e4tlasi, Tarvastus 3 peret setusid ja 1 l\u00e4ti pere<\/td><td>Eesti-seto-l\u00e4ti<\/td><td>&nbsp;<\/td><td>Krasnojarski krai Mana raj.<\/td><\/tr><tr><td><strong>Rozental<\/strong><\/td><td>Rozental&nbsp;<\/td><td>Rosental, Suur-Jaman, 490 hinge<\/td><td>Eesti<\/td><td>Eestlasi 50%<\/td><td>Novosibirski obl. Tatarski raj.<\/td><\/tr><tr><td><strong>R\u00f5\u017ekovo<\/strong><\/td><td>R\u00f5\u017ekovo<\/td><td>R\u00f5schkova, 500 eestlast<\/td><td>Eesti-soome-l\u00e4ti-saksa<\/td><td>Eestlasi 19%.755 elanikku, 115 eestlast (v\/v andmed 1999. a.)&nbsp;<\/td><td>Omski obl. Krutinka raj.<\/td><\/tr><tr><td><strong>Semjonovka<\/strong><\/td><td>Semjonovka<\/td><td>Semenova, 150 hinge<\/td><td>Eesti (l\u00f5una-eestlased)-saksa&nbsp;<\/td><td>Eestlasi 31%. 150 elanikku<\/td><td>Omski obl. Kalat\u0161inski raj.<\/td><\/tr><\/tbody><\/table><\/figure>\n","protected":false},"excerpt":{"rendered":"<p>Eestikeelne\/tekstis kasutatav nimi Praegune ametlik nimi A. Nigol 1918: kirjapilt, elanike arv Enamus-rahvus 1910.-1920. aastatel Elanike ja eestlaste arv 1990.-2000. aastatel Asukoht praeguse territoriaalse jaotuse j\u00e4rgi Liivi Lifljandija&nbsp; Lifl\u00e4ndka 90 peret, 600 hinge Eesti Enamuses teised rahvad, umbes 10 eesti keele oskajat Primorje krai, Bol\u0161oi Kameni linna koosseisus Lilienhof Liliengofka Lillek\u00fcla, Lilienhof, 82 peret, 360 [&hellip;]<\/p>\n","protected":false},"author":1,"featured_media":213,"parent":77,"menu_order":0,"comment_status":"closed","ping_status":"closed","template":"","meta":{"footnotes":""},"class_list":["post-125","page","type-page","status-publish","has-post-thumbnail","hentry"],"yoast_head":"<!-- This site is optimized with the Yoast SEO plugin v23.4 - https:\/\/yoast.com\/wordpress\/plugins\/seo\/ -->\n<title>L\u2013S - Estonka<\/title>\n<meta name=\"robots\" content=\"index, follow, max-snippet:-1, max-image-preview:large, max-video-preview:-1\" \/>\n<link rel=\"canonical\" href=\"https:\/\/folklore.ee\/estonka\/kulad-kaasajal\/l-s\/\" \/>\n<meta property=\"og:locale\" content=\"en_US\" \/>\n<meta property=\"og:type\" content=\"article\" \/>\n<meta property=\"og:title\" content=\"L\u2013S - Estonka\" \/>\n<meta property=\"og:description\" content=\"Eestikeelne\/tekstis kasutatav nimi Praegune ametlik nimi A. Nigol 1918: kirjapilt, elanike arv Enamus-rahvus 1910.-1920. aastatel Elanike ja eestlaste arv 1990.-2000. aastatel Asukoht praeguse territoriaalse jaotuse j\u00e4rgi Liivi Lifljandija&nbsp; Lifl\u00e4ndka 90 peret, 600 hinge Eesti Enamuses teised rahvad, umbes 10 eesti keele oskajat Primorje krai, Bol\u0161oi Kameni linna koosseisus Lilienhof Liliengofka Lillek\u00fcla, Lilienhof, 82 peret, 360 [&hellip;]\" \/>\n<meta property=\"og:url\" content=\"https:\/\/folklore.ee\/estonka\/kulad-kaasajal\/l-s\/\" \/>\n<meta property=\"og:site_name\" content=\"Estonka\" \/>\n<meta property=\"article:modified_time\" content=\"2021-05-10T08:18:42+00:00\" \/>\n<meta property=\"og:image\" content=\"https:\/\/folklore.ee\/estonka\/wp-content\/uploads\/2020\/07\/1_3.jpg\" \/>\n\t<meta property=\"og:image:width\" content=\"1920\" \/>\n\t<meta property=\"og:image:height\" content=\"400\" \/>\n\t<meta property=\"og:image:type\" content=\"image\/jpeg\" \/>\n<meta name=\"twitter:card\" content=\"summary_large_image\" \/>\n<meta name=\"twitter:label1\" content=\"Est. reading time\" \/>\n\t<meta name=\"twitter:data1\" content=\"1 minute\" \/>\n<script type=\"application\/ld+json\" class=\"yoast-schema-graph\">{\"@context\":\"https:\/\/schema.org\",\"@graph\":[{\"@type\":\"WebPage\",\"@id\":\"https:\/\/folklore.ee\/estonka\/kulad-kaasajal\/l-s\/\",\"url\":\"https:\/\/folklore.ee\/estonka\/kulad-kaasajal\/l-s\/\",\"name\":\"L\u2013S - Estonka\",\"isPartOf\":{\"@id\":\"https:\/\/folklore.ee\/estonka\/#website\"},\"primaryImageOfPage\":{\"@id\":\"https:\/\/folklore.ee\/estonka\/kulad-kaasajal\/l-s\/#primaryimage\"},\"image\":{\"@id\":\"https:\/\/folklore.ee\/estonka\/kulad-kaasajal\/l-s\/#primaryimage\"},\"thumbnailUrl\":\"https:\/\/folklore.ee\/estonka\/wp-content\/uploads\/2020\/07\/1_3.jpg\",\"datePublished\":\"2020-07-29T06:12:40+00:00\",\"dateModified\":\"2021-05-10T08:18:42+00:00\",\"breadcrumb\":{\"@id\":\"https:\/\/folklore.ee\/estonka\/kulad-kaasajal\/l-s\/#breadcrumb\"},\"inLanguage\":\"en-US\",\"potentialAction\":[{\"@type\":\"ReadAction\",\"target\":[\"https:\/\/folklore.ee\/estonka\/kulad-kaasajal\/l-s\/\"]}]},{\"@type\":\"ImageObject\",\"inLanguage\":\"en-US\",\"@id\":\"https:\/\/folklore.ee\/estonka\/kulad-kaasajal\/l-s\/#primaryimage\",\"url\":\"https:\/\/folklore.ee\/estonka\/wp-content\/uploads\/2020\/07\/1_3.jpg\",\"contentUrl\":\"https:\/\/folklore.ee\/estonka\/wp-content\/uploads\/2020\/07\/1_3.jpg\",\"width\":1920,\"height\":400,\"caption\":\"K\u00fclad kaasajal kaanefoto\"},{\"@type\":\"BreadcrumbList\",\"@id\":\"https:\/\/folklore.ee\/estonka\/kulad-kaasajal\/l-s\/#breadcrumb\",\"itemListElement\":[{\"@type\":\"ListItem\",\"position\":1,\"name\":\"Avaleht\",\"item\":\"https:\/\/folklore.ee\/estonka\/\"},{\"@type\":\"ListItem\",\"position\":2,\"name\":\"K\u00fclade nimestik\",\"item\":\"https:\/\/folklore.ee\/estonka\/kulad-kaasajal\/\"},{\"@type\":\"ListItem\",\"position\":3,\"name\":\"L\u2013S\"}]},{\"@type\":\"WebSite\",\"@id\":\"https:\/\/folklore.ee\/estonka\/#website\",\"url\":\"https:\/\/folklore.ee\/estonka\/\",\"name\":\"Estonka\",\"description\":\"Just another WordPress site\",\"potentialAction\":[{\"@type\":\"SearchAction\",\"target\":{\"@type\":\"EntryPoint\",\"urlTemplate\":\"https:\/\/folklore.ee\/estonka\/?s={search_term_string}\"},\"query-input\":{\"@type\":\"PropertyValueSpecification\",\"valueRequired\":true,\"valueName\":\"search_term_string\"}}],\"inLanguage\":\"en-US\"}]}<\/script>\n<!-- \/ Yoast SEO plugin. -->","yoast_head_json":{"title":"L\u2013S - Estonka","robots":{"index":"index","follow":"follow","max-snippet":"max-snippet:-1","max-image-preview":"max-image-preview:large","max-video-preview":"max-video-preview:-1"},"canonical":"https:\/\/folklore.ee\/estonka\/kulad-kaasajal\/l-s\/","og_locale":"en_US","og_type":"article","og_title":"L\u2013S - Estonka","og_description":"Eestikeelne\/tekstis kasutatav nimi Praegune ametlik nimi A. Nigol 1918: kirjapilt, elanike arv Enamus-rahvus 1910.-1920. aastatel Elanike ja eestlaste arv 1990.-2000. aastatel Asukoht praeguse territoriaalse jaotuse j\u00e4rgi Liivi Lifljandija&nbsp; Lifl\u00e4ndka 90 peret, 600 hinge Eesti Enamuses teised rahvad, umbes 10 eesti keele oskajat Primorje krai, Bol\u0161oi Kameni linna koosseisus Lilienhof Liliengofka Lillek\u00fcla, Lilienhof, 82 peret, 360 [&hellip;]","og_url":"https:\/\/folklore.ee\/estonka\/kulad-kaasajal\/l-s\/","og_site_name":"Estonka","article_modified_time":"2021-05-10T08:18:42+00:00","og_image":[{"width":1920,"height":400,"url":"https:\/\/folklore.ee\/estonka\/wp-content\/uploads\/2020\/07\/1_3.jpg","type":"image\/jpeg"}],"twitter_card":"summary_large_image","twitter_misc":{"Est. reading time":"1 minute"},"schema":{"@context":"https:\/\/schema.org","@graph":[{"@type":"WebPage","@id":"https:\/\/folklore.ee\/estonka\/kulad-kaasajal\/l-s\/","url":"https:\/\/folklore.ee\/estonka\/kulad-kaasajal\/l-s\/","name":"L\u2013S - Estonka","isPartOf":{"@id":"https:\/\/folklore.ee\/estonka\/#website"},"primaryImageOfPage":{"@id":"https:\/\/folklore.ee\/estonka\/kulad-kaasajal\/l-s\/#primaryimage"},"image":{"@id":"https:\/\/folklore.ee\/estonka\/kulad-kaasajal\/l-s\/#primaryimage"},"thumbnailUrl":"https:\/\/folklore.ee\/estonka\/wp-content\/uploads\/2020\/07\/1_3.jpg","datePublished":"2020-07-29T06:12:40+00:00","dateModified":"2021-05-10T08:18:42+00:00","breadcrumb":{"@id":"https:\/\/folklore.ee\/estonka\/kulad-kaasajal\/l-s\/#breadcrumb"},"inLanguage":"en-US","potentialAction":[{"@type":"ReadAction","target":["https:\/\/folklore.ee\/estonka\/kulad-kaasajal\/l-s\/"]}]},{"@type":"ImageObject","inLanguage":"en-US","@id":"https:\/\/folklore.ee\/estonka\/kulad-kaasajal\/l-s\/#primaryimage","url":"https:\/\/folklore.ee\/estonka\/wp-content\/uploads\/2020\/07\/1_3.jpg","contentUrl":"https:\/\/folklore.ee\/estonka\/wp-content\/uploads\/2020\/07\/1_3.jpg","width":1920,"height":400,"caption":"K\u00fclad kaasajal kaanefoto"},{"@type":"BreadcrumbList","@id":"https:\/\/folklore.ee\/estonka\/kulad-kaasajal\/l-s\/#breadcrumb","itemListElement":[{"@type":"ListItem","position":1,"name":"Avaleht","item":"https:\/\/folklore.ee\/estonka\/"},{"@type":"ListItem","position":2,"name":"K\u00fclade nimestik","item":"https:\/\/folklore.ee\/estonka\/kulad-kaasajal\/"},{"@type":"ListItem","position":3,"name":"L\u2013S"}]},{"@type":"WebSite","@id":"https:\/\/folklore.ee\/estonka\/#website","url":"https:\/\/folklore.ee\/estonka\/","name":"Estonka","description":"Just another WordPress site","potentialAction":[{"@type":"SearchAction","target":{"@type":"EntryPoint","urlTemplate":"https:\/\/folklore.ee\/estonka\/?s={search_term_string}"},"query-input":{"@type":"PropertyValueSpecification","valueRequired":true,"valueName":"search_term_string"}}],"inLanguage":"en-US"}]}},"_links":{"self":[{"href":"https:\/\/folklore.ee\/estonka\/wp-json\/wp\/v2\/pages\/125"}],"collection":[{"href":"https:\/\/folklore.ee\/estonka\/wp-json\/wp\/v2\/pages"}],"about":[{"href":"https:\/\/folklore.ee\/estonka\/wp-json\/wp\/v2\/types\/page"}],"author":[{"embeddable":true,"href":"https:\/\/folklore.ee\/estonka\/wp-json\/wp\/v2\/users\/1"}],"replies":[{"embeddable":true,"href":"https:\/\/folklore.ee\/estonka\/wp-json\/wp\/v2\/comments?post=125"}],"version-history":[{"count":9,"href":"https:\/\/folklore.ee\/estonka\/wp-json\/wp\/v2\/pages\/125\/revisions"}],"predecessor-version":[{"id":2889,"href":"https:\/\/folklore.ee\/estonka\/wp-json\/wp\/v2\/pages\/125\/revisions\/2889"}],"up":[{"embeddable":true,"href":"https:\/\/folklore.ee\/estonka\/wp-json\/wp\/v2\/pages\/77"}],"wp:featuredmedia":[{"embeddable":true,"href":"https:\/\/folklore.ee\/estonka\/wp-json\/wp\/v2\/media\/213"}],"wp:attachment":[{"href":"https:\/\/folklore.ee\/estonka\/wp-json\/wp\/v2\/media?parent=125"}],"curies":[{"name":"wp","href":"https:\/\/api.w.org\/{rel}","templated":true}]}}