{"id":134,"date":"2020-07-29T06:30:10","date_gmt":"2020-07-29T06:30:10","guid":{"rendered":"http:\/\/folklore.ee\/estonka\/?page_id=134"},"modified":"2021-04-29T12:49:24","modified_gmt":"2021-04-29T12:49:24","slug":"valitoopaevikud","status":"publish","type":"page","link":"https:\/\/folklore.ee\/estonka\/kultuuriparandi-kogumine-ja-kogud\/kultuuriparandi-kogumine\/valitoopaevikud\/","title":{"rendered":"V\u00e4lit\u00f6\u00f6p\u00e4evikud"},"content":{"rendered":"\n<h2 class=\"has-text-align-center wp-block-heading\">Katkeid rahvaluule&nbsp;v\u00e4lit\u00f6\u00f6p\u00e4evikutest aastatel 1991-1996<strong>.<\/strong><\/h2>\n\n\n\n<h4 class=\"has-text-align-center wp-block-heading\">&nbsp;Valinud&nbsp;Mari-Ann Remmel<\/h4>\n\n\n\n<p class=\"has-text-align-center\">(<a aria-label=\"undefined (opens in a new tab)\" href=\"http:\/\/www.folklore.ee\/era\/kogumine\/vahel.htm\" target=\"_blank\" rel=\"noreferrer noopener\">http:\/\/www.folklore.ee\/era\/kogumine\/vahel.htm<\/a>)<\/p>\n\n\n\n<h3 class=\"wp-block-heading\"><a href=\"\/estonka\/kultuuriparandi-kogumine-ja-kogud-teaduslik-uurimistoo\/rahvaluule-kogumine\/valitoopaevikud\/1991-1993\/\">Aastad 1991-1993:<\/a><\/h3>\n\n\n\n<p>Krasnojarski krai (\u00dclem-Suetuk, \u00dclem-Bulanka), Tomski oblast (Kasek\u00fcla, Lillengof):<\/p>\n\n\n\n<div style=\"height:20px\" aria-hidden=\"true\" class=\"wp-block-spacer\"><\/div>\n\n\n\n<h3 class=\"wp-block-heading\"><a href=\"\/estonka\/kultuuriparandi-kogumine-ja-kogud-teaduslik-uurimistoo\/rahvaluule-kogumine\/valitoopaevikud\/1994-1996\/\" target=\"_blank\" aria-label=\"undefined (opens in a new tab)\" rel=\"noreferrer noopener\">Aastad 1994-1996:<\/a><\/h3>\n\n\n\n<p>Kemerovo oblast (Jurjev, Koidula); Tomski oblast (Vambola), Omski oblast (Zolotaja Niva, Semjonovka, ivanovka, Kovaljovo), Omski oblast (Jurjev, Lillik\u00fcla, Estonka, Mihhailovka).<\/p>\n\n\n\n<div style=\"height:20px\" aria-hidden=\"true\" class=\"wp-block-spacer\"><\/div>\n\n\n\n<p>V\u00e4lit\u00f6\u00f6p\u00e4evikuid vt veel:<\/p>\n\n\n\n<p>Folkloristide v\u00e4lit\u00f6\u00f6p\u00e4evikutel p\u00f5hinev raamat \u201eKohtumised Siberis. Eesti asundused VIII\u201c. Koostanud ja toimetanud Anu Korb. EKM Teaduskirjastus 2017.<\/p>\n\n\n\n<p>Vahtram\u00e4e, Ell. Seal Siberis Baikali taga. M\u00e4etagused, nr. 4<\/p>\n\n\n\n<p><a href=\"http:\/\/www.folklore.ee\/tagused\/nr4\/siber.htm\" target=\"_blank\" aria-label=\"undefined (opens in a new tab)\" rel=\"noreferrer noopener\">http:\/\/www.folklore.ee\/tagused\/nr4\/siber.htm<\/a><\/p>\n\n\n\n<p>Tuisk, Astrid. Me elup\u00e4iv\u00e4kese. M\u00e4etagused, nr. 5<\/p>\n\n\n\n<p><a href=\"http:\/\/www.folklore.ee\/tagused\/nr5\/siber00.htm\" target=\"_blank\" aria-label=\"undefined (opens in a new tab)\" rel=\"noreferrer noopener\">http:\/\/www.folklore.ee\/tagused\/nr5\/siber00.htm<\/a><\/p>\n\n\n\n<p>Remmel, Mari-Ann<\/p>\n\n\n\n<p>VanaVaraVedaja nr. 3<\/p>\n","protected":false},"excerpt":{"rendered":"<p>Katkeid rahvaluule&nbsp;v\u00e4lit\u00f6\u00f6p\u00e4evikutest aastatel 1991-1996. &nbsp;Valinud&nbsp;Mari-Ann Remmel (http:\/\/www.folklore.ee\/era\/kogumine\/vahel.htm) Aastad 1991-1993: Krasnojarski krai (\u00dclem-Suetuk, \u00dclem-Bulanka), Tomski oblast (Kasek\u00fcla, Lillengof): Aastad 1994-1996: Kemerovo oblast (Jurjev, Koidula); Tomski oblast (Vambola), Omski oblast (Zolotaja Niva, Semjonovka, ivanovka, Kovaljovo), Omski oblast (Jurjev, Lillik\u00fcla, Estonka, Mihhailovka). V\u00e4lit\u00f6\u00f6p\u00e4evikuid vt veel: Folkloristide v\u00e4lit\u00f6\u00f6p\u00e4evikutel p\u00f5hinev raamat \u201eKohtumised Siberis. Eesti asundused VIII\u201c. Koostanud ja toimetanud Anu [&hellip;]<\/p>\n","protected":false},"author":1,"featured_media":147,"parent":103,"menu_order":0,"comment_status":"closed","ping_status":"closed","template":"","meta":{"footnotes":""},"class_list":["post-134","page","type-page","status-publish","has-post-thumbnail","hentry"],"yoast_head":"<!-- This site is optimized with the Yoast SEO plugin v23.4 - https:\/\/yoast.com\/wordpress\/plugins\/seo\/ -->\n<title>V\u00e4lit\u00f6\u00f6p\u00e4evikud - Estonka<\/title>\n<meta name=\"description\" content=\"Katkeid rahvaluule v\u00e4lit\u00f6\u00f6p\u00e4evikutest, valinud Mari-Ann Remmel. Aastad 1991-1993, Krasnojarski krai. Aastad 1994-1996 Kemerovo oblast.\" \/>\n<meta name=\"robots\" content=\"index, follow, max-snippet:-1, max-image-preview:large, max-video-preview:-1\" \/>\n<link rel=\"canonical\" href=\"https:\/\/folklore.ee\/estonka\/kultuuriparandi-kogumine-ja-kogud\/kultuuriparandi-kogumine\/valitoopaevikud\/\" \/>\n<meta property=\"og:locale\" content=\"en_US\" \/>\n<meta property=\"og:type\" content=\"article\" \/>\n<meta property=\"og:title\" content=\"V\u00e4lit\u00f6\u00f6p\u00e4evikud - Estonka\" \/>\n<meta property=\"og:description\" content=\"Katkeid rahvaluule v\u00e4lit\u00f6\u00f6p\u00e4evikutest, valinud Mari-Ann Remmel. Aastad 1991-1993, Krasnojarski krai. Aastad 1994-1996 Kemerovo oblast.\" \/>\n<meta property=\"og:url\" content=\"https:\/\/folklore.ee\/estonka\/kultuuriparandi-kogumine-ja-kogud\/kultuuriparandi-kogumine\/valitoopaevikud\/\" \/>\n<meta property=\"og:site_name\" content=\"Estonka\" \/>\n<meta property=\"article:modified_time\" content=\"2021-04-29T12:49:24+00:00\" \/>\n<meta property=\"og:image\" content=\"https:\/\/folklore.ee\/estonka\/wp-content\/uploads\/2020\/07\/pilt13.jpg\" \/>\n\t<meta property=\"og:image:width\" content=\"1920\" \/>\n\t<meta property=\"og:image:height\" content=\"400\" \/>\n\t<meta property=\"og:image:type\" content=\"image\/jpeg\" \/>\n<meta name=\"twitter:card\" content=\"summary_large_image\" \/>\n<meta name=\"twitter:label1\" content=\"Est. reading time\" \/>\n\t<meta name=\"twitter:data1\" content=\"1 minute\" \/>\n<script type=\"application\/ld+json\" class=\"yoast-schema-graph\">{\"@context\":\"https:\/\/schema.org\",\"@graph\":[{\"@type\":\"WebPage\",\"@id\":\"https:\/\/folklore.ee\/estonka\/kultuuriparandi-kogumine-ja-kogud\/kultuuriparandi-kogumine\/valitoopaevikud\/\",\"url\":\"https:\/\/folklore.ee\/estonka\/kultuuriparandi-kogumine-ja-kogud\/kultuuriparandi-kogumine\/valitoopaevikud\/\",\"name\":\"V\u00e4lit\u00f6\u00f6p\u00e4evikud - Estonka\",\"isPartOf\":{\"@id\":\"https:\/\/folklore.ee\/estonka\/#website\"},\"primaryImageOfPage\":{\"@id\":\"https:\/\/folklore.ee\/estonka\/kultuuriparandi-kogumine-ja-kogud\/kultuuriparandi-kogumine\/valitoopaevikud\/#primaryimage\"},\"image\":{\"@id\":\"https:\/\/folklore.ee\/estonka\/kultuuriparandi-kogumine-ja-kogud\/kultuuriparandi-kogumine\/valitoopaevikud\/#primaryimage\"},\"thumbnailUrl\":\"https:\/\/folklore.ee\/estonka\/wp-content\/uploads\/2020\/07\/pilt13.jpg\",\"datePublished\":\"2020-07-29T06:30:10+00:00\",\"dateModified\":\"2021-04-29T12:49:24+00:00\",\"description\":\"Katkeid rahvaluule v\u00e4lit\u00f6\u00f6p\u00e4evikutest, valinud Mari-Ann Remmel. Aastad 1991-1993, Krasnojarski krai. Aastad 1994-1996 Kemerovo oblast.\",\"breadcrumb\":{\"@id\":\"https:\/\/folklore.ee\/estonka\/kultuuriparandi-kogumine-ja-kogud\/kultuuriparandi-kogumine\/valitoopaevikud\/#breadcrumb\"},\"inLanguage\":\"en-US\",\"potentialAction\":[{\"@type\":\"ReadAction\",\"target\":[\"https:\/\/folklore.ee\/estonka\/kultuuriparandi-kogumine-ja-kogud\/kultuuriparandi-kogumine\/valitoopaevikud\/\"]}]},{\"@type\":\"ImageObject\",\"inLanguage\":\"en-US\",\"@id\":\"https:\/\/folklore.ee\/estonka\/kultuuriparandi-kogumine-ja-kogud\/kultuuriparandi-kogumine\/valitoopaevikud\/#primaryimage\",\"url\":\"https:\/\/folklore.ee\/estonka\/wp-content\/uploads\/2020\/07\/pilt13.jpg\",\"contentUrl\":\"https:\/\/folklore.ee\/estonka\/wp-content\/uploads\/2020\/07\/pilt13.jpg\",\"width\":1920,\"height\":400,\"caption\":\"V\u00e4lit\u00f6\u00f6p\u00e4evikud kaanefoto\"},{\"@type\":\"BreadcrumbList\",\"@id\":\"https:\/\/folklore.ee\/estonka\/kultuuriparandi-kogumine-ja-kogud\/kultuuriparandi-kogumine\/valitoopaevikud\/#breadcrumb\",\"itemListElement\":[{\"@type\":\"ListItem\",\"position\":1,\"name\":\"Avaleht\",\"item\":\"https:\/\/folklore.ee\/estonka\/\"},{\"@type\":\"ListItem\",\"position\":2,\"name\":\"Kultuurip\u00e4randi kogumine ja kogud, \u00fclevaated ja uurimused\",\"item\":\"https:\/\/folklore.ee\/estonka\/kultuuriparandi-kogumine-ja-kogud\/\"},{\"@type\":\"ListItem\",\"position\":3,\"name\":\"Kultuurip\u00e4randi kogumine\",\"item\":\"https:\/\/folklore.ee\/estonka\/kultuuriparandi-kogumine-ja-kogud\/kultuuriparandi-kogumine\/\"},{\"@type\":\"ListItem\",\"position\":4,\"name\":\"V\u00e4lit\u00f6\u00f6p\u00e4evikud\"}]},{\"@type\":\"WebSite\",\"@id\":\"https:\/\/folklore.ee\/estonka\/#website\",\"url\":\"https:\/\/folklore.ee\/estonka\/\",\"name\":\"Estonka\",\"description\":\"Just another WordPress site\",\"potentialAction\":[{\"@type\":\"SearchAction\",\"target\":{\"@type\":\"EntryPoint\",\"urlTemplate\":\"https:\/\/folklore.ee\/estonka\/?s={search_term_string}\"},\"query-input\":{\"@type\":\"PropertyValueSpecification\",\"valueRequired\":true,\"valueName\":\"search_term_string\"}}],\"inLanguage\":\"en-US\"}]}<\/script>\n<!-- \/ Yoast SEO plugin. -->","yoast_head_json":{"title":"V\u00e4lit\u00f6\u00f6p\u00e4evikud - Estonka","description":"Katkeid rahvaluule v\u00e4lit\u00f6\u00f6p\u00e4evikutest, valinud Mari-Ann Remmel. Aastad 1991-1993, Krasnojarski krai. Aastad 1994-1996 Kemerovo oblast.","robots":{"index":"index","follow":"follow","max-snippet":"max-snippet:-1","max-image-preview":"max-image-preview:large","max-video-preview":"max-video-preview:-1"},"canonical":"https:\/\/folklore.ee\/estonka\/kultuuriparandi-kogumine-ja-kogud\/kultuuriparandi-kogumine\/valitoopaevikud\/","og_locale":"en_US","og_type":"article","og_title":"V\u00e4lit\u00f6\u00f6p\u00e4evikud - Estonka","og_description":"Katkeid rahvaluule v\u00e4lit\u00f6\u00f6p\u00e4evikutest, valinud Mari-Ann Remmel. Aastad 1991-1993, Krasnojarski krai. Aastad 1994-1996 Kemerovo oblast.","og_url":"https:\/\/folklore.ee\/estonka\/kultuuriparandi-kogumine-ja-kogud\/kultuuriparandi-kogumine\/valitoopaevikud\/","og_site_name":"Estonka","article_modified_time":"2021-04-29T12:49:24+00:00","og_image":[{"width":1920,"height":400,"url":"https:\/\/folklore.ee\/estonka\/wp-content\/uploads\/2020\/07\/pilt13.jpg","type":"image\/jpeg"}],"twitter_card":"summary_large_image","twitter_misc":{"Est. reading time":"1 minute"},"schema":{"@context":"https:\/\/schema.org","@graph":[{"@type":"WebPage","@id":"https:\/\/folklore.ee\/estonka\/kultuuriparandi-kogumine-ja-kogud\/kultuuriparandi-kogumine\/valitoopaevikud\/","url":"https:\/\/folklore.ee\/estonka\/kultuuriparandi-kogumine-ja-kogud\/kultuuriparandi-kogumine\/valitoopaevikud\/","name":"V\u00e4lit\u00f6\u00f6p\u00e4evikud - Estonka","isPartOf":{"@id":"https:\/\/folklore.ee\/estonka\/#website"},"primaryImageOfPage":{"@id":"https:\/\/folklore.ee\/estonka\/kultuuriparandi-kogumine-ja-kogud\/kultuuriparandi-kogumine\/valitoopaevikud\/#primaryimage"},"image":{"@id":"https:\/\/folklore.ee\/estonka\/kultuuriparandi-kogumine-ja-kogud\/kultuuriparandi-kogumine\/valitoopaevikud\/#primaryimage"},"thumbnailUrl":"https:\/\/folklore.ee\/estonka\/wp-content\/uploads\/2020\/07\/pilt13.jpg","datePublished":"2020-07-29T06:30:10+00:00","dateModified":"2021-04-29T12:49:24+00:00","description":"Katkeid rahvaluule v\u00e4lit\u00f6\u00f6p\u00e4evikutest, valinud Mari-Ann Remmel. Aastad 1991-1993, Krasnojarski krai. Aastad 1994-1996 Kemerovo oblast.","breadcrumb":{"@id":"https:\/\/folklore.ee\/estonka\/kultuuriparandi-kogumine-ja-kogud\/kultuuriparandi-kogumine\/valitoopaevikud\/#breadcrumb"},"inLanguage":"en-US","potentialAction":[{"@type":"ReadAction","target":["https:\/\/folklore.ee\/estonka\/kultuuriparandi-kogumine-ja-kogud\/kultuuriparandi-kogumine\/valitoopaevikud\/"]}]},{"@type":"ImageObject","inLanguage":"en-US","@id":"https:\/\/folklore.ee\/estonka\/kultuuriparandi-kogumine-ja-kogud\/kultuuriparandi-kogumine\/valitoopaevikud\/#primaryimage","url":"https:\/\/folklore.ee\/estonka\/wp-content\/uploads\/2020\/07\/pilt13.jpg","contentUrl":"https:\/\/folklore.ee\/estonka\/wp-content\/uploads\/2020\/07\/pilt13.jpg","width":1920,"height":400,"caption":"V\u00e4lit\u00f6\u00f6p\u00e4evikud kaanefoto"},{"@type":"BreadcrumbList","@id":"https:\/\/folklore.ee\/estonka\/kultuuriparandi-kogumine-ja-kogud\/kultuuriparandi-kogumine\/valitoopaevikud\/#breadcrumb","itemListElement":[{"@type":"ListItem","position":1,"name":"Avaleht","item":"https:\/\/folklore.ee\/estonka\/"},{"@type":"ListItem","position":2,"name":"Kultuurip\u00e4randi kogumine ja kogud, \u00fclevaated ja uurimused","item":"https:\/\/folklore.ee\/estonka\/kultuuriparandi-kogumine-ja-kogud\/"},{"@type":"ListItem","position":3,"name":"Kultuurip\u00e4randi kogumine","item":"https:\/\/folklore.ee\/estonka\/kultuuriparandi-kogumine-ja-kogud\/kultuuriparandi-kogumine\/"},{"@type":"ListItem","position":4,"name":"V\u00e4lit\u00f6\u00f6p\u00e4evikud"}]},{"@type":"WebSite","@id":"https:\/\/folklore.ee\/estonka\/#website","url":"https:\/\/folklore.ee\/estonka\/","name":"Estonka","description":"Just another WordPress site","potentialAction":[{"@type":"SearchAction","target":{"@type":"EntryPoint","urlTemplate":"https:\/\/folklore.ee\/estonka\/?s={search_term_string}"},"query-input":{"@type":"PropertyValueSpecification","valueRequired":true,"valueName":"search_term_string"}}],"inLanguage":"en-US"}]}},"_links":{"self":[{"href":"https:\/\/folklore.ee\/estonka\/wp-json\/wp\/v2\/pages\/134"}],"collection":[{"href":"https:\/\/folklore.ee\/estonka\/wp-json\/wp\/v2\/pages"}],"about":[{"href":"https:\/\/folklore.ee\/estonka\/wp-json\/wp\/v2\/types\/page"}],"author":[{"embeddable":true,"href":"https:\/\/folklore.ee\/estonka\/wp-json\/wp\/v2\/users\/1"}],"replies":[{"embeddable":true,"href":"https:\/\/folklore.ee\/estonka\/wp-json\/wp\/v2\/comments?post=134"}],"version-history":[{"count":5,"href":"https:\/\/folklore.ee\/estonka\/wp-json\/wp\/v2\/pages\/134\/revisions"}],"predecessor-version":[{"id":2729,"href":"https:\/\/folklore.ee\/estonka\/wp-json\/wp\/v2\/pages\/134\/revisions\/2729"}],"up":[{"embeddable":true,"href":"https:\/\/folklore.ee\/estonka\/wp-json\/wp\/v2\/pages\/103"}],"wp:featuredmedia":[{"embeddable":true,"href":"https:\/\/folklore.ee\/estonka\/wp-json\/wp\/v2\/media\/147"}],"wp:attachment":[{"href":"https:\/\/folklore.ee\/estonka\/wp-json\/wp\/v2\/media?parent=134"}],"curies":[{"name":"wp","href":"https:\/\/api.w.org\/{rel}","templated":true}]}}