{"id":138,"date":"2020-07-29T06:36:21","date_gmt":"2020-07-29T06:36:21","guid":{"rendered":"http:\/\/folklore.ee\/estonka\/?page_id=138"},"modified":"2021-04-29T13:48:03","modified_gmt":"2021-04-29T13:48:03","slug":"ulevaated","status":"publish","type":"page","link":"https:\/\/folklore.ee\/estonka\/kultuuriparandi-kogumine-ja-kogud\/ulevaated-ja-uurimused\/ulevaated\/","title":{"rendered":"\u00dclevaated"},"content":{"rendered":"\n<div class=\"wp-block-columns is-layout-flex wp-container-core-columns-is-layout-1 wp-block-columns-is-layout-flex\">\n<div class=\"wp-block-column is-layout-flow wp-block-column-is-layout-flow\">\n<p>Esimesed kirjeldavad \u00fclevaateteosed Venemaa Eesti asunduste kohta, kus oli juttu ka Siberi eestlastest, ilmusid J\u00fcri Meomuttelilt (\u201cEesti asunikud laialises Vene riigis. Esimene katse s\u00f5numid k\u00f5ikide Eesti asunduste \u00fcle tuua\u201d, 1900) ja August Nigolilt (1918).<\/p>\n\n\n\n<p>A. Nigoli raamatu \u201d<a href=\"https:\/\/galerii.kirmus.ee\/grafo\/raamat.php?id=143\" target=\"_blank\" aria-label=\"undefined (opens in a new tab)\" rel=\"noreferrer noopener\">Eesti asundused ja asupaigad Venemaal<\/a>\u201d ilmumise ajaks oli p\u00f5hiosa asundustest moodustatud ning m\u00f5ningatest ebat\u00e4psustest hoolimata on see t\u00e4nap\u00e4evani asunduste k\u00f5ige t\u00e4ielikum \u00fclevaade.<\/p>\n<\/div>\n\n\n\n<div class=\"wp-block-column is-layout-flow wp-block-column-is-layout-flow\">\n<figure class=\"wp-block-image size-large is-resized\"><a href=\"http:\/\/folklore.ee\/estonka\/wp-content\/uploads\/2020\/09\/000-esikaas.jpg\"><img loading=\"lazy\" decoding=\"async\" src=\"http:\/\/folklore.ee\/estonka\/wp-content\/uploads\/2020\/09\/000-esikaas-640x1024.jpg\" alt=\"\" class=\"wp-image-2583\" width=\"180\" height=\"288\" srcset=\"https:\/\/folklore.ee\/estonka\/wp-content\/uploads\/2020\/09\/000-esikaas-640x1024.jpg 640w, https:\/\/folklore.ee\/estonka\/wp-content\/uploads\/2020\/09\/000-esikaas-188x300.jpg 188w, https:\/\/folklore.ee\/estonka\/wp-content\/uploads\/2020\/09\/000-esikaas-768x1229.jpg 768w, https:\/\/folklore.ee\/estonka\/wp-content\/uploads\/2020\/09\/000-esikaas.jpg 800w\" sizes=\"(max-width: 180px) 100vw, 180px\" \/><\/a><figcaption>A. Nigol \u201dEesti asundused ja asupaigad Venemaal\u201d<\/figcaption><\/figure>\n\n\n\n<p><\/p>\n<\/div>\n<\/div>\n\n\n\n<div class=\"wp-block-columns is-layout-flex wp-container-core-columns-is-layout-2 wp-block-columns-is-layout-flex\">\n<div class=\"wp-block-column is-layout-flow wp-block-column-is-layout-flow\">\n<p>aastate \u00fclevaateteosed Hill Kulult (\u201cEestlased maailmas. \u00dclevaade arvukusest ja paiknemisest\u201d, 1992) ja Raimo Raagilt (\u201cEestlane v\u00e4ljaspool Eestit. Ajalooline \u00fclevaade\u201d, 1999) k\u00e4sitlevad Venemaa eestlasi kogu maailma eestlaste kontekstis.<\/p>\n<\/div>\n\n\n\n<div class=\"wp-block-column is-layout-flow wp-block-column-is-layout-flow\">\n<figure class=\"wp-block-image size-large is-resized\"><a href=\"http:\/\/folklore.ee\/estonka\/wp-content\/uploads\/2020\/08\/ylevaade_1.jpg\"><img loading=\"lazy\" decoding=\"async\" src=\"http:\/\/folklore.ee\/estonka\/wp-content\/uploads\/2020\/08\/ylevaade_1.jpg\" alt=\"\" class=\"wp-image-379\" width=\"172\" height=\"249\"\/><\/a><figcaption>\u201eEestlane v\u00e4ljaspool Eestts\u201c<\/figcaption><\/figure>\n<\/div>\n\n\n\n<div class=\"wp-block-column is-layout-flow wp-block-column-is-layout-flow\">\n<figure class=\"wp-block-image size-large is-resized\"><a href=\"http:\/\/folklore.ee\/estonka\/wp-content\/uploads\/2020\/08\/ylevaade_2.jpg\"><img loading=\"lazy\" decoding=\"async\" src=\"http:\/\/folklore.ee\/estonka\/wp-content\/uploads\/2020\/08\/ylevaade_2.jpg\" alt=\"\" class=\"wp-image-380\" width=\"169\" height=\"252\"\/><\/a><figcaption>\u201eEestlased ja eesti keel v\u00e4lismaal\u201c<\/figcaption><\/figure>\n<\/div>\n<\/div>\n\n\n\n<p>J\u00fcri Viikberg ning Kristiina Praakli on koostanud p\u00f5hjaliku koguteose &#8220;Eestlased ja eesti keel v\u00e4lismaal&#8221; (2010). Mahukas ja laiahaardeline raamat koondab oma kaante vahele ajaloolis-statistilised \u00fclevaated eri mandritel ja riikides elavatest eestlastest, pakkudes lisaks v\u00e4liseestlaskonna kujunemisloole ka s\u00fcvendatud k\u00e4sitlusi nende keelekasutuse kohta.<\/p>\n\n\n\n<p>Venemaa eestlaste arvukuse ja paiknemise kohta on \u00fclevaateartikleid avaldanud Samuel Sommer (1929), Villem Ernits (1929), Alo Raun (1958, 1986), Lembit V\u00f5ime (1992, 1993), Lembit Tepp (1993) jt.<\/p>\n","protected":false},"excerpt":{"rendered":"<p>Esimesed kirjeldavad \u00fclevaateteosed Venemaa Eesti asunduste kohta, kus oli juttu ka Siberi eestlastest, ilmusid J\u00fcri Meomuttelilt (\u201cEesti asunikud laialises Vene riigis. Esimene katse s\u00f5numid k\u00f5ikide Eesti asunduste \u00fcle tuua\u201d, 1900) ja August Nigolilt (1918). A. Nigoli raamatu \u201dEesti asundused ja asupaigad Venemaal\u201d ilmumise ajaks oli p\u00f5hiosa asundustest moodustatud ning m\u00f5ningatest ebat\u00e4psustest hoolimata on see t\u00e4nap\u00e4evani [&hellip;]<\/p>\n","protected":false},"author":1,"featured_media":394,"parent":105,"menu_order":0,"comment_status":"closed","ping_status":"closed","template":"","meta":{"footnotes":""},"class_list":["post-138","page","type-page","status-publish","has-post-thumbnail","hentry"],"yoast_head":"<!-- This site is optimized with the Yoast SEO plugin v23.4 - https:\/\/yoast.com\/wordpress\/plugins\/seo\/ -->\n<title>\u00dclevaated - Estonka<\/title>\n<meta name=\"description\" content=\"Rahvaluule kogumisekpseditioonide materjalide p\u00f5hjal on avaldatud viis kommenteeritud tekstivalimikku sarjas &quot;Eesti asundused&quot;.\" \/>\n<meta name=\"robots\" content=\"index, follow, max-snippet:-1, max-image-preview:large, max-video-preview:-1\" \/>\n<link rel=\"canonical\" href=\"https:\/\/folklore.ee\/estonka\/kultuuriparandi-kogumine-ja-kogud\/ulevaated-ja-uurimused\/ulevaated\/\" \/>\n<meta property=\"og:locale\" content=\"en_US\" \/>\n<meta property=\"og:type\" content=\"article\" \/>\n<meta property=\"og:title\" content=\"\u00dclevaated - Estonka\" \/>\n<meta property=\"og:description\" content=\"Rahvaluule kogumisekpseditioonide materjalide p\u00f5hjal on avaldatud viis kommenteeritud tekstivalimikku sarjas &quot;Eesti asundused&quot;.\" \/>\n<meta property=\"og:url\" content=\"https:\/\/folklore.ee\/estonka\/kultuuriparandi-kogumine-ja-kogud\/ulevaated-ja-uurimused\/ulevaated\/\" \/>\n<meta property=\"og:site_name\" content=\"Estonka\" \/>\n<meta property=\"article:modified_time\" content=\"2021-04-29T13:48:03+00:00\" \/>\n<meta property=\"og:image\" content=\"https:\/\/folklore.ee\/estonka\/wp-content\/uploads\/2020\/08\/X_pilt7.jpg\" \/>\n\t<meta property=\"og:image:width\" content=\"1920\" \/>\n\t<meta property=\"og:image:height\" content=\"400\" \/>\n\t<meta property=\"og:image:type\" content=\"image\/jpeg\" \/>\n<meta name=\"twitter:card\" content=\"summary_large_image\" \/>\n<meta name=\"twitter:label1\" content=\"Est. reading time\" \/>\n\t<meta name=\"twitter:data1\" content=\"1 minute\" \/>\n<script type=\"application\/ld+json\" class=\"yoast-schema-graph\">{\"@context\":\"https:\/\/schema.org\",\"@graph\":[{\"@type\":\"WebPage\",\"@id\":\"https:\/\/folklore.ee\/estonka\/kultuuriparandi-kogumine-ja-kogud\/ulevaated-ja-uurimused\/ulevaated\/\",\"url\":\"https:\/\/folklore.ee\/estonka\/kultuuriparandi-kogumine-ja-kogud\/ulevaated-ja-uurimused\/ulevaated\/\",\"name\":\"\u00dclevaated - Estonka\",\"isPartOf\":{\"@id\":\"https:\/\/folklore.ee\/estonka\/#website\"},\"primaryImageOfPage\":{\"@id\":\"https:\/\/folklore.ee\/estonka\/kultuuriparandi-kogumine-ja-kogud\/ulevaated-ja-uurimused\/ulevaated\/#primaryimage\"},\"image\":{\"@id\":\"https:\/\/folklore.ee\/estonka\/kultuuriparandi-kogumine-ja-kogud\/ulevaated-ja-uurimused\/ulevaated\/#primaryimage\"},\"thumbnailUrl\":\"https:\/\/folklore.ee\/estonka\/wp-content\/uploads\/2020\/08\/X_pilt7.jpg\",\"datePublished\":\"2020-07-29T06:36:21+00:00\",\"dateModified\":\"2021-04-29T13:48:03+00:00\",\"description\":\"Rahvaluule kogumisekpseditioonide materjalide p\u00f5hjal on avaldatud viis kommenteeritud tekstivalimikku sarjas \\\"Eesti asundused\\\".\",\"breadcrumb\":{\"@id\":\"https:\/\/folklore.ee\/estonka\/kultuuriparandi-kogumine-ja-kogud\/ulevaated-ja-uurimused\/ulevaated\/#breadcrumb\"},\"inLanguage\":\"en-US\",\"potentialAction\":[{\"@type\":\"ReadAction\",\"target\":[\"https:\/\/folklore.ee\/estonka\/kultuuriparandi-kogumine-ja-kogud\/ulevaated-ja-uurimused\/ulevaated\/\"]}]},{\"@type\":\"ImageObject\",\"inLanguage\":\"en-US\",\"@id\":\"https:\/\/folklore.ee\/estonka\/kultuuriparandi-kogumine-ja-kogud\/ulevaated-ja-uurimused\/ulevaated\/#primaryimage\",\"url\":\"https:\/\/folklore.ee\/estonka\/wp-content\/uploads\/2020\/08\/X_pilt7.jpg\",\"contentUrl\":\"https:\/\/folklore.ee\/estonka\/wp-content\/uploads\/2020\/08\/X_pilt7.jpg\",\"width\":1920,\"height\":400,\"caption\":\"Publitseerimine kaanefoto\"},{\"@type\":\"BreadcrumbList\",\"@id\":\"https:\/\/folklore.ee\/estonka\/kultuuriparandi-kogumine-ja-kogud\/ulevaated-ja-uurimused\/ulevaated\/#breadcrumb\",\"itemListElement\":[{\"@type\":\"ListItem\",\"position\":1,\"name\":\"Avaleht\",\"item\":\"https:\/\/folklore.ee\/estonka\/\"},{\"@type\":\"ListItem\",\"position\":2,\"name\":\"Kultuurip\u00e4randi kogumine ja kogud, \u00fclevaated ja uurimused\",\"item\":\"https:\/\/folklore.ee\/estonka\/kultuuriparandi-kogumine-ja-kogud\/\"},{\"@type\":\"ListItem\",\"position\":3,\"name\":\"\u00dclevaated ja uurimused\",\"item\":\"https:\/\/folklore.ee\/estonka\/kultuuriparandi-kogumine-ja-kogud\/ulevaated-ja-uurimused\/\"},{\"@type\":\"ListItem\",\"position\":4,\"name\":\"\u00dclevaated\"}]},{\"@type\":\"WebSite\",\"@id\":\"https:\/\/folklore.ee\/estonka\/#website\",\"url\":\"https:\/\/folklore.ee\/estonka\/\",\"name\":\"Estonka\",\"description\":\"Just another WordPress site\",\"potentialAction\":[{\"@type\":\"SearchAction\",\"target\":{\"@type\":\"EntryPoint\",\"urlTemplate\":\"https:\/\/folklore.ee\/estonka\/?s={search_term_string}\"},\"query-input\":{\"@type\":\"PropertyValueSpecification\",\"valueRequired\":true,\"valueName\":\"search_term_string\"}}],\"inLanguage\":\"en-US\"}]}<\/script>\n<!-- \/ Yoast SEO plugin. -->","yoast_head_json":{"title":"\u00dclevaated - Estonka","description":"Rahvaluule kogumisekpseditioonide materjalide p\u00f5hjal on avaldatud viis kommenteeritud tekstivalimikku sarjas \"Eesti asundused\".","robots":{"index":"index","follow":"follow","max-snippet":"max-snippet:-1","max-image-preview":"max-image-preview:large","max-video-preview":"max-video-preview:-1"},"canonical":"https:\/\/folklore.ee\/estonka\/kultuuriparandi-kogumine-ja-kogud\/ulevaated-ja-uurimused\/ulevaated\/","og_locale":"en_US","og_type":"article","og_title":"\u00dclevaated - Estonka","og_description":"Rahvaluule kogumisekpseditioonide materjalide p\u00f5hjal on avaldatud viis kommenteeritud tekstivalimikku sarjas \"Eesti asundused\".","og_url":"https:\/\/folklore.ee\/estonka\/kultuuriparandi-kogumine-ja-kogud\/ulevaated-ja-uurimused\/ulevaated\/","og_site_name":"Estonka","article_modified_time":"2021-04-29T13:48:03+00:00","og_image":[{"width":1920,"height":400,"url":"https:\/\/folklore.ee\/estonka\/wp-content\/uploads\/2020\/08\/X_pilt7.jpg","type":"image\/jpeg"}],"twitter_card":"summary_large_image","twitter_misc":{"Est. reading time":"1 minute"},"schema":{"@context":"https:\/\/schema.org","@graph":[{"@type":"WebPage","@id":"https:\/\/folklore.ee\/estonka\/kultuuriparandi-kogumine-ja-kogud\/ulevaated-ja-uurimused\/ulevaated\/","url":"https:\/\/folklore.ee\/estonka\/kultuuriparandi-kogumine-ja-kogud\/ulevaated-ja-uurimused\/ulevaated\/","name":"\u00dclevaated - Estonka","isPartOf":{"@id":"https:\/\/folklore.ee\/estonka\/#website"},"primaryImageOfPage":{"@id":"https:\/\/folklore.ee\/estonka\/kultuuriparandi-kogumine-ja-kogud\/ulevaated-ja-uurimused\/ulevaated\/#primaryimage"},"image":{"@id":"https:\/\/folklore.ee\/estonka\/kultuuriparandi-kogumine-ja-kogud\/ulevaated-ja-uurimused\/ulevaated\/#primaryimage"},"thumbnailUrl":"https:\/\/folklore.ee\/estonka\/wp-content\/uploads\/2020\/08\/X_pilt7.jpg","datePublished":"2020-07-29T06:36:21+00:00","dateModified":"2021-04-29T13:48:03+00:00","description":"Rahvaluule kogumisekpseditioonide materjalide p\u00f5hjal on avaldatud viis kommenteeritud tekstivalimikku sarjas \"Eesti asundused\".","breadcrumb":{"@id":"https:\/\/folklore.ee\/estonka\/kultuuriparandi-kogumine-ja-kogud\/ulevaated-ja-uurimused\/ulevaated\/#breadcrumb"},"inLanguage":"en-US","potentialAction":[{"@type":"ReadAction","target":["https:\/\/folklore.ee\/estonka\/kultuuriparandi-kogumine-ja-kogud\/ulevaated-ja-uurimused\/ulevaated\/"]}]},{"@type":"ImageObject","inLanguage":"en-US","@id":"https:\/\/folklore.ee\/estonka\/kultuuriparandi-kogumine-ja-kogud\/ulevaated-ja-uurimused\/ulevaated\/#primaryimage","url":"https:\/\/folklore.ee\/estonka\/wp-content\/uploads\/2020\/08\/X_pilt7.jpg","contentUrl":"https:\/\/folklore.ee\/estonka\/wp-content\/uploads\/2020\/08\/X_pilt7.jpg","width":1920,"height":400,"caption":"Publitseerimine kaanefoto"},{"@type":"BreadcrumbList","@id":"https:\/\/folklore.ee\/estonka\/kultuuriparandi-kogumine-ja-kogud\/ulevaated-ja-uurimused\/ulevaated\/#breadcrumb","itemListElement":[{"@type":"ListItem","position":1,"name":"Avaleht","item":"https:\/\/folklore.ee\/estonka\/"},{"@type":"ListItem","position":2,"name":"Kultuurip\u00e4randi kogumine ja kogud, \u00fclevaated ja uurimused","item":"https:\/\/folklore.ee\/estonka\/kultuuriparandi-kogumine-ja-kogud\/"},{"@type":"ListItem","position":3,"name":"\u00dclevaated ja uurimused","item":"https:\/\/folklore.ee\/estonka\/kultuuriparandi-kogumine-ja-kogud\/ulevaated-ja-uurimused\/"},{"@type":"ListItem","position":4,"name":"\u00dclevaated"}]},{"@type":"WebSite","@id":"https:\/\/folklore.ee\/estonka\/#website","url":"https:\/\/folklore.ee\/estonka\/","name":"Estonka","description":"Just another WordPress site","potentialAction":[{"@type":"SearchAction","target":{"@type":"EntryPoint","urlTemplate":"https:\/\/folklore.ee\/estonka\/?s={search_term_string}"},"query-input":{"@type":"PropertyValueSpecification","valueRequired":true,"valueName":"search_term_string"}}],"inLanguage":"en-US"}]}},"_links":{"self":[{"href":"https:\/\/folklore.ee\/estonka\/wp-json\/wp\/v2\/pages\/138"}],"collection":[{"href":"https:\/\/folklore.ee\/estonka\/wp-json\/wp\/v2\/pages"}],"about":[{"href":"https:\/\/folklore.ee\/estonka\/wp-json\/wp\/v2\/types\/page"}],"author":[{"embeddable":true,"href":"https:\/\/folklore.ee\/estonka\/wp-json\/wp\/v2\/users\/1"}],"replies":[{"embeddable":true,"href":"https:\/\/folklore.ee\/estonka\/wp-json\/wp\/v2\/comments?post=138"}],"version-history":[{"count":5,"href":"https:\/\/folklore.ee\/estonka\/wp-json\/wp\/v2\/pages\/138\/revisions"}],"predecessor-version":[{"id":2732,"href":"https:\/\/folklore.ee\/estonka\/wp-json\/wp\/v2\/pages\/138\/revisions\/2732"}],"up":[{"embeddable":true,"href":"https:\/\/folklore.ee\/estonka\/wp-json\/wp\/v2\/pages\/105"}],"wp:featuredmedia":[{"embeddable":true,"href":"https:\/\/folklore.ee\/estonka\/wp-json\/wp\/v2\/media\/394"}],"wp:attachment":[{"href":"https:\/\/folklore.ee\/estonka\/wp-json\/wp\/v2\/media?parent=138"}],"curies":[{"name":"wp","href":"https:\/\/api.w.org\/{rel}","templated":true}]}}