{"id":2249,"date":"2020-09-08T10:20:04","date_gmt":"2020-09-08T10:20:04","guid":{"rendered":"http:\/\/folklore.ee\/estonka\/?page_id=2249"},"modified":"2020-09-11T08:02:40","modified_gmt":"2020-09-11T08:02:40","slug":"villages-today","status":"publish","type":"page","link":"https:\/\/folklore.ee\/estonka\/en\/villages-today\/","title":{"rendered":"Villages today"},"content":{"rendered":"\n<p><a aria-label=\"undefined (opens in a new tab)\" href=\"\/estonka\/siberi-kaart\/\" target=\"_blank\" rel=\"noreferrer noopener\">View map<\/a><\/p>\n\n\n\n<p>Clicking on the red button next to the name of the village will open the address and location of the village.<\/p>\n\n\n\n<div class=\"wp-block-image\"><figure class=\"aligncenter size-large\"><a href=\"\/estonka\/siberi-kaart\/\" target=\"_blank\" rel=\"noopener noreferrer\"><img loading=\"lazy\" decoding=\"async\" width=\"1024\" height=\"571\" src=\"http:\/\/folklore.ee\/estonka\/wp-content\/uploads\/2020\/09\/Siberi_kaart-1-1024x571.jpg\" alt=\"\" class=\"wp-image-2467\" srcset=\"https:\/\/folklore.ee\/estonka\/wp-content\/uploads\/2020\/09\/Siberi_kaart-1-1024x571.jpg 1024w, https:\/\/folklore.ee\/estonka\/wp-content\/uploads\/2020\/09\/Siberi_kaart-1-300x167.jpg 300w, https:\/\/folklore.ee\/estonka\/wp-content\/uploads\/2020\/09\/Siberi_kaart-1-768x428.jpg 768w, https:\/\/folklore.ee\/estonka\/wp-content\/uploads\/2020\/09\/Siberi_kaart-1.jpg 1122w\" sizes=\"(max-width: 1024px) 100vw, 1024px\" \/><\/a><\/figure><\/div>\n\n\n\n<p>The localities inhabited by the Siberian Estonians are situated far and wide \u2013 next to the major railway lines on the fertile steppe, in the Northern taiga and in the midst of marshes, in the mountainous land not far from the Altai and Sayan mountains. Estonians reached even the Far East, settling on the shores of the Sea of Japan \u2013 the largest settlements were called Linda and Liivi (Liflyandia), but we will not discuss them at length here. The similar approach is taken to the villages of what is now the Tyumen Region and Kazakhstan.<\/p>\n\n\n\n<h3 class=\"wp-block-heading\">Estonian village population figures \u2013 past and present<\/h3>\n\n\n\n<p>The villages nowadays differ by the population size and native language proficiency.<\/p>\n\n\n\n<p>Some of the villages now have more Estonians and Estonian is the main language of communication \u2013 for instance, the peripheral villages of \u00dclem-Suetuk, Nikolayevka (90% Estonians), Lillik\u00fcl\u00e4 (78% Estonians), Koidula (65%), Rozental (50%). Several villages have received representatives of other nationalities and the majority of the former Estonian settlements now boast a motley national composition (Vana-Viru, Orava, etc.). The geographically advantageous localities, evolving into modern collective farm and village council centres, attracted more representatives of other nationalities, for example the villages of Zolotaya Niva, Vambola, Kasek\u00fcla (Tomsk Region), Ivanovka, Tsvetnopolye, Uusk\u00fcla. For a while, the Estonian population size in them even increased because among the newcomers were the Estonians from the smaller and peripheral villages. But as all the village people no longer lived separately by nationality, the assimilation process was rapid. In the present day a few of those villages have preserved a considerable Estonian-language community (Kasek\u00fcla, Zolotaya Niva, etc.). Although the smaller and peripheral villages are still mainly inhabited by the Estonians, the residents are forced to leave due to the difficult living conditions and poor infrastructure (Jurjevid, Liliengof, \u00dclem-Bulanka, Estonka, near&nbsp;Tara). The old village site is often already ploughed over and the only village remnants are the sunken graveyard crosses and the honeysuckle bushes, as at the Kasek\u00fcla and Aruk\u00fcla sites in the vicinity of the city of Tatarsk. The Linda village in the Tomsk Region has shrunk to the walls of the last house standing. Sometimes the inhabited locality is still there, but with almost no Estonians left (e.g. the village of Estonia in the Altai Territory).<\/p>\n","protected":false},"excerpt":{"rendered":"<p>View map Clicking on the red button next to the name of the village will open the address and location of the village. The localities inhabited by the Siberian Estonians are situated far and wide \u2013 next to the major railway lines on the fertile steppe, in the Northern taiga and in the midst of [&hellip;]<\/p>\n","protected":false},"author":1,"featured_media":2250,"parent":0,"menu_order":0,"comment_status":"closed","ping_status":"closed","template":"","meta":{"footnotes":""},"class_list":["post-2249","page","type-page","status-publish","has-post-thumbnail","hentry"],"yoast_head":"<!-- This site is optimized with the Yoast SEO plugin v23.4 - https:\/\/yoast.com\/wordpress\/plugins\/seo\/ -->\n<title>Villages today - Estonka<\/title>\n<meta name=\"robots\" content=\"index, follow, max-snippet:-1, max-image-preview:large, max-video-preview:-1\" \/>\n<link rel=\"canonical\" href=\"https:\/\/folklore.ee\/estonka\/en\/villages-today\/\" \/>\n<meta property=\"og:locale\" content=\"en_US\" \/>\n<meta property=\"og:type\" content=\"article\" \/>\n<meta property=\"og:title\" content=\"Villages today - Estonka\" \/>\n<meta property=\"og:description\" content=\"View map Clicking on the red button next to the name of the village will open the address and location of the village. The localities inhabited by the Siberian Estonians are situated far and wide \u2013 next to the major railway lines on the fertile steppe, in the Northern taiga and in the midst of [&hellip;]\" \/>\n<meta property=\"og:url\" content=\"https:\/\/folklore.ee\/estonka\/en\/villages-today\/\" \/>\n<meta property=\"og:site_name\" content=\"Estonka\" \/>\n<meta property=\"article:modified_time\" content=\"2020-09-11T08:02:40+00:00\" \/>\n<meta property=\"og:image\" content=\"https:\/\/folklore.ee\/estonka\/wp-content\/uploads\/2020\/09\/X_1_2.jpg\" \/>\n\t<meta property=\"og:image:width\" content=\"1920\" \/>\n\t<meta property=\"og:image:height\" content=\"400\" \/>\n\t<meta property=\"og:image:type\" content=\"image\/jpeg\" \/>\n<meta name=\"twitter:card\" content=\"summary_large_image\" \/>\n<meta name=\"twitter:label1\" content=\"Est. reading time\" \/>\n\t<meta name=\"twitter:data1\" content=\"2 minutes\" \/>\n<script type=\"application\/ld+json\" class=\"yoast-schema-graph\">{\"@context\":\"https:\/\/schema.org\",\"@graph\":[{\"@type\":\"WebPage\",\"@id\":\"https:\/\/folklore.ee\/estonka\/en\/villages-today\/\",\"url\":\"https:\/\/folklore.ee\/estonka\/en\/villages-today\/\",\"name\":\"Villages today - Estonka\",\"isPartOf\":{\"@id\":\"https:\/\/folklore.ee\/estonka\/#website\"},\"primaryImageOfPage\":{\"@id\":\"https:\/\/folklore.ee\/estonka\/en\/villages-today\/#primaryimage\"},\"image\":{\"@id\":\"https:\/\/folklore.ee\/estonka\/en\/villages-today\/#primaryimage\"},\"thumbnailUrl\":\"https:\/\/folklore.ee\/estonka\/wp-content\/uploads\/2020\/09\/X_1_2.jpg\",\"datePublished\":\"2020-09-08T10:20:04+00:00\",\"dateModified\":\"2020-09-11T08:02:40+00:00\",\"breadcrumb\":{\"@id\":\"https:\/\/folklore.ee\/estonka\/en\/villages-today\/#breadcrumb\"},\"inLanguage\":\"en-US\",\"potentialAction\":[{\"@type\":\"ReadAction\",\"target\":[\"https:\/\/folklore.ee\/estonka\/en\/villages-today\/\"]}]},{\"@type\":\"ImageObject\",\"inLanguage\":\"en-US\",\"@id\":\"https:\/\/folklore.ee\/estonka\/en\/villages-today\/#primaryimage\",\"url\":\"https:\/\/folklore.ee\/estonka\/wp-content\/uploads\/2020\/09\/X_1_2.jpg\",\"contentUrl\":\"https:\/\/folklore.ee\/estonka\/wp-content\/uploads\/2020\/09\/X_1_2.jpg\",\"width\":1920,\"height\":400,\"caption\":\"Villages today cover\"},{\"@type\":\"BreadcrumbList\",\"@id\":\"https:\/\/folklore.ee\/estonka\/en\/villages-today\/#breadcrumb\",\"itemListElement\":[{\"@type\":\"ListItem\",\"position\":1,\"name\":\"Avaleht\",\"item\":\"https:\/\/folklore.ee\/estonka\/\"},{\"@type\":\"ListItem\",\"position\":2,\"name\":\"Villages today\"}]},{\"@type\":\"WebSite\",\"@id\":\"https:\/\/folklore.ee\/estonka\/#website\",\"url\":\"https:\/\/folklore.ee\/estonka\/\",\"name\":\"Estonka\",\"description\":\"Just another WordPress site\",\"potentialAction\":[{\"@type\":\"SearchAction\",\"target\":{\"@type\":\"EntryPoint\",\"urlTemplate\":\"https:\/\/folklore.ee\/estonka\/?s={search_term_string}\"},\"query-input\":{\"@type\":\"PropertyValueSpecification\",\"valueRequired\":true,\"valueName\":\"search_term_string\"}}],\"inLanguage\":\"en-US\"}]}<\/script>\n<!-- \/ Yoast SEO plugin. -->","yoast_head_json":{"title":"Villages today - Estonka","robots":{"index":"index","follow":"follow","max-snippet":"max-snippet:-1","max-image-preview":"max-image-preview:large","max-video-preview":"max-video-preview:-1"},"canonical":"https:\/\/folklore.ee\/estonka\/en\/villages-today\/","og_locale":"en_US","og_type":"article","og_title":"Villages today - Estonka","og_description":"View map Clicking on the red button next to the name of the village will open the address and location of the village. The localities inhabited by the Siberian Estonians are situated far and wide \u2013 next to the major railway lines on the fertile steppe, in the Northern taiga and in the midst of [&hellip;]","og_url":"https:\/\/folklore.ee\/estonka\/en\/villages-today\/","og_site_name":"Estonka","article_modified_time":"2020-09-11T08:02:40+00:00","og_image":[{"width":1920,"height":400,"url":"https:\/\/folklore.ee\/estonka\/wp-content\/uploads\/2020\/09\/X_1_2.jpg","type":"image\/jpeg"}],"twitter_card":"summary_large_image","twitter_misc":{"Est. reading time":"2 minutes"},"schema":{"@context":"https:\/\/schema.org","@graph":[{"@type":"WebPage","@id":"https:\/\/folklore.ee\/estonka\/en\/villages-today\/","url":"https:\/\/folklore.ee\/estonka\/en\/villages-today\/","name":"Villages today - Estonka","isPartOf":{"@id":"https:\/\/folklore.ee\/estonka\/#website"},"primaryImageOfPage":{"@id":"https:\/\/folklore.ee\/estonka\/en\/villages-today\/#primaryimage"},"image":{"@id":"https:\/\/folklore.ee\/estonka\/en\/villages-today\/#primaryimage"},"thumbnailUrl":"https:\/\/folklore.ee\/estonka\/wp-content\/uploads\/2020\/09\/X_1_2.jpg","datePublished":"2020-09-08T10:20:04+00:00","dateModified":"2020-09-11T08:02:40+00:00","breadcrumb":{"@id":"https:\/\/folklore.ee\/estonka\/en\/villages-today\/#breadcrumb"},"inLanguage":"en-US","potentialAction":[{"@type":"ReadAction","target":["https:\/\/folklore.ee\/estonka\/en\/villages-today\/"]}]},{"@type":"ImageObject","inLanguage":"en-US","@id":"https:\/\/folklore.ee\/estonka\/en\/villages-today\/#primaryimage","url":"https:\/\/folklore.ee\/estonka\/wp-content\/uploads\/2020\/09\/X_1_2.jpg","contentUrl":"https:\/\/folklore.ee\/estonka\/wp-content\/uploads\/2020\/09\/X_1_2.jpg","width":1920,"height":400,"caption":"Villages today cover"},{"@type":"BreadcrumbList","@id":"https:\/\/folklore.ee\/estonka\/en\/villages-today\/#breadcrumb","itemListElement":[{"@type":"ListItem","position":1,"name":"Avaleht","item":"https:\/\/folklore.ee\/estonka\/"},{"@type":"ListItem","position":2,"name":"Villages today"}]},{"@type":"WebSite","@id":"https:\/\/folklore.ee\/estonka\/#website","url":"https:\/\/folklore.ee\/estonka\/","name":"Estonka","description":"Just another WordPress site","potentialAction":[{"@type":"SearchAction","target":{"@type":"EntryPoint","urlTemplate":"https:\/\/folklore.ee\/estonka\/?s={search_term_string}"},"query-input":{"@type":"PropertyValueSpecification","valueRequired":true,"valueName":"search_term_string"}}],"inLanguage":"en-US"}]}},"_links":{"self":[{"href":"https:\/\/folklore.ee\/estonka\/wp-json\/wp\/v2\/pages\/2249"}],"collection":[{"href":"https:\/\/folklore.ee\/estonka\/wp-json\/wp\/v2\/pages"}],"about":[{"href":"https:\/\/folklore.ee\/estonka\/wp-json\/wp\/v2\/types\/page"}],"author":[{"embeddable":true,"href":"https:\/\/folklore.ee\/estonka\/wp-json\/wp\/v2\/users\/1"}],"replies":[{"embeddable":true,"href":"https:\/\/folklore.ee\/estonka\/wp-json\/wp\/v2\/comments?post=2249"}],"version-history":[{"count":5,"href":"https:\/\/folklore.ee\/estonka\/wp-json\/wp\/v2\/pages\/2249\/revisions"}],"predecessor-version":[{"id":2470,"href":"https:\/\/folklore.ee\/estonka\/wp-json\/wp\/v2\/pages\/2249\/revisions\/2470"}],"wp:featuredmedia":[{"embeddable":true,"href":"https:\/\/folklore.ee\/estonka\/wp-json\/wp\/v2\/media\/2250"}],"wp:attachment":[{"href":"https:\/\/folklore.ee\/estonka\/wp-json\/wp\/v2\/media?parent=2249"}],"curies":[{"name":"wp","href":"https:\/\/api.w.org\/{rel}","templated":true}]}}