{"id":2277,"date":"2020-09-08T11:09:05","date_gmt":"2020-09-08T11:09:05","guid":{"rendered":"http:\/\/folklore.ee\/estonka\/?page_id=2277"},"modified":"2020-09-09T06:26:20","modified_gmt":"2020-09-09T06:26:20","slug":"1991-2005","status":"publish","type":"page","link":"https:\/\/folklore.ee\/estonka\/en\/eestlased-siberis-kulad-ja-parimus-english\/1991-2005\/","title":{"rendered":"1991-2005"},"content":{"rendered":"\n<h2 class=\"wp-block-heading\">A historical overwiev: 1991-2006<\/h2>\n\n\n\n<hr class=\"wp-block-separator\"\/>\n\n\n\n<p>The mid-1980s saw the start of democratisation, which eventually led to the collapse of the&nbsp;Soviet Union&nbsp;in 1991. The society transferred to market economy. Today, various forms of economy coexist in the country (joint-stock companies, cooperatives, partnerships, collective farms, private farms, etc.). The former landed property of the villagers was reinstated, and they have the right to permanently use their so-called \u201cshare of land\u201d. Often, they transfer the right to use their land to artels for a payment in kind (such as grain, meat or ploughing of their kitchen plot).<\/p>\n\n\n\n<p>Today, the situation in&nbsp;Russia\u2019s villages is complicated. Better off are those who have managed to establish their enterprises or find a well-paid job. A number of Estonians are running a farm, e.g. Ernst (\u00c4rni) Lell at \u00dclem-Suetuk, Aleksander Leer at \u00dclem-Bulanka, etc. In the&nbsp;village&nbsp;of&nbsp;Rosental, a separate artel was formed of a subdivision of a former collective farm and is managed by a local villager, Paul Boselenko. An occasional, more venturesome villager has set up a private enterprise; for instance, some villages have both private and state-run shops. The villagers live on their household produce, which is also sold.<\/p>\n\n\n\n<p>Income is also drawn from pensions and state-budgeted jobs in the social sphere (those of teachers, postmen, etc.). The economic straits are curtailing all aspects of life, including community and club activities. Often, medical aid stations, clubs and libraries as well as schools are closed due to lack of funds. Therefore, Galina Leer, for instance, organises club activities and provides medical first aid in the&nbsp;village&nbsp;of&nbsp;\u00dclem-Suetuk&nbsp;out of personal enthusiasm, without being paid any money for that.<\/p>\n\n\n\n<p>&nbsp;On account of the unemployment and economic straits in cities and towns part of the families have returned to their home villages. For instance, some have come back from&nbsp;Kazakhstan\u2019s industrial cities (Petropavlovsk,&nbsp;Pavlodar, etc.) after their jobs became redundant.<\/p>\n\n\n\n<p>On the other hand, there have been some positive changes in cultural and educational life. In 1990 freedom of religion was reinstated in the country. Orthodox churches are being restored. The church of \u00dclem-Suetuk belongs to the&nbsp;Estonian&nbsp;Evangelical&nbsp;Lutheran&nbsp;Church&nbsp;as a Diaspora congregation. Since 1991 the settlement has been visited by a pastor from&nbsp;Estonia&nbsp;(Jaanus Noorm\u00e4gi, later Peeter Kaldur). Their visits are eagerly expected. As well, representatives of the&nbsp;Ingrian&nbsp;Evangelical&nbsp;Lutheran&nbsp;Church&nbsp;come to preach in the congregations of \u00dclem-Suetuk and \u00dclem-Bulanka. In addition, missionaries from all the religious movements common in&nbsp;Russia&nbsp;are reaching out to all the villages.<\/p>\n\n\n\n<p>Several attempts have been made to teach Estonian to children, initially by the local people themselves (in Kasek\u00fcla, \u00dclem-Suetuk). 2000-2005, a teacher from&nbsp;Estonia&nbsp;has been teaching Estonian in \u00dclem-Suetuk 8-Year School (Piret Toomet in the academic year 2000\/2001, Airi Lauri 2001-2005). Their salaries and travel costs are paid by the Ministry of Education of the&nbsp;Republic&nbsp;of&nbsp;Estonia. Local teachers, particularly those in villages of southern Estonian extraction, deem teaching in contemporary Estonian to be too difficult. In the city of&nbsp;Krasnoyarsk&nbsp;the Estonian Society of Krasnoyarsk has been established, where Estonian is taught also. A cultural centre operates in Kasek\u00fcla, where Estonian songs are sung, folk dances are danced and Estonian holidays are celebrated. At&nbsp;Haida&nbsp;School, a village museum was established in 1991; the village is also planning to build a prayer house. In 1989 the folklore festival \u201cBaltika\u201d was held in&nbsp;Tsetnopolye&nbsp;Village.<\/p>\n\n\n\n<div class=\"wp-block-image\"><figure class=\"aligncenter size-large\"><a href=\"http:\/\/localhost:3000:3000\/estonka\/wp-content\/uploads\/2020\/09\/X_1_2-1.jpg\"><img loading=\"lazy\" decoding=\"async\" width=\"1024\" height=\"213\" src=\"http:\/\/localhost:3000:3000\/estonka\/wp-content\/uploads\/2020\/09\/X_1_2-1-1024x213.jpg\" alt=\"\" class=\"wp-image-2278\" srcset=\"https:\/\/folklore.ee\/estonka\/wp-content\/uploads\/2020\/09\/X_1_2-1-1024x213.jpg 1024w, https:\/\/folklore.ee\/estonka\/wp-content\/uploads\/2020\/09\/X_1_2-1-300x63.jpg 300w, https:\/\/folklore.ee\/estonka\/wp-content\/uploads\/2020\/09\/X_1_2-1-768x160.jpg 768w, https:\/\/folklore.ee\/estonka\/wp-content\/uploads\/2020\/09\/X_1_2-1-1536x320.jpg 1536w, https:\/\/folklore.ee\/estonka\/wp-content\/uploads\/2020\/09\/X_1_2-1.jpg 1920w\" sizes=\"(max-width: 1024px) 100vw, 1024px\" \/><\/a><\/figure><\/div>\n\n\n\n<p>While communication with&nbsp;Estonia&nbsp;is being maintained after the rebirth of the&nbsp;Republic&nbsp;of&nbsp;Estonia&nbsp;the visa regime between the two countries and the scarcity of money have curtailed it considerably.<\/p>\n\n\n\n<p>Although the depopulation of the small Estonian villages in&nbsp;Siberia&nbsp;and the ageing of their population continues in general, the rise in self-esteem and the search for one\u2019s roots has drawn young people back to the culture and language of their ancestors. The Estonian language and Estonian patriotism have been rediscovered by those who have grown up in a Russian-speaking environment or have heard Estonian spoken in childhood, and discovered by some in their adulthood. Therefore, the depopulation of, and lack of youth in, the villages do not mean the disappearance of Estonians and the Estonian language from&nbsp;Siberia. New forms, such as language courses, Estonian societies, etc. are emerging whereby other Estonians can be met and the patriotic sentiment can be regained or reinforced.<\/p>\n\n\n\n<p>According to the 2002 census of Russia 11,400 Estonians are living in&nbsp;Siberia. The count of viable villages in today\u2019s&nbsp;Siberia&nbsp;accommodating a greater or lesser segment of Estonians is almost 40. Although the acculturisation processes can no longer be reversed the Estonian population established at the turn of the 20<sup>th<\/sup>&nbsp;century is still viable.<\/p>\n","protected":false},"excerpt":{"rendered":"<p>A historical overwiev: 1991-2006 The mid-1980s saw the start of democratisation, which eventually led to the collapse of the&nbsp;Soviet Union&nbsp;in 1991. The society transferred to market economy. Today, various forms of economy coexist in the country (joint-stock companies, cooperatives, partnerships, collective farms, private farms, etc.). The former landed property of the villagers was reinstated, and [&hellip;]<\/p>\n","protected":false},"author":1,"featured_media":2283,"parent":38,"menu_order":0,"comment_status":"closed","ping_status":"closed","template":"","meta":{"footnotes":""},"class_list":["post-2277","page","type-page","status-publish","has-post-thumbnail","hentry"],"yoast_head":"<!-- This site is optimized with the Yoast SEO plugin v23.4 - https:\/\/yoast.com\/wordpress\/plugins\/seo\/ -->\n<title>1991-2005 - Estonka<\/title>\n<meta name=\"robots\" content=\"index, follow, max-snippet:-1, max-image-preview:large, max-video-preview:-1\" \/>\n<link rel=\"canonical\" href=\"https:\/\/folklore.ee\/estonka\/en\/eestlased-siberis-kulad-ja-parimus-english\/1991-2005\/\" \/>\n<meta property=\"og:locale\" content=\"en_US\" \/>\n<meta property=\"og:type\" content=\"article\" \/>\n<meta property=\"og:title\" content=\"1991-2005 - Estonka\" \/>\n<meta property=\"og:description\" content=\"A historical overwiev: 1991-2006 The mid-1980s saw the start of democratisation, which eventually led to the collapse of the&nbsp;Soviet Union&nbsp;in 1991. The society transferred to market economy. Today, various forms of economy coexist in the country (joint-stock companies, cooperatives, partnerships, collective farms, private farms, etc.). The former landed property of the villagers was reinstated, and [&hellip;]\" \/>\n<meta property=\"og:url\" content=\"https:\/\/folklore.ee\/estonka\/en\/eestlased-siberis-kulad-ja-parimus-english\/1991-2005\/\" \/>\n<meta property=\"og:site_name\" content=\"Estonka\" \/>\n<meta property=\"article:modified_time\" content=\"2020-09-09T06:26:20+00:00\" \/>\n<meta property=\"og:image\" content=\"https:\/\/folklore.ee\/estonka\/wp-content\/uploads\/2020\/09\/X_7-scaled.jpg\" \/>\n\t<meta property=\"og:image:width\" content=\"2560\" \/>\n\t<meta property=\"og:image:height\" content=\"533\" \/>\n\t<meta property=\"og:image:type\" content=\"image\/jpeg\" \/>\n<meta name=\"twitter:card\" content=\"summary_large_image\" \/>\n<meta name=\"twitter:label1\" content=\"Est. reading time\" \/>\n\t<meta name=\"twitter:data1\" content=\"4 minutes\" \/>\n<script type=\"application\/ld+json\" class=\"yoast-schema-graph\">{\"@context\":\"https:\/\/schema.org\",\"@graph\":[{\"@type\":\"WebPage\",\"@id\":\"https:\/\/folklore.ee\/estonka\/en\/eestlased-siberis-kulad-ja-parimus-english\/1991-2005\/\",\"url\":\"https:\/\/folklore.ee\/estonka\/en\/eestlased-siberis-kulad-ja-parimus-english\/1991-2005\/\",\"name\":\"1991-2005 - Estonka\",\"isPartOf\":{\"@id\":\"https:\/\/folklore.ee\/estonka\/#website\"},\"primaryImageOfPage\":{\"@id\":\"https:\/\/folklore.ee\/estonka\/en\/eestlased-siberis-kulad-ja-parimus-english\/1991-2005\/#primaryimage\"},\"image\":{\"@id\":\"https:\/\/folklore.ee\/estonka\/en\/eestlased-siberis-kulad-ja-parimus-english\/1991-2005\/#primaryimage\"},\"thumbnailUrl\":\"https:\/\/folklore.ee\/estonka\/wp-content\/uploads\/2020\/09\/X_7-scaled.jpg\",\"datePublished\":\"2020-09-08T11:09:05+00:00\",\"dateModified\":\"2020-09-09T06:26:20+00:00\",\"breadcrumb\":{\"@id\":\"https:\/\/folklore.ee\/estonka\/en\/eestlased-siberis-kulad-ja-parimus-english\/1991-2005\/#breadcrumb\"},\"inLanguage\":\"en-US\",\"potentialAction\":[{\"@type\":\"ReadAction\",\"target\":[\"https:\/\/folklore.ee\/estonka\/en\/eestlased-siberis-kulad-ja-parimus-english\/1991-2005\/\"]}]},{\"@type\":\"ImageObject\",\"inLanguage\":\"en-US\",\"@id\":\"https:\/\/folklore.ee\/estonka\/en\/eestlased-siberis-kulad-ja-parimus-english\/1991-2005\/#primaryimage\",\"url\":\"https:\/\/folklore.ee\/estonka\/wp-content\/uploads\/2020\/09\/X_7-scaled.jpg\",\"contentUrl\":\"https:\/\/folklore.ee\/estonka\/wp-content\/uploads\/2020\/09\/X_7-scaled.jpg\",\"width\":2560,\"height\":533,\"caption\":\"1991-2005 cover\"},{\"@type\":\"BreadcrumbList\",\"@id\":\"https:\/\/folklore.ee\/estonka\/en\/eestlased-siberis-kulad-ja-parimus-english\/1991-2005\/#breadcrumb\",\"itemListElement\":[{\"@type\":\"ListItem\",\"position\":1,\"name\":\"Avaleht\",\"item\":\"https:\/\/folklore.ee\/estonka\/\"},{\"@type\":\"ListItem\",\"position\":2,\"name\":\"Private: Estonians in Siberia: villages and traditions\",\"item\":\"https:\/\/folklore.ee\/estonka\/en\/eestlased-siberis-kulad-ja-parimus-english\/\"},{\"@type\":\"ListItem\",\"position\":3,\"name\":\"1991-2005\"}]},{\"@type\":\"WebSite\",\"@id\":\"https:\/\/folklore.ee\/estonka\/#website\",\"url\":\"https:\/\/folklore.ee\/estonka\/\",\"name\":\"Estonka\",\"description\":\"Just another WordPress site\",\"potentialAction\":[{\"@type\":\"SearchAction\",\"target\":{\"@type\":\"EntryPoint\",\"urlTemplate\":\"https:\/\/folklore.ee\/estonka\/?s={search_term_string}\"},\"query-input\":{\"@type\":\"PropertyValueSpecification\",\"valueRequired\":true,\"valueName\":\"search_term_string\"}}],\"inLanguage\":\"en-US\"}]}<\/script>\n<!-- \/ Yoast SEO plugin. -->","yoast_head_json":{"title":"1991-2005 - Estonka","robots":{"index":"index","follow":"follow","max-snippet":"max-snippet:-1","max-image-preview":"max-image-preview:large","max-video-preview":"max-video-preview:-1"},"canonical":"https:\/\/folklore.ee\/estonka\/en\/eestlased-siberis-kulad-ja-parimus-english\/1991-2005\/","og_locale":"en_US","og_type":"article","og_title":"1991-2005 - Estonka","og_description":"A historical overwiev: 1991-2006 The mid-1980s saw the start of democratisation, which eventually led to the collapse of the&nbsp;Soviet Union&nbsp;in 1991. The society transferred to market economy. Today, various forms of economy coexist in the country (joint-stock companies, cooperatives, partnerships, collective farms, private farms, etc.). The former landed property of the villagers was reinstated, and [&hellip;]","og_url":"https:\/\/folklore.ee\/estonka\/en\/eestlased-siberis-kulad-ja-parimus-english\/1991-2005\/","og_site_name":"Estonka","article_modified_time":"2020-09-09T06:26:20+00:00","og_image":[{"width":2560,"height":533,"url":"https:\/\/folklore.ee\/estonka\/wp-content\/uploads\/2020\/09\/X_7-scaled.jpg","type":"image\/jpeg"}],"twitter_card":"summary_large_image","twitter_misc":{"Est. reading time":"4 minutes"},"schema":{"@context":"https:\/\/schema.org","@graph":[{"@type":"WebPage","@id":"https:\/\/folklore.ee\/estonka\/en\/eestlased-siberis-kulad-ja-parimus-english\/1991-2005\/","url":"https:\/\/folklore.ee\/estonka\/en\/eestlased-siberis-kulad-ja-parimus-english\/1991-2005\/","name":"1991-2005 - Estonka","isPartOf":{"@id":"https:\/\/folklore.ee\/estonka\/#website"},"primaryImageOfPage":{"@id":"https:\/\/folklore.ee\/estonka\/en\/eestlased-siberis-kulad-ja-parimus-english\/1991-2005\/#primaryimage"},"image":{"@id":"https:\/\/folklore.ee\/estonka\/en\/eestlased-siberis-kulad-ja-parimus-english\/1991-2005\/#primaryimage"},"thumbnailUrl":"https:\/\/folklore.ee\/estonka\/wp-content\/uploads\/2020\/09\/X_7-scaled.jpg","datePublished":"2020-09-08T11:09:05+00:00","dateModified":"2020-09-09T06:26:20+00:00","breadcrumb":{"@id":"https:\/\/folklore.ee\/estonka\/en\/eestlased-siberis-kulad-ja-parimus-english\/1991-2005\/#breadcrumb"},"inLanguage":"en-US","potentialAction":[{"@type":"ReadAction","target":["https:\/\/folklore.ee\/estonka\/en\/eestlased-siberis-kulad-ja-parimus-english\/1991-2005\/"]}]},{"@type":"ImageObject","inLanguage":"en-US","@id":"https:\/\/folklore.ee\/estonka\/en\/eestlased-siberis-kulad-ja-parimus-english\/1991-2005\/#primaryimage","url":"https:\/\/folklore.ee\/estonka\/wp-content\/uploads\/2020\/09\/X_7-scaled.jpg","contentUrl":"https:\/\/folklore.ee\/estonka\/wp-content\/uploads\/2020\/09\/X_7-scaled.jpg","width":2560,"height":533,"caption":"1991-2005 cover"},{"@type":"BreadcrumbList","@id":"https:\/\/folklore.ee\/estonka\/en\/eestlased-siberis-kulad-ja-parimus-english\/1991-2005\/#breadcrumb","itemListElement":[{"@type":"ListItem","position":1,"name":"Avaleht","item":"https:\/\/folklore.ee\/estonka\/"},{"@type":"ListItem","position":2,"name":"Private: Estonians in Siberia: villages and traditions","item":"https:\/\/folklore.ee\/estonka\/en\/eestlased-siberis-kulad-ja-parimus-english\/"},{"@type":"ListItem","position":3,"name":"1991-2005"}]},{"@type":"WebSite","@id":"https:\/\/folklore.ee\/estonka\/#website","url":"https:\/\/folklore.ee\/estonka\/","name":"Estonka","description":"Just another WordPress site","potentialAction":[{"@type":"SearchAction","target":{"@type":"EntryPoint","urlTemplate":"https:\/\/folklore.ee\/estonka\/?s={search_term_string}"},"query-input":{"@type":"PropertyValueSpecification","valueRequired":true,"valueName":"search_term_string"}}],"inLanguage":"en-US"}]}},"_links":{"self":[{"href":"https:\/\/folklore.ee\/estonka\/wp-json\/wp\/v2\/pages\/2277"}],"collection":[{"href":"https:\/\/folklore.ee\/estonka\/wp-json\/wp\/v2\/pages"}],"about":[{"href":"https:\/\/folklore.ee\/estonka\/wp-json\/wp\/v2\/types\/page"}],"author":[{"embeddable":true,"href":"https:\/\/folklore.ee\/estonka\/wp-json\/wp\/v2\/users\/1"}],"replies":[{"embeddable":true,"href":"https:\/\/folklore.ee\/estonka\/wp-json\/wp\/v2\/comments?post=2277"}],"version-history":[{"count":3,"href":"https:\/\/folklore.ee\/estonka\/wp-json\/wp\/v2\/pages\/2277\/revisions"}],"predecessor-version":[{"id":2382,"href":"https:\/\/folklore.ee\/estonka\/wp-json\/wp\/v2\/pages\/2277\/revisions\/2382"}],"up":[{"embeddable":true,"href":"https:\/\/folklore.ee\/estonka\/wp-json\/wp\/v2\/pages\/38"}],"wp:featuredmedia":[{"embeddable":true,"href":"https:\/\/folklore.ee\/estonka\/wp-json\/wp\/v2\/media\/2283"}],"wp:attachment":[{"href":"https:\/\/folklore.ee\/estonka\/wp-json\/wp\/v2\/media?parent=2277"}],"curies":[{"name":"wp","href":"https:\/\/api.w.org\/{rel}","templated":true}]}}