{"id":2312,"date":"2020-09-08T11:49:35","date_gmt":"2020-09-08T11:49:35","guid":{"rendered":"http:\/\/folklore.ee\/estonka\/?page_id=2312"},"modified":"2020-09-08T11:55:17","modified_gmt":"2020-09-08T11:55:17","slug":"overviews-and-research","status":"publish","type":"page","link":"https:\/\/folklore.ee\/estonka\/en\/cultural-heritage\/overviews-and-research\/","title":{"rendered":"Overviews and research"},"content":{"rendered":"\n<h2 class=\"wp-block-heading\"><strong>The life of settlers as reflected in the press<\/strong><\/h2>\n\n\n\n<p>Since the mid-19<sup>th<\/sup>&nbsp;century the Estonian press has published articles on the topic of settlements, initially based on information obtained from Lutheran pastors and local parish clerks (Konstantin Butzke, Jaan Nebokat, etc.). In the late 19<sup>th<\/sup>&nbsp;and early 20<sup>th<\/sup>&nbsp;century the issue of expatriation and settlements was regularly covered in the press, and several newspapers (e.g. Sakala) even introduced a separate column on the settlements. In 1910 as many as 9 issues of&nbsp;<em>Asunik<\/em>, a newsletter of Estonian expatriates and settlers, were printed in Tallinn.<\/p>\n\n\n\n<p>Estonian-language newspapers and journals were also published in Russia: in the years 1884\u20131930 about 45 different titles were released, while in 1931\u20131940 only proletarian periodicals could be printed.<\/p>\n\n\n\n<p>An important source of information on the life of the settlements were&nbsp;<em>Peterburi Teataja&nbsp;<\/em>[St. Petersburg Gazette] (temporarily called&nbsp;<em>Petrogradi Teataja&nbsp;<\/em>[Petrograd\u2019s Gazette]), issued in 1908\u20131914, which was replaced by&nbsp;<em>Pealinna Teataja&nbsp;<\/em>[The Capital\u2019s Gazette], issued in 1914\u20131917. Issuing of&nbsp;<em>Peterburi Teataja&nbsp;<\/em>was continued in 1999.<\/p>\n\n\n\n<p>Specifically targeted at the Siberian Estonians were the newspapers&nbsp;<em>Siberi T\u00f6\u00f6line&nbsp;<\/em>[The Siberian Proletariat] issued during 1920\u20131922 in Omsk and&nbsp;<em>Siberi Teataja<\/em>&nbsp;with its literary supplement&nbsp;<em>Uus K\u00fcla<\/em>&nbsp;[The New Village], issued during 1922\u20131930 in Novosibirsk.<\/p>\n\n\n\n<p>Information on Estonian settlements was also published in the Russian-language press of Russia, particularly in regional newspapers.<\/p>\n\n\n\n<p><strong>Overviews<\/strong><\/p>\n\n\n\n<p>The first published descriptive overviews of Estonian settlements and Siberian Estonians in Russia were written by J\u00fcri Meomuttel (1900) and August Nigol (1918). By the time A. Nigol\u2019s book \u201cEesti asundused ja asupaigad Venemaal\u201d [\u2018Estonian settlements and habitations in Russia\u2019] was published the majority of the settlements had already been founded, and certain inaccuracies aside, the book has remained the most comprehensive overview of the settlements.<\/p>\n\n\n\n<p>The overviews by Hill Kulu (1992) and Raimo Raag (1999) published in the 1990s examine the Estonians in Russia in the context of the global Estonian community.<\/p>\n\n\n\n<p>Overviews of the population and the distribution of Estonians in Russia have been published by Samuel Sommer (1929), Villem Ernits (1929), Alo Raun (1958, 1986), Lembit V\u00f5ime (1992, 1993), Lembit Tepp (1993), and other authors.<\/p>\n\n\n\n<p><strong>Research<\/strong><\/p>\n\n\n\n<p>Research on the expatriation movement and Estonians in Russia was also published in the Soviet era; however, the subject has come into a greater focus after Estonia regained independence with the publishing of several monographs, some overviews and a fair number of articles. Today, researchers also have at their disposal materials that were formerly inaccessible.<\/p>\n\n\n\n<p>The expatriation of Estonians to Russia and the reasons thereof have been treated by historians&nbsp;<strong>Artur Vassar<\/strong>&nbsp;(1975),&nbsp;<strong>Sirje Kivim\u00e4e<\/strong>&nbsp;(1981),&nbsp;<strong>Tiit Rosenberg<\/strong>&nbsp;(1998), and others.<\/p>\n\n\n\n<p>Historian&nbsp;<strong>Viktor Maam\u00e4gi<\/strong>&nbsp;has published a study on the development of Estonian settlements and the Estonian minority in the Soviet Union during 1917\u20131940 (1980).<\/p>\n\n\n\n<p>Since 1984 linguist&nbsp;<strong>J\u00fcri Viikberg<\/strong>&nbsp;has published articles on the settlement history, language and linguistic relations of the Siberian Estonians and has defended his Candidate of Science thesis \u201cEstonskije jaz\u00f5kov\u00f5je ostrovki v Sibiri: Vozniknovenije, razvitije, kontakt\u00f5\u201d [\u2018Estonian Language Enclaves in Siberia: Formation, Development, Contacts\u2019] (1989).<\/p>\n\n\n\n<p>Linguist&nbsp;<strong>Lembit Vaba<\/strong>&nbsp;has published, together with J\u00fcri Viikberg, an article on language relations of the Siberian Estonians.<\/p>\n\n\n\n<p><strong>Aavo Valmis<\/strong>&nbsp;has published a study on teaching the mother tongue in Estonian schools in Russia (1997).<\/p>\n\n\n\n<p>Demographer&nbsp;<strong>Hill Kulu<\/strong>&nbsp;has addressed the formation and everyday life of the Estonian settlements in West Siberia and repatriation of Estonians. His Ph.D. thesis \u201cEestlaste tagasir\u00e4nne 1940\u20131989. L\u00e4\u00e4ne-Siberist p\u00e4rit eestlaste n\u00e4itel\u201d [\u2018Estonian Return Migration during 1940-1989.&nbsp;&nbsp;Estonians in West Siberia\u2019] appeared in print in 1997.<\/p>\n\n\n\n<p>Ethnologist&nbsp;<strong>Mare Piho<\/strong>&nbsp;has written several articles on the origins, everyday life and the present situation in the Setu settlements in Siberia.<\/p>\n\n\n\n<p>Ethnologist&nbsp;<strong>Aivar J\u00fcrgenson<\/strong>&nbsp;has published an article on the Estonians settled around the Sea of Japan, he has also studied the expatriation, territorial distribution and identity of the Siberian Estonians and has defended his Ph. D. thesis \u201cSiberi eestlaste territoriaalsus ja identiteet\u201d [\u2018The identy and territoriality of the Siberian Estonians\u2019] (2002).<\/p>\n\n\n\n<p>Folklorist&nbsp;<strong>Anu Korb<\/strong>&nbsp;has studied the repertoire of songs, ancestral tales, death and funerary customs and community traditions of the Siberian Estonians and, on the basis of fieldwork conducted in Siberia, the theory of folkloristic fieldwork. She defended her M.A. thesis \u201cSuulise p\u00e4rimuse kogumist\u00f6\u00f6 Siberi eestlaste juures ja selle tulemust m\u00f5jutavad tegurid\u201d [\u2018The Collection of Oral Traditions Among Siberian Estonians and Factors Influencing the Results\u2019] in 2001.<\/p>\n\n\n\n<p>In addition, she has published four volumes of selections of commented texts \u201cEesti Asundused\u201d [Estonian Settlements] (1995\u20131999).<\/p>\n\n\n\n<p>Folklorist&nbsp;<strong>Astrid Tuisk<\/strong>&nbsp;has explored issues related to the changes in the traditions of the Siberian Estonians as well as their topographical traditions and ethnobotany. She is the editor of the collection of articles \u201cEesti kultuur v\u00f5\u00f5rsil. Loode-Venemaa ja Siberi asundused\u201d [\u2018Estonian Culture in Exile. Settlements in Northwest Russia and Siberia\u2019] (1998) and has defended M.A thesis entitled \u201cOma ja v\u00f5\u00f5ra r\u00fchma piirid Siberi eestlaste rahvaluule p\u00f5hjal\u201d [The Boundaries between \u201cFamiliar\u201d and \u201cForeign\u201d on the Basis of Siberian Estonian Folklore] (2001).<\/p>\n\n\n\n<p>Russian ethnographer&nbsp;<strong>Ilya Lotkin<\/strong>&nbsp;(Omsk) has, together with his research students, explored ethnic processes in the Estonian and Latvian settlements in West Siberia.<\/p>\n\n\n\n<p>Finnish researcher&nbsp;<strong>Alpo Juntunen<\/strong>&nbsp;has focussed in his studies on the Finnish settlements and deportees in Siberia, his works also contain information on the Siberian Estonians.<\/p>\n\n\n\n<p>Individual articles and reviews have also been published on the popular calendar of the Siberian Estonians by&nbsp;<strong>Mall Hiiem\u00e4e<\/strong>, on protective letters of the Siberian Estonians by<strong>&nbsp;Ell Vahtram\u00e4e<\/strong>, on the narrative tradition of the Siberian Estonian community in the Orava villageby<strong>&nbsp;Risto J\u00e4rv<\/strong>, and on the Estonians in the Far East by&nbsp;<strong>Mart M\u00e4ger<\/strong>&nbsp;and&nbsp;<strong>Anatoli Rekk-Lebedev<\/strong>.<\/p>\n\n\n\n<p>In 1997 an interdisciplinary research unit The Centre for Expatriate Estonian Studies was established at the University of Tartu, aiming to study the migration of Estonians and the history, identity, language and literature of expatriate Estonians. Owing to the small number of employees, the Centre has so far confined itself to studying migration issues. Estonia has yet to establish a centre for integrating and coordinating the activities of researchers of settlements.<\/p>\n\n\n\n<p>Anu Korb<\/p>\n","protected":false},"excerpt":{"rendered":"<p>The life of settlers as reflected in the press Since the mid-19th&nbsp;century the Estonian press has published articles on the topic of settlements, initially based on information obtained from Lutheran pastors and local parish clerks (Konstantin Butzke, Jaan Nebokat, etc.). In the late 19th&nbsp;and early 20th&nbsp;century the issue of expatriation and settlements was regularly covered [&hellip;]<\/p>\n","protected":false},"author":1,"featured_media":2318,"parent":2293,"menu_order":0,"comment_status":"closed","ping_status":"closed","template":"","meta":{"footnotes":""},"class_list":["post-2312","page","type-page","status-publish","has-post-thumbnail","hentry"],"yoast_head":"<!-- This site is optimized with the Yoast SEO plugin v23.4 - https:\/\/yoast.com\/wordpress\/plugins\/seo\/ -->\n<title>Overviews and research - Estonka<\/title>\n<meta name=\"robots\" content=\"index, follow, max-snippet:-1, max-image-preview:large, max-video-preview:-1\" \/>\n<link rel=\"canonical\" href=\"https:\/\/folklore.ee\/estonka\/en\/cultural-heritage\/overviews-and-research\/\" \/>\n<meta property=\"og:locale\" content=\"en_US\" \/>\n<meta property=\"og:type\" content=\"article\" \/>\n<meta property=\"og:title\" content=\"Overviews and research - Estonka\" \/>\n<meta property=\"og:description\" content=\"The life of settlers as reflected in the press Since the mid-19th&nbsp;century the Estonian press has published articles on the topic of settlements, initially based on information obtained from Lutheran pastors and local parish clerks (Konstantin Butzke, Jaan Nebokat, etc.). In the late 19th&nbsp;and early 20th&nbsp;century the issue of expatriation and settlements was regularly covered [&hellip;]\" \/>\n<meta property=\"og:url\" content=\"https:\/\/folklore.ee\/estonka\/en\/cultural-heritage\/overviews-and-research\/\" \/>\n<meta property=\"og:site_name\" content=\"Estonka\" \/>\n<meta property=\"article:modified_time\" content=\"2020-09-08T11:55:17+00:00\" \/>\n<meta property=\"og:image\" content=\"https:\/\/folklore.ee\/estonka\/wp-content\/uploads\/2020\/09\/X_pilt19.jpg\" \/>\n\t<meta property=\"og:image:width\" content=\"1920\" \/>\n\t<meta property=\"og:image:height\" content=\"400\" \/>\n\t<meta property=\"og:image:type\" content=\"image\/jpeg\" \/>\n<meta name=\"twitter:card\" content=\"summary_large_image\" \/>\n<meta name=\"twitter:label1\" content=\"Est. reading time\" \/>\n\t<meta name=\"twitter:data1\" content=\"5 minutes\" \/>\n<script type=\"application\/ld+json\" class=\"yoast-schema-graph\">{\"@context\":\"https:\/\/schema.org\",\"@graph\":[{\"@type\":\"WebPage\",\"@id\":\"https:\/\/folklore.ee\/estonka\/en\/cultural-heritage\/overviews-and-research\/\",\"url\":\"https:\/\/folklore.ee\/estonka\/en\/cultural-heritage\/overviews-and-research\/\",\"name\":\"Overviews and research - Estonka\",\"isPartOf\":{\"@id\":\"https:\/\/folklore.ee\/estonka\/#website\"},\"primaryImageOfPage\":{\"@id\":\"https:\/\/folklore.ee\/estonka\/en\/cultural-heritage\/overviews-and-research\/#primaryimage\"},\"image\":{\"@id\":\"https:\/\/folklore.ee\/estonka\/en\/cultural-heritage\/overviews-and-research\/#primaryimage\"},\"thumbnailUrl\":\"https:\/\/folklore.ee\/estonka\/wp-content\/uploads\/2020\/09\/X_pilt19.jpg\",\"datePublished\":\"2020-09-08T11:49:35+00:00\",\"dateModified\":\"2020-09-08T11:55:17+00:00\",\"breadcrumb\":{\"@id\":\"https:\/\/folklore.ee\/estonka\/en\/cultural-heritage\/overviews-and-research\/#breadcrumb\"},\"inLanguage\":\"en-US\",\"potentialAction\":[{\"@type\":\"ReadAction\",\"target\":[\"https:\/\/folklore.ee\/estonka\/en\/cultural-heritage\/overviews-and-research\/\"]}]},{\"@type\":\"ImageObject\",\"inLanguage\":\"en-US\",\"@id\":\"https:\/\/folklore.ee\/estonka\/en\/cultural-heritage\/overviews-and-research\/#primaryimage\",\"url\":\"https:\/\/folklore.ee\/estonka\/wp-content\/uploads\/2020\/09\/X_pilt19.jpg\",\"contentUrl\":\"https:\/\/folklore.ee\/estonka\/wp-content\/uploads\/2020\/09\/X_pilt19.jpg\",\"width\":1920,\"height\":400,\"caption\":\"Overviews and research cover\"},{\"@type\":\"BreadcrumbList\",\"@id\":\"https:\/\/folklore.ee\/estonka\/en\/cultural-heritage\/overviews-and-research\/#breadcrumb\",\"itemListElement\":[{\"@type\":\"ListItem\",\"position\":1,\"name\":\"Avaleht\",\"item\":\"https:\/\/folklore.ee\/estonka\/\"},{\"@type\":\"ListItem\",\"position\":2,\"name\":\"Cultural heritage\",\"item\":\"https:\/\/folklore.ee\/estonka\/en\/cultural-heritage\/\"},{\"@type\":\"ListItem\",\"position\":3,\"name\":\"Overviews and research\"}]},{\"@type\":\"WebSite\",\"@id\":\"https:\/\/folklore.ee\/estonka\/#website\",\"url\":\"https:\/\/folklore.ee\/estonka\/\",\"name\":\"Estonka\",\"description\":\"Just another WordPress site\",\"potentialAction\":[{\"@type\":\"SearchAction\",\"target\":{\"@type\":\"EntryPoint\",\"urlTemplate\":\"https:\/\/folklore.ee\/estonka\/?s={search_term_string}\"},\"query-input\":{\"@type\":\"PropertyValueSpecification\",\"valueRequired\":true,\"valueName\":\"search_term_string\"}}],\"inLanguage\":\"en-US\"}]}<\/script>\n<!-- \/ Yoast SEO plugin. -->","yoast_head_json":{"title":"Overviews and research - Estonka","robots":{"index":"index","follow":"follow","max-snippet":"max-snippet:-1","max-image-preview":"max-image-preview:large","max-video-preview":"max-video-preview:-1"},"canonical":"https:\/\/folklore.ee\/estonka\/en\/cultural-heritage\/overviews-and-research\/","og_locale":"en_US","og_type":"article","og_title":"Overviews and research - Estonka","og_description":"The life of settlers as reflected in the press Since the mid-19th&nbsp;century the Estonian press has published articles on the topic of settlements, initially based on information obtained from Lutheran pastors and local parish clerks (Konstantin Butzke, Jaan Nebokat, etc.). In the late 19th&nbsp;and early 20th&nbsp;century the issue of expatriation and settlements was regularly covered [&hellip;]","og_url":"https:\/\/folklore.ee\/estonka\/en\/cultural-heritage\/overviews-and-research\/","og_site_name":"Estonka","article_modified_time":"2020-09-08T11:55:17+00:00","og_image":[{"width":1920,"height":400,"url":"https:\/\/folklore.ee\/estonka\/wp-content\/uploads\/2020\/09\/X_pilt19.jpg","type":"image\/jpeg"}],"twitter_card":"summary_large_image","twitter_misc":{"Est. reading time":"5 minutes"},"schema":{"@context":"https:\/\/schema.org","@graph":[{"@type":"WebPage","@id":"https:\/\/folklore.ee\/estonka\/en\/cultural-heritage\/overviews-and-research\/","url":"https:\/\/folklore.ee\/estonka\/en\/cultural-heritage\/overviews-and-research\/","name":"Overviews and research - Estonka","isPartOf":{"@id":"https:\/\/folklore.ee\/estonka\/#website"},"primaryImageOfPage":{"@id":"https:\/\/folklore.ee\/estonka\/en\/cultural-heritage\/overviews-and-research\/#primaryimage"},"image":{"@id":"https:\/\/folklore.ee\/estonka\/en\/cultural-heritage\/overviews-and-research\/#primaryimage"},"thumbnailUrl":"https:\/\/folklore.ee\/estonka\/wp-content\/uploads\/2020\/09\/X_pilt19.jpg","datePublished":"2020-09-08T11:49:35+00:00","dateModified":"2020-09-08T11:55:17+00:00","breadcrumb":{"@id":"https:\/\/folklore.ee\/estonka\/en\/cultural-heritage\/overviews-and-research\/#breadcrumb"},"inLanguage":"en-US","potentialAction":[{"@type":"ReadAction","target":["https:\/\/folklore.ee\/estonka\/en\/cultural-heritage\/overviews-and-research\/"]}]},{"@type":"ImageObject","inLanguage":"en-US","@id":"https:\/\/folklore.ee\/estonka\/en\/cultural-heritage\/overviews-and-research\/#primaryimage","url":"https:\/\/folklore.ee\/estonka\/wp-content\/uploads\/2020\/09\/X_pilt19.jpg","contentUrl":"https:\/\/folklore.ee\/estonka\/wp-content\/uploads\/2020\/09\/X_pilt19.jpg","width":1920,"height":400,"caption":"Overviews and research cover"},{"@type":"BreadcrumbList","@id":"https:\/\/folklore.ee\/estonka\/en\/cultural-heritage\/overviews-and-research\/#breadcrumb","itemListElement":[{"@type":"ListItem","position":1,"name":"Avaleht","item":"https:\/\/folklore.ee\/estonka\/"},{"@type":"ListItem","position":2,"name":"Cultural heritage","item":"https:\/\/folklore.ee\/estonka\/en\/cultural-heritage\/"},{"@type":"ListItem","position":3,"name":"Overviews and research"}]},{"@type":"WebSite","@id":"https:\/\/folklore.ee\/estonka\/#website","url":"https:\/\/folklore.ee\/estonka\/","name":"Estonka","description":"Just another WordPress site","potentialAction":[{"@type":"SearchAction","target":{"@type":"EntryPoint","urlTemplate":"https:\/\/folklore.ee\/estonka\/?s={search_term_string}"},"query-input":{"@type":"PropertyValueSpecification","valueRequired":true,"valueName":"search_term_string"}}],"inLanguage":"en-US"}]}},"_links":{"self":[{"href":"https:\/\/folklore.ee\/estonka\/wp-json\/wp\/v2\/pages\/2312"}],"collection":[{"href":"https:\/\/folklore.ee\/estonka\/wp-json\/wp\/v2\/pages"}],"about":[{"href":"https:\/\/folklore.ee\/estonka\/wp-json\/wp\/v2\/types\/page"}],"author":[{"embeddable":true,"href":"https:\/\/folklore.ee\/estonka\/wp-json\/wp\/v2\/users\/1"}],"replies":[{"embeddable":true,"href":"https:\/\/folklore.ee\/estonka\/wp-json\/wp\/v2\/comments?post=2312"}],"version-history":[{"count":1,"href":"https:\/\/folklore.ee\/estonka\/wp-json\/wp\/v2\/pages\/2312\/revisions"}],"predecessor-version":[{"id":2314,"href":"https:\/\/folklore.ee\/estonka\/wp-json\/wp\/v2\/pages\/2312\/revisions\/2314"}],"up":[{"embeddable":true,"href":"https:\/\/folklore.ee\/estonka\/wp-json\/wp\/v2\/pages\/2293"}],"wp:featuredmedia":[{"embeddable":true,"href":"https:\/\/folklore.ee\/estonka\/wp-json\/wp\/v2\/media\/2318"}],"wp:attachment":[{"href":"https:\/\/folklore.ee\/estonka\/wp-json\/wp\/v2\/media?parent=2312"}],"curies":[{"name":"wp","href":"https:\/\/api.w.org\/{rel}","templated":true}]}}