{"id":2328,"date":"2020-09-08T12:16:37","date_gmt":"2020-09-08T12:16:37","guid":{"rendered":"http:\/\/folklore.ee\/estonka\/?page_id=2328"},"modified":"2020-09-08T12:24:23","modified_gmt":"2020-09-08T12:24:23","slug":"childrens-songs","status":"publish","type":"page","link":"https:\/\/folklore.ee\/estonka\/en\/childrens-songs\/","title":{"rendered":"Children&#8217;s songs"},"content":{"rendered":"\n<h3 class=\"wp-block-heading\"><strong>Uni tule uilates&#8230;<\/strong><\/h3>\n\n\n\n<figure class=\"wp-block-audio\"><audio controls src=\"http:\/\/localhost:3000:3000\/estonka\/wp-content\/uploads\/2020\/08\/1.Uni_tule_uilates.mp3\"><\/audio><\/figure>\n\n\n\n<p>Singer&nbsp;Minni Lassman&nbsp;from&nbsp;Beryozovka village&nbsp;in 1993.<\/p>\n\n\n\n<p>Reference: ERA, DAT 9 (6)<\/p>\n\n\n\n<hr class=\"wp-block-separator\"\/>\n\n\n\n<div style=\"height:45px\" aria-hidden=\"true\" class=\"wp-block-spacer\"><\/div>\n\n\n\n<h3 class=\"wp-block-heading\"><strong>\u00c4ia-p\u00fcia-tuia, lase kiigul&#8230;<\/strong><\/h3>\n\n\n\n<figure class=\"wp-block-audio\"><audio controls src=\"http:\/\/localhost:3000:3000\/estonka\/wp-content\/uploads\/2020\/08\/2.Aia_pyia_tuia_lase_kiigul.mp3\"><\/audio><\/figure>\n\n\n\n<p>Singer&nbsp;Minni Lassman&nbsp; from&nbsp;&nbsp;Beryozovka village&nbsp;in 1993.<\/p>\n\n\n\n<p>Reference: ERA, DAT 9 (7)<\/p>\n\n\n\n<hr class=\"wp-block-separator\"\/>\n\n\n\n<div style=\"height:45px\" aria-hidden=\"true\" class=\"wp-block-spacer\"><\/div>\n\n\n\n<h3 class=\"wp-block-heading\"><strong>\u00c4iu-\u00e4iu, kussu-kussu&#8230;<\/strong><\/h3>\n\n\n\n<figure class=\"wp-block-audio\"><audio controls src=\"http:\/\/localhost:3000:3000\/estonka\/wp-content\/uploads\/2020\/08\/3.Aiu_aiu_kussu_kussu.mp3\"><\/audio><\/figure>\n\n\n\n<p>Singer&nbsp;Adeele Kruuberg&nbsp; from&nbsp;&nbsp;Beryozovka village&nbsp;in 1993.<\/p>\n\n\n\n<p>Reference: ERA, FAM 1 (32)<\/p>\n\n\n\n<hr class=\"wp-block-separator\"\/>\n\n\n\n<div style=\"height:45px\" aria-hidden=\"true\" class=\"wp-block-spacer\"><\/div>\n\n\n\n<h3 class=\"wp-block-heading\"><strong>Prileteli zuravli&#8230;<\/strong><\/h3>\n\n\n\n<figure class=\"wp-block-audio\"><audio controls src=\"http:\/\/localhost:3000:3000\/estonka\/wp-content\/uploads\/2020\/08\/4.Prileteli_zuravli.mp3\"><\/audio><\/figure>\n\n\n\n<p>Singer&nbsp;Ida S\u00f5rmus from Semjonovka village in 1995.<\/p>\n\n\n\n<p>Reference: ERA, DAT 25 (58)<\/p>\n\n\n\n<hr class=\"wp-block-separator\"\/>\n\n\n\n<div style=\"height:45px\" aria-hidden=\"true\" class=\"wp-block-spacer\"><\/div>\n\n\n\n<h3 class=\"wp-block-heading\"><strong>Kutsa l\u00e4ts m\u00f5tsa&#8230;<\/strong><\/h3>\n\n\n\n<figure class=\"wp-block-audio\"><audio controls src=\"http:\/\/localhost:3000:3000\/estonka\/wp-content\/uploads\/2020\/08\/5.Kutsa_lats_motsa.mp3\"><\/audio><\/figure>\n\n\n\n<p>Singer Ida S\u00f5rmus from Semjonovka village&nbsp;in 1995.<\/p>\n\n\n\n<p>Reference:&nbsp;ERA, DAT 25 (66)<\/p>\n\n\n\n<hr class=\"wp-block-separator\"\/>\n\n\n\n<div style=\"height:45px\" aria-hidden=\"true\" class=\"wp-block-spacer\"><\/div>\n\n\n\n<h3 class=\"wp-block-heading\"><strong>Ptruu-ptruu&#8230;<\/strong><\/h3>\n\n\n\n<figure class=\"wp-block-audio\"><audio controls src=\"http:\/\/localhost:3000:3000\/estonka\/wp-content\/uploads\/2020\/08\/6.Ptruu-ptruu.mp3\"><\/audio><\/figure>\n\n\n\n<p>Singer Maali Jauk&nbsp;from&nbsp;Lile\u012dka village in 1996.&nbsp;<\/p>\n\n\n\n<p>Reference: ERA, DAT 59 (23)<\/p>\n\n\n\n<hr class=\"wp-block-separator\"\/>\n\n\n\n<div style=\"height:45px\" aria-hidden=\"true\" class=\"wp-block-spacer\"><\/div>\n\n\n\n<h3 class=\"wp-block-heading\"><strong>Tii-tii-tigalane&#8230;<\/strong><\/h3>\n\n\n\n<figure class=\"wp-block-audio\"><audio controls src=\"http:\/\/localhost:3000:3000\/estonka\/wp-content\/uploads\/2020\/08\/7.Tii-tii-tigalane.mp3\"><\/audio><\/figure>\n\n\n\n<p>Singer Maali Jauk&nbsp; from&nbsp; Lile\u012dka village in 1996.<\/p>\n\n\n\n<p>Reference: ERA, DAT 59 (25)<\/p>\n\n\n\n<hr class=\"wp-block-separator\"\/>\n\n\n\n<div style=\"height:45px\" aria-hidden=\"true\" class=\"wp-block-spacer\"><\/div>\n\n\n\n<h3 class=\"wp-block-heading\"><strong>Uni, tule uksest tuppa&#8230;<\/strong><\/h3>\n\n\n\n<figure class=\"wp-block-audio\"><audio controls src=\"http:\/\/localhost:3000:3000\/estonka\/wp-content\/uploads\/2020\/08\/8.Uni_tule_uksest_tuppa.mp3\"><\/audio><\/figure>\n\n\n\n<p>Singer Miina Iisberg from&nbsp;Verhni\u012d Suetuk village&nbsp;in 1992.&nbsp;<\/p>\n\n\n\n<p>Reference: RKM, Mgn II 4383 (19)<\/p>\n\n\n\n<hr class=\"wp-block-separator\"\/>\n\n\n\n<div style=\"height:45px\" aria-hidden=\"true\" class=\"wp-block-spacer\"><\/div>\n\n\n\n<h3 class=\"wp-block-heading\"><strong>Tie kakku, kasta saia&#8230;<\/strong><\/h3>\n\n\n\n<figure class=\"wp-block-audio\"><audio controls src=\"http:\/\/localhost:3000:3000\/estonka\/wp-content\/uploads\/2020\/08\/9.Tie_kakku_kasta_saia.mp3\"><\/audio><\/figure>\n\n\n\n<p>Singer&nbsp;Maali Pool from&nbsp;&nbsp;Verhni\u012d Suetuk village in 1992.<\/p>\n\n\n\n<p>Reference: RKM, Mgn. II 4377 (49)<\/p>\n\n\n\n<hr class=\"wp-block-separator\"\/>\n\n\n\n<div style=\"height:45px\" aria-hidden=\"true\" class=\"wp-block-spacer\"><\/div>\n\n\n\n<h3 class=\"wp-block-heading\"><strong>Paiu-paiu, paiu-paiu&#8230;<\/strong><\/h3>\n\n\n\n<figure class=\"wp-block-audio\"><audio controls src=\"http:\/\/localhost:3000:3000\/estonka\/wp-content\/uploads\/2020\/08\/10.Paiu-paiu_paiu-paiu.mp3\"><\/audio><\/figure>\n\n\n\n<p>Singer&nbsp;Miina Jansa from&nbsp;Verhni\u012d Suetuk village in 1992.<\/p>\n\n\n\n<p>Reference: RKM, Mgn. II 4374 (16)<\/p>\n\n\n\n<hr class=\"wp-block-separator\"\/>\n\n\n\n<div style=\"height:45px\" aria-hidden=\"true\" class=\"wp-block-spacer\"><\/div>\n\n\n\n<h3 class=\"wp-block-heading\"><strong>Uni tule uksest sisse&#8230;<\/strong><\/h3>\n\n\n\n<figure class=\"wp-block-audio\"><audio controls src=\"http:\/\/localhost:3000:3000\/estonka\/wp-content\/uploads\/2020\/08\/11.Uni_tule_uksest_sisse.mp3\"><\/audio><\/figure>\n\n\n\n<p>&nbsp;Singer&nbsp;Konstantin Konstantinov from&nbsp;Verhni\u012d Suetuk village in 1999.<\/p>\n\n\n\n<p>Reference: ERA, MD 986, 57:45<\/p>\n\n\n\n<hr class=\"wp-block-separator\"\/>\n\n\n\n<div style=\"height:45px\" aria-hidden=\"true\" class=\"wp-block-spacer\"><\/div>\n\n\n\n<h3 class=\"wp-block-heading\"><strong>Tallekene h\u00fcppab\u2026<\/strong><\/h3>\n\n\n\n<figure class=\"wp-block-audio\"><audio controls src=\"http:\/\/localhost:3000:3000\/estonka\/wp-content\/uploads\/2020\/08\/12.Tallekene_hyppab.mp3\"><\/audio><\/figure>\n\n\n\n<p>Singers&nbsp;Emilia Naarits&nbsp;and Maria Vedom from&nbsp;Ryzhkovo village<\/p>\n\n\n\n<p>in&nbsp;1999.<\/p>\n\n\n\n<p>Reference:&nbsp;ERA, CD 304 (7)<\/p>\n\n\n\n<hr class=\"wp-block-separator\"\/>\n\n\n\n<div style=\"height:45px\" aria-hidden=\"true\" class=\"wp-block-spacer\"><\/div>\n\n\n\n<h3 class=\"wp-block-heading\"><strong>Kukko ja kana&#8230;<\/strong><\/h3>\n\n\n\n<figure class=\"wp-block-audio\"><audio controls src=\"http:\/\/localhost:3000:3000\/estonka\/wp-content\/uploads\/2020\/08\/13.Kukko_ja_kana.mp3\"><\/audio><\/figure>\n\n\n\n<p>Singer&nbsp;Maria Vedom from&nbsp;Ryzhkovo village in&nbsp;1999.&nbsp;&nbsp;<\/p>\n\n\n\n<p>Reference: ERA, CD 308 (1)<\/p>\n\n\n\n<hr class=\"wp-block-separator\"\/>\n\n\n\n<div style=\"height:45px\" aria-hidden=\"true\" class=\"wp-block-spacer\"><\/div>\n\n\n\n<h3 class=\"wp-block-heading\"><strong>\u00c4ia-\u00e4ia, \u00e4mma lammas&#8230;<\/strong><\/h3>\n\n\n\n<figure class=\"wp-block-audio\"><audio controls src=\"http:\/\/localhost:3000:3000\/estonka\/wp-content\/uploads\/2020\/08\/14.Aia-aia_amma_lammas.mp3\"><\/audio><\/figure>\n\n\n\n<p>Singer&nbsp;Olga Raad from Estonka&nbsp;village&nbsp;in 1996.&nbsp;<\/p>\n\n\n\n<p>Reference: FA, DAT 51 (6)<\/p>\n\n\n\n<hr class=\"wp-block-separator\"\/>\n\n\n\n<div style=\"height:45px\" aria-hidden=\"true\" class=\"wp-block-spacer\"><\/div>\n\n\n\n<h3 class=\"wp-block-heading\"><strong>Uad-herned \u00f5itsvad&#8230;<\/strong><\/h3>\n\n\n\n<figure class=\"wp-block-audio\"><audio controls src=\"http:\/\/localhost:3000:3000\/estonka\/wp-content\/uploads\/2020\/08\/15.Uad-herned_oitsvad.mp3\"><\/audio><\/figure>\n\n\n\n<p>Singer&nbsp;Irina J\u00e4rvson&nbsp;from&nbsp;Tsvetnopol\u2019ye village in 1997.<\/p>\n\n\n\n<p>Reference: ERA, CD 3 (11)<\/p>\n\n\n\n<hr class=\"wp-block-separator\"\/>\n\n\n\n<div style=\"height:45px\" aria-hidden=\"true\" class=\"wp-block-spacer\"><\/div>\n\n\n\n<h3 class=\"wp-block-heading\"><strong>\u00c4iu-tuia, lase kiigel&#8230;<\/strong><\/h3>\n\n\n\n<figure class=\"wp-block-audio\"><audio controls src=\"http:\/\/localhost:3000:3000\/estonka\/wp-content\/uploads\/2020\/08\/16.Aiu-tuia_lase_kiigel.mp3\"><\/audio><\/figure>\n\n\n\n<p>Singer&nbsp;Maria Guljova&nbsp;from&nbsp;Tsvetnopol\u2019ye village in 1997.<\/p>\n\n\n\n<p>Reference: ERA, CD 5 (3)<\/p>\n\n\n\n<hr class=\"wp-block-separator\"\/>\n\n\n\n<div style=\"height:45px\" aria-hidden=\"true\" class=\"wp-block-spacer\"><\/div>\n\n\n\n<h3 class=\"wp-block-heading\"><strong>Vaadake-vaadake, mis meil toodi&#8230;.<\/strong><\/h3>\n\n\n\n<figure class=\"wp-block-audio\"><audio controls src=\"http:\/\/localhost:3000:3000\/estonka\/wp-content\/uploads\/2020\/08\/17.Vaadake-vaadake_mis_meil_toodi.mp3\"><\/audio><\/figure>\n\n\n\n<p>Singer&nbsp;Maria Guljova from&nbsp;Tsvetnopol\u2019ye village in 1997.<\/p>\n\n\n\n<p>Reference: ERA, CD 5 (4)<\/p>\n\n\n\n<hr class=\"wp-block-separator\"\/>\n","protected":false},"excerpt":{"rendered":"<p>Uni tule uilates&#8230; Singer&nbsp;Minni Lassman&nbsp;from&nbsp;Beryozovka village&nbsp;in 1993. Reference: ERA, DAT 9 (6) \u00c4ia-p\u00fcia-tuia, lase kiigul&#8230; Singer&nbsp;Minni Lassman&nbsp; from&nbsp;&nbsp;Beryozovka village&nbsp;in 1993. Reference: ERA, DAT 9 (7) \u00c4iu-\u00e4iu, kussu-kussu&#8230; Singer&nbsp;Adeele Kruuberg&nbsp; from&nbsp;&nbsp;Beryozovka village&nbsp;in 1993. Reference: ERA, FAM 1 (32) Prileteli zuravli&#8230; Singer&nbsp;Ida S\u00f5rmus from Semjonovka village in 1995. Reference: ERA, DAT 25 (58) Kutsa l\u00e4ts m\u00f5tsa&#8230; Singer [&hellip;]<\/p>\n","protected":false},"author":1,"featured_media":2342,"parent":0,"menu_order":0,"comment_status":"closed","ping_status":"closed","template":"","meta":{"footnotes":""},"class_list":["post-2328","page","type-page","status-publish","has-post-thumbnail","hentry"],"yoast_head":"<!-- This site is optimized with the Yoast SEO plugin v23.4 - https:\/\/yoast.com\/wordpress\/plugins\/seo\/ -->\n<title>Children&#039;s songs - Estonka<\/title>\n<meta name=\"robots\" content=\"index, follow, max-snippet:-1, max-image-preview:large, max-video-preview:-1\" \/>\n<link rel=\"canonical\" href=\"https:\/\/folklore.ee\/estonka\/en\/childrens-songs\/\" \/>\n<meta property=\"og:locale\" content=\"en_US\" \/>\n<meta property=\"og:type\" content=\"article\" \/>\n<meta property=\"og:title\" content=\"Children&#039;s songs - Estonka\" \/>\n<meta property=\"og:description\" content=\"Uni tule uilates&#8230; Singer&nbsp;Minni Lassman&nbsp;from&nbsp;Beryozovka village&nbsp;in 1993. Reference: ERA, DAT 9 (6) \u00c4ia-p\u00fcia-tuia, lase kiigul&#8230; Singer&nbsp;Minni Lassman&nbsp; from&nbsp;&nbsp;Beryozovka village&nbsp;in 1993. Reference: ERA, DAT 9 (7) \u00c4iu-\u00e4iu, kussu-kussu&#8230; Singer&nbsp;Adeele Kruuberg&nbsp; from&nbsp;&nbsp;Beryozovka village&nbsp;in 1993. Reference: ERA, FAM 1 (32) Prileteli zuravli&#8230; Singer&nbsp;Ida S\u00f5rmus from Semjonovka village in 1995. Reference: ERA, DAT 25 (58) Kutsa l\u00e4ts m\u00f5tsa&#8230; Singer [&hellip;]\" \/>\n<meta property=\"og:url\" content=\"https:\/\/folklore.ee\/estonka\/en\/childrens-songs\/\" \/>\n<meta property=\"og:site_name\" content=\"Estonka\" \/>\n<meta property=\"article:modified_time\" content=\"2020-09-08T12:24:23+00:00\" \/>\n<meta property=\"og:image\" content=\"https:\/\/folklore.ee\/estonka\/wp-content\/uploads\/2020\/09\/X_pilt17.jpg\" \/>\n\t<meta property=\"og:image:width\" content=\"1920\" \/>\n\t<meta property=\"og:image:height\" content=\"400\" \/>\n\t<meta property=\"og:image:type\" content=\"image\/jpeg\" \/>\n<meta name=\"twitter:card\" content=\"summary_large_image\" \/>\n<meta name=\"twitter:label1\" content=\"Est. reading time\" \/>\n\t<meta name=\"twitter:data1\" content=\"1 minute\" \/>\n<script type=\"application\/ld+json\" class=\"yoast-schema-graph\">{\"@context\":\"https:\/\/schema.org\",\"@graph\":[{\"@type\":\"WebPage\",\"@id\":\"https:\/\/folklore.ee\/estonka\/en\/childrens-songs\/\",\"url\":\"https:\/\/folklore.ee\/estonka\/en\/childrens-songs\/\",\"name\":\"Children's songs - Estonka\",\"isPartOf\":{\"@id\":\"https:\/\/folklore.ee\/estonka\/#website\"},\"primaryImageOfPage\":{\"@id\":\"https:\/\/folklore.ee\/estonka\/en\/childrens-songs\/#primaryimage\"},\"image\":{\"@id\":\"https:\/\/folklore.ee\/estonka\/en\/childrens-songs\/#primaryimage\"},\"thumbnailUrl\":\"https:\/\/folklore.ee\/estonka\/wp-content\/uploads\/2020\/09\/X_pilt17.jpg\",\"datePublished\":\"2020-09-08T12:16:37+00:00\",\"dateModified\":\"2020-09-08T12:24:23+00:00\",\"breadcrumb\":{\"@id\":\"https:\/\/folklore.ee\/estonka\/en\/childrens-songs\/#breadcrumb\"},\"inLanguage\":\"en-US\",\"potentialAction\":[{\"@type\":\"ReadAction\",\"target\":[\"https:\/\/folklore.ee\/estonka\/en\/childrens-songs\/\"]}]},{\"@type\":\"ImageObject\",\"inLanguage\":\"en-US\",\"@id\":\"https:\/\/folklore.ee\/estonka\/en\/childrens-songs\/#primaryimage\",\"url\":\"https:\/\/folklore.ee\/estonka\/wp-content\/uploads\/2020\/09\/X_pilt17.jpg\",\"contentUrl\":\"https:\/\/folklore.ee\/estonka\/wp-content\/uploads\/2020\/09\/X_pilt17.jpg\",\"width\":1920,\"height\":400,\"caption\":\"Children's songs cover\"},{\"@type\":\"BreadcrumbList\",\"@id\":\"https:\/\/folklore.ee\/estonka\/en\/childrens-songs\/#breadcrumb\",\"itemListElement\":[{\"@type\":\"ListItem\",\"position\":1,\"name\":\"Avaleht\",\"item\":\"https:\/\/folklore.ee\/estonka\/\"},{\"@type\":\"ListItem\",\"position\":2,\"name\":\"Children&#8217;s songs\"}]},{\"@type\":\"WebSite\",\"@id\":\"https:\/\/folklore.ee\/estonka\/#website\",\"url\":\"https:\/\/folklore.ee\/estonka\/\",\"name\":\"Estonka\",\"description\":\"Just another WordPress site\",\"potentialAction\":[{\"@type\":\"SearchAction\",\"target\":{\"@type\":\"EntryPoint\",\"urlTemplate\":\"https:\/\/folklore.ee\/estonka\/?s={search_term_string}\"},\"query-input\":{\"@type\":\"PropertyValueSpecification\",\"valueRequired\":true,\"valueName\":\"search_term_string\"}}],\"inLanguage\":\"en-US\"}]}<\/script>\n<!-- \/ Yoast SEO plugin. -->","yoast_head_json":{"title":"Children's songs - Estonka","robots":{"index":"index","follow":"follow","max-snippet":"max-snippet:-1","max-image-preview":"max-image-preview:large","max-video-preview":"max-video-preview:-1"},"canonical":"https:\/\/folklore.ee\/estonka\/en\/childrens-songs\/","og_locale":"en_US","og_type":"article","og_title":"Children's songs - Estonka","og_description":"Uni tule uilates&#8230; Singer&nbsp;Minni Lassman&nbsp;from&nbsp;Beryozovka village&nbsp;in 1993. Reference: ERA, DAT 9 (6) \u00c4ia-p\u00fcia-tuia, lase kiigul&#8230; Singer&nbsp;Minni Lassman&nbsp; from&nbsp;&nbsp;Beryozovka village&nbsp;in 1993. Reference: ERA, DAT 9 (7) \u00c4iu-\u00e4iu, kussu-kussu&#8230; Singer&nbsp;Adeele Kruuberg&nbsp; from&nbsp;&nbsp;Beryozovka village&nbsp;in 1993. Reference: ERA, FAM 1 (32) Prileteli zuravli&#8230; Singer&nbsp;Ida S\u00f5rmus from Semjonovka village in 1995. Reference: ERA, DAT 25 (58) Kutsa l\u00e4ts m\u00f5tsa&#8230; Singer [&hellip;]","og_url":"https:\/\/folklore.ee\/estonka\/en\/childrens-songs\/","og_site_name":"Estonka","article_modified_time":"2020-09-08T12:24:23+00:00","og_image":[{"width":1920,"height":400,"url":"https:\/\/folklore.ee\/estonka\/wp-content\/uploads\/2020\/09\/X_pilt17.jpg","type":"image\/jpeg"}],"twitter_card":"summary_large_image","twitter_misc":{"Est. reading time":"1 minute"},"schema":{"@context":"https:\/\/schema.org","@graph":[{"@type":"WebPage","@id":"https:\/\/folklore.ee\/estonka\/en\/childrens-songs\/","url":"https:\/\/folklore.ee\/estonka\/en\/childrens-songs\/","name":"Children's songs - Estonka","isPartOf":{"@id":"https:\/\/folklore.ee\/estonka\/#website"},"primaryImageOfPage":{"@id":"https:\/\/folklore.ee\/estonka\/en\/childrens-songs\/#primaryimage"},"image":{"@id":"https:\/\/folklore.ee\/estonka\/en\/childrens-songs\/#primaryimage"},"thumbnailUrl":"https:\/\/folklore.ee\/estonka\/wp-content\/uploads\/2020\/09\/X_pilt17.jpg","datePublished":"2020-09-08T12:16:37+00:00","dateModified":"2020-09-08T12:24:23+00:00","breadcrumb":{"@id":"https:\/\/folklore.ee\/estonka\/en\/childrens-songs\/#breadcrumb"},"inLanguage":"en-US","potentialAction":[{"@type":"ReadAction","target":["https:\/\/folklore.ee\/estonka\/en\/childrens-songs\/"]}]},{"@type":"ImageObject","inLanguage":"en-US","@id":"https:\/\/folklore.ee\/estonka\/en\/childrens-songs\/#primaryimage","url":"https:\/\/folklore.ee\/estonka\/wp-content\/uploads\/2020\/09\/X_pilt17.jpg","contentUrl":"https:\/\/folklore.ee\/estonka\/wp-content\/uploads\/2020\/09\/X_pilt17.jpg","width":1920,"height":400,"caption":"Children's songs cover"},{"@type":"BreadcrumbList","@id":"https:\/\/folklore.ee\/estonka\/en\/childrens-songs\/#breadcrumb","itemListElement":[{"@type":"ListItem","position":1,"name":"Avaleht","item":"https:\/\/folklore.ee\/estonka\/"},{"@type":"ListItem","position":2,"name":"Children&#8217;s songs"}]},{"@type":"WebSite","@id":"https:\/\/folklore.ee\/estonka\/#website","url":"https:\/\/folklore.ee\/estonka\/","name":"Estonka","description":"Just another WordPress site","potentialAction":[{"@type":"SearchAction","target":{"@type":"EntryPoint","urlTemplate":"https:\/\/folklore.ee\/estonka\/?s={search_term_string}"},"query-input":{"@type":"PropertyValueSpecification","valueRequired":true,"valueName":"search_term_string"}}],"inLanguage":"en-US"}]}},"_links":{"self":[{"href":"https:\/\/folklore.ee\/estonka\/wp-json\/wp\/v2\/pages\/2328"}],"collection":[{"href":"https:\/\/folklore.ee\/estonka\/wp-json\/wp\/v2\/pages"}],"about":[{"href":"https:\/\/folklore.ee\/estonka\/wp-json\/wp\/v2\/types\/page"}],"author":[{"embeddable":true,"href":"https:\/\/folklore.ee\/estonka\/wp-json\/wp\/v2\/users\/1"}],"replies":[{"embeddable":true,"href":"https:\/\/folklore.ee\/estonka\/wp-json\/wp\/v2\/comments?post=2328"}],"version-history":[{"count":2,"href":"https:\/\/folklore.ee\/estonka\/wp-json\/wp\/v2\/pages\/2328\/revisions"}],"predecessor-version":[{"id":2341,"href":"https:\/\/folklore.ee\/estonka\/wp-json\/wp\/v2\/pages\/2328\/revisions\/2341"}],"wp:featuredmedia":[{"embeddable":true,"href":"https:\/\/folklore.ee\/estonka\/wp-json\/wp\/v2\/media\/2342"}],"wp:attachment":[{"href":"https:\/\/folklore.ee\/estonka\/wp-json\/wp\/v2\/media?parent=2328"}],"curies":[{"name":"wp","href":"https:\/\/api.w.org\/{rel}","templated":true}]}}