{"id":2331,"date":"2020-09-08T12:19:15","date_gmt":"2020-09-08T12:19:15","guid":{"rendered":"http:\/\/folklore.ee\/estonka\/?page_id=2331"},"modified":"2020-09-08T12:19:16","modified_gmt":"2020-09-08T12:19:16","slug":"estonians-in-volga-region","status":"publish","type":"page","link":"https:\/\/folklore.ee\/estonka\/en\/estonians-in-volga-region\/","title":{"rendered":"Estonians in Volga region"},"content":{"rendered":"\n<h2 class=\"wp-block-heading\">Emigration<\/h2>\n\n\n\n<hr class=\"wp-block-separator\"\/>\n\n\n\n<p>Estonians began emigrating to sparsely populated areas of\u00a0Russia\u00a0in the mid-1850s. This process intensified from the 1860s when the residence location change was legalised. The first resettlers of that period headed for the Samara Province. In the 1850s and 1860s the first emigration destinations besides the Samara Province were the Caucasus, Crimea and the areas on the other side of Lake Peipus. Here you can read bout the historical background and resettlement reasons.<\/p>\n\n\n\n<div style=\"height:20px\" aria-hidden=\"true\" class=\"wp-block-spacer\"><\/div>\n\n\n\n<h2 class=\"wp-block-heading\"><strong>First emigrants<\/strong><\/h2>\n\n\n\n<hr class=\"wp-block-separator\"\/>\n\n\n\n<p>In May of 1855 the first families from the P\u00f5lva and Kanepi parishes who had received emigration permits set out in a caravan of horse-drawn wagons from the Kirump\u00e4\u00e4 tavern in the V\u00e4imela rural municipality. Two years later, the Sangaste parish people were on the move. In the following years the resettlement movement expanded to most of the parishes in Tartu and V\u00f5ru Counties, then spreading in the northern direction.<\/p>\n\n\n\n<p>Those who had departed from the Kirump\u00e4\u00e4 tavern reached Saratov after several months on the road. There it was discovered that no vacant state land was available in that province. They embarked on boats and crossed the Volga River, arriving in the neighbouring Samara Province. The resettlers initially stayed in the village of Krasnoyar, inhabited by Germans, earning their living by performing farm labour. The first Estonian village in the region, Liflyandka, was founded in 1859.<\/p>\n\n\n\n<p>The first resettler parties moved from one location to another for years in search of a new home, nevertheless remaining registered in their birthplace parishioners\u2019 list. That is why they were not exempt from parish taxes and military conscription. This situation required a solution on the state level. It was henceforth required that those intending to resettle should begin by sending their delegates-scouts to the desired location to choose a certain place for the rest of the party.<\/p>\n\n\n\n<p>The resettlers could establish residence on uninhabited state land, each male receiving a plot of land. One could also lease frontier land where the soil was scantily fertile. The first families found shelter in the nearby German and Russian villages, and some made dugouts or huts from clay-smeared twigs.<\/p>\n\n\n\n<p>Those resettlers who emigrated later had it somewhat easier: they could travel on the railway and, once there, they could rely on the assistance of the Russian state and their compatriots.<\/p>\n","protected":false},"excerpt":{"rendered":"<p>Emigration Estonians began emigrating to sparsely populated areas of\u00a0Russia\u00a0in the mid-1850s. This process intensified from the 1860s when the residence location change was legalised. The first resettlers of that period headed for the Samara Province. In the 1850s and 1860s the first emigration destinations besides the Samara Province were the Caucasus, Crimea and the areas [&hellip;]<\/p>\n","protected":false},"author":1,"featured_media":2332,"parent":0,"menu_order":0,"comment_status":"closed","ping_status":"closed","template":"","meta":{"footnotes":""},"class_list":["post-2331","page","type-page","status-publish","has-post-thumbnail","hentry"],"yoast_head":"<!-- This site is optimized with the Yoast SEO plugin v23.4 - https:\/\/yoast.com\/wordpress\/plugins\/seo\/ -->\n<title>Estonians in Volga region - Estonka<\/title>\n<meta name=\"robots\" content=\"index, follow, max-snippet:-1, max-image-preview:large, max-video-preview:-1\" \/>\n<link rel=\"canonical\" href=\"https:\/\/folklore.ee\/estonka\/en\/estonians-in-volga-region\/\" \/>\n<meta property=\"og:locale\" content=\"en_US\" \/>\n<meta property=\"og:type\" content=\"article\" \/>\n<meta property=\"og:title\" content=\"Estonians in Volga region - Estonka\" \/>\n<meta property=\"og:description\" content=\"Emigration Estonians began emigrating to sparsely populated areas of\u00a0Russia\u00a0in the mid-1850s. This process intensified from the 1860s when the residence location change was legalised. The first resettlers of that period headed for the Samara Province. In the 1850s and 1860s the first emigration destinations besides the Samara Province were the Caucasus, Crimea and the areas [&hellip;]\" \/>\n<meta property=\"og:url\" content=\"https:\/\/folklore.ee\/estonka\/en\/estonians-in-volga-region\/\" \/>\n<meta property=\"og:site_name\" content=\"Estonka\" \/>\n<meta property=\"article:modified_time\" content=\"2020-09-08T12:19:16+00:00\" \/>\n<meta property=\"og:image\" content=\"https:\/\/folklore.ee\/estonka\/wp-content\/uploads\/2020\/09\/X_1.jpg\" \/>\n\t<meta property=\"og:image:width\" content=\"1920\" \/>\n\t<meta property=\"og:image:height\" content=\"400\" \/>\n\t<meta property=\"og:image:type\" content=\"image\/jpeg\" \/>\n<meta name=\"twitter:card\" content=\"summary_large_image\" \/>\n<meta name=\"twitter:label1\" content=\"Est. reading time\" \/>\n\t<meta name=\"twitter:data1\" content=\"2 minutes\" \/>\n<script type=\"application\/ld+json\" class=\"yoast-schema-graph\">{\"@context\":\"https:\/\/schema.org\",\"@graph\":[{\"@type\":\"WebPage\",\"@id\":\"https:\/\/folklore.ee\/estonka\/en\/estonians-in-volga-region\/\",\"url\":\"https:\/\/folklore.ee\/estonka\/en\/estonians-in-volga-region\/\",\"name\":\"Estonians in Volga region - Estonka\",\"isPartOf\":{\"@id\":\"https:\/\/folklore.ee\/estonka\/#website\"},\"primaryImageOfPage\":{\"@id\":\"https:\/\/folklore.ee\/estonka\/en\/estonians-in-volga-region\/#primaryimage\"},\"image\":{\"@id\":\"https:\/\/folklore.ee\/estonka\/en\/estonians-in-volga-region\/#primaryimage\"},\"thumbnailUrl\":\"https:\/\/folklore.ee\/estonka\/wp-content\/uploads\/2020\/09\/X_1.jpg\",\"datePublished\":\"2020-09-08T12:19:15+00:00\",\"dateModified\":\"2020-09-08T12:19:16+00:00\",\"breadcrumb\":{\"@id\":\"https:\/\/folklore.ee\/estonka\/en\/estonians-in-volga-region\/#breadcrumb\"},\"inLanguage\":\"en-US\",\"potentialAction\":[{\"@type\":\"ReadAction\",\"target\":[\"https:\/\/folklore.ee\/estonka\/en\/estonians-in-volga-region\/\"]}]},{\"@type\":\"ImageObject\",\"inLanguage\":\"en-US\",\"@id\":\"https:\/\/folklore.ee\/estonka\/en\/estonians-in-volga-region\/#primaryimage\",\"url\":\"https:\/\/folklore.ee\/estonka\/wp-content\/uploads\/2020\/09\/X_1.jpg\",\"contentUrl\":\"https:\/\/folklore.ee\/estonka\/wp-content\/uploads\/2020\/09\/X_1.jpg\",\"width\":1920,\"height\":400,\"caption\":\"Volga region cover\"},{\"@type\":\"BreadcrumbList\",\"@id\":\"https:\/\/folklore.ee\/estonka\/en\/estonians-in-volga-region\/#breadcrumb\",\"itemListElement\":[{\"@type\":\"ListItem\",\"position\":1,\"name\":\"Avaleht\",\"item\":\"https:\/\/folklore.ee\/estonka\/\"},{\"@type\":\"ListItem\",\"position\":2,\"name\":\"Estonians in Volga region\"}]},{\"@type\":\"WebSite\",\"@id\":\"https:\/\/folklore.ee\/estonka\/#website\",\"url\":\"https:\/\/folklore.ee\/estonka\/\",\"name\":\"Estonka\",\"description\":\"Just another WordPress site\",\"potentialAction\":[{\"@type\":\"SearchAction\",\"target\":{\"@type\":\"EntryPoint\",\"urlTemplate\":\"https:\/\/folklore.ee\/estonka\/?s={search_term_string}\"},\"query-input\":{\"@type\":\"PropertyValueSpecification\",\"valueRequired\":true,\"valueName\":\"search_term_string\"}}],\"inLanguage\":\"en-US\"}]}<\/script>\n<!-- \/ Yoast SEO plugin. -->","yoast_head_json":{"title":"Estonians in Volga region - Estonka","robots":{"index":"index","follow":"follow","max-snippet":"max-snippet:-1","max-image-preview":"max-image-preview:large","max-video-preview":"max-video-preview:-1"},"canonical":"https:\/\/folklore.ee\/estonka\/en\/estonians-in-volga-region\/","og_locale":"en_US","og_type":"article","og_title":"Estonians in Volga region - Estonka","og_description":"Emigration Estonians began emigrating to sparsely populated areas of\u00a0Russia\u00a0in the mid-1850s. This process intensified from the 1860s when the residence location change was legalised. The first resettlers of that period headed for the Samara Province. In the 1850s and 1860s the first emigration destinations besides the Samara Province were the Caucasus, Crimea and the areas [&hellip;]","og_url":"https:\/\/folklore.ee\/estonka\/en\/estonians-in-volga-region\/","og_site_name":"Estonka","article_modified_time":"2020-09-08T12:19:16+00:00","og_image":[{"width":1920,"height":400,"url":"https:\/\/folklore.ee\/estonka\/wp-content\/uploads\/2020\/09\/X_1.jpg","type":"image\/jpeg"}],"twitter_card":"summary_large_image","twitter_misc":{"Est. reading time":"2 minutes"},"schema":{"@context":"https:\/\/schema.org","@graph":[{"@type":"WebPage","@id":"https:\/\/folklore.ee\/estonka\/en\/estonians-in-volga-region\/","url":"https:\/\/folklore.ee\/estonka\/en\/estonians-in-volga-region\/","name":"Estonians in Volga region - Estonka","isPartOf":{"@id":"https:\/\/folklore.ee\/estonka\/#website"},"primaryImageOfPage":{"@id":"https:\/\/folklore.ee\/estonka\/en\/estonians-in-volga-region\/#primaryimage"},"image":{"@id":"https:\/\/folklore.ee\/estonka\/en\/estonians-in-volga-region\/#primaryimage"},"thumbnailUrl":"https:\/\/folklore.ee\/estonka\/wp-content\/uploads\/2020\/09\/X_1.jpg","datePublished":"2020-09-08T12:19:15+00:00","dateModified":"2020-09-08T12:19:16+00:00","breadcrumb":{"@id":"https:\/\/folklore.ee\/estonka\/en\/estonians-in-volga-region\/#breadcrumb"},"inLanguage":"en-US","potentialAction":[{"@type":"ReadAction","target":["https:\/\/folklore.ee\/estonka\/en\/estonians-in-volga-region\/"]}]},{"@type":"ImageObject","inLanguage":"en-US","@id":"https:\/\/folklore.ee\/estonka\/en\/estonians-in-volga-region\/#primaryimage","url":"https:\/\/folklore.ee\/estonka\/wp-content\/uploads\/2020\/09\/X_1.jpg","contentUrl":"https:\/\/folklore.ee\/estonka\/wp-content\/uploads\/2020\/09\/X_1.jpg","width":1920,"height":400,"caption":"Volga region cover"},{"@type":"BreadcrumbList","@id":"https:\/\/folklore.ee\/estonka\/en\/estonians-in-volga-region\/#breadcrumb","itemListElement":[{"@type":"ListItem","position":1,"name":"Avaleht","item":"https:\/\/folklore.ee\/estonka\/"},{"@type":"ListItem","position":2,"name":"Estonians in Volga region"}]},{"@type":"WebSite","@id":"https:\/\/folklore.ee\/estonka\/#website","url":"https:\/\/folklore.ee\/estonka\/","name":"Estonka","description":"Just another WordPress site","potentialAction":[{"@type":"SearchAction","target":{"@type":"EntryPoint","urlTemplate":"https:\/\/folklore.ee\/estonka\/?s={search_term_string}"},"query-input":{"@type":"PropertyValueSpecification","valueRequired":true,"valueName":"search_term_string"}}],"inLanguage":"en-US"}]}},"_links":{"self":[{"href":"https:\/\/folklore.ee\/estonka\/wp-json\/wp\/v2\/pages\/2331"}],"collection":[{"href":"https:\/\/folklore.ee\/estonka\/wp-json\/wp\/v2\/pages"}],"about":[{"href":"https:\/\/folklore.ee\/estonka\/wp-json\/wp\/v2\/types\/page"}],"author":[{"embeddable":true,"href":"https:\/\/folklore.ee\/estonka\/wp-json\/wp\/v2\/users\/1"}],"replies":[{"embeddable":true,"href":"https:\/\/folklore.ee\/estonka\/wp-json\/wp\/v2\/comments?post=2331"}],"version-history":[{"count":1,"href":"https:\/\/folklore.ee\/estonka\/wp-json\/wp\/v2\/pages\/2331\/revisions"}],"predecessor-version":[{"id":2333,"href":"https:\/\/folklore.ee\/estonka\/wp-json\/wp\/v2\/pages\/2331\/revisions\/2333"}],"wp:featuredmedia":[{"embeddable":true,"href":"https:\/\/folklore.ee\/estonka\/wp-json\/wp\/v2\/media\/2332"}],"wp:attachment":[{"href":"https:\/\/folklore.ee\/estonka\/wp-json\/wp\/v2\/media?parent=2331"}],"curies":[{"name":"wp","href":"https:\/\/api.w.org\/{rel}","templated":true}]}}