{"id":2755,"date":"2021-04-30T09:55:22","date_gmt":"2021-04-30T09:55:22","guid":{"rendered":"http:\/\/folklore.ee\/estonka\/?page_id=2755"},"modified":"2021-05-20T12:54:44","modified_gmt":"2021-05-20T12:54:44","slug":"jutud","status":"publish","type":"page","link":"https:\/\/folklore.ee\/estonka\/parimus-siberi-eestlaste-laulud\/jutud\/","title":{"rendered":"Jutud"},"content":{"rendered":"\n<p style=\"font-size:18px\"><strong>Siberisse tulekust<\/strong><\/p>\n\n\n\n<p>Oma vanemate Siberisse tulekust jutustab Lisette Tamman Tsevtnopolje k\u00fclast, salvestatud 1997. aastal. <\/p>\n\n\n\n<figure class=\"wp-block-audio\"><audio controls src=\"https:\/\/folklore.ee\/estonka\/wp-content\/uploads\/2021\/05\/CD-0018-41-Minu_ema__esivanemad_moisateenijad__yh-1.mp3\"><\/audio><\/figure>\n\n\n\n<p style=\"font-size:18px\"><strong>Siberisse tulles oli k\u00fclakohas suur mets<\/strong><\/p>\n\n\n\n<p>Jutustavad Mari Ploom jt Jurjevi k\u00fcla naised 1996. aastal.<\/p>\n\n\n\n<figure class=\"wp-block-audio\"><audio controls src=\"https:\/\/folklore.ee\/estonka\/wp-content\/uploads\/2021\/05\/DT-0056-70-Konele_mis_me_esi__ol.mp3\"><\/audio><\/figure>\n\n\n\n<div class=\"wp-block-file\"><a href=\"https:\/\/folklore.ee\/estonka\/wp-content\/uploads\/2021\/05\/Jurjevi-kula-naised.docx\">Jurjevi-kula-naised<\/a><a href=\"https:\/\/folklore.ee\/estonka\/wp-content\/uploads\/2021\/05\/Jurjevi-kula-naised.docx\" class=\"wp-block-file__button\" download>Laadi alla<\/a><\/div>\n\n\n\n<p style=\"font-size:18px\"><strong>V. I. Lenini peitmisest ja tema salaja viimisest asumiskohta Su\u0161enskojesse.<\/strong><\/p>\n\n\n\n<p>Jutustavad Maria ja Aleksander Vill \u00dclem-Suetuki k\u00fclast 2000. aastal.<\/p>\n\n\n\n<div class=\"wp-block-file\"><a href=\"https:\/\/folklore.ee\/estonka\/wp-content\/uploads\/2021\/05\/CD-0440-19-Aga_siin_Sussis__paj_aj-3.mp3\">CD-0440-19-Aga_siin_Sussis__paj_aj-3<\/a><a href=\"https:\/\/folklore.ee\/estonka\/wp-content\/uploads\/2021\/05\/CD-0440-19-Aga_siin_Sussis__paj_aj-3.mp3\" class=\"wp-block-file__button\" download>Laadi alla<\/a><\/div>\n\n\n\n<p style=\"font-size:18px\"><strong>Koolielust<\/strong><\/p>\n\n\n\n<p>1937\/38. \u00f5ppeaastal keelati Venemaa v\u00e4hemusrahvuste koolides emakeelne kooli\u00f5petus.<\/p>\n\n\n\n<p>Meenutab&nbsp;Miina Pavlov \u00dclem-Suetuki k\u00fclast.<\/p>\n\n\n\n<figure class=\"wp-block-audio\"><audio controls src=\"http:\/\/folklore.ee\/estonka\/wp-content\/uploads\/2021\/04\/01_CD-0440-14-Klassis_juba__ol.mp3\"><\/audio><\/figure>\n\n\n\n<div class=\"wp-block-file\"><a href=\"https:\/\/folklore.ee\/estonka\/wp-content\/uploads\/2021\/05\/Koolielust_Miina_Pavlov.doc\">Koolielust_Miina_Pavlov<\/a><a href=\"https:\/\/folklore.ee\/estonka\/wp-content\/uploads\/2021\/05\/Koolielust_Miina_Pavlov.doc\" class=\"wp-block-file__button\" download>Laadi alla<\/a><\/div>\n\n\n\n<div class=\"wp-block-image\"><figure class=\"aligncenter size-large\"><img loading=\"lazy\" decoding=\"async\" width=\"632\" height=\"978\" src=\"http:\/\/folklore.ee\/estonka\/wp-content\/uploads\/2021\/05\/Miina_varaval.jpg\" alt=\"\" class=\"wp-image-2918\" srcset=\"https:\/\/folklore.ee\/estonka\/wp-content\/uploads\/2021\/05\/Miina_varaval.jpg 632w, https:\/\/folklore.ee\/estonka\/wp-content\/uploads\/2021\/05\/Miina_varaval-194x300.jpg 194w\" sizes=\"(max-width: 632px) 100vw, 632px\" \/><figcaption>Miina Pavlov 2000. aastal \u00dclem-Suetuki k\u00fcla<\/figcaption><\/figure><\/div>\n","protected":false},"excerpt":{"rendered":"<p>Siberisse tulekust Oma vanemate Siberisse tulekust jutustab Lisette Tamman Tsevtnopolje k\u00fclast, salvestatud 1997. aastal. Siberisse tulles oli k\u00fclakohas suur mets Jutustavad Mari Ploom jt Jurjevi k\u00fcla naised 1996. aastal. V. I. Lenini peitmisest ja tema salaja viimisest asumiskohta Su\u0161enskojesse. Jutustavad Maria ja Aleksander Vill \u00dclem-Suetuki k\u00fclast 2000. aastal. Koolielust 1937\/38. \u00f5ppeaastal keelati Venemaa v\u00e4hemusrahvuste koolides [&hellip;]<\/p>\n","protected":false},"author":1,"featured_media":72,"parent":14,"menu_order":0,"comment_status":"closed","ping_status":"closed","template":"","meta":{"footnotes":""},"class_list":["post-2755","page","type-page","status-publish","has-post-thumbnail","hentry"],"yoast_head":"<!-- This site is optimized with the Yoast SEO plugin v23.4 - https:\/\/yoast.com\/wordpress\/plugins\/seo\/ -->\n<title>Jutud - Estonka<\/title>\n<meta name=\"robots\" content=\"index, follow, max-snippet:-1, max-image-preview:large, max-video-preview:-1\" \/>\n<link rel=\"canonical\" href=\"https:\/\/folklore.ee\/estonka\/parimus-siberi-eestlaste-laulud\/jutud\/\" \/>\n<meta property=\"og:locale\" content=\"en_US\" \/>\n<meta property=\"og:type\" content=\"article\" \/>\n<meta property=\"og:title\" content=\"Jutud - Estonka\" \/>\n<meta property=\"og:description\" content=\"Siberisse tulekust Oma vanemate Siberisse tulekust jutustab Lisette Tamman Tsevtnopolje k\u00fclast, salvestatud 1997. aastal. Siberisse tulles oli k\u00fclakohas suur mets Jutustavad Mari Ploom jt Jurjevi k\u00fcla naised 1996. aastal. V. I. Lenini peitmisest ja tema salaja viimisest asumiskohta Su\u0161enskojesse. Jutustavad Maria ja Aleksander Vill \u00dclem-Suetuki k\u00fclast 2000. aastal. Koolielust 1937\/38. \u00f5ppeaastal keelati Venemaa v\u00e4hemusrahvuste koolides [&hellip;]\" \/>\n<meta property=\"og:url\" content=\"https:\/\/folklore.ee\/estonka\/parimus-siberi-eestlaste-laulud\/jutud\/\" \/>\n<meta property=\"og:site_name\" content=\"Estonka\" \/>\n<meta property=\"article:modified_time\" content=\"2021-05-20T12:54:44+00:00\" \/>\n<meta property=\"og:image\" content=\"https:\/\/folklore.ee\/estonka\/wp-content\/uploads\/2020\/07\/4.jpg\" \/>\n\t<meta property=\"og:image:width\" content=\"1920\" \/>\n\t<meta property=\"og:image:height\" content=\"400\" \/>\n\t<meta property=\"og:image:type\" content=\"image\/jpeg\" \/>\n<meta name=\"twitter:card\" content=\"summary_large_image\" \/>\n<script type=\"application\/ld+json\" class=\"yoast-schema-graph\">{\"@context\":\"https:\/\/schema.org\",\"@graph\":[{\"@type\":\"WebPage\",\"@id\":\"https:\/\/folklore.ee\/estonka\/parimus-siberi-eestlaste-laulud\/jutud\/\",\"url\":\"https:\/\/folklore.ee\/estonka\/parimus-siberi-eestlaste-laulud\/jutud\/\",\"name\":\"Jutud - Estonka\",\"isPartOf\":{\"@id\":\"https:\/\/folklore.ee\/estonka\/#website\"},\"primaryImageOfPage\":{\"@id\":\"https:\/\/folklore.ee\/estonka\/parimus-siberi-eestlaste-laulud\/jutud\/#primaryimage\"},\"image\":{\"@id\":\"https:\/\/folklore.ee\/estonka\/parimus-siberi-eestlaste-laulud\/jutud\/#primaryimage\"},\"thumbnailUrl\":\"https:\/\/folklore.ee\/estonka\/wp-content\/uploads\/2020\/07\/4.jpg\",\"datePublished\":\"2021-04-30T09:55:22+00:00\",\"dateModified\":\"2021-05-20T12:54:44+00:00\",\"breadcrumb\":{\"@id\":\"https:\/\/folklore.ee\/estonka\/parimus-siberi-eestlaste-laulud\/jutud\/#breadcrumb\"},\"inLanguage\":\"en-US\",\"potentialAction\":[{\"@type\":\"ReadAction\",\"target\":[\"https:\/\/folklore.ee\/estonka\/parimus-siberi-eestlaste-laulud\/jutud\/\"]}]},{\"@type\":\"ImageObject\",\"inLanguage\":\"en-US\",\"@id\":\"https:\/\/folklore.ee\/estonka\/parimus-siberi-eestlaste-laulud\/jutud\/#primaryimage\",\"url\":\"https:\/\/folklore.ee\/estonka\/wp-content\/uploads\/2020\/07\/4.jpg\",\"contentUrl\":\"https:\/\/folklore.ee\/estonka\/wp-content\/uploads\/2020\/07\/4.jpg\",\"width\":1920,\"height\":400,\"caption\":\"K\u00fclad kaanefoto\"},{\"@type\":\"BreadcrumbList\",\"@id\":\"https:\/\/folklore.ee\/estonka\/parimus-siberi-eestlaste-laulud\/jutud\/#breadcrumb\",\"itemListElement\":[{\"@type\":\"ListItem\",\"position\":1,\"name\":\"Avaleht\",\"item\":\"https:\/\/folklore.ee\/estonka\/\"},{\"@type\":\"ListItem\",\"position\":2,\"name\":\"P\u00e4rimus: Siberi eestlaste laulud\",\"item\":\"https:\/\/folklore.ee\/estonka\/parimus-siberi-eestlaste-laulud\/\"},{\"@type\":\"ListItem\",\"position\":3,\"name\":\"Jutud\"}]},{\"@type\":\"WebSite\",\"@id\":\"https:\/\/folklore.ee\/estonka\/#website\",\"url\":\"https:\/\/folklore.ee\/estonka\/\",\"name\":\"Estonka\",\"description\":\"Just another WordPress site\",\"potentialAction\":[{\"@type\":\"SearchAction\",\"target\":{\"@type\":\"EntryPoint\",\"urlTemplate\":\"https:\/\/folklore.ee\/estonka\/?s={search_term_string}\"},\"query-input\":{\"@type\":\"PropertyValueSpecification\",\"valueRequired\":true,\"valueName\":\"search_term_string\"}}],\"inLanguage\":\"en-US\"}]}<\/script>\n<!-- \/ Yoast SEO plugin. -->","yoast_head_json":{"title":"Jutud - Estonka","robots":{"index":"index","follow":"follow","max-snippet":"max-snippet:-1","max-image-preview":"max-image-preview:large","max-video-preview":"max-video-preview:-1"},"canonical":"https:\/\/folklore.ee\/estonka\/parimus-siberi-eestlaste-laulud\/jutud\/","og_locale":"en_US","og_type":"article","og_title":"Jutud - Estonka","og_description":"Siberisse tulekust Oma vanemate Siberisse tulekust jutustab Lisette Tamman Tsevtnopolje k\u00fclast, salvestatud 1997. aastal. Siberisse tulles oli k\u00fclakohas suur mets Jutustavad Mari Ploom jt Jurjevi k\u00fcla naised 1996. aastal. V. I. Lenini peitmisest ja tema salaja viimisest asumiskohta Su\u0161enskojesse. Jutustavad Maria ja Aleksander Vill \u00dclem-Suetuki k\u00fclast 2000. aastal. Koolielust 1937\/38. \u00f5ppeaastal keelati Venemaa v\u00e4hemusrahvuste koolides [&hellip;]","og_url":"https:\/\/folklore.ee\/estonka\/parimus-siberi-eestlaste-laulud\/jutud\/","og_site_name":"Estonka","article_modified_time":"2021-05-20T12:54:44+00:00","og_image":[{"width":1920,"height":400,"url":"https:\/\/folklore.ee\/estonka\/wp-content\/uploads\/2020\/07\/4.jpg","type":"image\/jpeg"}],"twitter_card":"summary_large_image","schema":{"@context":"https:\/\/schema.org","@graph":[{"@type":"WebPage","@id":"https:\/\/folklore.ee\/estonka\/parimus-siberi-eestlaste-laulud\/jutud\/","url":"https:\/\/folklore.ee\/estonka\/parimus-siberi-eestlaste-laulud\/jutud\/","name":"Jutud - Estonka","isPartOf":{"@id":"https:\/\/folklore.ee\/estonka\/#website"},"primaryImageOfPage":{"@id":"https:\/\/folklore.ee\/estonka\/parimus-siberi-eestlaste-laulud\/jutud\/#primaryimage"},"image":{"@id":"https:\/\/folklore.ee\/estonka\/parimus-siberi-eestlaste-laulud\/jutud\/#primaryimage"},"thumbnailUrl":"https:\/\/folklore.ee\/estonka\/wp-content\/uploads\/2020\/07\/4.jpg","datePublished":"2021-04-30T09:55:22+00:00","dateModified":"2021-05-20T12:54:44+00:00","breadcrumb":{"@id":"https:\/\/folklore.ee\/estonka\/parimus-siberi-eestlaste-laulud\/jutud\/#breadcrumb"},"inLanguage":"en-US","potentialAction":[{"@type":"ReadAction","target":["https:\/\/folklore.ee\/estonka\/parimus-siberi-eestlaste-laulud\/jutud\/"]}]},{"@type":"ImageObject","inLanguage":"en-US","@id":"https:\/\/folklore.ee\/estonka\/parimus-siberi-eestlaste-laulud\/jutud\/#primaryimage","url":"https:\/\/folklore.ee\/estonka\/wp-content\/uploads\/2020\/07\/4.jpg","contentUrl":"https:\/\/folklore.ee\/estonka\/wp-content\/uploads\/2020\/07\/4.jpg","width":1920,"height":400,"caption":"K\u00fclad kaanefoto"},{"@type":"BreadcrumbList","@id":"https:\/\/folklore.ee\/estonka\/parimus-siberi-eestlaste-laulud\/jutud\/#breadcrumb","itemListElement":[{"@type":"ListItem","position":1,"name":"Avaleht","item":"https:\/\/folklore.ee\/estonka\/"},{"@type":"ListItem","position":2,"name":"P\u00e4rimus: Siberi eestlaste laulud","item":"https:\/\/folklore.ee\/estonka\/parimus-siberi-eestlaste-laulud\/"},{"@type":"ListItem","position":3,"name":"Jutud"}]},{"@type":"WebSite","@id":"https:\/\/folklore.ee\/estonka\/#website","url":"https:\/\/folklore.ee\/estonka\/","name":"Estonka","description":"Just another WordPress site","potentialAction":[{"@type":"SearchAction","target":{"@type":"EntryPoint","urlTemplate":"https:\/\/folklore.ee\/estonka\/?s={search_term_string}"},"query-input":{"@type":"PropertyValueSpecification","valueRequired":true,"valueName":"search_term_string"}}],"inLanguage":"en-US"}]}},"_links":{"self":[{"href":"https:\/\/folklore.ee\/estonka\/wp-json\/wp\/v2\/pages\/2755"}],"collection":[{"href":"https:\/\/folklore.ee\/estonka\/wp-json\/wp\/v2\/pages"}],"about":[{"href":"https:\/\/folklore.ee\/estonka\/wp-json\/wp\/v2\/types\/page"}],"author":[{"embeddable":true,"href":"https:\/\/folklore.ee\/estonka\/wp-json\/wp\/v2\/users\/1"}],"replies":[{"embeddable":true,"href":"https:\/\/folklore.ee\/estonka\/wp-json\/wp\/v2\/comments?post=2755"}],"version-history":[{"count":20,"href":"https:\/\/folklore.ee\/estonka\/wp-json\/wp\/v2\/pages\/2755\/revisions"}],"predecessor-version":[{"id":2955,"href":"https:\/\/folklore.ee\/estonka\/wp-json\/wp\/v2\/pages\/2755\/revisions\/2955"}],"up":[{"embeddable":true,"href":"https:\/\/folklore.ee\/estonka\/wp-json\/wp\/v2\/pages\/14"}],"wp:featuredmedia":[{"embeddable":true,"href":"https:\/\/folklore.ee\/estonka\/wp-json\/wp\/v2\/media\/72"}],"wp:attachment":[{"href":"https:\/\/folklore.ee\/estonka\/wp-json\/wp\/v2\/media?parent=2755"}],"curies":[{"name":"wp","href":"https:\/\/api.w.org\/{rel}","templated":true}]}}