{"id":77,"date":"2020-07-27T07:18:45","date_gmt":"2020-07-27T07:18:45","guid":{"rendered":"http:\/\/folklore.ee\/estonka\/?page_id=77"},"modified":"2021-05-03T12:16:35","modified_gmt":"2021-05-03T12:16:35","slug":"kulad-kaasajal","status":"publish","type":"page","link":"https:\/\/folklore.ee\/estonka\/kulad-kaasajal\/","title":{"rendered":"K\u00fclade nimestik"},"content":{"rendered":"\n<h2 class=\"wp-block-heading\">Eesti k\u00fclad, mis on p\u00fcsinud 21. sajandi alguseni<\/h2>\n\n\n\n<hr class=\"wp-block-separator\"\/>\n\n\n\n<div class=\"wp-block-columns is-layout-flex wp-container-core-columns-is-layout-1 wp-block-columns-is-layout-flex\">\n<div class=\"wp-block-column is-layout-flow wp-block-column-is-layout-flow\" style=\"flex-basis:66.66%\">\n<p>\u201cKas on asunikud kadumisel?\u201d k\u00fcsib \u201cEesti asunduste ja asupaikade\u201d raamatule 1918. a eess\u00f5na kirjutanud<strong> Samuel Sommer<\/strong> (fotol), tulihingeline asunduste elu korraldaja. Ja vastab: \u201cEi, sugugi mitte!\u201d Aeg on n\u00e4idanud, et tal oli \u00f5igus. Kuidas aga peaksime sellele k\u00fcsimusele vastama t\u00e4nap\u00e4eval? Kui vaadata Siberi eesti k\u00fclade nimekirjas leiduvat 36 k\u00fcla, oleks vastus sama: \u201cEi, sugugi mitte!\u201d K\u00f5igis neis k\u00fclades oli 21. sajandi algul v\u00f5imalik kohata eestlasi ning kuulda eesti keelt. Sellegipoolest tuleb aga kindlas jah-vastuses kahelda.<br><br>K\u00f5ik nimestikus olevad k\u00fclad pole \u201ceesti k\u00fclad\u201d selles m\u00f5ttes, et neis ei ela ainult eestlased. Nii on luterlaste asundused juba algusest peale olnud mitme rahvusega (eesti-l\u00e4ti-soome-saksa) segak\u00fclad. Mitmetes algselt vaid eestlastest elanikkonnaga k\u00fclades on eestlaste osat\u00e4htsus j\u00e4rjest v\u00e4henenud ning t\u00f5usnud vene jt rahvaste osat\u00e4htsus (nt Zolotaja Niva). Teistes algselt eestlastest koosnenud k\u00fclades on asula k\u00fcll alles, aga eestlased on kadumas (Liivi Kaug-idas, Estonia Altai krais) v\u00f5i kadunudki (Kuldorg Tomski oblastis). On ka k\u00fclasid, kus enamuses on k\u00fcll eestlased, aga elanike arv j\u00e4rjest kahaneb. Nii on omal ajal suurtest ja heal j\u00e4rjel olnud k\u00fcladest nagu Vana-Viru, \u00dclem-Bulanka, Liliengof jpt saanud v\u00e4ikesed k\u00fclakesed.<\/p>\n<\/div>\n\n\n\n<div class=\"wp-block-column is-layout-flow wp-block-column-is-layout-flow\" style=\"flex-basis:33.33%\">\n<figure class=\"wp-block-image size-large\"><img loading=\"lazy\" decoding=\"async\" width=\"220\" height=\"351\" src=\"http:\/\/folklore.ee\/estonka\/wp-content\/uploads\/2020\/07\/Samuel_Sommer.jpg\" alt=\"Samuel Sommer\" class=\"wp-image-149\" srcset=\"https:\/\/folklore.ee\/estonka\/wp-content\/uploads\/2020\/07\/Samuel_Sommer.jpg 220w, https:\/\/folklore.ee\/estonka\/wp-content\/uploads\/2020\/07\/Samuel_Sommer-188x300.jpg 188w\" sizes=\"(max-width: 220px) 100vw, 220px\" \/><\/figure>\n<\/div>\n<\/div>\n\n\n\n<p><strong><a href=\"\/estonka\/wp-content\/uploads\/2020\/07\/Praegused_kylad.pdf\" target=\"_blank\" aria-label=\"undefined (opens in a new tab)\" rel=\"noreferrer noopener\">Nimestik<\/a> <\/strong>h\u00f5lmab k\u00fclasid, mis asutati eestlaste poolt 19. sajandi l\u00f5pul ja 20. sajandi alguses ning need olid alles veel 21. sajandi hakul. Samuti leiab nimestikust k\u00fclad, mis ei ole asutatud eestlaste poolt, kuid kus pea k\u00fcla algusest saadik on elanud arvestatav hulk eestlasi. Sellistes k\u00fclades elasid eestlased tavaliselt oma k\u00fclapoolel v\u00f5i t\u00e4navas. Nimestikus pole \u00e4ra toodud kohalikke asulaid, kus on eri aegadel ka hulgaliselt eestlasi elanud.<br>Vahest peaks k\u00fcsimusele: \u201cKas on asunikud kadumisel?\u201d vastama: \u201cEi, praegu veel mitte.\u201d Mida toob Siberi eesti k\u00fcladele tulevik, n\u00e4itab aeg. Nende saatust m\u00f5jutavad nii Venemaa kui Eestimaa edasine areng, aga ka k\u00fclaelanike endi suhtumine eestlusesse.<\/p>\n\n\n\n<p>K\u00fclanimede kirjapildis on eelistatud eestip\u00e4raseid variante. \u00c4ra on toodud ka k\u00fclade ametlikud nimed ning endised nimekujud.<\/p>\n\n\n\n<p>Kindlasti leidub toodud nimekirjas vigu. Kui oskad midagi lisada, anna teada.<br>Teavet oodatakse eriti j\u00e4rgnevate k\u00fclade saatuse kohta:<\/p>\n\n\n\n<p>Antsla, Karula, Salt\u00f5kova, Buravljanka, Talovsk Taara maakonnas Oserinski vallas, t\u00e4nap\u00e4eval Tjumeni obl, Vilkulovo raj;<br>Lifljandka ja Rudovosova e. Borovu\u0161ka Barnauli maakonnas, t\u00e4nap\u00e4eval Altai krais;<\/p>\n\n\n\n<p>Ojak\u00fcla, Lebedihha ja Serosika, Kasek\u00fcla Barnauli maakonnas, t\u00e4nap\u00e4eval Altai krais;<\/p>\n\n\n\n<p>Lifljandka e. Pokornoje Akmolinski maakonnas, t\u00e4nap\u00e4eval Kasahstanis;<\/p>\n\n\n\n<p>Slava k\u00fcla 40 kilomeetrit T\u0161eljabinskist.<\/p>\n\n\n\n<p>T\u00e4name abi eest!<\/p>\n\n\n\n<p><strong>Allikad:<\/strong><\/p>\n\n\n\n<p>AI = Ajaloo Instituut etnoloogia sektor<br>ERA = Eesti Kirjandusmuuseumi Eesti Rahvaluule Arhiiv<br>Kulu, Hill 1997: Eestlaste tagasir\u00e4nne 1940\u20141989. L\u00e4\u00e4ne-Siberist p\u00e4rit eestlaste n\u00e4itel. Tartu: Tartu \u00dclikooli Kirjastus.<br>Lotkin, Ilja = \u041b\u043e\u0442\u043a\u0438\u043d, \u0418. 1996. \u0421\u043e\u0432\u0440\u0435\u043c\u0435\u043d\u043d\u044b\u0435 \u044d\u0442\u043d\u0438\u0447\u0435\u0441\u043a\u0438\u0435 \u043f\u0440\u043e\u0446\u0435\u0441\u0441\u044b \u0443 \u043b\u0430\u0442\u044b\u0448\u0435\u0439 \u0438 \u044d\u0441\u0442\u043e\u043d\u0446\u0435\u0432 \u0417\u0430\u043f\u0430\u0434\u043d\u043e\u0439 \u0421\u0438\u0431\u0438\u0440\u0438. \u041c\u043e\u0441\u043a\u0432\u0430: \u0420\u043e\u0441\u0441\u0438\u0439\u0441\u043a\u0430\u044f \u0410\u043a\u0430\u0434\u0435\u043c\u0438\u044f \u041d\u0430\u0443\u043a.<br>Nigol, August 1918: Eesti asundused ja asupaigad Venemaal. Tartu: Eesti Kirjastuse-\u00dchisuse \u201cPostimehe\u201d tr\u00fckk.<br>Piho, Mare 1995: Siperian setukaiset. Koltat, karjalaiset ja setukaiset. Pienet kansat maailmojen rajoilla. Saarinen, Tuija; Suhonen, Seppo (toim). Kuopio: Snellmann-instituutti, lk 200-219.<br>Piho, Mare 2002: Setude \u00fcmberasumisest k\u00fclmale maale. Krimmi kogumik. Konverentsi \u201c140 aastat eestlust Krimmis\u201d ettekanded (09.-10.09.2001). Viikberg, J\u00fcri (koost ja toim). Tallinn: Eesti Keele Sihtasutus, lk 171-181.<\/p>\n","protected":false},"excerpt":{"rendered":"<p>Eesti k\u00fclad, mis on p\u00fcsinud 21. sajandi alguseni \u201cKas on asunikud kadumisel?\u201d k\u00fcsib \u201cEesti asunduste ja asupaikade\u201d raamatule 1918. a eess\u00f5na kirjutanud Samuel Sommer (fotol), tulihingeline asunduste elu korraldaja. Ja vastab: \u201cEi, sugugi mitte!\u201d Aeg on n\u00e4idanud, et tal oli \u00f5igus. Kuidas aga peaksime sellele k\u00fcsimusele vastama t\u00e4nap\u00e4eval? Kui vaadata Siberi eesti k\u00fclade nimekirjas leiduvat [&hellip;]<\/p>\n","protected":false},"author":1,"featured_media":2632,"parent":0,"menu_order":0,"comment_status":"closed","ping_status":"closed","template":"","meta":{"footnotes":""},"class_list":["post-77","page","type-page","status-publish","has-post-thumbnail","hentry"],"yoast_head":"<!-- This site is optimized with the Yoast SEO plugin v23.4 - https:\/\/yoast.com\/wordpress\/plugins\/seo\/ -->\n<title>K\u00fclade nimestik - Estonka<\/title>\n<meta name=\"description\" content=\"Siberi eesti k\u00fclade nimekirjas leidub 36 k\u00fcla. Siin nimetatud k\u00fclades on k\u00f5igis v\u00f5imalik kohata eestlasi ning eesti keelt kuulda, m\u00f5nes rohkem, m\u00f5nes v\u00e4hem.\" \/>\n<meta name=\"robots\" content=\"index, follow, max-snippet:-1, max-image-preview:large, max-video-preview:-1\" \/>\n<link rel=\"canonical\" href=\"https:\/\/folklore.ee\/estonka\/kulad-kaasajal\/\" \/>\n<meta property=\"og:locale\" content=\"en_US\" \/>\n<meta property=\"og:type\" content=\"article\" \/>\n<meta property=\"og:title\" content=\"K\u00fclade nimestik - Estonka\" \/>\n<meta property=\"og:description\" content=\"Siberi eesti k\u00fclade nimekirjas leidub 36 k\u00fcla. Siin nimetatud k\u00fclades on k\u00f5igis v\u00f5imalik kohata eestlasi ning eesti keelt kuulda, m\u00f5nes rohkem, m\u00f5nes v\u00e4hem.\" \/>\n<meta property=\"og:url\" content=\"https:\/\/folklore.ee\/estonka\/kulad-kaasajal\/\" \/>\n<meta property=\"og:site_name\" content=\"Estonka\" \/>\n<meta property=\"article:modified_time\" content=\"2021-05-03T12:16:35+00:00\" \/>\n<meta property=\"og:image\" content=\"https:\/\/folklore.ee\/estonka\/wp-content\/uploads\/2020\/09\/ERA_Foto_15015-scaled.jpg\" \/>\n\t<meta property=\"og:image:width\" content=\"2560\" \/>\n\t<meta property=\"og:image:height\" content=\"1591\" \/>\n\t<meta property=\"og:image:type\" content=\"image\/jpeg\" \/>\n<meta name=\"twitter:card\" content=\"summary_large_image\" \/>\n<meta name=\"twitter:label1\" content=\"Est. reading time\" \/>\n\t<meta name=\"twitter:data1\" content=\"3 minutes\" \/>\n<script type=\"application\/ld+json\" class=\"yoast-schema-graph\">{\"@context\":\"https:\/\/schema.org\",\"@graph\":[{\"@type\":\"WebPage\",\"@id\":\"https:\/\/folklore.ee\/estonka\/kulad-kaasajal\/\",\"url\":\"https:\/\/folklore.ee\/estonka\/kulad-kaasajal\/\",\"name\":\"K\u00fclade nimestik - Estonka\",\"isPartOf\":{\"@id\":\"https:\/\/folklore.ee\/estonka\/#website\"},\"primaryImageOfPage\":{\"@id\":\"https:\/\/folklore.ee\/estonka\/kulad-kaasajal\/#primaryimage\"},\"image\":{\"@id\":\"https:\/\/folklore.ee\/estonka\/kulad-kaasajal\/#primaryimage\"},\"thumbnailUrl\":\"https:\/\/folklore.ee\/estonka\/wp-content\/uploads\/2020\/09\/ERA_Foto_15015-scaled.jpg\",\"datePublished\":\"2020-07-27T07:18:45+00:00\",\"dateModified\":\"2021-05-03T12:16:35+00:00\",\"description\":\"Siberi eesti k\u00fclade nimekirjas leidub 36 k\u00fcla. Siin nimetatud k\u00fclades on k\u00f5igis v\u00f5imalik kohata eestlasi ning eesti keelt kuulda, m\u00f5nes rohkem, m\u00f5nes v\u00e4hem.\",\"breadcrumb\":{\"@id\":\"https:\/\/folklore.ee\/estonka\/kulad-kaasajal\/#breadcrumb\"},\"inLanguage\":\"en-US\",\"potentialAction\":[{\"@type\":\"ReadAction\",\"target\":[\"https:\/\/folklore.ee\/estonka\/kulad-kaasajal\/\"]}]},{\"@type\":\"ImageObject\",\"inLanguage\":\"en-US\",\"@id\":\"https:\/\/folklore.ee\/estonka\/kulad-kaasajal\/#primaryimage\",\"url\":\"https:\/\/folklore.ee\/estonka\/wp-content\/uploads\/2020\/09\/ERA_Foto_15015-scaled.jpg\",\"contentUrl\":\"https:\/\/folklore.ee\/estonka\/wp-content\/uploads\/2020\/09\/ERA_Foto_15015-scaled.jpg\",\"width\":2560,\"height\":1591},{\"@type\":\"BreadcrumbList\",\"@id\":\"https:\/\/folklore.ee\/estonka\/kulad-kaasajal\/#breadcrumb\",\"itemListElement\":[{\"@type\":\"ListItem\",\"position\":1,\"name\":\"Avaleht\",\"item\":\"https:\/\/folklore.ee\/estonka\/\"},{\"@type\":\"ListItem\",\"position\":2,\"name\":\"K\u00fclade nimestik\"}]},{\"@type\":\"WebSite\",\"@id\":\"https:\/\/folklore.ee\/estonka\/#website\",\"url\":\"https:\/\/folklore.ee\/estonka\/\",\"name\":\"Estonka\",\"description\":\"Just another WordPress site\",\"potentialAction\":[{\"@type\":\"SearchAction\",\"target\":{\"@type\":\"EntryPoint\",\"urlTemplate\":\"https:\/\/folklore.ee\/estonka\/?s={search_term_string}\"},\"query-input\":{\"@type\":\"PropertyValueSpecification\",\"valueRequired\":true,\"valueName\":\"search_term_string\"}}],\"inLanguage\":\"en-US\"}]}<\/script>\n<!-- \/ Yoast SEO plugin. -->","yoast_head_json":{"title":"K\u00fclade nimestik - Estonka","description":"Siberi eesti k\u00fclade nimekirjas leidub 36 k\u00fcla. Siin nimetatud k\u00fclades on k\u00f5igis v\u00f5imalik kohata eestlasi ning eesti keelt kuulda, m\u00f5nes rohkem, m\u00f5nes v\u00e4hem.","robots":{"index":"index","follow":"follow","max-snippet":"max-snippet:-1","max-image-preview":"max-image-preview:large","max-video-preview":"max-video-preview:-1"},"canonical":"https:\/\/folklore.ee\/estonka\/kulad-kaasajal\/","og_locale":"en_US","og_type":"article","og_title":"K\u00fclade nimestik - Estonka","og_description":"Siberi eesti k\u00fclade nimekirjas leidub 36 k\u00fcla. Siin nimetatud k\u00fclades on k\u00f5igis v\u00f5imalik kohata eestlasi ning eesti keelt kuulda, m\u00f5nes rohkem, m\u00f5nes v\u00e4hem.","og_url":"https:\/\/folklore.ee\/estonka\/kulad-kaasajal\/","og_site_name":"Estonka","article_modified_time":"2021-05-03T12:16:35+00:00","og_image":[{"width":2560,"height":1591,"url":"https:\/\/folklore.ee\/estonka\/wp-content\/uploads\/2020\/09\/ERA_Foto_15015-scaled.jpg","type":"image\/jpeg"}],"twitter_card":"summary_large_image","twitter_misc":{"Est. reading time":"3 minutes"},"schema":{"@context":"https:\/\/schema.org","@graph":[{"@type":"WebPage","@id":"https:\/\/folklore.ee\/estonka\/kulad-kaasajal\/","url":"https:\/\/folklore.ee\/estonka\/kulad-kaasajal\/","name":"K\u00fclade nimestik - Estonka","isPartOf":{"@id":"https:\/\/folklore.ee\/estonka\/#website"},"primaryImageOfPage":{"@id":"https:\/\/folklore.ee\/estonka\/kulad-kaasajal\/#primaryimage"},"image":{"@id":"https:\/\/folklore.ee\/estonka\/kulad-kaasajal\/#primaryimage"},"thumbnailUrl":"https:\/\/folklore.ee\/estonka\/wp-content\/uploads\/2020\/09\/ERA_Foto_15015-scaled.jpg","datePublished":"2020-07-27T07:18:45+00:00","dateModified":"2021-05-03T12:16:35+00:00","description":"Siberi eesti k\u00fclade nimekirjas leidub 36 k\u00fcla. Siin nimetatud k\u00fclades on k\u00f5igis v\u00f5imalik kohata eestlasi ning eesti keelt kuulda, m\u00f5nes rohkem, m\u00f5nes v\u00e4hem.","breadcrumb":{"@id":"https:\/\/folklore.ee\/estonka\/kulad-kaasajal\/#breadcrumb"},"inLanguage":"en-US","potentialAction":[{"@type":"ReadAction","target":["https:\/\/folklore.ee\/estonka\/kulad-kaasajal\/"]}]},{"@type":"ImageObject","inLanguage":"en-US","@id":"https:\/\/folklore.ee\/estonka\/kulad-kaasajal\/#primaryimage","url":"https:\/\/folklore.ee\/estonka\/wp-content\/uploads\/2020\/09\/ERA_Foto_15015-scaled.jpg","contentUrl":"https:\/\/folklore.ee\/estonka\/wp-content\/uploads\/2020\/09\/ERA_Foto_15015-scaled.jpg","width":2560,"height":1591},{"@type":"BreadcrumbList","@id":"https:\/\/folklore.ee\/estonka\/kulad-kaasajal\/#breadcrumb","itemListElement":[{"@type":"ListItem","position":1,"name":"Avaleht","item":"https:\/\/folklore.ee\/estonka\/"},{"@type":"ListItem","position":2,"name":"K\u00fclade nimestik"}]},{"@type":"WebSite","@id":"https:\/\/folklore.ee\/estonka\/#website","url":"https:\/\/folklore.ee\/estonka\/","name":"Estonka","description":"Just another WordPress site","potentialAction":[{"@type":"SearchAction","target":{"@type":"EntryPoint","urlTemplate":"https:\/\/folklore.ee\/estonka\/?s={search_term_string}"},"query-input":{"@type":"PropertyValueSpecification","valueRequired":true,"valueName":"search_term_string"}}],"inLanguage":"en-US"}]}},"_links":{"self":[{"href":"https:\/\/folklore.ee\/estonka\/wp-json\/wp\/v2\/pages\/77"}],"collection":[{"href":"https:\/\/folklore.ee\/estonka\/wp-json\/wp\/v2\/pages"}],"about":[{"href":"https:\/\/folklore.ee\/estonka\/wp-json\/wp\/v2\/types\/page"}],"author":[{"embeddable":true,"href":"https:\/\/folklore.ee\/estonka\/wp-json\/wp\/v2\/users\/1"}],"replies":[{"embeddable":true,"href":"https:\/\/folklore.ee\/estonka\/wp-json\/wp\/v2\/comments?post=77"}],"version-history":[{"count":38,"href":"https:\/\/folklore.ee\/estonka\/wp-json\/wp\/v2\/pages\/77\/revisions"}],"predecessor-version":[{"id":2815,"href":"https:\/\/folklore.ee\/estonka\/wp-json\/wp\/v2\/pages\/77\/revisions\/2815"}],"wp:featuredmedia":[{"embeddable":true,"href":"https:\/\/folklore.ee\/estonka\/wp-json\/wp\/v2\/media\/2632"}],"wp:attachment":[{"href":"https:\/\/folklore.ee\/estonka\/wp-json\/wp\/v2\/media?parent=77"}],"curies":[{"name":"wp","href":"https:\/\/api.w.org\/{rel}","templated":true}]}}