{"id":81,"date":"2020-07-27T07:19:14","date_gmt":"2020-07-27T07:19:14","guid":{"rendered":"http:\/\/folklore.ee\/estonka\/?page_id=81"},"modified":"2021-06-04T09:08:43","modified_gmt":"2021-06-04T09:08:43","slug":"kontakt","status":"publish","type":"page","link":"https:\/\/folklore.ee\/estonka\/kontakt\/","title":{"rendered":"Kontakt"},"content":{"rendered":"\n<h2 class=\"wp-block-heading\">Lehek\u00fclje tegijad<\/h2>\n\n\n\n<hr class=\"wp-block-separator\"\/>\n\n\n\n<p><strong>Lehek\u00fclje koostajad: <\/strong>Astrid Tuisk ja Anu Korb<\/p>\n\n\n\n<p><strong>Keeletoimetaja:<\/strong> Kadri Tamm<\/p>\n\n\n\n<p><strong>Kujunduse teostus, sisuhalduss\u00fcsteem: <\/strong>Ilona Kolossova<\/p>\n\n\n\n<div style=\"height:42px\" aria-hidden=\"true\" class=\"wp-block-spacer\"><\/div>\n\n\n\n<h2 class=\"wp-block-heading\">Kontakt<\/h2>\n\n\n\n<p><a aria-label=\"undefined (opens in a new tab)\" href=\"mailto:astrid.tuisk@folklore.ee\" target=\"_blank\" rel=\"noreferrer noopener\">astrid.tuisk@folklore.ee<\/a>,\u00a0<a href=\"mailto:anu.korb@folklore.ee\" target=\"_blank\" aria-label=\"undefined (opens in a new tab)\" rel=\"noreferrer noopener\">anu.korb@folklore.ee<\/a><\/p>\n\n\n\n<p>Eesti Rahvaluule Arhiiv<\/p>\n\n\n\n<p>Eesti Kirjandusmuuseum<\/p>\n\n\n\n<p>Vanemuise 42<\/p>\n\n\n\n<p>5003 Tartu<\/p>\n\n\n\n<p>Eesti\/Estonia<\/p>\n","protected":false},"excerpt":{"rendered":"<p>Lehek\u00fclje tegijad Lehek\u00fclje koostajad: Astrid Tuisk ja Anu Korb Keeletoimetaja: Kadri Tamm Kujunduse teostus, sisuhalduss\u00fcsteem: Ilona Kolossova Kontakt astrid.tuisk@folklore.ee,\u00a0anu.korb@folklore.ee Eesti Rahvaluule Arhiiv Eesti Kirjandusmuuseum Vanemuise 42 5003 Tartu Eesti\/Estonia<\/p>\n","protected":false},"author":1,"featured_media":2817,"parent":0,"menu_order":0,"comment_status":"closed","ping_status":"closed","template":"","meta":{"footnotes":""},"class_list":["post-81","page","type-page","status-publish","has-post-thumbnail","hentry"],"yoast_head":"<!-- This site is optimized with the Yoast SEO plugin v23.4 - https:\/\/yoast.com\/wordpress\/plugins\/seo\/ -->\n<title>Kontakt - Estonka<\/title>\n<meta name=\"description\" content=\"Koostaja: Astrid Tuisk. Tekstid: Anu Korb, Astrid Tuisk, Mari-Ann Remmel. Keeletoimetaja: Kadri Tamm. Kujunduse teostus, sisuhalduss\u00fcsteem: Ilona Kolossova\" \/>\n<meta name=\"robots\" content=\"index, follow, max-snippet:-1, max-image-preview:large, max-video-preview:-1\" \/>\n<link rel=\"canonical\" href=\"https:\/\/folklore.ee\/estonka\/kontakt\/\" \/>\n<meta property=\"og:locale\" content=\"en_US\" \/>\n<meta property=\"og:type\" content=\"article\" \/>\n<meta property=\"og:title\" content=\"Kontakt - Estonka\" \/>\n<meta property=\"og:description\" content=\"Koostaja: Astrid Tuisk. Tekstid: Anu Korb, Astrid Tuisk, Mari-Ann Remmel. Keeletoimetaja: Kadri Tamm. Kujunduse teostus, sisuhalduss\u00fcsteem: Ilona Kolossova\" \/>\n<meta property=\"og:url\" content=\"https:\/\/folklore.ee\/estonka\/kontakt\/\" \/>\n<meta property=\"og:site_name\" content=\"Estonka\" \/>\n<meta property=\"article:modified_time\" content=\"2021-06-04T09:08:43+00:00\" \/>\n<meta property=\"og:image\" content=\"https:\/\/folklore.ee\/estonka\/wp-content\/uploads\/2021\/05\/VF_00626_n-scaled.jpg\" \/>\n\t<meta property=\"og:image:width\" content=\"2560\" \/>\n\t<meta property=\"og:image:height\" content=\"1699\" \/>\n\t<meta property=\"og:image:type\" content=\"image\/jpeg\" \/>\n<meta name=\"twitter:card\" content=\"summary_large_image\" \/>\n<script type=\"application\/ld+json\" class=\"yoast-schema-graph\">{\"@context\":\"https:\/\/schema.org\",\"@graph\":[{\"@type\":\"WebPage\",\"@id\":\"https:\/\/folklore.ee\/estonka\/kontakt\/\",\"url\":\"https:\/\/folklore.ee\/estonka\/kontakt\/\",\"name\":\"Kontakt - Estonka\",\"isPartOf\":{\"@id\":\"https:\/\/folklore.ee\/estonka\/#website\"},\"primaryImageOfPage\":{\"@id\":\"https:\/\/folklore.ee\/estonka\/kontakt\/#primaryimage\"},\"image\":{\"@id\":\"https:\/\/folklore.ee\/estonka\/kontakt\/#primaryimage\"},\"thumbnailUrl\":\"https:\/\/folklore.ee\/estonka\/wp-content\/uploads\/2021\/05\/VF_00626_n-scaled.jpg\",\"datePublished\":\"2020-07-27T07:19:14+00:00\",\"dateModified\":\"2021-06-04T09:08:43+00:00\",\"description\":\"Koostaja: Astrid Tuisk. Tekstid: Anu Korb, Astrid Tuisk, Mari-Ann Remmel. Keeletoimetaja: Kadri Tamm. Kujunduse teostus, sisuhalduss\u00fcsteem: Ilona Kolossova\",\"breadcrumb\":{\"@id\":\"https:\/\/folklore.ee\/estonka\/kontakt\/#breadcrumb\"},\"inLanguage\":\"en-US\",\"potentialAction\":[{\"@type\":\"ReadAction\",\"target\":[\"https:\/\/folklore.ee\/estonka\/kontakt\/\"]}]},{\"@type\":\"ImageObject\",\"inLanguage\":\"en-US\",\"@id\":\"https:\/\/folklore.ee\/estonka\/kontakt\/#primaryimage\",\"url\":\"https:\/\/folklore.ee\/estonka\/wp-content\/uploads\/2021\/05\/VF_00626_n-scaled.jpg\",\"contentUrl\":\"https:\/\/folklore.ee\/estonka\/wp-content\/uploads\/2021\/05\/VF_00626_n-scaled.jpg\",\"width\":2560,\"height\":1699},{\"@type\":\"BreadcrumbList\",\"@id\":\"https:\/\/folklore.ee\/estonka\/kontakt\/#breadcrumb\",\"itemListElement\":[{\"@type\":\"ListItem\",\"position\":1,\"name\":\"Avaleht\",\"item\":\"https:\/\/folklore.ee\/estonka\/\"},{\"@type\":\"ListItem\",\"position\":2,\"name\":\"Kontakt\"}]},{\"@type\":\"WebSite\",\"@id\":\"https:\/\/folklore.ee\/estonka\/#website\",\"url\":\"https:\/\/folklore.ee\/estonka\/\",\"name\":\"Estonka\",\"description\":\"Just another WordPress site\",\"potentialAction\":[{\"@type\":\"SearchAction\",\"target\":{\"@type\":\"EntryPoint\",\"urlTemplate\":\"https:\/\/folklore.ee\/estonka\/?s={search_term_string}\"},\"query-input\":{\"@type\":\"PropertyValueSpecification\",\"valueRequired\":true,\"valueName\":\"search_term_string\"}}],\"inLanguage\":\"en-US\"}]}<\/script>\n<!-- \/ Yoast SEO plugin. -->","yoast_head_json":{"title":"Kontakt - Estonka","description":"Koostaja: Astrid Tuisk. Tekstid: Anu Korb, Astrid Tuisk, Mari-Ann Remmel. Keeletoimetaja: Kadri Tamm. Kujunduse teostus, sisuhalduss\u00fcsteem: Ilona Kolossova","robots":{"index":"index","follow":"follow","max-snippet":"max-snippet:-1","max-image-preview":"max-image-preview:large","max-video-preview":"max-video-preview:-1"},"canonical":"https:\/\/folklore.ee\/estonka\/kontakt\/","og_locale":"en_US","og_type":"article","og_title":"Kontakt - Estonka","og_description":"Koostaja: Astrid Tuisk. Tekstid: Anu Korb, Astrid Tuisk, Mari-Ann Remmel. Keeletoimetaja: Kadri Tamm. Kujunduse teostus, sisuhalduss\u00fcsteem: Ilona Kolossova","og_url":"https:\/\/folklore.ee\/estonka\/kontakt\/","og_site_name":"Estonka","article_modified_time":"2021-06-04T09:08:43+00:00","og_image":[{"width":2560,"height":1699,"url":"https:\/\/folklore.ee\/estonka\/wp-content\/uploads\/2021\/05\/VF_00626_n-scaled.jpg","type":"image\/jpeg"}],"twitter_card":"summary_large_image","schema":{"@context":"https:\/\/schema.org","@graph":[{"@type":"WebPage","@id":"https:\/\/folklore.ee\/estonka\/kontakt\/","url":"https:\/\/folklore.ee\/estonka\/kontakt\/","name":"Kontakt - Estonka","isPartOf":{"@id":"https:\/\/folklore.ee\/estonka\/#website"},"primaryImageOfPage":{"@id":"https:\/\/folklore.ee\/estonka\/kontakt\/#primaryimage"},"image":{"@id":"https:\/\/folklore.ee\/estonka\/kontakt\/#primaryimage"},"thumbnailUrl":"https:\/\/folklore.ee\/estonka\/wp-content\/uploads\/2021\/05\/VF_00626_n-scaled.jpg","datePublished":"2020-07-27T07:19:14+00:00","dateModified":"2021-06-04T09:08:43+00:00","description":"Koostaja: Astrid Tuisk. Tekstid: Anu Korb, Astrid Tuisk, Mari-Ann Remmel. Keeletoimetaja: Kadri Tamm. Kujunduse teostus, sisuhalduss\u00fcsteem: Ilona Kolossova","breadcrumb":{"@id":"https:\/\/folklore.ee\/estonka\/kontakt\/#breadcrumb"},"inLanguage":"en-US","potentialAction":[{"@type":"ReadAction","target":["https:\/\/folklore.ee\/estonka\/kontakt\/"]}]},{"@type":"ImageObject","inLanguage":"en-US","@id":"https:\/\/folklore.ee\/estonka\/kontakt\/#primaryimage","url":"https:\/\/folklore.ee\/estonka\/wp-content\/uploads\/2021\/05\/VF_00626_n-scaled.jpg","contentUrl":"https:\/\/folklore.ee\/estonka\/wp-content\/uploads\/2021\/05\/VF_00626_n-scaled.jpg","width":2560,"height":1699},{"@type":"BreadcrumbList","@id":"https:\/\/folklore.ee\/estonka\/kontakt\/#breadcrumb","itemListElement":[{"@type":"ListItem","position":1,"name":"Avaleht","item":"https:\/\/folklore.ee\/estonka\/"},{"@type":"ListItem","position":2,"name":"Kontakt"}]},{"@type":"WebSite","@id":"https:\/\/folklore.ee\/estonka\/#website","url":"https:\/\/folklore.ee\/estonka\/","name":"Estonka","description":"Just another WordPress site","potentialAction":[{"@type":"SearchAction","target":{"@type":"EntryPoint","urlTemplate":"https:\/\/folklore.ee\/estonka\/?s={search_term_string}"},"query-input":{"@type":"PropertyValueSpecification","valueRequired":true,"valueName":"search_term_string"}}],"inLanguage":"en-US"}]}},"_links":{"self":[{"href":"https:\/\/folklore.ee\/estonka\/wp-json\/wp\/v2\/pages\/81"}],"collection":[{"href":"https:\/\/folklore.ee\/estonka\/wp-json\/wp\/v2\/pages"}],"about":[{"href":"https:\/\/folklore.ee\/estonka\/wp-json\/wp\/v2\/types\/page"}],"author":[{"embeddable":true,"href":"https:\/\/folklore.ee\/estonka\/wp-json\/wp\/v2\/users\/1"}],"replies":[{"embeddable":true,"href":"https:\/\/folklore.ee\/estonka\/wp-json\/wp\/v2\/comments?post=81"}],"version-history":[{"count":6,"href":"https:\/\/folklore.ee\/estonka\/wp-json\/wp\/v2\/pages\/81\/revisions"}],"predecessor-version":[{"id":2958,"href":"https:\/\/folklore.ee\/estonka\/wp-json\/wp\/v2\/pages\/81\/revisions\/2958"}],"wp:featuredmedia":[{"embeddable":true,"href":"https:\/\/folklore.ee\/estonka\/wp-json\/wp\/v2\/media\/2817"}],"wp:attachment":[{"href":"https:\/\/folklore.ee\/estonka\/wp-json\/wp\/v2\/media?parent=81"}],"curies":[{"name":"wp","href":"https:\/\/api.w.org\/{rel}","templated":true}]}}