{"id":9,"date":"2020-07-10T10:49:34","date_gmt":"2020-07-10T10:49:34","guid":{"rendered":"http:\/\/folklore.ee\/estonka\/?page_id=9"},"modified":"2021-05-06T10:34:57","modified_gmt":"2021-05-06T10:34:57","slug":"ajalooline-ulevaade","status":"publish","type":"page","link":"https:\/\/folklore.ee\/estonka\/ajalooline-ulevaade\/","title":{"rendered":"Ajalooline \u00fclevaade"},"content":{"rendered":"\n<p>Eesti on suure v\u00e4liseestlaskonnaga riik, 20. sajandi algul elas ligi kuuendik eestlastest v\u00e4ljaspool oma rahva etnilist levikuala.<br>Sellel lehel ei k\u00e4sitleta N\u00f5ukogude Liidus l\u00e4bi viidud massilist represseerimist ning Siberisse saatmist 1941. ja 1949. aastal, vaid eestlaste asumist Siberisse 19. sajandil ja 20. sajandi alguses.<br>V\u00e4ljar\u00e4nne Eestist Venemaale sai suuremas ulatuses alguse 19. sajandil, mil asutati k\u00fclad esmalt Peipsi-tagustele aladele, Volgamaale ja Krimmi. Edasine v\u00e4ljar\u00e4nne t\u00f5i rahvast lisaks nii Siberisse kui mujale Venemaale: 19. sajandi l\u00f5pus ja 20. algul loodi k\u00f5ikjale \u00fcle Venemaa rohkelt uusi k\u00fclasid. Elama asuti ka Venemaa linnadesse (St. Peterburg, Moskva, Omsk jne), kuid \u00fcle 80 % \u00fcmberasujaist siirdus maale, sest oma maa saamine oli m\u00e4\u00e4ravaimaks v\u00e4ljar\u00e4nnu p\u00f5hjuseks.<\/p>\n\n\n\n<div class=\"wp-block-columns is-layout-flex wp-container-core-columns-is-layout-2 wp-block-columns-is-layout-flex\">\n<div class=\"wp-block-column is-layout-flow wp-block-column-is-layout-flow\">\n<p>Siberisse j\u00f5udsid esimestena alates 18. sajandist kuritegude eest s\u00fc\u00fcdim\u00f5istetud. Sundasumisele saadetud koondati \u00fchistesse k\u00fcladesse, v\u00e4ljar\u00e4nnanud asutasid ise omaette k\u00fclad, sageli \u00fchekandirahvas koos. August Nigoli 1918. aastal ilmunud raamatu &#8220;<a aria-label=\"undefined (opens in a new tab)\" href=\"https:\/\/galerii.kirmus.ee\/grafo\/raamat.php?id=143\" target=\"_blank\" rel=\"noreferrer noopener\">Eesti asundused ja asupaigad Venemaal<\/a>&#8221; andmetel oli Siberis asutatud \u00fcle 100 k\u00fcla.<br><br>Edasised ajad kujunesid asunikele muutlikeks. Kord on keelustatud, kord lubatud emakeelset kooli\u00f5petust ning suhtlust Eestimaaga.<\/p>\n<\/div>\n\n\n\n<div class=\"wp-block-column is-layout-flow wp-block-column-is-layout-flow\">\n<div class=\"wp-block-columns is-layout-flex wp-container-core-columns-is-layout-1 wp-block-columns-is-layout-flex\">\n<div class=\"wp-block-column is-layout-flow wp-block-column-is-layout-flow\">\n<figure class=\"wp-block-image size-large\"><a href=\"http:\/\/folklore.ee\/estonka\/wp-content\/uploads\/2020\/09\/000-esikaas.jpg\"><img loading=\"lazy\" decoding=\"async\" width=\"640\" height=\"1024\" src=\"http:\/\/folklore.ee\/estonka\/wp-content\/uploads\/2020\/09\/000-esikaas-640x1024.jpg\" alt=\"\" class=\"wp-image-2583\" srcset=\"https:\/\/folklore.ee\/estonka\/wp-content\/uploads\/2020\/09\/000-esikaas-640x1024.jpg 640w, https:\/\/folklore.ee\/estonka\/wp-content\/uploads\/2020\/09\/000-esikaas-188x300.jpg 188w, https:\/\/folklore.ee\/estonka\/wp-content\/uploads\/2020\/09\/000-esikaas-768x1229.jpg 768w, https:\/\/folklore.ee\/estonka\/wp-content\/uploads\/2020\/09\/000-esikaas.jpg 800w\" sizes=\"(max-width: 640px) 100vw, 640px\" \/><\/a><\/figure>\n<\/div>\n\n\n\n<div class=\"wp-block-column is-layout-flow wp-block-column-is-layout-flow\">\n<figure class=\"wp-block-image size-large\"><a href=\"http:\/\/folklore.ee\/estonka\/wp-content\/uploads\/2020\/09\/001.jpg\"><img loading=\"lazy\" decoding=\"async\" width=\"657\" height=\"1024\" src=\"http:\/\/folklore.ee\/estonka\/wp-content\/uploads\/2020\/09\/001-657x1024.jpg\" alt=\"\" class=\"wp-image-2584\" srcset=\"https:\/\/folklore.ee\/estonka\/wp-content\/uploads\/2020\/09\/001-657x1024.jpg 657w, https:\/\/folklore.ee\/estonka\/wp-content\/uploads\/2020\/09\/001-192x300.jpg 192w, https:\/\/folklore.ee\/estonka\/wp-content\/uploads\/2020\/09\/001-768x1197.jpg 768w, https:\/\/folklore.ee\/estonka\/wp-content\/uploads\/2020\/09\/001.jpg 800w\" sizes=\"(max-width: 657px) 100vw, 657px\" \/><\/a><\/figure>\n<\/div>\n<\/div>\n<\/div>\n<\/div>\n\n\n\n<p>Eestlaste arvu Siberi k\u00fclades on k\u00f5igutanud s\u00f5dadesse mobiliseerimine, tagasir\u00e4nne Eestisse, suures ulatuses represseerimised ja vangistamised n\u00f5ukogude v\u00f5imu poolt, viimastel aastak\u00fcmnetel aga noorte lahkumine k\u00fcladest linnadesse ja assimileerumine. Samas v\u00f5ib veel t\u00e4nap\u00e4evalgi nii m\u00f5neski sajandivanuses k\u00fclas eestlasi kohata.<\/p>\n\n\n\n<p>Eestlaste \u00fchtekuuluvustunnet on eri aegadel aidanud alal hoida ja tugevdada eestikeelne haridus-, usu- ja kultuurielu, side Eestimaaga, \u00fchtne kompaktne k\u00fclakogukond ning eraldumist soosinud Siberi mitmerahvuseline \u00fchiskond.<br>V\u00f5\u00f5rsil on oldud \u00fcle sajandi.<\/p>\n\n\n<style type=\"text\/css\" scoped>.roboGalleryLoaderSpinner{margin:50px auto;width:50px;height:40px;text-align:center;font-size:10px;}.roboGalleryLoaderSpinner > div{background-color:#333; height:100%; width:6px; display:inline-block; -webkit-animation:roboGalleryLoader-stretchdelay 1.2s infinite ease-in-out; animation:roboGalleryLoader-stretchdelay 1.2s infinite ease-in-out;}.roboGalleryLoaderSpinner .roboGalleryLoaderRect2{-webkit-animation-delay:-1.1s; animation-delay:-1.1s;}.roboGalleryLoaderSpinner .roboGalleryLoaderRect3{-webkit-animation-delay:-1.0s; animation-delay:-1.0s;}.roboGalleryLoaderSpinner .roboGalleryLoaderRect4{-webkit-animation-delay:-0.9s; animation-delay:-0.9s;}.roboGalleryLoaderSpinner .roboGalleryLoaderRect5{-webkit-animation-delay:-0.8s; animation-delay:-0.8s;}@-webkit-keyframes roboGalleryLoader-stretchdelay{0%,40%,100%{-webkit-transform:scaleY(0.4) } 20%{-webkit-transform:scaleY(1.0) }}@keyframes roboGalleryLoader-stretchdelay{0%,40%,100%{ transform:scaleY(0.4); -webkit-transform:scaleY(0.4); } 20%{ transform:scaleY(1.0); -webkit-transform:scaleY(1.0); }}<\/style><div id=\"robo_gallery_loading_rbs_gallery_69d2ecb365d28\" class=\"roboGalleryLoaderSpinner\"><div class=\"roboGalleryLoaderRect1\"><\/div> <div class=\"roboGalleryLoaderRect2\"><\/div> <div class=\"roboGalleryLoaderRect3\"><\/div> <div class=\"roboGalleryLoaderRect4\"><\/div> <div class=\"roboGalleryLoaderRect5\"><\/div><\/div><div id=\"robo_gallery_main_block_rbs_gallery_69d2ecb365d28\" class=\"robogallery-gallery-522\" style=\"width:80%;margin: 0 auto;  display: none;\"><div class=\"rbs_gallery_button rbs_gallery_align_left\"  id=\"rbs_gallery_69d2ecb365d28filter\"><\/div><div id=\"rbs_gallery_69d2ecb365d28\" data-options=\"rbs_gallery_69d2ecb365d28\" style=\"width:100%;\" class=\"robo_gallery\"><div class=\"rbs-img category522 \" ><div class=\"rbs-img-image  rbs-lightbox\"   ><div data-thumbnail=\"https:\/\/folklore.ee\/estonka\/wp-content\/uploads\/2021\/05\/Vf_03069-205x300.jpg\" title=\"Vf_03069\" data-width=\"205\" data-height=\"300\" ><\/div><div data-popup=\"https:\/\/folklore.ee\/estonka\/wp-content\/uploads\/2021\/05\/Vf_03069.jpg\" data-alt=\"Vf_03069\" title=\"Vf_03069\" ><\/div><div class=\"thumbnail-overlay\"><\/div><\/div><\/div><div class=\"rbs-img category522 \" ><div class=\"rbs-img-image  rbs-lightbox\"   ><div data-thumbnail=\"https:\/\/folklore.ee\/estonka\/wp-content\/uploads\/2021\/05\/Vf_03073-300x201.jpg\" title=\"Vf_03073\" data-width=\"300\" data-height=\"201\" ><\/div><div data-popup=\"https:\/\/folklore.ee\/estonka\/wp-content\/uploads\/2021\/05\/Vf_03073.jpg\" data-alt=\"Vf_03073\" title=\"Vf_03073\" ><\/div><div class=\"thumbnail-overlay\"><\/div><\/div><\/div><div class=\"rbs-img category522 \" ><div class=\"rbs-img-image  rbs-lightbox\"   ><div data-thumbnail=\"https:\/\/folklore.ee\/estonka\/wp-content\/uploads\/2021\/05\/Picture-044-300x203.jpg\" title=\"Picture 044\" data-width=\"300\" data-height=\"203\" ><\/div><div data-popup=\"https:\/\/folklore.ee\/estonka\/wp-content\/uploads\/2021\/05\/Picture-044-scaled.jpg\" data-alt=\"Picture 044\" title=\"Picture 044\" ><\/div><div class=\"thumbnail-overlay\"><\/div><\/div><\/div><div class=\"rbs-img category522 \" ><div class=\"rbs-img-image  rbs-lightbox\"   ><div data-thumbnail=\"https:\/\/folklore.ee\/estonka\/wp-content\/uploads\/2021\/05\/Picture-048-208x300.jpg\" title=\"Picture 048\" data-width=\"208\" data-height=\"300\" ><\/div><div data-popup=\"https:\/\/folklore.ee\/estonka\/wp-content\/uploads\/2021\/05\/Picture-048-scaled.jpg\" data-alt=\"Picture 048\" title=\"Picture 048\" ><\/div><div class=\"thumbnail-overlay\"><\/div><\/div><\/div><div class=\"rbs-img category522 \" ><div class=\"rbs-img-image  rbs-lightbox\"   ><div data-thumbnail=\"https:\/\/folklore.ee\/estonka\/wp-content\/uploads\/2021\/05\/Picture-091-300x214.jpg\" title=\"Picture 091\" data-width=\"300\" data-height=\"214\" ><\/div><div data-popup=\"https:\/\/folklore.ee\/estonka\/wp-content\/uploads\/2021\/05\/Picture-091-scaled.jpg\" data-alt=\"Picture 091\" title=\"Picture 091\" ><\/div><div class=\"thumbnail-overlay\"><\/div><\/div><\/div><div class=\"rbs-img category522 \" ><div class=\"rbs-img-image  rbs-lightbox\"   ><div data-thumbnail=\"https:\/\/folklore.ee\/estonka\/wp-content\/uploads\/2021\/05\/Picture-087-300x212.jpg\" title=\"Picture 087\" data-width=\"300\" data-height=\"212\" ><\/div><div data-popup=\"https:\/\/folklore.ee\/estonka\/wp-content\/uploads\/2021\/05\/Picture-087-scaled.jpg\" data-alt=\"Picture 087\" title=\"Picture 087\" ><\/div><div class=\"thumbnail-overlay\"><\/div><\/div><\/div><div class=\"rbs-img category522 \" ><div class=\"rbs-img-image  rbs-lightbox\"   ><div data-thumbnail=\"https:\/\/folklore.ee\/estonka\/wp-content\/uploads\/2021\/05\/DK_00020_090-300x204.jpg\" title=\"DK_00020_090\" data-width=\"300\" data-height=\"204\" ><\/div><div data-popup=\"https:\/\/folklore.ee\/estonka\/wp-content\/uploads\/2021\/05\/DK_00020_090-scaled.jpg\" data-alt=\"DK_00020_090\" title=\"DK_00020_090\" ><\/div><div class=\"thumbnail-overlay\"><\/div><\/div><\/div><div class=\"rbs-img category522 \" ><div class=\"rbs-img-image  rbs-lightbox\"   ><div data-thumbnail=\"https:\/\/folklore.ee\/estonka\/wp-content\/uploads\/2021\/05\/Uus-Petseri2-205x300.jpg\" title=\"Uus-Petseri2\" data-width=\"205\" data-height=\"300\" ><\/div><div data-popup=\"https:\/\/folklore.ee\/estonka\/wp-content\/uploads\/2021\/05\/Uus-Petseri2-scaled.jpg\" data-alt=\"Uus-Petseri2\" title=\"Uus-Petseri2\" ><\/div><div class=\"thumbnail-overlay\"><\/div><\/div><\/div><div class=\"rbs-img category522 \" ><div class=\"rbs-img-image  rbs-lightbox\"   ><div data-thumbnail=\"https:\/\/folklore.ee\/estonka\/wp-content\/uploads\/2021\/05\/Uus-petseri3-300x222.jpg\" title=\"Uus-petseri3\" data-width=\"300\" data-height=\"222\" ><\/div><div data-popup=\"https:\/\/folklore.ee\/estonka\/wp-content\/uploads\/2021\/05\/Uus-petseri3.jpg\" data-alt=\"Uus-petseri3\" title=\"Uus-petseri3\" ><\/div><div class=\"thumbnail-overlay\"><\/div><\/div><\/div><div class=\"rbs-img category522 \" ><div class=\"rbs-img-image  rbs-lightbox\"   ><div data-thumbnail=\"https:\/\/folklore.ee\/estonka\/wp-content\/uploads\/2021\/05\/Uus-Petseri-300x209.jpg\" title=\"Uus-Petseri\" data-width=\"300\" data-height=\"209\" ><\/div><div data-popup=\"https:\/\/folklore.ee\/estonka\/wp-content\/uploads\/2021\/05\/Uus-Petseri-scaled.jpg\" data-alt=\"Uus-Petseri\" title=\"Uus-Petseri\" ><\/div><div class=\"thumbnail-overlay\"><\/div><\/div><\/div><div class=\"rbs-img category522 \" ><div class=\"rbs-img-image  rbs-lightbox\"   ><div data-thumbnail=\"https:\/\/folklore.ee\/estonka\/wp-content\/uploads\/2021\/05\/Mf_17273-300x193.jpg\" title=\"Mf_17273\" data-width=\"300\" data-height=\"193\" ><\/div><div data-popup=\"https:\/\/folklore.ee\/estonka\/wp-content\/uploads\/2021\/05\/Mf_17273.jpg\" data-alt=\"Mf_17273\" title=\"Mf_17273\" ><\/div><div class=\"thumbnail-overlay\"><\/div><\/div><\/div><div class=\"rbs-img category522 \" ><div class=\"rbs-img-image  rbs-lightbox\"   ><div data-thumbnail=\"https:\/\/folklore.ee\/estonka\/wp-content\/uploads\/2021\/05\/Mf_17266-228x300.jpg\" title=\"Mf_17266\" data-width=\"228\" data-height=\"300\" ><\/div><div data-popup=\"https:\/\/folklore.ee\/estonka\/wp-content\/uploads\/2021\/05\/Mf_17266.jpg\" data-alt=\"Mf_17266\" title=\"Mf_17266\" ><\/div><div class=\"thumbnail-overlay\"><\/div><\/div><\/div><div class=\"rbs-img category522 \" ><div class=\"rbs-img-image  rbs-lightbox\"   ><div data-thumbnail=\"https:\/\/folklore.ee\/estonka\/wp-content\/uploads\/2021\/05\/Mf_16446-202x300.jpg\" title=\"Mf_16446\" data-width=\"202\" data-height=\"300\" ><\/div><div data-popup=\"https:\/\/folklore.ee\/estonka\/wp-content\/uploads\/2021\/05\/Mf_16446.jpg\" data-alt=\"Mf_16446\" title=\"Mf_16446\" ><\/div><div class=\"thumbnail-overlay\"><\/div><\/div><\/div><div class=\"rbs-img category522 \" ><div class=\"rbs-img-image  rbs-lightbox\"   ><div data-thumbnail=\"https:\/\/folklore.ee\/estonka\/wp-content\/uploads\/2021\/05\/Mf_16445-300x222.jpg\" title=\"Mf_16445\" data-width=\"300\" data-height=\"222\" ><\/div><div data-popup=\"https:\/\/folklore.ee\/estonka\/wp-content\/uploads\/2021\/05\/Mf_16445.jpg\" data-alt=\"Mf_16445\" title=\"Mf_16445\" ><\/div><div class=\"thumbnail-overlay\"><\/div><\/div><\/div><div class=\"rbs-img category522 \" ><div class=\"rbs-img-image  rbs-lightbox\"   ><div data-thumbnail=\"https:\/\/folklore.ee\/estonka\/wp-content\/uploads\/2021\/05\/Mf_16444-217x300.jpg\" title=\"Mf_16444\" data-width=\"217\" data-height=\"300\" ><\/div><div data-popup=\"https:\/\/folklore.ee\/estonka\/wp-content\/uploads\/2021\/05\/Mf_16444.jpg\" data-alt=\"Mf_16444\" title=\"Mf_16444\" ><\/div><div class=\"thumbnail-overlay\"><\/div><\/div><\/div><div class=\"rbs-img category522 \" ><div class=\"rbs-img-image  rbs-lightbox\"   ><div data-thumbnail=\"https:\/\/folklore.ee\/estonka\/wp-content\/uploads\/2021\/05\/Mf_17268-225x300.jpg\" title=\"Mf_17268\" data-width=\"225\" data-height=\"300\" ><\/div><div data-popup=\"https:\/\/folklore.ee\/estonka\/wp-content\/uploads\/2021\/05\/Mf_17268.jpg\" data-alt=\"Mf_17268\" title=\"Mf_17268\" ><\/div><div class=\"thumbnail-overlay\"><\/div><\/div><\/div><div class=\"rbs-img category522 \" ><div class=\"rbs-img-image  rbs-lightbox\"   ><div data-thumbnail=\"https:\/\/folklore.ee\/estonka\/wp-content\/uploads\/2021\/05\/Mf_17270-300x178.jpg\" title=\"Mf_17270\" data-width=\"300\" data-height=\"178\" ><\/div><div data-popup=\"https:\/\/folklore.ee\/estonka\/wp-content\/uploads\/2021\/05\/Mf_17270.jpg\" data-alt=\"Mf_17270\" title=\"Mf_17270\" ><\/div><div class=\"thumbnail-overlay\"><\/div><\/div><\/div><\/div><\/div><script>var rbs_gallery_69d2ecb365d28 = {\"filterContainer\": \"#rbs_gallery_69d2ecb365d28filter\", \"loadingContainer\": \"#robo_gallery_loading_rbs_gallery_69d2ecb365d28\", \"mainContainer\": \"#robo_gallery_main_block_rbs_gallery_69d2ecb365d28\", \"touch\": 1, \"touchDirection\": \"left\", \"lightboxOptions\": { gallery: { enabled: true, tCounter: \"%curr% \/ %total%\" } }, \"resolutions\": [ {\"columnWidth\": \"auto\" , \"columns\":1 , \"maxWidth\": 450}, {\"columnWidth\": \"auto\" , \"columns\":2 , \"maxWidth\": 650}, {\"columnWidth\": \"auto\" , \"columns\":3 , \"maxWidth\": 960}], \"overlayEffect\": \"direction-aware-fade\", \"boxesToLoadStart\": 12, \"boxesToLoad\": 8, \"lazyLoad\": true, \"waitUntilThumbLoads\": true, \"waitForAllThumbsNoMatterWhat\": false, \"deepLinking\": false, \"LoadingWord\": \"Laadimine...\", \"loadMoreWord\": \"Kuva veel fotosid\", \"loadMoreClass\": \"button-flat-primary button-large \", \"noMoreEntriesWord\": \"-\", \"horizontalSpaceBetweenBoxes\": 15, \"verticalSpaceBetweenBoxes\": 15, \"hideTitle\": \"true\"}, rbs_gallery_69d2ecb365d28_css = \"#rbs_gallery_69d2ecb365d28 .rbs-img-container{ -webkit-border-radius: 0px; -moz-border-radius: 0px; border-radius: 0px;-webkit-box-shadow:0px 5px 7px rgba(34, 25, 25, 0.4) ;-moz-box-shadow: \t0px 5px 7px rgba(34, 25, 25, 0.4) ;-o-box-shadow: \t0px 5px 7px rgba(34, 25, 25, 0.4) ;-ms-box-shadow: \t0px 5px 7px rgba(34, 25, 25, 0.4) ;box-shadow: \t\t0px 5px 7px rgba(34, 25, 25, 0.4) ;}#rbs_gallery_69d2ecb365d28 .thumbnail-overlay{background: rgba(7, 7, 7, 0.5);}#rbs_gallery_69d2ecb365d28 .image-with-dimensions{background-color: rgb(255, 255, 255);}body .mfp-title, body .mfp-counter{color: rgb(243, 243, 243);}\",roboGalleryDelay = 0; head = document.head || document.getElementsByTagName(\"head\")[0], style = document.createElement(\"style\"); style.type = \"text\/css\"; if (style.styleSheet) style.styleSheet.cssText = rbs_gallery_69d2ecb365d28_css; \telse  style.appendChild(document.createTextNode(rbs_gallery_69d2ecb365d28_css)); head.appendChild(style);<\/script>\n","protected":false},"excerpt":{"rendered":"<p>Eesti on suure v\u00e4liseestlaskonnaga riik, 20. sajandi algul elas ligi kuuendik eestlastest v\u00e4ljaspool oma rahva etnilist levikuala.Sellel lehel ei k\u00e4sitleta N\u00f5ukogude Liidus l\u00e4bi viidud massilist represseerimist ning Siberisse saatmist 1941. ja 1949. aastal, vaid eestlaste asumist Siberisse 19. sajandil ja 20. sajandi alguses.V\u00e4ljar\u00e4nne Eestist Venemaale sai suuremas ulatuses alguse 19. sajandil, mil asutati k\u00fclad esmalt [&hellip;]<\/p>\n","protected":false},"author":1,"featured_media":2837,"parent":0,"menu_order":0,"comment_status":"closed","ping_status":"closed","template":"","meta":{"footnotes":""},"class_list":["post-9","page","type-page","status-publish","has-post-thumbnail","hentry"],"yoast_head":"<!-- This site is optimized with the Yoast SEO plugin v23.4 - https:\/\/yoast.com\/wordpress\/plugins\/seo\/ -->\n<title>Ajalooline \u00fclevaade - Estonka<\/title>\n<meta name=\"description\" content=\"Eesti on suure v\u00e4liseestlaskonnaga riik, 20. sajandi algul elas ligi kuuendik eestlastest v\u00e4ljaspool oma rahva etnilist levikuala.\" \/>\n<meta name=\"robots\" content=\"index, follow, max-snippet:-1, max-image-preview:large, max-video-preview:-1\" \/>\n<link rel=\"canonical\" href=\"https:\/\/folklore.ee\/estonka\/ajalooline-ulevaade\/\" \/>\n<meta property=\"og:locale\" content=\"en_US\" \/>\n<meta property=\"og:type\" content=\"article\" \/>\n<meta property=\"og:title\" content=\"Ajalooline \u00fclevaade - Estonka\" \/>\n<meta property=\"og:description\" content=\"Eesti on suure v\u00e4liseestlaskonnaga riik, 20. sajandi algul elas ligi kuuendik eestlastest v\u00e4ljaspool oma rahva etnilist levikuala.\" \/>\n<meta property=\"og:url\" content=\"https:\/\/folklore.ee\/estonka\/ajalooline-ulevaade\/\" \/>\n<meta property=\"og:site_name\" content=\"Estonka\" \/>\n<meta property=\"article:modified_time\" content=\"2021-05-06T10:34:57+00:00\" \/>\n<meta property=\"og:image\" content=\"https:\/\/folklore.ee\/estonka\/wp-content\/uploads\/2021\/05\/VF_00001L-e1620122948456.jpg\" \/>\n\t<meta property=\"og:image:width\" content=\"1920\" \/>\n\t<meta property=\"og:image:height\" content=\"403\" \/>\n\t<meta property=\"og:image:type\" content=\"image\/jpeg\" \/>\n<meta name=\"twitter:card\" content=\"summary_large_image\" \/>\n<meta name=\"twitter:label1\" content=\"Est. reading time\" \/>\n\t<meta name=\"twitter:data1\" content=\"1 minute\" \/>\n<script type=\"application\/ld+json\" class=\"yoast-schema-graph\">{\"@context\":\"https:\/\/schema.org\",\"@graph\":[{\"@type\":\"WebPage\",\"@id\":\"https:\/\/folklore.ee\/estonka\/ajalooline-ulevaade\/\",\"url\":\"https:\/\/folklore.ee\/estonka\/ajalooline-ulevaade\/\",\"name\":\"Ajalooline \u00fclevaade - Estonka\",\"isPartOf\":{\"@id\":\"https:\/\/folklore.ee\/estonka\/#website\"},\"primaryImageOfPage\":{\"@id\":\"https:\/\/folklore.ee\/estonka\/ajalooline-ulevaade\/#primaryimage\"},\"image\":{\"@id\":\"https:\/\/folklore.ee\/estonka\/ajalooline-ulevaade\/#primaryimage\"},\"thumbnailUrl\":\"https:\/\/folklore.ee\/estonka\/wp-content\/uploads\/2021\/05\/VF_00001L-e1620122948456.jpg\",\"datePublished\":\"2020-07-10T10:49:34+00:00\",\"dateModified\":\"2021-05-06T10:34:57+00:00\",\"description\":\"Eesti on suure v\u00e4liseestlaskonnaga riik, 20. sajandi algul elas ligi kuuendik eestlastest v\u00e4ljaspool oma rahva etnilist levikuala.\",\"breadcrumb\":{\"@id\":\"https:\/\/folklore.ee\/estonka\/ajalooline-ulevaade\/#breadcrumb\"},\"inLanguage\":\"en-US\",\"potentialAction\":[{\"@type\":\"ReadAction\",\"target\":[\"https:\/\/folklore.ee\/estonka\/ajalooline-ulevaade\/\"]}]},{\"@type\":\"ImageObject\",\"inLanguage\":\"en-US\",\"@id\":\"https:\/\/folklore.ee\/estonka\/ajalooline-ulevaade\/#primaryimage\",\"url\":\"https:\/\/folklore.ee\/estonka\/wp-content\/uploads\/2021\/05\/VF_00001L-e1620122948456.jpg\",\"contentUrl\":\"https:\/\/folklore.ee\/estonka\/wp-content\/uploads\/2021\/05\/VF_00001L-e1620122948456.jpg\",\"width\":1920,\"height\":403},{\"@type\":\"BreadcrumbList\",\"@id\":\"https:\/\/folklore.ee\/estonka\/ajalooline-ulevaade\/#breadcrumb\",\"itemListElement\":[{\"@type\":\"ListItem\",\"position\":1,\"name\":\"Avaleht\",\"item\":\"https:\/\/folklore.ee\/estonka\/\"},{\"@type\":\"ListItem\",\"position\":2,\"name\":\"Ajalooline \u00fclevaade\"}]},{\"@type\":\"WebSite\",\"@id\":\"https:\/\/folklore.ee\/estonka\/#website\",\"url\":\"https:\/\/folklore.ee\/estonka\/\",\"name\":\"Estonka\",\"description\":\"Just another WordPress site\",\"potentialAction\":[{\"@type\":\"SearchAction\",\"target\":{\"@type\":\"EntryPoint\",\"urlTemplate\":\"https:\/\/folklore.ee\/estonka\/?s={search_term_string}\"},\"query-input\":{\"@type\":\"PropertyValueSpecification\",\"valueRequired\":true,\"valueName\":\"search_term_string\"}}],\"inLanguage\":\"en-US\"}]}<\/script>\n<!-- \/ Yoast SEO plugin. -->","yoast_head_json":{"title":"Ajalooline \u00fclevaade - Estonka","description":"Eesti on suure v\u00e4liseestlaskonnaga riik, 20. sajandi algul elas ligi kuuendik eestlastest v\u00e4ljaspool oma rahva etnilist levikuala.","robots":{"index":"index","follow":"follow","max-snippet":"max-snippet:-1","max-image-preview":"max-image-preview:large","max-video-preview":"max-video-preview:-1"},"canonical":"https:\/\/folklore.ee\/estonka\/ajalooline-ulevaade\/","og_locale":"en_US","og_type":"article","og_title":"Ajalooline \u00fclevaade - Estonka","og_description":"Eesti on suure v\u00e4liseestlaskonnaga riik, 20. sajandi algul elas ligi kuuendik eestlastest v\u00e4ljaspool oma rahva etnilist levikuala.","og_url":"https:\/\/folklore.ee\/estonka\/ajalooline-ulevaade\/","og_site_name":"Estonka","article_modified_time":"2021-05-06T10:34:57+00:00","og_image":[{"width":1920,"height":403,"url":"https:\/\/folklore.ee\/estonka\/wp-content\/uploads\/2021\/05\/VF_00001L-e1620122948456.jpg","type":"image\/jpeg"}],"twitter_card":"summary_large_image","twitter_misc":{"Est. reading time":"1 minute"},"schema":{"@context":"https:\/\/schema.org","@graph":[{"@type":"WebPage","@id":"https:\/\/folklore.ee\/estonka\/ajalooline-ulevaade\/","url":"https:\/\/folklore.ee\/estonka\/ajalooline-ulevaade\/","name":"Ajalooline \u00fclevaade - Estonka","isPartOf":{"@id":"https:\/\/folklore.ee\/estonka\/#website"},"primaryImageOfPage":{"@id":"https:\/\/folklore.ee\/estonka\/ajalooline-ulevaade\/#primaryimage"},"image":{"@id":"https:\/\/folklore.ee\/estonka\/ajalooline-ulevaade\/#primaryimage"},"thumbnailUrl":"https:\/\/folklore.ee\/estonka\/wp-content\/uploads\/2021\/05\/VF_00001L-e1620122948456.jpg","datePublished":"2020-07-10T10:49:34+00:00","dateModified":"2021-05-06T10:34:57+00:00","description":"Eesti on suure v\u00e4liseestlaskonnaga riik, 20. sajandi algul elas ligi kuuendik eestlastest v\u00e4ljaspool oma rahva etnilist levikuala.","breadcrumb":{"@id":"https:\/\/folklore.ee\/estonka\/ajalooline-ulevaade\/#breadcrumb"},"inLanguage":"en-US","potentialAction":[{"@type":"ReadAction","target":["https:\/\/folklore.ee\/estonka\/ajalooline-ulevaade\/"]}]},{"@type":"ImageObject","inLanguage":"en-US","@id":"https:\/\/folklore.ee\/estonka\/ajalooline-ulevaade\/#primaryimage","url":"https:\/\/folklore.ee\/estonka\/wp-content\/uploads\/2021\/05\/VF_00001L-e1620122948456.jpg","contentUrl":"https:\/\/folklore.ee\/estonka\/wp-content\/uploads\/2021\/05\/VF_00001L-e1620122948456.jpg","width":1920,"height":403},{"@type":"BreadcrumbList","@id":"https:\/\/folklore.ee\/estonka\/ajalooline-ulevaade\/#breadcrumb","itemListElement":[{"@type":"ListItem","position":1,"name":"Avaleht","item":"https:\/\/folklore.ee\/estonka\/"},{"@type":"ListItem","position":2,"name":"Ajalooline \u00fclevaade"}]},{"@type":"WebSite","@id":"https:\/\/folklore.ee\/estonka\/#website","url":"https:\/\/folklore.ee\/estonka\/","name":"Estonka","description":"Just another WordPress site","potentialAction":[{"@type":"SearchAction","target":{"@type":"EntryPoint","urlTemplate":"https:\/\/folklore.ee\/estonka\/?s={search_term_string}"},"query-input":{"@type":"PropertyValueSpecification","valueRequired":true,"valueName":"search_term_string"}}],"inLanguage":"en-US"}]}},"_links":{"self":[{"href":"https:\/\/folklore.ee\/estonka\/wp-json\/wp\/v2\/pages\/9"}],"collection":[{"href":"https:\/\/folklore.ee\/estonka\/wp-json\/wp\/v2\/pages"}],"about":[{"href":"https:\/\/folklore.ee\/estonka\/wp-json\/wp\/v2\/types\/page"}],"author":[{"embeddable":true,"href":"https:\/\/folklore.ee\/estonka\/wp-json\/wp\/v2\/users\/1"}],"replies":[{"embeddable":true,"href":"https:\/\/folklore.ee\/estonka\/wp-json\/wp\/v2\/comments?post=9"}],"version-history":[{"count":22,"href":"https:\/\/folklore.ee\/estonka\/wp-json\/wp\/v2\/pages\/9\/revisions"}],"predecessor-version":[{"id":2896,"href":"https:\/\/folklore.ee\/estonka\/wp-json\/wp\/v2\/pages\/9\/revisions\/2896"}],"wp:featuredmedia":[{"embeddable":true,"href":"https:\/\/folklore.ee\/estonka\/wp-json\/wp\/v2\/media\/2837"}],"wp:attachment":[{"href":"https:\/\/folklore.ee\/estonka\/wp-json\/wp\/v2\/media?parent=9"}],"curies":[{"name":"wp","href":"https:\/\/api.w.org\/{rel}","templated":true}]}}