{"id":91,"date":"2020-07-27T09:59:12","date_gmt":"2020-07-27T09:59:12","guid":{"rendered":"http:\/\/folklore.ee\/estonka\/?page_id=91"},"modified":"2021-04-27T11:43:21","modified_gmt":"2021-04-27T11:43:21","slug":"19-saj-1918","status":"publish","type":"page","link":"https:\/\/folklore.ee\/estonka\/ajalooline-ulevaade\/19-saj-1918\/","title":{"rendered":"19. saj-1918"},"content":{"rendered":"\n<h2 class=\"wp-block-heading\">19. sajandi l\u00f5pust 1918. aastani<\/h2>\n\n\n\n<hr class=\"wp-block-separator\"\/>\n\n\n\n<p>Eestlasi on elanud Siberi aladel juba v\u00e4hemalt 18. sajandil. Esimesed sealsed eestlaste asundused rajati asumisele saadetud karistusaluste ja sunnit\u00f6\u00f6lt vabastatute poolt. Vanimateks teadaolevateks on R\u00f5\u017ekovo (asutatud umbes 1800. a paiku) ning \u00dclem-Suetuk (asut. u 1850). M\u00f5lemad olid algselt luteriusuliste rahvaste (eestlaste, soomlaste, soomerootslaste, l\u00e4tlaste, sakslaste) segakolooniad, hiljem loodi asundusi rahvuste j\u00e4rgi. Nii on esimesteks eesti k\u00fcladeks Siberis Omi asunduse Vana-Viru e Revel (asut. u 1861) ning Minussinski asunduse \u00dclem-Bulanka (asut. 1861).<\/p>\n\n\n\n<p>Luteriusuliste rahvaste kolooniate rajamise eestv\u00f5tjateks olid luteri kiriku\u00f5petajad, kes lootsid nii h\u00f5lpsamalt rajada ning korraldada koguduste t\u00f6\u00f6d. Pastorid vastutasid kolooniate usu- ja hariduselu, aga ka teiste eluvaldkondade eest. Elu kolooniates oli raske ning rahutu: sagedased vargused, joomingud, kaklused, ei puudunud ka tapmised. Asumisele saadetutel ei olnud tahtmist, vahel ka oskusi j\u00e4\u00e4da paikseiks p\u00f5lluharijaiks ja loomakasvatajaiks. Ka vajasid nad algkapitali oma majapidamise sisseseadmiseks: loomade ja inventari ostmiseks. Elu paranes, kui asumisele saatmine v\u00e4henes ning k\u00fclades said \u00fclekaalu Siberis s\u00fcndinud vabad talupojad.<\/p>\n\n\n\n<div class=\"wp-block-image\"><figure class=\"aligncenter size-large is-resized\"><a href=\"http:\/\/folklore.ee\/estonka\/wp-content\/uploads\/2021\/04\/B_37_1549.jpg\"><img loading=\"lazy\" decoding=\"async\" src=\"http:\/\/folklore.ee\/estonka\/wp-content\/uploads\/2021\/04\/B_37_1549.jpg\" alt=\"\" class=\"wp-image-2650\" width=\"616\" height=\"406\" srcset=\"https:\/\/folklore.ee\/estonka\/wp-content\/uploads\/2021\/04\/B_37_1549.jpg 646w, https:\/\/folklore.ee\/estonka\/wp-content\/uploads\/2021\/04\/B_37_1549-300x198.jpg 300w\" sizes=\"(max-width: 616px) 100vw, 616px\" \/><\/a><figcaption>Fotol: \u00dclem-Suetuki eesti koguduse vanem Johann Tiisel perekonnaga. EKLA B:37-1549<\/figcaption><\/figure><\/div>\n\n\n\n<p>Usuelu korraldati eesti k\u00fclades Venemaa Evangeelse Luterliku Kiriku toel. Kirikukihelkonnad (Siberis 6, hiljem 7) ja -\u00f5petajad olid k\u00f5ikidele Siberi luterlastele \u00fchised. V\u00e4ljasaadetutest alguse saanud kolooniates tegutsesid luterliku kiriku abikassast palka saavad k\u00f6ster-kooli\u00f5petajad, ehitati koolimaju ja kirikuid (\u00dclem-Suetuk, R\u00f5\u017ekovo, \u00dclem-Bulanka, Bugene).<\/p>\n\n\n\n<div class=\"wp-block-image\"><figure class=\"aligncenter size-large is-resized\"><a href=\"http:\/\/folklore.ee\/estonka\/wp-content\/uploads\/2021\/04\/B_037_1546.jpg\"><img loading=\"lazy\" decoding=\"async\" src=\"http:\/\/folklore.ee\/estonka\/wp-content\/uploads\/2021\/04\/B_037_1546.jpg\" alt=\"\" class=\"wp-image-2651\" width=\"556\" height=\"455\" srcset=\"https:\/\/folklore.ee\/estonka\/wp-content\/uploads\/2021\/04\/B_037_1546.jpg 599w, https:\/\/folklore.ee\/estonka\/wp-content\/uploads\/2021\/04\/B_037_1546-300x246.jpg 300w\" sizes=\"(max-width: 556px) 100vw, 556px\" \/><\/a><figcaption>Fotol: Ida-Siberi luterlaste k\u00f6ster-kooli\u00f5petajad perekondadega. Vasakult esimene rida: Jaan Silin, saadetud talupoeg; Jaan Strauss, Alam-Bulani k\u00f6ster-kooli\u00f5petaja; Sylvester Adamson, katekeet, keskmine rida abikaasad, kolmas rida: Max M\u00f6ller, kirjutaja ja Jaan Nebokat, \u00dclem-Bulani k\u00f6ster-kooli\u00f5petaja, hiljem \u201cK\u00fcndja\u201d toimetaja. EKLA B:37-1546<\/figcaption><\/figure><\/div>\n\n\n\n<p>V\u00e4ljar\u00e4nnanute asundused tekkisid esmalt Eesti alade vahetus l\u00e4heduses. Siberisse j\u00f5udsid esimesed v\u00e4ljar\u00e4ndajad 1890. aastail ning h\u00f5ivasid k\u00f5igepealt selle l\u00e4\u00e4nepoolsemad alad. Suurim r\u00e4ndelaine suundus sinna aga 20. sajandi algul. Aastatel 1906\u20131914 r\u00e4ndas Siberisse umbes 9000 eestlast ning tekkis mitmeid uusi asupaiku. Naasti ka kodumaale ning liiguti \u00fchest asundusest teise: algselt Loode-Venemaale, Krimmi ja Samaarasse siirdunud eestlaste poolt asutati mitu uut k\u00fcla Siberis. Osa eestlasi vahetas elukohta ka Siberi piires, kuid erinevused p\u00f5hja- ja l\u00f5unaeesti taustaga k\u00fclade vahel on s\u00e4ilinud. Samuti on oman\u00e4olisuse s\u00e4ilitanud Setomaalt peamiselt Krasnojarski kraisse \u00fcmber asunud setod.<\/p>\n\n\n\n<div class=\"wp-block-image\"><figure class=\"aligncenter size-large is-resized\"><a href=\"http:\/\/folklore.ee\/estonka\/wp-content\/uploads\/2021\/04\/C_194_8.jpg\"><img loading=\"lazy\" decoding=\"async\" src=\"http:\/\/folklore.ee\/estonka\/wp-content\/uploads\/2021\/04\/C_194_8.jpg\" alt=\"\" class=\"wp-image-2652\" width=\"592\" height=\"403\" srcset=\"https:\/\/folklore.ee\/estonka\/wp-content\/uploads\/2021\/04\/C_194_8.jpg 943w, https:\/\/folklore.ee\/estonka\/wp-content\/uploads\/2021\/04\/C_194_8-300x205.jpg 300w, https:\/\/folklore.ee\/estonka\/wp-content\/uploads\/2021\/04\/C_194_8-768x524.jpg 768w\" sizes=\"(max-width: 592px) 100vw, 592px\" \/><\/a><figcaption>Fotol: Linda k\u00fcla Ufaa kubermangus. EKLA C:194-8<\/figcaption><\/figure><\/div>\n\n\n\n<p>Nii Siberisse asumisele saatmist, kui ka v\u00e4ljar\u00e4ndamist soodustasid Vene tsaaririigi seadused. Siberit koloniseeriti Euroopa-Venemaalt p\u00e4rit inimeste abil. Teisalt oli tegemist agraarse \u00fcmberasumisliikumisega, sest talurahvas n\u00e4gi v\u00e4ljar\u00e4ndamises v\u00f5imalust saada harimiseks maad ja \u00e4raelamiseks leiba. <\/p>\n\n\n\n<div class=\"wp-block-columns is-layout-flex wp-container-core-columns-is-layout-1 wp-block-columns-is-layout-flex\">\n<div class=\"wp-block-column is-layout-flow wp-block-column-is-layout-flow\" style=\"flex-basis:66.66%\">\n<p>Oma maa saamise takistuseks kodumaal oli selle k\u00f5rge hind ning talude p\u00e4rimise kord. Ka rahvaarv kasvas 19. sajandi teisel poolel j\u00f5udsalt. Nii polnud v\u00e4ljar\u00e4nne mitte niiv\u00f5rd vabatahtlik kui sotsiaal-majanduslikest p\u00f5hjustest tingitud. Elukoha vahetamiseks kehtisid kindlad reeglid.<\/p>\n\n\n\n<p>Tsaaririigis p\u00fc\u00fcti \u00fcmberasumist suunata, kuigi igal ajalooperioodil see ei \u00f5nnestunud. Meenutame, et aastatel 1861\u20131914 r\u00e4ndas Siberisse (k.a Kaug-Ida) 3,8 miljonit inimest. P. A. Stol\u00f5pini agraarreform (m\u00e4\u00e4rus 09.11.1906, seadused 1910; 1911), mis lubas Venemaa talupoegade lahkumist k\u00fclakogukonnast, soodustas ka \u00fcmberasumist.<\/p>\n<\/div>\n\n\n\n<div class=\"wp-block-column is-layout-flow wp-block-column-is-layout-flow\" style=\"flex-basis:33.33%\">\n<figure class=\"wp-block-image size-large is-resized\"><a href=\"http:\/\/folklore.ee\/estonka\/wp-content\/uploads\/2021\/04\/vf_03311_v.jpg\"><img loading=\"lazy\" decoding=\"async\" src=\"http:\/\/folklore.ee\/estonka\/wp-content\/uploads\/2021\/04\/vf_03311_v.jpg\" alt=\"\" class=\"wp-image-2653\" width=\"322\" height=\"176\"\/><\/a><figcaption>P. Toome v\u00e4ljar\u00e4ndamisluba. Omski obl, Zolotaja Niva k\u00fcla. ERA, VF 3311. Anu Korbi foto.<\/figcaption><\/figure>\n<\/div>\n<\/div>\n\n\n\n<p>Asunikele kindlustati rahalist abi, vabastati rendi- ja kroonumaksudest, anti laenu veskite, teede, koolide jm ehituseks. Vahel k\u00fcll ei j\u00f5udnud lubatud abi uusasukateni. Sobivad maa-alad uutele tulijatele olid eelnevalt v\u00f5imude poolt v\u00e4lja valitud. Enne elanike saabumist pidi paiga asujatele kinni panema maa-kuulaja \u2013 hodokk. Kohapeal m\u00f5\u00f5deti igale meeshingele harimiseks maa, enamasti 15 tiinu (1 tiin = 1,09 ha = 10 925 \u043c2).<br>Teekond Siberisse oli raske. Reis kestis sageli mitu kuud, kaasa p\u00fc\u00fcti v\u00f5tta nii palju vara kui v\u00f5imalik. V\u00e4ljar\u00e4ndajad said kasutada Moskvast Kaug-Idani kulgevat raudteed (ehitati ajavahemikul 1891-1900), mis muuhulgas elavdas Siberi majanduselu.<br>R\u00e4ngad olid ka esimesed aastad Siberis. Sageli saadeti esimene suvi m\u00f6\u00f6da muldonnis, k\u00fcnkasse ehitatud koopas v\u00f5i puuokstest kokku seatud varjualuses. M\u00f5nel pool p\u00fcstitati majad t\u00e4navate \u00e4\u00e4rde ritta, sageli rajati talud aga hajali nagu Eestiski. Alustada tuli metsaraadamise ja p\u00f5ldude tegemisega. Kohalikud r\u00e4ndrahvad, kes seoses Siberi alistamisega Venemaa poolt olid juba 17. saj maksualusteks muudetud, ei harinud enamasti p\u00f5ldu.<\/p>\n\n\n\n<p>Kuigi eestlastel tuli kohaneda uute looduslike tingimustega, j\u00e4id p\u00f5hielatusaladeks endiselt p\u00f5llupidamine ja karjakasvatus. \u00dcheks tuntumaks eestlaste m\u00fc\u00fcgiartikliks oli v\u00f5i, mida m\u00f5nel pool valmistati venelastest erineval moel. Vajaminevaid majapidamisriistu ja riideid tehti ise, lisasissetulekut saadi k\u00e4sit\u00f6\u00f6st, kalap\u00fc\u00fcgist, jahist, mesilaste pidamisest jm. T\u00f6\u00f6l k\u00e4idi ka kulla- ja s\u00f6ekaevandustes. Eestlased t\u00f5id piirkonda mitmeid uusi t\u00f6\u00f6v\u00f5tteid, t\u00f6\u00f6riistu ja p\u00f5llukultuure (mitmep\u00f5llus\u00fcsteem, lina kasvatamine). Samas laenati naabritelt kohalikku traditsiooni kuuluvat (seedrip\u00e4hklite korjamine, arbuuside kasvatamine, m\u00f5nes piirkonnas t\u00f6\u00f6deldud loomas\u00f5nnikuga e kiisakatega k\u00fctmine jm.).<\/p>\n\n\n\n<p>\u00dchiskondlik elu erines Liivi- ja Eestimaal harjunust. Siberis polnud m\u00f5isnikke, v\u00e4he oli kiriku\u00f5petajaid, kes k\u00fclaelus kaasa r\u00e4\u00e4giksid. Elati kogukonna p\u00f5him\u00f5tetel. K\u00fclakogu valis k\u00fclavanema ja -kirjutaja. Asundustel oli oma k\u00fclavalitsus, mis allus vallavalitsusele. P\u00f5llumajandussaaduste m\u00fc\u00fcmiseks loodi majandus\u00fchistuid, \u00fchiselt osteti viljapeksumasinaid, pandi t\u00f6\u00f6le meiereid, \u00fchiselt ehitati ka \u00fchiskondlikke hooneid (kool, kantselei, magasiait), asutati surnuaedu jm. Majanduslikult olid edukamad stepi- ja metsastepialade mustmullamaadel ning raudteele l\u00e4hemal asuvad k\u00fclad, p\u00f5hjapoolsemad taiga- ja soo\u00e4\u00e4rsed maad ei olnud sama viljakad.<\/p>\n\n\n\n<div class=\"wp-block-columns is-layout-flex wp-container-core-columns-is-layout-2 wp-block-columns-is-layout-flex\">\n<div class=\"wp-block-column is-layout-flow wp-block-column-is-layout-flow\">\n<p>Juba 1910. aastateks suutsid suuremad ja paremini korraldatud v\u00e4ljar\u00e4nnanute asundused ehitada palve- ja koolimaju ning palgata Eestist k\u00f6ster-kooli\u00f5petaja (Estonia k\u00fcla Altai krais, Zolotaja Niva k\u00fcla). \u00d5igeusklikud setud kuulusid \u00fchistesse kogudustesse teiste \u00fcmbruskonna rahvastega, \u00fcheks \u00f5igeusukeskuseks kujunes Haida k\u00fcla. Erinevatel andmetel p\u00fcstitati kirikud R\u00f5\u017ekovo, \u00dclem-Suetuki, R\u00e4pina ja Haida k\u00fclas, palvemajad ja kool-palvemajad Estonia, Vana-Viru, \u00dclem-Bulanka, Orava, Suur-Selimi, Lebedihha-Serosika, Vabak\u00fcla, Mariinski l\u00e4hedal Jurjevi k\u00fclas jm. Tegutsesid seltsid, laulu- ja pasunakoorid. <br>\u00dched vanimatest on t\u00e4naseni koosk\u00e4iv \u00dclem-Suetuki pasunakoor, asutatud 1901. aastal k\u00f6ster Georg Vehmi eestvedamisel ning Vana-Viru karskusselts, asutatud 1891. aastal.<\/p>\n<\/div>\n\n\n\n<div class=\"wp-block-column is-layout-flow wp-block-column-is-layout-flow\">\n<figure class=\"wp-block-image size-large is-resized\"><a href=\"http:\/\/folklore.ee\/estonka\/wp-content\/uploads\/2021\/04\/B-37_1551-.jpg\"><img loading=\"lazy\" decoding=\"async\" src=\"http:\/\/folklore.ee\/estonka\/wp-content\/uploads\/2021\/04\/B-37_1551-.jpg\" alt=\"\" class=\"wp-image-2654\" width=\"493\" height=\"366\" srcset=\"https:\/\/folklore.ee\/estonka\/wp-content\/uploads\/2021\/04\/B-37_1551-.jpg 634w, https:\/\/folklore.ee\/estonka\/wp-content\/uploads\/2021\/04\/B-37_1551--300x222.jpg 300w\" sizes=\"(max-width: 493px) 100vw, 493px\" \/><\/a><figcaption>Foto: EKLA B-37: 1551 \u00dclem-Suetuki eesti koguduse puhkpillide koor. Vanemad mehed on sunniasunikud, noored Georg Vehmi \u00f5pilased.<\/figcaption><\/figure>\n\n\n\n<p><\/p>\n<\/div>\n<\/div>\n\n\n\n<p>Haridus- ja kultuurielu p\u00e4rssisid reaktsioonilised haridusreformid 1880. aastatel, millega taotleti v\u00e4hemusrahvaste venestamist. Osa koolidest viidi \u00fcle semstvo- ja ministeeriumikoolideks, kus n\u00f5uti venekeelset kooli\u00f5petust. Eesti asundused Venemaal olid aga paikadeks, kus venestus- ja \u00f5igeususurve j\u00e4i tagasihoidlikuks, sest koolid ei allunud riigile. N\u00e4iteks \u00dclem-Suetuki soome koguduse kirikus ja koolis j\u00e4tkas Soome Senatist palka saav Pietari Toikka tegevust soome keeles.<\/p>\n\n\n\n<div class=\"wp-block-columns is-layout-flex wp-container-core-columns-is-layout-3 wp-block-columns-is-layout-flex\">\n<div class=\"wp-block-column is-layout-flow wp-block-column-is-layout-flow\" style=\"flex-basis:66.66%\">\n<p>L\u00f5unaeestikeelses R\u00e4pina k\u00fclas n\u00f5udsid elanikud <strong>Karl M\u00fchlbachilt<\/strong> (fotol) \u00f5petust koguni l\u00f5unaeesti keeles. Siiski said emakeelset kooli\u2013 ja usujuhatust vaid suuremate k\u00fclade elanikud. Puudust leevendati omaalgatusliku koduse \u00f5petuse ja palvetundidega, lapsi pandi ka l\u00e4himatesse muukeelsetesse koolidesse. Sel perioodil olid asunikel Eestiga tihedad sidemed, need ei olnudki p\u00e4rast v\u00e4ljar\u00e4nnet katkenud: telliti ajalehti, kooli\u00f5pikuid, Eestist olid ka k\u00f6ster-kooli\u00f5petajad. Asunduste kestvuse tagamiseks on side emamaaga oluline.<\/p>\n\n\n\n<p><br>Kuigi \u00fcmberasumise ja uue kodu loomise aeg oli v\u00e4ljar\u00e4nnanutele kurnav ning n\u00f5udis palju t\u00f6\u00f6d, said asunikud sellega hakkama ning panid aluse eesti asustusele Siberis. Progressiivsete p\u00f5llumajanduslike t\u00f6\u00f6v\u00f5tete k\u00f5rval toodi \u00e4rkamisaegselt Eesti- ja Liivimaalt kaasa ka haridusp\u00fc\u00fce ja aateline maailmavaade. End peeti teadlikult eestlasteks, emakeelne kooli\u00f5petus, luterlik kiriku- ja seltsitegevus kuulusid kindlalt igap\u00e4evaellu.<\/p>\n<\/div>\n\n\n\n<div class=\"wp-block-column is-layout-flow wp-block-column-is-layout-flow\" style=\"flex-basis:33.33%\">\n<figure class=\"wp-block-image size-large is-resized\"><a href=\"http:\/\/folklore.ee\/estonka\/wp-content\/uploads\/2021\/04\/myhlbach_portree.jpg\"><img loading=\"lazy\" decoding=\"async\" src=\"http:\/\/folklore.ee\/estonka\/wp-content\/uploads\/2021\/04\/myhlbach_portree.jpg\" alt=\"\" class=\"wp-image-2655\" width=\"262\" height=\"362\"\/><\/a><figcaption>Fotol: endine \u00dclem-Bulanka k\u00f6ster-kooli\u00f5petaja<\/figcaption><\/figure>\n<\/div>\n<\/div>\n\n\n\n<div class=\"wp-block-columns is-layout-flex wp-container-core-columns-is-layout-4 wp-block-columns-is-layout-flex\">\n<div class=\"wp-block-column is-layout-flow wp-block-column-is-layout-flow\">\n<p>Eesti asunike p\u00fc\u00fcdlusi toetasid selleaegsed Tsaari-Venemaa seadused, sest valitsus oli huvitatud piirkonna rahvastamisest paiksete p\u00f5llupidajate ja karjakasvatajatega. Usuelu korralduse seisukohalt oli oluline juba t\u00f6\u00f6tavate struktuuridega v\u00e4ljasaadetute kolooniate olemasolu Siberis. Nii oli eesti asundustel Siberis hea stardipositsioon.<\/p>\n\n\n\n<p>1918. aastal koostas pastor August Nigol \u00fclevaate \u201eEesti asundused ja asupaigad Venemaal\u201c. Selles esitas ta eestlaste arvuks Siberis 40 000 ning loetles \u00fcle 100 k\u00fcla.<\/p>\n<\/div>\n\n\n\n<div class=\"wp-block-column is-layout-flow wp-block-column-is-layout-flow\">\n<figure class=\"wp-block-image size-large is-resized\"><a href=\"http:\/\/folklore.ee\/estonka\/wp-content\/uploads\/2021\/04\/nigol_portree.jpg\"><img loading=\"lazy\" decoding=\"async\" src=\"http:\/\/folklore.ee\/estonka\/wp-content\/uploads\/2021\/04\/nigol_portree.jpg\" alt=\"\" class=\"wp-image-2657\" width=\"284\" height=\"369\" srcset=\"https:\/\/folklore.ee\/estonka\/wp-content\/uploads\/2021\/04\/nigol_portree.jpg 785w, https:\/\/folklore.ee\/estonka\/wp-content\/uploads\/2021\/04\/nigol_portree-231x300.jpg 231w, https:\/\/folklore.ee\/estonka\/wp-content\/uploads\/2021\/04\/nigol_portree-768x998.jpg 768w\" sizes=\"(max-width: 284px) 100vw, 284px\" \/><\/a><figcaption>Fotol: A. Nigol<\/figcaption><\/figure>\n<\/div>\n<\/div>\n","protected":false},"excerpt":{"rendered":"<p>19. sajandi l\u00f5pust 1918. aastani Eestlasi on elanud Siberi aladel juba v\u00e4hemalt 18. sajandil. Esimesed sealsed eestlaste asundused rajati asumisele saadetud karistusaluste ja sunnit\u00f6\u00f6lt vabastatute poolt. Vanimateks teadaolevateks on R\u00f5\u017ekovo (asutatud umbes 1800. a paiku) ning \u00dclem-Suetuk (asut. u 1850). M\u00f5lemad olid algselt luteriusuliste rahvaste (eestlaste, soomlaste, soomerootslaste, l\u00e4tlaste, sakslaste) segakolooniad, hiljem loodi asundusi rahvuste [&hellip;]<\/p>\n","protected":false},"author":1,"featured_media":251,"parent":9,"menu_order":0,"comment_status":"closed","ping_status":"closed","template":"","meta":{"footnotes":""},"class_list":["post-91","page","type-page","status-publish","has-post-thumbnail","hentry"],"yoast_head":"<!-- This site is optimized with the Yoast SEO plugin v23.4 - https:\/\/yoast.com\/wordpress\/plugins\/seo\/ -->\n<title>19. saj-1918 - Estonka<\/title>\n<meta name=\"description\" content=\"Eestlasi on elanud Siberi aladel juba v\u00e4hemalt 18. sajandil. Esimesed sealsed eestlaste asundused rajati karistusaluste ja sunnit\u00f6\u00f6lt vabastatute poolt.\" \/>\n<meta name=\"robots\" content=\"index, follow, max-snippet:-1, max-image-preview:large, max-video-preview:-1\" \/>\n<link rel=\"canonical\" href=\"https:\/\/folklore.ee\/estonka\/ajalooline-ulevaade\/19-saj-1918\/\" \/>\n<meta property=\"og:locale\" content=\"en_US\" \/>\n<meta property=\"og:type\" content=\"article\" \/>\n<meta property=\"og:title\" content=\"19. saj-1918 - Estonka\" \/>\n<meta property=\"og:description\" content=\"Eestlasi on elanud Siberi aladel juba v\u00e4hemalt 18. sajandil. Esimesed sealsed eestlaste asundused rajati karistusaluste ja sunnit\u00f6\u00f6lt vabastatute poolt.\" \/>\n<meta property=\"og:url\" content=\"https:\/\/folklore.ee\/estonka\/ajalooline-ulevaade\/19-saj-1918\/\" \/>\n<meta property=\"og:site_name\" content=\"Estonka\" \/>\n<meta property=\"article:modified_time\" content=\"2021-04-27T11:43:21+00:00\" \/>\n<meta property=\"og:image\" content=\"https:\/\/folklore.ee\/estonka\/wp-content\/uploads\/2020\/07\/8-scaled.jpg\" \/>\n\t<meta property=\"og:image:width\" content=\"2560\" \/>\n\t<meta property=\"og:image:height\" content=\"533\" \/>\n\t<meta property=\"og:image:type\" content=\"image\/jpeg\" \/>\n<meta name=\"twitter:card\" content=\"summary_large_image\" \/>\n<meta name=\"twitter:label1\" content=\"Est. reading time\" \/>\n\t<meta name=\"twitter:data1\" content=\"6 minutes\" \/>\n<script type=\"application\/ld+json\" class=\"yoast-schema-graph\">{\"@context\":\"https:\/\/schema.org\",\"@graph\":[{\"@type\":\"WebPage\",\"@id\":\"https:\/\/folklore.ee\/estonka\/ajalooline-ulevaade\/19-saj-1918\/\",\"url\":\"https:\/\/folklore.ee\/estonka\/ajalooline-ulevaade\/19-saj-1918\/\",\"name\":\"19. saj-1918 - Estonka\",\"isPartOf\":{\"@id\":\"https:\/\/folklore.ee\/estonka\/#website\"},\"primaryImageOfPage\":{\"@id\":\"https:\/\/folklore.ee\/estonka\/ajalooline-ulevaade\/19-saj-1918\/#primaryimage\"},\"image\":{\"@id\":\"https:\/\/folklore.ee\/estonka\/ajalooline-ulevaade\/19-saj-1918\/#primaryimage\"},\"thumbnailUrl\":\"https:\/\/folklore.ee\/estonka\/wp-content\/uploads\/2020\/07\/8-scaled.jpg\",\"datePublished\":\"2020-07-27T09:59:12+00:00\",\"dateModified\":\"2021-04-27T11:43:21+00:00\",\"description\":\"Eestlasi on elanud Siberi aladel juba v\u00e4hemalt 18. sajandil. Esimesed sealsed eestlaste asundused rajati karistusaluste ja sunnit\u00f6\u00f6lt vabastatute poolt.\",\"breadcrumb\":{\"@id\":\"https:\/\/folklore.ee\/estonka\/ajalooline-ulevaade\/19-saj-1918\/#breadcrumb\"},\"inLanguage\":\"en-US\",\"potentialAction\":[{\"@type\":\"ReadAction\",\"target\":[\"https:\/\/folklore.ee\/estonka\/ajalooline-ulevaade\/19-saj-1918\/\"]}]},{\"@type\":\"ImageObject\",\"inLanguage\":\"en-US\",\"@id\":\"https:\/\/folklore.ee\/estonka\/ajalooline-ulevaade\/19-saj-1918\/#primaryimage\",\"url\":\"https:\/\/folklore.ee\/estonka\/wp-content\/uploads\/2020\/07\/8-scaled.jpg\",\"contentUrl\":\"https:\/\/folklore.ee\/estonka\/wp-content\/uploads\/2020\/07\/8-scaled.jpg\",\"width\":2560,\"height\":533,\"caption\":\"Ajaloo kaanefotod\"},{\"@type\":\"BreadcrumbList\",\"@id\":\"https:\/\/folklore.ee\/estonka\/ajalooline-ulevaade\/19-saj-1918\/#breadcrumb\",\"itemListElement\":[{\"@type\":\"ListItem\",\"position\":1,\"name\":\"Avaleht\",\"item\":\"https:\/\/folklore.ee\/estonka\/\"},{\"@type\":\"ListItem\",\"position\":2,\"name\":\"Ajalooline \u00fclevaade\",\"item\":\"https:\/\/folklore.ee\/estonka\/ajalooline-ulevaade\/\"},{\"@type\":\"ListItem\",\"position\":3,\"name\":\"19. saj-1918\"}]},{\"@type\":\"WebSite\",\"@id\":\"https:\/\/folklore.ee\/estonka\/#website\",\"url\":\"https:\/\/folklore.ee\/estonka\/\",\"name\":\"Estonka\",\"description\":\"Just another WordPress site\",\"potentialAction\":[{\"@type\":\"SearchAction\",\"target\":{\"@type\":\"EntryPoint\",\"urlTemplate\":\"https:\/\/folklore.ee\/estonka\/?s={search_term_string}\"},\"query-input\":{\"@type\":\"PropertyValueSpecification\",\"valueRequired\":true,\"valueName\":\"search_term_string\"}}],\"inLanguage\":\"en-US\"}]}<\/script>\n<!-- \/ Yoast SEO plugin. -->","yoast_head_json":{"title":"19. saj-1918 - Estonka","description":"Eestlasi on elanud Siberi aladel juba v\u00e4hemalt 18. sajandil. Esimesed sealsed eestlaste asundused rajati karistusaluste ja sunnit\u00f6\u00f6lt vabastatute poolt.","robots":{"index":"index","follow":"follow","max-snippet":"max-snippet:-1","max-image-preview":"max-image-preview:large","max-video-preview":"max-video-preview:-1"},"canonical":"https:\/\/folklore.ee\/estonka\/ajalooline-ulevaade\/19-saj-1918\/","og_locale":"en_US","og_type":"article","og_title":"19. saj-1918 - Estonka","og_description":"Eestlasi on elanud Siberi aladel juba v\u00e4hemalt 18. sajandil. Esimesed sealsed eestlaste asundused rajati karistusaluste ja sunnit\u00f6\u00f6lt vabastatute poolt.","og_url":"https:\/\/folklore.ee\/estonka\/ajalooline-ulevaade\/19-saj-1918\/","og_site_name":"Estonka","article_modified_time":"2021-04-27T11:43:21+00:00","og_image":[{"width":2560,"height":533,"url":"https:\/\/folklore.ee\/estonka\/wp-content\/uploads\/2020\/07\/8-scaled.jpg","type":"image\/jpeg"}],"twitter_card":"summary_large_image","twitter_misc":{"Est. reading time":"6 minutes"},"schema":{"@context":"https:\/\/schema.org","@graph":[{"@type":"WebPage","@id":"https:\/\/folklore.ee\/estonka\/ajalooline-ulevaade\/19-saj-1918\/","url":"https:\/\/folklore.ee\/estonka\/ajalooline-ulevaade\/19-saj-1918\/","name":"19. saj-1918 - Estonka","isPartOf":{"@id":"https:\/\/folklore.ee\/estonka\/#website"},"primaryImageOfPage":{"@id":"https:\/\/folklore.ee\/estonka\/ajalooline-ulevaade\/19-saj-1918\/#primaryimage"},"image":{"@id":"https:\/\/folklore.ee\/estonka\/ajalooline-ulevaade\/19-saj-1918\/#primaryimage"},"thumbnailUrl":"https:\/\/folklore.ee\/estonka\/wp-content\/uploads\/2020\/07\/8-scaled.jpg","datePublished":"2020-07-27T09:59:12+00:00","dateModified":"2021-04-27T11:43:21+00:00","description":"Eestlasi on elanud Siberi aladel juba v\u00e4hemalt 18. sajandil. Esimesed sealsed eestlaste asundused rajati karistusaluste ja sunnit\u00f6\u00f6lt vabastatute poolt.","breadcrumb":{"@id":"https:\/\/folklore.ee\/estonka\/ajalooline-ulevaade\/19-saj-1918\/#breadcrumb"},"inLanguage":"en-US","potentialAction":[{"@type":"ReadAction","target":["https:\/\/folklore.ee\/estonka\/ajalooline-ulevaade\/19-saj-1918\/"]}]},{"@type":"ImageObject","inLanguage":"en-US","@id":"https:\/\/folklore.ee\/estonka\/ajalooline-ulevaade\/19-saj-1918\/#primaryimage","url":"https:\/\/folklore.ee\/estonka\/wp-content\/uploads\/2020\/07\/8-scaled.jpg","contentUrl":"https:\/\/folklore.ee\/estonka\/wp-content\/uploads\/2020\/07\/8-scaled.jpg","width":2560,"height":533,"caption":"Ajaloo kaanefotod"},{"@type":"BreadcrumbList","@id":"https:\/\/folklore.ee\/estonka\/ajalooline-ulevaade\/19-saj-1918\/#breadcrumb","itemListElement":[{"@type":"ListItem","position":1,"name":"Avaleht","item":"https:\/\/folklore.ee\/estonka\/"},{"@type":"ListItem","position":2,"name":"Ajalooline \u00fclevaade","item":"https:\/\/folklore.ee\/estonka\/ajalooline-ulevaade\/"},{"@type":"ListItem","position":3,"name":"19. saj-1918"}]},{"@type":"WebSite","@id":"https:\/\/folklore.ee\/estonka\/#website","url":"https:\/\/folklore.ee\/estonka\/","name":"Estonka","description":"Just another WordPress site","potentialAction":[{"@type":"SearchAction","target":{"@type":"EntryPoint","urlTemplate":"https:\/\/folklore.ee\/estonka\/?s={search_term_string}"},"query-input":{"@type":"PropertyValueSpecification","valueRequired":true,"valueName":"search_term_string"}}],"inLanguage":"en-US"}]}},"_links":{"self":[{"href":"https:\/\/folklore.ee\/estonka\/wp-json\/wp\/v2\/pages\/91"}],"collection":[{"href":"https:\/\/folklore.ee\/estonka\/wp-json\/wp\/v2\/pages"}],"about":[{"href":"https:\/\/folklore.ee\/estonka\/wp-json\/wp\/v2\/types\/page"}],"author":[{"embeddable":true,"href":"https:\/\/folklore.ee\/estonka\/wp-json\/wp\/v2\/users\/1"}],"replies":[{"embeddable":true,"href":"https:\/\/folklore.ee\/estonka\/wp-json\/wp\/v2\/comments?post=91"}],"version-history":[{"count":16,"href":"https:\/\/folklore.ee\/estonka\/wp-json\/wp\/v2\/pages\/91\/revisions"}],"predecessor-version":[{"id":2680,"href":"https:\/\/folklore.ee\/estonka\/wp-json\/wp\/v2\/pages\/91\/revisions\/2680"}],"up":[{"embeddable":true,"href":"https:\/\/folklore.ee\/estonka\/wp-json\/wp\/v2\/pages\/9"}],"wp:featuredmedia":[{"embeddable":true,"href":"https:\/\/folklore.ee\/estonka\/wp-json\/wp\/v2\/media\/251"}],"wp:attachment":[{"href":"https:\/\/folklore.ee\/estonka\/wp-json\/wp\/v2\/media?parent=91"}],"curies":[{"name":"wp","href":"https:\/\/api.w.org\/{rel}","templated":true}]}}