{"id":11,"date":"2023-05-10T12:47:07","date_gmt":"2023-05-10T12:47:07","guid":{"rendered":"https:\/\/folklore.ee\/kooliparimus\/?page_id=11"},"modified":"2023-06-02T07:38:13","modified_gmt":"2023-06-02T07:38:13","slug":"kp","status":"publish","type":"page","link":"https:\/\/folklore.ee\/kooliparimus\/kp\/","title":{"rendered":"Koolip\u00e4rimus"},"content":{"rendered":"\n<p>Koolip\u00e4rimust on kogutud Eestis \u00fcleriigiliselt kolmel korral, 1992, 2007 ja 2018. See on esimene v\u00e4liseestlastele suunatud kogumisaktsioon, mist\u00f5ttu on iga osav\u00f5tt v\u00e4ga v\u00e4\u00e4rtuslik!<\/p>\n\n\n\n<p>Ettev\u00f5tmise eesm\u00e4rk j\u00e4\u00e4dvustada v\u00e4ljaspool Eestit elavate eesti koolilaste maailm just sellisena, nagu see t\u00e4nap\u00e4eval on. \u00dchtlasi on eesm\u00e4rk rakendada andekaid noori v\u00e4liseesti p\u00e4rimuse ja kultuuri teadvustamisel ning fikseerimisel. Varem koolis \u00f5ppinud ja t\u00f6\u00f6tanud inimeste meenutuste p\u00f5hjal tekib hea materjal koolikultuuri muutuste uurimiseks ja j\u00e4lgimiseks.<\/p>\n\n\n\n<p>Laekunud materjal moodustab olulise baasi Eesti-uuringute Tippkeskuse teadlaste edasiseks uurimist\u00f6\u00f6ks.<\/p>\n","protected":false},"excerpt":{"rendered":"<p>Koolip\u00e4rimust on kogutud Eestis \u00fcleriigiliselt kolmel korral, 1992, 2007 ja 2018. See on esimene v\u00e4liseestlastele suunatud kogumisaktsioon, mist\u00f5ttu on iga osav\u00f5tt v\u00e4ga v\u00e4\u00e4rtuslik! Ettev\u00f5tmise eesm\u00e4rk j\u00e4\u00e4dvustada v\u00e4ljaspool Eestit elavate eesti koolilaste maailm just sellisena, nagu see t\u00e4nap\u00e4eval on. \u00dchtlasi on eesm\u00e4rk rakendada andekaid noori v\u00e4liseesti p\u00e4rimuse ja kultuuri teadvustamisel ning fikseerimisel. Varem koolis \u00f5ppinud ja [&hellip;]<\/p>\n","protected":false},"author":1,"featured_media":12,"parent":0,"menu_order":0,"comment_status":"closed","ping_status":"closed","template":"","meta":{"footnotes":""},"class_list":["post-11","page","type-page","status-publish","has-post-thumbnail","hentry"],"yoast_head":"<!-- This site is optimized with the Yoast SEO plugin v23.7 - https:\/\/yoast.com\/wordpress\/plugins\/seo\/ -->\n<title>Koolip\u00e4rimus - Koolip\u00e4rimus<\/title>\n<meta name=\"robots\" content=\"index, follow, max-snippet:-1, max-image-preview:large, max-video-preview:-1\" \/>\n<link rel=\"canonical\" href=\"https:\/\/folklore.ee\/kooliparimus\/kp\/\" \/>\n<meta property=\"og:locale\" content=\"en_US\" \/>\n<meta property=\"og:type\" content=\"article\" \/>\n<meta property=\"og:title\" content=\"Koolip\u00e4rimus - Koolip\u00e4rimus\" \/>\n<meta property=\"og:description\" content=\"Koolip\u00e4rimust on kogutud Eestis \u00fcleriigiliselt kolmel korral, 1992, 2007 ja 2018. See on esimene v\u00e4liseestlastele suunatud kogumisaktsioon, mist\u00f5ttu on iga osav\u00f5tt v\u00e4ga v\u00e4\u00e4rtuslik! Ettev\u00f5tmise eesm\u00e4rk j\u00e4\u00e4dvustada v\u00e4ljaspool Eestit elavate eesti koolilaste maailm just sellisena, nagu see t\u00e4nap\u00e4eval on. \u00dchtlasi on eesm\u00e4rk rakendada andekaid noori v\u00e4liseesti p\u00e4rimuse ja kultuuri teadvustamisel ning fikseerimisel. Varem koolis \u00f5ppinud ja [&hellip;]\" \/>\n<meta property=\"og:url\" content=\"https:\/\/folklore.ee\/kooliparimus\/kp\/\" \/>\n<meta property=\"og:site_name\" content=\"Koolip\u00e4rimus\" \/>\n<meta property=\"article:publisher\" content=\"https:\/\/www.facebook.com\/kirjandusmuuseum\" \/>\n<meta property=\"article:modified_time\" content=\"2023-06-02T07:38:13+00:00\" \/>\n<meta property=\"og:image\" content=\"http:\/\/localhost\/kooliparimus\/wp-content\/uploads\/2023\/05\/kaanepilt.jpg\" \/>\n\t<meta property=\"og:image:width\" content=\"2200\" \/>\n\t<meta property=\"og:image:height\" content=\"306\" \/>\n\t<meta property=\"og:image:type\" content=\"image\/jpeg\" \/>\n<meta name=\"twitter:card\" content=\"summary_large_image\" \/>\n<meta name=\"twitter:label1\" content=\"Est. reading time\" \/>\n\t<meta name=\"twitter:data1\" content=\"1 minute\" \/>\n<script type=\"application\/ld+json\" class=\"yoast-schema-graph\">{\"@context\":\"https:\/\/schema.org\",\"@graph\":[{\"@type\":\"WebPage\",\"@id\":\"https:\/\/folklore.ee\/kooliparimus\/kp\/\",\"url\":\"https:\/\/folklore.ee\/kooliparimus\/kp\/\",\"name\":\"Koolip\u00e4rimus - Koolip\u00e4rimus\",\"isPartOf\":{\"@id\":\"https:\/\/folklore.ee\/kooliparimus\/#website\"},\"primaryImageOfPage\":{\"@id\":\"https:\/\/folklore.ee\/kooliparimus\/kp\/#primaryimage\"},\"image\":{\"@id\":\"https:\/\/folklore.ee\/kooliparimus\/kp\/#primaryimage\"},\"thumbnailUrl\":\"https:\/\/folklore.ee\/kooliparimus\/wp-content\/uploads\/2023\/05\/kaanepilt.jpg\",\"datePublished\":\"2023-05-10T12:47:07+00:00\",\"dateModified\":\"2023-06-02T07:38:13+00:00\",\"breadcrumb\":{\"@id\":\"https:\/\/folklore.ee\/kooliparimus\/kp\/#breadcrumb\"},\"inLanguage\":\"en-US\",\"potentialAction\":[{\"@type\":\"ReadAction\",\"target\":[\"https:\/\/folklore.ee\/kooliparimus\/kp\/\"]}]},{\"@type\":\"ImageObject\",\"inLanguage\":\"en-US\",\"@id\":\"https:\/\/folklore.ee\/kooliparimus\/kp\/#primaryimage\",\"url\":\"https:\/\/folklore.ee\/kooliparimus\/wp-content\/uploads\/2023\/05\/kaanepilt.jpg\",\"contentUrl\":\"https:\/\/folklore.ee\/kooliparimus\/wp-content\/uploads\/2023\/05\/kaanepilt.jpg\",\"width\":2200,\"height\":306},{\"@type\":\"BreadcrumbList\",\"@id\":\"https:\/\/folklore.ee\/kooliparimus\/kp\/#breadcrumb\",\"itemListElement\":[{\"@type\":\"ListItem\",\"position\":1,\"name\":\"Home\",\"item\":\"https:\/\/folklore.ee\/kooliparimus\/\"},{\"@type\":\"ListItem\",\"position\":2,\"name\":\"Koolip\u00e4rimus\"}]},{\"@type\":\"WebSite\",\"@id\":\"https:\/\/folklore.ee\/kooliparimus\/#website\",\"url\":\"https:\/\/folklore.ee\/kooliparimus\/\",\"name\":\"Koolip\u00e4rimus\",\"description\":\"Eesti Kirjandusmuuseumi kogumisp\u00e4rimuse veebikeskkond.\",\"potentialAction\":[{\"@type\":\"SearchAction\",\"target\":{\"@type\":\"EntryPoint\",\"urlTemplate\":\"https:\/\/folklore.ee\/kooliparimus\/?s={search_term_string}\"},\"query-input\":{\"@type\":\"PropertyValueSpecification\",\"valueRequired\":true,\"valueName\":\"search_term_string\"}}],\"inLanguage\":\"en-US\"}]}<\/script>\n<!-- \/ Yoast SEO plugin. -->","yoast_head_json":{"title":"Koolip\u00e4rimus - Koolip\u00e4rimus","robots":{"index":"index","follow":"follow","max-snippet":"max-snippet:-1","max-image-preview":"max-image-preview:large","max-video-preview":"max-video-preview:-1"},"canonical":"https:\/\/folklore.ee\/kooliparimus\/kp\/","og_locale":"en_US","og_type":"article","og_title":"Koolip\u00e4rimus - Koolip\u00e4rimus","og_description":"Koolip\u00e4rimust on kogutud Eestis \u00fcleriigiliselt kolmel korral, 1992, 2007 ja 2018. See on esimene v\u00e4liseestlastele suunatud kogumisaktsioon, mist\u00f5ttu on iga osav\u00f5tt v\u00e4ga v\u00e4\u00e4rtuslik! Ettev\u00f5tmise eesm\u00e4rk j\u00e4\u00e4dvustada v\u00e4ljaspool Eestit elavate eesti koolilaste maailm just sellisena, nagu see t\u00e4nap\u00e4eval on. \u00dchtlasi on eesm\u00e4rk rakendada andekaid noori v\u00e4liseesti p\u00e4rimuse ja kultuuri teadvustamisel ning fikseerimisel. Varem koolis \u00f5ppinud ja [&hellip;]","og_url":"https:\/\/folklore.ee\/kooliparimus\/kp\/","og_site_name":"Koolip\u00e4rimus","article_publisher":"https:\/\/www.facebook.com\/kirjandusmuuseum","article_modified_time":"2023-06-02T07:38:13+00:00","og_image":[{"width":2200,"height":306,"url":"http:\/\/localhost\/kooliparimus\/wp-content\/uploads\/2023\/05\/kaanepilt.jpg","type":"image\/jpeg"}],"twitter_card":"summary_large_image","twitter_misc":{"Est. reading time":"1 minute"},"schema":{"@context":"https:\/\/schema.org","@graph":[{"@type":"WebPage","@id":"https:\/\/folklore.ee\/kooliparimus\/kp\/","url":"https:\/\/folklore.ee\/kooliparimus\/kp\/","name":"Koolip\u00e4rimus - Koolip\u00e4rimus","isPartOf":{"@id":"https:\/\/folklore.ee\/kooliparimus\/#website"},"primaryImageOfPage":{"@id":"https:\/\/folklore.ee\/kooliparimus\/kp\/#primaryimage"},"image":{"@id":"https:\/\/folklore.ee\/kooliparimus\/kp\/#primaryimage"},"thumbnailUrl":"https:\/\/folklore.ee\/kooliparimus\/wp-content\/uploads\/2023\/05\/kaanepilt.jpg","datePublished":"2023-05-10T12:47:07+00:00","dateModified":"2023-06-02T07:38:13+00:00","breadcrumb":{"@id":"https:\/\/folklore.ee\/kooliparimus\/kp\/#breadcrumb"},"inLanguage":"en-US","potentialAction":[{"@type":"ReadAction","target":["https:\/\/folklore.ee\/kooliparimus\/kp\/"]}]},{"@type":"ImageObject","inLanguage":"en-US","@id":"https:\/\/folklore.ee\/kooliparimus\/kp\/#primaryimage","url":"https:\/\/folklore.ee\/kooliparimus\/wp-content\/uploads\/2023\/05\/kaanepilt.jpg","contentUrl":"https:\/\/folklore.ee\/kooliparimus\/wp-content\/uploads\/2023\/05\/kaanepilt.jpg","width":2200,"height":306},{"@type":"BreadcrumbList","@id":"https:\/\/folklore.ee\/kooliparimus\/kp\/#breadcrumb","itemListElement":[{"@type":"ListItem","position":1,"name":"Home","item":"https:\/\/folklore.ee\/kooliparimus\/"},{"@type":"ListItem","position":2,"name":"Koolip\u00e4rimus"}]},{"@type":"WebSite","@id":"https:\/\/folklore.ee\/kooliparimus\/#website","url":"https:\/\/folklore.ee\/kooliparimus\/","name":"Koolip\u00e4rimus","description":"Eesti Kirjandusmuuseumi kogumisp\u00e4rimuse veebikeskkond.","potentialAction":[{"@type":"SearchAction","target":{"@type":"EntryPoint","urlTemplate":"https:\/\/folklore.ee\/kooliparimus\/?s={search_term_string}"},"query-input":{"@type":"PropertyValueSpecification","valueRequired":true,"valueName":"search_term_string"}}],"inLanguage":"en-US"}]}},"_links":{"self":[{"href":"https:\/\/folklore.ee\/kooliparimus\/wp-json\/wp\/v2\/pages\/11","targetHints":{"allow":["GET"]}}],"collection":[{"href":"https:\/\/folklore.ee\/kooliparimus\/wp-json\/wp\/v2\/pages"}],"about":[{"href":"https:\/\/folklore.ee\/kooliparimus\/wp-json\/wp\/v2\/types\/page"}],"author":[{"embeddable":true,"href":"https:\/\/folklore.ee\/kooliparimus\/wp-json\/wp\/v2\/users\/1"}],"replies":[{"embeddable":true,"href":"https:\/\/folklore.ee\/kooliparimus\/wp-json\/wp\/v2\/comments?post=11"}],"version-history":[{"count":3,"href":"https:\/\/folklore.ee\/kooliparimus\/wp-json\/wp\/v2\/pages\/11\/revisions"}],"predecessor-version":[{"id":62,"href":"https:\/\/folklore.ee\/kooliparimus\/wp-json\/wp\/v2\/pages\/11\/revisions\/62"}],"wp:featuredmedia":[{"embeddable":true,"href":"https:\/\/folklore.ee\/kooliparimus\/wp-json\/wp\/v2\/media\/12"}],"wp:attachment":[{"href":"https:\/\/folklore.ee\/kooliparimus\/wp-json\/wp\/v2\/media?parent=11"}],"curies":[{"name":"wp","href":"https:\/\/api.w.org\/{rel}","templated":true}]}}