{"id":157,"date":"2023-06-01T15:53:12","date_gmt":"2023-06-01T15:53:12","guid":{"rendered":"https:\/\/folklore.ee\/kooliparimus\/?page_id=157"},"modified":"2025-03-03T06:17:21","modified_gmt":"2025-03-03T06:17:21","slug":"tanuuritus","status":"publish","type":"page","link":"https:\/\/folklore.ee\/kooliparimus\/kp\/kooliparimus-2018\/osalejad\/tanuuritus\/","title":{"rendered":"Koolip\u00e4rimus 2018 t\u00e4nu\u00fcritus"},"content":{"rendered":"\n<h2 class=\"wp-block-heading\">Koolip\u00e4rimus 2018 t\u00e4nu\u00fcritus 27. septembril 2018 kell 14.00 Eesti Kirjandusmuuseumis<\/h2>\n\n\n\n<div class=\"wp-block-buttons is-layout-flex wp-block-buttons-is-layout-flex\">\n<div class=\"wp-block-button\"><a class=\"wp-block-button__link wp-element-button\" href=\"\/kooliparimus\/kp\/kooliparimus-2018\/osalejad\/tanuuritus\/galerii\/\">Galerii<\/a><\/div>\n<\/div>\n\n\n\n<p><strong>T\u00e4nu\u00fcrituse kava:<\/strong><\/p>\n\n\n\n<ul class=\"wp-block-list\">\n<li>Folkrock-ansambel \u201eMust bass l\u00e4ks \u00fcle tee\u201c<\/li>\n\n\n\n<li>Tervituss\u00f5nad:<\/li>\n\n\n\n<li>Urmas Sutrop, Eesti Kirjandusmuuseumi direktor<\/li>\n\n\n\n<li>Reet Hiiem\u00e4e, Koolip\u00e4rimus 2018 korraldustoimkonna liige<\/li>\n\n\n\n<li>\u017d\u00fcrii l\u00fchi\u00fclevaade Koolip\u00e4rimus 2018 kogumisv\u00f5istlusest:<\/li>\n\n\n\n<li>Mare K\u00f5iva, \u017e\u00fcriiliige ja Eesti-uuringute Tippkeskuse juht<\/li>\n\n\n\n<li>Humoorikas p\u00e4rimusteemaline Kuldvillak<\/li>\n\n\n\n<li>Parimate osav\u00f5tjate autasustamine koos kirjaniku ja aktsiooni patrooni Mika Ker\u00e4neniga<\/li>\n\n\n\n<li>Magus \u00fcllatus ja muu kehakinnitus<\/li>\n\n\n\n<li>Soovijatele ekskursioon Eesti Kirjandusmuuseumi arhiivides<\/li>\n<\/ul>\n\n\n\n<p><strong>Tublimad vastajad:<\/strong><\/p>\n\n\n\n<p><strong>Vanuser\u00fchm kuni 4. klass<\/strong><\/p>\n\n\n\n<ul class=\"wp-block-list\">\n<li>I koht: <strong>\u041c\u0438\u0440\u043e\u0441\u043b\u0430\u0432\u0430 \u041c\u0430\u043a\u0441\u0438\u043c\u0432\u0430<\/strong>, Narva Kreenholmi G\u00fcmnaasium<\/li>\n\n\n\n<li>II koht: L<strong>isete Tunge<\/strong>l, Ardu Kool<\/li>\n\n\n\n<li>III koht: <strong>Nellitriin Smetanjuk<\/strong>, Ardu Kool<\/li>\n\n\n\n<li>IV koht: <strong>Natasha Mi Lehis<\/strong>, R\u00f5ngu Keskkool<\/li>\n\n\n\n<li>V koht: <strong>Marcus K\u00f5rgesaar<\/strong>, Leie P\u00f5hikool<\/li>\n<\/ul>\n\n\n\n<p><strong>Vanuser\u00fchm kuni 5-6. klass<\/strong><\/p>\n\n\n\n<ul class=\"wp-block-list\">\n<li>I koht: <strong>Liis Kannik<\/strong>, Ardu Kool<\/li>\n\n\n\n<li>II koht: <strong>Elina Kahar<\/strong>, R\u00f5uge P\u00f5hikool<\/li>\n\n\n\n<li>III koht:<strong> Elisa Laura<\/strong> Saaron, R\u00f5uge P\u00f5hikool<\/li>\n\n\n\n<li>IV koht: <strong>Disandra Karjus<\/strong>, Leie P\u00f5hikool<\/li>\n\n\n\n<li>V koht: <strong>Kreteli Sibul<\/strong>, Kauksi P\u00f5hikool<\/li>\n\n\n\n<li>VI koht: <strong>\u0410\u043d\u0433\u0435\u043b\u0438\u043d\u0430 \u041c\u0430\u043b\u044b\u0448\u0435\u0432\u0430<\/strong>, Narva Kesklinna G\u00fcmnaasium<\/li>\n<\/ul>\n\n\n\n<p><strong>Vanuser\u00fchm 7.-8. klass<\/strong><\/p>\n\n\n\n<ul class=\"wp-block-list\">\n<li>I koht: <strong>Anette Ama<\/strong>, Tartu Mart Reiniku Kool<\/li>\n\n\n\n<li>II koht: <strong>Laure Kiivit<\/strong>, Tartu Mart Reiniku Kool<\/li>\n\n\n\n<li>III koht: <strong>Eliise Allik<\/strong>, Ardu Kool<\/li>\n\n\n\n<li>IV koht: <strong>Ingela Uussalu<\/strong>, Are Kool<\/li>\n\n\n\n<li>V koht: <strong>Karol Patrael<\/strong>, Kanepi G\u00fcmnaasium<\/li>\n<\/ul>\n\n\n\n<p><strong>Vanuser\u00fchm 9.-10. klass<\/strong><\/p>\n\n\n\n<ul class=\"wp-block-list\">\n<li>I koht: <strong>Lee Ann Madissoon<\/strong>, Tallinna Inglise Kolled\u017e<\/li>\n\n\n\n<li>II koht: <strong>Stella-Nataly Trahv<\/strong>, Tartu Tamme G\u00fcmnaasium<\/li>\n\n\n\n<li>III koht: <strong>Keiti Lass<\/strong>, Leie P\u00f5hikool<\/li>\n\n\n\n<li>IV koht: <strong>Kadri Ligi<\/strong>, Orissaare G\u00fcmnaasium<\/li>\n\n\n\n<li>V koht: <strong>Georg Elias Humal<\/strong>, Hugo Treffneri G\u00fcmnaasium<\/li>\n<\/ul>\n\n\n\n<p><strong>Vanuser\u00fchm 11.-12. klass<\/strong><\/p>\n\n\n\n<ul class=\"wp-block-list\">\n<li>I koht: <strong>Mirjam-Meerit Mets<\/strong>, Miina H\u00e4rma G\u00fcmnaasium<\/li>\n\n\n\n<li>II koht: <strong>Annarita Asavi<\/strong>, Tallinna N\u00f5mme G\u00fcmnaasium<\/li>\n\n\n\n<li>III koht: <strong>Birgit Paju<\/strong>, M\u00e4rjamaa G\u00fcmnaasium<\/li>\n\n\n\n<li>IV koht: <strong>Kristella K\u00fcttim<\/strong>, Hiiumaa G\u00fcmnaasium<\/li>\n\n\n\n<li>V koht: <strong>Joosep Lukats<\/strong>, Kanepi G\u00fcmnaasium<\/li>\n<\/ul>\n\n\n\n<p><strong>Eripreemiad<\/strong><\/p>\n\n\n\n<ul class=\"wp-block-list\">\n<li>IT stiililahenduse eripreemia: <strong>Andreas Teder<\/strong>, Hugo Treffneri G\u00fcmnaasium<\/li>\n\n\n\n<li>Lisamaterjali ja stiilipreemia: <strong>Arabella Antons<\/strong>, Tartu Mart Reiniku Kool<\/li>\n\n\n\n<li>Parim vastuankeet paberil: <strong>Marie Kurs<\/strong>, Tartu Waldorfg\u00fcmnaasium<\/li>\n\n\n\n<li>Humoori eripreemia: <strong>Miia Sass<\/strong>, Leie P\u00f5hikool<\/li>\n\n\n\n<li>Vaba aja teemapreemia: <strong>Angela Puur<\/strong>, Tartu Tamme G\u00fcmnaasium<\/li>\n\n\n\n<li>Uskumuste teemapreemia: <strong>Kristin T\u00f5nisson<\/strong>, Tartu Mart Reiniku kool<\/li>\n\n\n\n<li>T\u00e4htp\u00e4evade teemapreemia: <strong>Joosep Toom<\/strong>, V\u00e4rska G\u00fcmnaasium<\/li>\n\n\n\n<li>M\u00e4ngude teemapreemia: <strong>Triin J\u00e4rv<\/strong>, August Kitzberg nim. G\u00fcmnaasium<\/li>\n<\/ul>\n\n\n\n<p><strong>Parim kool\/klass preemia<\/strong>:<\/p>\n\n\n\n<p><strong>Ardu Kool<\/strong> (auhinnaks terve klassiga vabalt valitud etendusele Rahvusooper Estonias)<\/p>\n\n\n\n<p><strong>Eriline t\u00e4nu koost\u00f6\u00f6 eest \u00f5petajatele<\/strong>:<\/p>\n\n\n\n<ul class=\"wp-block-list\">\n<li><strong>Kristiina Punga<\/strong>, Hugo Treffneri G\u00fcmnaasium<\/li>\n\n\n\n<li><strong>Tiiu L\u00f5oke<\/strong>, Ardu Kool<\/li>\n\n\n\n<li><strong>Liisa Koik<\/strong>, L\u00e4hte \u00dchisg\u00fcmnaasium<\/li>\n\n\n\n<li><strong>Celia Arras<\/strong>, R\u00f5ngu Keskkool<\/li>\n\n\n\n<li><strong>Rutt Viljaste<\/strong>, R\u00f5ngu Keskkool<\/li>\n<\/ul>\n\n\n\n<p><strong>Suure t\u00f6\u00f6 materjalide lugemisel tegi \u00e4ra \u017e\u00fcrii:<\/strong><\/p>\n\n\n\n<ul class=\"wp-block-list\">\n<li><strong>Reet Hiiem\u00e4e<\/strong>, Eesti Kirjandusmuuseumi folkloristika osakond, Koolip\u00e4rimus 2018 projektijuht<\/li>\n\n\n\n<li><strong>Mare K\u00f5iva<\/strong>, Eesti Kirjandusmuuseumi folkloristika osakond, Eesti-uuringute Tippkeskus<\/li>\n\n\n\n<li><strong>Astrid Tuisk<\/strong>, Eesti Kirjandusmuuseumi Eesti Rahvaluule Arhiiv<\/li>\n\n\n\n<li><strong>Maili Pilt<\/strong>, Tartu \u00dclikooli Eesti ja v\u00f5rdleva rahvaluule osakond<\/li>\n\n\n\n<li><strong>Gerda Metsallik<\/strong>, Hugo Treffneri G\u00fcmnaasium<\/li>\n\n\n\n<li><strong>Katrina Karo<\/strong>, Hugo Treffneri G\u00fcmnaasium<\/li>\n<\/ul>\n\n\n\n<figure class=\"wp-block-image size-full\"><img loading=\"lazy\" decoding=\"async\" width=\"1384\" height=\"905\" src=\"http:\/\/localhost\/kooliparimus\/wp-content\/uploads\/2023\/06\/grupipilt.jpg\" alt=\"\" class=\"wp-image-227\" srcset=\"https:\/\/folklore.ee\/kooliparimus\/wp-content\/uploads\/2023\/06\/grupipilt.jpg 1384w, https:\/\/folklore.ee\/kooliparimus\/wp-content\/uploads\/2023\/06\/grupipilt-300x196.jpg 300w, https:\/\/folklore.ee\/kooliparimus\/wp-content\/uploads\/2023\/06\/grupipilt-1024x670.jpg 1024w, https:\/\/folklore.ee\/kooliparimus\/wp-content\/uploads\/2023\/06\/grupipilt-768x502.jpg 768w\" sizes=\"auto, (max-width: 1384px) 100vw, 1384px\" \/><\/figure>\n\n\n\n<p><strong>T\u00e4name toetuse eest!<\/strong><br>Hasartm\u00e4ngumaksu n\u00f5ukogu, Euroopa Kultuurip\u00e4randi aasta 2018, rahvusooper Estonia, Maris Gilden, Euronics, kohvik Saialill, Apollo, teater Vanemuine, Eesti meremuuseum, Lennusadam, Teatri- ja Muusikamuuseum, Viiking Spaa hotell, Estonia Spaa, Megazone, teaduskeskus AHHAA ja teised.<\/p>\n","protected":false},"excerpt":{"rendered":"<p>Koolip\u00e4rimus 2018 t\u00e4nu\u00fcritus 27. septembril 2018 kell 14.00 Eesti Kirjandusmuuseumis T\u00e4nu\u00fcrituse kava: Tublimad vastajad: Vanuser\u00fchm kuni 4. klass Vanuser\u00fchm kuni 5-6. klass Vanuser\u00fchm 7.-8. klass Vanuser\u00fchm 9.-10. klass Vanuser\u00fchm 11.-12. klass Eripreemiad Parim kool\/klass preemia: Ardu Kool (auhinnaks terve klassiga vabalt valitud etendusele Rahvusooper Estonias) Eriline t\u00e4nu koost\u00f6\u00f6 eest \u00f5petajatele: Suure t\u00f6\u00f6 materjalide lugemisel tegi [&hellip;]<\/p>\n","protected":false},"author":1,"featured_media":12,"parent":87,"menu_order":0,"comment_status":"closed","ping_status":"closed","template":"","meta":{"footnotes":""},"class_list":["post-157","page","type-page","status-publish","has-post-thumbnail","hentry"],"yoast_head":"<!-- This site is optimized with the Yoast SEO plugin v23.7 - https:\/\/yoast.com\/wordpress\/plugins\/seo\/ -->\n<title>Koolip\u00e4rimus 2018 t\u00e4nu\u00fcritus - Koolip\u00e4rimus<\/title>\n<meta name=\"robots\" content=\"index, follow, max-snippet:-1, max-image-preview:large, max-video-preview:-1\" \/>\n<link rel=\"canonical\" href=\"https:\/\/folklore.ee\/kooliparimus\/kp\/kooliparimus-2018\/osalejad\/tanuuritus\/\" \/>\n<meta property=\"og:locale\" content=\"en_US\" \/>\n<meta property=\"og:type\" content=\"article\" \/>\n<meta property=\"og:title\" content=\"Koolip\u00e4rimus 2018 t\u00e4nu\u00fcritus - Koolip\u00e4rimus\" \/>\n<meta property=\"og:description\" content=\"Koolip\u00e4rimus 2018 t\u00e4nu\u00fcritus 27. septembril 2018 kell 14.00 Eesti Kirjandusmuuseumis T\u00e4nu\u00fcrituse kava: Tublimad vastajad: Vanuser\u00fchm kuni 4. klass Vanuser\u00fchm kuni 5-6. klass Vanuser\u00fchm 7.-8. klass Vanuser\u00fchm 9.-10. klass Vanuser\u00fchm 11.-12. klass Eripreemiad Parim kool\/klass preemia: Ardu Kool (auhinnaks terve klassiga vabalt valitud etendusele Rahvusooper Estonias) Eriline t\u00e4nu koost\u00f6\u00f6 eest \u00f5petajatele: Suure t\u00f6\u00f6 materjalide lugemisel tegi [&hellip;]\" \/>\n<meta property=\"og:url\" content=\"https:\/\/folklore.ee\/kooliparimus\/kp\/kooliparimus-2018\/osalejad\/tanuuritus\/\" \/>\n<meta property=\"og:site_name\" content=\"Koolip\u00e4rimus\" \/>\n<meta property=\"article:publisher\" content=\"https:\/\/www.facebook.com\/kirjandusmuuseum\" \/>\n<meta property=\"article:modified_time\" content=\"2025-03-03T06:17:21+00:00\" \/>\n<meta property=\"og:image\" content=\"https:\/\/folklore.ee\/kooliparimus\/wp-content\/uploads\/2023\/05\/kaanepilt.jpg\" \/>\n\t<meta property=\"og:image:width\" content=\"2200\" \/>\n\t<meta property=\"og:image:height\" content=\"306\" \/>\n\t<meta property=\"og:image:type\" content=\"image\/jpeg\" \/>\n<meta name=\"twitter:card\" content=\"summary_large_image\" \/>\n<meta name=\"twitter:label1\" content=\"Est. reading time\" \/>\n\t<meta name=\"twitter:data1\" content=\"3 minutes\" \/>\n<script type=\"application\/ld+json\" class=\"yoast-schema-graph\">{\"@context\":\"https:\/\/schema.org\",\"@graph\":[{\"@type\":\"WebPage\",\"@id\":\"https:\/\/folklore.ee\/kooliparimus\/kp\/kooliparimus-2018\/osalejad\/tanuuritus\/\",\"url\":\"https:\/\/folklore.ee\/kooliparimus\/kp\/kooliparimus-2018\/osalejad\/tanuuritus\/\",\"name\":\"Koolip\u00e4rimus 2018 t\u00e4nu\u00fcritus - Koolip\u00e4rimus\",\"isPartOf\":{\"@id\":\"https:\/\/folklore.ee\/kooliparimus\/#website\"},\"primaryImageOfPage\":{\"@id\":\"https:\/\/folklore.ee\/kooliparimus\/kp\/kooliparimus-2018\/osalejad\/tanuuritus\/#primaryimage\"},\"image\":{\"@id\":\"https:\/\/folklore.ee\/kooliparimus\/kp\/kooliparimus-2018\/osalejad\/tanuuritus\/#primaryimage\"},\"thumbnailUrl\":\"https:\/\/folklore.ee\/kooliparimus\/wp-content\/uploads\/2023\/05\/kaanepilt.jpg\",\"datePublished\":\"2023-06-01T15:53:12+00:00\",\"dateModified\":\"2025-03-03T06:17:21+00:00\",\"breadcrumb\":{\"@id\":\"https:\/\/folklore.ee\/kooliparimus\/kp\/kooliparimus-2018\/osalejad\/tanuuritus\/#breadcrumb\"},\"inLanguage\":\"en-US\",\"potentialAction\":[{\"@type\":\"ReadAction\",\"target\":[\"https:\/\/folklore.ee\/kooliparimus\/kp\/kooliparimus-2018\/osalejad\/tanuuritus\/\"]}]},{\"@type\":\"ImageObject\",\"inLanguage\":\"en-US\",\"@id\":\"https:\/\/folklore.ee\/kooliparimus\/kp\/kooliparimus-2018\/osalejad\/tanuuritus\/#primaryimage\",\"url\":\"https:\/\/folklore.ee\/kooliparimus\/wp-content\/uploads\/2023\/05\/kaanepilt.jpg\",\"contentUrl\":\"https:\/\/folklore.ee\/kooliparimus\/wp-content\/uploads\/2023\/05\/kaanepilt.jpg\",\"width\":2200,\"height\":306},{\"@type\":\"BreadcrumbList\",\"@id\":\"https:\/\/folklore.ee\/kooliparimus\/kp\/kooliparimus-2018\/osalejad\/tanuuritus\/#breadcrumb\",\"itemListElement\":[{\"@type\":\"ListItem\",\"position\":1,\"name\":\"Home\",\"item\":\"https:\/\/folklore.ee\/kooliparimus\/\"},{\"@type\":\"ListItem\",\"position\":2,\"name\":\"Koolip\u00e4rimus\",\"item\":\"https:\/\/folklore.ee\/kooliparimus\/kp\/\"},{\"@type\":\"ListItem\",\"position\":3,\"name\":\"Koolip\u00e4rimus 2018\",\"item\":\"https:\/\/folklore.ee\/kooliparimus\/kp\/kooliparimus-2018\/\"},{\"@type\":\"ListItem\",\"position\":4,\"name\":\"Koolip\u00e4rimus 2018 osalejad\",\"item\":\"https:\/\/folklore.ee\/kooliparimus\/kp\/kooliparimus-2018\/osalejad\/\"},{\"@type\":\"ListItem\",\"position\":5,\"name\":\"Koolip\u00e4rimus 2018 t\u00e4nu\u00fcritus\"}]},{\"@type\":\"WebSite\",\"@id\":\"https:\/\/folklore.ee\/kooliparimus\/#website\",\"url\":\"https:\/\/folklore.ee\/kooliparimus\/\",\"name\":\"Koolip\u00e4rimus\",\"description\":\"Eesti Kirjandusmuuseumi kogumisp\u00e4rimuse veebikeskkond.\",\"potentialAction\":[{\"@type\":\"SearchAction\",\"target\":{\"@type\":\"EntryPoint\",\"urlTemplate\":\"https:\/\/folklore.ee\/kooliparimus\/?s={search_term_string}\"},\"query-input\":{\"@type\":\"PropertyValueSpecification\",\"valueRequired\":true,\"valueName\":\"search_term_string\"}}],\"inLanguage\":\"en-US\"}]}<\/script>\n<!-- \/ Yoast SEO plugin. -->","yoast_head_json":{"title":"Koolip\u00e4rimus 2018 t\u00e4nu\u00fcritus - Koolip\u00e4rimus","robots":{"index":"index","follow":"follow","max-snippet":"max-snippet:-1","max-image-preview":"max-image-preview:large","max-video-preview":"max-video-preview:-1"},"canonical":"https:\/\/folklore.ee\/kooliparimus\/kp\/kooliparimus-2018\/osalejad\/tanuuritus\/","og_locale":"en_US","og_type":"article","og_title":"Koolip\u00e4rimus 2018 t\u00e4nu\u00fcritus - Koolip\u00e4rimus","og_description":"Koolip\u00e4rimus 2018 t\u00e4nu\u00fcritus 27. septembril 2018 kell 14.00 Eesti Kirjandusmuuseumis T\u00e4nu\u00fcrituse kava: Tublimad vastajad: Vanuser\u00fchm kuni 4. klass Vanuser\u00fchm kuni 5-6. klass Vanuser\u00fchm 7.-8. klass Vanuser\u00fchm 9.-10. klass Vanuser\u00fchm 11.-12. klass Eripreemiad Parim kool\/klass preemia: Ardu Kool (auhinnaks terve klassiga vabalt valitud etendusele Rahvusooper Estonias) Eriline t\u00e4nu koost\u00f6\u00f6 eest \u00f5petajatele: Suure t\u00f6\u00f6 materjalide lugemisel tegi [&hellip;]","og_url":"https:\/\/folklore.ee\/kooliparimus\/kp\/kooliparimus-2018\/osalejad\/tanuuritus\/","og_site_name":"Koolip\u00e4rimus","article_publisher":"https:\/\/www.facebook.com\/kirjandusmuuseum","article_modified_time":"2025-03-03T06:17:21+00:00","og_image":[{"width":2200,"height":306,"url":"https:\/\/folklore.ee\/kooliparimus\/wp-content\/uploads\/2023\/05\/kaanepilt.jpg","type":"image\/jpeg"}],"twitter_card":"summary_large_image","twitter_misc":{"Est. reading time":"3 minutes"},"schema":{"@context":"https:\/\/schema.org","@graph":[{"@type":"WebPage","@id":"https:\/\/folklore.ee\/kooliparimus\/kp\/kooliparimus-2018\/osalejad\/tanuuritus\/","url":"https:\/\/folklore.ee\/kooliparimus\/kp\/kooliparimus-2018\/osalejad\/tanuuritus\/","name":"Koolip\u00e4rimus 2018 t\u00e4nu\u00fcritus - Koolip\u00e4rimus","isPartOf":{"@id":"https:\/\/folklore.ee\/kooliparimus\/#website"},"primaryImageOfPage":{"@id":"https:\/\/folklore.ee\/kooliparimus\/kp\/kooliparimus-2018\/osalejad\/tanuuritus\/#primaryimage"},"image":{"@id":"https:\/\/folklore.ee\/kooliparimus\/kp\/kooliparimus-2018\/osalejad\/tanuuritus\/#primaryimage"},"thumbnailUrl":"https:\/\/folklore.ee\/kooliparimus\/wp-content\/uploads\/2023\/05\/kaanepilt.jpg","datePublished":"2023-06-01T15:53:12+00:00","dateModified":"2025-03-03T06:17:21+00:00","breadcrumb":{"@id":"https:\/\/folklore.ee\/kooliparimus\/kp\/kooliparimus-2018\/osalejad\/tanuuritus\/#breadcrumb"},"inLanguage":"en-US","potentialAction":[{"@type":"ReadAction","target":["https:\/\/folklore.ee\/kooliparimus\/kp\/kooliparimus-2018\/osalejad\/tanuuritus\/"]}]},{"@type":"ImageObject","inLanguage":"en-US","@id":"https:\/\/folklore.ee\/kooliparimus\/kp\/kooliparimus-2018\/osalejad\/tanuuritus\/#primaryimage","url":"https:\/\/folklore.ee\/kooliparimus\/wp-content\/uploads\/2023\/05\/kaanepilt.jpg","contentUrl":"https:\/\/folklore.ee\/kooliparimus\/wp-content\/uploads\/2023\/05\/kaanepilt.jpg","width":2200,"height":306},{"@type":"BreadcrumbList","@id":"https:\/\/folklore.ee\/kooliparimus\/kp\/kooliparimus-2018\/osalejad\/tanuuritus\/#breadcrumb","itemListElement":[{"@type":"ListItem","position":1,"name":"Home","item":"https:\/\/folklore.ee\/kooliparimus\/"},{"@type":"ListItem","position":2,"name":"Koolip\u00e4rimus","item":"https:\/\/folklore.ee\/kooliparimus\/kp\/"},{"@type":"ListItem","position":3,"name":"Koolip\u00e4rimus 2018","item":"https:\/\/folklore.ee\/kooliparimus\/kp\/kooliparimus-2018\/"},{"@type":"ListItem","position":4,"name":"Koolip\u00e4rimus 2018 osalejad","item":"https:\/\/folklore.ee\/kooliparimus\/kp\/kooliparimus-2018\/osalejad\/"},{"@type":"ListItem","position":5,"name":"Koolip\u00e4rimus 2018 t\u00e4nu\u00fcritus"}]},{"@type":"WebSite","@id":"https:\/\/folklore.ee\/kooliparimus\/#website","url":"https:\/\/folklore.ee\/kooliparimus\/","name":"Koolip\u00e4rimus","description":"Eesti Kirjandusmuuseumi kogumisp\u00e4rimuse veebikeskkond.","potentialAction":[{"@type":"SearchAction","target":{"@type":"EntryPoint","urlTemplate":"https:\/\/folklore.ee\/kooliparimus\/?s={search_term_string}"},"query-input":{"@type":"PropertyValueSpecification","valueRequired":true,"valueName":"search_term_string"}}],"inLanguage":"en-US"}]}},"_links":{"self":[{"href":"https:\/\/folklore.ee\/kooliparimus\/wp-json\/wp\/v2\/pages\/157","targetHints":{"allow":["GET"]}}],"collection":[{"href":"https:\/\/folklore.ee\/kooliparimus\/wp-json\/wp\/v2\/pages"}],"about":[{"href":"https:\/\/folklore.ee\/kooliparimus\/wp-json\/wp\/v2\/types\/page"}],"author":[{"embeddable":true,"href":"https:\/\/folklore.ee\/kooliparimus\/wp-json\/wp\/v2\/users\/1"}],"replies":[{"embeddable":true,"href":"https:\/\/folklore.ee\/kooliparimus\/wp-json\/wp\/v2\/comments?post=157"}],"version-history":[{"count":7,"href":"https:\/\/folklore.ee\/kooliparimus\/wp-json\/wp\/v2\/pages\/157\/revisions"}],"predecessor-version":[{"id":835,"href":"https:\/\/folklore.ee\/kooliparimus\/wp-json\/wp\/v2\/pages\/157\/revisions\/835"}],"up":[{"embeddable":true,"href":"https:\/\/folklore.ee\/kooliparimus\/wp-json\/wp\/v2\/pages\/87"}],"wp:featuredmedia":[{"embeddable":true,"href":"https:\/\/folklore.ee\/kooliparimus\/wp-json\/wp\/v2\/media\/12"}],"wp:attachment":[{"href":"https:\/\/folklore.ee\/kooliparimus\/wp-json\/wp\/v2\/media?parent=157"}],"curies":[{"name":"wp","href":"https:\/\/api.w.org\/{rel}","templated":true}]}}