{"id":20,"date":"2023-05-11T09:45:02","date_gmt":"2023-05-11T09:45:02","guid":{"rendered":"https:\/\/folklore.ee\/kooliparimus\/?page_id=20"},"modified":"2024-09-12T14:55:12","modified_gmt":"2024-09-12T14:55:12","slug":"avaleht","status":"publish","type":"page","link":"https:\/\/folklore.ee\/kooliparimus\/","title":{"rendered":"Avaleht"},"content":{"rendered":"\n<p><strong>Aastail 2022 ja 2023 ootame osalema ja meenutama oma kogemusi mitmel erineval teemal.<\/strong><\/p>\n\n\n\n<p>Soovime koos teiega alustada loomanimedest ja suhtetest nende ja \u00fcmbritseva keskkonnaga ja liikuda siis m\u00f5ne n\u00e4dala p\u00e4rast j\u00e4rgmise teema juurde. Vastata soovitame veebi kaudu. Muidugi v\u00f5ib vastused kirja panna ja saata nad emailiga v\u00f5i posti teel. J\u00e4rgmise teemana on meil palve v\u00f5tta vastamisele t\u00e4histamine ja rituaalse aasta olulised t\u00e4htp\u00e4evad selle j\u00e4rel liikuda muude kogemuste juurde.<\/p>\n\n\n\n<p>Soovitame vastata veebis,. Muidugi v\u00f5ib neid ka meiliga saata v\u00f5i kirjutised posti panna, kuid igal juhul soovitame k\u00fcsimusi orientiirina silmas pidada. Iga periood on unikaalne. Kogume andmeid, et vaadata, missugused muutused on toimunud v\u00f5rreldes aastaga 2018 ja kui palju see erineb olukorrast aastal 1922 kui selliseid andmeid esimest korda koguti.<\/p>\n\n\n\n<p>Seekordse k\u00fcsitluse kaugem eesm\u00e4rk eesti ja teiste rahvusr\u00fchmade v\u00f5rdlev k\u00fcsitlemine.<\/p>\n\n\n\n<p>Teie sisestatud isikuandmed on n\u00e4htavad vaid teadusarhiivis, avalikult neid ei kuvata ja teie n\u00f5usolekuta ei avaldata.<\/p>\n\n\n\n<div class=\"wp-block-columns is-layout-flex wp-container-core-columns-is-layout-9d6595d7 wp-block-columns-is-layout-flex\">\n<div class=\"wp-block-column is-layout-flow wp-block-column-is-layout-flow\" style=\"flex-basis:66.66%\">\n<p><strong>Parimate soovidega ja huviga vastuseid oodates<br><\/strong>EKM folkloristika osakond ja koolip\u00e4rimuse t\u00f6\u00f6r\u00fchm<\/p>\n\n\n\n<p><strong>NB!<\/strong> Parimatele on varutud auhinnad!<\/p>\n<\/div>\n\n\n\n<div class=\"wp-block-column is-layout-flow wp-block-column-is-layout-flow\" style=\"flex-basis:33.33%\">\n<figure class=\"wp-block-image size-full is-resized\"><img loading=\"lazy\" decoding=\"async\" width=\"360\" height=\"200\" src=\"http:\/\/localhost\/kooliparimus\/wp-content\/uploads\/2023\/05\/koduloomad.png\" alt=\"Illustratsioon koduloomadest - kaks kassi ja kaks koera.\" class=\"wp-image-26\" style=\"width:208px;height:115px\" srcset=\"https:\/\/folklore.ee\/kooliparimus\/wp-content\/uploads\/2023\/05\/koduloomad.png 360w, https:\/\/folklore.ee\/kooliparimus\/wp-content\/uploads\/2023\/05\/koduloomad-300x167.png 300w\" sizes=\"auto, (max-width: 360px) 100vw, 360px\" \/><\/figure>\n<\/div>\n<\/div>\n\n\n\n<p>Kogumist\u00f6\u00f6d toetavad <strong>Eesti Kirjandusmuuseumi folkloristika osakond<\/strong> ja <strong>Eesti-uuringute Tippkeskus<\/strong>, Koolip\u00e4rimuse t\u00f6\u00f6r\u00fchm. Virumaa kogumist\u00f6\u00f6d toetas <strong>Eesti Rahvakultuuri Keskus<\/strong><\/p>\n\n\n\n<div style=\"height:70px\" aria-hidden=\"true\" class=\"wp-block-spacer\"><\/div>\n\n\n\n<p>2024 veebiarendus ja disain Ilona Kolossova<\/p>\n","protected":false},"excerpt":{"rendered":"<p>Aastail 2022 ja 2023 ootame osalema ja meenutama oma kogemusi mitmel erineval teemal. Soovime koos teiega alustada loomanimedest ja suhtetest nende ja \u00fcmbritseva keskkonnaga ja liikuda siis m\u00f5ne n\u00e4dala p\u00e4rast j\u00e4rgmise teema juurde. Vastata soovitame veebi kaudu. Muidugi v\u00f5ib vastused kirja panna ja saata nad emailiga v\u00f5i posti teel. J\u00e4rgmise teemana on meil palve v\u00f5tta [&hellip;]<\/p>\n","protected":false},"author":1,"featured_media":12,"parent":0,"menu_order":0,"comment_status":"closed","ping_status":"closed","template":"","meta":{"footnotes":""},"class_list":["post-20","page","type-page","status-publish","has-post-thumbnail","hentry"],"yoast_head":"<!-- This site is optimized with the Yoast SEO plugin v23.7 - https:\/\/yoast.com\/wordpress\/plugins\/seo\/ -->\n<title>Avaleht - Koolip\u00e4rimus<\/title>\n<meta name=\"robots\" content=\"index, follow, max-snippet:-1, max-image-preview:large, max-video-preview:-1\" \/>\n<link rel=\"canonical\" href=\"https:\/\/folklore.ee\/kooliparimus\/\" \/>\n<meta property=\"og:locale\" content=\"en_US\" \/>\n<meta property=\"og:type\" content=\"article\" \/>\n<meta property=\"og:title\" content=\"Avaleht - Koolip\u00e4rimus\" \/>\n<meta property=\"og:description\" content=\"Aastail 2022 ja 2023 ootame osalema ja meenutama oma kogemusi mitmel erineval teemal. Soovime koos teiega alustada loomanimedest ja suhtetest nende ja \u00fcmbritseva keskkonnaga ja liikuda siis m\u00f5ne n\u00e4dala p\u00e4rast j\u00e4rgmise teema juurde. Vastata soovitame veebi kaudu. Muidugi v\u00f5ib vastused kirja panna ja saata nad emailiga v\u00f5i posti teel. J\u00e4rgmise teemana on meil palve v\u00f5tta [&hellip;]\" \/>\n<meta property=\"og:url\" content=\"https:\/\/folklore.ee\/kooliparimus\/\" \/>\n<meta property=\"og:site_name\" content=\"Koolip\u00e4rimus\" \/>\n<meta property=\"article:publisher\" content=\"https:\/\/www.facebook.com\/kirjandusmuuseum\" \/>\n<meta property=\"article:modified_time\" content=\"2024-09-12T14:55:12+00:00\" \/>\n<meta property=\"og:image\" content=\"http:\/\/localhost\/kooliparimus\/wp-content\/uploads\/2023\/05\/kaanepilt.jpg\" \/>\n\t<meta property=\"og:image:width\" content=\"2200\" \/>\n\t<meta property=\"og:image:height\" content=\"306\" \/>\n\t<meta property=\"og:image:type\" content=\"image\/jpeg\" \/>\n<meta name=\"twitter:card\" content=\"summary_large_image\" \/>\n<meta name=\"twitter:label1\" content=\"Est. reading time\" \/>\n\t<meta name=\"twitter:data1\" content=\"2 minutes\" \/>\n<script type=\"application\/ld+json\" class=\"yoast-schema-graph\">{\"@context\":\"https:\/\/schema.org\",\"@graph\":[{\"@type\":\"WebPage\",\"@id\":\"https:\/\/folklore.ee\/kooliparimus\/\",\"url\":\"https:\/\/folklore.ee\/kooliparimus\/\",\"name\":\"Avaleht - Koolip\u00e4rimus\",\"isPartOf\":{\"@id\":\"https:\/\/folklore.ee\/kooliparimus\/#website\"},\"primaryImageOfPage\":{\"@id\":\"https:\/\/folklore.ee\/kooliparimus\/#primaryimage\"},\"image\":{\"@id\":\"https:\/\/folklore.ee\/kooliparimus\/#primaryimage\"},\"thumbnailUrl\":\"https:\/\/folklore.ee\/kooliparimus\/wp-content\/uploads\/2023\/05\/kaanepilt.jpg\",\"datePublished\":\"2023-05-11T09:45:02+00:00\",\"dateModified\":\"2024-09-12T14:55:12+00:00\",\"breadcrumb\":{\"@id\":\"https:\/\/folklore.ee\/kooliparimus\/#breadcrumb\"},\"inLanguage\":\"en-US\",\"potentialAction\":[{\"@type\":\"ReadAction\",\"target\":[\"https:\/\/folklore.ee\/kooliparimus\/\"]}]},{\"@type\":\"ImageObject\",\"inLanguage\":\"en-US\",\"@id\":\"https:\/\/folklore.ee\/kooliparimus\/#primaryimage\",\"url\":\"https:\/\/folklore.ee\/kooliparimus\/wp-content\/uploads\/2023\/05\/kaanepilt.jpg\",\"contentUrl\":\"https:\/\/folklore.ee\/kooliparimus\/wp-content\/uploads\/2023\/05\/kaanepilt.jpg\",\"width\":2200,\"height\":306},{\"@type\":\"BreadcrumbList\",\"@id\":\"https:\/\/folklore.ee\/kooliparimus\/#breadcrumb\",\"itemListElement\":[{\"@type\":\"ListItem\",\"position\":1,\"name\":\"Home\",\"item\":\"https:\/\/folklore.ee\/kooliparimus\/\"},{\"@type\":\"ListItem\",\"position\":2,\"name\":\"Avaleht\"}]},{\"@type\":\"WebSite\",\"@id\":\"https:\/\/folklore.ee\/kooliparimus\/#website\",\"url\":\"https:\/\/folklore.ee\/kooliparimus\/\",\"name\":\"Koolip\u00e4rimus\",\"description\":\"Eesti Kirjandusmuuseumi kogumisp\u00e4rimuse veebikeskkond.\",\"potentialAction\":[{\"@type\":\"SearchAction\",\"target\":{\"@type\":\"EntryPoint\",\"urlTemplate\":\"https:\/\/folklore.ee\/kooliparimus\/?s={search_term_string}\"},\"query-input\":{\"@type\":\"PropertyValueSpecification\",\"valueRequired\":true,\"valueName\":\"search_term_string\"}}],\"inLanguage\":\"en-US\"}]}<\/script>\n<!-- \/ Yoast SEO plugin. -->","yoast_head_json":{"title":"Avaleht - Koolip\u00e4rimus","robots":{"index":"index","follow":"follow","max-snippet":"max-snippet:-1","max-image-preview":"max-image-preview:large","max-video-preview":"max-video-preview:-1"},"canonical":"https:\/\/folklore.ee\/kooliparimus\/","og_locale":"en_US","og_type":"article","og_title":"Avaleht - Koolip\u00e4rimus","og_description":"Aastail 2022 ja 2023 ootame osalema ja meenutama oma kogemusi mitmel erineval teemal. Soovime koos teiega alustada loomanimedest ja suhtetest nende ja \u00fcmbritseva keskkonnaga ja liikuda siis m\u00f5ne n\u00e4dala p\u00e4rast j\u00e4rgmise teema juurde. Vastata soovitame veebi kaudu. Muidugi v\u00f5ib vastused kirja panna ja saata nad emailiga v\u00f5i posti teel. J\u00e4rgmise teemana on meil palve v\u00f5tta [&hellip;]","og_url":"https:\/\/folklore.ee\/kooliparimus\/","og_site_name":"Koolip\u00e4rimus","article_publisher":"https:\/\/www.facebook.com\/kirjandusmuuseum","article_modified_time":"2024-09-12T14:55:12+00:00","og_image":[{"width":2200,"height":306,"url":"http:\/\/localhost\/kooliparimus\/wp-content\/uploads\/2023\/05\/kaanepilt.jpg","type":"image\/jpeg"}],"twitter_card":"summary_large_image","twitter_misc":{"Est. reading time":"2 minutes"},"schema":{"@context":"https:\/\/schema.org","@graph":[{"@type":"WebPage","@id":"https:\/\/folklore.ee\/kooliparimus\/","url":"https:\/\/folklore.ee\/kooliparimus\/","name":"Avaleht - Koolip\u00e4rimus","isPartOf":{"@id":"https:\/\/folklore.ee\/kooliparimus\/#website"},"primaryImageOfPage":{"@id":"https:\/\/folklore.ee\/kooliparimus\/#primaryimage"},"image":{"@id":"https:\/\/folklore.ee\/kooliparimus\/#primaryimage"},"thumbnailUrl":"https:\/\/folklore.ee\/kooliparimus\/wp-content\/uploads\/2023\/05\/kaanepilt.jpg","datePublished":"2023-05-11T09:45:02+00:00","dateModified":"2024-09-12T14:55:12+00:00","breadcrumb":{"@id":"https:\/\/folklore.ee\/kooliparimus\/#breadcrumb"},"inLanguage":"en-US","potentialAction":[{"@type":"ReadAction","target":["https:\/\/folklore.ee\/kooliparimus\/"]}]},{"@type":"ImageObject","inLanguage":"en-US","@id":"https:\/\/folklore.ee\/kooliparimus\/#primaryimage","url":"https:\/\/folklore.ee\/kooliparimus\/wp-content\/uploads\/2023\/05\/kaanepilt.jpg","contentUrl":"https:\/\/folklore.ee\/kooliparimus\/wp-content\/uploads\/2023\/05\/kaanepilt.jpg","width":2200,"height":306},{"@type":"BreadcrumbList","@id":"https:\/\/folklore.ee\/kooliparimus\/#breadcrumb","itemListElement":[{"@type":"ListItem","position":1,"name":"Home","item":"https:\/\/folklore.ee\/kooliparimus\/"},{"@type":"ListItem","position":2,"name":"Avaleht"}]},{"@type":"WebSite","@id":"https:\/\/folklore.ee\/kooliparimus\/#website","url":"https:\/\/folklore.ee\/kooliparimus\/","name":"Koolip\u00e4rimus","description":"Eesti Kirjandusmuuseumi kogumisp\u00e4rimuse veebikeskkond.","potentialAction":[{"@type":"SearchAction","target":{"@type":"EntryPoint","urlTemplate":"https:\/\/folklore.ee\/kooliparimus\/?s={search_term_string}"},"query-input":{"@type":"PropertyValueSpecification","valueRequired":true,"valueName":"search_term_string"}}],"inLanguage":"en-US"}]}},"_links":{"self":[{"href":"https:\/\/folklore.ee\/kooliparimus\/wp-json\/wp\/v2\/pages\/20","targetHints":{"allow":["GET"]}}],"collection":[{"href":"https:\/\/folklore.ee\/kooliparimus\/wp-json\/wp\/v2\/pages"}],"about":[{"href":"https:\/\/folklore.ee\/kooliparimus\/wp-json\/wp\/v2\/types\/page"}],"author":[{"embeddable":true,"href":"https:\/\/folklore.ee\/kooliparimus\/wp-json\/wp\/v2\/users\/1"}],"replies":[{"embeddable":true,"href":"https:\/\/folklore.ee\/kooliparimus\/wp-json\/wp\/v2\/comments?post=20"}],"version-history":[{"count":11,"href":"https:\/\/folklore.ee\/kooliparimus\/wp-json\/wp\/v2\/pages\/20\/revisions"}],"predecessor-version":[{"id":799,"href":"https:\/\/folklore.ee\/kooliparimus\/wp-json\/wp\/v2\/pages\/20\/revisions\/799"}],"wp:featuredmedia":[{"embeddable":true,"href":"https:\/\/folklore.ee\/kooliparimus\/wp-json\/wp\/v2\/media\/12"}],"wp:attachment":[{"href":"https:\/\/folklore.ee\/kooliparimus\/wp-json\/wp\/v2\/media?parent=20"}],"curies":[{"name":"wp","href":"https:\/\/api.w.org\/{rel}","templated":true}]}}