{"id":218,"date":"2023-06-02T07:09:01","date_gmt":"2023-06-02T07:09:01","guid":{"rendered":"https:\/\/folklore.ee\/kooliparimus\/?page_id=218"},"modified":"2023-06-02T09:44:04","modified_gmt":"2023-06-02T09:44:04","slug":"kooliparimus-2018","status":"publish","type":"page","link":"https:\/\/folklore.ee\/kooliparimus\/kp\/kooliparimus-2018\/","title":{"rendered":"Koolip\u00e4rimus 2018"},"content":{"rendered":"\n<p><strong>Koolip\u00e4rimuse kogumisaktsioon \u201eKoolip\u00e4rimus 2018\u201c<\/strong><\/p>\n\n\n\n<p>\u00dcle-eestiline koolip\u00e4rimuse kogumise p\u00f5hiaktsioon \u201eKoolip\u00e4rimus 2018\u201c toimus <strong>24. veebruarist 2018 kuni 24. maini 2018<\/strong>.<\/p>\n\n\n\n<p>Oktoobrist kuni detsembrini 2017 toimus koolip\u00e4rimuse kogumise v\u00f5istluse pilootprojekt, mis t\u00f5i kokku umbes 300 t\u00e4idetud vastuseankeeti kaheksa kooli \u00f5pilastelt. Need ettev\u00f5tmised on j\u00e4tkuks 1992. ja 2007. aastal l\u00e4bi viidud koolip\u00e4rimuse kogumisaktsioonidele. Kuna vahepealsete aastate jooksul on peale kasvanud uus p\u00f5lvkond noori, soovime materjalikogusid taas t\u00e4iendada ja ootame osalema 4.-12. klasside \u00f5pilasi (samuti kutsekoolide \u00f5pilasi) kogu Eestist. K\u00fcsitluskava saab t\u00e4ita nii eesti kui vene keeles.<\/p>\n\n\n\n<p>Koolip\u00e4rimuse \u00fcle-eestiline kogumisaktsioon \u201eKoolip\u00e4rimus 2018\u201c valiti ka \u00fcheks Euroopa kultuurip\u00e4randi aasta s\u00f5lms\u00fcndmuseks. Ettev\u00f5tmise patrooniks on Tartu linnakirjanik Mika Ker\u00e4nen. Aktsiooni p\u00f5hifaasis ootame lisaks k\u00fcsitluskava vastustele sisukaid \u00f5pilasuurimusi; laekunud materjal moodustab olulise baasi Eesti Uuringute tippkeskuse t\u00f6\u00f6tajate edasiseks uurimist\u00f6\u00f6ks. K\u00f5ikide vanuser\u00fchmade parimatele on ette n\u00e4htud auhinnad.<\/p>\n\n\n\n<div class=\"wp-block-columns is-layout-flex wp-container-core-columns-is-layout-9d6595d7 wp-block-columns-is-layout-flex\">\n<div class=\"wp-block-column is-layout-flow wp-block-column-is-layout-flow\">\n<div class=\"wp-block-columns is-layout-flex wp-container-core-columns-is-layout-9d6595d7 wp-block-columns-is-layout-flex\">\n<div class=\"wp-block-column is-layout-flow wp-block-column-is-layout-flow\">\n<div class=\"wp-block-buttons is-layout-flex wp-block-buttons-is-layout-flex\">\n<div class=\"wp-block-button\"><a class=\"wp-block-button__link wp-element-button\" href=\"\/kooliparimus\/kp\/kooliparimus-2018\/osalejad\/\">Osalejad<\/a><\/div>\n<\/div>\n<\/div>\n\n\n\n<div class=\"wp-block-column is-layout-flow wp-block-column-is-layout-flow\">\n<div class=\"wp-block-buttons is-layout-flex wp-block-buttons-is-layout-flex\">\n<div class=\"wp-block-button\"><a class=\"wp-block-button__link wp-element-button\" href=\"\/kooliparimus\/kp\/kooliparimus-2018\/osalejad\/tanuuritus\/\">V\u00f5itjad<\/a><\/div>\n<\/div>\n<\/div>\n<\/div>\n<\/div>\n\n\n\n<div class=\"wp-block-column is-layout-flow wp-block-column-is-layout-flow\">\n<div class=\"wp-block-columns is-layout-flex wp-container-core-columns-is-layout-9d6595d7 wp-block-columns-is-layout-flex\">\n<div class=\"wp-block-column is-layout-flow wp-block-column-is-layout-flow\">\n<div class=\"wp-block-buttons is-layout-flex wp-block-buttons-is-layout-flex\">\n<div class=\"wp-block-button\"><a class=\"wp-block-button__link wp-element-button\" href=\"\/kooliparimus\/kp\/kooliparimus-2018\/opetajale\/\">\u00d5petajale<\/a><\/div>\n<\/div>\n<\/div>\n\n\n\n<div class=\"wp-block-column is-layout-flow wp-block-column-is-layout-flow\">\n<div class=\"wp-block-buttons is-layout-flex wp-block-buttons-is-layout-flex\">\n<div class=\"wp-block-button\"><a class=\"wp-block-button__link wp-element-button\" href=\"\/kooliparimus\/wp-content\/uploads\/2023\/06\/kp_6s.pdf\" target=\"_blank\" rel=\"noreferrer noopener\">\u00d5petajakoolitus<\/a><\/div>\n<\/div>\n<\/div>\n<\/div>\n<\/div>\n<\/div>\n","protected":false},"excerpt":{"rendered":"<p>Koolip\u00e4rimuse kogumisaktsioon \u201eKoolip\u00e4rimus 2018\u201c \u00dcle-eestiline koolip\u00e4rimuse kogumise p\u00f5hiaktsioon \u201eKoolip\u00e4rimus 2018\u201c toimus 24. veebruarist 2018 kuni 24. maini 2018. Oktoobrist kuni detsembrini 2017 toimus koolip\u00e4rimuse kogumise v\u00f5istluse pilootprojekt, mis t\u00f5i kokku umbes 300 t\u00e4idetud vastuseankeeti kaheksa kooli \u00f5pilastelt. Need ettev\u00f5tmised on j\u00e4tkuks 1992. ja 2007. aastal l\u00e4bi viidud koolip\u00e4rimuse kogumisaktsioonidele. Kuna vahepealsete aastate jooksul on peale [&hellip;]<\/p>\n","protected":false},"author":1,"featured_media":12,"parent":11,"menu_order":0,"comment_status":"closed","ping_status":"closed","template":"","meta":{"footnotes":""},"class_list":["post-218","page","type-page","status-publish","has-post-thumbnail","hentry"],"yoast_head":"<!-- This site is optimized with the Yoast SEO plugin v23.7 - https:\/\/yoast.com\/wordpress\/plugins\/seo\/ -->\n<title>Koolip\u00e4rimus 2018 - Koolip\u00e4rimus<\/title>\n<meta name=\"robots\" content=\"index, follow, max-snippet:-1, max-image-preview:large, max-video-preview:-1\" \/>\n<link rel=\"canonical\" href=\"https:\/\/folklore.ee\/kooliparimus\/kp\/kooliparimus-2018\/\" \/>\n<meta property=\"og:locale\" content=\"en_US\" \/>\n<meta property=\"og:type\" content=\"article\" \/>\n<meta property=\"og:title\" content=\"Koolip\u00e4rimus 2018 - Koolip\u00e4rimus\" \/>\n<meta property=\"og:description\" content=\"Koolip\u00e4rimuse kogumisaktsioon \u201eKoolip\u00e4rimus 2018\u201c \u00dcle-eestiline koolip\u00e4rimuse kogumise p\u00f5hiaktsioon \u201eKoolip\u00e4rimus 2018\u201c toimus 24. veebruarist 2018 kuni 24. maini 2018. Oktoobrist kuni detsembrini 2017 toimus koolip\u00e4rimuse kogumise v\u00f5istluse pilootprojekt, mis t\u00f5i kokku umbes 300 t\u00e4idetud vastuseankeeti kaheksa kooli \u00f5pilastelt. Need ettev\u00f5tmised on j\u00e4tkuks 1992. ja 2007. aastal l\u00e4bi viidud koolip\u00e4rimuse kogumisaktsioonidele. Kuna vahepealsete aastate jooksul on peale [&hellip;]\" \/>\n<meta property=\"og:url\" content=\"https:\/\/folklore.ee\/kooliparimus\/kp\/kooliparimus-2018\/\" \/>\n<meta property=\"og:site_name\" content=\"Koolip\u00e4rimus\" \/>\n<meta property=\"article:publisher\" content=\"https:\/\/www.facebook.com\/kirjandusmuuseum\" \/>\n<meta property=\"article:modified_time\" content=\"2023-06-02T09:44:04+00:00\" \/>\n<meta property=\"og:image\" content=\"http:\/\/localhost\/kooliparimus\/wp-content\/uploads\/2023\/05\/kaanepilt.jpg\" \/>\n\t<meta property=\"og:image:width\" content=\"2200\" \/>\n\t<meta property=\"og:image:height\" content=\"306\" \/>\n\t<meta property=\"og:image:type\" content=\"image\/jpeg\" \/>\n<meta name=\"twitter:card\" content=\"summary_large_image\" \/>\n<meta name=\"twitter:label1\" content=\"Est. reading time\" \/>\n\t<meta name=\"twitter:data1\" content=\"1 minute\" \/>\n<script type=\"application\/ld+json\" class=\"yoast-schema-graph\">{\"@context\":\"https:\/\/schema.org\",\"@graph\":[{\"@type\":\"WebPage\",\"@id\":\"https:\/\/folklore.ee\/kooliparimus\/kp\/kooliparimus-2018\/\",\"url\":\"https:\/\/folklore.ee\/kooliparimus\/kp\/kooliparimus-2018\/\",\"name\":\"Koolip\u00e4rimus 2018 - Koolip\u00e4rimus\",\"isPartOf\":{\"@id\":\"https:\/\/folklore.ee\/kooliparimus\/#website\"},\"primaryImageOfPage\":{\"@id\":\"https:\/\/folklore.ee\/kooliparimus\/kp\/kooliparimus-2018\/#primaryimage\"},\"image\":{\"@id\":\"https:\/\/folklore.ee\/kooliparimus\/kp\/kooliparimus-2018\/#primaryimage\"},\"thumbnailUrl\":\"https:\/\/folklore.ee\/kooliparimus\/wp-content\/uploads\/2023\/05\/kaanepilt.jpg\",\"datePublished\":\"2023-06-02T07:09:01+00:00\",\"dateModified\":\"2023-06-02T09:44:04+00:00\",\"breadcrumb\":{\"@id\":\"https:\/\/folklore.ee\/kooliparimus\/kp\/kooliparimus-2018\/#breadcrumb\"},\"inLanguage\":\"en-US\",\"potentialAction\":[{\"@type\":\"ReadAction\",\"target\":[\"https:\/\/folklore.ee\/kooliparimus\/kp\/kooliparimus-2018\/\"]}]},{\"@type\":\"ImageObject\",\"inLanguage\":\"en-US\",\"@id\":\"https:\/\/folklore.ee\/kooliparimus\/kp\/kooliparimus-2018\/#primaryimage\",\"url\":\"https:\/\/folklore.ee\/kooliparimus\/wp-content\/uploads\/2023\/05\/kaanepilt.jpg\",\"contentUrl\":\"https:\/\/folklore.ee\/kooliparimus\/wp-content\/uploads\/2023\/05\/kaanepilt.jpg\",\"width\":2200,\"height\":306},{\"@type\":\"BreadcrumbList\",\"@id\":\"https:\/\/folklore.ee\/kooliparimus\/kp\/kooliparimus-2018\/#breadcrumb\",\"itemListElement\":[{\"@type\":\"ListItem\",\"position\":1,\"name\":\"Home\",\"item\":\"https:\/\/folklore.ee\/kooliparimus\/\"},{\"@type\":\"ListItem\",\"position\":2,\"name\":\"Koolip\u00e4rimus\",\"item\":\"https:\/\/folklore.ee\/kooliparimus\/kp\/\"},{\"@type\":\"ListItem\",\"position\":3,\"name\":\"Koolip\u00e4rimus 2018\"}]},{\"@type\":\"WebSite\",\"@id\":\"https:\/\/folklore.ee\/kooliparimus\/#website\",\"url\":\"https:\/\/folklore.ee\/kooliparimus\/\",\"name\":\"Koolip\u00e4rimus\",\"description\":\"Eesti Kirjandusmuuseumi kogumisp\u00e4rimuse veebikeskkond.\",\"potentialAction\":[{\"@type\":\"SearchAction\",\"target\":{\"@type\":\"EntryPoint\",\"urlTemplate\":\"https:\/\/folklore.ee\/kooliparimus\/?s={search_term_string}\"},\"query-input\":{\"@type\":\"PropertyValueSpecification\",\"valueRequired\":true,\"valueName\":\"search_term_string\"}}],\"inLanguage\":\"en-US\"}]}<\/script>\n<!-- \/ Yoast SEO plugin. -->","yoast_head_json":{"title":"Koolip\u00e4rimus 2018 - Koolip\u00e4rimus","robots":{"index":"index","follow":"follow","max-snippet":"max-snippet:-1","max-image-preview":"max-image-preview:large","max-video-preview":"max-video-preview:-1"},"canonical":"https:\/\/folklore.ee\/kooliparimus\/kp\/kooliparimus-2018\/","og_locale":"en_US","og_type":"article","og_title":"Koolip\u00e4rimus 2018 - Koolip\u00e4rimus","og_description":"Koolip\u00e4rimuse kogumisaktsioon \u201eKoolip\u00e4rimus 2018\u201c \u00dcle-eestiline koolip\u00e4rimuse kogumise p\u00f5hiaktsioon \u201eKoolip\u00e4rimus 2018\u201c toimus 24. veebruarist 2018 kuni 24. maini 2018. Oktoobrist kuni detsembrini 2017 toimus koolip\u00e4rimuse kogumise v\u00f5istluse pilootprojekt, mis t\u00f5i kokku umbes 300 t\u00e4idetud vastuseankeeti kaheksa kooli \u00f5pilastelt. Need ettev\u00f5tmised on j\u00e4tkuks 1992. ja 2007. aastal l\u00e4bi viidud koolip\u00e4rimuse kogumisaktsioonidele. Kuna vahepealsete aastate jooksul on peale [&hellip;]","og_url":"https:\/\/folklore.ee\/kooliparimus\/kp\/kooliparimus-2018\/","og_site_name":"Koolip\u00e4rimus","article_publisher":"https:\/\/www.facebook.com\/kirjandusmuuseum","article_modified_time":"2023-06-02T09:44:04+00:00","og_image":[{"width":2200,"height":306,"url":"http:\/\/localhost\/kooliparimus\/wp-content\/uploads\/2023\/05\/kaanepilt.jpg","type":"image\/jpeg"}],"twitter_card":"summary_large_image","twitter_misc":{"Est. reading time":"1 minute"},"schema":{"@context":"https:\/\/schema.org","@graph":[{"@type":"WebPage","@id":"https:\/\/folklore.ee\/kooliparimus\/kp\/kooliparimus-2018\/","url":"https:\/\/folklore.ee\/kooliparimus\/kp\/kooliparimus-2018\/","name":"Koolip\u00e4rimus 2018 - Koolip\u00e4rimus","isPartOf":{"@id":"https:\/\/folklore.ee\/kooliparimus\/#website"},"primaryImageOfPage":{"@id":"https:\/\/folklore.ee\/kooliparimus\/kp\/kooliparimus-2018\/#primaryimage"},"image":{"@id":"https:\/\/folklore.ee\/kooliparimus\/kp\/kooliparimus-2018\/#primaryimage"},"thumbnailUrl":"https:\/\/folklore.ee\/kooliparimus\/wp-content\/uploads\/2023\/05\/kaanepilt.jpg","datePublished":"2023-06-02T07:09:01+00:00","dateModified":"2023-06-02T09:44:04+00:00","breadcrumb":{"@id":"https:\/\/folklore.ee\/kooliparimus\/kp\/kooliparimus-2018\/#breadcrumb"},"inLanguage":"en-US","potentialAction":[{"@type":"ReadAction","target":["https:\/\/folklore.ee\/kooliparimus\/kp\/kooliparimus-2018\/"]}]},{"@type":"ImageObject","inLanguage":"en-US","@id":"https:\/\/folklore.ee\/kooliparimus\/kp\/kooliparimus-2018\/#primaryimage","url":"https:\/\/folklore.ee\/kooliparimus\/wp-content\/uploads\/2023\/05\/kaanepilt.jpg","contentUrl":"https:\/\/folklore.ee\/kooliparimus\/wp-content\/uploads\/2023\/05\/kaanepilt.jpg","width":2200,"height":306},{"@type":"BreadcrumbList","@id":"https:\/\/folklore.ee\/kooliparimus\/kp\/kooliparimus-2018\/#breadcrumb","itemListElement":[{"@type":"ListItem","position":1,"name":"Home","item":"https:\/\/folklore.ee\/kooliparimus\/"},{"@type":"ListItem","position":2,"name":"Koolip\u00e4rimus","item":"https:\/\/folklore.ee\/kooliparimus\/kp\/"},{"@type":"ListItem","position":3,"name":"Koolip\u00e4rimus 2018"}]},{"@type":"WebSite","@id":"https:\/\/folklore.ee\/kooliparimus\/#website","url":"https:\/\/folklore.ee\/kooliparimus\/","name":"Koolip\u00e4rimus","description":"Eesti Kirjandusmuuseumi kogumisp\u00e4rimuse veebikeskkond.","potentialAction":[{"@type":"SearchAction","target":{"@type":"EntryPoint","urlTemplate":"https:\/\/folklore.ee\/kooliparimus\/?s={search_term_string}"},"query-input":{"@type":"PropertyValueSpecification","valueRequired":true,"valueName":"search_term_string"}}],"inLanguage":"en-US"}]}},"_links":{"self":[{"href":"https:\/\/folklore.ee\/kooliparimus\/wp-json\/wp\/v2\/pages\/218","targetHints":{"allow":["GET"]}}],"collection":[{"href":"https:\/\/folklore.ee\/kooliparimus\/wp-json\/wp\/v2\/pages"}],"about":[{"href":"https:\/\/folklore.ee\/kooliparimus\/wp-json\/wp\/v2\/types\/page"}],"author":[{"embeddable":true,"href":"https:\/\/folklore.ee\/kooliparimus\/wp-json\/wp\/v2\/users\/1"}],"replies":[{"embeddable":true,"href":"https:\/\/folklore.ee\/kooliparimus\/wp-json\/wp\/v2\/comments?post=218"}],"version-history":[{"count":4,"href":"https:\/\/folklore.ee\/kooliparimus\/wp-json\/wp\/v2\/pages\/218\/revisions"}],"predecessor-version":[{"id":246,"href":"https:\/\/folklore.ee\/kooliparimus\/wp-json\/wp\/v2\/pages\/218\/revisions\/246"}],"up":[{"embeddable":true,"href":"https:\/\/folklore.ee\/kooliparimus\/wp-json\/wp\/v2\/pages\/11"}],"wp:featuredmedia":[{"embeddable":true,"href":"https:\/\/folklore.ee\/kooliparimus\/wp-json\/wp\/v2\/media\/12"}],"wp:attachment":[{"href":"https:\/\/folklore.ee\/kooliparimus\/wp-json\/wp\/v2\/media?parent=218"}],"curies":[{"name":"wp","href":"https:\/\/api.w.org\/{rel}","templated":true}]}}