{"id":247,"date":"2023-06-02T10:04:23","date_gmt":"2023-06-02T10:04:23","guid":{"rendered":"https:\/\/folklore.ee\/kooliparimus\/?page_id=247"},"modified":"2023-06-02T10:04:23","modified_gmt":"2023-06-02T10:04:23","slug":"pilootprojekt-2017","status":"publish","type":"page","link":"https:\/\/folklore.ee\/kooliparimus\/kp\/pilootprojekt-2017\/","title":{"rendered":"Pilootprojekt 2017"},"content":{"rendered":"\n<p class=\"has-text-align-center\">20. oktoobrist kuni 20. detsembrini 2017. aastal<br>Pilootprojektis osales \u00fcle 300 \u00f5pilase.<\/p>\n\n\n\n<ol class=\"wp-block-list\">\n<li><strong>Tutvustus<\/strong><\/li>\n<\/ol>\n\n\n\n<p>Koolip\u00e4rimuse kogumise v\u00f5istlus j\u00e4tkab traditsiooni, mille eesm\u00e4rk on saada iga k\u00fcmne aasta tagant \u00fclevaade Eesti \u00f5pilasp\u00e4rimusest.<\/p>\n\n\n\n<p>Ootame v\u00f5istlusel osalema 4.-12. klassi \u00f5pilasi. Osalemiseks vasta palun k\u00fcsitluskavas olevatele k\u00fcsimustele. V\u00f5imalusel saada vastused p\u00e4isesse lingitud elektroonilise vormi kaudu. V\u00f5imalik on saata vastused ka eraldi failina e-posti aadressil kp@folklore.ee v\u00f5i paberil (m\u00e4rks\u00f5naga \u201eKoolip\u00e4rimus\u201c varustatud vastuseid ootame aadressil Eesti Kirjandusmuuseum, Vanemuise 42, Tartu 51003). Enne vastama hakkamist pane palun kirja oma nimi, sugu, vanus, kool, klass, elukoht ja v\u00f5imalusel e-posti aadress. Paberil vastates j\u00e4ta lehe vasakust servast 3 cm vabaks. Keskendu eelk\u00f5ige nendele teemadele, mis sind huvitavad v\u00f5i millest rohkem tead. Lisa iga vastuse juurde k\u00fcsimuse number. V\u00e4ldi l\u00fchikesi jah-ei vastuseid ja mahakirjutusi raamatutest v\u00f5i s\u00f5pradelt.<\/p>\n\n\n\n<p>\u00d5pilastelt on sarnaste aktsioonide abil p\u00e4rimust kogutud alates 1920. aastatest. Sinu vastus aitab j\u00e4\u00e4dvustada ja uurida t\u00e4nap\u00e4eva noortep\u00e4rimust. Saadetud vastused s\u00e4ilitatakse Eesti Kirjandusmuuseumi kogudes.<\/p>\n\n\n\n<p><strong>Lisamaterjalid<\/strong><br>Teretulnud on illustreerivad lisamaterjalid: fotod, videod, helilindistused, kaustikud-salmikud (nt \u201eMinu s\u00f5brad\u201d) jm, samuti pikemad temaatilised uurimist\u00f6\u00f6d. Soovi korral tagastame p\u00e4rast kopeerimist originaali.<\/p>\n\n\n\n<p><strong>Auhinnad<\/strong><br>Vanuser\u00fchmade parimatele on ahvatlevad auhinnad (elektroonikapoe kinkekaardid, veekeskuste kinkekaardid, magusad \u00fcllatused). Parimaid teemavastajaid ootavad eripreemiad. Hindamisel arvestatakse t\u00f6\u00f6de kvaliteedi ja kvantiteedi suhet. Preemiad on ette n\u00e4htud ka aktiivsematele \u00f5petajatele.<\/p>\n\n\n\n<p>Juhendid kaast\u00f6\u00f6 vormistamiseks, k\u00fcsitluskavad leiate p\u00e4ises olevast men\u00fc\u00fcst.<\/p>\n\n\n\n<ol class=\"wp-block-list\" start=\"2\">\n<li><strong>Tulemuse esmane \u00fclevaade<\/strong><\/li>\n<\/ol>\n\n\n\n<p>\u00c4sja l\u00f5ppes \u00fcle ootuste edukalt Eesti Kirjandusmuuseumi folkloristika osakonna koolip\u00e4rimuse kogumise v\u00f5istluse pilootprojekt, mis kestis 20. oktoobrist 2017 kuni 20. detsembrini 2017. Sellega valmistasime ette \u00fcle-eestilist koolip\u00e4rimuse kogumise p\u00f5hiaktsiooni \u201eKoolip\u00e4rimus 2018\u201c, mis toimub 2018. aasta kevadtalvel \u2013 alates Eesti Vabariigi aastap\u00e4eval ehk 24. veebruarist 2018. Need ettev\u00f5tmised on j\u00e4tkuks 1992. ja 2007. aastal l\u00e4bi viidud koolip\u00e4rimuse kogumisaktsioonidele. Kuna vahepealsete aastate jooksul on peale kasvanud uus p\u00f5lvkond noori, soovisime materjalikogusid taas t\u00e4iendada ja ootasime osalema 4.\u201312. klasside \u00f5pilasi (samuti kutsekoolide \u00f5pilasi) kogu Eestist.<\/p>\n\n\n\n<p>Pilootprojekti eesm\u00e4rk oli v\u00e4lja selgitada k\u00fcsitluskava sobivus, kogumise veebirakenduse kasutuskindlus ning saada \u00fclevaade materjali sisust ja esitamise viisist. Pilootprojektis osales \u00fcle 300 \u00f5pilase, mis on oodatust oluliselt enam. Laekunud vastuste hulgas on kirjeldusi lastem\u00e4ngudest, huumorist, usundilistest t\u00f5ekspidamistest, t\u00e4htp\u00e4evade t\u00e4histamisest, laste ja noorte t\u00e4nap\u00e4evastest hirmudest jms. Kokku laekus materjali kaheksa kooli \u00f5pilastelt, nendest k\u00f5ige aktiivsemad olid R\u00f5ngu keskkool ja Are p\u00f5hikool, kuid samuti paistsid silma Orissaare g\u00fcmnaasium ja Vaimastvere p\u00f5hikool.<\/p>\n\n\n\n<p>Koolip\u00e4rimuse \u00fcle-eestiline kogumisaktsioon valiti ka \u00fcheks Euroopa kultuurip\u00e4randi aasta s\u00f5lms\u00fcndmuseks. Aktsiooni p\u00f5hifaasis ootame lisaks k\u00fcsitluskava vastustele sisukaid \u00f5pilasuurimusi; laekunud materjal moodustab olulise baasi Eesti Uuringute tippkeskuse t\u00f6\u00f6tajate edasiseks uurimist\u00f6\u00f6ks.<\/p>\n\n\n\n<p><strong>Korraldaja<\/strong><br>V\u00f5istluse korraldajaks on Eesti Kirjandusmuuseumi folkloristika osakond<\/p>\n","protected":false},"excerpt":{"rendered":"<p>20. oktoobrist kuni 20. detsembrini 2017. aastalPilootprojektis osales \u00fcle 300 \u00f5pilase. Koolip\u00e4rimuse kogumise v\u00f5istlus j\u00e4tkab traditsiooni, mille eesm\u00e4rk on saada iga k\u00fcmne aasta tagant \u00fclevaade Eesti \u00f5pilasp\u00e4rimusest. Ootame v\u00f5istlusel osalema 4.-12. klassi \u00f5pilasi. Osalemiseks vasta palun k\u00fcsitluskavas olevatele k\u00fcsimustele. V\u00f5imalusel saada vastused p\u00e4isesse lingitud elektroonilise vormi kaudu. V\u00f5imalik on saata vastused ka eraldi failina e-posti [&hellip;]<\/p>\n","protected":false},"author":1,"featured_media":12,"parent":11,"menu_order":0,"comment_status":"closed","ping_status":"closed","template":"","meta":{"footnotes":""},"class_list":["post-247","page","type-page","status-publish","has-post-thumbnail","hentry"],"yoast_head":"<!-- This site is optimized with the Yoast SEO plugin v23.7 - https:\/\/yoast.com\/wordpress\/plugins\/seo\/ -->\n<title>Pilootprojekt 2017 - Koolip\u00e4rimus<\/title>\n<meta name=\"robots\" content=\"index, follow, max-snippet:-1, max-image-preview:large, max-video-preview:-1\" \/>\n<link rel=\"canonical\" href=\"https:\/\/folklore.ee\/kooliparimus\/kp\/pilootprojekt-2017\/\" \/>\n<meta property=\"og:locale\" content=\"en_US\" \/>\n<meta property=\"og:type\" content=\"article\" \/>\n<meta property=\"og:title\" content=\"Pilootprojekt 2017 - Koolip\u00e4rimus\" \/>\n<meta property=\"og:description\" content=\"20. oktoobrist kuni 20. detsembrini 2017. aastalPilootprojektis osales \u00fcle 300 \u00f5pilase. Koolip\u00e4rimuse kogumise v\u00f5istlus j\u00e4tkab traditsiooni, mille eesm\u00e4rk on saada iga k\u00fcmne aasta tagant \u00fclevaade Eesti \u00f5pilasp\u00e4rimusest. Ootame v\u00f5istlusel osalema 4.-12. klassi \u00f5pilasi. Osalemiseks vasta palun k\u00fcsitluskavas olevatele k\u00fcsimustele. V\u00f5imalusel saada vastused p\u00e4isesse lingitud elektroonilise vormi kaudu. V\u00f5imalik on saata vastused ka eraldi failina e-posti [&hellip;]\" \/>\n<meta property=\"og:url\" content=\"https:\/\/folklore.ee\/kooliparimus\/kp\/pilootprojekt-2017\/\" \/>\n<meta property=\"og:site_name\" content=\"Koolip\u00e4rimus\" \/>\n<meta property=\"article:publisher\" content=\"https:\/\/www.facebook.com\/kirjandusmuuseum\" \/>\n<meta property=\"og:image\" content=\"http:\/\/localhost\/kooliparimus\/wp-content\/uploads\/2023\/05\/kaanepilt.jpg\" \/>\n\t<meta property=\"og:image:width\" content=\"2200\" \/>\n\t<meta property=\"og:image:height\" content=\"306\" \/>\n\t<meta property=\"og:image:type\" content=\"image\/jpeg\" \/>\n<meta name=\"twitter:card\" content=\"summary_large_image\" \/>\n<meta name=\"twitter:label1\" content=\"Est. reading time\" \/>\n\t<meta name=\"twitter:data1\" content=\"2 minutes\" \/>\n<script type=\"application\/ld+json\" class=\"yoast-schema-graph\">{\"@context\":\"https:\/\/schema.org\",\"@graph\":[{\"@type\":\"WebPage\",\"@id\":\"https:\/\/folklore.ee\/kooliparimus\/kp\/pilootprojekt-2017\/\",\"url\":\"https:\/\/folklore.ee\/kooliparimus\/kp\/pilootprojekt-2017\/\",\"name\":\"Pilootprojekt 2017 - Koolip\u00e4rimus\",\"isPartOf\":{\"@id\":\"https:\/\/folklore.ee\/kooliparimus\/#website\"},\"primaryImageOfPage\":{\"@id\":\"https:\/\/folklore.ee\/kooliparimus\/kp\/pilootprojekt-2017\/#primaryimage\"},\"image\":{\"@id\":\"https:\/\/folklore.ee\/kooliparimus\/kp\/pilootprojekt-2017\/#primaryimage\"},\"thumbnailUrl\":\"https:\/\/folklore.ee\/kooliparimus\/wp-content\/uploads\/2023\/05\/kaanepilt.jpg\",\"datePublished\":\"2023-06-02T10:04:23+00:00\",\"dateModified\":\"2023-06-02T10:04:23+00:00\",\"breadcrumb\":{\"@id\":\"https:\/\/folklore.ee\/kooliparimus\/kp\/pilootprojekt-2017\/#breadcrumb\"},\"inLanguage\":\"en-US\",\"potentialAction\":[{\"@type\":\"ReadAction\",\"target\":[\"https:\/\/folklore.ee\/kooliparimus\/kp\/pilootprojekt-2017\/\"]}]},{\"@type\":\"ImageObject\",\"inLanguage\":\"en-US\",\"@id\":\"https:\/\/folklore.ee\/kooliparimus\/kp\/pilootprojekt-2017\/#primaryimage\",\"url\":\"https:\/\/folklore.ee\/kooliparimus\/wp-content\/uploads\/2023\/05\/kaanepilt.jpg\",\"contentUrl\":\"https:\/\/folklore.ee\/kooliparimus\/wp-content\/uploads\/2023\/05\/kaanepilt.jpg\",\"width\":2200,\"height\":306},{\"@type\":\"BreadcrumbList\",\"@id\":\"https:\/\/folklore.ee\/kooliparimus\/kp\/pilootprojekt-2017\/#breadcrumb\",\"itemListElement\":[{\"@type\":\"ListItem\",\"position\":1,\"name\":\"Home\",\"item\":\"https:\/\/folklore.ee\/kooliparimus\/\"},{\"@type\":\"ListItem\",\"position\":2,\"name\":\"Koolip\u00e4rimus\",\"item\":\"https:\/\/folklore.ee\/kooliparimus\/kp\/\"},{\"@type\":\"ListItem\",\"position\":3,\"name\":\"Pilootprojekt 2017\"}]},{\"@type\":\"WebSite\",\"@id\":\"https:\/\/folklore.ee\/kooliparimus\/#website\",\"url\":\"https:\/\/folklore.ee\/kooliparimus\/\",\"name\":\"Koolip\u00e4rimus\",\"description\":\"Eesti Kirjandusmuuseumi kogumisp\u00e4rimuse veebikeskkond.\",\"potentialAction\":[{\"@type\":\"SearchAction\",\"target\":{\"@type\":\"EntryPoint\",\"urlTemplate\":\"https:\/\/folklore.ee\/kooliparimus\/?s={search_term_string}\"},\"query-input\":{\"@type\":\"PropertyValueSpecification\",\"valueRequired\":true,\"valueName\":\"search_term_string\"}}],\"inLanguage\":\"en-US\"}]}<\/script>\n<!-- \/ Yoast SEO plugin. -->","yoast_head_json":{"title":"Pilootprojekt 2017 - Koolip\u00e4rimus","robots":{"index":"index","follow":"follow","max-snippet":"max-snippet:-1","max-image-preview":"max-image-preview:large","max-video-preview":"max-video-preview:-1"},"canonical":"https:\/\/folklore.ee\/kooliparimus\/kp\/pilootprojekt-2017\/","og_locale":"en_US","og_type":"article","og_title":"Pilootprojekt 2017 - Koolip\u00e4rimus","og_description":"20. oktoobrist kuni 20. detsembrini 2017. aastalPilootprojektis osales \u00fcle 300 \u00f5pilase. Koolip\u00e4rimuse kogumise v\u00f5istlus j\u00e4tkab traditsiooni, mille eesm\u00e4rk on saada iga k\u00fcmne aasta tagant \u00fclevaade Eesti \u00f5pilasp\u00e4rimusest. Ootame v\u00f5istlusel osalema 4.-12. klassi \u00f5pilasi. Osalemiseks vasta palun k\u00fcsitluskavas olevatele k\u00fcsimustele. V\u00f5imalusel saada vastused p\u00e4isesse lingitud elektroonilise vormi kaudu. V\u00f5imalik on saata vastused ka eraldi failina e-posti [&hellip;]","og_url":"https:\/\/folklore.ee\/kooliparimus\/kp\/pilootprojekt-2017\/","og_site_name":"Koolip\u00e4rimus","article_publisher":"https:\/\/www.facebook.com\/kirjandusmuuseum","og_image":[{"width":2200,"height":306,"url":"http:\/\/localhost\/kooliparimus\/wp-content\/uploads\/2023\/05\/kaanepilt.jpg","type":"image\/jpeg"}],"twitter_card":"summary_large_image","twitter_misc":{"Est. reading time":"2 minutes"},"schema":{"@context":"https:\/\/schema.org","@graph":[{"@type":"WebPage","@id":"https:\/\/folklore.ee\/kooliparimus\/kp\/pilootprojekt-2017\/","url":"https:\/\/folklore.ee\/kooliparimus\/kp\/pilootprojekt-2017\/","name":"Pilootprojekt 2017 - Koolip\u00e4rimus","isPartOf":{"@id":"https:\/\/folklore.ee\/kooliparimus\/#website"},"primaryImageOfPage":{"@id":"https:\/\/folklore.ee\/kooliparimus\/kp\/pilootprojekt-2017\/#primaryimage"},"image":{"@id":"https:\/\/folklore.ee\/kooliparimus\/kp\/pilootprojekt-2017\/#primaryimage"},"thumbnailUrl":"https:\/\/folklore.ee\/kooliparimus\/wp-content\/uploads\/2023\/05\/kaanepilt.jpg","datePublished":"2023-06-02T10:04:23+00:00","dateModified":"2023-06-02T10:04:23+00:00","breadcrumb":{"@id":"https:\/\/folklore.ee\/kooliparimus\/kp\/pilootprojekt-2017\/#breadcrumb"},"inLanguage":"en-US","potentialAction":[{"@type":"ReadAction","target":["https:\/\/folklore.ee\/kooliparimus\/kp\/pilootprojekt-2017\/"]}]},{"@type":"ImageObject","inLanguage":"en-US","@id":"https:\/\/folklore.ee\/kooliparimus\/kp\/pilootprojekt-2017\/#primaryimage","url":"https:\/\/folklore.ee\/kooliparimus\/wp-content\/uploads\/2023\/05\/kaanepilt.jpg","contentUrl":"https:\/\/folklore.ee\/kooliparimus\/wp-content\/uploads\/2023\/05\/kaanepilt.jpg","width":2200,"height":306},{"@type":"BreadcrumbList","@id":"https:\/\/folklore.ee\/kooliparimus\/kp\/pilootprojekt-2017\/#breadcrumb","itemListElement":[{"@type":"ListItem","position":1,"name":"Home","item":"https:\/\/folklore.ee\/kooliparimus\/"},{"@type":"ListItem","position":2,"name":"Koolip\u00e4rimus","item":"https:\/\/folklore.ee\/kooliparimus\/kp\/"},{"@type":"ListItem","position":3,"name":"Pilootprojekt 2017"}]},{"@type":"WebSite","@id":"https:\/\/folklore.ee\/kooliparimus\/#website","url":"https:\/\/folklore.ee\/kooliparimus\/","name":"Koolip\u00e4rimus","description":"Eesti Kirjandusmuuseumi kogumisp\u00e4rimuse veebikeskkond.","potentialAction":[{"@type":"SearchAction","target":{"@type":"EntryPoint","urlTemplate":"https:\/\/folklore.ee\/kooliparimus\/?s={search_term_string}"},"query-input":{"@type":"PropertyValueSpecification","valueRequired":true,"valueName":"search_term_string"}}],"inLanguage":"en-US"}]}},"_links":{"self":[{"href":"https:\/\/folklore.ee\/kooliparimus\/wp-json\/wp\/v2\/pages\/247","targetHints":{"allow":["GET"]}}],"collection":[{"href":"https:\/\/folklore.ee\/kooliparimus\/wp-json\/wp\/v2\/pages"}],"about":[{"href":"https:\/\/folklore.ee\/kooliparimus\/wp-json\/wp\/v2\/types\/page"}],"author":[{"embeddable":true,"href":"https:\/\/folklore.ee\/kooliparimus\/wp-json\/wp\/v2\/users\/1"}],"replies":[{"embeddable":true,"href":"https:\/\/folklore.ee\/kooliparimus\/wp-json\/wp\/v2\/comments?post=247"}],"version-history":[{"count":1,"href":"https:\/\/folklore.ee\/kooliparimus\/wp-json\/wp\/v2\/pages\/247\/revisions"}],"predecessor-version":[{"id":248,"href":"https:\/\/folklore.ee\/kooliparimus\/wp-json\/wp\/v2\/pages\/247\/revisions\/248"}],"up":[{"embeddable":true,"href":"https:\/\/folklore.ee\/kooliparimus\/wp-json\/wp\/v2\/pages\/11"}],"wp:featuredmedia":[{"embeddable":true,"href":"https:\/\/folklore.ee\/kooliparimus\/wp-json\/wp\/v2\/media\/12"}],"wp:attachment":[{"href":"https:\/\/folklore.ee\/kooliparimus\/wp-json\/wp\/v2\/media?parent=247"}],"curies":[{"name":"wp","href":"https:\/\/api.w.org\/{rel}","templated":true}]}}