{"id":250,"date":"2023-06-02T10:14:28","date_gmt":"2023-06-02T10:14:28","guid":{"rendered":"https:\/\/folklore.ee\/kooliparimus\/?page_id=250"},"modified":"2023-06-02T10:48:56","modified_gmt":"2023-06-02T10:48:56","slug":"kooliparimus-2007","status":"publish","type":"page","link":"https:\/\/folklore.ee\/kooliparimus\/kp\/kooliparimus-2007\/","title":{"rendered":"Koolip\u00e4rimus 2007"},"content":{"rendered":"\n<p>1. m\u00e4rtsist 10. maini 2007. aastal toimus kogu Eestit h\u00f5lmav koolip\u00e4rimuse kogumise v\u00f5istlus. Osalema olid kutsutud 4.-12. klassi \u00f5pilased vanuser\u00fchmades 4.-5., 6.-7., 8.-9. ja 10.-12. klassini. V\u00f5itjad tehti teatavaks 26. mail Eesti Kirjandusmuuseumis Tartus.<\/p>\n\n\n\n<div class=\"wp-block-columns is-layout-flex wp-container-core-columns-is-layout-9d6595d7 wp-block-columns-is-layout-flex\">\n<div class=\"wp-block-column is-layout-flow wp-block-column-is-layout-flow\">\n<div class=\"wp-block-columns is-layout-flex wp-container-core-columns-is-layout-9d6595d7 wp-block-columns-is-layout-flex\">\n<div class=\"wp-block-column is-layout-flow wp-block-column-is-layout-flow\">\n<div class=\"wp-block-buttons is-layout-flex wp-block-buttons-is-layout-flex\">\n<div class=\"wp-block-button\"><a class=\"wp-block-button__link wp-element-button\" href=\"\/kooliparimus\/kp\/kooliparimus-2007\/statistika\/\">Statistika<\/a><\/div>\n<\/div>\n<\/div>\n\n\n\n<div class=\"wp-block-column is-layout-flow wp-block-column-is-layout-flow\">\n<div class=\"wp-block-buttons is-layout-flex wp-block-buttons-is-layout-flex\">\n<div class=\"wp-block-button\"><a class=\"wp-block-button__link wp-element-button\" href=\"\/kooliparimus\/kp\/kooliparimus-2007\/kooliparimus-2007-voitjad\/\">V\u00f5itjad<\/a><\/div>\n<\/div>\n<\/div>\n<\/div>\n<\/div>\n\n\n\n<div class=\"wp-block-column is-layout-flow wp-block-column-is-layout-flow\">\n<div class=\"wp-block-columns is-layout-flex wp-container-core-columns-is-layout-9d6595d7 wp-block-columns-is-layout-flex\">\n<div class=\"wp-block-column is-layout-flow wp-block-column-is-layout-flow\">\n<div class=\"wp-block-buttons is-layout-flex wp-block-buttons-is-layout-flex\">\n<div class=\"wp-block-button\"><a class=\"wp-block-button__link wp-element-button\" href=\"\/kooliparimus\/kp\/kooliparimus-2007\/opetajale\/\">\u00d5petajale<\/a><\/div>\n<\/div>\n<\/div>\n\n\n\n<div class=\"wp-block-column is-layout-flow wp-block-column-is-layout-flow\">\n<div class=\"wp-block-buttons is-layout-flex wp-block-buttons-is-layout-flex\">\n<div class=\"wp-block-button\"><a class=\"wp-block-button__link wp-element-button\" href=\"https:\/\/www.folklore.ee\/UTfolkl\/olympiaad07\/\" target=\"_blank\" rel=\"noreferrer noopener\">Ol\u00fcmpiaad<\/a><\/div>\n<\/div>\n<\/div>\n<\/div>\n<\/div>\n<\/div>\n\n\n\n<p>Seekordne kogumisaktsioon on j\u00e4tk 1992. aastal Soomes ja Eestis aset leidnud koolip\u00e4rimuse kogumise v\u00f5istlusele. Eesti Rahvaluule Arhiivi laekus tookord \u00fcle 27 000 lehek\u00fclje rikkalikku ja v\u00e4\u00e4rtuslikku \u00f5pilasfolkloori \u00fchtekokku 1797 vastajalt 26 Eesti koolist. V\u00f5istluse tulemustest on Eestis peetud mitmeid teaduskonverentse, ilmunud hulgaliselt teadus- ja populaarteaduslikke publikatsioone.<\/p>\n\n\n\n<p>Viieteistk\u00fcmne aastaga on Eesti \u00fchiskonnas v\u00e4ga palju muutunud, peale on kasvanud uus p\u00f5lvkond, kelle vaimne p\u00e4rimus v\u00f5imaldab j\u00e4lgida t\u00e4nap\u00e4eva \u00fchiskonnas toimuvaid arenguid ja protsesse. Varasem, p\u00f5hiliselt suuline repertuaar on sageli \u201ckolinud\u201d elektroonilistesse meediumidesse, nagu n\u00e4iteks internet ja mobiilside. Kaasaegne p\u00e4rimus seob \u00fchte inimkultuuris p\u00fcsivana s\u00e4ilinud elemendid ja \u00fchiskonnas m\u00e4rkimisv\u00e4\u00e4rsed muutused l\u00e4bi teinud tavad. Levinud kultuurin\u00e4htused, nagu n\u00e4iteks reisimine, sportimine, teleri vaatamine, arvutisuhtlus jms on tihtipeale uue p\u00e4rimuse v\u00f5i selle uute liikide tekitaja.<\/p>\n\n\n\n<p>\u00dchelt poolt on ettev\u00f5tmise eesm\u00e4rk j\u00e4\u00e4dvustada meie koolilaste maailm just sellisena, nagu see t\u00e4nap\u00e4eval on. Teiselt poolt on eesm\u00e4rk kasvatada koolip\u00e4rimuse kogumise ja uurimise kaudu aatelisi noori eestimaalasi, rakendada andekaid noori eesti p\u00e4rimuse ja kultuuri teadvustamisel ning fikseerimisel. \u00dchtlasi on oluline \u00f5pilaste arendamine, neist parimatele pakutakse v\u00f5imalust esineda koolip\u00e4rimusteemalisel noorteseminaril.<\/p>\n\n\n\n<p>Osav\u00f5tjatelt kogutakse p\u00e4rimust kuuel alateemal:<\/p>\n\n\n\n<ul class=\"wp-block-list\">\n<li>Vaba aeg ja s\u00f5brad.<\/li>\n\n\n\n<li>Naljad<\/li>\n\n\n\n<li>Hirmud, uskumused, ennustamine<\/li>\n\n\n\n<li>Arvuti ja televisioon<\/li>\n\n\n\n<li>T\u00e4htp\u00e4evad ja peod<\/li>\n\n\n\n<li>M\u00e4ngud<\/li>\n<\/ul>\n\n\n\n<p>V\u00f5rreldes eelmise kogumisega on plaanis osav\u00f5tvate koolide arvu laiendada. Kindlasti v\u00f5tame \u00fchendust 1992. aastal osalenud koolidega, ent k\u00f5ik soovijad on teretulnud k\u00fcsimustele vastama. Oluliseks l\u00fcliks korraldajate ja \u00f5pilaste vahel on emakeele\u00f5petajad, kelle abi palume vastuste koordineerimisel ja vormistamisel. \u00d5pilased v\u00f5ivad vastata vabas vormis, teatud teemad lahendatakse koolitunnis \u00f5petajate juhendamisel, kes valivad v\u00e4lja perspektiivikamad vastajad.<\/p>\n\n\n\n<p>K\u00fcsitluskavale saab vastata ka veebip\u00f5hiselt, koolip\u00e4rimuse koduleht asub aadressil <a href=\"http:\/\/www.folklore.ee\/kooliparimus\">http:\/\/www.folklore.ee\/kooliparimus<\/a>. K\u00f5ik kirjutatu s\u00e4ilitatakse originaalk\u00e4sikirjana rahvaluulearhiivis.<\/p>\n\n\n\n<p>Koolip\u00e4rimuse kogumisv\u00f5istluse korraldajad on Eesti Kirjandusmuuseumi <a href=\"https:\/\/www.folklore.ee\/rl\/fo\/\">folkloristika osakond<\/a>, <a href=\"https:\/\/www.folklore.ee\/era\/\">Eesti Rahvaluule Arhiiv<\/a>, <a href=\"http:\/\/www.efi.ee\/\">Eesti Folkloori Instituut<\/a>, Tartu \u00dclikooli eesti ja v\u00f5rdleva rahvaluule \u00f5ppetool, suurtoetaja on Hasartm\u00e4ngumaksu N\u00f5ukogu.<\/p>\n\n\n\n<figure class=\"wp-block-audio\"><audio controls src=\"http:\/\/localhost\/kooliparimus\/wp-content\/uploads\/2023\/06\/01varaved.mp3\"><\/audio><figcaption class=\"wp-element-caption\">Klassikaraadio saade<\/figcaption><\/figure>\n","protected":false},"excerpt":{"rendered":"<p>1. m\u00e4rtsist 10. maini 2007. aastal toimus kogu Eestit h\u00f5lmav koolip\u00e4rimuse kogumise v\u00f5istlus. Osalema olid kutsutud 4.-12. klassi \u00f5pilased vanuser\u00fchmades 4.-5., 6.-7., 8.-9. ja 10.-12. klassini. V\u00f5itjad tehti teatavaks 26. mail Eesti Kirjandusmuuseumis Tartus. Seekordne kogumisaktsioon on j\u00e4tk 1992. aastal Soomes ja Eestis aset leidnud koolip\u00e4rimuse kogumise v\u00f5istlusele. Eesti Rahvaluule Arhiivi laekus tookord \u00fcle 27 [&hellip;]<\/p>\n","protected":false},"author":1,"featured_media":12,"parent":11,"menu_order":0,"comment_status":"closed","ping_status":"closed","template":"","meta":{"footnotes":""},"class_list":["post-250","page","type-page","status-publish","has-post-thumbnail","hentry"],"yoast_head":"<!-- This site is optimized with the Yoast SEO plugin v23.7 - https:\/\/yoast.com\/wordpress\/plugins\/seo\/ -->\n<title>Koolip\u00e4rimus 2007 - Koolip\u00e4rimus<\/title>\n<meta name=\"robots\" content=\"index, follow, max-snippet:-1, max-image-preview:large, max-video-preview:-1\" \/>\n<link rel=\"canonical\" href=\"https:\/\/folklore.ee\/kooliparimus\/kp\/kooliparimus-2007\/\" \/>\n<meta property=\"og:locale\" content=\"en_US\" \/>\n<meta property=\"og:type\" content=\"article\" \/>\n<meta property=\"og:title\" content=\"Koolip\u00e4rimus 2007 - Koolip\u00e4rimus\" \/>\n<meta property=\"og:description\" content=\"1. m\u00e4rtsist 10. maini 2007. aastal toimus kogu Eestit h\u00f5lmav koolip\u00e4rimuse kogumise v\u00f5istlus. Osalema olid kutsutud 4.-12. klassi \u00f5pilased vanuser\u00fchmades 4.-5., 6.-7., 8.-9. ja 10.-12. klassini. V\u00f5itjad tehti teatavaks 26. mail Eesti Kirjandusmuuseumis Tartus. Seekordne kogumisaktsioon on j\u00e4tk 1992. aastal Soomes ja Eestis aset leidnud koolip\u00e4rimuse kogumise v\u00f5istlusele. Eesti Rahvaluule Arhiivi laekus tookord \u00fcle 27 [&hellip;]\" \/>\n<meta property=\"og:url\" content=\"https:\/\/folklore.ee\/kooliparimus\/kp\/kooliparimus-2007\/\" \/>\n<meta property=\"og:site_name\" content=\"Koolip\u00e4rimus\" \/>\n<meta property=\"article:publisher\" content=\"https:\/\/www.facebook.com\/kirjandusmuuseum\" \/>\n<meta property=\"article:modified_time\" content=\"2023-06-02T10:48:56+00:00\" \/>\n<meta property=\"og:image\" content=\"http:\/\/localhost\/kooliparimus\/wp-content\/uploads\/2023\/05\/kaanepilt.jpg\" \/>\n\t<meta property=\"og:image:width\" content=\"2200\" \/>\n\t<meta property=\"og:image:height\" content=\"306\" \/>\n\t<meta property=\"og:image:type\" content=\"image\/jpeg\" \/>\n<meta name=\"twitter:card\" content=\"summary_large_image\" \/>\n<meta name=\"twitter:label1\" content=\"Est. reading time\" \/>\n\t<meta name=\"twitter:data1\" content=\"2 minutes\" \/>\n<script type=\"application\/ld+json\" class=\"yoast-schema-graph\">{\"@context\":\"https:\/\/schema.org\",\"@graph\":[{\"@type\":\"WebPage\",\"@id\":\"https:\/\/folklore.ee\/kooliparimus\/kp\/kooliparimus-2007\/\",\"url\":\"https:\/\/folklore.ee\/kooliparimus\/kp\/kooliparimus-2007\/\",\"name\":\"Koolip\u00e4rimus 2007 - Koolip\u00e4rimus\",\"isPartOf\":{\"@id\":\"https:\/\/folklore.ee\/kooliparimus\/#website\"},\"primaryImageOfPage\":{\"@id\":\"https:\/\/folklore.ee\/kooliparimus\/kp\/kooliparimus-2007\/#primaryimage\"},\"image\":{\"@id\":\"https:\/\/folklore.ee\/kooliparimus\/kp\/kooliparimus-2007\/#primaryimage\"},\"thumbnailUrl\":\"https:\/\/folklore.ee\/kooliparimus\/wp-content\/uploads\/2023\/05\/kaanepilt.jpg\",\"datePublished\":\"2023-06-02T10:14:28+00:00\",\"dateModified\":\"2023-06-02T10:48:56+00:00\",\"breadcrumb\":{\"@id\":\"https:\/\/folklore.ee\/kooliparimus\/kp\/kooliparimus-2007\/#breadcrumb\"},\"inLanguage\":\"en-US\",\"potentialAction\":[{\"@type\":\"ReadAction\",\"target\":[\"https:\/\/folklore.ee\/kooliparimus\/kp\/kooliparimus-2007\/\"]}]},{\"@type\":\"ImageObject\",\"inLanguage\":\"en-US\",\"@id\":\"https:\/\/folklore.ee\/kooliparimus\/kp\/kooliparimus-2007\/#primaryimage\",\"url\":\"https:\/\/folklore.ee\/kooliparimus\/wp-content\/uploads\/2023\/05\/kaanepilt.jpg\",\"contentUrl\":\"https:\/\/folklore.ee\/kooliparimus\/wp-content\/uploads\/2023\/05\/kaanepilt.jpg\",\"width\":2200,\"height\":306},{\"@type\":\"BreadcrumbList\",\"@id\":\"https:\/\/folklore.ee\/kooliparimus\/kp\/kooliparimus-2007\/#breadcrumb\",\"itemListElement\":[{\"@type\":\"ListItem\",\"position\":1,\"name\":\"Home\",\"item\":\"https:\/\/folklore.ee\/kooliparimus\/\"},{\"@type\":\"ListItem\",\"position\":2,\"name\":\"Koolip\u00e4rimus\",\"item\":\"https:\/\/folklore.ee\/kooliparimus\/kp\/\"},{\"@type\":\"ListItem\",\"position\":3,\"name\":\"Koolip\u00e4rimus 2007\"}]},{\"@type\":\"WebSite\",\"@id\":\"https:\/\/folklore.ee\/kooliparimus\/#website\",\"url\":\"https:\/\/folklore.ee\/kooliparimus\/\",\"name\":\"Koolip\u00e4rimus\",\"description\":\"Eesti Kirjandusmuuseumi kogumisp\u00e4rimuse veebikeskkond.\",\"potentialAction\":[{\"@type\":\"SearchAction\",\"target\":{\"@type\":\"EntryPoint\",\"urlTemplate\":\"https:\/\/folklore.ee\/kooliparimus\/?s={search_term_string}\"},\"query-input\":{\"@type\":\"PropertyValueSpecification\",\"valueRequired\":true,\"valueName\":\"search_term_string\"}}],\"inLanguage\":\"en-US\"}]}<\/script>\n<!-- \/ Yoast SEO plugin. -->","yoast_head_json":{"title":"Koolip\u00e4rimus 2007 - Koolip\u00e4rimus","robots":{"index":"index","follow":"follow","max-snippet":"max-snippet:-1","max-image-preview":"max-image-preview:large","max-video-preview":"max-video-preview:-1"},"canonical":"https:\/\/folklore.ee\/kooliparimus\/kp\/kooliparimus-2007\/","og_locale":"en_US","og_type":"article","og_title":"Koolip\u00e4rimus 2007 - Koolip\u00e4rimus","og_description":"1. m\u00e4rtsist 10. maini 2007. aastal toimus kogu Eestit h\u00f5lmav koolip\u00e4rimuse kogumise v\u00f5istlus. Osalema olid kutsutud 4.-12. klassi \u00f5pilased vanuser\u00fchmades 4.-5., 6.-7., 8.-9. ja 10.-12. klassini. V\u00f5itjad tehti teatavaks 26. mail Eesti Kirjandusmuuseumis Tartus. Seekordne kogumisaktsioon on j\u00e4tk 1992. aastal Soomes ja Eestis aset leidnud koolip\u00e4rimuse kogumise v\u00f5istlusele. Eesti Rahvaluule Arhiivi laekus tookord \u00fcle 27 [&hellip;]","og_url":"https:\/\/folklore.ee\/kooliparimus\/kp\/kooliparimus-2007\/","og_site_name":"Koolip\u00e4rimus","article_publisher":"https:\/\/www.facebook.com\/kirjandusmuuseum","article_modified_time":"2023-06-02T10:48:56+00:00","og_image":[{"width":2200,"height":306,"url":"http:\/\/localhost\/kooliparimus\/wp-content\/uploads\/2023\/05\/kaanepilt.jpg","type":"image\/jpeg"}],"twitter_card":"summary_large_image","twitter_misc":{"Est. reading time":"2 minutes"},"schema":{"@context":"https:\/\/schema.org","@graph":[{"@type":"WebPage","@id":"https:\/\/folklore.ee\/kooliparimus\/kp\/kooliparimus-2007\/","url":"https:\/\/folklore.ee\/kooliparimus\/kp\/kooliparimus-2007\/","name":"Koolip\u00e4rimus 2007 - Koolip\u00e4rimus","isPartOf":{"@id":"https:\/\/folklore.ee\/kooliparimus\/#website"},"primaryImageOfPage":{"@id":"https:\/\/folklore.ee\/kooliparimus\/kp\/kooliparimus-2007\/#primaryimage"},"image":{"@id":"https:\/\/folklore.ee\/kooliparimus\/kp\/kooliparimus-2007\/#primaryimage"},"thumbnailUrl":"https:\/\/folklore.ee\/kooliparimus\/wp-content\/uploads\/2023\/05\/kaanepilt.jpg","datePublished":"2023-06-02T10:14:28+00:00","dateModified":"2023-06-02T10:48:56+00:00","breadcrumb":{"@id":"https:\/\/folklore.ee\/kooliparimus\/kp\/kooliparimus-2007\/#breadcrumb"},"inLanguage":"en-US","potentialAction":[{"@type":"ReadAction","target":["https:\/\/folklore.ee\/kooliparimus\/kp\/kooliparimus-2007\/"]}]},{"@type":"ImageObject","inLanguage":"en-US","@id":"https:\/\/folklore.ee\/kooliparimus\/kp\/kooliparimus-2007\/#primaryimage","url":"https:\/\/folklore.ee\/kooliparimus\/wp-content\/uploads\/2023\/05\/kaanepilt.jpg","contentUrl":"https:\/\/folklore.ee\/kooliparimus\/wp-content\/uploads\/2023\/05\/kaanepilt.jpg","width":2200,"height":306},{"@type":"BreadcrumbList","@id":"https:\/\/folklore.ee\/kooliparimus\/kp\/kooliparimus-2007\/#breadcrumb","itemListElement":[{"@type":"ListItem","position":1,"name":"Home","item":"https:\/\/folklore.ee\/kooliparimus\/"},{"@type":"ListItem","position":2,"name":"Koolip\u00e4rimus","item":"https:\/\/folklore.ee\/kooliparimus\/kp\/"},{"@type":"ListItem","position":3,"name":"Koolip\u00e4rimus 2007"}]},{"@type":"WebSite","@id":"https:\/\/folklore.ee\/kooliparimus\/#website","url":"https:\/\/folklore.ee\/kooliparimus\/","name":"Koolip\u00e4rimus","description":"Eesti Kirjandusmuuseumi kogumisp\u00e4rimuse veebikeskkond.","potentialAction":[{"@type":"SearchAction","target":{"@type":"EntryPoint","urlTemplate":"https:\/\/folklore.ee\/kooliparimus\/?s={search_term_string}"},"query-input":{"@type":"PropertyValueSpecification","valueRequired":true,"valueName":"search_term_string"}}],"inLanguage":"en-US"}]}},"_links":{"self":[{"href":"https:\/\/folklore.ee\/kooliparimus\/wp-json\/wp\/v2\/pages\/250","targetHints":{"allow":["GET"]}}],"collection":[{"href":"https:\/\/folklore.ee\/kooliparimus\/wp-json\/wp\/v2\/pages"}],"about":[{"href":"https:\/\/folklore.ee\/kooliparimus\/wp-json\/wp\/v2\/types\/page"}],"author":[{"embeddable":true,"href":"https:\/\/folklore.ee\/kooliparimus\/wp-json\/wp\/v2\/users\/1"}],"replies":[{"embeddable":true,"href":"https:\/\/folklore.ee\/kooliparimus\/wp-json\/wp\/v2\/comments?post=250"}],"version-history":[{"count":15,"href":"https:\/\/folklore.ee\/kooliparimus\/wp-json\/wp\/v2\/pages\/250\/revisions"}],"predecessor-version":[{"id":295,"href":"https:\/\/folklore.ee\/kooliparimus\/wp-json\/wp\/v2\/pages\/250\/revisions\/295"}],"up":[{"embeddable":true,"href":"https:\/\/folklore.ee\/kooliparimus\/wp-json\/wp\/v2\/pages\/11"}],"wp:featuredmedia":[{"embeddable":true,"href":"https:\/\/folklore.ee\/kooliparimus\/wp-json\/wp\/v2\/media\/12"}],"wp:attachment":[{"href":"https:\/\/folklore.ee\/kooliparimus\/wp-json\/wp\/v2\/media?parent=250"}],"curies":[{"name":"wp","href":"https:\/\/api.w.org\/{rel}","templated":true}]}}