{"id":254,"date":"2023-06-02T10:16:38","date_gmt":"2023-06-02T10:16:38","guid":{"rendered":"https:\/\/folklore.ee\/kooliparimus\/?page_id=254"},"modified":"2023-06-02T10:16:38","modified_gmt":"2023-06-02T10:16:38","slug":"statistika","status":"publish","type":"page","link":"https:\/\/folklore.ee\/kooliparimus\/kp\/kooliparimus-2007\/statistika\/","title":{"rendered":"Statistika"},"content":{"rendered":"\n<figure class=\"wp-block-table\"><table><tbody><tr><td><strong>Kool<\/strong><\/td><td><strong>Vastajaid kokku<\/strong><\/td><td><strong>Lehek\u00fclgi kokku<\/strong><\/td><td><strong>Lehek\u00fclgi minimaalselt<\/strong><\/td><td><strong>Lehek\u00fclgi keskmiselt<\/strong><\/td><td><strong>Lehek\u00fclgi maksimaalselt<\/strong><\/td><\/tr><tr><td>Alavere P\u00f5hikool<\/td><td>10&nbsp;<\/td><td>23&nbsp;<\/td><td>1&nbsp;<\/td><td>2.3&nbsp;<\/td><td>4&nbsp;<\/td><\/tr><tr><td>Antsla G\u00fcmnaasium<\/td><td>143&nbsp;<\/td><td>446&nbsp;<\/td><td>1&nbsp;<\/td><td>3.12&nbsp;<\/td><td>7&nbsp;<\/td><\/tr><tr><td>Ardu P\u00f5hikool<\/td><td>43&nbsp;<\/td><td>624&nbsp;<\/td><td>5&nbsp;<\/td><td>14.51&nbsp;<\/td><td>55&nbsp;<\/td><\/tr><tr><td>Aste P\u00f5hikool<\/td><td>13&nbsp;<\/td><td>76&nbsp;<\/td><td>3&nbsp;<\/td><td>5.85&nbsp;<\/td><td>11&nbsp;<\/td><\/tr><tr><td>Audru Keskkool<\/td><td>5&nbsp;<\/td><td>9&nbsp;<\/td><td>1&nbsp;<\/td><td>1.8&nbsp;<\/td><td>3&nbsp;<\/td><\/tr><tr><td>Ida-Virumaa Kutsehariduskeskus<\/td><td>7&nbsp;<\/td><td>10&nbsp;<\/td><td>1&nbsp;<\/td><td>1.43&nbsp;<\/td><td>2&nbsp;<\/td><\/tr><tr><td>Iisaku G\u00fcmnaasium<\/td><td>52&nbsp;<\/td><td>524&nbsp;<\/td><td>4&nbsp;<\/td><td>10.08&nbsp;<\/td><td>141&nbsp;<\/td><\/tr><tr><td>J\u00f5hvi G\u00fcmnaasium<\/td><td>1&nbsp;<\/td><td>4&nbsp;<\/td><td>4&nbsp;<\/td><td>4&nbsp;<\/td><td>4&nbsp;<\/td><\/tr><tr><td>J\u00e4neda P\u00f5hikool<\/td><td>42&nbsp;<\/td><td>170&nbsp;<\/td><td>1&nbsp;<\/td><td>4.05&nbsp;<\/td><td>9&nbsp;<\/td><\/tr><tr><td>Kabala P\u00f5hikool<\/td><td>9&nbsp;<\/td><td>50&nbsp;<\/td><td>3&nbsp;<\/td><td>5.56&nbsp;<\/td><td>7&nbsp;<\/td><\/tr><tr><td>Kaiu P\u00f5hikool<\/td><td>4&nbsp;<\/td><td>23&nbsp;<\/td><td>5&nbsp;<\/td><td>5.75&nbsp;<\/td><td>6&nbsp;<\/td><\/tr><tr><td>Keila G\u00fcmnaasium<\/td><td>22&nbsp;<\/td><td>164&nbsp;<\/td><td>2&nbsp;<\/td><td>7.45&nbsp;<\/td><td>17&nbsp;<\/td><\/tr><tr><td>Kohtla-J\u00e4rve \u00dchisg\u00fcmnaasium<\/td><td>1&nbsp;<\/td><td>63&nbsp;<\/td><td>63&nbsp;<\/td><td>63&nbsp;<\/td><td>63&nbsp;<\/td><\/tr><tr><td>Konguta Kool<\/td><td>19&nbsp;<\/td><td>47&nbsp;<\/td><td>2&nbsp;<\/td><td>2.47&nbsp;<\/td><td>4&nbsp;<\/td><\/tr><tr><td>Kose G\u00fcmnaasium<\/td><td>230&nbsp;<\/td><td>757&nbsp;<\/td><td>1&nbsp;<\/td><td>3.29&nbsp;<\/td><td>13&nbsp;<\/td><\/tr><tr><td>Krootuse P\u00f5hikool<\/td><td>1&nbsp;<\/td><td>4&nbsp;<\/td><td>4&nbsp;<\/td><td>4&nbsp;<\/td><td>4&nbsp;<\/td><\/tr><tr><td>K\u00f5pu P\u00f5hikool<\/td><td>17&nbsp;<\/td><td>43&nbsp;<\/td><td>1&nbsp;<\/td><td>2.53&nbsp;<\/td><td>6&nbsp;<\/td><\/tr><tr><td>K\u00f5rvek\u00fcla P\u00f5hikool<\/td><td>44&nbsp;<\/td><td>96&nbsp;<\/td><td>1&nbsp;<\/td><td>2.18&nbsp;<\/td><td>18&nbsp;<\/td><\/tr><tr><td>K\u00e4rdla \u00dchisg\u00fcmnaasium<\/td><td>121&nbsp;<\/td><td>626&nbsp;<\/td><td>1&nbsp;<\/td><td>5.17&nbsp;<\/td><td>31&nbsp;<\/td><\/tr><tr><td>Leie P\u00f5hikool<\/td><td>23&nbsp;<\/td><td>349&nbsp;<\/td><td>2&nbsp;<\/td><td>15.17&nbsp;<\/td><td>88&nbsp;<\/td><\/tr><tr><td>L\u00fcllem\u00e4e P\u00f5hikool<\/td><td>16&nbsp;<\/td><td>105&nbsp;<\/td><td>3&nbsp;<\/td><td>6.56&nbsp;<\/td><td>15&nbsp;<\/td><\/tr><tr><td>Muhu P\u00f5hikool<\/td><td>61&nbsp;<\/td><td>256&nbsp;<\/td><td>1&nbsp;<\/td><td>4.2&nbsp;<\/td><td>13&nbsp;<\/td><\/tr><tr><td>M\u00f5isak\u00fcla Keskkool<\/td><td>43&nbsp;<\/td><td>215&nbsp;<\/td><td>1&nbsp;<\/td><td>5.12&nbsp;<\/td><td>27&nbsp;<\/td><\/tr><tr><td>M\u00e4rjamaa G\u00fcmnaasium<\/td><td>90&nbsp;<\/td><td>948&nbsp;<\/td><td>3&nbsp;<\/td><td>10.53&nbsp;<\/td><td>200&nbsp;<\/td><\/tr><tr><td>N\u00f5o Reaalg\u00fcmnaasium<\/td><td>28&nbsp;<\/td><td>779&nbsp;<\/td><td>1&nbsp;<\/td><td>27.82&nbsp;<\/td><td>642&nbsp;<\/td><\/tr><tr><td>Orissaare G\u00fcmnaasium<\/td><td>80&nbsp;<\/td><td>836&nbsp;<\/td><td>1&nbsp;<\/td><td>10.45&nbsp;<\/td><td>116&nbsp;<\/td><\/tr><tr><td>Oskar Lutsu Palamuse G\u00fcmnaasium<\/td><td>10&nbsp;<\/td><td>64&nbsp;<\/td><td>2&nbsp;<\/td><td>6.4&nbsp;<\/td><td>11&nbsp;<\/td><\/tr><tr><td>Padise P\u00f5hikool<\/td><td>44&nbsp;<\/td><td>194&nbsp;<\/td><td>1&nbsp;<\/td><td>4.41&nbsp;<\/td><td>8&nbsp;<\/td><\/tr><tr><td>Paide G\u00fcmnaasium<\/td><td>1&nbsp;<\/td><td>38&nbsp;<\/td><td>38&nbsp;<\/td><td>38&nbsp;<\/td><td>38&nbsp;<\/td><\/tr><tr><td>Paide Kutsekeskkool<\/td><td>54&nbsp;<\/td><td>195&nbsp;<\/td><td>2&nbsp;<\/td><td>3.61&nbsp;<\/td><td>15&nbsp;<\/td><\/tr><tr><td>Pikakannu P\u00f5hikool<\/td><td>16&nbsp;<\/td><td>96&nbsp;<\/td><td>2&nbsp;<\/td><td>6&nbsp;<\/td><td>15&nbsp;<\/td><\/tr><tr><td>P\u00f5ltsamaa \u00dchisg\u00fcmnaasium<\/td><td>23&nbsp;<\/td><td>97&nbsp;<\/td><td>1&nbsp;<\/td><td>4.22&nbsp;<\/td><td>9&nbsp;<\/td><\/tr><tr><td>P\u00f5lula Kool<\/td><td>1&nbsp;<\/td><td>3&nbsp;<\/td><td>3&nbsp;<\/td><td>3&nbsp;<\/td><td>3&nbsp;<\/td><\/tr><tr><td>P\u00e4rnu Hansag\u00fcmnaasium<\/td><td>37&nbsp;<\/td><td>249&nbsp;<\/td><td>2&nbsp;<\/td><td>6.73&nbsp;<\/td><td>17&nbsp;<\/td><\/tr><tr><td>P\u00e4rnu Koidula G\u00fcmnaasium<\/td><td>11&nbsp;<\/td><td>16&nbsp;<\/td><td>1&nbsp;<\/td><td>1.45&nbsp;<\/td><td>3&nbsp;<\/td><\/tr><tr><td>P\u00e4rnu Kuninga T\u00e4nava P\u00f5hikool<\/td><td>14&nbsp;<\/td><td>46&nbsp;<\/td><td>2&nbsp;<\/td><td>3.29&nbsp;<\/td><td>5&nbsp;<\/td><\/tr><tr><td>P\u00e4rnu S\u00fctevaka Humanitaarg\u00fcmnaasium<\/td><td>19&nbsp;<\/td><td>96&nbsp;<\/td><td>3&nbsp;<\/td><td>5.05&nbsp;<\/td><td>15&nbsp;<\/td><\/tr><tr><td>P\u00e4rnumaa Kutsehariduskeskus<\/td><td>95&nbsp;<\/td><td>181&nbsp;<\/td><td>1&nbsp;<\/td><td>1.95&nbsp;<\/td><td>4&nbsp;<\/td><\/tr><tr><td>P\u00fchaj\u00e4rve P\u00f5hikool<\/td><td>3&nbsp;<\/td><td>10&nbsp;<\/td><td>3&nbsp;<\/td><td>3.33&nbsp;<\/td><td>4&nbsp;<\/td><\/tr><tr><td>Rakvere Reaalg\u00fcmnaasium<\/td><td>1&nbsp;<\/td><td>3&nbsp;<\/td><td>3&nbsp;<\/td><td>3&nbsp;<\/td><td>3&nbsp;<\/td><\/tr><tr><td>Rapla \u00dchisg\u00fcmnaasium<\/td><td>46&nbsp;<\/td><td>176&nbsp;<\/td><td>1&nbsp;<\/td><td>3.83&nbsp;<\/td><td>12&nbsp;<\/td><\/tr><tr><td>Suure-Jaani G\u00fcmnaasium<\/td><td>23&nbsp;<\/td><td>150&nbsp;<\/td><td>1&nbsp;<\/td><td>6.52&nbsp;<\/td><td>19&nbsp;<\/td><\/tr><tr><td>Tallinna 37. Keskkool<\/td><td>119&nbsp;<\/td><td>673&nbsp;<\/td><td>1&nbsp;<\/td><td>5.75&nbsp;<\/td><td>22&nbsp;<\/td><\/tr><tr><td>Tallinna Arte G\u00fcmnaasium<\/td><td>2&nbsp;<\/td><td>56&nbsp;<\/td><td>3&nbsp;<\/td><td>28&nbsp;<\/td><td>53&nbsp;<\/td><\/tr><tr><td>Tallinna Inglise Kolled\u017e<\/td><td>102&nbsp;<\/td><td>674&nbsp;<\/td><td>1&nbsp;<\/td><td>6.67&nbsp;<\/td><td>108&nbsp;<\/td><\/tr><tr><td>Tallinna Prantsuse L\u00fctseum<\/td><td>2&nbsp;<\/td><td>11&nbsp;<\/td><td>4&nbsp;<\/td><td>5.5&nbsp;<\/td><td>7&nbsp;<\/td><\/tr><tr><td>Tallinna Reaalkool<\/td><td>29&nbsp;<\/td><td>51&nbsp;<\/td><td>1&nbsp;<\/td><td>1.76&nbsp;<\/td><td>4&nbsp;<\/td><\/tr><tr><td>Tallinna Vanalinna Hariduskolleegium<\/td><td>143&nbsp;<\/td><td>282&nbsp;<\/td><td>1&nbsp;<\/td><td>1.97&nbsp;<\/td><td>6&nbsp;<\/td><\/tr><tr><td>Tamsalu G\u00fcmnaasium<\/td><td>42&nbsp;<\/td><td>127&nbsp;<\/td><td>1&nbsp;<\/td><td>3.02&nbsp;<\/td><td>11&nbsp;<\/td><\/tr><tr><td>Tapa G\u00fcmnaasium<\/td><td>1&nbsp;<\/td><td>15&nbsp;<\/td><td>15&nbsp;<\/td><td>15&nbsp;<\/td><td>15&nbsp;<\/td><\/tr><tr><td>Tartu Kesklinna Kool<\/td><td>1&nbsp;<\/td><td>5&nbsp;<\/td><td>5&nbsp;<\/td><td>5&nbsp;<\/td><td>5&nbsp;<\/td><\/tr><tr><td>Tartu Kivilinna G\u00fcmnaasium<\/td><td>1&nbsp;<\/td><td>36&nbsp;<\/td><td>36&nbsp;<\/td><td>36&nbsp;<\/td><td>36&nbsp;<\/td><\/tr><tr><td>Tartu Kommertsg\u00fcmnaasium<\/td><td>1&nbsp;<\/td><td>11&nbsp;<\/td><td>11&nbsp;<\/td><td>11&nbsp;<\/td><td>11&nbsp;<\/td><\/tr><tr><td>Tartu Mart Reiniku G\u00fcmnaasium<\/td><td>171&nbsp;<\/td><td>767&nbsp;<\/td><td>1&nbsp;<\/td><td>4.49&nbsp;<\/td><td>16&nbsp;<\/td><\/tr><tr><td>Tartu Miina H\u00e4rma G\u00fcmnaasium<\/td><td>47&nbsp;<\/td><td>266&nbsp;<\/td><td>1&nbsp;<\/td><td>5.66&nbsp;<\/td><td>21&nbsp;<\/td><\/tr><tr><td>Tartu Raatuse G\u00fcmnaasium<\/td><td>1&nbsp;<\/td><td>3&nbsp;<\/td><td>3&nbsp;<\/td><td>3&nbsp;<\/td><td>3&nbsp;<\/td><\/tr><tr><td>Tartu T\u00e4iskasvanute G\u00fcmnaasium<\/td><td>1&nbsp;<\/td><td>8&nbsp;<\/td><td>8&nbsp;<\/td><td>8&nbsp;<\/td><td>8&nbsp;<\/td><\/tr><tr><td>Tartu Waldorf G\u00fcmnaasium<\/td><td>1&nbsp;<\/td><td>1&nbsp;<\/td><td>1&nbsp;<\/td><td>1&nbsp;<\/td><td>1&nbsp;<\/td><\/tr><tr><td>Tori P\u00f5hikool<\/td><td>5&nbsp;<\/td><td>9&nbsp;<\/td><td>1&nbsp;<\/td><td>1.8&nbsp;<\/td><td>2&nbsp;<\/td><\/tr><tr><td>Turba G\u00fcmnaasium<\/td><td>72&nbsp;<\/td><td>97&nbsp;<\/td><td>1&nbsp;<\/td><td>1.35&nbsp;<\/td><td>4&nbsp;<\/td><\/tr><tr><td>Valga G\u00fcmnaasium<\/td><td>31&nbsp;<\/td><td>362&nbsp;<\/td><td>2&nbsp;<\/td><td>11.68&nbsp;<\/td><td>114&nbsp;<\/td><\/tr><tr><td>Varstu Keskkool<\/td><td>4&nbsp;<\/td><td>17&nbsp;<\/td><td>2&nbsp;<\/td><td>4.25&nbsp;<\/td><td>6&nbsp;<\/td><\/tr><tr><td>Viljandi Carl Robert Jakobsoni nim. G\u00fcmnaasium<\/td><td>55&nbsp;<\/td><td>197&nbsp;<\/td><td>1&nbsp;<\/td><td>3.58&nbsp;<\/td><td>8&nbsp;<\/td><\/tr><tr><td>Viljandi Maag\u00fcmnaasium<\/td><td>91&nbsp;<\/td><td>1085&nbsp;<\/td><td>1&nbsp;<\/td><td>11.92&nbsp;<\/td><td>68&nbsp;<\/td><\/tr><tr><td>Viljandi Paalalinna G\u00fcmnaasium<\/td><td>129&nbsp;<\/td><td>522&nbsp;<\/td><td>1&nbsp;<\/td><td>4.08&nbsp;<\/td><td>49&nbsp;<\/td><\/tr><tr><td>Viljandi T\u00e4iskasvanute G\u00fcmnaasium<\/td><td>3&nbsp;<\/td><td>30&nbsp;<\/td><td>6&nbsp;<\/td><td>10&nbsp;<\/td><td>13&nbsp;<\/td><\/tr><tr><td>Vinni-Pajusti G\u00fcmnaasium<\/td><td>22&nbsp;<\/td><td>27&nbsp;<\/td><td>1&nbsp;<\/td><td>1.23&nbsp;<\/td><td>2&nbsp;<\/td><\/tr><tr><td>Virtsu P\u00f5hikool<\/td><td>29&nbsp;<\/td><td>256&nbsp;<\/td><td>4&nbsp;<\/td><td>8.83&nbsp;<\/td><td>14&nbsp;<\/td><\/tr><tr><td>Voore P\u00f5hikool<\/td><td>55&nbsp;<\/td><td>534&nbsp;<\/td><td>1&nbsp;<\/td><td>9.71&nbsp;<\/td><td>134&nbsp;<\/td><\/tr><tr><td>V\u00f5ru Kesklinna G\u00fcmnaasium<\/td><td>1&nbsp;<\/td><td>2&nbsp;<\/td><td>2&nbsp;<\/td><td>2&nbsp;<\/td><td>2&nbsp;<\/td><\/tr><tr><td>V\u00e4ike-Maarja G\u00fcmnaasium<\/td><td>130&nbsp;<\/td><td>777&nbsp;<\/td><td>1&nbsp;<\/td><td>5.98&nbsp;<\/td><td>57&nbsp;<\/td><\/tr><tr><td><em>(kooli nimi pole m\u00e4rgitud)<\/em><\/td><td>3&nbsp;<\/td><td>19&nbsp;<\/td><td>1&nbsp;<\/td><td>4.75&nbsp;<\/td><td>11&nbsp;<\/td><\/tr><\/tbody><\/table><\/figure>\n","protected":false},"excerpt":{"rendered":"<p>Kool Vastajaid kokku Lehek\u00fclgi kokku Lehek\u00fclgi minimaalselt Lehek\u00fclgi keskmiselt Lehek\u00fclgi maksimaalselt Alavere P\u00f5hikool 10&nbsp; 23&nbsp; 1&nbsp; 2.3&nbsp; 4&nbsp; Antsla G\u00fcmnaasium 143&nbsp; 446&nbsp; 1&nbsp; 3.12&nbsp; 7&nbsp; Ardu P\u00f5hikool 43&nbsp; 624&nbsp; 5&nbsp; 14.51&nbsp; 55&nbsp; Aste P\u00f5hikool 13&nbsp; 76&nbsp; 3&nbsp; 5.85&nbsp; 11&nbsp; Audru Keskkool 5&nbsp; 9&nbsp; 1&nbsp; 1.8&nbsp; 3&nbsp; Ida-Virumaa Kutsehariduskeskus 7&nbsp; 10&nbsp; 1&nbsp; 1.43&nbsp; 2&nbsp; Iisaku G\u00fcmnaasium [&hellip;]<\/p>\n","protected":false},"author":1,"featured_media":12,"parent":250,"menu_order":0,"comment_status":"closed","ping_status":"closed","template":"","meta":{"footnotes":""},"class_list":["post-254","page","type-page","status-publish","has-post-thumbnail","hentry"],"yoast_head":"<!-- This site is optimized with the Yoast SEO plugin v23.7 - https:\/\/yoast.com\/wordpress\/plugins\/seo\/ -->\n<title>Statistika - Koolip\u00e4rimus<\/title>\n<meta name=\"robots\" content=\"index, follow, max-snippet:-1, max-image-preview:large, max-video-preview:-1\" \/>\n<link rel=\"canonical\" href=\"https:\/\/folklore.ee\/kooliparimus\/kp\/kooliparimus-2007\/statistika\/\" \/>\n<meta property=\"og:locale\" content=\"en_US\" \/>\n<meta property=\"og:type\" content=\"article\" \/>\n<meta property=\"og:title\" content=\"Statistika - Koolip\u00e4rimus\" \/>\n<meta property=\"og:description\" content=\"Kool Vastajaid kokku Lehek\u00fclgi kokku Lehek\u00fclgi minimaalselt Lehek\u00fclgi keskmiselt Lehek\u00fclgi maksimaalselt Alavere P\u00f5hikool 10&nbsp; 23&nbsp; 1&nbsp; 2.3&nbsp; 4&nbsp; Antsla G\u00fcmnaasium 143&nbsp; 446&nbsp; 1&nbsp; 3.12&nbsp; 7&nbsp; Ardu P\u00f5hikool 43&nbsp; 624&nbsp; 5&nbsp; 14.51&nbsp; 55&nbsp; Aste P\u00f5hikool 13&nbsp; 76&nbsp; 3&nbsp; 5.85&nbsp; 11&nbsp; Audru Keskkool 5&nbsp; 9&nbsp; 1&nbsp; 1.8&nbsp; 3&nbsp; Ida-Virumaa Kutsehariduskeskus 7&nbsp; 10&nbsp; 1&nbsp; 1.43&nbsp; 2&nbsp; Iisaku G\u00fcmnaasium [&hellip;]\" \/>\n<meta property=\"og:url\" content=\"https:\/\/folklore.ee\/kooliparimus\/kp\/kooliparimus-2007\/statistika\/\" \/>\n<meta property=\"og:site_name\" content=\"Koolip\u00e4rimus\" \/>\n<meta property=\"article:publisher\" content=\"https:\/\/www.facebook.com\/kirjandusmuuseum\" \/>\n<meta property=\"og:image\" content=\"http:\/\/localhost\/kooliparimus\/wp-content\/uploads\/2023\/05\/kaanepilt.jpg\" \/>\n\t<meta property=\"og:image:width\" content=\"2200\" \/>\n\t<meta property=\"og:image:height\" content=\"306\" \/>\n\t<meta property=\"og:image:type\" content=\"image\/jpeg\" \/>\n<meta name=\"twitter:card\" content=\"summary_large_image\" \/>\n<meta name=\"twitter:label1\" content=\"Est. reading time\" \/>\n\t<meta name=\"twitter:data1\" content=\"3 minutes\" \/>\n<script type=\"application\/ld+json\" class=\"yoast-schema-graph\">{\"@context\":\"https:\/\/schema.org\",\"@graph\":[{\"@type\":\"WebPage\",\"@id\":\"https:\/\/folklore.ee\/kooliparimus\/kp\/kooliparimus-2007\/statistika\/\",\"url\":\"https:\/\/folklore.ee\/kooliparimus\/kp\/kooliparimus-2007\/statistika\/\",\"name\":\"Statistika - Koolip\u00e4rimus\",\"isPartOf\":{\"@id\":\"https:\/\/folklore.ee\/kooliparimus\/#website\"},\"primaryImageOfPage\":{\"@id\":\"https:\/\/folklore.ee\/kooliparimus\/kp\/kooliparimus-2007\/statistika\/#primaryimage\"},\"image\":{\"@id\":\"https:\/\/folklore.ee\/kooliparimus\/kp\/kooliparimus-2007\/statistika\/#primaryimage\"},\"thumbnailUrl\":\"https:\/\/folklore.ee\/kooliparimus\/wp-content\/uploads\/2023\/05\/kaanepilt.jpg\",\"datePublished\":\"2023-06-02T10:16:38+00:00\",\"dateModified\":\"2023-06-02T10:16:38+00:00\",\"breadcrumb\":{\"@id\":\"https:\/\/folklore.ee\/kooliparimus\/kp\/kooliparimus-2007\/statistika\/#breadcrumb\"},\"inLanguage\":\"en-US\",\"potentialAction\":[{\"@type\":\"ReadAction\",\"target\":[\"https:\/\/folklore.ee\/kooliparimus\/kp\/kooliparimus-2007\/statistika\/\"]}]},{\"@type\":\"ImageObject\",\"inLanguage\":\"en-US\",\"@id\":\"https:\/\/folklore.ee\/kooliparimus\/kp\/kooliparimus-2007\/statistika\/#primaryimage\",\"url\":\"https:\/\/folklore.ee\/kooliparimus\/wp-content\/uploads\/2023\/05\/kaanepilt.jpg\",\"contentUrl\":\"https:\/\/folklore.ee\/kooliparimus\/wp-content\/uploads\/2023\/05\/kaanepilt.jpg\",\"width\":2200,\"height\":306},{\"@type\":\"BreadcrumbList\",\"@id\":\"https:\/\/folklore.ee\/kooliparimus\/kp\/kooliparimus-2007\/statistika\/#breadcrumb\",\"itemListElement\":[{\"@type\":\"ListItem\",\"position\":1,\"name\":\"Home\",\"item\":\"https:\/\/folklore.ee\/kooliparimus\/\"},{\"@type\":\"ListItem\",\"position\":2,\"name\":\"Koolip\u00e4rimus\",\"item\":\"https:\/\/folklore.ee\/kooliparimus\/kp\/\"},{\"@type\":\"ListItem\",\"position\":3,\"name\":\"Koolip\u00e4rimus 2007\",\"item\":\"https:\/\/folklore.ee\/kooliparimus\/kp\/kooliparimus-2007\/\"},{\"@type\":\"ListItem\",\"position\":4,\"name\":\"Statistika\"}]},{\"@type\":\"WebSite\",\"@id\":\"https:\/\/folklore.ee\/kooliparimus\/#website\",\"url\":\"https:\/\/folklore.ee\/kooliparimus\/\",\"name\":\"Koolip\u00e4rimus\",\"description\":\"Eesti Kirjandusmuuseumi kogumisp\u00e4rimuse veebikeskkond.\",\"potentialAction\":[{\"@type\":\"SearchAction\",\"target\":{\"@type\":\"EntryPoint\",\"urlTemplate\":\"https:\/\/folklore.ee\/kooliparimus\/?s={search_term_string}\"},\"query-input\":{\"@type\":\"PropertyValueSpecification\",\"valueRequired\":true,\"valueName\":\"search_term_string\"}}],\"inLanguage\":\"en-US\"}]}<\/script>\n<!-- \/ Yoast SEO plugin. -->","yoast_head_json":{"title":"Statistika - Koolip\u00e4rimus","robots":{"index":"index","follow":"follow","max-snippet":"max-snippet:-1","max-image-preview":"max-image-preview:large","max-video-preview":"max-video-preview:-1"},"canonical":"https:\/\/folklore.ee\/kooliparimus\/kp\/kooliparimus-2007\/statistika\/","og_locale":"en_US","og_type":"article","og_title":"Statistika - Koolip\u00e4rimus","og_description":"Kool Vastajaid kokku Lehek\u00fclgi kokku Lehek\u00fclgi minimaalselt Lehek\u00fclgi keskmiselt Lehek\u00fclgi maksimaalselt Alavere P\u00f5hikool 10&nbsp; 23&nbsp; 1&nbsp; 2.3&nbsp; 4&nbsp; Antsla G\u00fcmnaasium 143&nbsp; 446&nbsp; 1&nbsp; 3.12&nbsp; 7&nbsp; Ardu P\u00f5hikool 43&nbsp; 624&nbsp; 5&nbsp; 14.51&nbsp; 55&nbsp; Aste P\u00f5hikool 13&nbsp; 76&nbsp; 3&nbsp; 5.85&nbsp; 11&nbsp; Audru Keskkool 5&nbsp; 9&nbsp; 1&nbsp; 1.8&nbsp; 3&nbsp; Ida-Virumaa Kutsehariduskeskus 7&nbsp; 10&nbsp; 1&nbsp; 1.43&nbsp; 2&nbsp; Iisaku G\u00fcmnaasium [&hellip;]","og_url":"https:\/\/folklore.ee\/kooliparimus\/kp\/kooliparimus-2007\/statistika\/","og_site_name":"Koolip\u00e4rimus","article_publisher":"https:\/\/www.facebook.com\/kirjandusmuuseum","og_image":[{"width":2200,"height":306,"url":"http:\/\/localhost\/kooliparimus\/wp-content\/uploads\/2023\/05\/kaanepilt.jpg","type":"image\/jpeg"}],"twitter_card":"summary_large_image","twitter_misc":{"Est. reading time":"3 minutes"},"schema":{"@context":"https:\/\/schema.org","@graph":[{"@type":"WebPage","@id":"https:\/\/folklore.ee\/kooliparimus\/kp\/kooliparimus-2007\/statistika\/","url":"https:\/\/folklore.ee\/kooliparimus\/kp\/kooliparimus-2007\/statistika\/","name":"Statistika - Koolip\u00e4rimus","isPartOf":{"@id":"https:\/\/folklore.ee\/kooliparimus\/#website"},"primaryImageOfPage":{"@id":"https:\/\/folklore.ee\/kooliparimus\/kp\/kooliparimus-2007\/statistika\/#primaryimage"},"image":{"@id":"https:\/\/folklore.ee\/kooliparimus\/kp\/kooliparimus-2007\/statistika\/#primaryimage"},"thumbnailUrl":"https:\/\/folklore.ee\/kooliparimus\/wp-content\/uploads\/2023\/05\/kaanepilt.jpg","datePublished":"2023-06-02T10:16:38+00:00","dateModified":"2023-06-02T10:16:38+00:00","breadcrumb":{"@id":"https:\/\/folklore.ee\/kooliparimus\/kp\/kooliparimus-2007\/statistika\/#breadcrumb"},"inLanguage":"en-US","potentialAction":[{"@type":"ReadAction","target":["https:\/\/folklore.ee\/kooliparimus\/kp\/kooliparimus-2007\/statistika\/"]}]},{"@type":"ImageObject","inLanguage":"en-US","@id":"https:\/\/folklore.ee\/kooliparimus\/kp\/kooliparimus-2007\/statistika\/#primaryimage","url":"https:\/\/folklore.ee\/kooliparimus\/wp-content\/uploads\/2023\/05\/kaanepilt.jpg","contentUrl":"https:\/\/folklore.ee\/kooliparimus\/wp-content\/uploads\/2023\/05\/kaanepilt.jpg","width":2200,"height":306},{"@type":"BreadcrumbList","@id":"https:\/\/folklore.ee\/kooliparimus\/kp\/kooliparimus-2007\/statistika\/#breadcrumb","itemListElement":[{"@type":"ListItem","position":1,"name":"Home","item":"https:\/\/folklore.ee\/kooliparimus\/"},{"@type":"ListItem","position":2,"name":"Koolip\u00e4rimus","item":"https:\/\/folklore.ee\/kooliparimus\/kp\/"},{"@type":"ListItem","position":3,"name":"Koolip\u00e4rimus 2007","item":"https:\/\/folklore.ee\/kooliparimus\/kp\/kooliparimus-2007\/"},{"@type":"ListItem","position":4,"name":"Statistika"}]},{"@type":"WebSite","@id":"https:\/\/folklore.ee\/kooliparimus\/#website","url":"https:\/\/folklore.ee\/kooliparimus\/","name":"Koolip\u00e4rimus","description":"Eesti Kirjandusmuuseumi kogumisp\u00e4rimuse veebikeskkond.","potentialAction":[{"@type":"SearchAction","target":{"@type":"EntryPoint","urlTemplate":"https:\/\/folklore.ee\/kooliparimus\/?s={search_term_string}"},"query-input":{"@type":"PropertyValueSpecification","valueRequired":true,"valueName":"search_term_string"}}],"inLanguage":"en-US"}]}},"_links":{"self":[{"href":"https:\/\/folklore.ee\/kooliparimus\/wp-json\/wp\/v2\/pages\/254","targetHints":{"allow":["GET"]}}],"collection":[{"href":"https:\/\/folklore.ee\/kooliparimus\/wp-json\/wp\/v2\/pages"}],"about":[{"href":"https:\/\/folklore.ee\/kooliparimus\/wp-json\/wp\/v2\/types\/page"}],"author":[{"embeddable":true,"href":"https:\/\/folklore.ee\/kooliparimus\/wp-json\/wp\/v2\/users\/1"}],"replies":[{"embeddable":true,"href":"https:\/\/folklore.ee\/kooliparimus\/wp-json\/wp\/v2\/comments?post=254"}],"version-history":[{"count":1,"href":"https:\/\/folklore.ee\/kooliparimus\/wp-json\/wp\/v2\/pages\/254\/revisions"}],"predecessor-version":[{"id":255,"href":"https:\/\/folklore.ee\/kooliparimus\/wp-json\/wp\/v2\/pages\/254\/revisions\/255"}],"up":[{"embeddable":true,"href":"https:\/\/folklore.ee\/kooliparimus\/wp-json\/wp\/v2\/pages\/250"}],"wp:featuredmedia":[{"embeddable":true,"href":"https:\/\/folklore.ee\/kooliparimus\/wp-json\/wp\/v2\/media\/12"}],"wp:attachment":[{"href":"https:\/\/folklore.ee\/kooliparimus\/wp-json\/wp\/v2\/media?parent=254"}],"curies":[{"name":"wp","href":"https:\/\/api.w.org\/{rel}","templated":true}]}}