{"id":263,"date":"2023-06-02T10:23:46","date_gmt":"2023-06-02T10:23:46","guid":{"rendered":"https:\/\/folklore.ee\/kooliparimus\/?page_id=263"},"modified":"2023-06-02T10:31:26","modified_gmt":"2023-06-02T10:31:26","slug":"kooliparimus-2007-voitjad","status":"publish","type":"page","link":"https:\/\/folklore.ee\/kooliparimus\/kp\/kooliparimus-2007\/kooliparimus-2007-voitjad\/","title":{"rendered":"Koolip\u00e4rimus 2007 v\u00f5itjad"},"content":{"rendered":"\n<div class=\"wp-block-buttons is-layout-flex wp-block-buttons-is-layout-flex\">\n<div class=\"wp-block-button\"><a class=\"wp-block-button__link wp-element-button\" href=\"\/kooliparimus\/kp\/kooliparimus-2007\/kooliparimus-2007-voitjad\/galerii\/\">Galerii<\/a><\/div>\n<\/div>\n\n\n\n<p>\u00dcle-eestilise koolip\u00e4rimuse kogumisv\u00f5istluse l\u00f5petamine toimus 26. mail 2007. aastal kell 12.00 Eesti Kirjandusmuuseumis Tartus<\/p>\n\n\n\n<p><strong>AVAMINE<\/strong><br><strong>Risto J\u00e4rv<\/strong>, koolip\u00e4rimuse kogumisv\u00f5istluse korraldustoimkonna liige<\/p>\n\n\n\n<p><strong>TERVITUSS\u00d5NAD<\/strong><br><strong>Ergo-Hart V\u00e4strik<\/strong>, Eesti Rahvaluule Arhiivi juhataja <strong>Tiina Kivirand<\/strong>, Haridus- ja Teadusministeeriumi \u00fcldharidusosakonna juhataja<\/p>\n\n\n\n<p>L\u00fchi\u00fclevaade koolip\u00e4rimuse kogumisv\u00f5istlusest 2007 <strong>Astrid Tuisk<\/strong>, <strong>Ave Tupits<\/strong>, <strong>Piret Voolaid<\/strong><\/p>\n\n\n\n<p>Parimate osav\u00f5tjate autasustamine<\/p>\n\n\n\n<p>Kontsert ansamblilt Talveunes Kiilid<\/p>\n\n\n\n<p>Magus \u00fcllatus<br>Soovijatele ekskursioon Eesti Rahvaluule Arhiivi<\/p>\n\n\n\n<h2 class=\"wp-block-heading\">Vanuser\u00fchm 4.-5. klassini<\/h2>\n\n\n\n<p>I auhind &#8211; Laura Valdma, Ardu P\u00f5hikool<br>II auhind &#8211; Sille-Liis M\u00e4nnik, Tallinna Inglise Kolled\u017e<br>III auhind &#8211; Elis Kevvai, Ardu P\u00f5hikool<\/p>\n\n\n\n<p><br>S\u00f5pruskonna eriauhind &#8211; Triin M\u00e4rtsin, Voore P\u00f5hikool<br>S\u00f5pruskonna eriauhind &#8211; Kertu Kaasik, Voore P\u00f5hikool<br>S\u00f5pruskonna eriauhind &#8211; Jaana Kirss, Voore P\u00f5hikool<br>Murdekeelse materjalikogu eriauhind &#8211; Martin K\u00e4\u00e4rik, Tartu Mart Reiniku G\u00fcmnaasium<br>Eriauhind tubli vastuse eest &#8211; Elisabeth K\u00fcttim, Tartu Mart Reiniku G\u00fcmnaasium<br>Eriauhind tubli vastuse eest &#8211; K\u00e4tlin Tamm, Kose G\u00fcmnaasium<br>Eriauhind tubli vastuse eest &#8211; Angela K\u00fctt, V\u00e4ike-Maarja G\u00fcmnaasium<br>Eriauhind tubli vastuse eest &#8211; Maria Kraju\u0161kina, Tallinna Inglise Kolled\u017e<br>Nalja-ja hirmuteema eriauhind &#8211; Sandra Kaasik, O. Lutsu Palamuse G\u00fcmnaasium<br>Virtuaalspordi eriauhind &#8211; Patrik Pruunsild, Tartu Mart Reiniku G\u00fcmnaasium<br>Murdekeelse vastuse eriauhind &#8211; Maige Utsal, Varstu Keskkool<br>Murdekeelse vastuse eriauhind &#8211; Teele Piir, Varstu Keskkool<br>Eriauhind tubli vastuse eest &#8211; Jane-Ly Vago, Pikakannu P\u00f5hikool<br>Eriauhind tubli vastuse eest &#8211; Triinu Bergmann, Tartu Mart Reiniku G\u00fcmnaasium<br>Maiasmoka eriauhind &#8211; Voore P\u00f5hikooli 5. klass<\/p>\n\n\n\n<h2 class=\"wp-block-heading\">Vanuser\u00fchm 6.-7. klassini<\/h2>\n\n\n\n<p>I auhind &#8211; Marylin Fridolin, Tartu Kivilinna G\u00fcmnaasium<br>II auhind &#8211; Maaja Lilleleht, Tartu Miina H\u00e4rma G\u00fcmnaasium<br>II auhind &#8211; Helina Rajasalu, K\u00e4rdla \u00dchisg\u00fcmnaasium<br>II auhind &#8211; Omida Velviste, Orissaare G\u00fcmnaasium<br>III auhind &#8211; Tiiu \u00dcksik, K\u00e4rdla \u00dchisg\u00fcmnaasium<br>III auhind &#8211; Silvia Teras K\u00e4rdla \u00dchisg\u00fcmnaasium<br>III auhind &#8211; Karoline Paide K\u00f5rvek\u00fcla P\u00f5hikool<\/p>\n\n\n\n<p><br>Eesti Kultuurkapitali eriauhind &#8211; Kelly Saarepera, Orissaare G\u00fcmnaasium<br>Eesti Kultuurkapitali eriauhind- Marii Rasva, Orissaare G\u00fcmnaasium<br>Eesti Rahvaluule Arhiivi eriauhind &#8211; Lona-Liisa Sutt, Tartu Miina H\u00e4rma G\u00fcmnaasium<br>Tartu \u00dclikooli eesti ja v\u00f5rdleva rahvaluule \u00f5ppetooli eriauhind &#8211; Mari-Ann Valdre, Iisaku G\u00fcmnaasium<br>Murdekeelse vastuse eriauhind &#8211; Anna Oltjan, Varstu Keskkool<br>Mobiilifolkloori eriauhind &#8211; Keit Lees, Muhu P\u00f5hikool<br>N\u00f5ukogudeaegse naljalaulu eriauhind &#8211; Christel Nael, Tallinna 37. Keskkool<br>Poistemaailma eriauhind &#8211; Kaur Pikhoff, Iisaku G\u00fcmnaasium<br>Salmide ja laulude eriauhind &#8211; Janika Vaht, Leie P\u00f5hikool<br>Eriauhind tubli vastuse eest &#8211; Kirsti Vaikla, Keila G\u00fcmnaasium<br>Eriauhind tubli vastuse eest &#8211; Kristin Kolts, Tartu Mart Reiniku G\u00fcmnaasium<br>Eriauhind tubli vastuse eest &#8211; Hanna Antson, Tartu Mart Reiniku G\u00fcmnaasium<br>Eriauhind tubli vastuse eest &#8211; Kevin Liimast, Tartu Mart Reiniku G\u00fcmnaasium<br>Eriauhind tubli vastuse eest Maria K\u00fctt Tartu Mart Reiniku G\u00fcmnaasium<br>Lemmiklooma eriauhind &#8211; Taavi Orro, V\u00e4ike-Maarja G\u00fcmnaasium<br>Eriauhind tubli vastuse eest &#8211; Maris Kahre, Kose G\u00fcmnaasium<br>Eriauhind tubli vastuse eest &#8211; Carol R\u00fc\u00fctsalu, Kose G\u00fcmnaasium<br>Eriauhind tubli vastuse eest &#8211; Laura Vaaks, Kose G\u00fcmnaasium<br>Veekeskuse Tervise Paradiisi r\u00fchmaauhind &#8211; P\u00e4rnu S\u00fctevaka Humanitaarg\u00fcmnaasiumi 7. klass<br>Auhind hea klassit\u00f6\u00f6 eest &#8211; Muhu P\u00f5hikooli 6. klass<br>Maiasmoka eriauhind &#8211; Voore P\u00f5hikooli 6. klass<\/p>\n\n\n\n<h2 class=\"wp-block-heading\">Vanuser\u00fchm 8.-9. klassini<\/h2>\n\n\n\n<p>I auhind &#8211; Andre Tamm, Tallinna Inglise Kolled\u017e<br>II auhind &#8211; Raina Liiva, Ardu P\u00f5hikool<br>II auhind &#8211; Liis Arras Ardu P\u00f5hikool<br>II auhind &#8211; Anastassia Mi\u0161enkina Tallinna 37. Keskkool<\/p>\n\n\n\n<p><br>Eesti Kultuurkapitali eriauhind &#8211; Heli Laurits, Orissaare G\u00fcmnaasium<br>Eesti Kultuurkapitali eriauhind &#8211; Jaanika Niklus, L\u00fcllem\u00e4e P\u00f5hikool<br>Eesti Kultuurkapitali eriauhind &#8211; Daisi Kaaristo, Pikakannu P\u00f5hikool<br>Kogumisv\u00f5istluse moto eriauhind &#8211; Astra S\u00e4\u00e4lik, Oskar Lutsu Palamuse G\u00fcmnaasium<br>Koomiksite eriauhind &#8211; Triinu Sermann, M\u00f5isak\u00fcla Keskkool<br>Arvutim\u00e4ngude eriauhind &#8211; Erko Salo, P\u00e4rnu Hansag\u00fcmnaasium<br>Nalja- ja jutuauhind &#8211; Taavi Toomsalu, Leie P\u00f5hikool<br>Vaimuloo eriauhind &#8211; Jane Jaaniste, M\u00e4rjamaa G\u00fcmnaasium<br>Sportlike ergutush\u00fc\u00fcete eriauhind &#8211; Maarja K\u00fcnnap, M\u00e4rjamaa G\u00fcmnaasium<br>Oman\u00e4olise hirmuloo ja kunstitemaatika eriauhind &#8211; Asian Ho, Tallinna 37. Keskkool<br>Salmikute eriauhind &#8211; Diana Gandera, Iisaku G\u00fcmnaasium<br>Salmikute eriauhind &#8211; Liina Kirtsi, Voore P\u00f5hikool<br>Veebivastuse eriauhind &#8211; Liisa-Maria L\u00f5oke, Tallinna Inglise Kolled\u017e<br>Teema \u201eVaba aega ja s\u00f5brad\u201c eriauhind &#8211; Timo Noot, Orissaare G\u00fcmnaasium<br>Lemmiklooma eriauhind &#8211; Sigrit \u00d5ismaa, Virtsu P\u00f5hikool<br>Oman\u00e4olise vastuse eriauhind &#8211; Kerli Kostin, Pikakannu P\u00f5hikool<br>RMK klassit\u00f6\u00f6 eriauhind &#8211; Viljandi Maag\u00fcmnaasiumi 8.-9. klasside vastajad ja \u00f5petaja Alli Lunter<\/p>\n\n\n\n<h2 class=\"wp-block-heading\">Vanuser\u00fchm 10.-12. klassini<\/h2>\n\n\n\n<p>I auhind &#8211; Andra K\u00fctt, Viljandi Paalalinna G\u00fcmnaasium<br>II auhind &#8211; Reet Ristm\u00e4gi, N\u00f5o Reaalg\u00fcmnaasium<br>III auhind &#8211; Astrid Pajur, Tartu Miina H\u00e4rma G\u00fcmnaasium<br>IV auhind &#8211; Silja Hallik, M\u00e4rjamaa G\u00fcmnaasium<br>IV auhind &#8211; Triin J\u00fcrissaar, Paide Kutsekeskkool<\/p>\n\n\n\n<p><br>Eesti Kultuurkapitali eriauhind &#8211; Dagmar Hekki, Valga G\u00fcmnaasium<br>Eesti Vabariigi Presidendi eriauhind &#8211; Kairi Maasik, V\u00e4ike-Maarja G\u00fcmnaasium<br>Eesti Vabariigi Presidendi eriauhind &#8211; Ingrid Juht, Valga G\u00fcmnaasium<br>Eesti Vabariigi Presidendi eriauhind &#8211; Tiiu Soosaar, Keila G\u00fcmnaasium<br>Eesti Vabariigi Presidendi eriauhind &#8211; Pille Lumi, Viljandi Maag\u00fcmnaasium<br>Eesti Vabariigi Presidendi eriauhind &#8211; Indrek Allvee, Viljandi Paalalinna G\u00fcmnaasium<br>Eesti Vabariigi Presidendi eriauhind &#8211; Grete Pikani, M\u00e4rjamaa G\u00fcmnaasium<br>Teema \u201eT\u00e4htp\u00e4evad ja peod\u201c eriauhind &#8211; Karin Toom, Viljandi Paalalinna G\u00fcmnaasiu<br>Poistemaailma eriauhind &#8211; Jarko Juus, Paide Kutsekeskkool<br>Kildude eriauhind &#8211; Mihkel Singi, K\u00e4rdla \u00dchisg\u00fcmnaasium<br>Ol\u00fcmpiaadi materjalikogu eriauhind &#8211; Kaisa Kulasalu, Hugo Treffneri G\u00fcmnaasium<br>M\u00e4ngude eriauhind &#8211; Evelin Villemson, Kohtla-J\u00e4rve \u00dchisg\u00fcmnaasium<br>\u00d5udus- ja linnajuttude eriauhind &#8211; Kati Viin, Tallinna Saksa G\u00fcmnaasium<br>\u00d5udus- ja linnajuttude eriauhind &#8211; Kristiina Sardis, Paide G\u00fcmnaasium<br>V\u00f5rukeelse vastuse eriauhind &#8211; Heldur Kasak, Varstu Keskkool<br>Salmikute eriauhind &#8211; Marit Raud, M\u00e4rjamaa G\u00fcmnaasium<br>Kauni kujunduse eriauhind &#8211; Gerda Noorlind, V\u00e4ike-Maarja G\u00fcmnaasium<br>Vaimuka meiliaadressi eriauhind &#8211; Mihkel Mere\u00e4\u00e4r, Orissaare G\u00fcmnaasium<\/p>\n\n\n\n<p><strong>T\u00e4name k\u00f5iki vastajaid!<\/strong> Ka neid, kes pole auhinnasaajate hulgas, kuid kelle t\u00f6\u00f6d s\u00e4ilitatakse tulevastele p\u00f5lvedele arhiivis. Suur ait\u00e4h k\u00f5igile \u00f5petajatele, kes innustasid \u00f5pilasi koolip\u00e4rimuse kogumisv\u00f5istlusel osalema ja neid juhendasid.<\/p>\n","protected":false},"excerpt":{"rendered":"<p>\u00dcle-eestilise koolip\u00e4rimuse kogumisv\u00f5istluse l\u00f5petamine toimus 26. mail 2007. aastal kell 12.00 Eesti Kirjandusmuuseumis Tartus AVAMINERisto J\u00e4rv, koolip\u00e4rimuse kogumisv\u00f5istluse korraldustoimkonna liige TERVITUSS\u00d5NADErgo-Hart V\u00e4strik, Eesti Rahvaluule Arhiivi juhataja Tiina Kivirand, Haridus- ja Teadusministeeriumi \u00fcldharidusosakonna juhataja L\u00fchi\u00fclevaade koolip\u00e4rimuse kogumisv\u00f5istlusest 2007 Astrid Tuisk, Ave Tupits, Piret Voolaid Parimate osav\u00f5tjate autasustamine Kontsert ansamblilt Talveunes Kiilid Magus \u00fcllatusSoovijatele ekskursioon Eesti Rahvaluule [&hellip;]<\/p>\n","protected":false},"author":1,"featured_media":12,"parent":250,"menu_order":0,"comment_status":"closed","ping_status":"closed","template":"","meta":{"footnotes":""},"class_list":["post-263","page","type-page","status-publish","has-post-thumbnail","hentry"],"yoast_head":"<!-- This site is optimized with the Yoast SEO plugin v23.7 - https:\/\/yoast.com\/wordpress\/plugins\/seo\/ -->\n<title>Koolip\u00e4rimus 2007 v\u00f5itjad - Koolip\u00e4rimus<\/title>\n<meta name=\"robots\" content=\"index, follow, max-snippet:-1, max-image-preview:large, max-video-preview:-1\" \/>\n<link rel=\"canonical\" href=\"https:\/\/folklore.ee\/kooliparimus\/kp\/kooliparimus-2007\/kooliparimus-2007-voitjad\/\" \/>\n<meta property=\"og:locale\" content=\"en_US\" \/>\n<meta property=\"og:type\" content=\"article\" \/>\n<meta property=\"og:title\" content=\"Koolip\u00e4rimus 2007 v\u00f5itjad - Koolip\u00e4rimus\" \/>\n<meta property=\"og:description\" content=\"\u00dcle-eestilise koolip\u00e4rimuse kogumisv\u00f5istluse l\u00f5petamine toimus 26. mail 2007. aastal kell 12.00 Eesti Kirjandusmuuseumis Tartus AVAMINERisto J\u00e4rv, koolip\u00e4rimuse kogumisv\u00f5istluse korraldustoimkonna liige TERVITUSS\u00d5NADErgo-Hart V\u00e4strik, Eesti Rahvaluule Arhiivi juhataja Tiina Kivirand, Haridus- ja Teadusministeeriumi \u00fcldharidusosakonna juhataja L\u00fchi\u00fclevaade koolip\u00e4rimuse kogumisv\u00f5istlusest 2007 Astrid Tuisk, Ave Tupits, Piret Voolaid Parimate osav\u00f5tjate autasustamine Kontsert ansamblilt Talveunes Kiilid Magus \u00fcllatusSoovijatele ekskursioon Eesti Rahvaluule [&hellip;]\" \/>\n<meta property=\"og:url\" content=\"https:\/\/folklore.ee\/kooliparimus\/kp\/kooliparimus-2007\/kooliparimus-2007-voitjad\/\" \/>\n<meta property=\"og:site_name\" content=\"Koolip\u00e4rimus\" \/>\n<meta property=\"article:publisher\" content=\"https:\/\/www.facebook.com\/kirjandusmuuseum\" \/>\n<meta property=\"article:modified_time\" content=\"2023-06-02T10:31:26+00:00\" \/>\n<meta property=\"og:image\" content=\"http:\/\/localhost\/kooliparimus\/wp-content\/uploads\/2023\/05\/kaanepilt.jpg\" \/>\n\t<meta property=\"og:image:width\" content=\"2200\" \/>\n\t<meta property=\"og:image:height\" content=\"306\" \/>\n\t<meta property=\"og:image:type\" content=\"image\/jpeg\" \/>\n<meta name=\"twitter:card\" content=\"summary_large_image\" \/>\n<meta name=\"twitter:label1\" content=\"Est. reading time\" \/>\n\t<meta name=\"twitter:data1\" content=\"4 minutes\" \/>\n<script type=\"application\/ld+json\" class=\"yoast-schema-graph\">{\"@context\":\"https:\/\/schema.org\",\"@graph\":[{\"@type\":\"WebPage\",\"@id\":\"https:\/\/folklore.ee\/kooliparimus\/kp\/kooliparimus-2007\/kooliparimus-2007-voitjad\/\",\"url\":\"https:\/\/folklore.ee\/kooliparimus\/kp\/kooliparimus-2007\/kooliparimus-2007-voitjad\/\",\"name\":\"Koolip\u00e4rimus 2007 v\u00f5itjad - Koolip\u00e4rimus\",\"isPartOf\":{\"@id\":\"https:\/\/folklore.ee\/kooliparimus\/#website\"},\"primaryImageOfPage\":{\"@id\":\"https:\/\/folklore.ee\/kooliparimus\/kp\/kooliparimus-2007\/kooliparimus-2007-voitjad\/#primaryimage\"},\"image\":{\"@id\":\"https:\/\/folklore.ee\/kooliparimus\/kp\/kooliparimus-2007\/kooliparimus-2007-voitjad\/#primaryimage\"},\"thumbnailUrl\":\"https:\/\/folklore.ee\/kooliparimus\/wp-content\/uploads\/2023\/05\/kaanepilt.jpg\",\"datePublished\":\"2023-06-02T10:23:46+00:00\",\"dateModified\":\"2023-06-02T10:31:26+00:00\",\"breadcrumb\":{\"@id\":\"https:\/\/folklore.ee\/kooliparimus\/kp\/kooliparimus-2007\/kooliparimus-2007-voitjad\/#breadcrumb\"},\"inLanguage\":\"en-US\",\"potentialAction\":[{\"@type\":\"ReadAction\",\"target\":[\"https:\/\/folklore.ee\/kooliparimus\/kp\/kooliparimus-2007\/kooliparimus-2007-voitjad\/\"]}]},{\"@type\":\"ImageObject\",\"inLanguage\":\"en-US\",\"@id\":\"https:\/\/folklore.ee\/kooliparimus\/kp\/kooliparimus-2007\/kooliparimus-2007-voitjad\/#primaryimage\",\"url\":\"https:\/\/folklore.ee\/kooliparimus\/wp-content\/uploads\/2023\/05\/kaanepilt.jpg\",\"contentUrl\":\"https:\/\/folklore.ee\/kooliparimus\/wp-content\/uploads\/2023\/05\/kaanepilt.jpg\",\"width\":2200,\"height\":306},{\"@type\":\"BreadcrumbList\",\"@id\":\"https:\/\/folklore.ee\/kooliparimus\/kp\/kooliparimus-2007\/kooliparimus-2007-voitjad\/#breadcrumb\",\"itemListElement\":[{\"@type\":\"ListItem\",\"position\":1,\"name\":\"Home\",\"item\":\"https:\/\/folklore.ee\/kooliparimus\/\"},{\"@type\":\"ListItem\",\"position\":2,\"name\":\"Koolip\u00e4rimus\",\"item\":\"https:\/\/folklore.ee\/kooliparimus\/kp\/\"},{\"@type\":\"ListItem\",\"position\":3,\"name\":\"Koolip\u00e4rimus 2007\",\"item\":\"https:\/\/folklore.ee\/kooliparimus\/kp\/kooliparimus-2007\/\"},{\"@type\":\"ListItem\",\"position\":4,\"name\":\"Koolip\u00e4rimus 2007 v\u00f5itjad\"}]},{\"@type\":\"WebSite\",\"@id\":\"https:\/\/folklore.ee\/kooliparimus\/#website\",\"url\":\"https:\/\/folklore.ee\/kooliparimus\/\",\"name\":\"Koolip\u00e4rimus\",\"description\":\"Eesti Kirjandusmuuseumi kogumisp\u00e4rimuse veebikeskkond.\",\"potentialAction\":[{\"@type\":\"SearchAction\",\"target\":{\"@type\":\"EntryPoint\",\"urlTemplate\":\"https:\/\/folklore.ee\/kooliparimus\/?s={search_term_string}\"},\"query-input\":{\"@type\":\"PropertyValueSpecification\",\"valueRequired\":true,\"valueName\":\"search_term_string\"}}],\"inLanguage\":\"en-US\"}]}<\/script>\n<!-- \/ Yoast SEO plugin. -->","yoast_head_json":{"title":"Koolip\u00e4rimus 2007 v\u00f5itjad - Koolip\u00e4rimus","robots":{"index":"index","follow":"follow","max-snippet":"max-snippet:-1","max-image-preview":"max-image-preview:large","max-video-preview":"max-video-preview:-1"},"canonical":"https:\/\/folklore.ee\/kooliparimus\/kp\/kooliparimus-2007\/kooliparimus-2007-voitjad\/","og_locale":"en_US","og_type":"article","og_title":"Koolip\u00e4rimus 2007 v\u00f5itjad - Koolip\u00e4rimus","og_description":"\u00dcle-eestilise koolip\u00e4rimuse kogumisv\u00f5istluse l\u00f5petamine toimus 26. mail 2007. aastal kell 12.00 Eesti Kirjandusmuuseumis Tartus AVAMINERisto J\u00e4rv, koolip\u00e4rimuse kogumisv\u00f5istluse korraldustoimkonna liige TERVITUSS\u00d5NADErgo-Hart V\u00e4strik, Eesti Rahvaluule Arhiivi juhataja Tiina Kivirand, Haridus- ja Teadusministeeriumi \u00fcldharidusosakonna juhataja L\u00fchi\u00fclevaade koolip\u00e4rimuse kogumisv\u00f5istlusest 2007 Astrid Tuisk, Ave Tupits, Piret Voolaid Parimate osav\u00f5tjate autasustamine Kontsert ansamblilt Talveunes Kiilid Magus \u00fcllatusSoovijatele ekskursioon Eesti Rahvaluule [&hellip;]","og_url":"https:\/\/folklore.ee\/kooliparimus\/kp\/kooliparimus-2007\/kooliparimus-2007-voitjad\/","og_site_name":"Koolip\u00e4rimus","article_publisher":"https:\/\/www.facebook.com\/kirjandusmuuseum","article_modified_time":"2023-06-02T10:31:26+00:00","og_image":[{"width":2200,"height":306,"url":"http:\/\/localhost\/kooliparimus\/wp-content\/uploads\/2023\/05\/kaanepilt.jpg","type":"image\/jpeg"}],"twitter_card":"summary_large_image","twitter_misc":{"Est. reading time":"4 minutes"},"schema":{"@context":"https:\/\/schema.org","@graph":[{"@type":"WebPage","@id":"https:\/\/folklore.ee\/kooliparimus\/kp\/kooliparimus-2007\/kooliparimus-2007-voitjad\/","url":"https:\/\/folklore.ee\/kooliparimus\/kp\/kooliparimus-2007\/kooliparimus-2007-voitjad\/","name":"Koolip\u00e4rimus 2007 v\u00f5itjad - Koolip\u00e4rimus","isPartOf":{"@id":"https:\/\/folklore.ee\/kooliparimus\/#website"},"primaryImageOfPage":{"@id":"https:\/\/folklore.ee\/kooliparimus\/kp\/kooliparimus-2007\/kooliparimus-2007-voitjad\/#primaryimage"},"image":{"@id":"https:\/\/folklore.ee\/kooliparimus\/kp\/kooliparimus-2007\/kooliparimus-2007-voitjad\/#primaryimage"},"thumbnailUrl":"https:\/\/folklore.ee\/kooliparimus\/wp-content\/uploads\/2023\/05\/kaanepilt.jpg","datePublished":"2023-06-02T10:23:46+00:00","dateModified":"2023-06-02T10:31:26+00:00","breadcrumb":{"@id":"https:\/\/folklore.ee\/kooliparimus\/kp\/kooliparimus-2007\/kooliparimus-2007-voitjad\/#breadcrumb"},"inLanguage":"en-US","potentialAction":[{"@type":"ReadAction","target":["https:\/\/folklore.ee\/kooliparimus\/kp\/kooliparimus-2007\/kooliparimus-2007-voitjad\/"]}]},{"@type":"ImageObject","inLanguage":"en-US","@id":"https:\/\/folklore.ee\/kooliparimus\/kp\/kooliparimus-2007\/kooliparimus-2007-voitjad\/#primaryimage","url":"https:\/\/folklore.ee\/kooliparimus\/wp-content\/uploads\/2023\/05\/kaanepilt.jpg","contentUrl":"https:\/\/folklore.ee\/kooliparimus\/wp-content\/uploads\/2023\/05\/kaanepilt.jpg","width":2200,"height":306},{"@type":"BreadcrumbList","@id":"https:\/\/folklore.ee\/kooliparimus\/kp\/kooliparimus-2007\/kooliparimus-2007-voitjad\/#breadcrumb","itemListElement":[{"@type":"ListItem","position":1,"name":"Home","item":"https:\/\/folklore.ee\/kooliparimus\/"},{"@type":"ListItem","position":2,"name":"Koolip\u00e4rimus","item":"https:\/\/folklore.ee\/kooliparimus\/kp\/"},{"@type":"ListItem","position":3,"name":"Koolip\u00e4rimus 2007","item":"https:\/\/folklore.ee\/kooliparimus\/kp\/kooliparimus-2007\/"},{"@type":"ListItem","position":4,"name":"Koolip\u00e4rimus 2007 v\u00f5itjad"}]},{"@type":"WebSite","@id":"https:\/\/folklore.ee\/kooliparimus\/#website","url":"https:\/\/folklore.ee\/kooliparimus\/","name":"Koolip\u00e4rimus","description":"Eesti Kirjandusmuuseumi kogumisp\u00e4rimuse veebikeskkond.","potentialAction":[{"@type":"SearchAction","target":{"@type":"EntryPoint","urlTemplate":"https:\/\/folklore.ee\/kooliparimus\/?s={search_term_string}"},"query-input":{"@type":"PropertyValueSpecification","valueRequired":true,"valueName":"search_term_string"}}],"inLanguage":"en-US"}]}},"_links":{"self":[{"href":"https:\/\/folklore.ee\/kooliparimus\/wp-json\/wp\/v2\/pages\/263","targetHints":{"allow":["GET"]}}],"collection":[{"href":"https:\/\/folklore.ee\/kooliparimus\/wp-json\/wp\/v2\/pages"}],"about":[{"href":"https:\/\/folklore.ee\/kooliparimus\/wp-json\/wp\/v2\/types\/page"}],"author":[{"embeddable":true,"href":"https:\/\/folklore.ee\/kooliparimus\/wp-json\/wp\/v2\/users\/1"}],"replies":[{"embeddable":true,"href":"https:\/\/folklore.ee\/kooliparimus\/wp-json\/wp\/v2\/comments?post=263"}],"version-history":[{"count":6,"href":"https:\/\/folklore.ee\/kooliparimus\/wp-json\/wp\/v2\/pages\/263\/revisions"}],"predecessor-version":[{"id":281,"href":"https:\/\/folklore.ee\/kooliparimus\/wp-json\/wp\/v2\/pages\/263\/revisions\/281"}],"up":[{"embeddable":true,"href":"https:\/\/folklore.ee\/kooliparimus\/wp-json\/wp\/v2\/pages\/250"}],"wp:featuredmedia":[{"embeddable":true,"href":"https:\/\/folklore.ee\/kooliparimus\/wp-json\/wp\/v2\/media\/12"}],"wp:attachment":[{"href":"https:\/\/folklore.ee\/kooliparimus\/wp-json\/wp\/v2\/media?parent=263"}],"curies":[{"name":"wp","href":"https:\/\/api.w.org\/{rel}","templated":true}]}}