{"id":301,"date":"2023-06-02T12:04:57","date_gmt":"2023-06-02T12:04:57","guid":{"rendered":"https:\/\/folklore.ee\/kooliparimus\/?page_id=301"},"modified":"2024-11-20T07:04:29","modified_gmt":"2024-11-20T07:04:29","slug":"lp-2010","status":"publish","type":"page","link":"https:\/\/folklore.ee\/kooliparimus\/lasteaiaparimus\/lp-2010\/","title":{"rendered":"Vares vaga, saba taga, lendas \u00fcle P\u00f5hjanaba"},"content":{"rendered":"\n<p><strong>14.-15. oktoobril 2010 toimus Eesti Rahva Muuseumi n\u00e4itusemajas<\/strong> (J. Kuperjanovi 9, Tartu) koolitusseminar, mille eesm\u00e4rk on anal\u00fc\u00fcsida eesti keele rolli emakeelep\u00f5histe kultuuriv\u00e4\u00e4rtuste kujundamisel, keskendudes keele\u00f5ppele alushariduses<\/p>\n\n\n\n<p>Kahep\u00e4evasel seminaril esinesid ettekannetega kirjanikud, teadlased, muuseumit\u00f6\u00f6tajad ja alushariduse praktikud. Arutleti keelekasutuse t\u00e4henduse ja v\u00e4\u00e4rtuse \u00fcle \u00fchiskonnas ning k\u00e4sitleti kultuurip\u00e4randi ja folkloori kasutusv\u00f5imalusi keele\u00f5ppes. Seminariettekannete \u00fclesanne oli anal\u00fc\u00fcsida, mil m\u00e4\u00e4ral arendatakse eesti keele keskseid v\u00e4\u00e4rtusi lasteaia keele\u00f5ppes ning missuguseid t\u00f5husaid ja lastele meeldivaid viise selleks on kasutatud. Seminari t\u00f6\u00f6padades otsitakse v\u00f5imalusi alusharidusliku eesti keele \u00f5ppe atraktiivsuse suurendamiseks.<\/p>\n\n\n\n<p>Seminar toimus riikliku programmi \u201eEesti \u00fchiskonna v\u00e4\u00e4rtusarendus 2009-2013\u201c raames. Seminari toetajad Emakeele Selts, Eesti Kirjandusmuuseum, AS Ajakirjade Kirjastus ja ajakiri Hea Laps.<\/p>\n\n\n\n<p>Seminari korraldajad olid Eesti Haridus- ja Teadusministeerium ning Eesti Rahva Muuseum ning see oli suunatud alusharidusega tegelevatele ametnikele ja \u00f5petajatele.<\/p>\n\n\n\n<p><strong>KAVA<\/strong><\/p>\n\n\n\n<p><strong>Neljap\u00e4ev, 14. oktoober 2010 Eesti Rahva Muuseumi n\u00e4itusemaja loengusaal (J. Kuperjanovi 9, Tartu)<\/strong><\/p>\n\n\n\n<p><strong>11.00 Registreerimine<\/strong><\/p>\n\n\n\n<p>P\u00e4eva juhatab Aigar Raudsepp<\/p>\n\n\n\n<p><strong>11.15 Avamine<\/strong><br>Andres Koppel, Haridus- ja Teadusministeeriumi asekantsler<br>Nelli Jung, Haridus- ja Teadusministeeriumi riikliku programmi &#8220;Eesti \u00fchiskonna v\u00e4\u00e4rtusarendus 2009-2013&#8221; projektijuht<br>Krista Aru, Eesti Rahva Muuseumi direktor<br>11.30 Leelo Tungal (ajakiri Hea Laps), Hea laps &#8211; lambasilm, saba taha &#8211; valmis hunt<br>12.00 Inger Kraav (Tartu \u00dclikool), <a href=\"\/kooliparimus\/wp-content\/uploads\/2023\/06\/2010_Inger_Kraav.ppt\">Keel kui kultuuri vahendaja (ppt, 3.2 MiB)<\/a><\/p>\n\n\n\n<p>12.30-12.50 Kohvipaus<\/p>\n\n\n\n<p><strong>12.50<\/strong><br>12.50 Annika Kilgi (Emakeele Selts \/ Tallinna \u00dclikool), <a href=\"\/kooliparimus\/wp-content\/uploads\/2023\/06\/2010_Annika_Kilgi.ppt\">Lapses\u00f5bralikud s\u00f5nam\u00e4ngud (ppt, 2.6 MiB)<\/a><br>13.10 Kadri S\u00f5rmus (Tartu \u00dclikool), &#8220;Keeletarga&#8221; projekt<br>13.30 Merike Lillo (lasteaed Helika), &#8220;Omatehtud m\u00e4ngud Hea Alguse r\u00fchmas<\/p>\n\n\n\n<p>14.00-14.45 L\u00f5una<\/p>\n\n\n\n<p><strong>14.45<\/strong><br>14.45 Piret Voolaid (Eesti Kirjandusmuuseum), <a href=\"\/kooliparimus\/wp-content\/uploads\/2023\/06\/2010_Piret_Voolaid.ppt\">Nipp-napp null, sina oled kull: lastefolkloori kogumisest uurimise ja t\u00f5lgendamiseni (ppt, 5.3 MiB)<\/a><br>15.05 Kristel Rattus, Virve Tuubel (Eesti Rahva Muuseum), <a href=\"\/kooliparimus\/wp-content\/uploads\/2023\/06\/2010_Kristel_Rattus_Virve-Tuubel.ppt\">Keele n\u00e4itlikustamine n\u00e4itusel &#8220;Muuseum n\u00e4itab keelt&#8221; (ppt, 2.2 MiB)<\/a><br>15.30 P\u00e4eva kokkuv\u00f5te<br>15.45-17.00 Ekskursioonid Eesti Rahva Muuseumi n\u00e4itusemajas n\u00e4itustel (vaheldumisi kahes grupis) \u201eMuuseum n\u00e4itab keelt\u201c &#8211; Kristel Rattus, Kaspar Jassa ja \u201eEesti. Maa, rahvas, kultuur\u201c &#8211; Virve Tuubel<br>17.15-19.00 Tartu M\u00e4nguasjamuuseumi ekskursioon, Lutsu 8<\/p>\n\n\n\n<div style=\"height:15px\" aria-hidden=\"true\" class=\"wp-block-spacer\"><\/div>\n\n\n\n<p><strong>Reede, 15. oktoober 2010 Eesti Rahva Muuseum, Raadi m\u00f5isakompleks (Narva mnt 177)<\/strong><\/p>\n\n\n\n<p><strong>10.00<\/strong><br>10.00 Ekskursioon Raadi m\u00f5isapargis ja n\u00e4itustel (vaheldumisi kahes grupis)<br>11.30 Grupit\u00f6\u00f6d: juhendavad Piret Voolaid, Kaspar Jassa, Virve Tuubel, Merike Lillo<br>13.30 Kokkuv\u00f5tted grupit\u00f6\u00f6dest<\/p>\n\n\n\n<p>Seminarij\u00e4rgne programm Eesti Rahva Muuseumi n\u00e4itusemajas<br><strong>15.00<br><\/strong>15.00 Kihnu keele \u00f5pituba \u201eMurrame keelt\u201c<br>K\u00fclaliseks on tuntud raadioh\u00e4\u00e4l, Vikerraadio kihnukeelsete uudiste tegija Mere Marju (Marju Vesik). Pilet 10.-<br>18.00 Muusikaline teatraliseeritud etendus \u201eLaulukaupmees\u201c.<br>Etendus r\u00e4\u00e4gib Soome etnomusikoloogi Armas Otto V\u00e4is\u00e4neni kogumismatkadest Soomes, Karjalas, Setumaal ja Mordvas. Etenduse k\u00e4sikirja on loonud Mia P\u00e4tsi (ka lavastaja) ja t\u00f6\u00f6r\u00fchm koosseisus Eila Hartikainen, Maari Kallberg ja Anneli Kont-Rahtola, kes laulavad koos ka ansamblis MeNaiset. Pilet 75.- ja 50.- (\u00fcli\u00f5pilased, \u00f5pilased, pension\u00e4rid)<\/p>\n\n\n\n<p><strong>Korraldajad<\/strong>:<br>Eesti Rahva Muuseum<br>Eesti Haridus- ja Teadusministeerium<\/p>\n","protected":false},"excerpt":{"rendered":"<p>14.-15. oktoobril 2010 toimus Eesti Rahva Muuseumi n\u00e4itusemajas (J. Kuperjanovi 9, Tartu) koolitusseminar, mille eesm\u00e4rk on anal\u00fc\u00fcsida eesti keele rolli emakeelep\u00f5histe kultuuriv\u00e4\u00e4rtuste kujundamisel, keskendudes keele\u00f5ppele alushariduses Kahep\u00e4evasel seminaril esinesid ettekannetega kirjanikud, teadlased, muuseumit\u00f6\u00f6tajad ja alushariduse praktikud. Arutleti keelekasutuse t\u00e4henduse ja v\u00e4\u00e4rtuse \u00fcle \u00fchiskonnas ning k\u00e4sitleti kultuurip\u00e4randi ja folkloori kasutusv\u00f5imalusi keele\u00f5ppes. Seminariettekannete \u00fclesanne oli anal\u00fc\u00fcsida, mil [&hellip;]<\/p>\n","protected":false},"author":1,"featured_media":12,"parent":38,"menu_order":0,"comment_status":"closed","ping_status":"closed","template":"","meta":{"footnotes":""},"class_list":["post-301","page","type-page","status-publish","has-post-thumbnail","hentry"],"yoast_head":"<!-- This site is optimized with the Yoast SEO plugin v23.7 - https:\/\/yoast.com\/wordpress\/plugins\/seo\/ -->\n<title>Vares vaga, saba taga, lendas \u00fcle P\u00f5hjanaba - Koolip\u00e4rimus<\/title>\n<meta name=\"robots\" content=\"index, follow, max-snippet:-1, max-image-preview:large, max-video-preview:-1\" \/>\n<link rel=\"canonical\" href=\"https:\/\/folklore.ee\/kooliparimus\/lasteaiaparimus\/lp-2010\/\" \/>\n<meta property=\"og:locale\" content=\"en_US\" \/>\n<meta property=\"og:type\" content=\"article\" \/>\n<meta property=\"og:title\" content=\"Vares vaga, saba taga, lendas \u00fcle P\u00f5hjanaba - Koolip\u00e4rimus\" \/>\n<meta property=\"og:description\" content=\"14.-15. oktoobril 2010 toimus Eesti Rahva Muuseumi n\u00e4itusemajas (J. Kuperjanovi 9, Tartu) koolitusseminar, mille eesm\u00e4rk on anal\u00fc\u00fcsida eesti keele rolli emakeelep\u00f5histe kultuuriv\u00e4\u00e4rtuste kujundamisel, keskendudes keele\u00f5ppele alushariduses Kahep\u00e4evasel seminaril esinesid ettekannetega kirjanikud, teadlased, muuseumit\u00f6\u00f6tajad ja alushariduse praktikud. Arutleti keelekasutuse t\u00e4henduse ja v\u00e4\u00e4rtuse \u00fcle \u00fchiskonnas ning k\u00e4sitleti kultuurip\u00e4randi ja folkloori kasutusv\u00f5imalusi keele\u00f5ppes. Seminariettekannete \u00fclesanne oli anal\u00fc\u00fcsida, mil [&hellip;]\" \/>\n<meta property=\"og:url\" content=\"https:\/\/folklore.ee\/kooliparimus\/lasteaiaparimus\/lp-2010\/\" \/>\n<meta property=\"og:site_name\" content=\"Koolip\u00e4rimus\" \/>\n<meta property=\"article:publisher\" content=\"https:\/\/www.facebook.com\/kirjandusmuuseum\" \/>\n<meta property=\"article:modified_time\" content=\"2024-11-20T07:04:29+00:00\" \/>\n<meta property=\"og:image\" content=\"https:\/\/folklore.ee\/kooliparimus\/wp-content\/uploads\/2023\/05\/kaanepilt.jpg\" \/>\n\t<meta property=\"og:image:width\" content=\"2200\" \/>\n\t<meta property=\"og:image:height\" content=\"306\" \/>\n\t<meta property=\"og:image:type\" content=\"image\/jpeg\" \/>\n<meta name=\"twitter:card\" content=\"summary_large_image\" \/>\n<meta name=\"twitter:label1\" content=\"Est. reading time\" \/>\n\t<meta name=\"twitter:data1\" content=\"3 minutes\" \/>\n<script type=\"application\/ld+json\" class=\"yoast-schema-graph\">{\"@context\":\"https:\/\/schema.org\",\"@graph\":[{\"@type\":\"WebPage\",\"@id\":\"https:\/\/folklore.ee\/kooliparimus\/lasteaiaparimus\/lp-2010\/\",\"url\":\"https:\/\/folklore.ee\/kooliparimus\/lasteaiaparimus\/lp-2010\/\",\"name\":\"Vares vaga, saba taga, lendas \u00fcle P\u00f5hjanaba - Koolip\u00e4rimus\",\"isPartOf\":{\"@id\":\"https:\/\/folklore.ee\/kooliparimus\/#website\"},\"primaryImageOfPage\":{\"@id\":\"https:\/\/folklore.ee\/kooliparimus\/lasteaiaparimus\/lp-2010\/#primaryimage\"},\"image\":{\"@id\":\"https:\/\/folklore.ee\/kooliparimus\/lasteaiaparimus\/lp-2010\/#primaryimage\"},\"thumbnailUrl\":\"https:\/\/folklore.ee\/kooliparimus\/wp-content\/uploads\/2023\/05\/kaanepilt.jpg\",\"datePublished\":\"2023-06-02T12:04:57+00:00\",\"dateModified\":\"2024-11-20T07:04:29+00:00\",\"breadcrumb\":{\"@id\":\"https:\/\/folklore.ee\/kooliparimus\/lasteaiaparimus\/lp-2010\/#breadcrumb\"},\"inLanguage\":\"en-US\",\"potentialAction\":[{\"@type\":\"ReadAction\",\"target\":[\"https:\/\/folklore.ee\/kooliparimus\/lasteaiaparimus\/lp-2010\/\"]}]},{\"@type\":\"ImageObject\",\"inLanguage\":\"en-US\",\"@id\":\"https:\/\/folklore.ee\/kooliparimus\/lasteaiaparimus\/lp-2010\/#primaryimage\",\"url\":\"https:\/\/folklore.ee\/kooliparimus\/wp-content\/uploads\/2023\/05\/kaanepilt.jpg\",\"contentUrl\":\"https:\/\/folklore.ee\/kooliparimus\/wp-content\/uploads\/2023\/05\/kaanepilt.jpg\",\"width\":2200,\"height\":306},{\"@type\":\"BreadcrumbList\",\"@id\":\"https:\/\/folklore.ee\/kooliparimus\/lasteaiaparimus\/lp-2010\/#breadcrumb\",\"itemListElement\":[{\"@type\":\"ListItem\",\"position\":1,\"name\":\"Home\",\"item\":\"https:\/\/folklore.ee\/kooliparimus\/\"},{\"@type\":\"ListItem\",\"position\":2,\"name\":\"Lasteaiap\u00e4rimus\",\"item\":\"https:\/\/folklore.ee\/kooliparimus\/lasteaiaparimus\/\"},{\"@type\":\"ListItem\",\"position\":3,\"name\":\"Vares vaga, saba taga, lendas \u00fcle P\u00f5hjanaba\"}]},{\"@type\":\"WebSite\",\"@id\":\"https:\/\/folklore.ee\/kooliparimus\/#website\",\"url\":\"https:\/\/folklore.ee\/kooliparimus\/\",\"name\":\"Koolip\u00e4rimus\",\"description\":\"Eesti Kirjandusmuuseumi kogumisp\u00e4rimuse veebikeskkond.\",\"potentialAction\":[{\"@type\":\"SearchAction\",\"target\":{\"@type\":\"EntryPoint\",\"urlTemplate\":\"https:\/\/folklore.ee\/kooliparimus\/?s={search_term_string}\"},\"query-input\":{\"@type\":\"PropertyValueSpecification\",\"valueRequired\":true,\"valueName\":\"search_term_string\"}}],\"inLanguage\":\"en-US\"}]}<\/script>\n<!-- \/ Yoast SEO plugin. -->","yoast_head_json":{"title":"Vares vaga, saba taga, lendas \u00fcle P\u00f5hjanaba - Koolip\u00e4rimus","robots":{"index":"index","follow":"follow","max-snippet":"max-snippet:-1","max-image-preview":"max-image-preview:large","max-video-preview":"max-video-preview:-1"},"canonical":"https:\/\/folklore.ee\/kooliparimus\/lasteaiaparimus\/lp-2010\/","og_locale":"en_US","og_type":"article","og_title":"Vares vaga, saba taga, lendas \u00fcle P\u00f5hjanaba - Koolip\u00e4rimus","og_description":"14.-15. oktoobril 2010 toimus Eesti Rahva Muuseumi n\u00e4itusemajas (J. Kuperjanovi 9, Tartu) koolitusseminar, mille eesm\u00e4rk on anal\u00fc\u00fcsida eesti keele rolli emakeelep\u00f5histe kultuuriv\u00e4\u00e4rtuste kujundamisel, keskendudes keele\u00f5ppele alushariduses Kahep\u00e4evasel seminaril esinesid ettekannetega kirjanikud, teadlased, muuseumit\u00f6\u00f6tajad ja alushariduse praktikud. Arutleti keelekasutuse t\u00e4henduse ja v\u00e4\u00e4rtuse \u00fcle \u00fchiskonnas ning k\u00e4sitleti kultuurip\u00e4randi ja folkloori kasutusv\u00f5imalusi keele\u00f5ppes. Seminariettekannete \u00fclesanne oli anal\u00fc\u00fcsida, mil [&hellip;]","og_url":"https:\/\/folklore.ee\/kooliparimus\/lasteaiaparimus\/lp-2010\/","og_site_name":"Koolip\u00e4rimus","article_publisher":"https:\/\/www.facebook.com\/kirjandusmuuseum","article_modified_time":"2024-11-20T07:04:29+00:00","og_image":[{"width":2200,"height":306,"url":"https:\/\/folklore.ee\/kooliparimus\/wp-content\/uploads\/2023\/05\/kaanepilt.jpg","type":"image\/jpeg"}],"twitter_card":"summary_large_image","twitter_misc":{"Est. reading time":"3 minutes"},"schema":{"@context":"https:\/\/schema.org","@graph":[{"@type":"WebPage","@id":"https:\/\/folklore.ee\/kooliparimus\/lasteaiaparimus\/lp-2010\/","url":"https:\/\/folklore.ee\/kooliparimus\/lasteaiaparimus\/lp-2010\/","name":"Vares vaga, saba taga, lendas \u00fcle P\u00f5hjanaba - Koolip\u00e4rimus","isPartOf":{"@id":"https:\/\/folklore.ee\/kooliparimus\/#website"},"primaryImageOfPage":{"@id":"https:\/\/folklore.ee\/kooliparimus\/lasteaiaparimus\/lp-2010\/#primaryimage"},"image":{"@id":"https:\/\/folklore.ee\/kooliparimus\/lasteaiaparimus\/lp-2010\/#primaryimage"},"thumbnailUrl":"https:\/\/folklore.ee\/kooliparimus\/wp-content\/uploads\/2023\/05\/kaanepilt.jpg","datePublished":"2023-06-02T12:04:57+00:00","dateModified":"2024-11-20T07:04:29+00:00","breadcrumb":{"@id":"https:\/\/folklore.ee\/kooliparimus\/lasteaiaparimus\/lp-2010\/#breadcrumb"},"inLanguage":"en-US","potentialAction":[{"@type":"ReadAction","target":["https:\/\/folklore.ee\/kooliparimus\/lasteaiaparimus\/lp-2010\/"]}]},{"@type":"ImageObject","inLanguage":"en-US","@id":"https:\/\/folklore.ee\/kooliparimus\/lasteaiaparimus\/lp-2010\/#primaryimage","url":"https:\/\/folklore.ee\/kooliparimus\/wp-content\/uploads\/2023\/05\/kaanepilt.jpg","contentUrl":"https:\/\/folklore.ee\/kooliparimus\/wp-content\/uploads\/2023\/05\/kaanepilt.jpg","width":2200,"height":306},{"@type":"BreadcrumbList","@id":"https:\/\/folklore.ee\/kooliparimus\/lasteaiaparimus\/lp-2010\/#breadcrumb","itemListElement":[{"@type":"ListItem","position":1,"name":"Home","item":"https:\/\/folklore.ee\/kooliparimus\/"},{"@type":"ListItem","position":2,"name":"Lasteaiap\u00e4rimus","item":"https:\/\/folklore.ee\/kooliparimus\/lasteaiaparimus\/"},{"@type":"ListItem","position":3,"name":"Vares vaga, saba taga, lendas \u00fcle P\u00f5hjanaba"}]},{"@type":"WebSite","@id":"https:\/\/folklore.ee\/kooliparimus\/#website","url":"https:\/\/folklore.ee\/kooliparimus\/","name":"Koolip\u00e4rimus","description":"Eesti Kirjandusmuuseumi kogumisp\u00e4rimuse veebikeskkond.","potentialAction":[{"@type":"SearchAction","target":{"@type":"EntryPoint","urlTemplate":"https:\/\/folklore.ee\/kooliparimus\/?s={search_term_string}"},"query-input":{"@type":"PropertyValueSpecification","valueRequired":true,"valueName":"search_term_string"}}],"inLanguage":"en-US"}]}},"_links":{"self":[{"href":"https:\/\/folklore.ee\/kooliparimus\/wp-json\/wp\/v2\/pages\/301","targetHints":{"allow":["GET"]}}],"collection":[{"href":"https:\/\/folklore.ee\/kooliparimus\/wp-json\/wp\/v2\/pages"}],"about":[{"href":"https:\/\/folklore.ee\/kooliparimus\/wp-json\/wp\/v2\/types\/page"}],"author":[{"embeddable":true,"href":"https:\/\/folklore.ee\/kooliparimus\/wp-json\/wp\/v2\/users\/1"}],"replies":[{"embeddable":true,"href":"https:\/\/folklore.ee\/kooliparimus\/wp-json\/wp\/v2\/comments?post=301"}],"version-history":[{"count":3,"href":"https:\/\/folklore.ee\/kooliparimus\/wp-json\/wp\/v2\/pages\/301\/revisions"}],"predecessor-version":[{"id":565,"href":"https:\/\/folklore.ee\/kooliparimus\/wp-json\/wp\/v2\/pages\/301\/revisions\/565"}],"up":[{"embeddable":true,"href":"https:\/\/folklore.ee\/kooliparimus\/wp-json\/wp\/v2\/pages\/38"}],"wp:featuredmedia":[{"embeddable":true,"href":"https:\/\/folklore.ee\/kooliparimus\/wp-json\/wp\/v2\/media\/12"}],"wp:attachment":[{"href":"https:\/\/folklore.ee\/kooliparimus\/wp-json\/wp\/v2\/media?parent=301"}],"curies":[{"name":"wp","href":"https:\/\/api.w.org\/{rel}","templated":true}]}}