{"id":320,"date":"2023-06-02T12:37:16","date_gmt":"2023-06-02T12:37:16","guid":{"rendered":"https:\/\/folklore.ee\/kooliparimus\/?page_id=320"},"modified":"2024-11-20T07:03:41","modified_gmt":"2024-11-20T07:03:41","slug":"lp-2012","status":"publish","type":"page","link":"https:\/\/folklore.ee\/kooliparimus\/lasteaiaparimus\/lp-2012\/","title":{"rendered":"S\u00f5nad \u00fcksi ja kambakesi koos"},"content":{"rendered":"\n<p><strong>Kolmandat korda toimunud seminari eesm\u00e4rk on anal\u00fc\u00fcsida eesti keele rolli emakeelep\u00f5histe kultuuriv\u00e4\u00e4rtuste kujundamisel, keskendudes alushariduse keele\u00f5ppele.<\/strong><\/p>\n\n\n\n<p>Seminari esimesel p\u00e4eval kuulatakse teoreetilisi ettekandeid keelekasutuse t\u00e4henduse ja v\u00e4\u00e4rtuste \u00fcle \u00fchiskonnas ning k\u00e4sitletakse kultuurip\u00e4randi ja folkloori kasutusv\u00f5imalusi koolieelses keele\u00f5ppes ja v\u00e4\u00e4rtuskasvatuses. Teisel p\u00e4eval koostatakse t\u00f6\u00f6tubades toimuvate arutluste k\u00e4igus k\u00f5igile lasteaedadele soovitatavate eesti keele \u00f5petamist toetavate tegevuste kava, tehakse kokkuv\u00f5te v\u00f5istlusest \u201eS\u00f5nad \u00fcksi ja kambakesi koos\u201c ning autasustatakse v\u00f5itjaid. Seminari kultuuriprogrammi kuulub J\u00e4\u00e4aja keskuse k\u00fclastamine.<\/p>\n\n\n\n<p><strong>KAVA<\/strong><\/p>\n\n\n\n<p><strong>29. november 2012 Eesti Rahva Muuseumis Raadil (Narva mnt 177, Tartu)<\/strong><\/p>\n\n\n\n<p>10.00-11.00 Osav\u00f5tjate registreerimine, hommikukohv<\/p>\n\n\n\n<p><strong>11.00 Avamine<br>11:30-13.00<br><\/strong>Asta \u00d5im, Meie igap\u00e4evane kujundlik keel<br>Reili Argus, Sina mulle, mina sulle. Lapsele suunatud k\u00f5ne m\u00f5just lapse k\u00f5ne arengule<\/p>\n\n\n\n<p>13.00-14.00 L\u00f5una<\/p>\n\n\n\n<p><strong>14.00-16.30<br><\/strong>Mika Ker\u00e4nen, Ettelugemine ehk sinna ja tagasi<br>Karin Konksi, Keele v\u00e4\u00e4rtustamine ja laste keeleline kasvatamine Eesti peredes. Muuseumimaterjalid ja t\u00e4nap\u00e4eva lapsevanemate arusaamad.<br>Kristi Vinter, Meediakasvatuse ning keele ja k\u00f5ne arengu seosed alushariduses<\/p>\n\n\n\n<p>16.30-17.00 Kohvipaus<\/p>\n\n\n\n<p><strong>17.00<br><\/strong>17.00 Buss v\u00e4ljub J\u00e4\u00e4aja Keskusse<br>17.30-19.00 J\u00e4\u00e4aja Keskuse k\u00fclastus<\/p>\n\n\n\n<div style=\"height:15px\" aria-hidden=\"true\" class=\"wp-block-spacer\"><\/div>\n\n\n\n<p><strong>30. november Eesti Rahva Muuseumi n\u00e4itusemajas (J. Kuperjanovi 9, Tartu)<\/strong><\/p>\n\n\n\n<p><strong>9.30-10.30<br><\/strong>Annika Kilgi, M\u00e4ngides paremaks keeleoskajaks<br>Helen K\u00f5rgesaar, Laste keelelist arengut toetavate arvutim\u00e4ngude tutvustamine &#8211; t\u00f6\u00f6tuba<br><strong>10.30-12.30 R\u00fchmat\u00f6\u00f6d<\/strong><\/p>\n\n\n\n<p>12.30-13.30 L\u00f5una<\/p>\n\n\n\n<p>13.30-15.00 V\u00f5istluse \u201eS\u00f5nad \u00fcksi ja kambakesi koos\u201c v\u00f5itjate autasustamine, r\u00fchmat\u00f6\u00f6de kokkuv\u00f5tted ja tunnistuste k\u00e4tteandmine<\/p>\n\n\n\n<p>Seminaril osav\u00f5tjatele tagatai korraldajate kulul majutus, toitlustus (kohvipausid ja kaks l\u00f5unat, majutatutele hommikus\u00f6\u00f6k), seminarimaterjalid ja osav\u00f5tt kultuuriprogrammist. Seminari programmi t\u00e4itjad said t\u00e4ienduskoolitusel osalemist kinnitava tunnistuse.<\/p>\n\n\n\n<p>Lisainfo: Katrin Velbaum, <a href=\"mailto:katrin.velbaum@ut.ee\">katrin.velbaum@ut.ee<\/a>; Piret Voolaid, <a href=\"mailto:piret.voolaid@folklore.ee\">piret.voolaid@folklore.ee<\/a><\/p>\n\n\n\n<p><strong>Korraldajad<\/strong>:<br>Eesti Rahva Muuseum<br>Eesti Haridus- ja Teadusministeerium<br>Eesti Kirjandusmuuseum<br>Tartu \u00dclikooli Eetikakeskus<br>Seminari toetavad Haridus- ja Teadusministeeriumi riiklik programm \u201eEesti \u00fchiskonna v\u00e4\u00e4rtusarendus 2009-2013\u201c ja J\u00e4\u00e4aja Keskus.<\/p>\n","protected":false},"excerpt":{"rendered":"<p>Kolmandat korda toimunud seminari eesm\u00e4rk on anal\u00fc\u00fcsida eesti keele rolli emakeelep\u00f5histe kultuuriv\u00e4\u00e4rtuste kujundamisel, keskendudes alushariduse keele\u00f5ppele. Seminari esimesel p\u00e4eval kuulatakse teoreetilisi ettekandeid keelekasutuse t\u00e4henduse ja v\u00e4\u00e4rtuste \u00fcle \u00fchiskonnas ning k\u00e4sitletakse kultuurip\u00e4randi ja folkloori kasutusv\u00f5imalusi koolieelses keele\u00f5ppes ja v\u00e4\u00e4rtuskasvatuses. Teisel p\u00e4eval koostatakse t\u00f6\u00f6tubades toimuvate arutluste k\u00e4igus k\u00f5igile lasteaedadele soovitatavate eesti keele \u00f5petamist toetavate tegevuste kava, tehakse [&hellip;]<\/p>\n","protected":false},"author":1,"featured_media":12,"parent":38,"menu_order":0,"comment_status":"closed","ping_status":"closed","template":"","meta":{"footnotes":""},"class_list":["post-320","page","type-page","status-publish","has-post-thumbnail","hentry"],"yoast_head":"<!-- This site is optimized with the Yoast SEO plugin v23.7 - https:\/\/yoast.com\/wordpress\/plugins\/seo\/ -->\n<title>S\u00f5nad \u00fcksi ja kambakesi koos - Koolip\u00e4rimus<\/title>\n<meta name=\"robots\" content=\"index, follow, max-snippet:-1, max-image-preview:large, max-video-preview:-1\" \/>\n<link rel=\"canonical\" href=\"https:\/\/folklore.ee\/kooliparimus\/lasteaiaparimus\/lp-2012\/\" \/>\n<meta property=\"og:locale\" content=\"en_US\" \/>\n<meta property=\"og:type\" content=\"article\" \/>\n<meta property=\"og:title\" content=\"S\u00f5nad \u00fcksi ja kambakesi koos - Koolip\u00e4rimus\" \/>\n<meta property=\"og:description\" content=\"Kolmandat korda toimunud seminari eesm\u00e4rk on anal\u00fc\u00fcsida eesti keele rolli emakeelep\u00f5histe kultuuriv\u00e4\u00e4rtuste kujundamisel, keskendudes alushariduse keele\u00f5ppele. Seminari esimesel p\u00e4eval kuulatakse teoreetilisi ettekandeid keelekasutuse t\u00e4henduse ja v\u00e4\u00e4rtuste \u00fcle \u00fchiskonnas ning k\u00e4sitletakse kultuurip\u00e4randi ja folkloori kasutusv\u00f5imalusi koolieelses keele\u00f5ppes ja v\u00e4\u00e4rtuskasvatuses. Teisel p\u00e4eval koostatakse t\u00f6\u00f6tubades toimuvate arutluste k\u00e4igus k\u00f5igile lasteaedadele soovitatavate eesti keele \u00f5petamist toetavate tegevuste kava, tehakse [&hellip;]\" \/>\n<meta property=\"og:url\" content=\"https:\/\/folklore.ee\/kooliparimus\/lasteaiaparimus\/lp-2012\/\" \/>\n<meta property=\"og:site_name\" content=\"Koolip\u00e4rimus\" \/>\n<meta property=\"article:publisher\" content=\"https:\/\/www.facebook.com\/kirjandusmuuseum\" \/>\n<meta property=\"article:modified_time\" content=\"2024-11-20T07:03:41+00:00\" \/>\n<meta property=\"og:image\" content=\"https:\/\/folklore.ee\/kooliparimus\/wp-content\/uploads\/2023\/05\/kaanepilt.jpg\" \/>\n\t<meta property=\"og:image:width\" content=\"2200\" \/>\n\t<meta property=\"og:image:height\" content=\"306\" \/>\n\t<meta property=\"og:image:type\" content=\"image\/jpeg\" \/>\n<meta name=\"twitter:card\" content=\"summary_large_image\" \/>\n<meta name=\"twitter:label1\" content=\"Est. reading time\" \/>\n\t<meta name=\"twitter:data1\" content=\"2 minutes\" \/>\n<script type=\"application\/ld+json\" class=\"yoast-schema-graph\">{\"@context\":\"https:\/\/schema.org\",\"@graph\":[{\"@type\":\"WebPage\",\"@id\":\"https:\/\/folklore.ee\/kooliparimus\/lasteaiaparimus\/lp-2012\/\",\"url\":\"https:\/\/folklore.ee\/kooliparimus\/lasteaiaparimus\/lp-2012\/\",\"name\":\"S\u00f5nad \u00fcksi ja kambakesi koos - Koolip\u00e4rimus\",\"isPartOf\":{\"@id\":\"https:\/\/folklore.ee\/kooliparimus\/#website\"},\"primaryImageOfPage\":{\"@id\":\"https:\/\/folklore.ee\/kooliparimus\/lasteaiaparimus\/lp-2012\/#primaryimage\"},\"image\":{\"@id\":\"https:\/\/folklore.ee\/kooliparimus\/lasteaiaparimus\/lp-2012\/#primaryimage\"},\"thumbnailUrl\":\"https:\/\/folklore.ee\/kooliparimus\/wp-content\/uploads\/2023\/05\/kaanepilt.jpg\",\"datePublished\":\"2023-06-02T12:37:16+00:00\",\"dateModified\":\"2024-11-20T07:03:41+00:00\",\"breadcrumb\":{\"@id\":\"https:\/\/folklore.ee\/kooliparimus\/lasteaiaparimus\/lp-2012\/#breadcrumb\"},\"inLanguage\":\"en-US\",\"potentialAction\":[{\"@type\":\"ReadAction\",\"target\":[\"https:\/\/folklore.ee\/kooliparimus\/lasteaiaparimus\/lp-2012\/\"]}]},{\"@type\":\"ImageObject\",\"inLanguage\":\"en-US\",\"@id\":\"https:\/\/folklore.ee\/kooliparimus\/lasteaiaparimus\/lp-2012\/#primaryimage\",\"url\":\"https:\/\/folklore.ee\/kooliparimus\/wp-content\/uploads\/2023\/05\/kaanepilt.jpg\",\"contentUrl\":\"https:\/\/folklore.ee\/kooliparimus\/wp-content\/uploads\/2023\/05\/kaanepilt.jpg\",\"width\":2200,\"height\":306},{\"@type\":\"BreadcrumbList\",\"@id\":\"https:\/\/folklore.ee\/kooliparimus\/lasteaiaparimus\/lp-2012\/#breadcrumb\",\"itemListElement\":[{\"@type\":\"ListItem\",\"position\":1,\"name\":\"Home\",\"item\":\"https:\/\/folklore.ee\/kooliparimus\/\"},{\"@type\":\"ListItem\",\"position\":2,\"name\":\"Lasteaiap\u00e4rimus\",\"item\":\"https:\/\/folklore.ee\/kooliparimus\/lasteaiaparimus\/\"},{\"@type\":\"ListItem\",\"position\":3,\"name\":\"S\u00f5nad \u00fcksi ja kambakesi koos\"}]},{\"@type\":\"WebSite\",\"@id\":\"https:\/\/folklore.ee\/kooliparimus\/#website\",\"url\":\"https:\/\/folklore.ee\/kooliparimus\/\",\"name\":\"Koolip\u00e4rimus\",\"description\":\"Eesti Kirjandusmuuseumi kogumisp\u00e4rimuse veebikeskkond.\",\"potentialAction\":[{\"@type\":\"SearchAction\",\"target\":{\"@type\":\"EntryPoint\",\"urlTemplate\":\"https:\/\/folklore.ee\/kooliparimus\/?s={search_term_string}\"},\"query-input\":{\"@type\":\"PropertyValueSpecification\",\"valueRequired\":true,\"valueName\":\"search_term_string\"}}],\"inLanguage\":\"en-US\"}]}<\/script>\n<!-- \/ Yoast SEO plugin. -->","yoast_head_json":{"title":"S\u00f5nad \u00fcksi ja kambakesi koos - Koolip\u00e4rimus","robots":{"index":"index","follow":"follow","max-snippet":"max-snippet:-1","max-image-preview":"max-image-preview:large","max-video-preview":"max-video-preview:-1"},"canonical":"https:\/\/folklore.ee\/kooliparimus\/lasteaiaparimus\/lp-2012\/","og_locale":"en_US","og_type":"article","og_title":"S\u00f5nad \u00fcksi ja kambakesi koos - Koolip\u00e4rimus","og_description":"Kolmandat korda toimunud seminari eesm\u00e4rk on anal\u00fc\u00fcsida eesti keele rolli emakeelep\u00f5histe kultuuriv\u00e4\u00e4rtuste kujundamisel, keskendudes alushariduse keele\u00f5ppele. Seminari esimesel p\u00e4eval kuulatakse teoreetilisi ettekandeid keelekasutuse t\u00e4henduse ja v\u00e4\u00e4rtuste \u00fcle \u00fchiskonnas ning k\u00e4sitletakse kultuurip\u00e4randi ja folkloori kasutusv\u00f5imalusi koolieelses keele\u00f5ppes ja v\u00e4\u00e4rtuskasvatuses. Teisel p\u00e4eval koostatakse t\u00f6\u00f6tubades toimuvate arutluste k\u00e4igus k\u00f5igile lasteaedadele soovitatavate eesti keele \u00f5petamist toetavate tegevuste kava, tehakse [&hellip;]","og_url":"https:\/\/folklore.ee\/kooliparimus\/lasteaiaparimus\/lp-2012\/","og_site_name":"Koolip\u00e4rimus","article_publisher":"https:\/\/www.facebook.com\/kirjandusmuuseum","article_modified_time":"2024-11-20T07:03:41+00:00","og_image":[{"width":2200,"height":306,"url":"https:\/\/folklore.ee\/kooliparimus\/wp-content\/uploads\/2023\/05\/kaanepilt.jpg","type":"image\/jpeg"}],"twitter_card":"summary_large_image","twitter_misc":{"Est. reading time":"2 minutes"},"schema":{"@context":"https:\/\/schema.org","@graph":[{"@type":"WebPage","@id":"https:\/\/folklore.ee\/kooliparimus\/lasteaiaparimus\/lp-2012\/","url":"https:\/\/folklore.ee\/kooliparimus\/lasteaiaparimus\/lp-2012\/","name":"S\u00f5nad \u00fcksi ja kambakesi koos - Koolip\u00e4rimus","isPartOf":{"@id":"https:\/\/folklore.ee\/kooliparimus\/#website"},"primaryImageOfPage":{"@id":"https:\/\/folklore.ee\/kooliparimus\/lasteaiaparimus\/lp-2012\/#primaryimage"},"image":{"@id":"https:\/\/folklore.ee\/kooliparimus\/lasteaiaparimus\/lp-2012\/#primaryimage"},"thumbnailUrl":"https:\/\/folklore.ee\/kooliparimus\/wp-content\/uploads\/2023\/05\/kaanepilt.jpg","datePublished":"2023-06-02T12:37:16+00:00","dateModified":"2024-11-20T07:03:41+00:00","breadcrumb":{"@id":"https:\/\/folklore.ee\/kooliparimus\/lasteaiaparimus\/lp-2012\/#breadcrumb"},"inLanguage":"en-US","potentialAction":[{"@type":"ReadAction","target":["https:\/\/folklore.ee\/kooliparimus\/lasteaiaparimus\/lp-2012\/"]}]},{"@type":"ImageObject","inLanguage":"en-US","@id":"https:\/\/folklore.ee\/kooliparimus\/lasteaiaparimus\/lp-2012\/#primaryimage","url":"https:\/\/folklore.ee\/kooliparimus\/wp-content\/uploads\/2023\/05\/kaanepilt.jpg","contentUrl":"https:\/\/folklore.ee\/kooliparimus\/wp-content\/uploads\/2023\/05\/kaanepilt.jpg","width":2200,"height":306},{"@type":"BreadcrumbList","@id":"https:\/\/folklore.ee\/kooliparimus\/lasteaiaparimus\/lp-2012\/#breadcrumb","itemListElement":[{"@type":"ListItem","position":1,"name":"Home","item":"https:\/\/folklore.ee\/kooliparimus\/"},{"@type":"ListItem","position":2,"name":"Lasteaiap\u00e4rimus","item":"https:\/\/folklore.ee\/kooliparimus\/lasteaiaparimus\/"},{"@type":"ListItem","position":3,"name":"S\u00f5nad \u00fcksi ja kambakesi koos"}]},{"@type":"WebSite","@id":"https:\/\/folklore.ee\/kooliparimus\/#website","url":"https:\/\/folklore.ee\/kooliparimus\/","name":"Koolip\u00e4rimus","description":"Eesti Kirjandusmuuseumi kogumisp\u00e4rimuse veebikeskkond.","potentialAction":[{"@type":"SearchAction","target":{"@type":"EntryPoint","urlTemplate":"https:\/\/folklore.ee\/kooliparimus\/?s={search_term_string}"},"query-input":{"@type":"PropertyValueSpecification","valueRequired":true,"valueName":"search_term_string"}}],"inLanguage":"en-US"}]}},"_links":{"self":[{"href":"https:\/\/folklore.ee\/kooliparimus\/wp-json\/wp\/v2\/pages\/320","targetHints":{"allow":["GET"]}}],"collection":[{"href":"https:\/\/folklore.ee\/kooliparimus\/wp-json\/wp\/v2\/pages"}],"about":[{"href":"https:\/\/folklore.ee\/kooliparimus\/wp-json\/wp\/v2\/types\/page"}],"author":[{"embeddable":true,"href":"https:\/\/folklore.ee\/kooliparimus\/wp-json\/wp\/v2\/users\/1"}],"replies":[{"embeddable":true,"href":"https:\/\/folklore.ee\/kooliparimus\/wp-json\/wp\/v2\/comments?post=320"}],"version-history":[{"count":3,"href":"https:\/\/folklore.ee\/kooliparimus\/wp-json\/wp\/v2\/pages\/320\/revisions"}],"predecessor-version":[{"id":566,"href":"https:\/\/folklore.ee\/kooliparimus\/wp-json\/wp\/v2\/pages\/320\/revisions\/566"}],"up":[{"embeddable":true,"href":"https:\/\/folklore.ee\/kooliparimus\/wp-json\/wp\/v2\/pages\/38"}],"wp:featuredmedia":[{"embeddable":true,"href":"https:\/\/folklore.ee\/kooliparimus\/wp-json\/wp\/v2\/media\/12"}],"wp:attachment":[{"href":"https:\/\/folklore.ee\/kooliparimus\/wp-json\/wp\/v2\/media?parent=320"}],"curies":[{"name":"wp","href":"https:\/\/api.w.org\/{rel}","templated":true}]}}