{"id":326,"date":"2023-06-02T12:41:30","date_gmt":"2023-06-02T12:41:30","guid":{"rendered":"https:\/\/folklore.ee\/kooliparimus\/?page_id=326"},"modified":"2024-11-20T07:15:06","modified_gmt":"2024-11-20T07:15:06","slug":"lp-2014","status":"publish","type":"page","link":"https:\/\/folklore.ee\/kooliparimus\/lasteaiaparimus\/lp-2014\/","title":{"rendered":"Mis su nimi? &#8211; Nipitiri"},"content":{"rendered":"\n<p><strong>30.-31. jaanuaril 2014 Tartus<\/strong><\/p>\n\n\n\n<p><strong>Neljandat korda toimuva seminari eesm\u00e4rk on tutvustada v\u00f5imalusi emakeelep\u00f5histe kultuuriv\u00e4\u00e4rtuste kujundamisel.<\/strong> Seekordse seminari keskmes on nimed ja nimetamine. Esimesel p\u00e4eval kuulatakse ettekandeid, mis k\u00e4sitlevad isiku- (eesnimed, perekonnanimed, hellitusnimed), looma- ja kohanimesid. Tutvustatakse ka nimede temaatikat laiemalt: keeles, kultuurip\u00e4randis ja folklooris. Teisel p\u00e4eval toimuvad t\u00f6\u00f6toad, milles tutvustatakse nimede ja nimetamisega seonduvaid praktilisi v\u00e4ljundeid ja \u00f5pitakse\/m\u00e4ngitakse m\u00e4nge, mille eesm\u00e4rk on toetada eesti keele \u00f5petamist.<\/p>\n\n\n\n<p><strong>KAVA<\/strong><\/p>\n\n\n\n<p><strong>Neljap\u00e4ev, 30. jaanuar Eesti Kirjandusmuuseumis (Vanemuise 42, Tartu)<\/strong><\/p>\n\n\n\n<p><strong>10.00-10.30 Registreerumine, saabumiskohv<\/strong><\/p>\n\n\n\n<p>10.30 Peeter P\u00e4ll, <a href=\"\/kooliparimus\/wp-content\/uploads\/2023\/06\/peeterpalleestikohanimedestlasteaias.pdf\" target=\"_blank\" rel=\"noreferrer noopener\">Huvitavat eesti kohanimedest<\/a><br>11.20 Annika Hussar, <a href=\"\/kooliparimus\/wp-content\/uploads\/2023\/06\/AnnikaHussar30012014.pdf\" target=\"_blank\" rel=\"noreferrer noopener\">Eesti eesnimede ajaloost<\/a><br>12.10 Siiri Sinij\u00e4rv, <a href=\"\/kooliparimus\/wp-content\/uploads\/2023\/06\/siirisinijarveesnimed.pdf\" target=\"_blank\" rel=\"noreferrer noopener\">T\u00e4nap\u00e4evasest eesnimekasutusest<\/a><\/p>\n\n\n\n<p>13.15-14.00 L\u00f5una Kotka Keldris (Pepleri 14)<\/p>\n\n\n\n<p><strong>14.00<br><\/strong>14.00 Aadu Must, Eesti perekonnanimedest<br>14.40 Mare K\u00f5iva, <a href=\"\/kooliparimus\/wp-content\/uploads\/2023\/06\/marekoivahyydnimed.pdf\" target=\"_blank\" rel=\"noreferrer noopener\">Hellitus- ja h\u00fc\u00fcdnimed &#8211; meie isiklik varandus<\/a><br>15.30 V\u00e4ljas\u00f5it Eesti P\u00f5llumajandusmuuseumi<br>16.00-18.00 Ellen P\u00e4rn, Linnun\u00e4itus ja programm \u201eM\u00f5ndagi munast\u201c (ekskursioon muuseumis)<br>19.00 Sadamateatri k\u00fclastamise v\u00f5imalus (oma soovil ja korraldusel)<\/p>\n\n\n\n<div style=\"height:15px\" aria-hidden=\"true\" class=\"wp-block-spacer\"><\/div>\n\n\n\n<p><strong>Reede, 31. jaanuar Eesti Rahva Muuseumi n\u00e4itusemajas (J. Kuperjanovi 9, Tartu)<\/strong><\/p>\n\n\n\n<p><strong>09.00<br><\/strong>09.00 Ell Vahtram\u00e4e, <a href=\"\/kooliparimus\/wp-content\/uploads\/2023\/06\/ellvahtramaeloomanimed.pdf\" target=\"_blank\" rel=\"noreferrer noopener\">Nimega loomad &#8211; j\u00e4relikult taltsutatud<\/a><br>09.40 Lehte Tuuling, <a href=\"\/kooliparimus\/wp-content\/uploads\/2023\/06\/LehteTuuling.pdf\" target=\"_blank\" rel=\"noreferrer noopener\">M\u00e4ngides targemaks ja r\u00f5\u00f5msamaks<\/a>. (Lisaks: <a href=\"\/kooliparimus\/wp-content\/uploads\/2023\/06\/mangud_LehteTuuling.pdf\" target=\"_blank\" rel=\"noreferrer noopener\">M\u00e4ngud<\/a>)<\/p>\n\n\n\n<p>10.40-11.00 Kohvipaus<\/p>\n\n\n\n<p><strong>11.00<br><\/strong>11.00-13.00 Kaspar Jassa, Virve Tuubel, Keelem\u00e4ngud<br>13.00-13.30 L\u00f5una<br>13.30-14.00 Seminari l\u00f5petamine, tunnistuste k\u00e4tteandmine<\/p>\n\n\n\n<p><strong>Lisalinke<\/strong>:<br>Eesti Muuseumide Veebiv\u00e4rav: <a href=\"https:\/\/www.muis.ee\" target=\"_blank\" rel=\"noreferrer noopener\">https:\/\/www.muis.ee<\/a>; ERMi vaibakogu: <a href=\"https:\/\/vaibad.erm.ee\/\" target=\"_blank\" rel=\"noreferrer noopener\">https:\/\/vaibad.erm.ee<\/a><br>Ettekannete videod <a href=\"https:\/\/www.youtube.com\/watch?v=qXn_Y-N9xxs&amp;list=PLJqER6uJKnn7AunQ-l7yc59WXw7_Ndl4o\" target=\"_blank\" rel=\"noreferrer noopener\">Youtube&#8217;s (m\u00e4rts 2014)<\/a><\/p>\n\n\n\n<p>Seminari korraldavad Haridus- ja Teadusministeerium, Emakeele Selts, Eesti Rahva Muuseum, Eesti Kirjandusmuuseum.<\/p>\n\n\n\n<p>Info: J\u00fcri Valge, <a href=\"mailto:Juri.Valge@hm.ee\">Juri.Valge@hm.ee<\/a>; Piret Voolaid, <a href=\"mailto:piret.voolaid@folklore.ee\">piret.voolaid@folklore.ee<\/a>; Virve Tuubel, <a href=\"mailto:Virve.Tuubel@erm.ee\">Virve.Tuubel@erm.ee<\/a><\/p>\n","protected":false},"excerpt":{"rendered":"<p>30.-31. jaanuaril 2014 Tartus Neljandat korda toimuva seminari eesm\u00e4rk on tutvustada v\u00f5imalusi emakeelep\u00f5histe kultuuriv\u00e4\u00e4rtuste kujundamisel. Seekordse seminari keskmes on nimed ja nimetamine. Esimesel p\u00e4eval kuulatakse ettekandeid, mis k\u00e4sitlevad isiku- (eesnimed, perekonnanimed, hellitusnimed), looma- ja kohanimesid. Tutvustatakse ka nimede temaatikat laiemalt: keeles, kultuurip\u00e4randis ja folklooris. Teisel p\u00e4eval toimuvad t\u00f6\u00f6toad, milles tutvustatakse nimede ja nimetamisega seonduvaid praktilisi [&hellip;]<\/p>\n","protected":false},"author":1,"featured_media":12,"parent":38,"menu_order":0,"comment_status":"closed","ping_status":"closed","template":"","meta":{"footnotes":""},"class_list":["post-326","page","type-page","status-publish","has-post-thumbnail","hentry"],"yoast_head":"<!-- This site is optimized with the Yoast SEO plugin v23.7 - https:\/\/yoast.com\/wordpress\/plugins\/seo\/ -->\n<title>Mis su nimi? - Nipitiri - Koolip\u00e4rimus<\/title>\n<meta name=\"robots\" content=\"index, follow, max-snippet:-1, max-image-preview:large, max-video-preview:-1\" \/>\n<link rel=\"canonical\" href=\"https:\/\/folklore.ee\/kooliparimus\/lasteaiaparimus\/lp-2014\/\" \/>\n<meta property=\"og:locale\" content=\"en_US\" \/>\n<meta property=\"og:type\" content=\"article\" \/>\n<meta property=\"og:title\" content=\"Mis su nimi? - Nipitiri - Koolip\u00e4rimus\" \/>\n<meta property=\"og:description\" content=\"30.-31. jaanuaril 2014 Tartus Neljandat korda toimuva seminari eesm\u00e4rk on tutvustada v\u00f5imalusi emakeelep\u00f5histe kultuuriv\u00e4\u00e4rtuste kujundamisel. Seekordse seminari keskmes on nimed ja nimetamine. Esimesel p\u00e4eval kuulatakse ettekandeid, mis k\u00e4sitlevad isiku- (eesnimed, perekonnanimed, hellitusnimed), looma- ja kohanimesid. Tutvustatakse ka nimede temaatikat laiemalt: keeles, kultuurip\u00e4randis ja folklooris. Teisel p\u00e4eval toimuvad t\u00f6\u00f6toad, milles tutvustatakse nimede ja nimetamisega seonduvaid praktilisi [&hellip;]\" \/>\n<meta property=\"og:url\" content=\"https:\/\/folklore.ee\/kooliparimus\/lasteaiaparimus\/lp-2014\/\" \/>\n<meta property=\"og:site_name\" content=\"Koolip\u00e4rimus\" \/>\n<meta property=\"article:publisher\" content=\"https:\/\/www.facebook.com\/kirjandusmuuseum\" \/>\n<meta property=\"article:modified_time\" content=\"2024-11-20T07:15:06+00:00\" \/>\n<meta property=\"og:image\" content=\"https:\/\/folklore.ee\/kooliparimus\/wp-content\/uploads\/2023\/05\/kaanepilt.jpg\" \/>\n\t<meta property=\"og:image:width\" content=\"2200\" \/>\n\t<meta property=\"og:image:height\" content=\"306\" \/>\n\t<meta property=\"og:image:type\" content=\"image\/jpeg\" \/>\n<meta name=\"twitter:card\" content=\"summary_large_image\" \/>\n<meta name=\"twitter:label1\" content=\"Est. reading time\" \/>\n\t<meta name=\"twitter:data1\" content=\"2 minutes\" \/>\n<script type=\"application\/ld+json\" class=\"yoast-schema-graph\">{\"@context\":\"https:\/\/schema.org\",\"@graph\":[{\"@type\":\"WebPage\",\"@id\":\"https:\/\/folklore.ee\/kooliparimus\/lasteaiaparimus\/lp-2014\/\",\"url\":\"https:\/\/folklore.ee\/kooliparimus\/lasteaiaparimus\/lp-2014\/\",\"name\":\"Mis su nimi? - Nipitiri - Koolip\u00e4rimus\",\"isPartOf\":{\"@id\":\"https:\/\/folklore.ee\/kooliparimus\/#website\"},\"primaryImageOfPage\":{\"@id\":\"https:\/\/folklore.ee\/kooliparimus\/lasteaiaparimus\/lp-2014\/#primaryimage\"},\"image\":{\"@id\":\"https:\/\/folklore.ee\/kooliparimus\/lasteaiaparimus\/lp-2014\/#primaryimage\"},\"thumbnailUrl\":\"https:\/\/folklore.ee\/kooliparimus\/wp-content\/uploads\/2023\/05\/kaanepilt.jpg\",\"datePublished\":\"2023-06-02T12:41:30+00:00\",\"dateModified\":\"2024-11-20T07:15:06+00:00\",\"breadcrumb\":{\"@id\":\"https:\/\/folklore.ee\/kooliparimus\/lasteaiaparimus\/lp-2014\/#breadcrumb\"},\"inLanguage\":\"en-US\",\"potentialAction\":[{\"@type\":\"ReadAction\",\"target\":[\"https:\/\/folklore.ee\/kooliparimus\/lasteaiaparimus\/lp-2014\/\"]}]},{\"@type\":\"ImageObject\",\"inLanguage\":\"en-US\",\"@id\":\"https:\/\/folklore.ee\/kooliparimus\/lasteaiaparimus\/lp-2014\/#primaryimage\",\"url\":\"https:\/\/folklore.ee\/kooliparimus\/wp-content\/uploads\/2023\/05\/kaanepilt.jpg\",\"contentUrl\":\"https:\/\/folklore.ee\/kooliparimus\/wp-content\/uploads\/2023\/05\/kaanepilt.jpg\",\"width\":2200,\"height\":306},{\"@type\":\"BreadcrumbList\",\"@id\":\"https:\/\/folklore.ee\/kooliparimus\/lasteaiaparimus\/lp-2014\/#breadcrumb\",\"itemListElement\":[{\"@type\":\"ListItem\",\"position\":1,\"name\":\"Home\",\"item\":\"https:\/\/folklore.ee\/kooliparimus\/\"},{\"@type\":\"ListItem\",\"position\":2,\"name\":\"Lasteaiap\u00e4rimus\",\"item\":\"https:\/\/folklore.ee\/kooliparimus\/lasteaiaparimus\/\"},{\"@type\":\"ListItem\",\"position\":3,\"name\":\"Mis su nimi? &#8211; Nipitiri\"}]},{\"@type\":\"WebSite\",\"@id\":\"https:\/\/folklore.ee\/kooliparimus\/#website\",\"url\":\"https:\/\/folklore.ee\/kooliparimus\/\",\"name\":\"Koolip\u00e4rimus\",\"description\":\"Eesti Kirjandusmuuseumi kogumisp\u00e4rimuse veebikeskkond.\",\"potentialAction\":[{\"@type\":\"SearchAction\",\"target\":{\"@type\":\"EntryPoint\",\"urlTemplate\":\"https:\/\/folklore.ee\/kooliparimus\/?s={search_term_string}\"},\"query-input\":{\"@type\":\"PropertyValueSpecification\",\"valueRequired\":true,\"valueName\":\"search_term_string\"}}],\"inLanguage\":\"en-US\"}]}<\/script>\n<!-- \/ Yoast SEO plugin. -->","yoast_head_json":{"title":"Mis su nimi? - Nipitiri - Koolip\u00e4rimus","robots":{"index":"index","follow":"follow","max-snippet":"max-snippet:-1","max-image-preview":"max-image-preview:large","max-video-preview":"max-video-preview:-1"},"canonical":"https:\/\/folklore.ee\/kooliparimus\/lasteaiaparimus\/lp-2014\/","og_locale":"en_US","og_type":"article","og_title":"Mis su nimi? - Nipitiri - Koolip\u00e4rimus","og_description":"30.-31. jaanuaril 2014 Tartus Neljandat korda toimuva seminari eesm\u00e4rk on tutvustada v\u00f5imalusi emakeelep\u00f5histe kultuuriv\u00e4\u00e4rtuste kujundamisel. Seekordse seminari keskmes on nimed ja nimetamine. Esimesel p\u00e4eval kuulatakse ettekandeid, mis k\u00e4sitlevad isiku- (eesnimed, perekonnanimed, hellitusnimed), looma- ja kohanimesid. Tutvustatakse ka nimede temaatikat laiemalt: keeles, kultuurip\u00e4randis ja folklooris. Teisel p\u00e4eval toimuvad t\u00f6\u00f6toad, milles tutvustatakse nimede ja nimetamisega seonduvaid praktilisi [&hellip;]","og_url":"https:\/\/folklore.ee\/kooliparimus\/lasteaiaparimus\/lp-2014\/","og_site_name":"Koolip\u00e4rimus","article_publisher":"https:\/\/www.facebook.com\/kirjandusmuuseum","article_modified_time":"2024-11-20T07:15:06+00:00","og_image":[{"width":2200,"height":306,"url":"https:\/\/folklore.ee\/kooliparimus\/wp-content\/uploads\/2023\/05\/kaanepilt.jpg","type":"image\/jpeg"}],"twitter_card":"summary_large_image","twitter_misc":{"Est. reading time":"2 minutes"},"schema":{"@context":"https:\/\/schema.org","@graph":[{"@type":"WebPage","@id":"https:\/\/folklore.ee\/kooliparimus\/lasteaiaparimus\/lp-2014\/","url":"https:\/\/folklore.ee\/kooliparimus\/lasteaiaparimus\/lp-2014\/","name":"Mis su nimi? - Nipitiri - Koolip\u00e4rimus","isPartOf":{"@id":"https:\/\/folklore.ee\/kooliparimus\/#website"},"primaryImageOfPage":{"@id":"https:\/\/folklore.ee\/kooliparimus\/lasteaiaparimus\/lp-2014\/#primaryimage"},"image":{"@id":"https:\/\/folklore.ee\/kooliparimus\/lasteaiaparimus\/lp-2014\/#primaryimage"},"thumbnailUrl":"https:\/\/folklore.ee\/kooliparimus\/wp-content\/uploads\/2023\/05\/kaanepilt.jpg","datePublished":"2023-06-02T12:41:30+00:00","dateModified":"2024-11-20T07:15:06+00:00","breadcrumb":{"@id":"https:\/\/folklore.ee\/kooliparimus\/lasteaiaparimus\/lp-2014\/#breadcrumb"},"inLanguage":"en-US","potentialAction":[{"@type":"ReadAction","target":["https:\/\/folklore.ee\/kooliparimus\/lasteaiaparimus\/lp-2014\/"]}]},{"@type":"ImageObject","inLanguage":"en-US","@id":"https:\/\/folklore.ee\/kooliparimus\/lasteaiaparimus\/lp-2014\/#primaryimage","url":"https:\/\/folklore.ee\/kooliparimus\/wp-content\/uploads\/2023\/05\/kaanepilt.jpg","contentUrl":"https:\/\/folklore.ee\/kooliparimus\/wp-content\/uploads\/2023\/05\/kaanepilt.jpg","width":2200,"height":306},{"@type":"BreadcrumbList","@id":"https:\/\/folklore.ee\/kooliparimus\/lasteaiaparimus\/lp-2014\/#breadcrumb","itemListElement":[{"@type":"ListItem","position":1,"name":"Home","item":"https:\/\/folklore.ee\/kooliparimus\/"},{"@type":"ListItem","position":2,"name":"Lasteaiap\u00e4rimus","item":"https:\/\/folklore.ee\/kooliparimus\/lasteaiaparimus\/"},{"@type":"ListItem","position":3,"name":"Mis su nimi? &#8211; Nipitiri"}]},{"@type":"WebSite","@id":"https:\/\/folklore.ee\/kooliparimus\/#website","url":"https:\/\/folklore.ee\/kooliparimus\/","name":"Koolip\u00e4rimus","description":"Eesti Kirjandusmuuseumi kogumisp\u00e4rimuse veebikeskkond.","potentialAction":[{"@type":"SearchAction","target":{"@type":"EntryPoint","urlTemplate":"https:\/\/folklore.ee\/kooliparimus\/?s={search_term_string}"},"query-input":{"@type":"PropertyValueSpecification","valueRequired":true,"valueName":"search_term_string"}}],"inLanguage":"en-US"}]}},"_links":{"self":[{"href":"https:\/\/folklore.ee\/kooliparimus\/wp-json\/wp\/v2\/pages\/326","targetHints":{"allow":["GET"]}}],"collection":[{"href":"https:\/\/folklore.ee\/kooliparimus\/wp-json\/wp\/v2\/pages"}],"about":[{"href":"https:\/\/folklore.ee\/kooliparimus\/wp-json\/wp\/v2\/types\/page"}],"author":[{"embeddable":true,"href":"https:\/\/folklore.ee\/kooliparimus\/wp-json\/wp\/v2\/users\/1"}],"replies":[{"embeddable":true,"href":"https:\/\/folklore.ee\/kooliparimus\/wp-json\/wp\/v2\/comments?post=326"}],"version-history":[{"count":7,"href":"https:\/\/folklore.ee\/kooliparimus\/wp-json\/wp\/v2\/pages\/326\/revisions"}],"predecessor-version":[{"id":567,"href":"https:\/\/folklore.ee\/kooliparimus\/wp-json\/wp\/v2\/pages\/326\/revisions\/567"}],"up":[{"embeddable":true,"href":"https:\/\/folklore.ee\/kooliparimus\/wp-json\/wp\/v2\/pages\/38"}],"wp:featuredmedia":[{"embeddable":true,"href":"https:\/\/folklore.ee\/kooliparimus\/wp-json\/wp\/v2\/media\/12"}],"wp:attachment":[{"href":"https:\/\/folklore.ee\/kooliparimus\/wp-json\/wp\/v2\/media?parent=326"}],"curies":[{"name":"wp","href":"https:\/\/api.w.org\/{rel}","templated":true}]}}