{"id":331,"date":"2023-06-02T12:56:59","date_gmt":"2023-06-02T12:56:59","guid":{"rendered":"https:\/\/folklore.ee\/kooliparimus\/?page_id=331"},"modified":"2024-11-20T08:52:31","modified_gmt":"2024-11-20T08:52:31","slug":"lp2-2014","status":"publish","type":"page","link":"https:\/\/folklore.ee\/kooliparimus\/lasteaiaparimus\/lp2-2014\/","title":{"rendered":"Virvipuu, v\u00e4rvipuu, \u00fcle metsa m\u00f5\u00f5dupuu?"},"content":{"rendered":"\n<div class=\"wp-block-buttons is-layout-flex wp-block-buttons-is-layout-flex\">\n<div class=\"wp-block-button\"><a class=\"wp-block-button__link wp-element-button\" href=\"\/kooliparimus\/lasteaiaparimus\/lp2-2014\/galerii\/\">Galerii<\/a><\/div>\n<\/div>\n\n\n\n<p><strong>4.-5. detsembril 2014. aastal Eesti Kirjandusmuuseumis<\/strong> (Vanemuise 42, Tartu)<\/p>\n\n\n\n<p>Viiendat korda toimuva seminari eesm\u00e4rk on tutvustada lasteaia\u00f5petajatele v\u00f5imalusi emakeelep\u00f5histe kultuuriv\u00e4\u00e4rtuste kujundamisel. Seekordse seminari keskmes on eesti keel ja v\u00e4rvid, tutvustatakse v\u00e4rvide temaatikat keeles, kultuurip\u00e4randis ja folklooris. Kuulatakse ettekandeid v\u00e4rvinimedest eesti ja teistes soome-ugri keeltes, v\u00e4rvinimetustest eesti regilaulus, muinasjuttudes ja m\u00f5istatustes ning k\u00f5neldakse v\u00e4rvide t\u00e4hendusest kultuurin\u00e4htustes laiemalt. Toimuvad t\u00f6\u00f6toad, milles tutvustatakse v\u00e4rvinimetustega seonduvaid praktilisi v\u00e4ljundeid ja \u00f5pitakse\/m\u00e4ngitakse m\u00e4nge, mille eesm\u00e4rk on toetada eesti keele \u00f5petamist.<\/p>\n\n\n\n<p><strong>KAVA<\/strong><\/p>\n\n\n\n<p><strong>Neljap\u00e4ev, 4. detsember Eesti Kirjandusmuuseumis (Vanemuise 42, Tartu)<\/strong><\/p>\n\n\n\n<p><strong>10.30-11.00 Registreerumine, saabumiskohv<\/strong><\/p>\n\n\n\n<p>11.00 Avamine<br>11.15 Urmas Sutrop, <a href=\"\/kooliparimus\/wp-content\/uploads\/2023\/06\/Urmas_Sutrop.pdf\" target=\"_blank\" rel=\"noreferrer noopener\">V\u00e4rvid (soome-ugri keeltes)<\/a> : vt <a href=\"\/kooliparimus\/wp-content\/uploads\/2023\/06\/1_Sutrop.wmv\">video<\/a><br>11.45 Agne Solba, <a href=\"\/kooliparimus\/wp-content\/uploads\/2023\/06\/Agne_Solba.pdf\" target=\"_blank\" rel=\"noreferrer noopener\">V\u00e4rvinimed eesti keeles<\/a> : vt <a href=\"\/kooliparimus\/wp-content\/uploads\/2023\/06\/2_Solba.wmv\">video<\/a><br>12.15 Vilja Oja, V<a href=\"\/kooliparimus\/wp-content\/uploads\/2023\/06\/Vilja_Oja.pdf\" target=\"_blank\" rel=\"noreferrer noopener\">\u00e4rvid. S\u00f5naloome ja t\u00e4hendus<\/a> : vt <a href=\"\/kooliparimus\/wp-content\/uploads\/2023\/06\/3_Oja.wmv\">video<\/a><br>12.45 Lea Maiberg, <a href=\"\/kooliparimus\/wp-content\/uploads\/2023\/06\/Lea_Maiberg.pdf\" target=\"_blank\" rel=\"noreferrer noopener\">V\u00e4rviline keel<\/a> : vt <a href=\"\/kooliparimus\/wp-content\/uploads\/2023\/06\/4_Maiberg.wmv\">video<\/a><\/p>\n\n\n\n<p>13.30 L\u00f5una kohvikus Newton (Teaduskeskuses AHHAA, Sadama 1, Tartu)<\/p>\n\n\n\n<p><strong>14.30<\/strong><br>14.30-17.00 Teaduskeskuse AHHAA k\u00fclastus ja programm \u201eV\u00e4rviline maailm\u201c<br>(kahes r\u00fchmas, I r\u00fchm kl 15.00 ja II r\u00fchm kl 16.00)<br>18.00 Etendus \u201ePunam\u00fctsike\u201c Teatri Kodus (Lutsu 2, Tartu)<\/p>\n\n\n\n<div style=\"height:15px\" aria-hidden=\"true\" class=\"wp-block-spacer\"><\/div>\n\n\n\n<p><strong>Reede, 5. detsember Eesti Kirjandusmuuseumis (Vanemuise 42, Tartu)<\/strong><\/p>\n\n\n\n<p><strong>9.00<br><\/strong>9.00 Tiiu Jaago, <a href=\"\/kooliparimus\/wp-content\/uploads\/2023\/06\/Tiiu_Jaago.pdf\" target=\"_blank\" rel=\"noreferrer noopener\">V\u00e4rvid eesti regilaulus<\/a> : vt <a href=\"\/kooliparimus\/wp-content\/uploads\/2023\/06\/5_Jaago.wmv\">video<\/a><br>9.30 Piret Voolaid, <a href=\"\/kooliparimus\/wp-content\/uploads\/2023\/06\/Piret_Voolaid.pdf\" target=\"_blank\" rel=\"noreferrer noopener\">M\u00f5istatuste v\u00e4rvikirev maailm<\/a> : vt <a href=\"\/kooliparimus\/wp-content\/uploads\/2023\/06\/6_Voolaid.wmv\">video<\/a><br>10.00 K\u00e4rri Toomeos-Orglaan, <a href=\"\/kooliparimus\/wp-content\/uploads\/2023\/06\/Karri_Toomeos.pdf\" target=\"_blank\" rel=\"noreferrer noopener\">V\u00e4rvid muinasjuttudes ja nende t\u00e4hendus<\/a> : vt <a href=\"\/kooliparimus\/wp-content\/uploads\/2023\/06\/7_Toomeos.wmv\">video<\/a><br>10.30 Virve Tuubel, <a href=\"\/kooliparimus\/wp-content\/uploads\/2023\/06\/Virve_Tuubel.pdf\" target=\"_blank\" rel=\"noreferrer noopener\">T\u00f6\u00f6tuba \u201eKirju-mirju v\u00e4rvimaailm\u201c<\/a> : vt <a href=\"\/kooliparimus\/wp-content\/uploads\/2023\/06\/8_Tuubel.wmv\">video<\/a><\/p>\n\n\n\n<p>11.00 Kohvipaus<\/p>\n\n\n\n<p>11.30<br>11.30 Seminari l\u00f5petamine, tunnistuste k\u00e4tteandmine<\/p>\n\n\n\n<p><strong>Lisalinke<\/strong>:<br>Eesti Muuseumide Veebiv\u00e4rav: <a href=\"https:\/\/www.muis.ee\" target=\"_blank\" rel=\"noreferrer noopener\">https:\/\/www.muis.ee<\/a>; ERMi vaibakogu: <a href=\"https:\/\/vaibad.erm.ee\" target=\"_blank\" rel=\"noreferrer noopener\">https:\/\/vaibad.erm.ee<\/a><\/p>\n\n\n\n<p><a href=\"\/kooliparimus\/wp-content\/uploads\/2023\/06\/Kirjumirju_varvimaailm_opetaja_juhend.pdf\" target=\"_blank\" rel=\"noreferrer noopener\"><strong>KIRJUMIRJU V\u00c4RVIMAAILM<\/strong>. \u00d5petaja juhend<\/a><\/p>\n\n\n\n<p>Seminari korraldavad Haridus- ja Teadusministeerium, Eesti Kirjandusmuuseum, Emakeele Selts.<\/p>\n\n\n\n<p>Info: J\u00fcri Valge, <a href=\"mailto:Juri.Valge@hm.ee\">Juri.Valge@hm.ee<\/a>; Piret Voolaid, <a href=\"mailto:piret.voolaid@folklore.ee\">piret.voolaid@folklore.ee<\/a>; Kadri S\u00f5rmus, <a href=\"mailto:kadri.sormus@ut.ee\">kadri.sormus@ut.ee<\/a><\/p>\n","protected":false},"excerpt":{"rendered":"<p>4.-5. detsembril 2014. aastal Eesti Kirjandusmuuseumis (Vanemuise 42, Tartu) Viiendat korda toimuva seminari eesm\u00e4rk on tutvustada lasteaia\u00f5petajatele v\u00f5imalusi emakeelep\u00f5histe kultuuriv\u00e4\u00e4rtuste kujundamisel. Seekordse seminari keskmes on eesti keel ja v\u00e4rvid, tutvustatakse v\u00e4rvide temaatikat keeles, kultuurip\u00e4randis ja folklooris. Kuulatakse ettekandeid v\u00e4rvinimedest eesti ja teistes soome-ugri keeltes, v\u00e4rvinimetustest eesti regilaulus, muinasjuttudes ja m\u00f5istatustes ning k\u00f5neldakse v\u00e4rvide t\u00e4hendusest kultuurin\u00e4htustes [&hellip;]<\/p>\n","protected":false},"author":1,"featured_media":12,"parent":38,"menu_order":0,"comment_status":"closed","ping_status":"closed","template":"","meta":{"footnotes":""},"class_list":["post-331","page","type-page","status-publish","has-post-thumbnail","hentry"],"yoast_head":"<!-- This site is optimized with the Yoast SEO plugin v23.7 - https:\/\/yoast.com\/wordpress\/plugins\/seo\/ -->\n<title>Virvipuu, v\u00e4rvipuu, \u00fcle metsa m\u00f5\u00f5dupuu? - Koolip\u00e4rimus<\/title>\n<meta name=\"robots\" content=\"index, follow, max-snippet:-1, max-image-preview:large, max-video-preview:-1\" \/>\n<link rel=\"canonical\" href=\"https:\/\/folklore.ee\/kooliparimus\/lasteaiaparimus\/lp2-2014\/\" \/>\n<meta property=\"og:locale\" content=\"en_US\" \/>\n<meta property=\"og:type\" content=\"article\" \/>\n<meta property=\"og:title\" content=\"Virvipuu, v\u00e4rvipuu, \u00fcle metsa m\u00f5\u00f5dupuu? - Koolip\u00e4rimus\" \/>\n<meta property=\"og:description\" content=\"4.-5. detsembril 2014. aastal Eesti Kirjandusmuuseumis (Vanemuise 42, Tartu) Viiendat korda toimuva seminari eesm\u00e4rk on tutvustada lasteaia\u00f5petajatele v\u00f5imalusi emakeelep\u00f5histe kultuuriv\u00e4\u00e4rtuste kujundamisel. Seekordse seminari keskmes on eesti keel ja v\u00e4rvid, tutvustatakse v\u00e4rvide temaatikat keeles, kultuurip\u00e4randis ja folklooris. Kuulatakse ettekandeid v\u00e4rvinimedest eesti ja teistes soome-ugri keeltes, v\u00e4rvinimetustest eesti regilaulus, muinasjuttudes ja m\u00f5istatustes ning k\u00f5neldakse v\u00e4rvide t\u00e4hendusest kultuurin\u00e4htustes [&hellip;]\" \/>\n<meta property=\"og:url\" content=\"https:\/\/folklore.ee\/kooliparimus\/lasteaiaparimus\/lp2-2014\/\" \/>\n<meta property=\"og:site_name\" content=\"Koolip\u00e4rimus\" \/>\n<meta property=\"article:publisher\" content=\"https:\/\/www.facebook.com\/kirjandusmuuseum\" \/>\n<meta property=\"article:modified_time\" content=\"2024-11-20T08:52:31+00:00\" \/>\n<meta property=\"og:image\" content=\"https:\/\/folklore.ee\/kooliparimus\/wp-content\/uploads\/2023\/05\/kaanepilt.jpg\" \/>\n\t<meta property=\"og:image:width\" content=\"2200\" \/>\n\t<meta property=\"og:image:height\" content=\"306\" \/>\n\t<meta property=\"og:image:type\" content=\"image\/jpeg\" \/>\n<meta name=\"twitter:card\" content=\"summary_large_image\" \/>\n<meta name=\"twitter:label1\" content=\"Est. reading time\" \/>\n\t<meta name=\"twitter:data1\" content=\"2 minutes\" \/>\n<script type=\"application\/ld+json\" class=\"yoast-schema-graph\">{\"@context\":\"https:\/\/schema.org\",\"@graph\":[{\"@type\":\"WebPage\",\"@id\":\"https:\/\/folklore.ee\/kooliparimus\/lasteaiaparimus\/lp2-2014\/\",\"url\":\"https:\/\/folklore.ee\/kooliparimus\/lasteaiaparimus\/lp2-2014\/\",\"name\":\"Virvipuu, v\u00e4rvipuu, \u00fcle metsa m\u00f5\u00f5dupuu? - Koolip\u00e4rimus\",\"isPartOf\":{\"@id\":\"https:\/\/folklore.ee\/kooliparimus\/#website\"},\"primaryImageOfPage\":{\"@id\":\"https:\/\/folklore.ee\/kooliparimus\/lasteaiaparimus\/lp2-2014\/#primaryimage\"},\"image\":{\"@id\":\"https:\/\/folklore.ee\/kooliparimus\/lasteaiaparimus\/lp2-2014\/#primaryimage\"},\"thumbnailUrl\":\"https:\/\/folklore.ee\/kooliparimus\/wp-content\/uploads\/2023\/05\/kaanepilt.jpg\",\"datePublished\":\"2023-06-02T12:56:59+00:00\",\"dateModified\":\"2024-11-20T08:52:31+00:00\",\"breadcrumb\":{\"@id\":\"https:\/\/folklore.ee\/kooliparimus\/lasteaiaparimus\/lp2-2014\/#breadcrumb\"},\"inLanguage\":\"en-US\",\"potentialAction\":[{\"@type\":\"ReadAction\",\"target\":[\"https:\/\/folklore.ee\/kooliparimus\/lasteaiaparimus\/lp2-2014\/\"]}]},{\"@type\":\"ImageObject\",\"inLanguage\":\"en-US\",\"@id\":\"https:\/\/folklore.ee\/kooliparimus\/lasteaiaparimus\/lp2-2014\/#primaryimage\",\"url\":\"https:\/\/folklore.ee\/kooliparimus\/wp-content\/uploads\/2023\/05\/kaanepilt.jpg\",\"contentUrl\":\"https:\/\/folklore.ee\/kooliparimus\/wp-content\/uploads\/2023\/05\/kaanepilt.jpg\",\"width\":2200,\"height\":306},{\"@type\":\"BreadcrumbList\",\"@id\":\"https:\/\/folklore.ee\/kooliparimus\/lasteaiaparimus\/lp2-2014\/#breadcrumb\",\"itemListElement\":[{\"@type\":\"ListItem\",\"position\":1,\"name\":\"Home\",\"item\":\"https:\/\/folklore.ee\/kooliparimus\/\"},{\"@type\":\"ListItem\",\"position\":2,\"name\":\"Lasteaiap\u00e4rimus\",\"item\":\"https:\/\/folklore.ee\/kooliparimus\/lasteaiaparimus\/\"},{\"@type\":\"ListItem\",\"position\":3,\"name\":\"Virvipuu, v\u00e4rvipuu, \u00fcle metsa m\u00f5\u00f5dupuu?\"}]},{\"@type\":\"WebSite\",\"@id\":\"https:\/\/folklore.ee\/kooliparimus\/#website\",\"url\":\"https:\/\/folklore.ee\/kooliparimus\/\",\"name\":\"Koolip\u00e4rimus\",\"description\":\"Eesti Kirjandusmuuseumi kogumisp\u00e4rimuse veebikeskkond.\",\"potentialAction\":[{\"@type\":\"SearchAction\",\"target\":{\"@type\":\"EntryPoint\",\"urlTemplate\":\"https:\/\/folklore.ee\/kooliparimus\/?s={search_term_string}\"},\"query-input\":{\"@type\":\"PropertyValueSpecification\",\"valueRequired\":true,\"valueName\":\"search_term_string\"}}],\"inLanguage\":\"en-US\"}]}<\/script>\n<!-- \/ Yoast SEO plugin. -->","yoast_head_json":{"title":"Virvipuu, v\u00e4rvipuu, \u00fcle metsa m\u00f5\u00f5dupuu? - Koolip\u00e4rimus","robots":{"index":"index","follow":"follow","max-snippet":"max-snippet:-1","max-image-preview":"max-image-preview:large","max-video-preview":"max-video-preview:-1"},"canonical":"https:\/\/folklore.ee\/kooliparimus\/lasteaiaparimus\/lp2-2014\/","og_locale":"en_US","og_type":"article","og_title":"Virvipuu, v\u00e4rvipuu, \u00fcle metsa m\u00f5\u00f5dupuu? - Koolip\u00e4rimus","og_description":"4.-5. detsembril 2014. aastal Eesti Kirjandusmuuseumis (Vanemuise 42, Tartu) Viiendat korda toimuva seminari eesm\u00e4rk on tutvustada lasteaia\u00f5petajatele v\u00f5imalusi emakeelep\u00f5histe kultuuriv\u00e4\u00e4rtuste kujundamisel. Seekordse seminari keskmes on eesti keel ja v\u00e4rvid, tutvustatakse v\u00e4rvide temaatikat keeles, kultuurip\u00e4randis ja folklooris. Kuulatakse ettekandeid v\u00e4rvinimedest eesti ja teistes soome-ugri keeltes, v\u00e4rvinimetustest eesti regilaulus, muinasjuttudes ja m\u00f5istatustes ning k\u00f5neldakse v\u00e4rvide t\u00e4hendusest kultuurin\u00e4htustes [&hellip;]","og_url":"https:\/\/folklore.ee\/kooliparimus\/lasteaiaparimus\/lp2-2014\/","og_site_name":"Koolip\u00e4rimus","article_publisher":"https:\/\/www.facebook.com\/kirjandusmuuseum","article_modified_time":"2024-11-20T08:52:31+00:00","og_image":[{"width":2200,"height":306,"url":"https:\/\/folklore.ee\/kooliparimus\/wp-content\/uploads\/2023\/05\/kaanepilt.jpg","type":"image\/jpeg"}],"twitter_card":"summary_large_image","twitter_misc":{"Est. reading time":"2 minutes"},"schema":{"@context":"https:\/\/schema.org","@graph":[{"@type":"WebPage","@id":"https:\/\/folklore.ee\/kooliparimus\/lasteaiaparimus\/lp2-2014\/","url":"https:\/\/folklore.ee\/kooliparimus\/lasteaiaparimus\/lp2-2014\/","name":"Virvipuu, v\u00e4rvipuu, \u00fcle metsa m\u00f5\u00f5dupuu? - Koolip\u00e4rimus","isPartOf":{"@id":"https:\/\/folklore.ee\/kooliparimus\/#website"},"primaryImageOfPage":{"@id":"https:\/\/folklore.ee\/kooliparimus\/lasteaiaparimus\/lp2-2014\/#primaryimage"},"image":{"@id":"https:\/\/folklore.ee\/kooliparimus\/lasteaiaparimus\/lp2-2014\/#primaryimage"},"thumbnailUrl":"https:\/\/folklore.ee\/kooliparimus\/wp-content\/uploads\/2023\/05\/kaanepilt.jpg","datePublished":"2023-06-02T12:56:59+00:00","dateModified":"2024-11-20T08:52:31+00:00","breadcrumb":{"@id":"https:\/\/folklore.ee\/kooliparimus\/lasteaiaparimus\/lp2-2014\/#breadcrumb"},"inLanguage":"en-US","potentialAction":[{"@type":"ReadAction","target":["https:\/\/folklore.ee\/kooliparimus\/lasteaiaparimus\/lp2-2014\/"]}]},{"@type":"ImageObject","inLanguage":"en-US","@id":"https:\/\/folklore.ee\/kooliparimus\/lasteaiaparimus\/lp2-2014\/#primaryimage","url":"https:\/\/folklore.ee\/kooliparimus\/wp-content\/uploads\/2023\/05\/kaanepilt.jpg","contentUrl":"https:\/\/folklore.ee\/kooliparimus\/wp-content\/uploads\/2023\/05\/kaanepilt.jpg","width":2200,"height":306},{"@type":"BreadcrumbList","@id":"https:\/\/folklore.ee\/kooliparimus\/lasteaiaparimus\/lp2-2014\/#breadcrumb","itemListElement":[{"@type":"ListItem","position":1,"name":"Home","item":"https:\/\/folklore.ee\/kooliparimus\/"},{"@type":"ListItem","position":2,"name":"Lasteaiap\u00e4rimus","item":"https:\/\/folklore.ee\/kooliparimus\/lasteaiaparimus\/"},{"@type":"ListItem","position":3,"name":"Virvipuu, v\u00e4rvipuu, \u00fcle metsa m\u00f5\u00f5dupuu?"}]},{"@type":"WebSite","@id":"https:\/\/folklore.ee\/kooliparimus\/#website","url":"https:\/\/folklore.ee\/kooliparimus\/","name":"Koolip\u00e4rimus","description":"Eesti Kirjandusmuuseumi kogumisp\u00e4rimuse veebikeskkond.","potentialAction":[{"@type":"SearchAction","target":{"@type":"EntryPoint","urlTemplate":"https:\/\/folklore.ee\/kooliparimus\/?s={search_term_string}"},"query-input":{"@type":"PropertyValueSpecification","valueRequired":true,"valueName":"search_term_string"}}],"inLanguage":"en-US"}]}},"_links":{"self":[{"href":"https:\/\/folklore.ee\/kooliparimus\/wp-json\/wp\/v2\/pages\/331","targetHints":{"allow":["GET"]}}],"collection":[{"href":"https:\/\/folklore.ee\/kooliparimus\/wp-json\/wp\/v2\/pages"}],"about":[{"href":"https:\/\/folklore.ee\/kooliparimus\/wp-json\/wp\/v2\/types\/page"}],"author":[{"embeddable":true,"href":"https:\/\/folklore.ee\/kooliparimus\/wp-json\/wp\/v2\/users\/1"}],"replies":[{"embeddable":true,"href":"https:\/\/folklore.ee\/kooliparimus\/wp-json\/wp\/v2\/comments?post=331"}],"version-history":[{"count":8,"href":"https:\/\/folklore.ee\/kooliparimus\/wp-json\/wp\/v2\/pages\/331\/revisions"}],"predecessor-version":[{"id":833,"href":"https:\/\/folklore.ee\/kooliparimus\/wp-json\/wp\/v2\/pages\/331\/revisions\/833"}],"up":[{"embeddable":true,"href":"https:\/\/folklore.ee\/kooliparimus\/wp-json\/wp\/v2\/pages\/38"}],"wp:featuredmedia":[{"embeddable":true,"href":"https:\/\/folklore.ee\/kooliparimus\/wp-json\/wp\/v2\/media\/12"}],"wp:attachment":[{"href":"https:\/\/folklore.ee\/kooliparimus\/wp-json\/wp\/v2\/media?parent=331"}],"curies":[{"name":"wp","href":"https:\/\/api.w.org\/{rel}","templated":true}]}}