{"id":35,"date":"2023-05-31T11:20:03","date_gmt":"2023-05-31T11:20:03","guid":{"rendered":"https:\/\/folklore.ee\/kooliparimus\/?page_id=35"},"modified":"2023-06-02T08:21:05","modified_gmt":"2023-06-02T08:21:05","slug":"kogumisvoistlus-2022-ee","status":"publish","type":"page","link":"https:\/\/folklore.ee\/kooliparimus\/kp\/kogumisvoistlus-2022-ee\/","title":{"rendered":"K\u00fcsitlus 2022 \u201eLemmikloomad ja nende nimed\u201c"},"content":{"rendered":"\n<p class=\"has-text-align-right\"><a href=\"\/kooliparimus\/kooliparimus\/kogumisvoistlus-2022-en\/\">Survey in english<\/a><br><a href=\"\/kooliparimus\/kooliparimus\/kogumisvoistlus-2022-ru\/\">\u041e\u043f\u0440\u043e\u0441 \u043f\u043e \u0440\u0443\u0441\u0441\u043a\u0438<\/a><\/p>\n\n\n\n<div class=\"wp-block-buttons is-layout-flex wp-block-buttons-is-layout-flex\">\n<div class=\"wp-block-button\"><a class=\"wp-block-button__link wp-element-button\" href=\"https:\/\/www.kirmus.ee\/et\/form\/lemmikloomad-ja-nende-nimed\" target=\"_blank\" rel=\"noreferrer noopener\">Vasta k\u00fcsitlusele &#8220;Lemmikloomad ja nende nimed&#8221;<\/a><\/div>\n<\/div>\n\n\n\n<div style=\"height:5px\" aria-hidden=\"true\" class=\"wp-block-spacer\"><\/div>\n\n\n\n<p>Aastail 2022 ja 2023 ootame osalema ja meenutama oma kogemusi mitmel erineval teemal.<\/p>\n\n\n\n<p>Soovime koos teiega alustada loomanimedest ja suhtetest nende ja \u00fcmbritseva keskkonnaga ja liikuda siis m\u00f5ne n\u00e4dala p\u00e4rast j\u00e4rgmise teema juurde. Vastata soovitame veebi kaudu. Muidugi v\u00f5ib vastused kirja panna ja saata nad emailiga v\u00f5i posti teel. J\u00e4rgmise teemana on meil palve v\u00f5tta vastamisele t\u00e4histamine ja rituaalse aasta olulised t\u00e4htp\u00e4evad selle j\u00e4rel liikuda muude kogemuste juurde.<\/p>\n\n\n\n<p>Soovitame vastata veebis,. Muidugi v\u00f5ib neid ka meiliga saata v\u00f5i kirjutised posti panna, kuid igal juhul soovitame k\u00fcsimusi orientiirina silmas pidada. Iga periood on unikaalne. Kogume andmeid, et vaadata, missugused muutused on toimunud v\u00f5rreldes aastaga 2018 ja kui palju see erineb olukorrast aastal 1922 kui selliseid andmeid esimest korda koguti.<\/p>\n\n\n\n<p>Seekordse k\u00fcsitluse kaugem eesm\u00e4rk eesti ja teiste rahvusr\u00fchmade v\u00f5rdlev k\u00fcsitlemine.<\/p>\n\n\n\n<p>Teie sisestatud isikuandmed on n\u00e4htavad vaid teadusarhiivis, avalikult neid ei kuvata ja teie n\u00f5usolekuta ei avaldata.<\/p>\n\n\n\n<p>Parimate soovidega ja huviga vastuseid oodates<br>EKM folkloristika osakond ja koolip\u00e4rimuse t\u00f6\u00f6r\u00fchm<\/p>\n\n\n\n<p>NB! Parimatele on varutud auhinnad!<\/p>\n\n\n\n<p>Kogumist\u00f6\u00f6d toetavad Eesti Kirjandusmuuseumi folkloristika osakond ja Eesti-uuringute Tippkeskus, Koolip\u00e4rimuse t\u00f6\u00f6r\u00fchm. Virumaa kogumist\u00f6\u00f6d toetas Eesti Rahvakultuuri Keskus<\/p>\n\n\n\n<div class=\"wp-block-columns is-layout-flex wp-container-core-columns-is-layout-9d6595d7 wp-block-columns-is-layout-flex\">\n<div class=\"wp-block-column is-layout-flow wp-block-column-is-layout-flow\" style=\"flex-basis:66.66%\">\n<p><strong>Korraldaja<\/strong><br>V\u00f5istluse korraldajaks on Eesti Kirjandusmuuseumi folkloristika osakond<\/p>\n<\/div>\n\n\n\n<div class=\"wp-block-column is-layout-flow wp-block-column-is-layout-flow\" style=\"flex-basis:33.33%\">\n<figure class=\"wp-block-image size-large is-resized\"><img loading=\"lazy\" decoding=\"async\" src=\"http:\/\/localhost\/kooliparimus\/wp-content\/uploads\/2023\/06\/ERK_logo_EST-1024x613.jpg\" alt=\"\" class=\"wp-image-198\" width=\"161\" height=\"96\" srcset=\"https:\/\/folklore.ee\/kooliparimus\/wp-content\/uploads\/2023\/06\/ERK_logo_EST-1024x613.jpg 1024w, https:\/\/folklore.ee\/kooliparimus\/wp-content\/uploads\/2023\/06\/ERK_logo_EST-300x180.jpg 300w, https:\/\/folklore.ee\/kooliparimus\/wp-content\/uploads\/2023\/06\/ERK_logo_EST-768x460.jpg 768w, https:\/\/folklore.ee\/kooliparimus\/wp-content\/uploads\/2023\/06\/ERK_logo_EST.jpg 1088w\" sizes=\"auto, (max-width: 161px) 100vw, 161px\" \/><\/figure>\n<\/div>\n<\/div>\n","protected":false},"excerpt":{"rendered":"<p>Survey in english\u041e\u043f\u0440\u043e\u0441 \u043f\u043e \u0440\u0443\u0441\u0441\u043a\u0438 Aastail 2022 ja 2023 ootame osalema ja meenutama oma kogemusi mitmel erineval teemal. Soovime koos teiega alustada loomanimedest ja suhtetest nende ja \u00fcmbritseva keskkonnaga ja liikuda siis m\u00f5ne n\u00e4dala p\u00e4rast j\u00e4rgmise teema juurde. Vastata soovitame veebi kaudu. Muidugi v\u00f5ib vastused kirja panna ja saata nad emailiga v\u00f5i posti teel. J\u00e4rgmise [&hellip;]<\/p>\n","protected":false},"author":1,"featured_media":12,"parent":11,"menu_order":0,"comment_status":"closed","ping_status":"closed","template":"","meta":{"footnotes":""},"class_list":["post-35","page","type-page","status-publish","has-post-thumbnail","hentry"],"yoast_head":"<!-- This site is optimized with the Yoast SEO plugin v23.7 - https:\/\/yoast.com\/wordpress\/plugins\/seo\/ -->\n<title>K\u00fcsitlus 2022 \u201eLemmikloomad ja nende nimed\u201c - Koolip\u00e4rimus<\/title>\n<meta name=\"robots\" content=\"index, follow, max-snippet:-1, max-image-preview:large, max-video-preview:-1\" \/>\n<link rel=\"canonical\" href=\"https:\/\/folklore.ee\/kooliparimus\/kp\/kogumisvoistlus-2022-ee\/\" \/>\n<meta property=\"og:locale\" content=\"en_US\" \/>\n<meta property=\"og:type\" content=\"article\" \/>\n<meta property=\"og:title\" content=\"K\u00fcsitlus 2022 \u201eLemmikloomad ja nende nimed\u201c - Koolip\u00e4rimus\" \/>\n<meta property=\"og:description\" content=\"Survey in english\u041e\u043f\u0440\u043e\u0441 \u043f\u043e \u0440\u0443\u0441\u0441\u043a\u0438 Aastail 2022 ja 2023 ootame osalema ja meenutama oma kogemusi mitmel erineval teemal. Soovime koos teiega alustada loomanimedest ja suhtetest nende ja \u00fcmbritseva keskkonnaga ja liikuda siis m\u00f5ne n\u00e4dala p\u00e4rast j\u00e4rgmise teema juurde. Vastata soovitame veebi kaudu. Muidugi v\u00f5ib vastused kirja panna ja saata nad emailiga v\u00f5i posti teel. J\u00e4rgmise [&hellip;]\" \/>\n<meta property=\"og:url\" content=\"https:\/\/folklore.ee\/kooliparimus\/kp\/kogumisvoistlus-2022-ee\/\" \/>\n<meta property=\"og:site_name\" content=\"Koolip\u00e4rimus\" \/>\n<meta property=\"article:publisher\" content=\"https:\/\/www.facebook.com\/kirjandusmuuseum\" \/>\n<meta property=\"article:modified_time\" content=\"2023-06-02T08:21:05+00:00\" \/>\n<meta property=\"og:image\" content=\"http:\/\/localhost\/kooliparimus\/wp-content\/uploads\/2023\/05\/kaanepilt.jpg\" \/>\n\t<meta property=\"og:image:width\" content=\"2200\" \/>\n\t<meta property=\"og:image:height\" content=\"306\" \/>\n\t<meta property=\"og:image:type\" content=\"image\/jpeg\" \/>\n<meta name=\"twitter:card\" content=\"summary_large_image\" \/>\n<meta name=\"twitter:label1\" content=\"Est. reading time\" \/>\n\t<meta name=\"twitter:data1\" content=\"2 minutes\" \/>\n<script type=\"application\/ld+json\" class=\"yoast-schema-graph\">{\"@context\":\"https:\/\/schema.org\",\"@graph\":[{\"@type\":\"WebPage\",\"@id\":\"https:\/\/folklore.ee\/kooliparimus\/kp\/kogumisvoistlus-2022-ee\/\",\"url\":\"https:\/\/folklore.ee\/kooliparimus\/kp\/kogumisvoistlus-2022-ee\/\",\"name\":\"K\u00fcsitlus 2022 \u201eLemmikloomad ja nende nimed\u201c - Koolip\u00e4rimus\",\"isPartOf\":{\"@id\":\"https:\/\/folklore.ee\/kooliparimus\/#website\"},\"primaryImageOfPage\":{\"@id\":\"https:\/\/folklore.ee\/kooliparimus\/kp\/kogumisvoistlus-2022-ee\/#primaryimage\"},\"image\":{\"@id\":\"https:\/\/folklore.ee\/kooliparimus\/kp\/kogumisvoistlus-2022-ee\/#primaryimage\"},\"thumbnailUrl\":\"https:\/\/folklore.ee\/kooliparimus\/wp-content\/uploads\/2023\/05\/kaanepilt.jpg\",\"datePublished\":\"2023-05-31T11:20:03+00:00\",\"dateModified\":\"2023-06-02T08:21:05+00:00\",\"breadcrumb\":{\"@id\":\"https:\/\/folklore.ee\/kooliparimus\/kp\/kogumisvoistlus-2022-ee\/#breadcrumb\"},\"inLanguage\":\"en-US\",\"potentialAction\":[{\"@type\":\"ReadAction\",\"target\":[\"https:\/\/folklore.ee\/kooliparimus\/kp\/kogumisvoistlus-2022-ee\/\"]}]},{\"@type\":\"ImageObject\",\"inLanguage\":\"en-US\",\"@id\":\"https:\/\/folklore.ee\/kooliparimus\/kp\/kogumisvoistlus-2022-ee\/#primaryimage\",\"url\":\"https:\/\/folklore.ee\/kooliparimus\/wp-content\/uploads\/2023\/05\/kaanepilt.jpg\",\"contentUrl\":\"https:\/\/folklore.ee\/kooliparimus\/wp-content\/uploads\/2023\/05\/kaanepilt.jpg\",\"width\":2200,\"height\":306},{\"@type\":\"BreadcrumbList\",\"@id\":\"https:\/\/folklore.ee\/kooliparimus\/kp\/kogumisvoistlus-2022-ee\/#breadcrumb\",\"itemListElement\":[{\"@type\":\"ListItem\",\"position\":1,\"name\":\"Home\",\"item\":\"https:\/\/folklore.ee\/kooliparimus\/\"},{\"@type\":\"ListItem\",\"position\":2,\"name\":\"Koolip\u00e4rimus\",\"item\":\"https:\/\/folklore.ee\/kooliparimus\/kp\/\"},{\"@type\":\"ListItem\",\"position\":3,\"name\":\"K\u00fcsitlus 2022 \u201eLemmikloomad ja nende nimed\u201c\"}]},{\"@type\":\"WebSite\",\"@id\":\"https:\/\/folklore.ee\/kooliparimus\/#website\",\"url\":\"https:\/\/folklore.ee\/kooliparimus\/\",\"name\":\"Koolip\u00e4rimus\",\"description\":\"Eesti Kirjandusmuuseumi kogumisp\u00e4rimuse veebikeskkond.\",\"potentialAction\":[{\"@type\":\"SearchAction\",\"target\":{\"@type\":\"EntryPoint\",\"urlTemplate\":\"https:\/\/folklore.ee\/kooliparimus\/?s={search_term_string}\"},\"query-input\":{\"@type\":\"PropertyValueSpecification\",\"valueRequired\":true,\"valueName\":\"search_term_string\"}}],\"inLanguage\":\"en-US\"}]}<\/script>\n<!-- \/ Yoast SEO plugin. -->","yoast_head_json":{"title":"K\u00fcsitlus 2022 \u201eLemmikloomad ja nende nimed\u201c - Koolip\u00e4rimus","robots":{"index":"index","follow":"follow","max-snippet":"max-snippet:-1","max-image-preview":"max-image-preview:large","max-video-preview":"max-video-preview:-1"},"canonical":"https:\/\/folklore.ee\/kooliparimus\/kp\/kogumisvoistlus-2022-ee\/","og_locale":"en_US","og_type":"article","og_title":"K\u00fcsitlus 2022 \u201eLemmikloomad ja nende nimed\u201c - Koolip\u00e4rimus","og_description":"Survey in english\u041e\u043f\u0440\u043e\u0441 \u043f\u043e \u0440\u0443\u0441\u0441\u043a\u0438 Aastail 2022 ja 2023 ootame osalema ja meenutama oma kogemusi mitmel erineval teemal. Soovime koos teiega alustada loomanimedest ja suhtetest nende ja \u00fcmbritseva keskkonnaga ja liikuda siis m\u00f5ne n\u00e4dala p\u00e4rast j\u00e4rgmise teema juurde. Vastata soovitame veebi kaudu. Muidugi v\u00f5ib vastused kirja panna ja saata nad emailiga v\u00f5i posti teel. J\u00e4rgmise [&hellip;]","og_url":"https:\/\/folklore.ee\/kooliparimus\/kp\/kogumisvoistlus-2022-ee\/","og_site_name":"Koolip\u00e4rimus","article_publisher":"https:\/\/www.facebook.com\/kirjandusmuuseum","article_modified_time":"2023-06-02T08:21:05+00:00","og_image":[{"width":2200,"height":306,"url":"http:\/\/localhost\/kooliparimus\/wp-content\/uploads\/2023\/05\/kaanepilt.jpg","type":"image\/jpeg"}],"twitter_card":"summary_large_image","twitter_misc":{"Est. reading time":"2 minutes"},"schema":{"@context":"https:\/\/schema.org","@graph":[{"@type":"WebPage","@id":"https:\/\/folklore.ee\/kooliparimus\/kp\/kogumisvoistlus-2022-ee\/","url":"https:\/\/folklore.ee\/kooliparimus\/kp\/kogumisvoistlus-2022-ee\/","name":"K\u00fcsitlus 2022 \u201eLemmikloomad ja nende nimed\u201c - Koolip\u00e4rimus","isPartOf":{"@id":"https:\/\/folklore.ee\/kooliparimus\/#website"},"primaryImageOfPage":{"@id":"https:\/\/folklore.ee\/kooliparimus\/kp\/kogumisvoistlus-2022-ee\/#primaryimage"},"image":{"@id":"https:\/\/folklore.ee\/kooliparimus\/kp\/kogumisvoistlus-2022-ee\/#primaryimage"},"thumbnailUrl":"https:\/\/folklore.ee\/kooliparimus\/wp-content\/uploads\/2023\/05\/kaanepilt.jpg","datePublished":"2023-05-31T11:20:03+00:00","dateModified":"2023-06-02T08:21:05+00:00","breadcrumb":{"@id":"https:\/\/folklore.ee\/kooliparimus\/kp\/kogumisvoistlus-2022-ee\/#breadcrumb"},"inLanguage":"en-US","potentialAction":[{"@type":"ReadAction","target":["https:\/\/folklore.ee\/kooliparimus\/kp\/kogumisvoistlus-2022-ee\/"]}]},{"@type":"ImageObject","inLanguage":"en-US","@id":"https:\/\/folklore.ee\/kooliparimus\/kp\/kogumisvoistlus-2022-ee\/#primaryimage","url":"https:\/\/folklore.ee\/kooliparimus\/wp-content\/uploads\/2023\/05\/kaanepilt.jpg","contentUrl":"https:\/\/folklore.ee\/kooliparimus\/wp-content\/uploads\/2023\/05\/kaanepilt.jpg","width":2200,"height":306},{"@type":"BreadcrumbList","@id":"https:\/\/folklore.ee\/kooliparimus\/kp\/kogumisvoistlus-2022-ee\/#breadcrumb","itemListElement":[{"@type":"ListItem","position":1,"name":"Home","item":"https:\/\/folklore.ee\/kooliparimus\/"},{"@type":"ListItem","position":2,"name":"Koolip\u00e4rimus","item":"https:\/\/folklore.ee\/kooliparimus\/kp\/"},{"@type":"ListItem","position":3,"name":"K\u00fcsitlus 2022 \u201eLemmikloomad ja nende nimed\u201c"}]},{"@type":"WebSite","@id":"https:\/\/folklore.ee\/kooliparimus\/#website","url":"https:\/\/folklore.ee\/kooliparimus\/","name":"Koolip\u00e4rimus","description":"Eesti Kirjandusmuuseumi kogumisp\u00e4rimuse veebikeskkond.","potentialAction":[{"@type":"SearchAction","target":{"@type":"EntryPoint","urlTemplate":"https:\/\/folklore.ee\/kooliparimus\/?s={search_term_string}"},"query-input":{"@type":"PropertyValueSpecification","valueRequired":true,"valueName":"search_term_string"}}],"inLanguage":"en-US"}]}},"_links":{"self":[{"href":"https:\/\/folklore.ee\/kooliparimus\/wp-json\/wp\/v2\/pages\/35","targetHints":{"allow":["GET"]}}],"collection":[{"href":"https:\/\/folklore.ee\/kooliparimus\/wp-json\/wp\/v2\/pages"}],"about":[{"href":"https:\/\/folklore.ee\/kooliparimus\/wp-json\/wp\/v2\/types\/page"}],"author":[{"embeddable":true,"href":"https:\/\/folklore.ee\/kooliparimus\/wp-json\/wp\/v2\/users\/1"}],"replies":[{"embeddable":true,"href":"https:\/\/folklore.ee\/kooliparimus\/wp-json\/wp\/v2\/comments?post=35"}],"version-history":[{"count":17,"href":"https:\/\/folklore.ee\/kooliparimus\/wp-json\/wp\/v2\/pages\/35\/revisions"}],"predecessor-version":[{"id":238,"href":"https:\/\/folklore.ee\/kooliparimus\/wp-json\/wp\/v2\/pages\/35\/revisions\/238"}],"up":[{"embeddable":true,"href":"https:\/\/folklore.ee\/kooliparimus\/wp-json\/wp\/v2\/pages\/11"}],"wp:featuredmedia":[{"embeddable":true,"href":"https:\/\/folklore.ee\/kooliparimus\/wp-json\/wp\/v2\/media\/12"}],"wp:attachment":[{"href":"https:\/\/folklore.ee\/kooliparimus\/wp-json\/wp\/v2\/media?parent=35"}],"curies":[{"name":"wp","href":"https:\/\/api.w.org\/{rel}","templated":true}]}}