{"id":38,"date":"2023-05-31T11:25:03","date_gmt":"2023-05-31T11:25:03","guid":{"rendered":"https:\/\/folklore.ee\/kooliparimus\/?page_id=38"},"modified":"2025-07-10T15:44:52","modified_gmt":"2025-07-10T15:44:52","slug":"lasteaiaparimus","status":"publish","type":"page","link":"https:\/\/folklore.ee\/kooliparimus\/lasteaiaparimus\/","title":{"rendered":"Lasteaiap\u00e4rimus"},"content":{"rendered":"\n<h2 class=\"wp-block-heading\"><strong>Lasteaia\u00f5petajate eesti keele koolitusseminarid<\/strong><\/h2>\n\n\n\n<p><strong>2025 <\/strong><a href=\"\/kooliparimus\/lasteaiaparimus\/lp-2025\/\">Lasteaia\u00f5petajate eesti keele seminar \u201eMis kirjas, see karjas\u201c<\/a><br>16.\u201317. oktoober 2025<\/p>\n\n\n\n<p><strong>2024<\/strong> <a href=\"\/kooliparimus\/lasteaiaparimus\/lp-2024\">Lasteaia\u00f5petajate eesti keele seminar \u201eIgal puul oma juur\u201c<\/a><br>15.-16. oktoobril 2024<\/p>\n\n\n\n<p><strong>2023<\/strong> <a href=\"\/kooliparimus\/lasteaiaparimus\/lp-2023\">\u00dchte l\u00e4hvad meie h\u00e4\u00e4led, meie h\u00e4\u00e4led, meie meeled. Koos\u00f5ppimisest \u00fchise kultuurip\u00e4randini<\/a><br>19.-20. oktoobril 2023<\/p>\n\n\n\n<p><strong>2022<\/strong> <a href=\"\/kooliparimus\/lasteaiaparimus\/lp-2022\">Hariv aed: \u00d5ues\u00f5ppest keele- ja k\u00f5ne\u00f5ppeni<\/a><br>Veebiseminar 6. oktoobril 2022<\/p>\n\n\n\n<p><strong>2021<\/strong> <a href=\"\/kooliparimus\/lasteaiaparimus\/lp-2021\">Meie kiisul kriimud silmad: Lugev laps<\/a><br>Veebiseminar 7. oktoobril 2021<\/p>\n\n\n\n<p><strong>2020<\/strong> <a href=\"\/kooliparimus\/lasteaiaparimus\/lp-2020\">Hobustega tuli, h\u00e4rgadega l\u00e4heb: Lasteaed \u00f5petab ka epideemiate ajal<\/a><br>Veebiseminar 7. oktoobril 2020<\/p>\n\n\n\n<p><strong>2019<\/strong> <a href=\"\/kooliparimus\/lasteaiaparimus\/lp-2019\">\u00dcle metsa, vurr! Keel ja keskkond<\/a><br>19. veebruaril 2019 Narva-J\u00f5esuus<\/p>\n\n\n\n<p><a href=\"\/kooliparimus\/lasteaiaparimus\/lp2-2019\">Kus on kodukoht? Eesti keel mitmekultuurilises lasteaias<\/a><br>17. ja 18. oktoobril 2019. aastal Narva-J\u00f5esuus<\/p>\n\n\n\n<p><strong>2018<\/strong> <a href=\"\/kooliparimus\/lasteaiaparimus\/lp-2018\">\u00dcle metsa, vurr! Keel ja keskkond<\/a><br>3.\u20134. oktoobril 2018 Tartus<\/p>\n\n\n\n<p><strong>2017<\/strong> <a href=\"\/kooliparimus\/lasteaiaparimus\/lp-2017\">M\u00e4ng on v\u00e4ikese inimese t\u00f6\u00f6<\/a><br>1.\u20132. novembril 2017 Tartus<\/p>\n\n\n\n<p><strong>2016<\/strong> <a href=\"\/kooliparimus\/lasteaiaparimus\/lp-2016\">Naer ja nutt on kaksikvennad<\/a><br>1.\u20132. detsembril 2016 Tartus<\/p>\n\n\n\n<p><strong>2015<\/strong> <a href=\"\/kooliparimus\/kp\/kooliparimus-2007\/lp-2015\">\u00dcki, kaki, kommi, nommi\u2026<\/a><br>3.\u20134. detsembril 2015 Tartus<\/p>\n\n\n\n<p><strong>2014<\/strong> <a href=\"\/kooliparimus\/kp\/kooliparimus-2007\/lp-2014\">Mis su nimi? &#8211; Nipitiri<\/a><br>30.-31. jaanuaril 2014 Tartus<\/p>\n\n\n\n<p><a href=\"\/kooliparimus\/lasteaiaparimus\/lp2-2014\">Virvipuu, v\u00e4rvipuu, \u00fcle metsa m\u00f5\u00f5dupuu?<\/a><br>4.-5. detsembril 2014 Tartus<\/p>\n\n\n\n<p><strong>2012<\/strong> <a href=\"\/kooliparimus\/lasteaiaparimus\/lp-2012\">S\u00f5nad \u00fcksi ja kambakesi koos<\/a><\/p>\n\n\n\n<p><strong>2011<\/strong> <a href=\"\/kooliparimus\/lasteaiaparimus\/lp-2011\">A-B, hakka p\u00e4he! Kui ei hakka, l\u00fckkan takka!<\/a><\/p>\n\n\n\n<p><strong>2010<\/strong> <a href=\"\/kooliparimus\/lasteaiaparimus\/lp-2010\">Vares vaga, saba taga, lendas \u00fcle P\u00f5hjanaba<\/a><\/p>\n","protected":false},"excerpt":{"rendered":"<p>Lasteaia\u00f5petajate eesti keele koolitusseminarid 2025 Lasteaia\u00f5petajate eesti keele seminar \u201eMis kirjas, see karjas\u201c16.\u201317. oktoober 2025 2024 Lasteaia\u00f5petajate eesti keele seminar \u201eIgal puul oma juur\u201c15.-16. oktoobril 2024 2023 \u00dchte l\u00e4hvad meie h\u00e4\u00e4led, meie h\u00e4\u00e4led, meie meeled. Koos\u00f5ppimisest \u00fchise kultuurip\u00e4randini19.-20. oktoobril 2023 2022 Hariv aed: \u00d5ues\u00f5ppest keele- ja k\u00f5ne\u00f5ppeniVeebiseminar 6. oktoobril 2022 2021 Meie kiisul kriimud silmad: [&hellip;]<\/p>\n","protected":false},"author":1,"featured_media":12,"parent":0,"menu_order":0,"comment_status":"closed","ping_status":"closed","template":"","meta":{"footnotes":""},"class_list":["post-38","page","type-page","status-publish","has-post-thumbnail","hentry"],"yoast_head":"<!-- This site is optimized with the Yoast SEO plugin v23.7 - https:\/\/yoast.com\/wordpress\/plugins\/seo\/ -->\n<title>Lasteaiap\u00e4rimus - Koolip\u00e4rimus<\/title>\n<meta name=\"robots\" content=\"index, follow, max-snippet:-1, max-image-preview:large, max-video-preview:-1\" \/>\n<link rel=\"canonical\" href=\"https:\/\/folklore.ee\/kooliparimus\/lasteaiaparimus\/\" \/>\n<meta property=\"og:locale\" content=\"en_US\" \/>\n<meta property=\"og:type\" content=\"article\" \/>\n<meta property=\"og:title\" content=\"Lasteaiap\u00e4rimus - Koolip\u00e4rimus\" \/>\n<meta property=\"og:description\" content=\"Lasteaia\u00f5petajate eesti keele koolitusseminarid 2025 Lasteaia\u00f5petajate eesti keele seminar \u201eMis kirjas, see karjas\u201c16.\u201317. oktoober 2025 2024 Lasteaia\u00f5petajate eesti keele seminar \u201eIgal puul oma juur\u201c15.-16. oktoobril 2024 2023 \u00dchte l\u00e4hvad meie h\u00e4\u00e4led, meie h\u00e4\u00e4led, meie meeled. Koos\u00f5ppimisest \u00fchise kultuurip\u00e4randini19.-20. oktoobril 2023 2022 Hariv aed: \u00d5ues\u00f5ppest keele- ja k\u00f5ne\u00f5ppeniVeebiseminar 6. oktoobril 2022 2021 Meie kiisul kriimud silmad: [&hellip;]\" \/>\n<meta property=\"og:url\" content=\"https:\/\/folklore.ee\/kooliparimus\/lasteaiaparimus\/\" \/>\n<meta property=\"og:site_name\" content=\"Koolip\u00e4rimus\" \/>\n<meta property=\"article:publisher\" content=\"https:\/\/www.facebook.com\/kirjandusmuuseum\" \/>\n<meta property=\"article:modified_time\" content=\"2025-07-10T15:44:52+00:00\" \/>\n<meta property=\"og:image\" content=\"https:\/\/folklore.ee\/kooliparimus\/wp-content\/uploads\/2023\/05\/kaanepilt.jpg\" \/>\n\t<meta property=\"og:image:width\" content=\"2200\" \/>\n\t<meta property=\"og:image:height\" content=\"306\" \/>\n\t<meta property=\"og:image:type\" content=\"image\/jpeg\" \/>\n<meta name=\"twitter:card\" content=\"summary_large_image\" \/>\n<meta name=\"twitter:label1\" content=\"Est. reading time\" \/>\n\t<meta name=\"twitter:data1\" content=\"2 minutes\" \/>\n<script type=\"application\/ld+json\" class=\"yoast-schema-graph\">{\"@context\":\"https:\/\/schema.org\",\"@graph\":[{\"@type\":\"WebPage\",\"@id\":\"https:\/\/folklore.ee\/kooliparimus\/lasteaiaparimus\/\",\"url\":\"https:\/\/folklore.ee\/kooliparimus\/lasteaiaparimus\/\",\"name\":\"Lasteaiap\u00e4rimus - Koolip\u00e4rimus\",\"isPartOf\":{\"@id\":\"https:\/\/folklore.ee\/kooliparimus\/#website\"},\"primaryImageOfPage\":{\"@id\":\"https:\/\/folklore.ee\/kooliparimus\/lasteaiaparimus\/#primaryimage\"},\"image\":{\"@id\":\"https:\/\/folklore.ee\/kooliparimus\/lasteaiaparimus\/#primaryimage\"},\"thumbnailUrl\":\"https:\/\/folklore.ee\/kooliparimus\/wp-content\/uploads\/2023\/05\/kaanepilt.jpg\",\"datePublished\":\"2023-05-31T11:25:03+00:00\",\"dateModified\":\"2025-07-10T15:44:52+00:00\",\"breadcrumb\":{\"@id\":\"https:\/\/folklore.ee\/kooliparimus\/lasteaiaparimus\/#breadcrumb\"},\"inLanguage\":\"en-US\",\"potentialAction\":[{\"@type\":\"ReadAction\",\"target\":[\"https:\/\/folklore.ee\/kooliparimus\/lasteaiaparimus\/\"]}]},{\"@type\":\"ImageObject\",\"inLanguage\":\"en-US\",\"@id\":\"https:\/\/folklore.ee\/kooliparimus\/lasteaiaparimus\/#primaryimage\",\"url\":\"https:\/\/folklore.ee\/kooliparimus\/wp-content\/uploads\/2023\/05\/kaanepilt.jpg\",\"contentUrl\":\"https:\/\/folklore.ee\/kooliparimus\/wp-content\/uploads\/2023\/05\/kaanepilt.jpg\",\"width\":2200,\"height\":306},{\"@type\":\"BreadcrumbList\",\"@id\":\"https:\/\/folklore.ee\/kooliparimus\/lasteaiaparimus\/#breadcrumb\",\"itemListElement\":[{\"@type\":\"ListItem\",\"position\":1,\"name\":\"Home\",\"item\":\"https:\/\/folklore.ee\/kooliparimus\/\"},{\"@type\":\"ListItem\",\"position\":2,\"name\":\"Lasteaiap\u00e4rimus\"}]},{\"@type\":\"WebSite\",\"@id\":\"https:\/\/folklore.ee\/kooliparimus\/#website\",\"url\":\"https:\/\/folklore.ee\/kooliparimus\/\",\"name\":\"Koolip\u00e4rimus\",\"description\":\"Eesti Kirjandusmuuseumi kogumisp\u00e4rimuse veebikeskkond.\",\"potentialAction\":[{\"@type\":\"SearchAction\",\"target\":{\"@type\":\"EntryPoint\",\"urlTemplate\":\"https:\/\/folklore.ee\/kooliparimus\/?s={search_term_string}\"},\"query-input\":{\"@type\":\"PropertyValueSpecification\",\"valueRequired\":true,\"valueName\":\"search_term_string\"}}],\"inLanguage\":\"en-US\"}]}<\/script>\n<!-- \/ Yoast SEO plugin. -->","yoast_head_json":{"title":"Lasteaiap\u00e4rimus - Koolip\u00e4rimus","robots":{"index":"index","follow":"follow","max-snippet":"max-snippet:-1","max-image-preview":"max-image-preview:large","max-video-preview":"max-video-preview:-1"},"canonical":"https:\/\/folklore.ee\/kooliparimus\/lasteaiaparimus\/","og_locale":"en_US","og_type":"article","og_title":"Lasteaiap\u00e4rimus - Koolip\u00e4rimus","og_description":"Lasteaia\u00f5petajate eesti keele koolitusseminarid 2025 Lasteaia\u00f5petajate eesti keele seminar \u201eMis kirjas, see karjas\u201c16.\u201317. oktoober 2025 2024 Lasteaia\u00f5petajate eesti keele seminar \u201eIgal puul oma juur\u201c15.-16. oktoobril 2024 2023 \u00dchte l\u00e4hvad meie h\u00e4\u00e4led, meie h\u00e4\u00e4led, meie meeled. Koos\u00f5ppimisest \u00fchise kultuurip\u00e4randini19.-20. oktoobril 2023 2022 Hariv aed: \u00d5ues\u00f5ppest keele- ja k\u00f5ne\u00f5ppeniVeebiseminar 6. oktoobril 2022 2021 Meie kiisul kriimud silmad: [&hellip;]","og_url":"https:\/\/folklore.ee\/kooliparimus\/lasteaiaparimus\/","og_site_name":"Koolip\u00e4rimus","article_publisher":"https:\/\/www.facebook.com\/kirjandusmuuseum","article_modified_time":"2025-07-10T15:44:52+00:00","og_image":[{"width":2200,"height":306,"url":"https:\/\/folklore.ee\/kooliparimus\/wp-content\/uploads\/2023\/05\/kaanepilt.jpg","type":"image\/jpeg"}],"twitter_card":"summary_large_image","twitter_misc":{"Est. reading time":"2 minutes"},"schema":{"@context":"https:\/\/schema.org","@graph":[{"@type":"WebPage","@id":"https:\/\/folklore.ee\/kooliparimus\/lasteaiaparimus\/","url":"https:\/\/folklore.ee\/kooliparimus\/lasteaiaparimus\/","name":"Lasteaiap\u00e4rimus - Koolip\u00e4rimus","isPartOf":{"@id":"https:\/\/folklore.ee\/kooliparimus\/#website"},"primaryImageOfPage":{"@id":"https:\/\/folklore.ee\/kooliparimus\/lasteaiaparimus\/#primaryimage"},"image":{"@id":"https:\/\/folklore.ee\/kooliparimus\/lasteaiaparimus\/#primaryimage"},"thumbnailUrl":"https:\/\/folklore.ee\/kooliparimus\/wp-content\/uploads\/2023\/05\/kaanepilt.jpg","datePublished":"2023-05-31T11:25:03+00:00","dateModified":"2025-07-10T15:44:52+00:00","breadcrumb":{"@id":"https:\/\/folklore.ee\/kooliparimus\/lasteaiaparimus\/#breadcrumb"},"inLanguage":"en-US","potentialAction":[{"@type":"ReadAction","target":["https:\/\/folklore.ee\/kooliparimus\/lasteaiaparimus\/"]}]},{"@type":"ImageObject","inLanguage":"en-US","@id":"https:\/\/folklore.ee\/kooliparimus\/lasteaiaparimus\/#primaryimage","url":"https:\/\/folklore.ee\/kooliparimus\/wp-content\/uploads\/2023\/05\/kaanepilt.jpg","contentUrl":"https:\/\/folklore.ee\/kooliparimus\/wp-content\/uploads\/2023\/05\/kaanepilt.jpg","width":2200,"height":306},{"@type":"BreadcrumbList","@id":"https:\/\/folklore.ee\/kooliparimus\/lasteaiaparimus\/#breadcrumb","itemListElement":[{"@type":"ListItem","position":1,"name":"Home","item":"https:\/\/folklore.ee\/kooliparimus\/"},{"@type":"ListItem","position":2,"name":"Lasteaiap\u00e4rimus"}]},{"@type":"WebSite","@id":"https:\/\/folklore.ee\/kooliparimus\/#website","url":"https:\/\/folklore.ee\/kooliparimus\/","name":"Koolip\u00e4rimus","description":"Eesti Kirjandusmuuseumi kogumisp\u00e4rimuse veebikeskkond.","potentialAction":[{"@type":"SearchAction","target":{"@type":"EntryPoint","urlTemplate":"https:\/\/folklore.ee\/kooliparimus\/?s={search_term_string}"},"query-input":{"@type":"PropertyValueSpecification","valueRequired":true,"valueName":"search_term_string"}}],"inLanguage":"en-US"}]}},"_links":{"self":[{"href":"https:\/\/folklore.ee\/kooliparimus\/wp-json\/wp\/v2\/pages\/38","targetHints":{"allow":["GET"]}}],"collection":[{"href":"https:\/\/folklore.ee\/kooliparimus\/wp-json\/wp\/v2\/pages"}],"about":[{"href":"https:\/\/folklore.ee\/kooliparimus\/wp-json\/wp\/v2\/types\/page"}],"author":[{"embeddable":true,"href":"https:\/\/folklore.ee\/kooliparimus\/wp-json\/wp\/v2\/users\/1"}],"replies":[{"embeddable":true,"href":"https:\/\/folklore.ee\/kooliparimus\/wp-json\/wp\/v2\/comments?post=38"}],"version-history":[{"count":29,"href":"https:\/\/folklore.ee\/kooliparimus\/wp-json\/wp\/v2\/pages\/38\/revisions"}],"predecessor-version":[{"id":841,"href":"https:\/\/folklore.ee\/kooliparimus\/wp-json\/wp\/v2\/pages\/38\/revisions\/841"}],"wp:featuredmedia":[{"embeddable":true,"href":"https:\/\/folklore.ee\/kooliparimus\/wp-json\/wp\/v2\/media\/12"}],"wp:attachment":[{"href":"https:\/\/folklore.ee\/kooliparimus\/wp-json\/wp\/v2\/media?parent=38"}],"curies":[{"name":"wp","href":"https:\/\/api.w.org\/{rel}","templated":true}]}}