{"id":471,"date":"2023-06-05T11:08:11","date_gmt":"2023-06-05T11:08:11","guid":{"rendered":"https:\/\/folklore.ee\/kooliparimus\/?page_id=471"},"modified":"2024-11-20T08:48:34","modified_gmt":"2024-11-20T08:48:34","slug":"lp-2016","status":"publish","type":"page","link":"https:\/\/folklore.ee\/kooliparimus\/lasteaiaparimus\/lp-2016\/","title":{"rendered":"Naer ja nutt on kaksikvennad"},"content":{"rendered":"\n<p>1.\u20132. detsembril 2016. aastal Eesti Rahva Muuseumis (Muuseumi tee 2, Tartu)<\/p>\n\n\n\n<p>Seitsmendat korda toimuva seminari eesm\u00e4rk on tutvustada lasteaia\u00f5petajatele v\u00f5imalusi emakeelep\u00f5histe kultuuriv\u00e4\u00e4rtuste kujundamisel. Alates 2010. aastast Tartus toimuval kahep\u00e4evasel seminaril saavad traditsiooniliselt s\u00f5na teadlased, muuseumit\u00f6\u00f6tajad ja alushariduse praktikud.<\/p>\n\n\n\n<p>Seekordse seminari keskmes on eesti keel ja emotsioonid, tunnete mitmek\u00fclgsed v\u00e4ljendusviisid emakeeles, tutvustatakse emotsioonide temaatikat keeles, kultuurip\u00e4randis ja folklooris laiemalt. Ettekannetes uuritakse, kuidas tunnetest r\u00e4\u00e4kida ja nendega toime tulla. T\u00e4helepanu all on tunnete v\u00e4ljendused huumori ja nalja, laste hirmude kaudu, vaadeldakse erinevate emotsioonide t\u00e4hendusi keeles, lastep\u00e4rimuses ja kultuurin\u00e4htustes laiemalt.<\/p>\n\n\n\n<p>Toimuvad t\u00f6\u00f6toad, milles tutvustatakse praktilisi v\u00e4ljundeid ja \u00f5pitakse\/m\u00e4ngitakse m\u00e4nge, mille eesm\u00e4rk on \u00fchtlasi omandada teadmisi selle kohta, kuidas rikastada tunnetealast s\u00f5navara, lahendada emotsioonidega seotud probleeme lasteaia keskkonnas, \u00fchtlasi edendada eesti keele \u00f5petamist.<\/p>\n\n\n\n<p><strong>KAVA<\/strong><\/p>\n\n\n\n<p><strong>Neljap\u00e4ev, 1. detsember (Jakob Hurda saalis)<\/strong><\/p>\n\n\n\n<div class=\"wp-block-columns is-layout-flex wp-container-core-columns-is-layout-9d6595d7 wp-block-columns-is-layout-flex\">\n<div class=\"wp-block-column is-layout-flow wp-block-column-is-layout-flow\">\n<div class=\"wp-block-columns is-layout-flex wp-container-core-columns-is-layout-9d6595d7 wp-block-columns-is-layout-flex\">\n<div class=\"wp-block-column is-layout-flow wp-block-column-is-layout-flow\">\n<div class=\"wp-block-buttons is-layout-flex wp-block-buttons-is-layout-flex\">\n<div class=\"wp-block-button\"><a class=\"wp-block-button__link wp-element-button\" href=\"\/kooliparimus\/lasteaiaparimus\/lp-2016\/galerii-paev-1\/\">Galerii<\/a><\/div>\n<\/div>\n<\/div>\n\n\n\n<div class=\"wp-block-column is-layout-flow wp-block-column-is-layout-flow\">\n<div class=\"wp-block-buttons is-layout-flex wp-block-buttons-is-layout-flex\">\n<div class=\"wp-block-button\"><a class=\"wp-block-button__link wp-element-button\" href=\"\/kooliparimus\/lasteaiaparimus\/lp-2016\/esimese-paeva-videod\/\">Videod<\/a><\/div>\n<\/div>\n<\/div>\n<\/div>\n<\/div>\n\n\n\n<div class=\"wp-block-column is-layout-flow wp-block-column-is-layout-flow\"><\/div>\n<\/div>\n\n\n\n<p><strong>10.30 Registreerimine, tervituskohv<br><\/strong>11.00 Avamine<br>11.15 Signe Raudik (Tartu \u00dclikool \/ Tartu lasteaed Midrimaa): <a href=\"http:\/\/localhost\/kooliparimus\/wp-content\/uploads\/2024\/09\/signe_raudik.pdf\" target=\"_blank\" rel=\"noreferrer noopener\">Laps r\u00e4\u00e4gib siis, kui \u2026<\/a><br>12.15 Angela Jakobson (Tartu \u00dclikool \/ Ps\u00fchhiaatriakeskus Jaanson ja L\u00e4\u00e4ne): <a href=\"http:\/\/localhost\/kooliparimus\/wp-content\/uploads\/2024\/09\/angela_jakobson.pdf\" target=\"_blank\" rel=\"noreferrer noopener\">Tunnete kaardid \u2013 mis, kellele, kuidas?<\/a><\/p>\n\n\n\n<p><strong>13.15\u201314.15 L\u00f5una<br><\/strong>14.15 Liisi Laineste (Eesti Kirjandusmuuseum): <a href=\"http:\/\/localhost\/kooliparimus\/wp-content\/uploads\/2024\/09\/liisi_laineste.pdf\" target=\"_blank\" rel=\"noreferrer noopener\">Mis tuleb pika ilu peale? Huumor kollektiivis<\/a><br>14.45 Piret Voolaid (Eesti Kirjandusmuuseum): <a href=\"http:\/\/localhost\/kooliparimus\/wp-content\/uploads\/2024\/09\/piret_voolaid.pdf\" target=\"_blank\" rel=\"noreferrer noopener\">Siin lasteaias on k\u00f5ik s\u00f5brased: Lapsesuunaljad kui emotsionaalne r\u00fchmap\u00e4rimus<\/a><br>15.15 Reet Hiiem\u00e4e (Eesti Kirjandusmuuseum): <a href=\"http:\/\/localhost\/kooliparimus\/wp-content\/uploads\/2024\/09\/reet_hiiemae.pdf\" target=\"_blank\" rel=\"noreferrer noopener\">Zombid, tulnukad ja Slenderman: \u00fcleloomulikud olendid t\u00e4nap\u00e4eva laste p\u00e4rimuses<\/a><\/p>\n\n\n\n<p><strong>15.45\u201316.00 Kohvipaus<br><\/strong>16.00\u201317.30 Eesti Rahva Muuseumi uute p\u00fcsin\u00e4ituste tutvustus<\/p>\n\n\n\n<div style=\"height:15px\" aria-hidden=\"true\" class=\"wp-block-spacer\"><\/div>\n\n\n\n<p><strong>Reede, 2. detsember (hariduskeskuses)<\/strong><\/p>\n\n\n\n<div class=\"wp-block-columns is-layout-flex wp-container-core-columns-is-layout-9d6595d7 wp-block-columns-is-layout-flex\">\n<div class=\"wp-block-column is-layout-flow wp-block-column-is-layout-flow\">\n<div class=\"wp-block-columns is-layout-flex wp-container-core-columns-is-layout-9d6595d7 wp-block-columns-is-layout-flex\">\n<div class=\"wp-block-column is-layout-flow wp-block-column-is-layout-flow\">\n<div class=\"wp-block-buttons is-layout-flex wp-block-buttons-is-layout-flex\">\n<div class=\"wp-block-button\"><a class=\"wp-block-button__link wp-element-button\" href=\"\/kooliparimus\/lasteaiaparimus\/lp-2016\/galerii-paev-2\/\">Galerii<\/a><\/div>\n<\/div>\n<\/div>\n\n\n\n<div class=\"wp-block-column is-layout-flow wp-block-column-is-layout-flow\">\n<div class=\"wp-block-buttons is-layout-flex wp-block-buttons-is-layout-flex\">\n<div class=\"wp-block-button\"><a class=\"wp-block-button__link wp-element-button\" href=\"\/kooliparimus\/lasteaiaparimus\/lp-2016\/teise-paeva-videod\/\">Videod<\/a><\/div>\n<\/div>\n<\/div>\n<\/div>\n<\/div>\n\n\n\n<div class=\"wp-block-column is-layout-flow wp-block-column-is-layout-flow\"><\/div>\n<\/div>\n\n\n\n<p><strong>9.00 <\/strong>Ene Vainik (Eesti Keele Instituut): <a href=\"http:\/\/localhost\/kooliparimus\/wp-content\/uploads\/2024\/09\/ene_vainik.pdf\" target=\"_blank\" rel=\"noreferrer noopener\">Tunne tundeid nimepidi<\/a> (\u00f5ppekl. A3)<br>9.45\u201311.30 <strong>Praktilised t\u00f6\u00f6toad<\/strong><br>Janika Oras (Eesti Kirjandusmuuseum): Ringm\u00e4ngu r\u00f5\u00f5m (\u00f5ppekl. A2)<br>Virve Tuubel (Eesti Rahva Muuseum): Koduga seotud emotsioonid (Eesti kultuuriloo p\u00fcsin\u00e4ituse tegelussaalis)<br>11.30\u201312.15 Kolleegilt kolleegile: Emotsionaalsete olukordade lahendamisega seotud praktilised, \u00f5petlikud, m\u00e4ngulised lood (\u00f5ppekl.-id A2 ja A3)<br>12.15 Seminari l\u00f5petamine, tunnistuste k\u00e4tteandmine (\u00f5ppekl. A3)<\/p>\n\n\n\n<p><strong>12.30 L\u00f5una<\/strong><\/p>\n\n\n\n<p>Seminarile registreerimine on l\u00f5ppenud, igast registreerunud lasteaiast on \u00f5igus osaleda \u00fchel inimesel.<\/p>\n\n\n\n<p>Seminari osalemistasu on Eesti Rahva Muuseumi kogu maja k\u00fclastuse soodushinnaga t\u00e4ispilet 10 eurot (tuleb maksta kohapeal, arve alusel maksta pole v\u00f5imalik).<br>Seminaril osalejatele tagatakse korraldajate kulul toitlustus (l\u00f5una- ja kohvipausid), seminarimaterjalid.<br>V\u00e4ljastpoolt Tartut tulijatele on vajadusel tasuta \u00f6\u00f6maja Hotell Tartus (Soola 3, Tartu, vt <a href=\"https:\/\/tartuhotell.ee\/\">https:\/\/tartuhotell.ee\/<\/a>).<br>Seminaril osalejal palume kirjalikult ette valmistada ja kaasa v\u00f5tta \u00fcks isikliku kogemuse k\u00e4igus aset leidnud emotsioonidega seotud probleemlugu. Seda l\u00e4heb tarvis t\u00f6\u00f6toas \u201eKolleegilt kolleegile\u201c, kus vahetatakse \u00fcksteisega probleemide lahendamise kogemusi.<br>Seminari programmi t\u00e4itjad saavad t\u00e4ienduskoolitusel osalemist kinnitava tunnistuse. Ettekanded on alates 15. detsembrist j\u00e4relevaadatavad Eesti Kirjandusmuuseumi kodulehel .<br>Seminari korraldavad Eesti Kirjandusmuuseum, Haridus- ja Teadusministeerium, Eesti Rahva Muuseum, Eesti-uuringute Tippkeskus. Seminar toimub Haridus- ja Teadusministeeriumi toel.<\/p>\n\n\n\n<p>Info: Piret Voolaid, <a href=\"mailto:piret.voolaid@folklore.ee\">piret.voolaid@folklore.ee<\/a>; Virve Tuubel, <a href=\"mailto:Virve.Tuubel@erm.ee\">Virve.Tuubel@erm.ee<\/a>; Kadri S\u00f5rmus, <a href=\"mailto:kadri.sormus@hm.ee\">kadri.sormus@hm.ee<\/a><\/p>\n","protected":false},"excerpt":{"rendered":"<p>1.\u20132. detsembril 2016. aastal Eesti Rahva Muuseumis (Muuseumi tee 2, Tartu) Seitsmendat korda toimuva seminari eesm\u00e4rk on tutvustada lasteaia\u00f5petajatele v\u00f5imalusi emakeelep\u00f5histe kultuuriv\u00e4\u00e4rtuste kujundamisel. Alates 2010. aastast Tartus toimuval kahep\u00e4evasel seminaril saavad traditsiooniliselt s\u00f5na teadlased, muuseumit\u00f6\u00f6tajad ja alushariduse praktikud. Seekordse seminari keskmes on eesti keel ja emotsioonid, tunnete mitmek\u00fclgsed v\u00e4ljendusviisid emakeeles, tutvustatakse emotsioonide temaatikat keeles, kultuurip\u00e4randis [&hellip;]<\/p>\n","protected":false},"author":1,"featured_media":12,"parent":38,"menu_order":0,"comment_status":"closed","ping_status":"closed","template":"","meta":{"footnotes":""},"class_list":["post-471","page","type-page","status-publish","has-post-thumbnail","hentry"],"yoast_head":"<!-- This site is optimized with the Yoast SEO plugin v23.7 - https:\/\/yoast.com\/wordpress\/plugins\/seo\/ -->\n<title>Naer ja nutt on kaksikvennad - Koolip\u00e4rimus<\/title>\n<meta name=\"robots\" content=\"index, follow, max-snippet:-1, max-image-preview:large, max-video-preview:-1\" \/>\n<link rel=\"canonical\" href=\"https:\/\/folklore.ee\/kooliparimus\/lasteaiaparimus\/lp-2016\/\" \/>\n<meta property=\"og:locale\" content=\"en_US\" \/>\n<meta property=\"og:type\" content=\"article\" \/>\n<meta property=\"og:title\" content=\"Naer ja nutt on kaksikvennad - Koolip\u00e4rimus\" \/>\n<meta property=\"og:description\" content=\"1.\u20132. detsembril 2016. aastal Eesti Rahva Muuseumis (Muuseumi tee 2, Tartu) Seitsmendat korda toimuva seminari eesm\u00e4rk on tutvustada lasteaia\u00f5petajatele v\u00f5imalusi emakeelep\u00f5histe kultuuriv\u00e4\u00e4rtuste kujundamisel. Alates 2010. aastast Tartus toimuval kahep\u00e4evasel seminaril saavad traditsiooniliselt s\u00f5na teadlased, muuseumit\u00f6\u00f6tajad ja alushariduse praktikud. Seekordse seminari keskmes on eesti keel ja emotsioonid, tunnete mitmek\u00fclgsed v\u00e4ljendusviisid emakeeles, tutvustatakse emotsioonide temaatikat keeles, kultuurip\u00e4randis [&hellip;]\" \/>\n<meta property=\"og:url\" content=\"https:\/\/folklore.ee\/kooliparimus\/lasteaiaparimus\/lp-2016\/\" \/>\n<meta property=\"og:site_name\" content=\"Koolip\u00e4rimus\" \/>\n<meta property=\"article:publisher\" content=\"https:\/\/www.facebook.com\/kirjandusmuuseum\" \/>\n<meta property=\"article:modified_time\" content=\"2024-11-20T08:48:34+00:00\" \/>\n<meta property=\"og:image\" content=\"https:\/\/folklore.ee\/kooliparimus\/wp-content\/uploads\/2023\/05\/kaanepilt.jpg\" \/>\n\t<meta property=\"og:image:width\" content=\"2200\" \/>\n\t<meta property=\"og:image:height\" content=\"306\" \/>\n\t<meta property=\"og:image:type\" content=\"image\/jpeg\" \/>\n<meta name=\"twitter:card\" content=\"summary_large_image\" \/>\n<meta name=\"twitter:label1\" content=\"Est. reading time\" \/>\n\t<meta name=\"twitter:data1\" content=\"2 minutes\" \/>\n<script type=\"application\/ld+json\" class=\"yoast-schema-graph\">{\"@context\":\"https:\/\/schema.org\",\"@graph\":[{\"@type\":\"WebPage\",\"@id\":\"https:\/\/folklore.ee\/kooliparimus\/lasteaiaparimus\/lp-2016\/\",\"url\":\"https:\/\/folklore.ee\/kooliparimus\/lasteaiaparimus\/lp-2016\/\",\"name\":\"Naer ja nutt on kaksikvennad - Koolip\u00e4rimus\",\"isPartOf\":{\"@id\":\"https:\/\/folklore.ee\/kooliparimus\/#website\"},\"primaryImageOfPage\":{\"@id\":\"https:\/\/folklore.ee\/kooliparimus\/lasteaiaparimus\/lp-2016\/#primaryimage\"},\"image\":{\"@id\":\"https:\/\/folklore.ee\/kooliparimus\/lasteaiaparimus\/lp-2016\/#primaryimage\"},\"thumbnailUrl\":\"https:\/\/folklore.ee\/kooliparimus\/wp-content\/uploads\/2023\/05\/kaanepilt.jpg\",\"datePublished\":\"2023-06-05T11:08:11+00:00\",\"dateModified\":\"2024-11-20T08:48:34+00:00\",\"breadcrumb\":{\"@id\":\"https:\/\/folklore.ee\/kooliparimus\/lasteaiaparimus\/lp-2016\/#breadcrumb\"},\"inLanguage\":\"en-US\",\"potentialAction\":[{\"@type\":\"ReadAction\",\"target\":[\"https:\/\/folklore.ee\/kooliparimus\/lasteaiaparimus\/lp-2016\/\"]}]},{\"@type\":\"ImageObject\",\"inLanguage\":\"en-US\",\"@id\":\"https:\/\/folklore.ee\/kooliparimus\/lasteaiaparimus\/lp-2016\/#primaryimage\",\"url\":\"https:\/\/folklore.ee\/kooliparimus\/wp-content\/uploads\/2023\/05\/kaanepilt.jpg\",\"contentUrl\":\"https:\/\/folklore.ee\/kooliparimus\/wp-content\/uploads\/2023\/05\/kaanepilt.jpg\",\"width\":2200,\"height\":306},{\"@type\":\"BreadcrumbList\",\"@id\":\"https:\/\/folklore.ee\/kooliparimus\/lasteaiaparimus\/lp-2016\/#breadcrumb\",\"itemListElement\":[{\"@type\":\"ListItem\",\"position\":1,\"name\":\"Home\",\"item\":\"https:\/\/folklore.ee\/kooliparimus\/\"},{\"@type\":\"ListItem\",\"position\":2,\"name\":\"Lasteaiap\u00e4rimus\",\"item\":\"https:\/\/folklore.ee\/kooliparimus\/lasteaiaparimus\/\"},{\"@type\":\"ListItem\",\"position\":3,\"name\":\"Naer ja nutt on kaksikvennad\"}]},{\"@type\":\"WebSite\",\"@id\":\"https:\/\/folklore.ee\/kooliparimus\/#website\",\"url\":\"https:\/\/folklore.ee\/kooliparimus\/\",\"name\":\"Koolip\u00e4rimus\",\"description\":\"Eesti Kirjandusmuuseumi kogumisp\u00e4rimuse veebikeskkond.\",\"potentialAction\":[{\"@type\":\"SearchAction\",\"target\":{\"@type\":\"EntryPoint\",\"urlTemplate\":\"https:\/\/folklore.ee\/kooliparimus\/?s={search_term_string}\"},\"query-input\":{\"@type\":\"PropertyValueSpecification\",\"valueRequired\":true,\"valueName\":\"search_term_string\"}}],\"inLanguage\":\"en-US\"}]}<\/script>\n<!-- \/ Yoast SEO plugin. -->","yoast_head_json":{"title":"Naer ja nutt on kaksikvennad - Koolip\u00e4rimus","robots":{"index":"index","follow":"follow","max-snippet":"max-snippet:-1","max-image-preview":"max-image-preview:large","max-video-preview":"max-video-preview:-1"},"canonical":"https:\/\/folklore.ee\/kooliparimus\/lasteaiaparimus\/lp-2016\/","og_locale":"en_US","og_type":"article","og_title":"Naer ja nutt on kaksikvennad - Koolip\u00e4rimus","og_description":"1.\u20132. detsembril 2016. aastal Eesti Rahva Muuseumis (Muuseumi tee 2, Tartu) Seitsmendat korda toimuva seminari eesm\u00e4rk on tutvustada lasteaia\u00f5petajatele v\u00f5imalusi emakeelep\u00f5histe kultuuriv\u00e4\u00e4rtuste kujundamisel. Alates 2010. aastast Tartus toimuval kahep\u00e4evasel seminaril saavad traditsiooniliselt s\u00f5na teadlased, muuseumit\u00f6\u00f6tajad ja alushariduse praktikud. Seekordse seminari keskmes on eesti keel ja emotsioonid, tunnete mitmek\u00fclgsed v\u00e4ljendusviisid emakeeles, tutvustatakse emotsioonide temaatikat keeles, kultuurip\u00e4randis [&hellip;]","og_url":"https:\/\/folklore.ee\/kooliparimus\/lasteaiaparimus\/lp-2016\/","og_site_name":"Koolip\u00e4rimus","article_publisher":"https:\/\/www.facebook.com\/kirjandusmuuseum","article_modified_time":"2024-11-20T08:48:34+00:00","og_image":[{"width":2200,"height":306,"url":"https:\/\/folklore.ee\/kooliparimus\/wp-content\/uploads\/2023\/05\/kaanepilt.jpg","type":"image\/jpeg"}],"twitter_card":"summary_large_image","twitter_misc":{"Est. reading time":"2 minutes"},"schema":{"@context":"https:\/\/schema.org","@graph":[{"@type":"WebPage","@id":"https:\/\/folklore.ee\/kooliparimus\/lasteaiaparimus\/lp-2016\/","url":"https:\/\/folklore.ee\/kooliparimus\/lasteaiaparimus\/lp-2016\/","name":"Naer ja nutt on kaksikvennad - Koolip\u00e4rimus","isPartOf":{"@id":"https:\/\/folklore.ee\/kooliparimus\/#website"},"primaryImageOfPage":{"@id":"https:\/\/folklore.ee\/kooliparimus\/lasteaiaparimus\/lp-2016\/#primaryimage"},"image":{"@id":"https:\/\/folklore.ee\/kooliparimus\/lasteaiaparimus\/lp-2016\/#primaryimage"},"thumbnailUrl":"https:\/\/folklore.ee\/kooliparimus\/wp-content\/uploads\/2023\/05\/kaanepilt.jpg","datePublished":"2023-06-05T11:08:11+00:00","dateModified":"2024-11-20T08:48:34+00:00","breadcrumb":{"@id":"https:\/\/folklore.ee\/kooliparimus\/lasteaiaparimus\/lp-2016\/#breadcrumb"},"inLanguage":"en-US","potentialAction":[{"@type":"ReadAction","target":["https:\/\/folklore.ee\/kooliparimus\/lasteaiaparimus\/lp-2016\/"]}]},{"@type":"ImageObject","inLanguage":"en-US","@id":"https:\/\/folklore.ee\/kooliparimus\/lasteaiaparimus\/lp-2016\/#primaryimage","url":"https:\/\/folklore.ee\/kooliparimus\/wp-content\/uploads\/2023\/05\/kaanepilt.jpg","contentUrl":"https:\/\/folklore.ee\/kooliparimus\/wp-content\/uploads\/2023\/05\/kaanepilt.jpg","width":2200,"height":306},{"@type":"BreadcrumbList","@id":"https:\/\/folklore.ee\/kooliparimus\/lasteaiaparimus\/lp-2016\/#breadcrumb","itemListElement":[{"@type":"ListItem","position":1,"name":"Home","item":"https:\/\/folklore.ee\/kooliparimus\/"},{"@type":"ListItem","position":2,"name":"Lasteaiap\u00e4rimus","item":"https:\/\/folklore.ee\/kooliparimus\/lasteaiaparimus\/"},{"@type":"ListItem","position":3,"name":"Naer ja nutt on kaksikvennad"}]},{"@type":"WebSite","@id":"https:\/\/folklore.ee\/kooliparimus\/#website","url":"https:\/\/folklore.ee\/kooliparimus\/","name":"Koolip\u00e4rimus","description":"Eesti Kirjandusmuuseumi kogumisp\u00e4rimuse veebikeskkond.","potentialAction":[{"@type":"SearchAction","target":{"@type":"EntryPoint","urlTemplate":"https:\/\/folklore.ee\/kooliparimus\/?s={search_term_string}"},"query-input":{"@type":"PropertyValueSpecification","valueRequired":true,"valueName":"search_term_string"}}],"inLanguage":"en-US"}]}},"_links":{"self":[{"href":"https:\/\/folklore.ee\/kooliparimus\/wp-json\/wp\/v2\/pages\/471","targetHints":{"allow":["GET"]}}],"collection":[{"href":"https:\/\/folklore.ee\/kooliparimus\/wp-json\/wp\/v2\/pages"}],"about":[{"href":"https:\/\/folklore.ee\/kooliparimus\/wp-json\/wp\/v2\/types\/page"}],"author":[{"embeddable":true,"href":"https:\/\/folklore.ee\/kooliparimus\/wp-json\/wp\/v2\/users\/1"}],"replies":[{"embeddable":true,"href":"https:\/\/folklore.ee\/kooliparimus\/wp-json\/wp\/v2\/comments?post=471"}],"version-history":[{"count":8,"href":"https:\/\/folklore.ee\/kooliparimus\/wp-json\/wp\/v2\/pages\/471\/revisions"}],"predecessor-version":[{"id":831,"href":"https:\/\/folklore.ee\/kooliparimus\/wp-json\/wp\/v2\/pages\/471\/revisions\/831"}],"up":[{"embeddable":true,"href":"https:\/\/folklore.ee\/kooliparimus\/wp-json\/wp\/v2\/pages\/38"}],"wp:featuredmedia":[{"embeddable":true,"href":"https:\/\/folklore.ee\/kooliparimus\/wp-json\/wp\/v2\/media\/12"}],"wp:attachment":[{"href":"https:\/\/folklore.ee\/kooliparimus\/wp-json\/wp\/v2\/media?parent=471"}],"curies":[{"name":"wp","href":"https:\/\/api.w.org\/{rel}","templated":true}]}}