{"id":519,"date":"2023-06-05T12:04:39","date_gmt":"2023-06-05T12:04:39","guid":{"rendered":"https:\/\/folklore.ee\/kooliparimus\/?page_id=519"},"modified":"2024-11-20T08:47:02","modified_gmt":"2024-11-20T08:47:02","slug":"lp-2017","status":"publish","type":"page","link":"https:\/\/folklore.ee\/kooliparimus\/lasteaiaparimus\/lp-2017\/","title":{"rendered":"M\u00e4ng on v\u00e4ikese inimese t\u00f6\u00f6"},"content":{"rendered":"\n<div class=\"wp-block-columns is-layout-flex wp-container-core-columns-is-layout-9d6595d7 wp-block-columns-is-layout-flex\">\n<div class=\"wp-block-column is-layout-flow wp-block-column-is-layout-flow\">\n<div class=\"wp-block-columns is-layout-flex wp-container-core-columns-is-layout-9d6595d7 wp-block-columns-is-layout-flex\">\n<div class=\"wp-block-column is-layout-flow wp-block-column-is-layout-flow\">\n<div class=\"wp-block-buttons is-layout-flex wp-block-buttons-is-layout-flex\">\n<div class=\"wp-block-button\"><a class=\"wp-block-button__link wp-element-button\" href=\"\/kooliparimus\/lasteaiaparimus\/lp-2017\/galerii\/\">Galerii<\/a><\/div>\n<\/div>\n<\/div>\n\n\n\n<div class=\"wp-block-column is-layout-flow wp-block-column-is-layout-flow\">\n<div class=\"wp-block-buttons is-layout-flex wp-block-buttons-is-layout-flex\">\n<div class=\"wp-block-button\"><a class=\"wp-block-button__link wp-element-button\" href=\"\/kooliparimus\/lasteaiaparimus\/lp-2017\/videod\/\">Videod<\/a><\/div>\n<\/div>\n<\/div>\n<\/div>\n<\/div>\n\n\n\n<div class=\"wp-block-column is-layout-flow wp-block-column-is-layout-flow\"><\/div>\n<\/div>\n\n\n\n<p>1.\u20132. novembril 2017. aastal toimub Eesti Kirjandusmuuseumis (Vanemuise 42) ja Eesti Rahva Muuseumis (Muuseumi tee 2, Tartu) lasteaia\u00f5petajate eesti keele \u00f5ppeseminar \u201cM\u00e4ng on v\u00e4ikese inimese t\u00f6\u00f6\u201d.<\/p>\n\n\n\n<p>Seminari eesm\u00e4rk on tutvustada lasteaia\u00f5petajatele v\u00f5imalusi emakeelep\u00f5histe kultuuriv\u00e4\u00e4rtuste kujundamisel.<\/p>\n\n\n\n<p>Alates 2010. aastast Tartus toimuval kahep\u00e4evasel seminaril saavad traditsiooniliselt s\u00f5na teadlased, muuseumit\u00f6\u00f6tajad ja alushariduse praktikud. Seekordse seminari keskmes on eesti keel kombinatsioonis m\u00e4ngu ja m\u00e4ngulisusega, k\u00f5neks tulevad keele mitmek\u00fclgsed m\u00e4ngulised v\u00e4ljendusviisid lastega seotud kultuurip\u00e4randis ja folklooris. Ettekannetes uuritakse ja arutletakse, kuidas keelt m\u00e4ngulisemalt \u00f5petada.<\/p>\n\n\n\n<p>T\u00e4helepanu all on keelem\u00e4ngud, mis aitavad kaasa (ema)keele t\u00f5husamale omandamisele, suhtlemisele ja tunnete v\u00e4ljendamisele.<\/p>\n\n\n\n<p>Toimuvad t\u00f6\u00f6toad, milles tutvustatakse praktilisi v\u00e4ljundeid ja \u00f5pitakse\/m\u00e4ngitakse m\u00e4nge, mille eesm\u00e4rk on omandada teadmisi selle kohta, kuidas rikastada lapse s\u00f5navara ja m\u00f5ttemaailma, \u00fchtlasi edendada eesti keele \u00f5petamist.<\/p>\n\n\n\n<p><strong>KAVA<\/strong><\/p>\n\n\n\n<p><strong>Kolmap\u00e4ev, 1. november, Eesti Kirjandusmuuseum (Vanemuise 42, Tartu)<\/strong><\/p>\n\n\n\n<p><strong>10.30 Registreerimine, tervituskohv<br><\/strong>11.00 Avamine<br>11.15 Haide M\u00e4nnam\u00e4e ja Toomas Tross (Piip ja Tuut Teater): M\u00e4nguline keel<br>12.15 \u00dclle Kuusik (Hariduse Tugiteenuste Keskus): <a href=\"\/kooliparimus\/wp-content\/uploads\/2023\/06\/ulle_kuusik.pdf\" target=\"_blank\" rel=\"noreferrer noopener\">Palun \u00f5peta mind m\u00e4ngima!<\/a><\/p>\n\n\n\n<p><strong>13.15\u201314.30 L\u00f5una<br><\/strong>14.30 Helena Grauberg (Tartu M\u00e4nguasjamuuseum): <a href=\"\/kooliparimus\/wp-content\/uploads\/2023\/06\/helena_grauberg.pdf\" target=\"_blank\" rel=\"noreferrer noopener\">Eesti laste m\u00e4ngud<\/a><br>15.00 Astrid Tuisk (Eesti Kirjandusmuuseum): <a href=\"\/kooliparimus\/wp-content\/uploads\/2023\/06\/astrid_tuisk-1.pdf\" target=\"_blank\" rel=\"noreferrer noopener\">Laste s\u00f5jam\u00e4ngud ajaloolis-kultuurilises kontekstis<\/a><br>15.30 Pille Arnek (Kirjastus Avita): <a href=\"\/kooliparimus\/wp-content\/uploads\/2023\/06\/pille_arnek-1.pdf\" target=\"_blank\" rel=\"noreferrer noopener\">M\u00e4ngeldes lugema \u2013 \u00fcleminek lasteaiast kooli<\/a><\/p>\n\n\n\n<p><strong>16.00\u201316.15 Kohvipaus<br><\/strong>16.15\u201317.30 Eesti Kirjandusmuuseumi Eesti Kultuuriloolise Arhiivi ja Eesti Rahvaluule Arhiivi ekskursioon<\/p>\n\n\n\n<div style=\"height:15px\" aria-hidden=\"true\" class=\"wp-block-spacer\"><\/div>\n\n\n\n<p><strong>Neljap\u00e4ev, 2. november, Eesti Rahva Muuseum (Muuseumi tee 2, Tartu, B-sissep\u00e4\u00e4s)<\/strong><\/p>\n\n\n\n<p><strong>9.00\u201310.00<\/strong> Janika Oras (Eesti Kirjandusmuuseum): <a href=\"\/kooliparimus\/wp-content\/uploads\/2023\/06\/janika_oras-1.pdf\" target=\"_blank\" rel=\"noreferrer noopener\">Laulum\u00e4ngu r\u00f5\u00f5m ja saladused<\/a> (Teatrisaal, B-sissep\u00e4\u00e4s)<br>10.00\u201312.00 <strong>Praktilised t\u00f6\u00f6toad<\/strong><br>Virve Tuubel (Eesti Rahva Muuseum): T\u00f6\u00f6tuba Keelekatla n\u00e4itusel<br>(Eesti kultuuriloo p\u00fcsin\u00e4itus \u201cKohtumised\u201d)<br>Mare Kitsnik (Tallinna \u00dclikool): Keelem\u00e4ngu r\u00f5\u00f5m (Teatrisaal, B-sissep\u00e4\u00e4s)<br>12.00\u201312.30 Kolleegilt kolleegile<br>12.30 Seminari l\u00f5petamine, tunnistuste k\u00e4tteandmine<\/p>\n\n\n\n<p><strong>12.40 L\u00f5una<br><\/strong>13.15\u201315.00 Ekskursioonid giidiga ERMi n\u00e4itustel, marsruudikaart Eesti kultuuriloo p\u00fcsin\u00e4itusel \u201cM\u00e4ngult v\u00f5i p\u00e4riselt\u201d (eelregistreerimine kohapeal 1. novembril 2017)<\/p>\n\n\n\n<hr class=\"wp-block-separator has-alpha-channel-opacity\"\/>\n\n\n\n<ul class=\"wp-block-list\">\n<li>Seminari osalemistasu on Eesti Rahva Muuseumi kogu maja k\u00fclastuse soodushinnaga t\u00e4ispilet 10 eurot (tuleb maksta kohapeal, arve alusel maksta pole v\u00f5imalik).<\/li>\n<\/ul>\n\n\n\n<ul class=\"wp-block-list\">\n<li>Seminaril osalejal palume kirjalikult ette valmistada ja kaasa v\u00f5tta \u00fcks-kaks keelem\u00e4ngu (sh s\u00f5nam\u00e4ngud), mida olete oma erialat\u00f6\u00f6s kasutanud. Seda l\u00e4heb tarvis 2. novembri t\u00f6\u00f6toas \u201eKolleegilt kolleegile\u201c, kus vahetatakse \u00fcksteisega kogemusi. Teie lahkel loal s\u00e4ilitame kirjapandud lood p\u00e4rast seminari Eesti Kirjandusmuuseumi arhiivikogus.<\/li>\n<\/ul>\n\n\n\n<p>Seminari korraldavad Eesti Kirjandusmuuseum, Eesti Rahva Muuseum, Eesti-uuringute Tippkeskus, Haridus- ja Teadusministeerium. Seminari toetavad Haridus- ja Teadusministeerium ja Euroopa Regionaalarengu Fond (Eesti-uuringute Tippkeskus).<\/p>\n\n\n\n<p>Info: Piret Voolaid, <a href=\"mailto:piret.voolaid@folklore.ee\">piret.voolaid@folklore.ee<\/a>; Virve Tuubel, <a href=\"mailto:Virve.Tuubel@erm.ee\">Virve.Tuubel@erm.ee<\/a><\/p>\n","protected":false},"excerpt":{"rendered":"<p>1.\u20132. novembril 2017. aastal toimub Eesti Kirjandusmuuseumis (Vanemuise 42) ja Eesti Rahva Muuseumis (Muuseumi tee 2, Tartu) lasteaia\u00f5petajate eesti keele \u00f5ppeseminar \u201cM\u00e4ng on v\u00e4ikese inimese t\u00f6\u00f6\u201d. Seminari eesm\u00e4rk on tutvustada lasteaia\u00f5petajatele v\u00f5imalusi emakeelep\u00f5histe kultuuriv\u00e4\u00e4rtuste kujundamisel. Alates 2010. aastast Tartus toimuval kahep\u00e4evasel seminaril saavad traditsiooniliselt s\u00f5na teadlased, muuseumit\u00f6\u00f6tajad ja alushariduse praktikud. Seekordse seminari keskmes on eesti [&hellip;]<\/p>\n","protected":false},"author":1,"featured_media":12,"parent":38,"menu_order":0,"comment_status":"closed","ping_status":"closed","template":"","meta":{"footnotes":""},"class_list":["post-519","page","type-page","status-publish","has-post-thumbnail","hentry"],"yoast_head":"<!-- This site is optimized with the Yoast SEO plugin v23.7 - https:\/\/yoast.com\/wordpress\/plugins\/seo\/ -->\n<title>M\u00e4ng on v\u00e4ikese inimese t\u00f6\u00f6 - Koolip\u00e4rimus<\/title>\n<meta name=\"robots\" content=\"index, follow, max-snippet:-1, max-image-preview:large, max-video-preview:-1\" \/>\n<link rel=\"canonical\" href=\"https:\/\/folklore.ee\/kooliparimus\/lasteaiaparimus\/lp-2017\/\" \/>\n<meta property=\"og:locale\" content=\"en_US\" \/>\n<meta property=\"og:type\" content=\"article\" \/>\n<meta property=\"og:title\" content=\"M\u00e4ng on v\u00e4ikese inimese t\u00f6\u00f6 - Koolip\u00e4rimus\" \/>\n<meta property=\"og:description\" content=\"1.\u20132. novembril 2017. aastal toimub Eesti Kirjandusmuuseumis (Vanemuise 42) ja Eesti Rahva Muuseumis (Muuseumi tee 2, Tartu) lasteaia\u00f5petajate eesti keele \u00f5ppeseminar \u201cM\u00e4ng on v\u00e4ikese inimese t\u00f6\u00f6\u201d. Seminari eesm\u00e4rk on tutvustada lasteaia\u00f5petajatele v\u00f5imalusi emakeelep\u00f5histe kultuuriv\u00e4\u00e4rtuste kujundamisel. Alates 2010. aastast Tartus toimuval kahep\u00e4evasel seminaril saavad traditsiooniliselt s\u00f5na teadlased, muuseumit\u00f6\u00f6tajad ja alushariduse praktikud. Seekordse seminari keskmes on eesti [&hellip;]\" \/>\n<meta property=\"og:url\" content=\"https:\/\/folklore.ee\/kooliparimus\/lasteaiaparimus\/lp-2017\/\" \/>\n<meta property=\"og:site_name\" content=\"Koolip\u00e4rimus\" \/>\n<meta property=\"article:publisher\" content=\"https:\/\/www.facebook.com\/kirjandusmuuseum\" \/>\n<meta property=\"article:modified_time\" content=\"2024-11-20T08:47:02+00:00\" \/>\n<meta property=\"og:image\" content=\"https:\/\/folklore.ee\/kooliparimus\/wp-content\/uploads\/2023\/05\/kaanepilt.jpg\" \/>\n\t<meta property=\"og:image:width\" content=\"2200\" \/>\n\t<meta property=\"og:image:height\" content=\"306\" \/>\n\t<meta property=\"og:image:type\" content=\"image\/jpeg\" \/>\n<meta name=\"twitter:card\" content=\"summary_large_image\" \/>\n<meta name=\"twitter:label1\" content=\"Est. reading time\" \/>\n\t<meta name=\"twitter:data1\" content=\"2 minutes\" \/>\n<script type=\"application\/ld+json\" class=\"yoast-schema-graph\">{\"@context\":\"https:\/\/schema.org\",\"@graph\":[{\"@type\":\"WebPage\",\"@id\":\"https:\/\/folklore.ee\/kooliparimus\/lasteaiaparimus\/lp-2017\/\",\"url\":\"https:\/\/folklore.ee\/kooliparimus\/lasteaiaparimus\/lp-2017\/\",\"name\":\"M\u00e4ng on v\u00e4ikese inimese t\u00f6\u00f6 - Koolip\u00e4rimus\",\"isPartOf\":{\"@id\":\"https:\/\/folklore.ee\/kooliparimus\/#website\"},\"primaryImageOfPage\":{\"@id\":\"https:\/\/folklore.ee\/kooliparimus\/lasteaiaparimus\/lp-2017\/#primaryimage\"},\"image\":{\"@id\":\"https:\/\/folklore.ee\/kooliparimus\/lasteaiaparimus\/lp-2017\/#primaryimage\"},\"thumbnailUrl\":\"https:\/\/folklore.ee\/kooliparimus\/wp-content\/uploads\/2023\/05\/kaanepilt.jpg\",\"datePublished\":\"2023-06-05T12:04:39+00:00\",\"dateModified\":\"2024-11-20T08:47:02+00:00\",\"breadcrumb\":{\"@id\":\"https:\/\/folklore.ee\/kooliparimus\/lasteaiaparimus\/lp-2017\/#breadcrumb\"},\"inLanguage\":\"en-US\",\"potentialAction\":[{\"@type\":\"ReadAction\",\"target\":[\"https:\/\/folklore.ee\/kooliparimus\/lasteaiaparimus\/lp-2017\/\"]}]},{\"@type\":\"ImageObject\",\"inLanguage\":\"en-US\",\"@id\":\"https:\/\/folklore.ee\/kooliparimus\/lasteaiaparimus\/lp-2017\/#primaryimage\",\"url\":\"https:\/\/folklore.ee\/kooliparimus\/wp-content\/uploads\/2023\/05\/kaanepilt.jpg\",\"contentUrl\":\"https:\/\/folklore.ee\/kooliparimus\/wp-content\/uploads\/2023\/05\/kaanepilt.jpg\",\"width\":2200,\"height\":306},{\"@type\":\"BreadcrumbList\",\"@id\":\"https:\/\/folklore.ee\/kooliparimus\/lasteaiaparimus\/lp-2017\/#breadcrumb\",\"itemListElement\":[{\"@type\":\"ListItem\",\"position\":1,\"name\":\"Home\",\"item\":\"https:\/\/folklore.ee\/kooliparimus\/\"},{\"@type\":\"ListItem\",\"position\":2,\"name\":\"Lasteaiap\u00e4rimus\",\"item\":\"https:\/\/folklore.ee\/kooliparimus\/lasteaiaparimus\/\"},{\"@type\":\"ListItem\",\"position\":3,\"name\":\"M\u00e4ng on v\u00e4ikese inimese t\u00f6\u00f6\"}]},{\"@type\":\"WebSite\",\"@id\":\"https:\/\/folklore.ee\/kooliparimus\/#website\",\"url\":\"https:\/\/folklore.ee\/kooliparimus\/\",\"name\":\"Koolip\u00e4rimus\",\"description\":\"Eesti Kirjandusmuuseumi kogumisp\u00e4rimuse veebikeskkond.\",\"potentialAction\":[{\"@type\":\"SearchAction\",\"target\":{\"@type\":\"EntryPoint\",\"urlTemplate\":\"https:\/\/folklore.ee\/kooliparimus\/?s={search_term_string}\"},\"query-input\":{\"@type\":\"PropertyValueSpecification\",\"valueRequired\":true,\"valueName\":\"search_term_string\"}}],\"inLanguage\":\"en-US\"}]}<\/script>\n<!-- \/ Yoast SEO plugin. -->","yoast_head_json":{"title":"M\u00e4ng on v\u00e4ikese inimese t\u00f6\u00f6 - Koolip\u00e4rimus","robots":{"index":"index","follow":"follow","max-snippet":"max-snippet:-1","max-image-preview":"max-image-preview:large","max-video-preview":"max-video-preview:-1"},"canonical":"https:\/\/folklore.ee\/kooliparimus\/lasteaiaparimus\/lp-2017\/","og_locale":"en_US","og_type":"article","og_title":"M\u00e4ng on v\u00e4ikese inimese t\u00f6\u00f6 - Koolip\u00e4rimus","og_description":"1.\u20132. novembril 2017. aastal toimub Eesti Kirjandusmuuseumis (Vanemuise 42) ja Eesti Rahva Muuseumis (Muuseumi tee 2, Tartu) lasteaia\u00f5petajate eesti keele \u00f5ppeseminar \u201cM\u00e4ng on v\u00e4ikese inimese t\u00f6\u00f6\u201d. Seminari eesm\u00e4rk on tutvustada lasteaia\u00f5petajatele v\u00f5imalusi emakeelep\u00f5histe kultuuriv\u00e4\u00e4rtuste kujundamisel. Alates 2010. aastast Tartus toimuval kahep\u00e4evasel seminaril saavad traditsiooniliselt s\u00f5na teadlased, muuseumit\u00f6\u00f6tajad ja alushariduse praktikud. Seekordse seminari keskmes on eesti [&hellip;]","og_url":"https:\/\/folklore.ee\/kooliparimus\/lasteaiaparimus\/lp-2017\/","og_site_name":"Koolip\u00e4rimus","article_publisher":"https:\/\/www.facebook.com\/kirjandusmuuseum","article_modified_time":"2024-11-20T08:47:02+00:00","og_image":[{"width":2200,"height":306,"url":"https:\/\/folklore.ee\/kooliparimus\/wp-content\/uploads\/2023\/05\/kaanepilt.jpg","type":"image\/jpeg"}],"twitter_card":"summary_large_image","twitter_misc":{"Est. reading time":"2 minutes"},"schema":{"@context":"https:\/\/schema.org","@graph":[{"@type":"WebPage","@id":"https:\/\/folklore.ee\/kooliparimus\/lasteaiaparimus\/lp-2017\/","url":"https:\/\/folklore.ee\/kooliparimus\/lasteaiaparimus\/lp-2017\/","name":"M\u00e4ng on v\u00e4ikese inimese t\u00f6\u00f6 - Koolip\u00e4rimus","isPartOf":{"@id":"https:\/\/folklore.ee\/kooliparimus\/#website"},"primaryImageOfPage":{"@id":"https:\/\/folklore.ee\/kooliparimus\/lasteaiaparimus\/lp-2017\/#primaryimage"},"image":{"@id":"https:\/\/folklore.ee\/kooliparimus\/lasteaiaparimus\/lp-2017\/#primaryimage"},"thumbnailUrl":"https:\/\/folklore.ee\/kooliparimus\/wp-content\/uploads\/2023\/05\/kaanepilt.jpg","datePublished":"2023-06-05T12:04:39+00:00","dateModified":"2024-11-20T08:47:02+00:00","breadcrumb":{"@id":"https:\/\/folklore.ee\/kooliparimus\/lasteaiaparimus\/lp-2017\/#breadcrumb"},"inLanguage":"en-US","potentialAction":[{"@type":"ReadAction","target":["https:\/\/folklore.ee\/kooliparimus\/lasteaiaparimus\/lp-2017\/"]}]},{"@type":"ImageObject","inLanguage":"en-US","@id":"https:\/\/folklore.ee\/kooliparimus\/lasteaiaparimus\/lp-2017\/#primaryimage","url":"https:\/\/folklore.ee\/kooliparimus\/wp-content\/uploads\/2023\/05\/kaanepilt.jpg","contentUrl":"https:\/\/folklore.ee\/kooliparimus\/wp-content\/uploads\/2023\/05\/kaanepilt.jpg","width":2200,"height":306},{"@type":"BreadcrumbList","@id":"https:\/\/folklore.ee\/kooliparimus\/lasteaiaparimus\/lp-2017\/#breadcrumb","itemListElement":[{"@type":"ListItem","position":1,"name":"Home","item":"https:\/\/folklore.ee\/kooliparimus\/"},{"@type":"ListItem","position":2,"name":"Lasteaiap\u00e4rimus","item":"https:\/\/folklore.ee\/kooliparimus\/lasteaiaparimus\/"},{"@type":"ListItem","position":3,"name":"M\u00e4ng on v\u00e4ikese inimese t\u00f6\u00f6"}]},{"@type":"WebSite","@id":"https:\/\/folklore.ee\/kooliparimus\/#website","url":"https:\/\/folklore.ee\/kooliparimus\/","name":"Koolip\u00e4rimus","description":"Eesti Kirjandusmuuseumi kogumisp\u00e4rimuse veebikeskkond.","potentialAction":[{"@type":"SearchAction","target":{"@type":"EntryPoint","urlTemplate":"https:\/\/folklore.ee\/kooliparimus\/?s={search_term_string}"},"query-input":{"@type":"PropertyValueSpecification","valueRequired":true,"valueName":"search_term_string"}}],"inLanguage":"en-US"}]}},"_links":{"self":[{"href":"https:\/\/folklore.ee\/kooliparimus\/wp-json\/wp\/v2\/pages\/519","targetHints":{"allow":["GET"]}}],"collection":[{"href":"https:\/\/folklore.ee\/kooliparimus\/wp-json\/wp\/v2\/pages"}],"about":[{"href":"https:\/\/folklore.ee\/kooliparimus\/wp-json\/wp\/v2\/types\/page"}],"author":[{"embeddable":true,"href":"https:\/\/folklore.ee\/kooliparimus\/wp-json\/wp\/v2\/users\/1"}],"replies":[{"embeddable":true,"href":"https:\/\/folklore.ee\/kooliparimus\/wp-json\/wp\/v2\/comments?post=519"}],"version-history":[{"count":6,"href":"https:\/\/folklore.ee\/kooliparimus\/wp-json\/wp\/v2\/pages\/519\/revisions"}],"predecessor-version":[{"id":829,"href":"https:\/\/folklore.ee\/kooliparimus\/wp-json\/wp\/v2\/pages\/519\/revisions\/829"}],"up":[{"embeddable":true,"href":"https:\/\/folklore.ee\/kooliparimus\/wp-json\/wp\/v2\/pages\/38"}],"wp:featuredmedia":[{"embeddable":true,"href":"https:\/\/folklore.ee\/kooliparimus\/wp-json\/wp\/v2\/media\/12"}],"wp:attachment":[{"href":"https:\/\/folklore.ee\/kooliparimus\/wp-json\/wp\/v2\/media?parent=519"}],"curies":[{"name":"wp","href":"https:\/\/api.w.org\/{rel}","templated":true}]}}