{"id":536,"date":"2023-06-05T12:48:27","date_gmt":"2023-06-05T12:48:27","guid":{"rendered":"https:\/\/folklore.ee\/kooliparimus\/?page_id=536"},"modified":"2023-06-05T12:48:27","modified_gmt":"2023-06-05T12:48:27","slug":"videod","status":"publish","type":"page","link":"https:\/\/folklore.ee\/kooliparimus\/lasteaiaparimus\/lp-2017\/videod\/","title":{"rendered":"Videod"},"content":{"rendered":"\n<p class=\"has-text-align-center\">novembril 2017. aastal Eesti Kirjandusmuuseumis (Vanemuise 42) ja Eesti Rahva Muuseumis (Muuseumi tee 2, Tartu)<\/p>\n\n\n\n<div class=\"wp-block-columns is-layout-flex wp-container-core-columns-is-layout-9d6595d7 wp-block-columns-is-layout-flex\">\n<div class=\"wp-block-column is-layout-flow wp-block-column-is-layout-flow\">\n<div class=\"wp-block-columns is-layout-flex wp-container-core-columns-is-layout-9d6595d7 wp-block-columns-is-layout-flex\">\n<div class=\"wp-block-column is-layout-flow wp-block-column-is-layout-flow\" style=\"flex-basis:33.33%\"><\/div>\n\n\n\n<div class=\"wp-block-column is-layout-flow wp-block-column-is-layout-flow\" style=\"flex-basis:66.66%\">\n<figure class=\"wp-block-image size-full\"><a href=\"\/kooliparimus\/wp-content\/uploads\/2023\/06\/EV-MANG-10-2017-11-01_Piret-Voolaid_Avasonad__MQ_768x432x50p.mp4\" target=\"_blank\" rel=\"noreferrer noopener\"><img loading=\"lazy\" decoding=\"async\" width=\"360\" height=\"203\" src=\"http:\/\/localhost\/kooliparimus\/wp-content\/uploads\/2023\/06\/piret.jpg\" alt=\"\" class=\"wp-image-537\" srcset=\"https:\/\/folklore.ee\/kooliparimus\/wp-content\/uploads\/2023\/06\/piret.jpg 360w, https:\/\/folklore.ee\/kooliparimus\/wp-content\/uploads\/2023\/06\/piret-300x169.jpg 300w\" sizes=\"auto, (max-width: 360px) 100vw, 360px\" \/><\/a><figcaption class=\"wp-element-caption\">Piret Voolaid<\/figcaption><\/figure>\n<\/div>\n<\/div>\n<\/div>\n\n\n\n<div class=\"wp-block-column is-layout-flow wp-block-column-is-layout-flow\">\n<div class=\"wp-block-columns is-layout-flex wp-container-core-columns-is-layout-9d6595d7 wp-block-columns-is-layout-flex\">\n<div class=\"wp-block-column is-layout-flow wp-block-column-is-layout-flow\" style=\"flex-basis:66.66%\">\n<figure class=\"wp-block-image size-full\"><a href=\"\/kooliparimus\/wp-content\/uploads\/2023\/06\/EV-MANG-11-2017-11-01_Piip-ja-Tuut__MQ_768x432x50p.mp4\" target=\"_blank\" rel=\"noreferrer noopener\"><img loading=\"lazy\" decoding=\"async\" width=\"360\" height=\"203\" src=\"http:\/\/localhost\/kooliparimus\/wp-content\/uploads\/2023\/06\/piiptuut.jpg\" alt=\"\" class=\"wp-image-538\" srcset=\"https:\/\/folklore.ee\/kooliparimus\/wp-content\/uploads\/2023\/06\/piiptuut.jpg 360w, https:\/\/folklore.ee\/kooliparimus\/wp-content\/uploads\/2023\/06\/piiptuut-300x169.jpg 300w\" sizes=\"auto, (max-width: 360px) 100vw, 360px\" \/><\/a><figcaption class=\"wp-element-caption\">Piip ja Tuut<\/figcaption><\/figure>\n<\/div>\n\n\n\n<div class=\"wp-block-column is-layout-flow wp-block-column-is-layout-flow\" style=\"flex-basis:33.33%\"><\/div>\n<\/div>\n<\/div>\n<\/div>\n\n\n\n<div class=\"wp-block-columns is-layout-flex wp-container-core-columns-is-layout-9d6595d7 wp-block-columns-is-layout-flex\">\n<div class=\"wp-block-column is-layout-flow wp-block-column-is-layout-flow\">\n<div class=\"wp-block-columns is-layout-flex wp-container-core-columns-is-layout-9d6595d7 wp-block-columns-is-layout-flex\">\n<div class=\"wp-block-column is-layout-flow wp-block-column-is-layout-flow\" style=\"flex-basis:33.33%\"><\/div>\n\n\n\n<div class=\"wp-block-column is-layout-flow wp-block-column-is-layout-flow\" style=\"flex-basis:66.66%\">\n<figure class=\"wp-block-image size-full\"><a href=\"\/kooliparimus\/wp-content\/uploads\/2023\/06\/EV-MANG-12-2017-11-01_Ylle-Kuusik__MQ_768x432x50p.mp4\" target=\"_blank\" rel=\"noreferrer noopener\"><img loading=\"lazy\" decoding=\"async\" width=\"360\" height=\"203\" src=\"http:\/\/localhost\/kooliparimus\/wp-content\/uploads\/2023\/06\/yllekuusik.jpg\" alt=\"\" class=\"wp-image-539\" srcset=\"https:\/\/folklore.ee\/kooliparimus\/wp-content\/uploads\/2023\/06\/yllekuusik.jpg 360w, https:\/\/folklore.ee\/kooliparimus\/wp-content\/uploads\/2023\/06\/yllekuusik-300x169.jpg 300w\" sizes=\"auto, (max-width: 360px) 100vw, 360px\" \/><\/a><figcaption class=\"wp-element-caption\">\u00dclle Kuusik<\/figcaption><\/figure>\n<\/div>\n<\/div>\n<\/div>\n\n\n\n<div class=\"wp-block-column is-layout-flow wp-block-column-is-layout-flow\">\n<div class=\"wp-block-columns is-layout-flex wp-container-core-columns-is-layout-9d6595d7 wp-block-columns-is-layout-flex\">\n<div class=\"wp-block-column is-layout-flow wp-block-column-is-layout-flow\" style=\"flex-basis:66.66%\">\n<figure class=\"wp-block-image size-full\"><a href=\"\/kooliparimus\/wp-content\/uploads\/2023\/06\/EV-MANG-13-2017-11-01_Helena-Grauberg__MQ_768x432x50p.mp4\" target=\"_blank\" rel=\"noreferrer noopener\"><img loading=\"lazy\" decoding=\"async\" width=\"360\" height=\"203\" src=\"http:\/\/localhost\/kooliparimus\/wp-content\/uploads\/2023\/06\/helenagraube.jpg\" alt=\"\" class=\"wp-image-540\" srcset=\"https:\/\/folklore.ee\/kooliparimus\/wp-content\/uploads\/2023\/06\/helenagraube.jpg 360w, https:\/\/folklore.ee\/kooliparimus\/wp-content\/uploads\/2023\/06\/helenagraube-300x169.jpg 300w\" sizes=\"auto, (max-width: 360px) 100vw, 360px\" \/><\/a><figcaption class=\"wp-element-caption\">Helena Grauberg<\/figcaption><\/figure>\n<\/div>\n\n\n\n<div class=\"wp-block-column is-layout-flow wp-block-column-is-layout-flow\" style=\"flex-basis:33.33%\"><\/div>\n<\/div>\n<\/div>\n<\/div>\n\n\n\n<div class=\"wp-block-columns is-layout-flex wp-container-core-columns-is-layout-9d6595d7 wp-block-columns-is-layout-flex\">\n<div class=\"wp-block-column is-layout-flow wp-block-column-is-layout-flow\">\n<div class=\"wp-block-columns is-layout-flex wp-container-core-columns-is-layout-9d6595d7 wp-block-columns-is-layout-flex\">\n<div class=\"wp-block-column is-layout-flow wp-block-column-is-layout-flow\" style=\"flex-basis:33.33%\"><\/div>\n\n\n\n<div class=\"wp-block-column is-layout-flow wp-block-column-is-layout-flow\" style=\"flex-basis:66.66%\">\n<figure class=\"wp-block-image size-full\"><a href=\"\/kooliparimus\/wp-content\/uploads\/2023\/06\/EV-MANG-14-2017-11-01_Astrid-Tuisk__MQ_768x432x50p.mp4\" target=\"_blank\" rel=\"noreferrer noopener\"><img loading=\"lazy\" decoding=\"async\" width=\"360\" height=\"203\" src=\"http:\/\/localhost\/kooliparimus\/wp-content\/uploads\/2023\/06\/astridtuisk.jpg\" alt=\"\" class=\"wp-image-541\" srcset=\"https:\/\/folklore.ee\/kooliparimus\/wp-content\/uploads\/2023\/06\/astridtuisk.jpg 360w, https:\/\/folklore.ee\/kooliparimus\/wp-content\/uploads\/2023\/06\/astridtuisk-300x169.jpg 300w\" sizes=\"auto, (max-width: 360px) 100vw, 360px\" \/><\/a><figcaption class=\"wp-element-caption\">Astrid Tuisk<\/figcaption><\/figure>\n<\/div>\n<\/div>\n<\/div>\n\n\n\n<div class=\"wp-block-column is-layout-flow wp-block-column-is-layout-flow\">\n<div class=\"wp-block-columns is-layout-flex wp-container-core-columns-is-layout-9d6595d7 wp-block-columns-is-layout-flex\">\n<div class=\"wp-block-column is-layout-flow wp-block-column-is-layout-flow\" style=\"flex-basis:66.66%\">\n<figure class=\"wp-block-image size-full\"><a href=\"\/kooliparimus\/wp-content\/uploads\/2023\/06\/EV-MANG-15-2017-11-01_Pille-Arnek__MQ_768x432x50p.mp4\" target=\"_blank\" rel=\"noreferrer noopener\"><img loading=\"lazy\" decoding=\"async\" width=\"360\" height=\"203\" src=\"http:\/\/localhost\/kooliparimus\/wp-content\/uploads\/2023\/06\/pillearnek.jpg\" alt=\"\" class=\"wp-image-542\" srcset=\"https:\/\/folklore.ee\/kooliparimus\/wp-content\/uploads\/2023\/06\/pillearnek.jpg 360w, https:\/\/folklore.ee\/kooliparimus\/wp-content\/uploads\/2023\/06\/pillearnek-300x169.jpg 300w\" sizes=\"auto, (max-width: 360px) 100vw, 360px\" \/><\/a><figcaption class=\"wp-element-caption\">Pille Arnek<\/figcaption><\/figure>\n<\/div>\n\n\n\n<div class=\"wp-block-column is-layout-flow wp-block-column-is-layout-flow\" style=\"flex-basis:33.33%\"><\/div>\n<\/div>\n<\/div>\n<\/div>\n\n\n\n<div class=\"wp-block-columns is-layout-flex wp-container-core-columns-is-layout-9d6595d7 wp-block-columns-is-layout-flex\">\n<div class=\"wp-block-column is-layout-flow wp-block-column-is-layout-flow\">\n<div class=\"wp-block-columns is-layout-flex wp-container-core-columns-is-layout-9d6595d7 wp-block-columns-is-layout-flex\">\n<div class=\"wp-block-column is-layout-flow wp-block-column-is-layout-flow\" style=\"flex-basis:33.33%\"><\/div>\n\n\n\n<div class=\"wp-block-column is-layout-flow wp-block-column-is-layout-flow\" style=\"flex-basis:66.66%\">\n<figure class=\"wp-block-image size-full\"><a href=\"\/kooliparimus\/wp-content\/uploads\/2023\/06\/EV-MANG-21-2017-11-02_Janika-Oras__MQ_768x432x50p.mp4\" target=\"_blank\" rel=\"noreferrer noopener\"><img loading=\"lazy\" decoding=\"async\" width=\"360\" height=\"203\" src=\"http:\/\/localhost\/kooliparimus\/wp-content\/uploads\/2023\/06\/janikaoras.jpg\" alt=\"\" class=\"wp-image-543\" srcset=\"https:\/\/folklore.ee\/kooliparimus\/wp-content\/uploads\/2023\/06\/janikaoras.jpg 360w, https:\/\/folklore.ee\/kooliparimus\/wp-content\/uploads\/2023\/06\/janikaoras-300x169.jpg 300w\" sizes=\"auto, (max-width: 360px) 100vw, 360px\" \/><\/a><figcaption class=\"wp-element-caption\">Jaanika Oras<\/figcaption><\/figure>\n<\/div>\n<\/div>\n<\/div>\n\n\n\n<div class=\"wp-block-column is-layout-flow wp-block-column-is-layout-flow\">\n<div class=\"wp-block-columns is-layout-flex wp-container-core-columns-is-layout-9d6595d7 wp-block-columns-is-layout-flex\">\n<div class=\"wp-block-column is-layout-flow wp-block-column-is-layout-flow\" style=\"flex-basis:66.66%\">\n<figure class=\"wp-block-image size-full\"><a href=\"\/kooliparimus\/wp-content\/uploads\/2023\/06\/EV-MANG-22-2017-11-02_Kolleegilt-kolleegile__MQ_768x432x50p.mp4\" target=\"_blank\" rel=\"noreferrer noopener\"><img loading=\"lazy\" decoding=\"async\" width=\"360\" height=\"203\" src=\"http:\/\/localhost\/kooliparimus\/wp-content\/uploads\/2023\/06\/kolleegilt.jpg\" alt=\"\" class=\"wp-image-544\" srcset=\"https:\/\/folklore.ee\/kooliparimus\/wp-content\/uploads\/2023\/06\/kolleegilt.jpg 360w, https:\/\/folklore.ee\/kooliparimus\/wp-content\/uploads\/2023\/06\/kolleegilt-300x169.jpg 300w\" sizes=\"auto, (max-width: 360px) 100vw, 360px\" \/><\/a><figcaption class=\"wp-element-caption\">Kolleegilt kolleegile<\/figcaption><\/figure>\n<\/div>\n\n\n\n<div class=\"wp-block-column is-layout-flow wp-block-column-is-layout-flow\" style=\"flex-basis:33.33%\"><\/div>\n<\/div>\n<\/div>\n<\/div>\n\n\n\n<div class=\"wp-block-columns is-layout-flex wp-container-core-columns-is-layout-9d6595d7 wp-block-columns-is-layout-flex\">\n<div class=\"wp-block-column is-layout-flow wp-block-column-is-layout-flow\">\n<div class=\"wp-block-columns is-layout-flex wp-container-core-columns-is-layout-9d6595d7 wp-block-columns-is-layout-flex\">\n<div class=\"wp-block-column is-layout-flow wp-block-column-is-layout-flow\" style=\"flex-basis:33.33%\"><\/div>\n\n\n\n<div class=\"wp-block-column is-layout-flow wp-block-column-is-layout-flow\" style=\"flex-basis:66.66%\">\n<figure class=\"wp-block-image size-full\"><a href=\"\/kooliparimus\/wp-content\/uploads\/2023\/06\/EV-MANG-23-2017-11-02_Mare-Kitsnik__MQ_768x432x50p.mp4\" target=\"_blank\" rel=\"noreferrer noopener\"><img loading=\"lazy\" decoding=\"async\" width=\"360\" height=\"203\" src=\"http:\/\/localhost\/kooliparimus\/wp-content\/uploads\/2023\/06\/marekitsnik.jpg\" alt=\"\" class=\"wp-image-545\" srcset=\"https:\/\/folklore.ee\/kooliparimus\/wp-content\/uploads\/2023\/06\/marekitsnik.jpg 360w, https:\/\/folklore.ee\/kooliparimus\/wp-content\/uploads\/2023\/06\/marekitsnik-300x169.jpg 300w\" sizes=\"auto, (max-width: 360px) 100vw, 360px\" \/><\/a><figcaption class=\"wp-element-caption\">Mare Kitsnik<\/figcaption><\/figure>\n<\/div>\n<\/div>\n<\/div>\n\n\n\n<div class=\"wp-block-column is-layout-flow wp-block-column-is-layout-flow\">\n<div class=\"wp-block-columns is-layout-flex wp-container-core-columns-is-layout-9d6595d7 wp-block-columns-is-layout-flex\">\n<div class=\"wp-block-column is-layout-flow wp-block-column-is-layout-flow\" style=\"flex-basis:66.66%\">\n<figure class=\"wp-block-image size-full\"><a href=\"\/kooliparimus\/wp-content\/uploads\/2023\/06\/EV-MANG-24-2017-11-02_Virve-Tuubel__MQ_768x432x50p.mp4\" target=\"_blank\" rel=\"noreferrer noopener\"><img loading=\"lazy\" decoding=\"async\" width=\"360\" height=\"203\" src=\"http:\/\/localhost\/kooliparimus\/wp-content\/uploads\/2023\/06\/virvetuubel.jpg\" alt=\"\" class=\"wp-image-546\" srcset=\"https:\/\/folklore.ee\/kooliparimus\/wp-content\/uploads\/2023\/06\/virvetuubel.jpg 360w, https:\/\/folklore.ee\/kooliparimus\/wp-content\/uploads\/2023\/06\/virvetuubel-300x169.jpg 300w\" sizes=\"auto, (max-width: 360px) 100vw, 360px\" \/><\/a><figcaption class=\"wp-element-caption\">Virve Tuubel<\/figcaption><\/figure>\n<\/div>\n\n\n\n<div class=\"wp-block-column is-layout-flow wp-block-column-is-layout-flow\" style=\"flex-basis:33.33%\"><\/div>\n<\/div>\n<\/div>\n<\/div>\n","protected":false},"excerpt":{"rendered":"<p>novembril 2017. aastal Eesti Kirjandusmuuseumis (Vanemuise 42) ja Eesti Rahva Muuseumis (Muuseumi tee 2, Tartu)<\/p>\n","protected":false},"author":1,"featured_media":12,"parent":519,"menu_order":0,"comment_status":"closed","ping_status":"closed","template":"","meta":{"footnotes":""},"class_list":["post-536","page","type-page","status-publish","has-post-thumbnail","hentry"],"yoast_head":"<!-- This site is optimized with the Yoast SEO plugin v23.7 - https:\/\/yoast.com\/wordpress\/plugins\/seo\/ -->\n<title>Videod - Koolip\u00e4rimus<\/title>\n<meta name=\"robots\" content=\"index, follow, max-snippet:-1, max-image-preview:large, max-video-preview:-1\" \/>\n<link rel=\"canonical\" href=\"https:\/\/folklore.ee\/kooliparimus\/lasteaiaparimus\/lp-2017\/videod\/\" \/>\n<meta property=\"og:locale\" content=\"en_US\" \/>\n<meta property=\"og:type\" content=\"article\" \/>\n<meta property=\"og:title\" content=\"Videod - Koolip\u00e4rimus\" \/>\n<meta property=\"og:description\" content=\"novembril 2017. aastal Eesti Kirjandusmuuseumis (Vanemuise 42) ja Eesti Rahva Muuseumis (Muuseumi tee 2, Tartu)\" \/>\n<meta property=\"og:url\" content=\"https:\/\/folklore.ee\/kooliparimus\/lasteaiaparimus\/lp-2017\/videod\/\" \/>\n<meta property=\"og:site_name\" content=\"Koolip\u00e4rimus\" \/>\n<meta property=\"article:publisher\" content=\"https:\/\/www.facebook.com\/kirjandusmuuseum\" \/>\n<meta property=\"og:image\" content=\"http:\/\/localhost\/kooliparimus\/wp-content\/uploads\/2023\/05\/kaanepilt.jpg\" \/>\n\t<meta property=\"og:image:width\" content=\"2200\" \/>\n\t<meta property=\"og:image:height\" content=\"306\" \/>\n\t<meta property=\"og:image:type\" content=\"image\/jpeg\" \/>\n<meta name=\"twitter:card\" content=\"summary_large_image\" \/>\n<meta name=\"twitter:label1\" content=\"Est. reading time\" \/>\n\t<meta name=\"twitter:data1\" content=\"3 minutes\" \/>\n<script type=\"application\/ld+json\" class=\"yoast-schema-graph\">{\"@context\":\"https:\/\/schema.org\",\"@graph\":[{\"@type\":\"WebPage\",\"@id\":\"https:\/\/folklore.ee\/kooliparimus\/lasteaiaparimus\/lp-2017\/videod\/\",\"url\":\"https:\/\/folklore.ee\/kooliparimus\/lasteaiaparimus\/lp-2017\/videod\/\",\"name\":\"Videod - Koolip\u00e4rimus\",\"isPartOf\":{\"@id\":\"https:\/\/folklore.ee\/kooliparimus\/#website\"},\"primaryImageOfPage\":{\"@id\":\"https:\/\/folklore.ee\/kooliparimus\/lasteaiaparimus\/lp-2017\/videod\/#primaryimage\"},\"image\":{\"@id\":\"https:\/\/folklore.ee\/kooliparimus\/lasteaiaparimus\/lp-2017\/videod\/#primaryimage\"},\"thumbnailUrl\":\"https:\/\/folklore.ee\/kooliparimus\/wp-content\/uploads\/2023\/05\/kaanepilt.jpg\",\"datePublished\":\"2023-06-05T12:48:27+00:00\",\"dateModified\":\"2023-06-05T12:48:27+00:00\",\"breadcrumb\":{\"@id\":\"https:\/\/folklore.ee\/kooliparimus\/lasteaiaparimus\/lp-2017\/videod\/#breadcrumb\"},\"inLanguage\":\"en-US\",\"potentialAction\":[{\"@type\":\"ReadAction\",\"target\":[\"https:\/\/folklore.ee\/kooliparimus\/lasteaiaparimus\/lp-2017\/videod\/\"]}]},{\"@type\":\"ImageObject\",\"inLanguage\":\"en-US\",\"@id\":\"https:\/\/folklore.ee\/kooliparimus\/lasteaiaparimus\/lp-2017\/videod\/#primaryimage\",\"url\":\"https:\/\/folklore.ee\/kooliparimus\/wp-content\/uploads\/2023\/05\/kaanepilt.jpg\",\"contentUrl\":\"https:\/\/folklore.ee\/kooliparimus\/wp-content\/uploads\/2023\/05\/kaanepilt.jpg\",\"width\":2200,\"height\":306},{\"@type\":\"BreadcrumbList\",\"@id\":\"https:\/\/folklore.ee\/kooliparimus\/lasteaiaparimus\/lp-2017\/videod\/#breadcrumb\",\"itemListElement\":[{\"@type\":\"ListItem\",\"position\":1,\"name\":\"Home\",\"item\":\"https:\/\/folklore.ee\/kooliparimus\/\"},{\"@type\":\"ListItem\",\"position\":2,\"name\":\"Lasteaiap\u00e4rimus\",\"item\":\"https:\/\/folklore.ee\/kooliparimus\/lasteaiaparimus\/\"},{\"@type\":\"ListItem\",\"position\":3,\"name\":\"M\u00e4ng on v\u00e4ikese inimese t\u00f6\u00f6\",\"item\":\"https:\/\/folklore.ee\/kooliparimus\/lasteaiaparimus\/lp-2017\/\"},{\"@type\":\"ListItem\",\"position\":4,\"name\":\"Videod\"}]},{\"@type\":\"WebSite\",\"@id\":\"https:\/\/folklore.ee\/kooliparimus\/#website\",\"url\":\"https:\/\/folklore.ee\/kooliparimus\/\",\"name\":\"Koolip\u00e4rimus\",\"description\":\"Eesti Kirjandusmuuseumi kogumisp\u00e4rimuse veebikeskkond.\",\"potentialAction\":[{\"@type\":\"SearchAction\",\"target\":{\"@type\":\"EntryPoint\",\"urlTemplate\":\"https:\/\/folklore.ee\/kooliparimus\/?s={search_term_string}\"},\"query-input\":{\"@type\":\"PropertyValueSpecification\",\"valueRequired\":true,\"valueName\":\"search_term_string\"}}],\"inLanguage\":\"en-US\"}]}<\/script>\n<!-- \/ Yoast SEO plugin. -->","yoast_head_json":{"title":"Videod - Koolip\u00e4rimus","robots":{"index":"index","follow":"follow","max-snippet":"max-snippet:-1","max-image-preview":"max-image-preview:large","max-video-preview":"max-video-preview:-1"},"canonical":"https:\/\/folklore.ee\/kooliparimus\/lasteaiaparimus\/lp-2017\/videod\/","og_locale":"en_US","og_type":"article","og_title":"Videod - Koolip\u00e4rimus","og_description":"novembril 2017. aastal Eesti Kirjandusmuuseumis (Vanemuise 42) ja Eesti Rahva Muuseumis (Muuseumi tee 2, Tartu)","og_url":"https:\/\/folklore.ee\/kooliparimus\/lasteaiaparimus\/lp-2017\/videod\/","og_site_name":"Koolip\u00e4rimus","article_publisher":"https:\/\/www.facebook.com\/kirjandusmuuseum","og_image":[{"width":2200,"height":306,"url":"http:\/\/localhost\/kooliparimus\/wp-content\/uploads\/2023\/05\/kaanepilt.jpg","type":"image\/jpeg"}],"twitter_card":"summary_large_image","twitter_misc":{"Est. reading time":"3 minutes"},"schema":{"@context":"https:\/\/schema.org","@graph":[{"@type":"WebPage","@id":"https:\/\/folklore.ee\/kooliparimus\/lasteaiaparimus\/lp-2017\/videod\/","url":"https:\/\/folklore.ee\/kooliparimus\/lasteaiaparimus\/lp-2017\/videod\/","name":"Videod - Koolip\u00e4rimus","isPartOf":{"@id":"https:\/\/folklore.ee\/kooliparimus\/#website"},"primaryImageOfPage":{"@id":"https:\/\/folklore.ee\/kooliparimus\/lasteaiaparimus\/lp-2017\/videod\/#primaryimage"},"image":{"@id":"https:\/\/folklore.ee\/kooliparimus\/lasteaiaparimus\/lp-2017\/videod\/#primaryimage"},"thumbnailUrl":"https:\/\/folklore.ee\/kooliparimus\/wp-content\/uploads\/2023\/05\/kaanepilt.jpg","datePublished":"2023-06-05T12:48:27+00:00","dateModified":"2023-06-05T12:48:27+00:00","breadcrumb":{"@id":"https:\/\/folklore.ee\/kooliparimus\/lasteaiaparimus\/lp-2017\/videod\/#breadcrumb"},"inLanguage":"en-US","potentialAction":[{"@type":"ReadAction","target":["https:\/\/folklore.ee\/kooliparimus\/lasteaiaparimus\/lp-2017\/videod\/"]}]},{"@type":"ImageObject","inLanguage":"en-US","@id":"https:\/\/folklore.ee\/kooliparimus\/lasteaiaparimus\/lp-2017\/videod\/#primaryimage","url":"https:\/\/folklore.ee\/kooliparimus\/wp-content\/uploads\/2023\/05\/kaanepilt.jpg","contentUrl":"https:\/\/folklore.ee\/kooliparimus\/wp-content\/uploads\/2023\/05\/kaanepilt.jpg","width":2200,"height":306},{"@type":"BreadcrumbList","@id":"https:\/\/folklore.ee\/kooliparimus\/lasteaiaparimus\/lp-2017\/videod\/#breadcrumb","itemListElement":[{"@type":"ListItem","position":1,"name":"Home","item":"https:\/\/folklore.ee\/kooliparimus\/"},{"@type":"ListItem","position":2,"name":"Lasteaiap\u00e4rimus","item":"https:\/\/folklore.ee\/kooliparimus\/lasteaiaparimus\/"},{"@type":"ListItem","position":3,"name":"M\u00e4ng on v\u00e4ikese inimese t\u00f6\u00f6","item":"https:\/\/folklore.ee\/kooliparimus\/lasteaiaparimus\/lp-2017\/"},{"@type":"ListItem","position":4,"name":"Videod"}]},{"@type":"WebSite","@id":"https:\/\/folklore.ee\/kooliparimus\/#website","url":"https:\/\/folklore.ee\/kooliparimus\/","name":"Koolip\u00e4rimus","description":"Eesti Kirjandusmuuseumi kogumisp\u00e4rimuse veebikeskkond.","potentialAction":[{"@type":"SearchAction","target":{"@type":"EntryPoint","urlTemplate":"https:\/\/folklore.ee\/kooliparimus\/?s={search_term_string}"},"query-input":{"@type":"PropertyValueSpecification","valueRequired":true,"valueName":"search_term_string"}}],"inLanguage":"en-US"}]}},"_links":{"self":[{"href":"https:\/\/folklore.ee\/kooliparimus\/wp-json\/wp\/v2\/pages\/536","targetHints":{"allow":["GET"]}}],"collection":[{"href":"https:\/\/folklore.ee\/kooliparimus\/wp-json\/wp\/v2\/pages"}],"about":[{"href":"https:\/\/folklore.ee\/kooliparimus\/wp-json\/wp\/v2\/types\/page"}],"author":[{"embeddable":true,"href":"https:\/\/folklore.ee\/kooliparimus\/wp-json\/wp\/v2\/users\/1"}],"replies":[{"embeddable":true,"href":"https:\/\/folklore.ee\/kooliparimus\/wp-json\/wp\/v2\/comments?post=536"}],"version-history":[{"count":1,"href":"https:\/\/folklore.ee\/kooliparimus\/wp-json\/wp\/v2\/pages\/536\/revisions"}],"predecessor-version":[{"id":557,"href":"https:\/\/folklore.ee\/kooliparimus\/wp-json\/wp\/v2\/pages\/536\/revisions\/557"}],"up":[{"embeddable":true,"href":"https:\/\/folklore.ee\/kooliparimus\/wp-json\/wp\/v2\/pages\/519"}],"wp:featuredmedia":[{"embeddable":true,"href":"https:\/\/folklore.ee\/kooliparimus\/wp-json\/wp\/v2\/media\/12"}],"wp:attachment":[{"href":"https:\/\/folklore.ee\/kooliparimus\/wp-json\/wp\/v2\/media?parent=536"}],"curies":[{"name":"wp","href":"https:\/\/api.w.org\/{rel}","templated":true}]}}