{"id":55,"date":"2023-05-31T14:35:42","date_gmt":"2023-05-31T14:35:42","guid":{"rendered":"https:\/\/folklore.ee\/kooliparimus\/?page_id=55"},"modified":"2023-06-02T05:30:22","modified_gmt":"2023-06-02T05:30:22","slug":"kooliparimus-2021","status":"publish","type":"page","link":"https:\/\/folklore.ee\/kooliparimus\/kp\/kooliparimus-2021\/","title":{"rendered":"Koolip\u00e4rimus 2021"},"content":{"rendered":"\n<p><a href=\"https:\/\/vemu.ca\/index.php\/et\" target=\"_blank\" rel=\"noreferrer noopener\">V\u00e4liseesti Muuseum<\/a> (VEMU) Torontos ja Eesti Kirjandusmuuseum kuulutavad v\u00e4lja koolip\u00e4rimuse kogumisv\u00f5istluse Kanada eestlastele. Kaast\u00f6id oodatakse nii t\u00e4nastelt \u00f5pilastelt kui ka varem koolis \u00f5ppinud ja\/v\u00f5i t\u00f6\u00f6tanud inimestelt kuni 30. novembrini 2021. Kogumisaktsioon on p\u00fchendatud t\u00e4navu meie seast lahkunud Toronto Eesti Seltsi T\u00e4ienduskooli kauaaegse juhi Edgar Marteni m\u00e4lestusele.<\/p>\n\n\n\n<p><strong>Oodatud on vastused j\u00e4rgmistel teemadel:<\/strong><\/p>\n\n\n\n<ul class=\"wp-block-list\">\n<li>naljad ja anekdoodid<\/li>\n\n\n\n<li>hirmud, uskumused, ennustamine<\/li>\n\n\n\n<li>t\u00e4htp\u00e4evad ja peod<\/li>\n\n\n\n<li>vaba aeg ja s\u00f5brad<\/li>\n\n\n\n<li>m\u00e4ngud<\/li>\n<\/ul>\n\n\n\n<p>Koolip\u00e4rimust on kogutud Eestis \u00fcleriigiliselt kolmel korral, 1992, 2007 ja 2018. See on esimene v\u00e4liseestlastele suunatud kogumisaktsioon, mist\u00f5ttu on iga osav\u00f5tt v\u00e4ga v\u00e4\u00e4rtuslik!<\/p>\n\n\n\n<p>Ettev\u00f5tmise eesm\u00e4rk j\u00e4\u00e4dvustada v\u00e4ljaspool Eestit elavate eesti koolilaste maailm just sellisena, nagu see t\u00e4nap\u00e4eval on. \u00dchtlasi on eesm\u00e4rk rakendada andekaid noori v\u00e4liseesti p\u00e4rimuse ja kultuuri teadvustamisel ning fikseerimisel. Varem koolis \u00f5ppinud ja t\u00f6\u00f6tanud inimeste meenutuste p\u00f5hjal tekib hea materjal koolikultuuri muutuste uurimiseks ja j\u00e4lgimiseks.<\/p>\n\n\n\n<p>Laekunud materjal moodustab olulise baasi Eesti-uuringute Tippkeskuse teadlaste edasiseks uurimist\u00f6\u00f6ks.<\/p>\n\n\n\n<div class=\"wp-block-columns is-layout-flex wp-container-core-columns-is-layout-9d6595d7 wp-block-columns-is-layout-flex\">\n<div class=\"wp-block-column is-layout-flow wp-block-column-is-layout-flow\">\n<div class=\"wp-block-columns is-layout-flex wp-container-core-columns-is-layout-9d6595d7 wp-block-columns-is-layout-flex\">\n<div class=\"wp-block-column is-layout-flow wp-block-column-is-layout-flow\">\n<div class=\"wp-block-buttons is-layout-flex wp-block-buttons-is-layout-flex\">\n<div class=\"wp-block-button\"><a class=\"wp-block-button__link wp-element-button\" href=\"\/kooliparimus\/kogumisvoistlus-2021\/opetajale\/\">\u00d5petajale<\/a><\/div>\n<\/div>\n<\/div>\n\n\n\n<div class=\"wp-block-column is-layout-flow wp-block-column-is-layout-flow\">\n<div class=\"wp-block-buttons is-layout-flex wp-block-buttons-is-layout-flex\">\n<div class=\"wp-block-button\"><a class=\"wp-block-button__link wp-element-button\" href=\"https:\/\/www.kirmus.ee\/et\/KPkanada\" target=\"_blank\" rel=\"noreferrer noopener\">K\u00fcsitlus<\/a><\/div>\n<\/div>\n<\/div>\n<\/div>\n<\/div>\n\n\n\n<div class=\"wp-block-column is-layout-flow wp-block-column-is-layout-flow\">\n<div class=\"wp-block-columns is-layout-flex wp-container-core-columns-is-layout-9d6595d7 wp-block-columns-is-layout-flex\">\n<div class=\"wp-block-column is-layout-flow wp-block-column-is-layout-flow\">\n<div class=\"wp-block-buttons is-layout-flex wp-block-buttons-is-layout-flex\">\n<div class=\"wp-block-button\"><a class=\"wp-block-button__link wp-element-button\" href=\"\/kooliparimus\/kooliparimus\/kogumisvoistlus-2021\/for-teacher\/\">For teacher<\/a><\/div>\n<\/div>\n<\/div>\n\n\n\n<div class=\"wp-block-column is-layout-flow wp-block-column-is-layout-flow\">\n<div class=\"wp-block-buttons is-layout-flex wp-block-buttons-is-layout-flex\">\n<div class=\"wp-block-button\"><a class=\"wp-block-button__link wp-element-button\" href=\"https:\/\/www.kirmus.ee\/en\/KPkanada\" target=\"_blank\" rel=\"noreferrer noopener\">Questionnaire<\/a><\/div>\n<\/div>\n<\/div>\n<\/div>\n<\/div>\n<\/div>\n","protected":false},"excerpt":{"rendered":"<p>V\u00e4liseesti Muuseum (VEMU) Torontos ja Eesti Kirjandusmuuseum kuulutavad v\u00e4lja koolip\u00e4rimuse kogumisv\u00f5istluse Kanada eestlastele. Kaast\u00f6id oodatakse nii t\u00e4nastelt \u00f5pilastelt kui ka varem koolis \u00f5ppinud ja\/v\u00f5i t\u00f6\u00f6tanud inimestelt kuni 30. novembrini 2021. Kogumisaktsioon on p\u00fchendatud t\u00e4navu meie seast lahkunud Toronto Eesti Seltsi T\u00e4ienduskooli kauaaegse juhi Edgar Marteni m\u00e4lestusele. Oodatud on vastused j\u00e4rgmistel teemadel: Koolip\u00e4rimust on kogutud Eestis [&hellip;]<\/p>\n","protected":false},"author":1,"featured_media":12,"parent":11,"menu_order":0,"comment_status":"closed","ping_status":"closed","template":"","meta":{"footnotes":""},"class_list":["post-55","page","type-page","status-publish","has-post-thumbnail","hentry"],"yoast_head":"<!-- This site is optimized with the Yoast SEO plugin v23.7 - https:\/\/yoast.com\/wordpress\/plugins\/seo\/ -->\n<title>Koolip\u00e4rimus 2021 - Koolip\u00e4rimus<\/title>\n<meta name=\"robots\" content=\"index, follow, max-snippet:-1, max-image-preview:large, max-video-preview:-1\" \/>\n<link rel=\"canonical\" href=\"https:\/\/folklore.ee\/kooliparimus\/kp\/kooliparimus-2021\/\" \/>\n<meta property=\"og:locale\" content=\"en_US\" \/>\n<meta property=\"og:type\" content=\"article\" \/>\n<meta property=\"og:title\" content=\"Koolip\u00e4rimus 2021 - Koolip\u00e4rimus\" \/>\n<meta property=\"og:description\" content=\"V\u00e4liseesti Muuseum (VEMU) Torontos ja Eesti Kirjandusmuuseum kuulutavad v\u00e4lja koolip\u00e4rimuse kogumisv\u00f5istluse Kanada eestlastele. Kaast\u00f6id oodatakse nii t\u00e4nastelt \u00f5pilastelt kui ka varem koolis \u00f5ppinud ja\/v\u00f5i t\u00f6\u00f6tanud inimestelt kuni 30. novembrini 2021. Kogumisaktsioon on p\u00fchendatud t\u00e4navu meie seast lahkunud Toronto Eesti Seltsi T\u00e4ienduskooli kauaaegse juhi Edgar Marteni m\u00e4lestusele. Oodatud on vastused j\u00e4rgmistel teemadel: Koolip\u00e4rimust on kogutud Eestis [&hellip;]\" \/>\n<meta property=\"og:url\" content=\"https:\/\/folklore.ee\/kooliparimus\/kp\/kooliparimus-2021\/\" \/>\n<meta property=\"og:site_name\" content=\"Koolip\u00e4rimus\" \/>\n<meta property=\"article:publisher\" content=\"https:\/\/www.facebook.com\/kirjandusmuuseum\" \/>\n<meta property=\"article:modified_time\" content=\"2023-06-02T05:30:22+00:00\" \/>\n<meta property=\"og:image\" content=\"http:\/\/localhost\/kooliparimus\/wp-content\/uploads\/2023\/05\/kaanepilt.jpg\" \/>\n\t<meta property=\"og:image:width\" content=\"2200\" \/>\n\t<meta property=\"og:image:height\" content=\"306\" \/>\n\t<meta property=\"og:image:type\" content=\"image\/jpeg\" \/>\n<meta name=\"twitter:card\" content=\"summary_large_image\" \/>\n<meta name=\"twitter:label1\" content=\"Est. reading time\" \/>\n\t<meta name=\"twitter:data1\" content=\"1 minute\" \/>\n<script type=\"application\/ld+json\" class=\"yoast-schema-graph\">{\"@context\":\"https:\/\/schema.org\",\"@graph\":[{\"@type\":\"WebPage\",\"@id\":\"https:\/\/folklore.ee\/kooliparimus\/kp\/kooliparimus-2021\/\",\"url\":\"https:\/\/folklore.ee\/kooliparimus\/kp\/kooliparimus-2021\/\",\"name\":\"Koolip\u00e4rimus 2021 - Koolip\u00e4rimus\",\"isPartOf\":{\"@id\":\"https:\/\/folklore.ee\/kooliparimus\/#website\"},\"primaryImageOfPage\":{\"@id\":\"https:\/\/folklore.ee\/kooliparimus\/kp\/kooliparimus-2021\/#primaryimage\"},\"image\":{\"@id\":\"https:\/\/folklore.ee\/kooliparimus\/kp\/kooliparimus-2021\/#primaryimage\"},\"thumbnailUrl\":\"https:\/\/folklore.ee\/kooliparimus\/wp-content\/uploads\/2023\/05\/kaanepilt.jpg\",\"datePublished\":\"2023-05-31T14:35:42+00:00\",\"dateModified\":\"2023-06-02T05:30:22+00:00\",\"breadcrumb\":{\"@id\":\"https:\/\/folklore.ee\/kooliparimus\/kp\/kooliparimus-2021\/#breadcrumb\"},\"inLanguage\":\"en-US\",\"potentialAction\":[{\"@type\":\"ReadAction\",\"target\":[\"https:\/\/folklore.ee\/kooliparimus\/kp\/kooliparimus-2021\/\"]}]},{\"@type\":\"ImageObject\",\"inLanguage\":\"en-US\",\"@id\":\"https:\/\/folklore.ee\/kooliparimus\/kp\/kooliparimus-2021\/#primaryimage\",\"url\":\"https:\/\/folklore.ee\/kooliparimus\/wp-content\/uploads\/2023\/05\/kaanepilt.jpg\",\"contentUrl\":\"https:\/\/folklore.ee\/kooliparimus\/wp-content\/uploads\/2023\/05\/kaanepilt.jpg\",\"width\":2200,\"height\":306},{\"@type\":\"BreadcrumbList\",\"@id\":\"https:\/\/folklore.ee\/kooliparimus\/kp\/kooliparimus-2021\/#breadcrumb\",\"itemListElement\":[{\"@type\":\"ListItem\",\"position\":1,\"name\":\"Home\",\"item\":\"https:\/\/folklore.ee\/kooliparimus\/\"},{\"@type\":\"ListItem\",\"position\":2,\"name\":\"Koolip\u00e4rimus\",\"item\":\"https:\/\/folklore.ee\/kooliparimus\/kp\/\"},{\"@type\":\"ListItem\",\"position\":3,\"name\":\"Koolip\u00e4rimus 2021\"}]},{\"@type\":\"WebSite\",\"@id\":\"https:\/\/folklore.ee\/kooliparimus\/#website\",\"url\":\"https:\/\/folklore.ee\/kooliparimus\/\",\"name\":\"Koolip\u00e4rimus\",\"description\":\"Eesti Kirjandusmuuseumi kogumisp\u00e4rimuse veebikeskkond.\",\"potentialAction\":[{\"@type\":\"SearchAction\",\"target\":{\"@type\":\"EntryPoint\",\"urlTemplate\":\"https:\/\/folklore.ee\/kooliparimus\/?s={search_term_string}\"},\"query-input\":{\"@type\":\"PropertyValueSpecification\",\"valueRequired\":true,\"valueName\":\"search_term_string\"}}],\"inLanguage\":\"en-US\"}]}<\/script>\n<!-- \/ Yoast SEO plugin. -->","yoast_head_json":{"title":"Koolip\u00e4rimus 2021 - Koolip\u00e4rimus","robots":{"index":"index","follow":"follow","max-snippet":"max-snippet:-1","max-image-preview":"max-image-preview:large","max-video-preview":"max-video-preview:-1"},"canonical":"https:\/\/folklore.ee\/kooliparimus\/kp\/kooliparimus-2021\/","og_locale":"en_US","og_type":"article","og_title":"Koolip\u00e4rimus 2021 - Koolip\u00e4rimus","og_description":"V\u00e4liseesti Muuseum (VEMU) Torontos ja Eesti Kirjandusmuuseum kuulutavad v\u00e4lja koolip\u00e4rimuse kogumisv\u00f5istluse Kanada eestlastele. Kaast\u00f6id oodatakse nii t\u00e4nastelt \u00f5pilastelt kui ka varem koolis \u00f5ppinud ja\/v\u00f5i t\u00f6\u00f6tanud inimestelt kuni 30. novembrini 2021. Kogumisaktsioon on p\u00fchendatud t\u00e4navu meie seast lahkunud Toronto Eesti Seltsi T\u00e4ienduskooli kauaaegse juhi Edgar Marteni m\u00e4lestusele. Oodatud on vastused j\u00e4rgmistel teemadel: Koolip\u00e4rimust on kogutud Eestis [&hellip;]","og_url":"https:\/\/folklore.ee\/kooliparimus\/kp\/kooliparimus-2021\/","og_site_name":"Koolip\u00e4rimus","article_publisher":"https:\/\/www.facebook.com\/kirjandusmuuseum","article_modified_time":"2023-06-02T05:30:22+00:00","og_image":[{"width":2200,"height":306,"url":"http:\/\/localhost\/kooliparimus\/wp-content\/uploads\/2023\/05\/kaanepilt.jpg","type":"image\/jpeg"}],"twitter_card":"summary_large_image","twitter_misc":{"Est. reading time":"1 minute"},"schema":{"@context":"https:\/\/schema.org","@graph":[{"@type":"WebPage","@id":"https:\/\/folklore.ee\/kooliparimus\/kp\/kooliparimus-2021\/","url":"https:\/\/folklore.ee\/kooliparimus\/kp\/kooliparimus-2021\/","name":"Koolip\u00e4rimus 2021 - Koolip\u00e4rimus","isPartOf":{"@id":"https:\/\/folklore.ee\/kooliparimus\/#website"},"primaryImageOfPage":{"@id":"https:\/\/folklore.ee\/kooliparimus\/kp\/kooliparimus-2021\/#primaryimage"},"image":{"@id":"https:\/\/folklore.ee\/kooliparimus\/kp\/kooliparimus-2021\/#primaryimage"},"thumbnailUrl":"https:\/\/folklore.ee\/kooliparimus\/wp-content\/uploads\/2023\/05\/kaanepilt.jpg","datePublished":"2023-05-31T14:35:42+00:00","dateModified":"2023-06-02T05:30:22+00:00","breadcrumb":{"@id":"https:\/\/folklore.ee\/kooliparimus\/kp\/kooliparimus-2021\/#breadcrumb"},"inLanguage":"en-US","potentialAction":[{"@type":"ReadAction","target":["https:\/\/folklore.ee\/kooliparimus\/kp\/kooliparimus-2021\/"]}]},{"@type":"ImageObject","inLanguage":"en-US","@id":"https:\/\/folklore.ee\/kooliparimus\/kp\/kooliparimus-2021\/#primaryimage","url":"https:\/\/folklore.ee\/kooliparimus\/wp-content\/uploads\/2023\/05\/kaanepilt.jpg","contentUrl":"https:\/\/folklore.ee\/kooliparimus\/wp-content\/uploads\/2023\/05\/kaanepilt.jpg","width":2200,"height":306},{"@type":"BreadcrumbList","@id":"https:\/\/folklore.ee\/kooliparimus\/kp\/kooliparimus-2021\/#breadcrumb","itemListElement":[{"@type":"ListItem","position":1,"name":"Home","item":"https:\/\/folklore.ee\/kooliparimus\/"},{"@type":"ListItem","position":2,"name":"Koolip\u00e4rimus","item":"https:\/\/folklore.ee\/kooliparimus\/kp\/"},{"@type":"ListItem","position":3,"name":"Koolip\u00e4rimus 2021"}]},{"@type":"WebSite","@id":"https:\/\/folklore.ee\/kooliparimus\/#website","url":"https:\/\/folklore.ee\/kooliparimus\/","name":"Koolip\u00e4rimus","description":"Eesti Kirjandusmuuseumi kogumisp\u00e4rimuse veebikeskkond.","potentialAction":[{"@type":"SearchAction","target":{"@type":"EntryPoint","urlTemplate":"https:\/\/folklore.ee\/kooliparimus\/?s={search_term_string}"},"query-input":{"@type":"PropertyValueSpecification","valueRequired":true,"valueName":"search_term_string"}}],"inLanguage":"en-US"}]}},"_links":{"self":[{"href":"https:\/\/folklore.ee\/kooliparimus\/wp-json\/wp\/v2\/pages\/55","targetHints":{"allow":["GET"]}}],"collection":[{"href":"https:\/\/folklore.ee\/kooliparimus\/wp-json\/wp\/v2\/pages"}],"about":[{"href":"https:\/\/folklore.ee\/kooliparimus\/wp-json\/wp\/v2\/types\/page"}],"author":[{"embeddable":true,"href":"https:\/\/folklore.ee\/kooliparimus\/wp-json\/wp\/v2\/users\/1"}],"replies":[{"embeddable":true,"href":"https:\/\/folklore.ee\/kooliparimus\/wp-json\/wp\/v2\/comments?post=55"}],"version-history":[{"count":10,"href":"https:\/\/folklore.ee\/kooliparimus\/wp-json\/wp\/v2\/pages\/55\/revisions"}],"predecessor-version":[{"id":195,"href":"https:\/\/folklore.ee\/kooliparimus\/wp-json\/wp\/v2\/pages\/55\/revisions\/195"}],"up":[{"embeddable":true,"href":"https:\/\/folklore.ee\/kooliparimus\/wp-json\/wp\/v2\/pages\/11"}],"wp:featuredmedia":[{"embeddable":true,"href":"https:\/\/folklore.ee\/kooliparimus\/wp-json\/wp\/v2\/media\/12"}],"wp:attachment":[{"href":"https:\/\/folklore.ee\/kooliparimus\/wp-json\/wp\/v2\/media?parent=55"}],"curies":[{"name":"wp","href":"https:\/\/api.w.org\/{rel}","templated":true}]}}