{"id":560,"date":"2023-06-05T13:02:07","date_gmt":"2023-06-05T13:02:07","guid":{"rendered":"https:\/\/folklore.ee\/kooliparimus\/?page_id=560"},"modified":"2024-11-20T08:45:41","modified_gmt":"2024-11-20T08:45:41","slug":"lp-2018","status":"publish","type":"page","link":"https:\/\/folklore.ee\/kooliparimus\/lasteaiaparimus\/lp-2018\/","title":{"rendered":"\u00dcle metsa, vurr! Keel ja keskkond"},"content":{"rendered":"\n<div class=\"wp-block-columns is-layout-flex wp-container-core-columns-is-layout-9d6595d7 wp-block-columns-is-layout-flex\">\n<div class=\"wp-block-column is-layout-flow wp-block-column-is-layout-flow\">\n<div class=\"wp-block-columns is-layout-flex wp-container-core-columns-is-layout-9d6595d7 wp-block-columns-is-layout-flex\">\n<div class=\"wp-block-column is-layout-flow wp-block-column-is-layout-flow\">\n<div class=\"wp-block-buttons is-layout-flex wp-block-buttons-is-layout-flex\">\n<div class=\"wp-block-button\"><a class=\"wp-block-button__link wp-element-button\" href=\"\/kooliparimus\/lasteaiaparimus\/lp-2018\/galerii\/\">Galerii<\/a><\/div>\n<\/div>\n<\/div>\n\n\n\n<div class=\"wp-block-column is-layout-flow wp-block-column-is-layout-flow\">\n<div class=\"wp-block-buttons is-layout-flex wp-block-buttons-is-layout-flex\">\n<div class=\"wp-block-button\"><a class=\"wp-block-button__link wp-element-button\" href=\"\/kooliparimus\/lasteaiaparimus\/lp-2018\/videod\/\">Videod<\/a><\/div>\n<\/div>\n<\/div>\n<\/div>\n<\/div>\n\n\n\n<div class=\"wp-block-column is-layout-flow wp-block-column-is-layout-flow\"><\/div>\n<\/div>\n\n\n\n<p>3. ja 4. oktoobril 2018. aastal toimub Eesti Kirjandusmuuseumis (Vanemuise 42, Tartu) ja Eesti Rahva Muuseumis (Muuseumi tee 2, Tartu) lasteaia\u00f5petajate eesti keele \u00f5ppeseminar \u201c\u00dcle metsa, vurr! Keel ja keskkond\u201d.<\/p>\n\n\n\n<p>Seminari eesm\u00e4rk on tutvustada lasteaia\u00f5petajatele v\u00f5imalusi emakeelep\u00f5histe kultuuriv\u00e4\u00e4rtuste kujundamisel.<\/p>\n\n\n\n<p>Alates 2010. aastast Tartus toimuval kahep\u00e4evasel seminaril saavad traditsiooniliselt s\u00f5na teadlased, muuseumit\u00f6\u00f6tajad, kirjanikud ja alushariduse praktikud. Seekordse seminari keskmes on eesti keel, loodus ja keskkond, mida m\u00f5istame v\u00e4ga laialt. Vaatleme last ja emakeelt v\u00e4ga erinevate \u00fcmbruste kaudu, esiplaanil on last \u00fcmbritsev loodus, maa ja ilm, aga mitmesugused inimtekkelised keskkonnad, sh arvutitehnoloogiad ja meediakeskkond. K\u00f5neks tulevad keele ja loodusega seotud v\u00e4ljendusviisid meie kultuurip\u00e4randis ja lastefolklooris.<\/p>\n\n\n\n<p>Ettekannetes on t\u00e4helepanu all keelem\u00e4ngud, mis aitavad kaasa (ema)keele t\u00f5husamale omandamisele, suhtlemisele ja enesev\u00e4ljendamisele.<\/p>\n\n\n\n<p>Toimuvad t\u00f6\u00f6toad, milles tutvustatakse praktilisi v\u00e4ljundeid ja \u00f5pitakse\/m\u00e4ngitakse m\u00e4nge, mille eesm\u00e4rk on omandada teadmisi selle kohta, kuidas rikastada lapse s\u00f5navara ja m\u00f5ttemaailma, \u00fchtlasi edendada eesti keele \u00f5petamist.<\/p>\n\n\n\n<p><strong>KAVA<\/strong><\/p>\n\n\n\n<p><strong>Kolmap\u00e4ev, 3. oktoober, Eesti Kirjandusmuuseum (Vanemuise 42, Tartu)<\/strong><\/p>\n\n\n\n<p><strong>10.30 Registreerimine, tervituskohv<br><\/strong>11.00 Avamine, tervituss\u00f5nad:<br>Haridus- ja teadusministeeriumi keeleosakonna juhataja Piret K\u00e4rtner<br>Eesti Kirjandusmuuseumi direktor Urmas Sutrop<br>11.15 Kristi Vinter-Nemvalts (Tallinna \u00dclikool): <a href=\"\/kooliparimus\/wp-content\/uploads\/2023\/06\/kristi_vinternemvalts.pdf\" target=\"_blank\" rel=\"noreferrer noopener\">Kui nutikaks teeb lapse nutimaailm?<\/a><br>12.15 Ilmar Tomusk (Keeleinspektsioon): <a href=\"\/kooliparimus\/wp-content\/uploads\/2023\/06\/ilmar_tomusk.pdf\" target=\"_blank\" rel=\"noreferrer noopener\">Kuidas lastekirjandusega lapse keelt ja m\u00f5tlemist arendada?<\/a><\/p>\n\n\n\n<p><strong>13.15\u201314.30 L\u00f5una<br><\/strong>14.30 Reet Hiiem\u00e4e (Eesti Kirjandusmuuseum): <a href=\"\/kooliparimus\/wp-content\/uploads\/2023\/06\/reet_hiiemae.pdf\" target=\"_blank\" rel=\"noreferrer noopener\">\u201cOhtlik loodus\u201d ja muud keskkonnahirmud<\/a><br>15.00 Astrid Tuisk (Eesti Kirjandusmuuseum): <a href=\"\/kooliparimus\/wp-content\/uploads\/2023\/06\/astrid_tuisk-2.pdf\" target=\"_blank\" rel=\"noreferrer noopener\">Looduslike vahenditega m\u00e4ngimine<\/a><br>15.30 Piret Voolaid (Eesti Kirjandusmuuseum): <a href=\"\/kooliparimus\/wp-content\/uploads\/2023\/06\/piret_voolaid-2.pdf\" target=\"_blank\" rel=\"noreferrer noopener\">K\u00f5ik maailm ehib \u2013 loodus eesti m\u00f5istatustes<\/a><\/p>\n\n\n\n<p><strong>16.00\u201316.15 Kohvipaus<br><\/strong>16.30\u201318.00 Tartu Loodusmaja ekskursioon ja t\u00f6\u00f6toad (Lille 10, Tartu)<\/p>\n\n\n\n<div style=\"height:15px\" aria-hidden=\"true\" class=\"wp-block-spacer\"><\/div>\n\n\n\n<p><strong>Neljap\u00e4ev, 4. oktoober, Eesti Rahva Muuseum (Muuseumi tee 2, Tartu, A-sissep\u00e4\u00e4s)<\/strong><\/p>\n\n\n\n<p><strong>9.00\u201310.00 <\/strong>Tiiu Jaago (Tartu \u00dclikool): <a href=\"\/kooliparimus\/wp-content\/uploads\/2023\/06\/tiiu_jaago-2.pdf\" target=\"_blank\" rel=\"noreferrer noopener\">Loodus regilaulus: Ma laulan mere maaksi<\/a> (I. Mannineni videoauditoorium, A-sissep\u00e4\u00e4s)<br>10.00\u201312.00 <strong>Praktilised t\u00f6\u00f6toad<\/strong><br>Virve Tuubel (Eesti Rahva Muuseum): Mis keeles, see meeles (Eesti p\u00fcsin\u00e4itus &#8220;Kohtumised&#8221;)<br>Terje Puistaja (Eesti Rahvap\u00e4rimuse Kool): Loodus, laul ja m\u00e4ng (A. Moora auditoorium, A-sissep\u00e4\u00e4s)<br>12.00\u201312.30 Kolleegilt kolleegile<br>12.30 Seminari l\u00f5petamine, tunnistuste k\u00e4tteandmine<\/p>\n\n\n\n<p><strong>12.45 L\u00f5una<br><\/strong>13.15\u201315.00 Ekskursioonid giidiga ERMi n\u00e4itustel, marsruudikaart Eesti kultuuriloo p\u00fcsin\u00e4itusel \u201cM\u00e4ngult v\u00f5i p\u00e4riselt\u201d (eelregistreerimine kohapeal 3. oktoobril 2018)<\/p>\n\n\n\n<p>Varasemate \u00f5ppep\u00e4evade kohta vaata <a href=\"\/kooliparimus\/lasteaiaparimus\/\">siit<\/a><\/p>\n\n\n\n<ul class=\"wp-block-list\">\n<li>Seminari <strong>osalemistasu <\/strong>on Eesti Rahva Muuseumi <strong>kogu maja k\u00fclastuse soodushinnaga t\u00e4ispilet 10 eurot<\/strong> (tuleb maksta kohapeal, arve alusel maksta pole v\u00f5imalik).<\/li>\n\n\n\n<li>Seminaril osalejal palume kirjalikult ette valmistada ja kaasa v\u00f5tta \u00fcks-kaks keelem\u00e4ngu (sh s\u00f5nam\u00e4ngud), milles on esiplaanil loodus ja mida olete oma erialat\u00f6\u00f6s kasutanud. Seda l\u00e4heb tarvis 4. oktoobril t\u00f6\u00f6toas \u201eKolleegilt kolleegile\u201c, kus vahetatakse \u00fcksteisega kogemusi. Teie lahkel loal s\u00e4ilitame kirjapandud lood p\u00e4rast seminari Eesti Kirjandusmuuseumi arhiivikogus.<\/li>\n\n\n\n<li>Seminaril osalejatele tagatakse korraldajate kulul toitlustus (l\u00f5una- ja kohvipausid), seminarimaterjalid. V\u00e4ljastpoolt Tartut tulijatele on vajadusel tasuta \u00f6\u00f6maja kahekohalistes tubades Hotell Tartus (Soola 3, Tartu, vt <a href=\"https:\/\/tartuhotell.ee\">https:\/\/tartuhotell.ee<\/a>).<\/li>\n\n\n\n<li>Kohtade piiratud arvu t\u00f5ttu on registreerimine l\u00f5ppenud.<\/li>\n\n\n\n<li>\u00d5ppep\u00e4evade t\u00e4isprogrammi l\u00e4binud saavad tunnistuse.<\/li>\n<\/ul>\n\n\n\n<p>Seminari korraldavad Eesti Kirjandusmuuseum, Eesti Rahva Muuseum, Eesti-uuringute Tippkeskus, Haridus- ja Teadusministeerium. Seminari toetavad Haridus- ja Teadusministeerium ja Euroopa Regionaalarengu Fond (Eesti-uuringute Tippkeskus).<\/p>\n\n\n\n<p>Info: Piret Voolaid, <a href=\"mailto:piret.voolaid@folklore.ee\">piret.voolaid@folklore.ee<\/a>; Virve Tuubel, <a href=\"mailto:Virve.Tuubel@erm.ee\">Virve.Tuubel@erm.ee<\/a>; Kadri S\u00f5rmus, <a href=\"mailto:Kadri.Sormus@hm.ee\">Kadri.Sormus@hm.ee<\/a>.<\/p>\n","protected":false},"excerpt":{"rendered":"<p>3. ja 4. oktoobril 2018. aastal toimub Eesti Kirjandusmuuseumis (Vanemuise 42, Tartu) ja Eesti Rahva Muuseumis (Muuseumi tee 2, Tartu) lasteaia\u00f5petajate eesti keele \u00f5ppeseminar \u201c\u00dcle metsa, vurr! Keel ja keskkond\u201d. Seminari eesm\u00e4rk on tutvustada lasteaia\u00f5petajatele v\u00f5imalusi emakeelep\u00f5histe kultuuriv\u00e4\u00e4rtuste kujundamisel. Alates 2010. aastast Tartus toimuval kahep\u00e4evasel seminaril saavad traditsiooniliselt s\u00f5na teadlased, muuseumit\u00f6\u00f6tajad, kirjanikud ja alushariduse praktikud. [&hellip;]<\/p>\n","protected":false},"author":1,"featured_media":12,"parent":38,"menu_order":0,"comment_status":"closed","ping_status":"closed","template":"","meta":{"footnotes":""},"class_list":["post-560","page","type-page","status-publish","has-post-thumbnail","hentry"],"yoast_head":"<!-- This site is optimized with the Yoast SEO plugin v23.7 - https:\/\/yoast.com\/wordpress\/plugins\/seo\/ -->\n<title>\u00dcle metsa, vurr! Keel ja keskkond - Koolip\u00e4rimus<\/title>\n<meta name=\"robots\" content=\"index, follow, max-snippet:-1, max-image-preview:large, max-video-preview:-1\" \/>\n<link rel=\"canonical\" href=\"https:\/\/folklore.ee\/kooliparimus\/lasteaiaparimus\/lp-2018\/\" \/>\n<meta property=\"og:locale\" content=\"en_US\" \/>\n<meta property=\"og:type\" content=\"article\" \/>\n<meta property=\"og:title\" content=\"\u00dcle metsa, vurr! Keel ja keskkond - Koolip\u00e4rimus\" \/>\n<meta property=\"og:description\" content=\"3. ja 4. oktoobril 2018. aastal toimub Eesti Kirjandusmuuseumis (Vanemuise 42, Tartu) ja Eesti Rahva Muuseumis (Muuseumi tee 2, Tartu) lasteaia\u00f5petajate eesti keele \u00f5ppeseminar \u201c\u00dcle metsa, vurr! Keel ja keskkond\u201d. Seminari eesm\u00e4rk on tutvustada lasteaia\u00f5petajatele v\u00f5imalusi emakeelep\u00f5histe kultuuriv\u00e4\u00e4rtuste kujundamisel. Alates 2010. aastast Tartus toimuval kahep\u00e4evasel seminaril saavad traditsiooniliselt s\u00f5na teadlased, muuseumit\u00f6\u00f6tajad, kirjanikud ja alushariduse praktikud. [&hellip;]\" \/>\n<meta property=\"og:url\" content=\"https:\/\/folklore.ee\/kooliparimus\/lasteaiaparimus\/lp-2018\/\" \/>\n<meta property=\"og:site_name\" content=\"Koolip\u00e4rimus\" \/>\n<meta property=\"article:publisher\" content=\"https:\/\/www.facebook.com\/kirjandusmuuseum\" \/>\n<meta property=\"article:modified_time\" content=\"2024-11-20T08:45:41+00:00\" \/>\n<meta property=\"og:image\" content=\"https:\/\/folklore.ee\/kooliparimus\/wp-content\/uploads\/2023\/05\/kaanepilt.jpg\" \/>\n\t<meta property=\"og:image:width\" content=\"2200\" \/>\n\t<meta property=\"og:image:height\" content=\"306\" \/>\n\t<meta property=\"og:image:type\" content=\"image\/jpeg\" \/>\n<meta name=\"twitter:card\" content=\"summary_large_image\" \/>\n<meta name=\"twitter:label1\" content=\"Est. reading time\" \/>\n\t<meta name=\"twitter:data1\" content=\"3 minutes\" \/>\n<script type=\"application\/ld+json\" class=\"yoast-schema-graph\">{\"@context\":\"https:\/\/schema.org\",\"@graph\":[{\"@type\":\"WebPage\",\"@id\":\"https:\/\/folklore.ee\/kooliparimus\/lasteaiaparimus\/lp-2018\/\",\"url\":\"https:\/\/folklore.ee\/kooliparimus\/lasteaiaparimus\/lp-2018\/\",\"name\":\"\u00dcle metsa, vurr! Keel ja keskkond - Koolip\u00e4rimus\",\"isPartOf\":{\"@id\":\"https:\/\/folklore.ee\/kooliparimus\/#website\"},\"primaryImageOfPage\":{\"@id\":\"https:\/\/folklore.ee\/kooliparimus\/lasteaiaparimus\/lp-2018\/#primaryimage\"},\"image\":{\"@id\":\"https:\/\/folklore.ee\/kooliparimus\/lasteaiaparimus\/lp-2018\/#primaryimage\"},\"thumbnailUrl\":\"https:\/\/folklore.ee\/kooliparimus\/wp-content\/uploads\/2023\/05\/kaanepilt.jpg\",\"datePublished\":\"2023-06-05T13:02:07+00:00\",\"dateModified\":\"2024-11-20T08:45:41+00:00\",\"breadcrumb\":{\"@id\":\"https:\/\/folklore.ee\/kooliparimus\/lasteaiaparimus\/lp-2018\/#breadcrumb\"},\"inLanguage\":\"en-US\",\"potentialAction\":[{\"@type\":\"ReadAction\",\"target\":[\"https:\/\/folklore.ee\/kooliparimus\/lasteaiaparimus\/lp-2018\/\"]}]},{\"@type\":\"ImageObject\",\"inLanguage\":\"en-US\",\"@id\":\"https:\/\/folklore.ee\/kooliparimus\/lasteaiaparimus\/lp-2018\/#primaryimage\",\"url\":\"https:\/\/folklore.ee\/kooliparimus\/wp-content\/uploads\/2023\/05\/kaanepilt.jpg\",\"contentUrl\":\"https:\/\/folklore.ee\/kooliparimus\/wp-content\/uploads\/2023\/05\/kaanepilt.jpg\",\"width\":2200,\"height\":306},{\"@type\":\"BreadcrumbList\",\"@id\":\"https:\/\/folklore.ee\/kooliparimus\/lasteaiaparimus\/lp-2018\/#breadcrumb\",\"itemListElement\":[{\"@type\":\"ListItem\",\"position\":1,\"name\":\"Home\",\"item\":\"https:\/\/folklore.ee\/kooliparimus\/\"},{\"@type\":\"ListItem\",\"position\":2,\"name\":\"Lasteaiap\u00e4rimus\",\"item\":\"https:\/\/folklore.ee\/kooliparimus\/lasteaiaparimus\/\"},{\"@type\":\"ListItem\",\"position\":3,\"name\":\"\u00dcle metsa, vurr! Keel ja keskkond\"}]},{\"@type\":\"WebSite\",\"@id\":\"https:\/\/folklore.ee\/kooliparimus\/#website\",\"url\":\"https:\/\/folklore.ee\/kooliparimus\/\",\"name\":\"Koolip\u00e4rimus\",\"description\":\"Eesti Kirjandusmuuseumi kogumisp\u00e4rimuse veebikeskkond.\",\"potentialAction\":[{\"@type\":\"SearchAction\",\"target\":{\"@type\":\"EntryPoint\",\"urlTemplate\":\"https:\/\/folklore.ee\/kooliparimus\/?s={search_term_string}\"},\"query-input\":{\"@type\":\"PropertyValueSpecification\",\"valueRequired\":true,\"valueName\":\"search_term_string\"}}],\"inLanguage\":\"en-US\"}]}<\/script>\n<!-- \/ Yoast SEO plugin. -->","yoast_head_json":{"title":"\u00dcle metsa, vurr! Keel ja keskkond - Koolip\u00e4rimus","robots":{"index":"index","follow":"follow","max-snippet":"max-snippet:-1","max-image-preview":"max-image-preview:large","max-video-preview":"max-video-preview:-1"},"canonical":"https:\/\/folklore.ee\/kooliparimus\/lasteaiaparimus\/lp-2018\/","og_locale":"en_US","og_type":"article","og_title":"\u00dcle metsa, vurr! Keel ja keskkond - Koolip\u00e4rimus","og_description":"3. ja 4. oktoobril 2018. aastal toimub Eesti Kirjandusmuuseumis (Vanemuise 42, Tartu) ja Eesti Rahva Muuseumis (Muuseumi tee 2, Tartu) lasteaia\u00f5petajate eesti keele \u00f5ppeseminar \u201c\u00dcle metsa, vurr! Keel ja keskkond\u201d. Seminari eesm\u00e4rk on tutvustada lasteaia\u00f5petajatele v\u00f5imalusi emakeelep\u00f5histe kultuuriv\u00e4\u00e4rtuste kujundamisel. Alates 2010. aastast Tartus toimuval kahep\u00e4evasel seminaril saavad traditsiooniliselt s\u00f5na teadlased, muuseumit\u00f6\u00f6tajad, kirjanikud ja alushariduse praktikud. [&hellip;]","og_url":"https:\/\/folklore.ee\/kooliparimus\/lasteaiaparimus\/lp-2018\/","og_site_name":"Koolip\u00e4rimus","article_publisher":"https:\/\/www.facebook.com\/kirjandusmuuseum","article_modified_time":"2024-11-20T08:45:41+00:00","og_image":[{"width":2200,"height":306,"url":"https:\/\/folklore.ee\/kooliparimus\/wp-content\/uploads\/2023\/05\/kaanepilt.jpg","type":"image\/jpeg"}],"twitter_card":"summary_large_image","twitter_misc":{"Est. reading time":"3 minutes"},"schema":{"@context":"https:\/\/schema.org","@graph":[{"@type":"WebPage","@id":"https:\/\/folklore.ee\/kooliparimus\/lasteaiaparimus\/lp-2018\/","url":"https:\/\/folklore.ee\/kooliparimus\/lasteaiaparimus\/lp-2018\/","name":"\u00dcle metsa, vurr! Keel ja keskkond - Koolip\u00e4rimus","isPartOf":{"@id":"https:\/\/folklore.ee\/kooliparimus\/#website"},"primaryImageOfPage":{"@id":"https:\/\/folklore.ee\/kooliparimus\/lasteaiaparimus\/lp-2018\/#primaryimage"},"image":{"@id":"https:\/\/folklore.ee\/kooliparimus\/lasteaiaparimus\/lp-2018\/#primaryimage"},"thumbnailUrl":"https:\/\/folklore.ee\/kooliparimus\/wp-content\/uploads\/2023\/05\/kaanepilt.jpg","datePublished":"2023-06-05T13:02:07+00:00","dateModified":"2024-11-20T08:45:41+00:00","breadcrumb":{"@id":"https:\/\/folklore.ee\/kooliparimus\/lasteaiaparimus\/lp-2018\/#breadcrumb"},"inLanguage":"en-US","potentialAction":[{"@type":"ReadAction","target":["https:\/\/folklore.ee\/kooliparimus\/lasteaiaparimus\/lp-2018\/"]}]},{"@type":"ImageObject","inLanguage":"en-US","@id":"https:\/\/folklore.ee\/kooliparimus\/lasteaiaparimus\/lp-2018\/#primaryimage","url":"https:\/\/folklore.ee\/kooliparimus\/wp-content\/uploads\/2023\/05\/kaanepilt.jpg","contentUrl":"https:\/\/folklore.ee\/kooliparimus\/wp-content\/uploads\/2023\/05\/kaanepilt.jpg","width":2200,"height":306},{"@type":"BreadcrumbList","@id":"https:\/\/folklore.ee\/kooliparimus\/lasteaiaparimus\/lp-2018\/#breadcrumb","itemListElement":[{"@type":"ListItem","position":1,"name":"Home","item":"https:\/\/folklore.ee\/kooliparimus\/"},{"@type":"ListItem","position":2,"name":"Lasteaiap\u00e4rimus","item":"https:\/\/folklore.ee\/kooliparimus\/lasteaiaparimus\/"},{"@type":"ListItem","position":3,"name":"\u00dcle metsa, vurr! Keel ja keskkond"}]},{"@type":"WebSite","@id":"https:\/\/folklore.ee\/kooliparimus\/#website","url":"https:\/\/folklore.ee\/kooliparimus\/","name":"Koolip\u00e4rimus","description":"Eesti Kirjandusmuuseumi kogumisp\u00e4rimuse veebikeskkond.","potentialAction":[{"@type":"SearchAction","target":{"@type":"EntryPoint","urlTemplate":"https:\/\/folklore.ee\/kooliparimus\/?s={search_term_string}"},"query-input":{"@type":"PropertyValueSpecification","valueRequired":true,"valueName":"search_term_string"}}],"inLanguage":"en-US"}]}},"_links":{"self":[{"href":"https:\/\/folklore.ee\/kooliparimus\/wp-json\/wp\/v2\/pages\/560","targetHints":{"allow":["GET"]}}],"collection":[{"href":"https:\/\/folklore.ee\/kooliparimus\/wp-json\/wp\/v2\/pages"}],"about":[{"href":"https:\/\/folklore.ee\/kooliparimus\/wp-json\/wp\/v2\/types\/page"}],"author":[{"embeddable":true,"href":"https:\/\/folklore.ee\/kooliparimus\/wp-json\/wp\/v2\/users\/1"}],"replies":[{"embeddable":true,"href":"https:\/\/folklore.ee\/kooliparimus\/wp-json\/wp\/v2\/comments?post=560"}],"version-history":[{"count":6,"href":"https:\/\/folklore.ee\/kooliparimus\/wp-json\/wp\/v2\/pages\/560\/revisions"}],"predecessor-version":[{"id":828,"href":"https:\/\/folklore.ee\/kooliparimus\/wp-json\/wp\/v2\/pages\/560\/revisions\/828"}],"up":[{"embeddable":true,"href":"https:\/\/folklore.ee\/kooliparimus\/wp-json\/wp\/v2\/pages\/38"}],"wp:featuredmedia":[{"embeddable":true,"href":"https:\/\/folklore.ee\/kooliparimus\/wp-json\/wp\/v2\/media\/12"}],"wp:attachment":[{"href":"https:\/\/folklore.ee\/kooliparimus\/wp-json\/wp\/v2\/media?parent=560"}],"curies":[{"name":"wp","href":"https:\/\/api.w.org\/{rel}","templated":true}]}}