{"id":582,"date":"2023-06-05T13:34:56","date_gmt":"2023-06-05T13:34:56","guid":{"rendered":"https:\/\/folklore.ee\/kooliparimus\/?page_id=582"},"modified":"2024-11-20T08:38:20","modified_gmt":"2024-11-20T08:38:20","slug":"lp-2021","status":"publish","type":"page","link":"https:\/\/folklore.ee\/kooliparimus\/lasteaiaparimus\/lp-2021\/","title":{"rendered":"Meie kiisul kriimud silmad: Lugev laps"},"content":{"rendered":"\n<div class=\"wp-block-buttons is-layout-flex wp-block-buttons-is-layout-flex\">\n<div class=\"wp-block-button\"><a class=\"wp-block-button__link wp-element-button\" href=\"\/kooliparimus\/lasteaiaparimus\/lp-2021\/videod\/\">Videod<\/a><\/div>\n<\/div>\n\n\n\n<p>Meie kiisul kriimud silmad ehk lugev laps<\/p>\n\n\n\n<p>7. oktoobril 2021. aastal veebikeskkonnas Teams<\/p>\n\n\n\n<p>Veebiseminari eesm\u00e4rk on tutvustada \u00f5petajatele v\u00f5imalusi emakeelep\u00f5histe kultuuriv\u00e4\u00e4rtuste kujundamisel. Seminari keskmes on eesti keel ja selle \u00f5petamine ja omandamine lasteaias ja koolis, sealhulgas lugemis- ja kirjutamisvalmiduse kujundamine (ette)lugemise ja jutustamise kaudu.<\/p>\n\n\n\n<p>Seminaril saavad traditsiooniliselt s\u00f5na teadlased, muuseumit\u00f6\u00f6tajad, kirjanikud ja alushariduse praktikud. Ettekannetes on t\u00e4helepanu all ideed ja m\u00f5tted, kuidas laste igak\u00fclgset arengut, keeleoskust ja loovust toetada.<\/p>\n\n\n\n<p>Toimuvad t\u00f6\u00f6toad, milles tutvustatakse praktilisi v\u00e4ljundeid ja \u00f5pitakse\/m\u00e4ngitakse m\u00e4nge, mille eesm\u00e4rk on omandada teadmisi selle kohta, kuidas rikastada lapse s\u00f5navara ja m\u00f5ttemaailma, \u00fchtlasi edendada eesti keele \u00f5petamist ja lugemisoskust, laste suhtlemisoskuse ja enesev\u00e4ljendamise arengut.<\/p>\n\n\n\n<p><strong>KAVA<\/strong><\/p>\n\n\n\n<p><strong>10.30 Avamine, tervituss\u00f5nad<br><\/strong>Haridus- ja Teadusministeeriumi \u00fcldharidusosakonna peaekspert Tiina Peterson<br>Eesti Kirjandusmuuseumi direktor T\u00f5nis Lukas<br>10.45\u201311.30 Jaanika Palm (Eesti Lastekirjanduse Keskus): <a href=\"\/kooliparimus\/wp-content\/uploads\/2024\/09\/jaanika_palm.pdf\" target=\"_blank\" rel=\"noreferrer noopener\">Milleks lasteaialapsele raamatud ja lugemine?<\/a><br>11.30\u201312.00 Andra K\u00fctt (Tallinna \u00dclikool): <a href=\"\/kooliparimus\/wp-content\/uploads\/2024\/09\/andra_kytt.pdf\" target=\"_blank\" rel=\"noreferrer noopener\">Kuidas on lapse loovus seotud keele arenguga?<\/a><br>12.00\u201312.30 Katre Kikas (Eesti Kirjandusmuuseum): <a href=\"\/kooliparimus\/wp-content\/uploads\/2024\/09\/katre_kikas.pdf\" target=\"_blank\" rel=\"noreferrer noopener\">Lugev laps Andrus Kivir\u00e4ha lasteraamatutes<\/a><br>12.30\u201313.00 Maili Liinev (MT\u00dc Hooling): <a href=\"\/kooliparimus\/wp-content\/uploads\/2024\/09\/maili_liinev.pdf\" target=\"_blank\" rel=\"noreferrer noopener\">Lugemispesa r\u00fchmas ja klassis \u2013 lugemisr\u00f5\u00f5mu ja -huvi tekitaja<\/a><\/p>\n\n\n\n<p><strong>13.00\u201314.00 L\u00f5una<br><\/strong>14.00\u201315.30 Kristel Kiens (Audentes): <a href=\"\/kooliparimus\/wp-content\/uploads\/2024\/09\/kristel_kiens.pdf\" target=\"_blank\" rel=\"noreferrer noopener\">Eneseteadlikkus ja eneses\u00f5bralikkus \u2013 kuidas neid ressursse endas <\/a>arendada?<\/p>\n\n\n\n<p><strong>15.30\u201315.45 Paus<\/strong><\/p>\n\n\n\n<p><strong>15.45\u201316.45 T\u00f6\u00f6toad<\/strong><\/p>\n\n\n\n<p>15.45\u201316.15 Terje Puistaja (Eesti Rahvap\u00e4rimuse Kool): <a href=\"\/kooliparimus\/wp-content\/uploads\/2024\/09\/terje_puistaja.pdf\" target=\"_blank\" rel=\"noreferrer noopener\">Viis villast, kuus kullast, seitse sulaselget: R\u00f5\u00f5m m\u00e4ngimisest, improvisatsioon ja rahvap\u00e4rimus<\/a><br>16.15\u201316.45 Virve Tuubel (Eesti Rahva Muuseum): <a href=\"\/kooliparimus\/wp-content\/uploads\/2024\/09\/virve_tuubel.pdf\" target=\"_blank\" rel=\"noreferrer noopener\">V\u00e4rvid ja v\u00e4rvis\u00f5nad rahvakultuuris, veebip\u00f5hine \u00f5ppematerjal \u201cKirju-Mirju v\u00e4rviraamat\u201d digivariant<\/a><\/p>\n\n\n\n<p><strong>16.45 \u00d5ppevahendite esitlus<br><\/strong>16.45\u201317.00 Kelly Lilles (ALPA Kids): <a href=\"\/kooliparimus\/wp-content\/uploads\/2024\/09\/ALPAKids.mp4\" target=\"_blank\" rel=\"noreferrer noopener\">Tii-tii-digi\u00f5pe. ALPA rakendus kirjutamisvalmiduse toetamisel<\/a><br><strong>17.00\u201317.15 Seminari l\u00f5petamine ja l\u00f5puarutelu<\/strong><\/p>\n\n\n\n<p>Iseseisev \u00fclesanne. Seminaril osalejal palume kirjalikult ette valmistada lehek\u00fcljepikkune lugu oma kogemustest, kuidas olete ise lastele lugemist ja lugema \u00f5ppimist atraktiivseks muutnud. Palun kirjutage, kuidas suunate lapsi raamatu juurde, milliseid raamatuid soovitate lastele. V\u00f5ite meile saata m\u00f5ne asjakohase m\u00e4ngukirjelduse, v\u00f5imalusel palun lisage nt lugemisnurga v\u00f5i -projekti pilte v\u00f5i videosalvestusi.<br>Palume vormistada iseseisev t\u00f6\u00f6 arvutifailina, lisage juurde nimi ja lasteaed ning saatke m\u00e4rks\u00f5naga &#8220;Kolleegilt kolleegile&#8221; 6. oktoobriks meiliaadressile maris@folklore.ee. Lood koondame anon\u00fc\u00fcmselt \u00fchte faili ja jagame p\u00e4rast seminari k\u00f5igile osalejatele. Teie lahkel loal s\u00e4ilitame kirjapandud lood ja lisamaterjali p\u00e4rast seminari Eesti Kirjandusmuuseumi arhiivikogus.<\/p>\n\n\n\n<p>Varasemate \u00f5ppep\u00e4evade kohta vaata <a href=\"\/kooliparimus\/lasteaiaparimus\/\">siit<\/a><\/p>\n\n\n\n<p>Veebiseminaril osalemine ja elektroonilised seminarimaterjalid on tasuta. Seminari veebilink: Liitu seminariga!.<br>Kohtade piiratud arvu t\u00f5ttu on igast lasteaiast oodatud ainult \u00fcks \u00f5petaja, soovitavalt praktik. \u00d5ppep\u00e4eva t\u00e4isprogrammi (seminaril osalemine ja iseseisva t\u00f6\u00f6 esitamine 10 tundi) l\u00e4binud saavad t\u00f5endi.<\/p>\n\n\n\n<p>Lisalinke:<br>Eesti Muuseumide Veebiv\u00e4rav: <a href=\"https:\/\/www.muis.ee\">https:\/\/www.muis.ee<\/a>; ERMi vaibakogu: <a href=\"https:\/\/vaibad.erm.ee\">https:\/\/vaibad.erm.ee<\/a><br>Seminari korraldavad Eesti Kirjandusmuuseum, Eesti Rahva Muuseum, Eesti-uuringute Tippkeskus, Haridus- ja Teadusministeerium, Ida-Virumaa Omavalitsuste Liit, Toila Lasteaed Naerumeri.<br>Seminari toetavad Haridus- ja Teadusministeeriumi Keeleprogramm 2018-2021 ja Euroopa Regionaalarengu Fond (Eesti-uuringute Tippkeskus).<\/p>\n\n\n\n<p>Info: Leena Tukkia, <a href=\"mailto:naerumeri@lasteaed.eu\">naerumeri@lasteaed.eu<\/a>; Virve Tuubel, <a href=\"mailto:Virve.Tuubel@erm.ee\">Virve.Tuubel@erm.ee<\/a>; Piret Voolaid, <a href=\"mailto:piret.voolaid@folklore.ee\">piret.voolaid@folklore.ee<\/a><\/p>\n","protected":false},"excerpt":{"rendered":"<p>Meie kiisul kriimud silmad ehk lugev laps 7. oktoobril 2021. aastal veebikeskkonnas Teams Veebiseminari eesm\u00e4rk on tutvustada \u00f5petajatele v\u00f5imalusi emakeelep\u00f5histe kultuuriv\u00e4\u00e4rtuste kujundamisel. Seminari keskmes on eesti keel ja selle \u00f5petamine ja omandamine lasteaias ja koolis, sealhulgas lugemis- ja kirjutamisvalmiduse kujundamine (ette)lugemise ja jutustamise kaudu. Seminaril saavad traditsiooniliselt s\u00f5na teadlased, muuseumit\u00f6\u00f6tajad, kirjanikud ja alushariduse praktikud. Ettekannetes [&hellip;]<\/p>\n","protected":false},"author":1,"featured_media":12,"parent":38,"menu_order":0,"comment_status":"closed","ping_status":"closed","template":"","meta":{"footnotes":""},"class_list":["post-582","page","type-page","status-publish","has-post-thumbnail","hentry"],"yoast_head":"<!-- This site is optimized with the Yoast SEO plugin v23.7 - https:\/\/yoast.com\/wordpress\/plugins\/seo\/ -->\n<title>Meie kiisul kriimud silmad: Lugev laps - Koolip\u00e4rimus<\/title>\n<meta name=\"robots\" content=\"index, follow, max-snippet:-1, max-image-preview:large, max-video-preview:-1\" \/>\n<link rel=\"canonical\" href=\"https:\/\/folklore.ee\/kooliparimus\/lasteaiaparimus\/lp-2021\/\" \/>\n<meta property=\"og:locale\" content=\"en_US\" \/>\n<meta property=\"og:type\" content=\"article\" \/>\n<meta property=\"og:title\" content=\"Meie kiisul kriimud silmad: Lugev laps - Koolip\u00e4rimus\" \/>\n<meta property=\"og:description\" content=\"Meie kiisul kriimud silmad ehk lugev laps 7. oktoobril 2021. aastal veebikeskkonnas Teams Veebiseminari eesm\u00e4rk on tutvustada \u00f5petajatele v\u00f5imalusi emakeelep\u00f5histe kultuuriv\u00e4\u00e4rtuste kujundamisel. Seminari keskmes on eesti keel ja selle \u00f5petamine ja omandamine lasteaias ja koolis, sealhulgas lugemis- ja kirjutamisvalmiduse kujundamine (ette)lugemise ja jutustamise kaudu. Seminaril saavad traditsiooniliselt s\u00f5na teadlased, muuseumit\u00f6\u00f6tajad, kirjanikud ja alushariduse praktikud. Ettekannetes [&hellip;]\" \/>\n<meta property=\"og:url\" content=\"https:\/\/folklore.ee\/kooliparimus\/lasteaiaparimus\/lp-2021\/\" \/>\n<meta property=\"og:site_name\" content=\"Koolip\u00e4rimus\" \/>\n<meta property=\"article:publisher\" content=\"https:\/\/www.facebook.com\/kirjandusmuuseum\" \/>\n<meta property=\"article:modified_time\" content=\"2024-11-20T08:38:20+00:00\" \/>\n<meta property=\"og:image\" content=\"https:\/\/folklore.ee\/kooliparimus\/wp-content\/uploads\/2023\/05\/kaanepilt.jpg\" \/>\n\t<meta property=\"og:image:width\" content=\"2200\" \/>\n\t<meta property=\"og:image:height\" content=\"306\" \/>\n\t<meta property=\"og:image:type\" content=\"image\/jpeg\" \/>\n<meta name=\"twitter:card\" content=\"summary_large_image\" \/>\n<meta name=\"twitter:label1\" content=\"Est. reading time\" \/>\n\t<meta name=\"twitter:data1\" content=\"3 minutes\" \/>\n<script type=\"application\/ld+json\" class=\"yoast-schema-graph\">{\"@context\":\"https:\/\/schema.org\",\"@graph\":[{\"@type\":\"WebPage\",\"@id\":\"https:\/\/folklore.ee\/kooliparimus\/lasteaiaparimus\/lp-2021\/\",\"url\":\"https:\/\/folklore.ee\/kooliparimus\/lasteaiaparimus\/lp-2021\/\",\"name\":\"Meie kiisul kriimud silmad: Lugev laps - Koolip\u00e4rimus\",\"isPartOf\":{\"@id\":\"https:\/\/folklore.ee\/kooliparimus\/#website\"},\"primaryImageOfPage\":{\"@id\":\"https:\/\/folklore.ee\/kooliparimus\/lasteaiaparimus\/lp-2021\/#primaryimage\"},\"image\":{\"@id\":\"https:\/\/folklore.ee\/kooliparimus\/lasteaiaparimus\/lp-2021\/#primaryimage\"},\"thumbnailUrl\":\"https:\/\/folklore.ee\/kooliparimus\/wp-content\/uploads\/2023\/05\/kaanepilt.jpg\",\"datePublished\":\"2023-06-05T13:34:56+00:00\",\"dateModified\":\"2024-11-20T08:38:20+00:00\",\"breadcrumb\":{\"@id\":\"https:\/\/folklore.ee\/kooliparimus\/lasteaiaparimus\/lp-2021\/#breadcrumb\"},\"inLanguage\":\"en-US\",\"potentialAction\":[{\"@type\":\"ReadAction\",\"target\":[\"https:\/\/folklore.ee\/kooliparimus\/lasteaiaparimus\/lp-2021\/\"]}]},{\"@type\":\"ImageObject\",\"inLanguage\":\"en-US\",\"@id\":\"https:\/\/folklore.ee\/kooliparimus\/lasteaiaparimus\/lp-2021\/#primaryimage\",\"url\":\"https:\/\/folklore.ee\/kooliparimus\/wp-content\/uploads\/2023\/05\/kaanepilt.jpg\",\"contentUrl\":\"https:\/\/folklore.ee\/kooliparimus\/wp-content\/uploads\/2023\/05\/kaanepilt.jpg\",\"width\":2200,\"height\":306},{\"@type\":\"BreadcrumbList\",\"@id\":\"https:\/\/folklore.ee\/kooliparimus\/lasteaiaparimus\/lp-2021\/#breadcrumb\",\"itemListElement\":[{\"@type\":\"ListItem\",\"position\":1,\"name\":\"Home\",\"item\":\"https:\/\/folklore.ee\/kooliparimus\/\"},{\"@type\":\"ListItem\",\"position\":2,\"name\":\"Lasteaiap\u00e4rimus\",\"item\":\"https:\/\/folklore.ee\/kooliparimus\/lasteaiaparimus\/\"},{\"@type\":\"ListItem\",\"position\":3,\"name\":\"Meie kiisul kriimud silmad: Lugev laps\"}]},{\"@type\":\"WebSite\",\"@id\":\"https:\/\/folklore.ee\/kooliparimus\/#website\",\"url\":\"https:\/\/folklore.ee\/kooliparimus\/\",\"name\":\"Koolip\u00e4rimus\",\"description\":\"Eesti Kirjandusmuuseumi kogumisp\u00e4rimuse veebikeskkond.\",\"potentialAction\":[{\"@type\":\"SearchAction\",\"target\":{\"@type\":\"EntryPoint\",\"urlTemplate\":\"https:\/\/folklore.ee\/kooliparimus\/?s={search_term_string}\"},\"query-input\":{\"@type\":\"PropertyValueSpecification\",\"valueRequired\":true,\"valueName\":\"search_term_string\"}}],\"inLanguage\":\"en-US\"}]}<\/script>\n<!-- \/ Yoast SEO plugin. -->","yoast_head_json":{"title":"Meie kiisul kriimud silmad: Lugev laps - Koolip\u00e4rimus","robots":{"index":"index","follow":"follow","max-snippet":"max-snippet:-1","max-image-preview":"max-image-preview:large","max-video-preview":"max-video-preview:-1"},"canonical":"https:\/\/folklore.ee\/kooliparimus\/lasteaiaparimus\/lp-2021\/","og_locale":"en_US","og_type":"article","og_title":"Meie kiisul kriimud silmad: Lugev laps - Koolip\u00e4rimus","og_description":"Meie kiisul kriimud silmad ehk lugev laps 7. oktoobril 2021. aastal veebikeskkonnas Teams Veebiseminari eesm\u00e4rk on tutvustada \u00f5petajatele v\u00f5imalusi emakeelep\u00f5histe kultuuriv\u00e4\u00e4rtuste kujundamisel. Seminari keskmes on eesti keel ja selle \u00f5petamine ja omandamine lasteaias ja koolis, sealhulgas lugemis- ja kirjutamisvalmiduse kujundamine (ette)lugemise ja jutustamise kaudu. Seminaril saavad traditsiooniliselt s\u00f5na teadlased, muuseumit\u00f6\u00f6tajad, kirjanikud ja alushariduse praktikud. Ettekannetes [&hellip;]","og_url":"https:\/\/folklore.ee\/kooliparimus\/lasteaiaparimus\/lp-2021\/","og_site_name":"Koolip\u00e4rimus","article_publisher":"https:\/\/www.facebook.com\/kirjandusmuuseum","article_modified_time":"2024-11-20T08:38:20+00:00","og_image":[{"width":2200,"height":306,"url":"https:\/\/folklore.ee\/kooliparimus\/wp-content\/uploads\/2023\/05\/kaanepilt.jpg","type":"image\/jpeg"}],"twitter_card":"summary_large_image","twitter_misc":{"Est. reading time":"3 minutes"},"schema":{"@context":"https:\/\/schema.org","@graph":[{"@type":"WebPage","@id":"https:\/\/folklore.ee\/kooliparimus\/lasteaiaparimus\/lp-2021\/","url":"https:\/\/folklore.ee\/kooliparimus\/lasteaiaparimus\/lp-2021\/","name":"Meie kiisul kriimud silmad: Lugev laps - Koolip\u00e4rimus","isPartOf":{"@id":"https:\/\/folklore.ee\/kooliparimus\/#website"},"primaryImageOfPage":{"@id":"https:\/\/folklore.ee\/kooliparimus\/lasteaiaparimus\/lp-2021\/#primaryimage"},"image":{"@id":"https:\/\/folklore.ee\/kooliparimus\/lasteaiaparimus\/lp-2021\/#primaryimage"},"thumbnailUrl":"https:\/\/folklore.ee\/kooliparimus\/wp-content\/uploads\/2023\/05\/kaanepilt.jpg","datePublished":"2023-06-05T13:34:56+00:00","dateModified":"2024-11-20T08:38:20+00:00","breadcrumb":{"@id":"https:\/\/folklore.ee\/kooliparimus\/lasteaiaparimus\/lp-2021\/#breadcrumb"},"inLanguage":"en-US","potentialAction":[{"@type":"ReadAction","target":["https:\/\/folklore.ee\/kooliparimus\/lasteaiaparimus\/lp-2021\/"]}]},{"@type":"ImageObject","inLanguage":"en-US","@id":"https:\/\/folklore.ee\/kooliparimus\/lasteaiaparimus\/lp-2021\/#primaryimage","url":"https:\/\/folklore.ee\/kooliparimus\/wp-content\/uploads\/2023\/05\/kaanepilt.jpg","contentUrl":"https:\/\/folklore.ee\/kooliparimus\/wp-content\/uploads\/2023\/05\/kaanepilt.jpg","width":2200,"height":306},{"@type":"BreadcrumbList","@id":"https:\/\/folklore.ee\/kooliparimus\/lasteaiaparimus\/lp-2021\/#breadcrumb","itemListElement":[{"@type":"ListItem","position":1,"name":"Home","item":"https:\/\/folklore.ee\/kooliparimus\/"},{"@type":"ListItem","position":2,"name":"Lasteaiap\u00e4rimus","item":"https:\/\/folklore.ee\/kooliparimus\/lasteaiaparimus\/"},{"@type":"ListItem","position":3,"name":"Meie kiisul kriimud silmad: Lugev laps"}]},{"@type":"WebSite","@id":"https:\/\/folklore.ee\/kooliparimus\/#website","url":"https:\/\/folklore.ee\/kooliparimus\/","name":"Koolip\u00e4rimus","description":"Eesti Kirjandusmuuseumi kogumisp\u00e4rimuse veebikeskkond.","potentialAction":[{"@type":"SearchAction","target":{"@type":"EntryPoint","urlTemplate":"https:\/\/folklore.ee\/kooliparimus\/?s={search_term_string}"},"query-input":{"@type":"PropertyValueSpecification","valueRequired":true,"valueName":"search_term_string"}}],"inLanguage":"en-US"}]}},"_links":{"self":[{"href":"https:\/\/folklore.ee\/kooliparimus\/wp-json\/wp\/v2\/pages\/582","targetHints":{"allow":["GET"]}}],"collection":[{"href":"https:\/\/folklore.ee\/kooliparimus\/wp-json\/wp\/v2\/pages"}],"about":[{"href":"https:\/\/folklore.ee\/kooliparimus\/wp-json\/wp\/v2\/types\/page"}],"author":[{"embeddable":true,"href":"https:\/\/folklore.ee\/kooliparimus\/wp-json\/wp\/v2\/users\/1"}],"replies":[{"embeddable":true,"href":"https:\/\/folklore.ee\/kooliparimus\/wp-json\/wp\/v2\/comments?post=582"}],"version-history":[{"count":6,"href":"https:\/\/folklore.ee\/kooliparimus\/wp-json\/wp\/v2\/pages\/582\/revisions"}],"predecessor-version":[{"id":825,"href":"https:\/\/folklore.ee\/kooliparimus\/wp-json\/wp\/v2\/pages\/582\/revisions\/825"}],"up":[{"embeddable":true,"href":"https:\/\/folklore.ee\/kooliparimus\/wp-json\/wp\/v2\/pages\/38"}],"wp:featuredmedia":[{"embeddable":true,"href":"https:\/\/folklore.ee\/kooliparimus\/wp-json\/wp\/v2\/media\/12"}],"wp:attachment":[{"href":"https:\/\/folklore.ee\/kooliparimus\/wp-json\/wp\/v2\/media?parent=582"}],"curies":[{"name":"wp","href":"https:\/\/api.w.org\/{rel}","templated":true}]}}