{"id":586,"date":"2023-06-05T13:38:27","date_gmt":"2023-06-05T13:38:27","guid":{"rendered":"https:\/\/folklore.ee\/kooliparimus\/?page_id=586"},"modified":"2024-11-20T08:37:07","modified_gmt":"2024-11-20T08:37:07","slug":"lp-2022","status":"publish","type":"page","link":"https:\/\/folklore.ee\/kooliparimus\/lasteaiaparimus\/lp-2022\/","title":{"rendered":"Hariv aed: \u00d5ues\u00f5ppest keele- ja k\u00f5ne\u00f5ppeni"},"content":{"rendered":"\n<div class=\"wp-block-buttons is-layout-flex wp-block-buttons-is-layout-flex\">\n<div class=\"wp-block-button\"><a class=\"wp-block-button__link wp-element-button\" href=\"\/kooliparimus\/lasteaiaparimus\/lp-2022\/videod\/\">Videod<\/a><\/div>\n<\/div>\n\n\n\n<p>6. oktoobril 2022. aastal veebikeskkonnas Teams<\/p>\n\n\n\n<p>Veebiseminari eesm\u00e4rk on tutvustada \u00f5petajatele v\u00f5imalusi emakeelep\u00f5histe kultuuriv\u00e4\u00e4rtuste kujundamisel. Seminari keskmes on eesti keel ja selle \u00f5petamine ja omandamine lasteaias, sealhulgas k\u00f5nelemis- ja kirjutamisvalmiduse kujundamine erinevate \u00f5ppetehnikate abil. P\u00f5hjalikumalt k\u00e4sitletakse sel aastal keele- ja k\u00f5ne\u00f5ppe ning \u00f5ues\u00f5ppe seoseid.<\/p>\n\n\n\n<p>Iga-aastasel seminaril saavad traditsiooniliselt s\u00f5na teadlased, muuseumit\u00f6\u00f6tajad, kirjanikud ja alushariduse praktikud. Ettekannetes on t\u00e4helepanu all ideed ja m\u00f5tted, kuidas laste igak\u00fclgset arengut, keeleoskust ja loovust harivalt toetada.<\/p>\n\n\n\n<p>Toimuvad t\u00f6\u00f6toad, milles tutvustatakse praktilisi v\u00e4ljundeid ja \u00f5pitakse\/m\u00e4ngitakse m\u00e4nge eesm\u00e4rgiga rikastada lapse s\u00f5navara ja m\u00f5ttemaailma, \u00fchtlasi edendada eesti keele \u00f5petamist ja lugemisoskust, laste suhtlemisoskuse ja enesev\u00e4ljendamise arengut.<\/p>\n\n\n\n<p><strong>KAVA<\/strong><\/p>\n\n\n\n<p><strong>10.00 Avamine, tervituss\u00f5nad<br><\/strong>Haridus- ja Teadusministeeriumi \u00fcldharidusosakonna peaekspert Tiina Peterson<br>Eesti Kirjandusmuuseumi direktori \u00fclesannetes Merike Kiipus<br>10.15\u201311.00 Lehte Tuuling (Tartu \u00dclikooli Narva Kolled\u017e): <a href=\"\/kooliparimus\/wp-content\/uploads\/2024\/09\/lehte_tuuling.pdf\" target=\"_blank\" rel=\"noreferrer noopener\">\u00d5u annab s\u00f5nadele t\u00e4henduse<\/a><br>11.00\u201311.30 Astrid Tuisk (Eesti Kirjandusmuuseum): <a href=\"\/kooliparimus\/wp-content\/uploads\/2024\/09\/astrid_tuisk.pdf\" target=\"_blank\" rel=\"noreferrer noopener\">K\u00fclavainult 21. sajandisse &#8211; unustatud ja meeles peetud \u00f5uem\u00e4ngud<\/a><br>11.30\u201312.00 Imbi Pajula (Tallinna Liivam\u00e4e Lasteaed): <a href=\"\/kooliparimus\/wp-content\/uploads\/2024\/09\/imbi_pajula.pdf\" target=\"_blank\" rel=\"noreferrer noopener\">100 meetrit harivat aeda<\/a><br>12.00\u201312.30 Ene Kruzman (Kohtla-J\u00e4rve Tarekese lasteaed): <a href=\"\/kooliparimus\/wp-content\/uploads\/2024\/09\/ene_kruzman.pdf\" target=\"_blank\" rel=\"noreferrer noopener\">\u00d5ues\u00f5ppe ja keele\u00f5ppe kombineerimine l\u00f5imingu kontekstis \u2013 \u00f5ues\u00f5pe ja keele\u00f5pe<\/a><\/p>\n\n\n\n<p><strong>12.30\u201313.30 L\u00f5una<br><\/strong>13.30\u201314.30 Kristina M\u00e4gi, Liis Lee (Kohila lasteaed Sipsik): <a href=\"\/kooliparimus\/wp-content\/uploads\/2024\/09\/kristina_magi.pdf\" target=\"_blank\" rel=\"noreferrer noopener\">Tulevikuoskuste kujunemise toetamine lasteaias<\/a><\/p>\n\n\n\n<p><strong>14.30\u201314.45 Sirutuspaus<\/strong><\/p>\n\n\n\n<p><strong>14.45\u201316.15 T\u00f6\u00f6toad<\/strong><\/p>\n\n\n\n<p>14.45\u201315.30 Aive Kaldra (Tarvastu Kool): <a href=\"\/kooliparimus\/wp-content\/uploads\/2024\/09\/aive_kaldra.pdf\" target=\"_blank\" rel=\"noreferrer noopener\">Rollim\u00e4ngude \u00f5pituba<\/a><br>15.30\u201316.15 Virve Tuubel (Eesti Rahva Muuseum): <a href=\"\/kooliparimus\/wp-content\/uploads\/2024\/09\/virve_tuubel-1.pdf\" target=\"_blank\" rel=\"noreferrer noopener\">Harivad aiad l\u00e4bi aegade<\/a><\/p>\n\n\n\n<p><strong>16.15-16.45 \u00d5ppevahendite esitlus.<br><\/strong>16.15\u201316.45 Pille Arnek (Kirjastus Avita): <a href=\"\/kooliparimus\/wp-content\/uploads\/2024\/09\/pille_arnek.pdf\" target=\"_blank\" rel=\"noreferrer noopener\">Kirjastus Avita digi\u00f5ppevahenditest lasteaiaealistele<\/a><br><strong>16.45\u201317.00 Seminari l\u00f5petamine ja l\u00f5puarutelu<\/strong><\/p>\n\n\n\n<p><strong>Iseseisev \u00fclesanne.<\/strong> Seminaril osalejal palume kirjalikult ette valmistada lehek\u00fcljepikkune lugu oma \u00f5ues\u00f5ppe kogemustest, kuidas olete \u00f5ues\u00f5pet sidunud k\u00f5ne- ja keele\u00f5ppega. V\u00f5ite meile saata m\u00f5ne asjakohase m\u00e4ngukirjelduse. Kirjeldage palun, kui palju antakse lapsele loovalt aega m\u00e4ngimiseks, ka ise uusi m\u00e4nge v\u00e4lja m\u00f5elda. Kuidas \u00f5uekeskkond inspireerib ja toetab \u00f5pet? Milliseid keelelisi ja meelelisi l\u00e4henemisviise v\u00f5imaldab? V\u00f5imalusel palun lisage nt \u00f5ues\u00f5ppe pilte v\u00f5i videosalvestusi.<br>Palume vormistada iseseisev t\u00f6\u00f6 arvutifailina, lisage juurde nimi ja lasteaed ning saatke m\u00e4rks\u00f5naga &#8220;Kolleegilt kolleegile&#8221; 5. oktoobriks meiliaadressile <a href=\"mailto:maris@folklore.ee\">maris@folklore.ee<\/a>. Lood koondame anon\u00fc\u00fcmselt \u00fchte faili ja jagame p\u00e4rast seminari k\u00f5igile osalejatele. Teie lahkel loal s\u00e4ilitame kirjapandud lood ja lisamaterjali p\u00e4rast seminari Eesti Kirjandusmuuseumi arhiivikogus.<\/p>\n\n\n\n<p>Varasemate \u00f5ppep\u00e4evade kohta vaata <a href=\"\/kooliparimus\/lasteaiaparimus\/\">siit<\/a><\/p>\n\n\n\n<p>Veebiseminaril osalemine ja elektroonilised seminarimaterjalid on tasuta. Seminari veebilink: Liitu seminariga!.<\/p>\n\n\n\n<p>Palume soovijatel registreeruda veebivormi kaudu <a href=\"https:\/\/docs.google.com\/forms\/d\/e\/1FAIpQLSf2X5RRFGJpuN8Mnk5wgTxKKRt6WHlIISYxNCwwia1IlOQ6IQ\/viewform\">https:\/\/docs.google.com\/forms\/d\/e\/1FAIpQLSf2X5RRFGJpuN8Mnk5wgTxKKRt6WHlIISYxNCwwia1IlOQ6IQ\/viewform<\/a>. Registreerimisvorm on avatud kohtade t\u00e4itumiseni.<\/p>\n\n\n\n<p>Kohtade piiratud arvu t\u00f5ttu on igast lasteaiast oodatud ainult \u00fcks \u00f5petaja, soovitavalt praktik. \u00d5ppep\u00e4eva t\u00e4isprogrammi (seminaril osalemine ja iseseisva t\u00f6\u00f6 esitamine 10 tundi) l\u00e4binud saavad t\u00f5endi.<\/p>\n\n\n\n<p>Lisalinke:<br>Eesti Muuseumide Veebiv\u00e4rav: <a href=\"https:\/\/www.muis.ee\">https:\/\/www.muis.ee<\/a>; ERMi vaibakogu: <a href=\"https:\/\/vaibad.erm.ee\">https:\/\/vaibad.erm.ee<\/a><br>Seminari korraldavad Eesti Kirjandusmuuseum, Eesti Rahva Muuseum, Eesti-uuringute Tippkeskus, Haridus- ja Teadusministeerium, Ida-Virumaa Omavalitsuste Liit, Toila Lasteaed Naerumeri.<br>Seminari toetavad Haridus- ja Teadusministeeriumi Keeleprogramm 2018-2021 ja Euroopa Regionaalarengu Fond (Eesti-uuringute Tippkeskus).<\/p>\n\n\n\n<p>Info: Leena Tukkia, <a href=\"mailto:naerumeri@lasteaed.eu\">naerumeri@lasteaed.eu<\/a>; Virve Tuubel, <a href=\"mailto:Virve.Tuubel@erm.ee\">Virve.Tuubel@erm.ee<\/a>; Piret Voolaid, <a href=\"mailto:piret.voolaid@folklore.ee\">piret.voolaid@folklore.ee<\/a><\/p>\n","protected":false},"excerpt":{"rendered":"<p>6. oktoobril 2022. aastal veebikeskkonnas Teams Veebiseminari eesm\u00e4rk on tutvustada \u00f5petajatele v\u00f5imalusi emakeelep\u00f5histe kultuuriv\u00e4\u00e4rtuste kujundamisel. Seminari keskmes on eesti keel ja selle \u00f5petamine ja omandamine lasteaias, sealhulgas k\u00f5nelemis- ja kirjutamisvalmiduse kujundamine erinevate \u00f5ppetehnikate abil. P\u00f5hjalikumalt k\u00e4sitletakse sel aastal keele- ja k\u00f5ne\u00f5ppe ning \u00f5ues\u00f5ppe seoseid. Iga-aastasel seminaril saavad traditsiooniliselt s\u00f5na teadlased, muuseumit\u00f6\u00f6tajad, kirjanikud ja alushariduse praktikud. [&hellip;]<\/p>\n","protected":false},"author":1,"featured_media":12,"parent":38,"menu_order":0,"comment_status":"closed","ping_status":"closed","template":"","meta":{"footnotes":""},"class_list":["post-586","page","type-page","status-publish","has-post-thumbnail","hentry"],"yoast_head":"<!-- This site is optimized with the Yoast SEO plugin v23.7 - https:\/\/yoast.com\/wordpress\/plugins\/seo\/ -->\n<title>Hariv aed: \u00d5ues\u00f5ppest keele- ja k\u00f5ne\u00f5ppeni - Koolip\u00e4rimus<\/title>\n<meta name=\"robots\" content=\"index, follow, max-snippet:-1, max-image-preview:large, max-video-preview:-1\" \/>\n<link rel=\"canonical\" href=\"https:\/\/folklore.ee\/kooliparimus\/lasteaiaparimus\/lp-2022\/\" \/>\n<meta property=\"og:locale\" content=\"en_US\" \/>\n<meta property=\"og:type\" content=\"article\" \/>\n<meta property=\"og:title\" content=\"Hariv aed: \u00d5ues\u00f5ppest keele- ja k\u00f5ne\u00f5ppeni - Koolip\u00e4rimus\" \/>\n<meta property=\"og:description\" content=\"6. oktoobril 2022. aastal veebikeskkonnas Teams Veebiseminari eesm\u00e4rk on tutvustada \u00f5petajatele v\u00f5imalusi emakeelep\u00f5histe kultuuriv\u00e4\u00e4rtuste kujundamisel. Seminari keskmes on eesti keel ja selle \u00f5petamine ja omandamine lasteaias, sealhulgas k\u00f5nelemis- ja kirjutamisvalmiduse kujundamine erinevate \u00f5ppetehnikate abil. P\u00f5hjalikumalt k\u00e4sitletakse sel aastal keele- ja k\u00f5ne\u00f5ppe ning \u00f5ues\u00f5ppe seoseid. Iga-aastasel seminaril saavad traditsiooniliselt s\u00f5na teadlased, muuseumit\u00f6\u00f6tajad, kirjanikud ja alushariduse praktikud. [&hellip;]\" \/>\n<meta property=\"og:url\" content=\"https:\/\/folklore.ee\/kooliparimus\/lasteaiaparimus\/lp-2022\/\" \/>\n<meta property=\"og:site_name\" content=\"Koolip\u00e4rimus\" \/>\n<meta property=\"article:publisher\" content=\"https:\/\/www.facebook.com\/kirjandusmuuseum\" \/>\n<meta property=\"article:modified_time\" content=\"2024-11-20T08:37:07+00:00\" \/>\n<meta property=\"og:image\" content=\"https:\/\/folklore.ee\/kooliparimus\/wp-content\/uploads\/2023\/05\/kaanepilt.jpg\" \/>\n\t<meta property=\"og:image:width\" content=\"2200\" \/>\n\t<meta property=\"og:image:height\" content=\"306\" \/>\n\t<meta property=\"og:image:type\" content=\"image\/jpeg\" \/>\n<meta name=\"twitter:card\" content=\"summary_large_image\" \/>\n<meta name=\"twitter:label1\" content=\"Est. reading time\" \/>\n\t<meta name=\"twitter:data1\" content=\"3 minutes\" \/>\n<script type=\"application\/ld+json\" class=\"yoast-schema-graph\">{\"@context\":\"https:\/\/schema.org\",\"@graph\":[{\"@type\":\"WebPage\",\"@id\":\"https:\/\/folklore.ee\/kooliparimus\/lasteaiaparimus\/lp-2022\/\",\"url\":\"https:\/\/folklore.ee\/kooliparimus\/lasteaiaparimus\/lp-2022\/\",\"name\":\"Hariv aed: \u00d5ues\u00f5ppest keele- ja k\u00f5ne\u00f5ppeni - Koolip\u00e4rimus\",\"isPartOf\":{\"@id\":\"https:\/\/folklore.ee\/kooliparimus\/#website\"},\"primaryImageOfPage\":{\"@id\":\"https:\/\/folklore.ee\/kooliparimus\/lasteaiaparimus\/lp-2022\/#primaryimage\"},\"image\":{\"@id\":\"https:\/\/folklore.ee\/kooliparimus\/lasteaiaparimus\/lp-2022\/#primaryimage\"},\"thumbnailUrl\":\"https:\/\/folklore.ee\/kooliparimus\/wp-content\/uploads\/2023\/05\/kaanepilt.jpg\",\"datePublished\":\"2023-06-05T13:38:27+00:00\",\"dateModified\":\"2024-11-20T08:37:07+00:00\",\"breadcrumb\":{\"@id\":\"https:\/\/folklore.ee\/kooliparimus\/lasteaiaparimus\/lp-2022\/#breadcrumb\"},\"inLanguage\":\"en-US\",\"potentialAction\":[{\"@type\":\"ReadAction\",\"target\":[\"https:\/\/folklore.ee\/kooliparimus\/lasteaiaparimus\/lp-2022\/\"]}]},{\"@type\":\"ImageObject\",\"inLanguage\":\"en-US\",\"@id\":\"https:\/\/folklore.ee\/kooliparimus\/lasteaiaparimus\/lp-2022\/#primaryimage\",\"url\":\"https:\/\/folklore.ee\/kooliparimus\/wp-content\/uploads\/2023\/05\/kaanepilt.jpg\",\"contentUrl\":\"https:\/\/folklore.ee\/kooliparimus\/wp-content\/uploads\/2023\/05\/kaanepilt.jpg\",\"width\":2200,\"height\":306},{\"@type\":\"BreadcrumbList\",\"@id\":\"https:\/\/folklore.ee\/kooliparimus\/lasteaiaparimus\/lp-2022\/#breadcrumb\",\"itemListElement\":[{\"@type\":\"ListItem\",\"position\":1,\"name\":\"Home\",\"item\":\"https:\/\/folklore.ee\/kooliparimus\/\"},{\"@type\":\"ListItem\",\"position\":2,\"name\":\"Lasteaiap\u00e4rimus\",\"item\":\"https:\/\/folklore.ee\/kooliparimus\/lasteaiaparimus\/\"},{\"@type\":\"ListItem\",\"position\":3,\"name\":\"Hariv aed: \u00d5ues\u00f5ppest keele- ja k\u00f5ne\u00f5ppeni\"}]},{\"@type\":\"WebSite\",\"@id\":\"https:\/\/folklore.ee\/kooliparimus\/#website\",\"url\":\"https:\/\/folklore.ee\/kooliparimus\/\",\"name\":\"Koolip\u00e4rimus\",\"description\":\"Eesti Kirjandusmuuseumi kogumisp\u00e4rimuse veebikeskkond.\",\"potentialAction\":[{\"@type\":\"SearchAction\",\"target\":{\"@type\":\"EntryPoint\",\"urlTemplate\":\"https:\/\/folklore.ee\/kooliparimus\/?s={search_term_string}\"},\"query-input\":{\"@type\":\"PropertyValueSpecification\",\"valueRequired\":true,\"valueName\":\"search_term_string\"}}],\"inLanguage\":\"en-US\"}]}<\/script>\n<!-- \/ Yoast SEO plugin. -->","yoast_head_json":{"title":"Hariv aed: \u00d5ues\u00f5ppest keele- ja k\u00f5ne\u00f5ppeni - Koolip\u00e4rimus","robots":{"index":"index","follow":"follow","max-snippet":"max-snippet:-1","max-image-preview":"max-image-preview:large","max-video-preview":"max-video-preview:-1"},"canonical":"https:\/\/folklore.ee\/kooliparimus\/lasteaiaparimus\/lp-2022\/","og_locale":"en_US","og_type":"article","og_title":"Hariv aed: \u00d5ues\u00f5ppest keele- ja k\u00f5ne\u00f5ppeni - Koolip\u00e4rimus","og_description":"6. oktoobril 2022. aastal veebikeskkonnas Teams Veebiseminari eesm\u00e4rk on tutvustada \u00f5petajatele v\u00f5imalusi emakeelep\u00f5histe kultuuriv\u00e4\u00e4rtuste kujundamisel. Seminari keskmes on eesti keel ja selle \u00f5petamine ja omandamine lasteaias, sealhulgas k\u00f5nelemis- ja kirjutamisvalmiduse kujundamine erinevate \u00f5ppetehnikate abil. P\u00f5hjalikumalt k\u00e4sitletakse sel aastal keele- ja k\u00f5ne\u00f5ppe ning \u00f5ues\u00f5ppe seoseid. Iga-aastasel seminaril saavad traditsiooniliselt s\u00f5na teadlased, muuseumit\u00f6\u00f6tajad, kirjanikud ja alushariduse praktikud. [&hellip;]","og_url":"https:\/\/folklore.ee\/kooliparimus\/lasteaiaparimus\/lp-2022\/","og_site_name":"Koolip\u00e4rimus","article_publisher":"https:\/\/www.facebook.com\/kirjandusmuuseum","article_modified_time":"2024-11-20T08:37:07+00:00","og_image":[{"width":2200,"height":306,"url":"https:\/\/folklore.ee\/kooliparimus\/wp-content\/uploads\/2023\/05\/kaanepilt.jpg","type":"image\/jpeg"}],"twitter_card":"summary_large_image","twitter_misc":{"Est. reading time":"3 minutes"},"schema":{"@context":"https:\/\/schema.org","@graph":[{"@type":"WebPage","@id":"https:\/\/folklore.ee\/kooliparimus\/lasteaiaparimus\/lp-2022\/","url":"https:\/\/folklore.ee\/kooliparimus\/lasteaiaparimus\/lp-2022\/","name":"Hariv aed: \u00d5ues\u00f5ppest keele- ja k\u00f5ne\u00f5ppeni - Koolip\u00e4rimus","isPartOf":{"@id":"https:\/\/folklore.ee\/kooliparimus\/#website"},"primaryImageOfPage":{"@id":"https:\/\/folklore.ee\/kooliparimus\/lasteaiaparimus\/lp-2022\/#primaryimage"},"image":{"@id":"https:\/\/folklore.ee\/kooliparimus\/lasteaiaparimus\/lp-2022\/#primaryimage"},"thumbnailUrl":"https:\/\/folklore.ee\/kooliparimus\/wp-content\/uploads\/2023\/05\/kaanepilt.jpg","datePublished":"2023-06-05T13:38:27+00:00","dateModified":"2024-11-20T08:37:07+00:00","breadcrumb":{"@id":"https:\/\/folklore.ee\/kooliparimus\/lasteaiaparimus\/lp-2022\/#breadcrumb"},"inLanguage":"en-US","potentialAction":[{"@type":"ReadAction","target":["https:\/\/folklore.ee\/kooliparimus\/lasteaiaparimus\/lp-2022\/"]}]},{"@type":"ImageObject","inLanguage":"en-US","@id":"https:\/\/folklore.ee\/kooliparimus\/lasteaiaparimus\/lp-2022\/#primaryimage","url":"https:\/\/folklore.ee\/kooliparimus\/wp-content\/uploads\/2023\/05\/kaanepilt.jpg","contentUrl":"https:\/\/folklore.ee\/kooliparimus\/wp-content\/uploads\/2023\/05\/kaanepilt.jpg","width":2200,"height":306},{"@type":"BreadcrumbList","@id":"https:\/\/folklore.ee\/kooliparimus\/lasteaiaparimus\/lp-2022\/#breadcrumb","itemListElement":[{"@type":"ListItem","position":1,"name":"Home","item":"https:\/\/folklore.ee\/kooliparimus\/"},{"@type":"ListItem","position":2,"name":"Lasteaiap\u00e4rimus","item":"https:\/\/folklore.ee\/kooliparimus\/lasteaiaparimus\/"},{"@type":"ListItem","position":3,"name":"Hariv aed: \u00d5ues\u00f5ppest keele- ja k\u00f5ne\u00f5ppeni"}]},{"@type":"WebSite","@id":"https:\/\/folklore.ee\/kooliparimus\/#website","url":"https:\/\/folklore.ee\/kooliparimus\/","name":"Koolip\u00e4rimus","description":"Eesti Kirjandusmuuseumi kogumisp\u00e4rimuse veebikeskkond.","potentialAction":[{"@type":"SearchAction","target":{"@type":"EntryPoint","urlTemplate":"https:\/\/folklore.ee\/kooliparimus\/?s={search_term_string}"},"query-input":{"@type":"PropertyValueSpecification","valueRequired":true,"valueName":"search_term_string"}}],"inLanguage":"en-US"}]}},"_links":{"self":[{"href":"https:\/\/folklore.ee\/kooliparimus\/wp-json\/wp\/v2\/pages\/586","targetHints":{"allow":["GET"]}}],"collection":[{"href":"https:\/\/folklore.ee\/kooliparimus\/wp-json\/wp\/v2\/pages"}],"about":[{"href":"https:\/\/folklore.ee\/kooliparimus\/wp-json\/wp\/v2\/types\/page"}],"author":[{"embeddable":true,"href":"https:\/\/folklore.ee\/kooliparimus\/wp-json\/wp\/v2\/users\/1"}],"replies":[{"embeddable":true,"href":"https:\/\/folklore.ee\/kooliparimus\/wp-json\/wp\/v2\/comments?post=586"}],"version-history":[{"count":4,"href":"https:\/\/folklore.ee\/kooliparimus\/wp-json\/wp\/v2\/pages\/586\/revisions"}],"predecessor-version":[{"id":824,"href":"https:\/\/folklore.ee\/kooliparimus\/wp-json\/wp\/v2\/pages\/586\/revisions\/824"}],"up":[{"embeddable":true,"href":"https:\/\/folklore.ee\/kooliparimus\/wp-json\/wp\/v2\/pages\/38"}],"wp:featuredmedia":[{"embeddable":true,"href":"https:\/\/folklore.ee\/kooliparimus\/wp-json\/wp\/v2\/media\/12"}],"wp:attachment":[{"href":"https:\/\/folklore.ee\/kooliparimus\/wp-json\/wp\/v2\/media?parent=586"}],"curies":[{"name":"wp","href":"https:\/\/api.w.org\/{rel}","templated":true}]}}