{"id":591,"date":"2023-06-05T13:42:35","date_gmt":"2023-06-05T13:42:35","guid":{"rendered":"https:\/\/folklore.ee\/kooliparimus\/?page_id=591"},"modified":"2024-11-20T06:54:00","modified_gmt":"2024-11-20T06:54:00","slug":"lp-2023","status":"publish","type":"page","link":"https:\/\/folklore.ee\/kooliparimus\/lasteaiaparimus\/lp-2023\/","title":{"rendered":"\u00dchte l\u00e4hvad meie h\u00e4\u00e4led, meie h\u00e4\u00e4led, meie meeled. Koos\u00f5ppimisest \u00fchise kultuurip\u00e4randini"},"content":{"rendered":"<div class=\"wp-block-image\">\n<figure class=\"aligncenter size-full\"><img loading=\"lazy\" decoding=\"async\" width=\"679\" height=\"452\" src=\"http:\/\/localhost\/kooliparimus\/wp-content\/uploads\/2024\/09\/lp2023.jpg\" alt=\"\" class=\"wp-image-770\" srcset=\"https:\/\/folklore.ee\/kooliparimus\/wp-content\/uploads\/2024\/09\/lp2023.jpg 679w, https:\/\/folklore.ee\/kooliparimus\/wp-content\/uploads\/2024\/09\/lp2023-300x200.jpg 300w\" sizes=\"auto, (max-width: 679px) 100vw, 679px\" \/><\/figure>\n<\/div>\n\n\n<p class=\"has-text-align-center\"><strong>Lasteaia- ja p\u00f5hikooli esimese astme \u00f5petajate eesti keele seminar<br>19.-20. oktoober 2023 Narva-J\u00f5esuus (Meresuu Spa &amp; Hotel)<\/strong><\/p>\n\n\n\n<h2 class=\"wp-block-heading has-text-align-center\"><strong>\u201e\u00dchte l\u00e4hvad meie h\u00e4\u00e4led, meie h\u00e4\u00e4led, meie meeled. Koos\u00f5ppimisest \u00fchise kultuurip\u00e4randini\u201c<\/strong><\/h2>\n\n\n\n<p>19.-20. oktoober 2023<\/p>\n\n\n\n<p>Seminari eesm\u00e4rk on tutvustada \u00f5petajatele v\u00f5imalusi emakeelep\u00f5histe kultuuriv\u00e4\u00e4rtuste kujundamisel. Seminari keskmes on eesti keel ja selle \u00f5petamine ja omandamine lasteaias, sealhulgas k\u00f5nelemis- ja kirjutamisvalmiduse kujundamine erinevate \u00f5ppetehnikate abil.<\/p>\n\n\n\n<p>Iga-aastasel seminaril saavad traditsiooniliselt s\u00f5na teadlased, muuseumit\u00f6\u00f6tajad, kirjanikud ja alushariduse praktikud. Ettekannetes on t\u00e4helepanu all ideed ja m\u00f5tted, kuidas laste igak\u00fclgset arengut, keeleoskust ja loovust harivalt toetada.<\/p>\n\n\n\n<p>Toimuvad t\u00f6\u00f6toad, milles tutvustatakse praktilisi v\u00e4ljundeid ja \u00f5pitakse\/m\u00e4ngitakse m\u00e4nge eesm\u00e4rgiga rikastada lapse s\u00f5navara ja m\u00f5ttemaailma, \u00fchtlasi edendada eesti keele \u00f5petamist ja lugemisoskust, laste suhtlemisoskuse ja enesev\u00e4ljendamise arengut.<\/p>\n\n\n\n<p><a href=\"\/kooliparimus\/wp-content\/uploads\/2024\/09\/kava2023.pdf\" target=\"_blank\" rel=\"noreferrer noopener\">2023. aaasta seminari kava (pdf)<\/a><\/p>\n\n\n\n<ol start=\"2023\" class=\"wp-block-list\">\n<li><\/li>\n<\/ol>\n\n\n\n<p>Seminari korraldavad Haridus- ja Teadusministeerium, Eesti Kirjandusmuuseum, Eesti Rahva Muuseum ja Ida-Virumaa Omavalitsuste Liit. Seminari toetab Haridus- ja Teadusministeerium.<br>Seminari eesm\u00e4rk on tutvustada lasteaia\u00f5petajatele v\u00f5imalusi emakeelep\u00f5histe kultuuriv\u00e4\u00e4rtuste kujundamisel. Seminari keskmes on eesti keel ja selle \u00f5petamine ja omandamine lasteaias. 2023. aasta seminari l\u00e4bivaks teemaks on koostegutsemine ja koos\u00f5ppimine. Seminaril saavad s\u00f5na teadlased, muuseumit\u00f6\u00f6tajad, aga ka kirjanik, toimuvad praktilised t\u00f6\u00f6toad.<br>Lasteaia\u00f5petajate eelt\u00f6\u00f6 seminariks: palume viieminutilist tutvustust oma lapsep\u00f5lvest. Meenuta armsaid inimesi, juhtumusi ja lugusid, v\u00f5ta kaasa m\u00f5ni ese, n\u00e4iteks foto, lemmikraamat v\u00f5i -m\u00e4nguasi, mida saad teistele n\u00e4idata ja mis Sinu lugu ilmestab.<\/p>\n\n\n\n<p><strong>Neljap\u00e4ev, 19. oktoober 2023<\/strong><\/p>\n\n\n\n<p>10.30 Registreerumine, tervituskohv<br>11.00 Avamine, tervituss\u00f5nad: <strong><a href=\"\/kooliparimus\/wp-content\/uploads\/2024\/09\/Avamine_Yhtelaulmine.pdf\" target=\"_blank\" rel=\"noreferrer noopener\">avamine ja \u00fchtelaulmine<\/a>.<\/strong><br>Maila Rajamets (Haridus- ja Teadusministeeriumi alushariduse valdkonna juht)<br>Piret Voolaid (Eesti Kirjandusmuuseumi direktor)<br>11.15 \u2013 13.15 Ettekanded<br>11.15 \u2013 12.15 Tiina Peterson (Haridus- ja Teadusministeerium): <a href=\"\/kooliparimus\/wp-content\/uploads\/2024\/09\/Peterson_Koosoppimine.pdf\" target=\"_blank\" rel=\"noreferrer noopener\">Koos\u00f5ppimine, praktikad Eestis ja rahvusvaheliselt<\/a>. <strong>Koos\u00f5ppimine, praktikad Eestis ja rahvusvaheliselt.<\/strong><br>12.15 \u2013 12.45 Maia Alumaa (Kose-Uuem\u00f5isa Lasteaed-Kool): <a href=\"\/kooliparimus\/wp-content\/uploads\/2024\/09\/Alumaa_Vaartuskommunikatsioon.pdf\" target=\"_blank\" rel=\"noreferrer noopener\">V\u00e4\u00e4rtuskommunikatsiooni meetodite kasutamine lasteaias<\/a>. <strong>V\u00e4\u00e4rtuskommunikatsiooni meetodite kasutamine lasteaias.<\/strong><br>12.45 \u2013 13.15 Virve Tuubel (Eesti Rahva Muuseum) <strong><a href=\"\/kooliparimus\/wp-content\/uploads\/2024\/09\/Tuubel_Koosoppimine_muuseumis.pdf\" target=\"_blank\" rel=\"noreferrer noopener\">Koos\u00f5ppimine muuseumiga<\/a>.<\/strong><br>13.15 \u2013 14.30 L\u00f5una<br>14.30 \u2013 15.30 Ettekanded<br>14.30 \u2013 15.30 Aivar Haller (Eesti Lastevanemate Liit) <strong><a href=\"\/kooliparimus\/wp-content\/uploads\/2024\/09\/Haller_usalduslikud_suhted.pdf\" target=\"_blank\" rel=\"noreferrer noopener\">Usalduslike isiklike suhete loomine ja hoidmine<\/a>.<\/strong> Usalduslike isiklike suhete loomine ja hoidmine.<br>15.30 \u2013 16.00 T\u00f6\u00f6toad vahetustega. Seminaril osalejatel on v\u00f5imalik osaleda igas t\u00f6\u00f6toas pool tundi.<\/p>\n\n\n\n<ol class=\"wp-block-list\">\n<li>Mathilda Matjus jt <strong><a href=\"\/kooliparimus\/wp-content\/uploads\/2024\/09\/Tootuba_Matjus_mangud-tantsud.pdf\" target=\"_blank\" rel=\"noreferrer noopener\">\u201eP\u00e4rimuslikud m\u00e4ngud ja tantsud\u201c<\/a><\/strong><\/li>\n\n\n\n<li>Virve Tuubel<a href=\"\/kooliparimus\/wp-content\/uploads\/2024\/09\/Tuubel_tootuba_Kapitekstid.pdf\" target=\"_blank\" rel=\"noreferrer noopener\"> <strong>\u201cViie kodu lood\u201d<\/strong><\/a>. <a href=\"\/kooliparimus\/lasteaiaparimus\/uhte-lahvad-meie-haaled\/galerii\/\">Galerii<\/a><\/li>\n\n\n\n<li>Astrid Tuisk <a href=\"\/kooliparimus\/wp-content\/uploads\/2024\/09\/Tootuba_Tuisk_Lugusid-lapsepolvest.pdf\" target=\"_blank\" rel=\"noreferrer noopener\"><strong>\u201cLugusid lapsep\u00f5lvest\u201d<\/strong><\/a><\/li>\n\n\n\n<li>Aivar Haller \u201cEnesekehtestamise meistriklass\u201d<\/li>\n<\/ol>\n\n\n\n<p>16.00 \u2013 16.30 Kohvipaus<br>16.30 \u2013 18.00 T\u00f6\u00f6toad j\u00e4tkuvad<br>18.00 \u00d5htus\u00f6\u00f6k<\/p>\n\n\n\n<p><strong>Reede, 20. oktoober 2023<\/strong><\/p>\n\n\n\n<p>9.00 \u2013 11.00 Eelmise p\u00e4eva t\u00f6\u00f6tubade teemade m\u00f5testamine ja kokkuv\u00f5tted maailmakohviku p\u00f5him\u00f5ttel. Mida saan \u00f5pitust edaspidi rakendada ja r\u00f5\u00f5mud ning mured sellega seoses. Seminaril osalejatel on v\u00f5imalik osaleda igas t\u00f6\u00f6toas pool tundi.<\/p>\n\n\n\n<ol class=\"wp-block-list\">\n<li>Mathilda Matjus jt \u201eP\u00e4rimuslikud m\u00e4ngud ja tantsud\u201c<\/li>\n\n\n\n<li>Virve Tuubel \u201cViie kodu lood\u201d<\/li>\n\n\n\n<li>Astrid Tuisk \u201cLugusid lapsep\u00f5lvest\u201d<\/li>\n\n\n\n<li>Leena Tukkia \u201eEnesekehtestamise meistriklass\u201c<\/li>\n<\/ol>\n\n\n\n<p>11.00 \u2013 12.00 Kohtumine kirjanikuga \u2013 Wimberg ehk Jaak Urmet<\/p>\n\n\n\n<figure class=\"wp-block-image size-large is-resized\"><img loading=\"lazy\" decoding=\"async\" width=\"1024\" height=\"576\" src=\"http:\/\/localhost\/kooliparimus\/wp-content\/uploads\/2024\/09\/Wimbergi_tutvust_raamatud-1024x576.jpg\" alt=\"\" class=\"wp-image-780\" style=\"width:478px;height:auto\" srcset=\"https:\/\/folklore.ee\/kooliparimus\/wp-content\/uploads\/2024\/09\/Wimbergi_tutvust_raamatud-1024x576.jpg 1024w, https:\/\/folklore.ee\/kooliparimus\/wp-content\/uploads\/2024\/09\/Wimbergi_tutvust_raamatud-300x169.jpg 300w, https:\/\/folklore.ee\/kooliparimus\/wp-content\/uploads\/2024\/09\/Wimbergi_tutvust_raamatud-768x432.jpg 768w, https:\/\/folklore.ee\/kooliparimus\/wp-content\/uploads\/2024\/09\/Wimbergi_tutvust_raamatud-1536x864.jpg 1536w, https:\/\/folklore.ee\/kooliparimus\/wp-content\/uploads\/2024\/09\/Wimbergi_tutvust_raamatud-2048x1152.jpg 2048w\" sizes=\"auto, (max-width: 1024px) 100vw, 1024px\" \/><\/figure>\n\n\n\n<p>12.00 \u2013 12.15 Jalasirutuspaus<br>12.15 \u2013 13.15 T\u00f6\u00f6tubade kokkuv\u00f5tted, l\u00f5puarutelu, t\u00e4nus\u00f5nad ja tunnistused<br>13.15 \u2013 14.15 L\u00f5una<br>14.15 Kodutee<\/p>\n\n\n\n<p>Varasemate \u00f5ppep\u00e4evade kohta vt <a href=\"\/kooliparimus\/lasteaiaparimus\/\">siit<\/a>.<\/p>\n\n\n\n<hr class=\"wp-block-separator has-alpha-channel-opacity\"\/>\n\n\n\n<p>Seminaril osalemine ja elektroonilised seminarimaterjalid on tasuta.<\/p>\n\n\n\n<p>Kohtade piiratud arvu t\u00f5ttu on igast lasteaiast oodatud ainult \u00fcks \u00f5petaja, soovitavalt praktik. \u00d5ppep\u00e4eva t\u00e4isprogrammi (seminaril osalemine ja iseseisva t\u00f6\u00f6 esitamine 10 tundi) l\u00e4binud saavad t\u00f5endi.<br><br>Info ja korraldajad:<br>Tiina Peterson, <a href=\"mailto:tiina.peterson@hm.ee\">tiina.peterson@hm.ee<\/a>; Astrid Tuisk, <a href=\"mailto:astrid.tuisk@folklore.ee\">astrid.tuisk@folklore.ee<\/a>;<br>Leena Tukkia, <a href=\"mailto:naerumeri@lasteaed.eu\">naerumeri@lasteaed.eu<\/a>; Virve Tuubel, <a href=\"mailto:Virve.Tuubel@erm.ee\">Virve.Tuubel@erm.ee<\/a>.<\/p>\n","protected":false},"excerpt":{"rendered":"<p>Lasteaia- ja p\u00f5hikooli esimese astme \u00f5petajate eesti keele seminar19.-20. oktoober 2023 Narva-J\u00f5esuus (Meresuu Spa &amp; Hotel) \u201e\u00dchte l\u00e4hvad meie h\u00e4\u00e4led, meie h\u00e4\u00e4led, meie meeled. Koos\u00f5ppimisest \u00fchise kultuurip\u00e4randini\u201c 19.-20. oktoober 2023 Seminari eesm\u00e4rk on tutvustada \u00f5petajatele v\u00f5imalusi emakeelep\u00f5histe kultuuriv\u00e4\u00e4rtuste kujundamisel. Seminari keskmes on eesti keel ja selle \u00f5petamine ja omandamine lasteaias, sealhulgas k\u00f5nelemis- ja kirjutamisvalmiduse kujundamine [&hellip;]<\/p>\n","protected":false},"author":1,"featured_media":12,"parent":38,"menu_order":0,"comment_status":"closed","ping_status":"closed","template":"","meta":{"footnotes":""},"class_list":["post-591","page","type-page","status-publish","has-post-thumbnail","hentry"],"yoast_head":"<!-- This site is optimized with the Yoast SEO plugin v23.7 - https:\/\/yoast.com\/wordpress\/plugins\/seo\/ -->\n<title>\u00dchte l\u00e4hvad meie h\u00e4\u00e4led, meie h\u00e4\u00e4led, meie meeled. Koos\u00f5ppimisest \u00fchise kultuurip\u00e4randini - Koolip\u00e4rimus<\/title>\n<meta name=\"robots\" content=\"index, follow, max-snippet:-1, max-image-preview:large, max-video-preview:-1\" \/>\n<link rel=\"canonical\" href=\"https:\/\/folklore.ee\/kooliparimus\/lasteaiaparimus\/lp-2023\/\" \/>\n<meta property=\"og:locale\" content=\"en_US\" \/>\n<meta property=\"og:type\" content=\"article\" \/>\n<meta property=\"og:title\" content=\"\u00dchte l\u00e4hvad meie h\u00e4\u00e4led, meie h\u00e4\u00e4led, meie meeled. Koos\u00f5ppimisest \u00fchise kultuurip\u00e4randini - Koolip\u00e4rimus\" \/>\n<meta property=\"og:description\" content=\"Lasteaia- ja p\u00f5hikooli esimese astme \u00f5petajate eesti keele seminar19.-20. oktoober 2023 Narva-J\u00f5esuus (Meresuu Spa &amp; Hotel) \u201e\u00dchte l\u00e4hvad meie h\u00e4\u00e4led, meie h\u00e4\u00e4led, meie meeled. Koos\u00f5ppimisest \u00fchise kultuurip\u00e4randini\u201c 19.-20. oktoober 2023 Seminari eesm\u00e4rk on tutvustada \u00f5petajatele v\u00f5imalusi emakeelep\u00f5histe kultuuriv\u00e4\u00e4rtuste kujundamisel. Seminari keskmes on eesti keel ja selle \u00f5petamine ja omandamine lasteaias, sealhulgas k\u00f5nelemis- ja kirjutamisvalmiduse kujundamine [&hellip;]\" \/>\n<meta property=\"og:url\" content=\"https:\/\/folklore.ee\/kooliparimus\/lasteaiaparimus\/lp-2023\/\" \/>\n<meta property=\"og:site_name\" content=\"Koolip\u00e4rimus\" \/>\n<meta property=\"article:publisher\" content=\"https:\/\/www.facebook.com\/kirjandusmuuseum\" \/>\n<meta property=\"article:modified_time\" content=\"2024-11-20T06:54:00+00:00\" \/>\n<meta property=\"og:image\" content=\"https:\/\/folklore.ee\/kooliparimus\/wp-content\/uploads\/2023\/05\/kaanepilt.jpg\" \/>\n\t<meta property=\"og:image:width\" content=\"2200\" \/>\n\t<meta property=\"og:image:height\" content=\"306\" \/>\n\t<meta property=\"og:image:type\" content=\"image\/jpeg\" \/>\n<meta name=\"twitter:card\" content=\"summary_large_image\" \/>\n<meta name=\"twitter:label1\" content=\"Est. reading time\" \/>\n\t<meta name=\"twitter:data1\" content=\"3 minutes\" \/>\n<script type=\"application\/ld+json\" class=\"yoast-schema-graph\">{\"@context\":\"https:\/\/schema.org\",\"@graph\":[{\"@type\":\"WebPage\",\"@id\":\"https:\/\/folklore.ee\/kooliparimus\/lasteaiaparimus\/lp-2023\/\",\"url\":\"https:\/\/folklore.ee\/kooliparimus\/lasteaiaparimus\/lp-2023\/\",\"name\":\"\u00dchte l\u00e4hvad meie h\u00e4\u00e4led, meie h\u00e4\u00e4led, meie meeled. Koos\u00f5ppimisest \u00fchise kultuurip\u00e4randini - Koolip\u00e4rimus\",\"isPartOf\":{\"@id\":\"https:\/\/folklore.ee\/kooliparimus\/#website\"},\"primaryImageOfPage\":{\"@id\":\"https:\/\/folklore.ee\/kooliparimus\/lasteaiaparimus\/lp-2023\/#primaryimage\"},\"image\":{\"@id\":\"https:\/\/folklore.ee\/kooliparimus\/lasteaiaparimus\/lp-2023\/#primaryimage\"},\"thumbnailUrl\":\"https:\/\/folklore.ee\/kooliparimus\/wp-content\/uploads\/2023\/05\/kaanepilt.jpg\",\"datePublished\":\"2023-06-05T13:42:35+00:00\",\"dateModified\":\"2024-11-20T06:54:00+00:00\",\"breadcrumb\":{\"@id\":\"https:\/\/folklore.ee\/kooliparimus\/lasteaiaparimus\/lp-2023\/#breadcrumb\"},\"inLanguage\":\"en-US\",\"potentialAction\":[{\"@type\":\"ReadAction\",\"target\":[\"https:\/\/folklore.ee\/kooliparimus\/lasteaiaparimus\/lp-2023\/\"]}]},{\"@type\":\"ImageObject\",\"inLanguage\":\"en-US\",\"@id\":\"https:\/\/folklore.ee\/kooliparimus\/lasteaiaparimus\/lp-2023\/#primaryimage\",\"url\":\"https:\/\/folklore.ee\/kooliparimus\/wp-content\/uploads\/2023\/05\/kaanepilt.jpg\",\"contentUrl\":\"https:\/\/folklore.ee\/kooliparimus\/wp-content\/uploads\/2023\/05\/kaanepilt.jpg\",\"width\":2200,\"height\":306},{\"@type\":\"BreadcrumbList\",\"@id\":\"https:\/\/folklore.ee\/kooliparimus\/lasteaiaparimus\/lp-2023\/#breadcrumb\",\"itemListElement\":[{\"@type\":\"ListItem\",\"position\":1,\"name\":\"Home\",\"item\":\"https:\/\/folklore.ee\/kooliparimus\/\"},{\"@type\":\"ListItem\",\"position\":2,\"name\":\"Lasteaiap\u00e4rimus\",\"item\":\"https:\/\/folklore.ee\/kooliparimus\/lasteaiaparimus\/\"},{\"@type\":\"ListItem\",\"position\":3,\"name\":\"\u00dchte l\u00e4hvad meie h\u00e4\u00e4led, meie h\u00e4\u00e4led, meie meeled. Koos\u00f5ppimisest \u00fchise kultuurip\u00e4randini\"}]},{\"@type\":\"WebSite\",\"@id\":\"https:\/\/folklore.ee\/kooliparimus\/#website\",\"url\":\"https:\/\/folklore.ee\/kooliparimus\/\",\"name\":\"Koolip\u00e4rimus\",\"description\":\"Eesti Kirjandusmuuseumi kogumisp\u00e4rimuse veebikeskkond.\",\"potentialAction\":[{\"@type\":\"SearchAction\",\"target\":{\"@type\":\"EntryPoint\",\"urlTemplate\":\"https:\/\/folklore.ee\/kooliparimus\/?s={search_term_string}\"},\"query-input\":{\"@type\":\"PropertyValueSpecification\",\"valueRequired\":true,\"valueName\":\"search_term_string\"}}],\"inLanguage\":\"en-US\"}]}<\/script>\n<!-- \/ Yoast SEO plugin. -->","yoast_head_json":{"title":"\u00dchte l\u00e4hvad meie h\u00e4\u00e4led, meie h\u00e4\u00e4led, meie meeled. Koos\u00f5ppimisest \u00fchise kultuurip\u00e4randini - Koolip\u00e4rimus","robots":{"index":"index","follow":"follow","max-snippet":"max-snippet:-1","max-image-preview":"max-image-preview:large","max-video-preview":"max-video-preview:-1"},"canonical":"https:\/\/folklore.ee\/kooliparimus\/lasteaiaparimus\/lp-2023\/","og_locale":"en_US","og_type":"article","og_title":"\u00dchte l\u00e4hvad meie h\u00e4\u00e4led, meie h\u00e4\u00e4led, meie meeled. Koos\u00f5ppimisest \u00fchise kultuurip\u00e4randini - Koolip\u00e4rimus","og_description":"Lasteaia- ja p\u00f5hikooli esimese astme \u00f5petajate eesti keele seminar19.-20. oktoober 2023 Narva-J\u00f5esuus (Meresuu Spa &amp; Hotel) \u201e\u00dchte l\u00e4hvad meie h\u00e4\u00e4led, meie h\u00e4\u00e4led, meie meeled. Koos\u00f5ppimisest \u00fchise kultuurip\u00e4randini\u201c 19.-20. oktoober 2023 Seminari eesm\u00e4rk on tutvustada \u00f5petajatele v\u00f5imalusi emakeelep\u00f5histe kultuuriv\u00e4\u00e4rtuste kujundamisel. Seminari keskmes on eesti keel ja selle \u00f5petamine ja omandamine lasteaias, sealhulgas k\u00f5nelemis- ja kirjutamisvalmiduse kujundamine [&hellip;]","og_url":"https:\/\/folklore.ee\/kooliparimus\/lasteaiaparimus\/lp-2023\/","og_site_name":"Koolip\u00e4rimus","article_publisher":"https:\/\/www.facebook.com\/kirjandusmuuseum","article_modified_time":"2024-11-20T06:54:00+00:00","og_image":[{"width":2200,"height":306,"url":"https:\/\/folklore.ee\/kooliparimus\/wp-content\/uploads\/2023\/05\/kaanepilt.jpg","type":"image\/jpeg"}],"twitter_card":"summary_large_image","twitter_misc":{"Est. reading time":"3 minutes"},"schema":{"@context":"https:\/\/schema.org","@graph":[{"@type":"WebPage","@id":"https:\/\/folklore.ee\/kooliparimus\/lasteaiaparimus\/lp-2023\/","url":"https:\/\/folklore.ee\/kooliparimus\/lasteaiaparimus\/lp-2023\/","name":"\u00dchte l\u00e4hvad meie h\u00e4\u00e4led, meie h\u00e4\u00e4led, meie meeled. Koos\u00f5ppimisest \u00fchise kultuurip\u00e4randini - Koolip\u00e4rimus","isPartOf":{"@id":"https:\/\/folklore.ee\/kooliparimus\/#website"},"primaryImageOfPage":{"@id":"https:\/\/folklore.ee\/kooliparimus\/lasteaiaparimus\/lp-2023\/#primaryimage"},"image":{"@id":"https:\/\/folklore.ee\/kooliparimus\/lasteaiaparimus\/lp-2023\/#primaryimage"},"thumbnailUrl":"https:\/\/folklore.ee\/kooliparimus\/wp-content\/uploads\/2023\/05\/kaanepilt.jpg","datePublished":"2023-06-05T13:42:35+00:00","dateModified":"2024-11-20T06:54:00+00:00","breadcrumb":{"@id":"https:\/\/folklore.ee\/kooliparimus\/lasteaiaparimus\/lp-2023\/#breadcrumb"},"inLanguage":"en-US","potentialAction":[{"@type":"ReadAction","target":["https:\/\/folklore.ee\/kooliparimus\/lasteaiaparimus\/lp-2023\/"]}]},{"@type":"ImageObject","inLanguage":"en-US","@id":"https:\/\/folklore.ee\/kooliparimus\/lasteaiaparimus\/lp-2023\/#primaryimage","url":"https:\/\/folklore.ee\/kooliparimus\/wp-content\/uploads\/2023\/05\/kaanepilt.jpg","contentUrl":"https:\/\/folklore.ee\/kooliparimus\/wp-content\/uploads\/2023\/05\/kaanepilt.jpg","width":2200,"height":306},{"@type":"BreadcrumbList","@id":"https:\/\/folklore.ee\/kooliparimus\/lasteaiaparimus\/lp-2023\/#breadcrumb","itemListElement":[{"@type":"ListItem","position":1,"name":"Home","item":"https:\/\/folklore.ee\/kooliparimus\/"},{"@type":"ListItem","position":2,"name":"Lasteaiap\u00e4rimus","item":"https:\/\/folklore.ee\/kooliparimus\/lasteaiaparimus\/"},{"@type":"ListItem","position":3,"name":"\u00dchte l\u00e4hvad meie h\u00e4\u00e4led, meie h\u00e4\u00e4led, meie meeled. Koos\u00f5ppimisest \u00fchise kultuurip\u00e4randini"}]},{"@type":"WebSite","@id":"https:\/\/folklore.ee\/kooliparimus\/#website","url":"https:\/\/folklore.ee\/kooliparimus\/","name":"Koolip\u00e4rimus","description":"Eesti Kirjandusmuuseumi kogumisp\u00e4rimuse veebikeskkond.","potentialAction":[{"@type":"SearchAction","target":{"@type":"EntryPoint","urlTemplate":"https:\/\/folklore.ee\/kooliparimus\/?s={search_term_string}"},"query-input":{"@type":"PropertyValueSpecification","valueRequired":true,"valueName":"search_term_string"}}],"inLanguage":"en-US"}]}},"_links":{"self":[{"href":"https:\/\/folklore.ee\/kooliparimus\/wp-json\/wp\/v2\/pages\/591","targetHints":{"allow":["GET"]}}],"collection":[{"href":"https:\/\/folklore.ee\/kooliparimus\/wp-json\/wp\/v2\/pages"}],"about":[{"href":"https:\/\/folklore.ee\/kooliparimus\/wp-json\/wp\/v2\/types\/page"}],"author":[{"embeddable":true,"href":"https:\/\/folklore.ee\/kooliparimus\/wp-json\/wp\/v2\/users\/1"}],"replies":[{"embeddable":true,"href":"https:\/\/folklore.ee\/kooliparimus\/wp-json\/wp\/v2\/comments?post=591"}],"version-history":[{"count":11,"href":"https:\/\/folklore.ee\/kooliparimus\/wp-json\/wp\/v2\/pages\/591\/revisions"}],"predecessor-version":[{"id":817,"href":"https:\/\/folklore.ee\/kooliparimus\/wp-json\/wp\/v2\/pages\/591\/revisions\/817"}],"up":[{"embeddable":true,"href":"https:\/\/folklore.ee\/kooliparimus\/wp-json\/wp\/v2\/pages\/38"}],"wp:featuredmedia":[{"embeddable":true,"href":"https:\/\/folklore.ee\/kooliparimus\/wp-json\/wp\/v2\/media\/12"}],"wp:attachment":[{"href":"https:\/\/folklore.ee\/kooliparimus\/wp-json\/wp\/v2\/media?parent=591"}],"curies":[{"name":"wp","href":"https:\/\/api.w.org\/{rel}","templated":true}]}}