{"id":663,"date":"2023-06-06T14:33:28","date_gmt":"2023-06-06T14:33:28","guid":{"rendered":"https:\/\/folklore.ee\/kooliparimus\/?page_id=663"},"modified":"2023-06-06T14:33:28","modified_gmt":"2023-06-06T14:33:28","slug":"videod","status":"publish","type":"page","link":"https:\/\/folklore.ee\/kooliparimus\/lasteaiaparimus\/lp-2020\/videod\/","title":{"rendered":"Videod"},"content":{"rendered":"\n<p class=\"has-text-align-center\">7. oktoobril 2020. aastal veebikeskkonnas<\/p>\n\n\n\n<div class=\"wp-block-columns is-layout-flex wp-container-core-columns-is-layout-9d6595d7 wp-block-columns-is-layout-flex\">\n<div class=\"wp-block-column is-layout-flow wp-block-column-is-layout-flow\">\n<div class=\"wp-block-columns is-layout-flex wp-container-core-columns-is-layout-9d6595d7 wp-block-columns-is-layout-flex\">\n<div class=\"wp-block-column is-layout-flow wp-block-column-is-layout-flow\" style=\"flex-basis:33.33%\"><\/div>\n\n\n\n<div class=\"wp-block-column is-layout-flow wp-block-column-is-layout-flow\" style=\"flex-basis:66.66%\">\n<figure class=\"wp-block-image size-large\"><a href=\"\/kooliparimus\/wp-content\/uploads\/2023\/06\/avamine-1.mp4\" target=\"_blank\" rel=\"noreferrer noopener\"><img loading=\"lazy\" decoding=\"async\" width=\"1024\" height=\"620\" src=\"http:\/\/localhost\/kooliparimus\/wp-content\/uploads\/2023\/06\/avamine-1-1024x620.jpg\" alt=\"\" class=\"wp-image-664\" srcset=\"https:\/\/folklore.ee\/kooliparimus\/wp-content\/uploads\/2023\/06\/avamine-1-1024x620.jpg 1024w, https:\/\/folklore.ee\/kooliparimus\/wp-content\/uploads\/2023\/06\/avamine-1-300x181.jpg 300w, https:\/\/folklore.ee\/kooliparimus\/wp-content\/uploads\/2023\/06\/avamine-1-768x465.jpg 768w, https:\/\/folklore.ee\/kooliparimus\/wp-content\/uploads\/2023\/06\/avamine-1.jpg 1281w\" sizes=\"auto, (max-width: 1024px) 100vw, 1024px\" \/><\/a><figcaption class=\"wp-element-caption\">Avamine<\/figcaption><\/figure>\n<\/div>\n<\/div>\n<\/div>\n\n\n\n<div class=\"wp-block-column is-layout-flow wp-block-column-is-layout-flow\">\n<div class=\"wp-block-columns is-layout-flex wp-container-core-columns-is-layout-9d6595d7 wp-block-columns-is-layout-flex\">\n<div class=\"wp-block-column is-layout-flow wp-block-column-is-layout-flow\" style=\"flex-basis:66.66%\">\n<figure class=\"wp-block-image size-large\"><a href=\"\/kooliparimus\/wp-content\/uploads\/2023\/06\/Lasteaed_Pille_Lille.mp4\" target=\"_blank\" rel=\"noreferrer noopener\"><img loading=\"lazy\" decoding=\"async\" width=\"1024\" height=\"576\" src=\"http:\/\/localhost\/kooliparimus\/wp-content\/uploads\/2023\/06\/Lasteaed_Pille_Lille-1024x576.jpg\" alt=\"\" class=\"wp-image-665\" srcset=\"https:\/\/folklore.ee\/kooliparimus\/wp-content\/uploads\/2023\/06\/Lasteaed_Pille_Lille-1024x576.jpg 1024w, https:\/\/folklore.ee\/kooliparimus\/wp-content\/uploads\/2023\/06\/Lasteaed_Pille_Lille-300x169.jpg 300w, https:\/\/folklore.ee\/kooliparimus\/wp-content\/uploads\/2023\/06\/Lasteaed_Pille_Lille-768x432.jpg 768w, https:\/\/folklore.ee\/kooliparimus\/wp-content\/uploads\/2023\/06\/Lasteaed_Pille_Lille-1536x864.jpg 1536w, https:\/\/folklore.ee\/kooliparimus\/wp-content\/uploads\/2023\/06\/Lasteaed_Pille_Lille.jpg 1920w\" sizes=\"auto, (max-width: 1024px) 100vw, 1024px\" \/><\/a><figcaption class=\"wp-element-caption\">Pille Lille<\/figcaption><\/figure>\n<\/div>\n\n\n\n<div class=\"wp-block-column is-layout-flow wp-block-column-is-layout-flow\" style=\"flex-basis:33.33%\"><\/div>\n<\/div>\n<\/div>\n<\/div>\n\n\n\n<div class=\"wp-block-columns is-layout-flex wp-container-core-columns-is-layout-9d6595d7 wp-block-columns-is-layout-flex\">\n<div class=\"wp-block-column is-layout-flow wp-block-column-is-layout-flow\">\n<div class=\"wp-block-columns is-layout-flex wp-container-core-columns-is-layout-9d6595d7 wp-block-columns-is-layout-flex\">\n<div class=\"wp-block-column is-layout-flow wp-block-column-is-layout-flow\" style=\"flex-basis:33.33%\"><\/div>\n\n\n\n<div class=\"wp-block-column is-layout-flow wp-block-column-is-layout-flow\" style=\"flex-basis:66.66%\">\n<figure class=\"wp-block-image size-large\"><a href=\"\/kooliparimus\/wp-content\/uploads\/2023\/06\/salmitraditsioon.mp4\" target=\"_blank\" rel=\"noreferrer noopener\"><img loading=\"lazy\" decoding=\"async\" width=\"1024\" height=\"688\" src=\"http:\/\/localhost\/kooliparimus\/wp-content\/uploads\/2023\/06\/salmitraditsioon-1024x688.jpg\" alt=\"\" class=\"wp-image-666\" srcset=\"https:\/\/folklore.ee\/kooliparimus\/wp-content\/uploads\/2023\/06\/salmitraditsioon-1024x688.jpg 1024w, https:\/\/folklore.ee\/kooliparimus\/wp-content\/uploads\/2023\/06\/salmitraditsioon-300x202.jpg 300w, https:\/\/folklore.ee\/kooliparimus\/wp-content\/uploads\/2023\/06\/salmitraditsioon-768x516.jpg 768w, https:\/\/folklore.ee\/kooliparimus\/wp-content\/uploads\/2023\/06\/salmitraditsioon.jpg 1272w\" sizes=\"auto, (max-width: 1024px) 100vw, 1024px\" \/><\/a><figcaption class=\"wp-element-caption\">Piret Voolaid<\/figcaption><\/figure>\n<\/div>\n<\/div>\n<\/div>\n\n\n\n<div class=\"wp-block-column is-layout-flow wp-block-column-is-layout-flow\">\n<div class=\"wp-block-columns is-layout-flex wp-container-core-columns-is-layout-9d6595d7 wp-block-columns-is-layout-flex\">\n<div class=\"wp-block-column is-layout-flow wp-block-column-is-layout-flow\" style=\"flex-basis:66.66%\">\n<figure class=\"wp-block-image size-large\"><a href=\"\/kooliparimus\/wp-content\/uploads\/2023\/06\/toila.mp4\" target=\"_blank\" rel=\"noreferrer noopener\"><img loading=\"lazy\" decoding=\"async\" width=\"1024\" height=\"607\" src=\"http:\/\/localhost\/kooliparimus\/wp-content\/uploads\/2023\/06\/toila-1024x607.jpg\" alt=\"\" class=\"wp-image-667\" srcset=\"https:\/\/folklore.ee\/kooliparimus\/wp-content\/uploads\/2023\/06\/toila-1024x607.jpg 1024w, https:\/\/folklore.ee\/kooliparimus\/wp-content\/uploads\/2023\/06\/toila-300x178.jpg 300w, https:\/\/folklore.ee\/kooliparimus\/wp-content\/uploads\/2023\/06\/toila-768x455.jpg 768w, https:\/\/folklore.ee\/kooliparimus\/wp-content\/uploads\/2023\/06\/toila.jpg 1276w\" sizes=\"auto, (max-width: 1024px) 100vw, 1024px\" \/><\/a><figcaption class=\"wp-element-caption\">Kerda Eiert<\/figcaption><\/figure>\n<\/div>\n\n\n\n<div class=\"wp-block-column is-layout-flow wp-block-column-is-layout-flow\" style=\"flex-basis:33.33%\"><\/div>\n<\/div>\n<\/div>\n<\/div>\n\n\n\n<div class=\"wp-block-columns is-layout-flex wp-container-core-columns-is-layout-9d6595d7 wp-block-columns-is-layout-flex\">\n<div class=\"wp-block-column is-layout-flow wp-block-column-is-layout-flow\">\n<div class=\"wp-block-columns is-layout-flex wp-container-core-columns-is-layout-9d6595d7 wp-block-columns-is-layout-flex\">\n<div class=\"wp-block-column is-layout-flow wp-block-column-is-layout-flow\" style=\"flex-basis:33.33%\"><\/div>\n\n\n\n<div class=\"wp-block-column is-layout-flow wp-block-column-is-layout-flow\" style=\"flex-basis:66.66%\">\n<figure class=\"wp-block-image size-large\"><a href=\"\/kooliparimus\/wp-content\/uploads\/2023\/06\/opituba1.mp4\" target=\"_blank\" rel=\"noreferrer noopener\"><img loading=\"lazy\" decoding=\"async\" width=\"1024\" height=\"585\" src=\"http:\/\/localhost\/kooliparimus\/wp-content\/uploads\/2023\/06\/opituba1-1024x585.jpg\" alt=\"\" class=\"wp-image-668\" srcset=\"https:\/\/folklore.ee\/kooliparimus\/wp-content\/uploads\/2023\/06\/opituba1-1024x585.jpg 1024w, https:\/\/folklore.ee\/kooliparimus\/wp-content\/uploads\/2023\/06\/opituba1-300x171.jpg 300w, https:\/\/folklore.ee\/kooliparimus\/wp-content\/uploads\/2023\/06\/opituba1-768x439.jpg 768w, https:\/\/folklore.ee\/kooliparimus\/wp-content\/uploads\/2023\/06\/opituba1-1536x878.jpg 1536w, https:\/\/folklore.ee\/kooliparimus\/wp-content\/uploads\/2023\/06\/opituba1.jpg 1563w\" sizes=\"auto, (max-width: 1024px) 100vw, 1024px\" \/><\/a><figcaption class=\"wp-element-caption\">\u00d5pituba 1<\/figcaption><\/figure>\n<\/div>\n<\/div>\n<\/div>\n\n\n\n<div class=\"wp-block-column is-layout-flow wp-block-column-is-layout-flow\">\n<div class=\"wp-block-columns is-layout-flex wp-container-core-columns-is-layout-9d6595d7 wp-block-columns-is-layout-flex\">\n<div class=\"wp-block-column is-layout-flow wp-block-column-is-layout-flow\" style=\"flex-basis:66.66%\">\n<figure class=\"wp-block-image size-large\"><a href=\"\/kooliparimus\/wp-content\/uploads\/2023\/06\/opituba2.mp4\" target=\"_blank\" rel=\"noreferrer noopener\"><img loading=\"lazy\" decoding=\"async\" width=\"1024\" height=\"578\" src=\"http:\/\/localhost\/kooliparimus\/wp-content\/uploads\/2023\/06\/opituba2-1024x578.jpg\" alt=\"\" class=\"wp-image-669\" srcset=\"https:\/\/folklore.ee\/kooliparimus\/wp-content\/uploads\/2023\/06\/opituba2-1024x578.jpg 1024w, https:\/\/folklore.ee\/kooliparimus\/wp-content\/uploads\/2023\/06\/opituba2-300x169.jpg 300w, https:\/\/folklore.ee\/kooliparimus\/wp-content\/uploads\/2023\/06\/opituba2-768x433.jpg 768w, https:\/\/folklore.ee\/kooliparimus\/wp-content\/uploads\/2023\/06\/opituba2-1536x867.jpg 1536w, https:\/\/folklore.ee\/kooliparimus\/wp-content\/uploads\/2023\/06\/opituba2.jpg 1581w\" sizes=\"auto, (max-width: 1024px) 100vw, 1024px\" \/><\/a><figcaption class=\"wp-element-caption\">\u00d5pituba 2<\/figcaption><\/figure>\n<\/div>\n\n\n\n<div class=\"wp-block-column is-layout-flow wp-block-column-is-layout-flow\" style=\"flex-basis:33.33%\"><\/div>\n<\/div>\n<\/div>\n<\/div>\n\n\n\n<div class=\"wp-block-columns is-layout-flex wp-container-core-columns-is-layout-9d6595d7 wp-block-columns-is-layout-flex\">\n<div class=\"wp-block-column is-layout-flow wp-block-column-is-layout-flow\">\n<div class=\"wp-block-columns is-layout-flex wp-container-core-columns-is-layout-9d6595d7 wp-block-columns-is-layout-flex\">\n<div class=\"wp-block-column is-layout-flow wp-block-column-is-layout-flow\" style=\"flex-basis:33.33%\"><\/div>\n\n\n\n<div class=\"wp-block-column is-layout-flow wp-block-column-is-layout-flow\" style=\"flex-basis:66.66%\">\n<figure class=\"wp-block-image size-large\"><a href=\"\/kooliparimus\/wp-content\/uploads\/2023\/06\/opituba3.mp4\" target=\"_blank\" rel=\"noreferrer noopener\"><img loading=\"lazy\" decoding=\"async\" width=\"1024\" height=\"576\" src=\"http:\/\/localhost\/kooliparimus\/wp-content\/uploads\/2023\/06\/opituba3-1024x576.jpg\" alt=\"\" class=\"wp-image-670\" srcset=\"https:\/\/folklore.ee\/kooliparimus\/wp-content\/uploads\/2023\/06\/opituba3-1024x576.jpg 1024w, https:\/\/folklore.ee\/kooliparimus\/wp-content\/uploads\/2023\/06\/opituba3-300x169.jpg 300w, https:\/\/folklore.ee\/kooliparimus\/wp-content\/uploads\/2023\/06\/opituba3-768x432.jpg 768w, https:\/\/folklore.ee\/kooliparimus\/wp-content\/uploads\/2023\/06\/opituba3-1536x864.jpg 1536w, https:\/\/folklore.ee\/kooliparimus\/wp-content\/uploads\/2023\/06\/opituba3.jpg 1588w\" sizes=\"auto, (max-width: 1024px) 100vw, 1024px\" \/><\/a><figcaption class=\"wp-element-caption\">\u00d5pituba 3<\/figcaption><\/figure>\n<\/div>\n<\/div>\n<\/div>\n\n\n\n<div class=\"wp-block-column is-layout-flow wp-block-column-is-layout-flow\">\n<div class=\"wp-block-columns is-layout-flex wp-container-core-columns-is-layout-9d6595d7 wp-block-columns-is-layout-flex\">\n<div class=\"wp-block-column is-layout-flow wp-block-column-is-layout-flow\" style=\"flex-basis:66.66%\"><\/div>\n\n\n\n<div class=\"wp-block-column is-layout-flow wp-block-column-is-layout-flow\" style=\"flex-basis:33.33%\"><\/div>\n<\/div>\n<\/div>\n<\/div>\n","protected":false},"excerpt":{"rendered":"<p>7. oktoobril 2020. aastal veebikeskkonnas<\/p>\n","protected":false},"author":1,"featured_media":12,"parent":576,"menu_order":0,"comment_status":"closed","ping_status":"closed","template":"","meta":{"footnotes":""},"class_list":["post-663","page","type-page","status-publish","has-post-thumbnail","hentry"],"yoast_head":"<!-- This site is optimized with the Yoast SEO plugin v23.7 - https:\/\/yoast.com\/wordpress\/plugins\/seo\/ -->\n<title>Videod - Koolip\u00e4rimus<\/title>\n<meta name=\"robots\" content=\"index, follow, max-snippet:-1, max-image-preview:large, max-video-preview:-1\" \/>\n<link rel=\"canonical\" href=\"https:\/\/folklore.ee\/kooliparimus\/lasteaiaparimus\/lp-2020\/videod\/\" \/>\n<meta property=\"og:locale\" content=\"en_US\" \/>\n<meta property=\"og:type\" content=\"article\" \/>\n<meta property=\"og:title\" content=\"Videod - Koolip\u00e4rimus\" \/>\n<meta property=\"og:description\" content=\"7. oktoobril 2020. aastal veebikeskkonnas\" \/>\n<meta property=\"og:url\" content=\"https:\/\/folklore.ee\/kooliparimus\/lasteaiaparimus\/lp-2020\/videod\/\" \/>\n<meta property=\"og:site_name\" content=\"Koolip\u00e4rimus\" \/>\n<meta property=\"article:publisher\" content=\"https:\/\/www.facebook.com\/kirjandusmuuseum\" \/>\n<meta property=\"og:image\" content=\"http:\/\/localhost\/kooliparimus\/wp-content\/uploads\/2023\/05\/kaanepilt.jpg\" \/>\n\t<meta property=\"og:image:width\" content=\"2200\" \/>\n\t<meta property=\"og:image:height\" content=\"306\" \/>\n\t<meta property=\"og:image:type\" content=\"image\/jpeg\" \/>\n<meta name=\"twitter:card\" content=\"summary_large_image\" \/>\n<meta name=\"twitter:label1\" content=\"Est. reading time\" \/>\n\t<meta name=\"twitter:data1\" content=\"2 minutes\" \/>\n<script type=\"application\/ld+json\" class=\"yoast-schema-graph\">{\"@context\":\"https:\/\/schema.org\",\"@graph\":[{\"@type\":\"WebPage\",\"@id\":\"https:\/\/folklore.ee\/kooliparimus\/lasteaiaparimus\/lp-2020\/videod\/\",\"url\":\"https:\/\/folklore.ee\/kooliparimus\/lasteaiaparimus\/lp-2020\/videod\/\",\"name\":\"Videod - Koolip\u00e4rimus\",\"isPartOf\":{\"@id\":\"https:\/\/folklore.ee\/kooliparimus\/#website\"},\"primaryImageOfPage\":{\"@id\":\"https:\/\/folklore.ee\/kooliparimus\/lasteaiaparimus\/lp-2020\/videod\/#primaryimage\"},\"image\":{\"@id\":\"https:\/\/folklore.ee\/kooliparimus\/lasteaiaparimus\/lp-2020\/videod\/#primaryimage\"},\"thumbnailUrl\":\"https:\/\/folklore.ee\/kooliparimus\/wp-content\/uploads\/2023\/05\/kaanepilt.jpg\",\"datePublished\":\"2023-06-06T14:33:28+00:00\",\"dateModified\":\"2023-06-06T14:33:28+00:00\",\"breadcrumb\":{\"@id\":\"https:\/\/folklore.ee\/kooliparimus\/lasteaiaparimus\/lp-2020\/videod\/#breadcrumb\"},\"inLanguage\":\"en-US\",\"potentialAction\":[{\"@type\":\"ReadAction\",\"target\":[\"https:\/\/folklore.ee\/kooliparimus\/lasteaiaparimus\/lp-2020\/videod\/\"]}]},{\"@type\":\"ImageObject\",\"inLanguage\":\"en-US\",\"@id\":\"https:\/\/folklore.ee\/kooliparimus\/lasteaiaparimus\/lp-2020\/videod\/#primaryimage\",\"url\":\"https:\/\/folklore.ee\/kooliparimus\/wp-content\/uploads\/2023\/05\/kaanepilt.jpg\",\"contentUrl\":\"https:\/\/folklore.ee\/kooliparimus\/wp-content\/uploads\/2023\/05\/kaanepilt.jpg\",\"width\":2200,\"height\":306},{\"@type\":\"BreadcrumbList\",\"@id\":\"https:\/\/folklore.ee\/kooliparimus\/lasteaiaparimus\/lp-2020\/videod\/#breadcrumb\",\"itemListElement\":[{\"@type\":\"ListItem\",\"position\":1,\"name\":\"Home\",\"item\":\"https:\/\/folklore.ee\/kooliparimus\/\"},{\"@type\":\"ListItem\",\"position\":2,\"name\":\"Lasteaiap\u00e4rimus\",\"item\":\"https:\/\/folklore.ee\/kooliparimus\/lasteaiaparimus\/\"},{\"@type\":\"ListItem\",\"position\":3,\"name\":\"Hobustega tuli, h\u00e4rgadega l\u00e4heb: Lasteaed \u00f5petab ka epideemiate ajal\",\"item\":\"https:\/\/folklore.ee\/kooliparimus\/lasteaiaparimus\/lp-2020\/\"},{\"@type\":\"ListItem\",\"position\":4,\"name\":\"Videod\"}]},{\"@type\":\"WebSite\",\"@id\":\"https:\/\/folklore.ee\/kooliparimus\/#website\",\"url\":\"https:\/\/folklore.ee\/kooliparimus\/\",\"name\":\"Koolip\u00e4rimus\",\"description\":\"Eesti Kirjandusmuuseumi kogumisp\u00e4rimuse veebikeskkond.\",\"potentialAction\":[{\"@type\":\"SearchAction\",\"target\":{\"@type\":\"EntryPoint\",\"urlTemplate\":\"https:\/\/folklore.ee\/kooliparimus\/?s={search_term_string}\"},\"query-input\":{\"@type\":\"PropertyValueSpecification\",\"valueRequired\":true,\"valueName\":\"search_term_string\"}}],\"inLanguage\":\"en-US\"}]}<\/script>\n<!-- \/ Yoast SEO plugin. -->","yoast_head_json":{"title":"Videod - Koolip\u00e4rimus","robots":{"index":"index","follow":"follow","max-snippet":"max-snippet:-1","max-image-preview":"max-image-preview:large","max-video-preview":"max-video-preview:-1"},"canonical":"https:\/\/folklore.ee\/kooliparimus\/lasteaiaparimus\/lp-2020\/videod\/","og_locale":"en_US","og_type":"article","og_title":"Videod - Koolip\u00e4rimus","og_description":"7. oktoobril 2020. aastal veebikeskkonnas","og_url":"https:\/\/folklore.ee\/kooliparimus\/lasteaiaparimus\/lp-2020\/videod\/","og_site_name":"Koolip\u00e4rimus","article_publisher":"https:\/\/www.facebook.com\/kirjandusmuuseum","og_image":[{"width":2200,"height":306,"url":"http:\/\/localhost\/kooliparimus\/wp-content\/uploads\/2023\/05\/kaanepilt.jpg","type":"image\/jpeg"}],"twitter_card":"summary_large_image","twitter_misc":{"Est. reading time":"2 minutes"},"schema":{"@context":"https:\/\/schema.org","@graph":[{"@type":"WebPage","@id":"https:\/\/folklore.ee\/kooliparimus\/lasteaiaparimus\/lp-2020\/videod\/","url":"https:\/\/folklore.ee\/kooliparimus\/lasteaiaparimus\/lp-2020\/videod\/","name":"Videod - Koolip\u00e4rimus","isPartOf":{"@id":"https:\/\/folklore.ee\/kooliparimus\/#website"},"primaryImageOfPage":{"@id":"https:\/\/folklore.ee\/kooliparimus\/lasteaiaparimus\/lp-2020\/videod\/#primaryimage"},"image":{"@id":"https:\/\/folklore.ee\/kooliparimus\/lasteaiaparimus\/lp-2020\/videod\/#primaryimage"},"thumbnailUrl":"https:\/\/folklore.ee\/kooliparimus\/wp-content\/uploads\/2023\/05\/kaanepilt.jpg","datePublished":"2023-06-06T14:33:28+00:00","dateModified":"2023-06-06T14:33:28+00:00","breadcrumb":{"@id":"https:\/\/folklore.ee\/kooliparimus\/lasteaiaparimus\/lp-2020\/videod\/#breadcrumb"},"inLanguage":"en-US","potentialAction":[{"@type":"ReadAction","target":["https:\/\/folklore.ee\/kooliparimus\/lasteaiaparimus\/lp-2020\/videod\/"]}]},{"@type":"ImageObject","inLanguage":"en-US","@id":"https:\/\/folklore.ee\/kooliparimus\/lasteaiaparimus\/lp-2020\/videod\/#primaryimage","url":"https:\/\/folklore.ee\/kooliparimus\/wp-content\/uploads\/2023\/05\/kaanepilt.jpg","contentUrl":"https:\/\/folklore.ee\/kooliparimus\/wp-content\/uploads\/2023\/05\/kaanepilt.jpg","width":2200,"height":306},{"@type":"BreadcrumbList","@id":"https:\/\/folklore.ee\/kooliparimus\/lasteaiaparimus\/lp-2020\/videod\/#breadcrumb","itemListElement":[{"@type":"ListItem","position":1,"name":"Home","item":"https:\/\/folklore.ee\/kooliparimus\/"},{"@type":"ListItem","position":2,"name":"Lasteaiap\u00e4rimus","item":"https:\/\/folklore.ee\/kooliparimus\/lasteaiaparimus\/"},{"@type":"ListItem","position":3,"name":"Hobustega tuli, h\u00e4rgadega l\u00e4heb: Lasteaed \u00f5petab ka epideemiate ajal","item":"https:\/\/folklore.ee\/kooliparimus\/lasteaiaparimus\/lp-2020\/"},{"@type":"ListItem","position":4,"name":"Videod"}]},{"@type":"WebSite","@id":"https:\/\/folklore.ee\/kooliparimus\/#website","url":"https:\/\/folklore.ee\/kooliparimus\/","name":"Koolip\u00e4rimus","description":"Eesti Kirjandusmuuseumi kogumisp\u00e4rimuse veebikeskkond.","potentialAction":[{"@type":"SearchAction","target":{"@type":"EntryPoint","urlTemplate":"https:\/\/folklore.ee\/kooliparimus\/?s={search_term_string}"},"query-input":{"@type":"PropertyValueSpecification","valueRequired":true,"valueName":"search_term_string"}}],"inLanguage":"en-US"}]}},"_links":{"self":[{"href":"https:\/\/folklore.ee\/kooliparimus\/wp-json\/wp\/v2\/pages\/663","targetHints":{"allow":["GET"]}}],"collection":[{"href":"https:\/\/folklore.ee\/kooliparimus\/wp-json\/wp\/v2\/pages"}],"about":[{"href":"https:\/\/folklore.ee\/kooliparimus\/wp-json\/wp\/v2\/types\/page"}],"author":[{"embeddable":true,"href":"https:\/\/folklore.ee\/kooliparimus\/wp-json\/wp\/v2\/users\/1"}],"replies":[{"embeddable":true,"href":"https:\/\/folklore.ee\/kooliparimus\/wp-json\/wp\/v2\/comments?post=663"}],"version-history":[{"count":1,"href":"https:\/\/folklore.ee\/kooliparimus\/wp-json\/wp\/v2\/pages\/663\/revisions"}],"predecessor-version":[{"id":678,"href":"https:\/\/folklore.ee\/kooliparimus\/wp-json\/wp\/v2\/pages\/663\/revisions\/678"}],"up":[{"embeddable":true,"href":"https:\/\/folklore.ee\/kooliparimus\/wp-json\/wp\/v2\/pages\/576"}],"wp:featuredmedia":[{"embeddable":true,"href":"https:\/\/folklore.ee\/kooliparimus\/wp-json\/wp\/v2\/media\/12"}],"wp:attachment":[{"href":"https:\/\/folklore.ee\/kooliparimus\/wp-json\/wp\/v2\/media?parent=663"}],"curies":[{"name":"wp","href":"https:\/\/api.w.org\/{rel}","templated":true}]}}