{"id":688,"date":"2024-09-12T07:53:40","date_gmt":"2024-09-12T07:53:40","guid":{"rendered":"https:\/\/folklore.ee\/kooliparimus\/?page_id=688"},"modified":"2024-11-20T07:28:54","modified_gmt":"2024-11-20T07:28:54","slug":"lp-2024","status":"publish","type":"page","link":"https:\/\/folklore.ee\/kooliparimus\/lasteaiaparimus\/lp-2024\/","title":{"rendered":"Lasteaia\u00f5petajate eesti keele seminar \u201eIgal puul oma juur\u201c"},"content":{"rendered":"\n<p class=\"has-text-align-center\"><strong>Ida-Virumaa lasteaia\u00f5petajate eesti keele seminar \u201eIgal puul oma juur\u201c<br>15.-16. oktoobril 2024 Tartus, Eesti Rahva Muuseumis<\/strong><\/p>\n\n\n\n<h2 class=\"wp-block-heading has-text-align-center\"><strong>\u201eIgal puul oma juur\u201c<\/strong><\/h2>\n\n\n\n<div class=\"wp-block-buttons is-layout-flex wp-block-buttons-is-layout-flex\">\n<div class=\"wp-block-button\"><a class=\"wp-block-button__link wp-element-button\" href=\"\/kooliparimus\/lasteaiaparimus\/lp-2024\/galerii\/\">Fotod \u00fcritusest<\/a><\/div>\n<\/div>\n\n\n\n<p>Seminari eesm\u00e4rk on tutvustada lasteaia\u00f5petajatele v\u00f5imalusi emakeelep\u00f5histe kultuuriv\u00e4\u00e4rtuste kujundamisel. 2024. aastal keskendutakse oma keele ja kultuuri ning eri p\u00f5lvkondade vaheliste sidemete hoidmisele. Samuti r\u00e4\u00e4gitakse p\u00e4evakajalistest teemadest nagu eestikeelsele \u00f5ppele \u00fcleminek, s\u00f5na saavad ka lasteaia\u00f5petajad ise. Eriilmelised t\u00f6\u00f6toad viiakse l\u00e4bi Eesti Rahva Muuseumi ruumides. <a href=\"http:\/\/localhost\/kooliparimus\/wp-content\/uploads\/2024\/09\/kava2024.pdf\" target=\"_blank\" rel=\"noreferrer noopener\">Kava <\/a><a href=\"\/kooliparimus\/wp-content\/uploads\/2024\/09\/kava2024.pdf\" target=\"_blank\" rel=\"noreferrer noopener\">PDF<\/a>.<\/p>\n\n\n\n<p>Lasteaia\u00f5petajate eelt\u00f6\u00f6 seminariks: palume viieminutilist tutvustust teemal \u201eMinu juured\u201c. R\u00e4\u00e4gi oma p\u00e4ritolust, meenuta armsaid inimesi, juhtumusi ja lugusid. Jutu ilmestamiseks v\u00f5ib joonistada sugupuu.<\/p>\n\n\n<div class=\"wp-block-image\">\n<figure class=\"aligncenter size-large is-resized\"><img loading=\"lazy\" decoding=\"async\" width=\"1024\" height=\"686\" src=\"http:\/\/localhost\/kooliparimus\/wp-content\/uploads\/2024\/09\/B-35-856-1024x686.jpg\" alt=\"\" class=\"wp-image-691\" style=\"width:596px;height:auto\" srcset=\"https:\/\/folklore.ee\/kooliparimus\/wp-content\/uploads\/2024\/09\/B-35-856-1024x686.jpg 1024w, https:\/\/folklore.ee\/kooliparimus\/wp-content\/uploads\/2024\/09\/B-35-856-300x201.jpg 300w, https:\/\/folklore.ee\/kooliparimus\/wp-content\/uploads\/2024\/09\/B-35-856-768x515.jpg 768w, https:\/\/folklore.ee\/kooliparimus\/wp-content\/uploads\/2024\/09\/B-35-856-1536x1030.jpg 1536w, https:\/\/folklore.ee\/kooliparimus\/wp-content\/uploads\/2024\/09\/B-35-856.jpg 1920w\" sizes=\"auto, (max-width: 1024px) 100vw, 1024px\" \/><figcaption class=\"wp-element-caption\">Tartu lasteaed, foto: Elmar Kald, EKM EKLA, B-35:856<\/figcaption><\/figure>\n<\/div>\n\n\n<p>Seminari korraldavad Haridus- ja Teadusministeerium, Eesti Kirjandusmuuseum, Eesti Rahva Muuseum ja Ida-Virumaa Omavalitsuste Liit. Seminari toetavad Haridus- ja Teadusministeerium (ja Eesti Kultuurkapital).<\/p>\n\n\n\n<p><strong>Teisip\u00e4ev, 15. oktoober<\/strong><\/p>\n\n\n\n<p>7.00 \u2013 Buss alustab s\u00f5itu Narvast (Sillam\u00e4e-J\u00f5hvi-Iisaku-Tartu)<br>10.00 \u2013 10.15 Saabumine Eesti Rahva Muuseumi, tervituskohv (ruum MOORA)<br>10.15 \u2013 10.30 Tervitused. Eesti Rahva Muuseumi direktor Kertu Saks, Haridusministeeriumi alushariduse valdkonna juht Maila Rajamets (ruum MOORA)<br>10.30 \u2013 11.30 Tallinna \u00dclikooli eesti keele professor Reili Argus <a href=\"\/kooliparimus\/wp-content\/uploads\/2024\/10\/ERM_Tartus_okt_2024.pptx\">\u201eKas eesti keel on raske keel ehk eesti keele kui teise keele omandamisest\u201c<\/a> (ruum MOORA)<br>11.30 \u2013 13.00 ERMi haridusprogramm \u201eMis eesti keel on?\u201c (ruum MOORA)<br>13.00 &#8211; 14.15 Haridusprogramm \u201eSoome-ugri keeled ja meeled\u201c<br>14.15 \u2013 15.00 L\u00f5una<br>15.00-18.00 \u2013 Vaba aeg, s\u00f5it Tartu hotelli<br>18.00-20.30 \u00f5htus\u00f6\u00f6k Eesti Rahva Muuseumis. Kolleegilt kolleegile, kodut\u00f6\u00f6 \u201eMinu juured\u201c esitamine (ruum MOORA)<br>20.30 \u2013 s\u00f5it Tartu hotelli<\/p>\n\n\n\n<p><strong>Kolmap\u00e4ev, 16. oktoober<\/strong><\/p>\n\n\n\n<p><strong>Eesti Rahva Muuseumis<\/strong><\/p>\n\n\n\n<p>9.00-10.30 T\u00f6\u00f6tuba <a href=\"\/kooliparimus\/wp-content\/uploads\/2024\/10\/Opituba_-Parimuslikud-mangud-ning-tantsud-1.pdf\" target=\"_blank\" rel=\"noreferrer noopener\">\u201eP\u00e4rimuslikud m\u00e4ngud ja tantsud\u201c<\/a> (ruum MOORA)<br>10.30-12.30 T\u00f6\u00f6toad \u201eRahvakalendri aastaring\u201c, \u201eRahvuslikud m\u00e4nguasjad (kadrinukk)\u201c<br>12.30-13.30 L\u00f5una<br>13.30-14.00 Tunnistuste k\u00e4tteandmine, l\u00f5pps\u00f5na (ruum M\u00c4NGUMETS)<br>14.00 Kojus\u00f5it<\/p>\n\n\n\n<p>Info: Maila Rajamets, <a href=\"mailto:maila.rajamets@hm.ee\">maila.rajamets@hm.ee<\/a>; Astrid Tuisk, <a href=\"mailto:astrid.tuisk@folklore.ee\">astrid.tuisk@folklore.ee<\/a>; Leena Tukkia, <a href=\"mailto:tukkia.leena@gmail.com\">tukkia.leena@gmail.com<\/a>; Virve Tuubel, <a href=\"mailto:Virve.Tuubel@erm.ee\">Virve.Tuubel@erm.ee<\/a>.<\/p>\n","protected":false},"excerpt":{"rendered":"<p>Ida-Virumaa lasteaia\u00f5petajate eesti keele seminar \u201eIgal puul oma juur\u201c15.-16. oktoobril 2024 Tartus, Eesti Rahva Muuseumis \u201eIgal puul oma juur\u201c Seminari eesm\u00e4rk on tutvustada lasteaia\u00f5petajatele v\u00f5imalusi emakeelep\u00f5histe kultuuriv\u00e4\u00e4rtuste kujundamisel. 2024. aastal keskendutakse oma keele ja kultuuri ning eri p\u00f5lvkondade vaheliste sidemete hoidmisele. Samuti r\u00e4\u00e4gitakse p\u00e4evakajalistest teemadest nagu eestikeelsele \u00f5ppele \u00fcleminek, s\u00f5na saavad ka lasteaia\u00f5petajad ise. Eriilmelised [&hellip;]<\/p>\n","protected":false},"author":1,"featured_media":12,"parent":38,"menu_order":0,"comment_status":"closed","ping_status":"closed","template":"","meta":{"footnotes":""},"class_list":["post-688","page","type-page","status-publish","has-post-thumbnail","hentry"],"yoast_head":"<!-- This site is optimized with the Yoast SEO plugin v23.7 - https:\/\/yoast.com\/wordpress\/plugins\/seo\/ -->\n<title>Lasteaia\u00f5petajate eesti keele seminar \u201eIgal puul oma juur\u201c - Koolip\u00e4rimus<\/title>\n<meta name=\"robots\" content=\"index, follow, max-snippet:-1, max-image-preview:large, max-video-preview:-1\" \/>\n<link rel=\"canonical\" href=\"https:\/\/folklore.ee\/kooliparimus\/lasteaiaparimus\/lp-2024\/\" \/>\n<meta property=\"og:locale\" content=\"en_US\" \/>\n<meta property=\"og:type\" content=\"article\" \/>\n<meta property=\"og:title\" content=\"Lasteaia\u00f5petajate eesti keele seminar \u201eIgal puul oma juur\u201c - Koolip\u00e4rimus\" \/>\n<meta property=\"og:description\" content=\"Ida-Virumaa lasteaia\u00f5petajate eesti keele seminar \u201eIgal puul oma juur\u201c15.-16. oktoobril 2024 Tartus, Eesti Rahva Muuseumis \u201eIgal puul oma juur\u201c Seminari eesm\u00e4rk on tutvustada lasteaia\u00f5petajatele v\u00f5imalusi emakeelep\u00f5histe kultuuriv\u00e4\u00e4rtuste kujundamisel. 2024. aastal keskendutakse oma keele ja kultuuri ning eri p\u00f5lvkondade vaheliste sidemete hoidmisele. Samuti r\u00e4\u00e4gitakse p\u00e4evakajalistest teemadest nagu eestikeelsele \u00f5ppele \u00fcleminek, s\u00f5na saavad ka lasteaia\u00f5petajad ise. Eriilmelised [&hellip;]\" \/>\n<meta property=\"og:url\" content=\"https:\/\/folklore.ee\/kooliparimus\/lasteaiaparimus\/lp-2024\/\" \/>\n<meta property=\"og:site_name\" content=\"Koolip\u00e4rimus\" \/>\n<meta property=\"article:publisher\" content=\"https:\/\/www.facebook.com\/kirjandusmuuseum\" \/>\n<meta property=\"article:modified_time\" content=\"2024-11-20T07:28:54+00:00\" \/>\n<meta property=\"og:image\" content=\"https:\/\/folklore.ee\/kooliparimus\/wp-content\/uploads\/2023\/05\/kaanepilt.jpg\" \/>\n\t<meta property=\"og:image:width\" content=\"2200\" \/>\n\t<meta property=\"og:image:height\" content=\"306\" \/>\n\t<meta property=\"og:image:type\" content=\"image\/jpeg\" \/>\n<meta name=\"twitter:card\" content=\"summary_large_image\" \/>\n<meta name=\"twitter:label1\" content=\"Est. reading time\" \/>\n\t<meta name=\"twitter:data1\" content=\"2 minutes\" \/>\n<script type=\"application\/ld+json\" class=\"yoast-schema-graph\">{\"@context\":\"https:\/\/schema.org\",\"@graph\":[{\"@type\":\"WebPage\",\"@id\":\"https:\/\/folklore.ee\/kooliparimus\/lasteaiaparimus\/lp-2024\/\",\"url\":\"https:\/\/folklore.ee\/kooliparimus\/lasteaiaparimus\/lp-2024\/\",\"name\":\"Lasteaia\u00f5petajate eesti keele seminar \u201eIgal puul oma juur\u201c - Koolip\u00e4rimus\",\"isPartOf\":{\"@id\":\"https:\/\/folklore.ee\/kooliparimus\/#website\"},\"primaryImageOfPage\":{\"@id\":\"https:\/\/folklore.ee\/kooliparimus\/lasteaiaparimus\/lp-2024\/#primaryimage\"},\"image\":{\"@id\":\"https:\/\/folklore.ee\/kooliparimus\/lasteaiaparimus\/lp-2024\/#primaryimage\"},\"thumbnailUrl\":\"https:\/\/folklore.ee\/kooliparimus\/wp-content\/uploads\/2023\/05\/kaanepilt.jpg\",\"datePublished\":\"2024-09-12T07:53:40+00:00\",\"dateModified\":\"2024-11-20T07:28:54+00:00\",\"breadcrumb\":{\"@id\":\"https:\/\/folklore.ee\/kooliparimus\/lasteaiaparimus\/lp-2024\/#breadcrumb\"},\"inLanguage\":\"en-US\",\"potentialAction\":[{\"@type\":\"ReadAction\",\"target\":[\"https:\/\/folklore.ee\/kooliparimus\/lasteaiaparimus\/lp-2024\/\"]}]},{\"@type\":\"ImageObject\",\"inLanguage\":\"en-US\",\"@id\":\"https:\/\/folklore.ee\/kooliparimus\/lasteaiaparimus\/lp-2024\/#primaryimage\",\"url\":\"https:\/\/folklore.ee\/kooliparimus\/wp-content\/uploads\/2023\/05\/kaanepilt.jpg\",\"contentUrl\":\"https:\/\/folklore.ee\/kooliparimus\/wp-content\/uploads\/2023\/05\/kaanepilt.jpg\",\"width\":2200,\"height\":306},{\"@type\":\"BreadcrumbList\",\"@id\":\"https:\/\/folklore.ee\/kooliparimus\/lasteaiaparimus\/lp-2024\/#breadcrumb\",\"itemListElement\":[{\"@type\":\"ListItem\",\"position\":1,\"name\":\"Home\",\"item\":\"https:\/\/folklore.ee\/kooliparimus\/\"},{\"@type\":\"ListItem\",\"position\":2,\"name\":\"Lasteaiap\u00e4rimus\",\"item\":\"https:\/\/folklore.ee\/kooliparimus\/lasteaiaparimus\/\"},{\"@type\":\"ListItem\",\"position\":3,\"name\":\"Lasteaia\u00f5petajate eesti keele seminar \u201eIgal puul oma juur\u201c\"}]},{\"@type\":\"WebSite\",\"@id\":\"https:\/\/folklore.ee\/kooliparimus\/#website\",\"url\":\"https:\/\/folklore.ee\/kooliparimus\/\",\"name\":\"Koolip\u00e4rimus\",\"description\":\"Eesti Kirjandusmuuseumi kogumisp\u00e4rimuse veebikeskkond.\",\"potentialAction\":[{\"@type\":\"SearchAction\",\"target\":{\"@type\":\"EntryPoint\",\"urlTemplate\":\"https:\/\/folklore.ee\/kooliparimus\/?s={search_term_string}\"},\"query-input\":{\"@type\":\"PropertyValueSpecification\",\"valueRequired\":true,\"valueName\":\"search_term_string\"}}],\"inLanguage\":\"en-US\"}]}<\/script>\n<!-- \/ Yoast SEO plugin. -->","yoast_head_json":{"title":"Lasteaia\u00f5petajate eesti keele seminar \u201eIgal puul oma juur\u201c - Koolip\u00e4rimus","robots":{"index":"index","follow":"follow","max-snippet":"max-snippet:-1","max-image-preview":"max-image-preview:large","max-video-preview":"max-video-preview:-1"},"canonical":"https:\/\/folklore.ee\/kooliparimus\/lasteaiaparimus\/lp-2024\/","og_locale":"en_US","og_type":"article","og_title":"Lasteaia\u00f5petajate eesti keele seminar \u201eIgal puul oma juur\u201c - Koolip\u00e4rimus","og_description":"Ida-Virumaa lasteaia\u00f5petajate eesti keele seminar \u201eIgal puul oma juur\u201c15.-16. oktoobril 2024 Tartus, Eesti Rahva Muuseumis \u201eIgal puul oma juur\u201c Seminari eesm\u00e4rk on tutvustada lasteaia\u00f5petajatele v\u00f5imalusi emakeelep\u00f5histe kultuuriv\u00e4\u00e4rtuste kujundamisel. 2024. aastal keskendutakse oma keele ja kultuuri ning eri p\u00f5lvkondade vaheliste sidemete hoidmisele. Samuti r\u00e4\u00e4gitakse p\u00e4evakajalistest teemadest nagu eestikeelsele \u00f5ppele \u00fcleminek, s\u00f5na saavad ka lasteaia\u00f5petajad ise. Eriilmelised [&hellip;]","og_url":"https:\/\/folklore.ee\/kooliparimus\/lasteaiaparimus\/lp-2024\/","og_site_name":"Koolip\u00e4rimus","article_publisher":"https:\/\/www.facebook.com\/kirjandusmuuseum","article_modified_time":"2024-11-20T07:28:54+00:00","og_image":[{"width":2200,"height":306,"url":"https:\/\/folklore.ee\/kooliparimus\/wp-content\/uploads\/2023\/05\/kaanepilt.jpg","type":"image\/jpeg"}],"twitter_card":"summary_large_image","twitter_misc":{"Est. reading time":"2 minutes"},"schema":{"@context":"https:\/\/schema.org","@graph":[{"@type":"WebPage","@id":"https:\/\/folklore.ee\/kooliparimus\/lasteaiaparimus\/lp-2024\/","url":"https:\/\/folklore.ee\/kooliparimus\/lasteaiaparimus\/lp-2024\/","name":"Lasteaia\u00f5petajate eesti keele seminar \u201eIgal puul oma juur\u201c - Koolip\u00e4rimus","isPartOf":{"@id":"https:\/\/folklore.ee\/kooliparimus\/#website"},"primaryImageOfPage":{"@id":"https:\/\/folklore.ee\/kooliparimus\/lasteaiaparimus\/lp-2024\/#primaryimage"},"image":{"@id":"https:\/\/folklore.ee\/kooliparimus\/lasteaiaparimus\/lp-2024\/#primaryimage"},"thumbnailUrl":"https:\/\/folklore.ee\/kooliparimus\/wp-content\/uploads\/2023\/05\/kaanepilt.jpg","datePublished":"2024-09-12T07:53:40+00:00","dateModified":"2024-11-20T07:28:54+00:00","breadcrumb":{"@id":"https:\/\/folklore.ee\/kooliparimus\/lasteaiaparimus\/lp-2024\/#breadcrumb"},"inLanguage":"en-US","potentialAction":[{"@type":"ReadAction","target":["https:\/\/folklore.ee\/kooliparimus\/lasteaiaparimus\/lp-2024\/"]}]},{"@type":"ImageObject","inLanguage":"en-US","@id":"https:\/\/folklore.ee\/kooliparimus\/lasteaiaparimus\/lp-2024\/#primaryimage","url":"https:\/\/folklore.ee\/kooliparimus\/wp-content\/uploads\/2023\/05\/kaanepilt.jpg","contentUrl":"https:\/\/folklore.ee\/kooliparimus\/wp-content\/uploads\/2023\/05\/kaanepilt.jpg","width":2200,"height":306},{"@type":"BreadcrumbList","@id":"https:\/\/folklore.ee\/kooliparimus\/lasteaiaparimus\/lp-2024\/#breadcrumb","itemListElement":[{"@type":"ListItem","position":1,"name":"Home","item":"https:\/\/folklore.ee\/kooliparimus\/"},{"@type":"ListItem","position":2,"name":"Lasteaiap\u00e4rimus","item":"https:\/\/folklore.ee\/kooliparimus\/lasteaiaparimus\/"},{"@type":"ListItem","position":3,"name":"Lasteaia\u00f5petajate eesti keele seminar \u201eIgal puul oma juur\u201c"}]},{"@type":"WebSite","@id":"https:\/\/folklore.ee\/kooliparimus\/#website","url":"https:\/\/folklore.ee\/kooliparimus\/","name":"Koolip\u00e4rimus","description":"Eesti Kirjandusmuuseumi kogumisp\u00e4rimuse veebikeskkond.","potentialAction":[{"@type":"SearchAction","target":{"@type":"EntryPoint","urlTemplate":"https:\/\/folklore.ee\/kooliparimus\/?s={search_term_string}"},"query-input":{"@type":"PropertyValueSpecification","valueRequired":true,"valueName":"search_term_string"}}],"inLanguage":"en-US"}]}},"_links":{"self":[{"href":"https:\/\/folklore.ee\/kooliparimus\/wp-json\/wp\/v2\/pages\/688","targetHints":{"allow":["GET"]}}],"collection":[{"href":"https:\/\/folklore.ee\/kooliparimus\/wp-json\/wp\/v2\/pages"}],"about":[{"href":"https:\/\/folklore.ee\/kooliparimus\/wp-json\/wp\/v2\/types\/page"}],"author":[{"embeddable":true,"href":"https:\/\/folklore.ee\/kooliparimus\/wp-json\/wp\/v2\/users\/1"}],"replies":[{"embeddable":true,"href":"https:\/\/folklore.ee\/kooliparimus\/wp-json\/wp\/v2\/comments?post=688"}],"version-history":[{"count":11,"href":"https:\/\/folklore.ee\/kooliparimus\/wp-json\/wp\/v2\/pages\/688\/revisions"}],"predecessor-version":[{"id":823,"href":"https:\/\/folklore.ee\/kooliparimus\/wp-json\/wp\/v2\/pages\/688\/revisions\/823"}],"up":[{"embeddable":true,"href":"https:\/\/folklore.ee\/kooliparimus\/wp-json\/wp\/v2\/pages\/38"}],"wp:featuredmedia":[{"embeddable":true,"href":"https:\/\/folklore.ee\/kooliparimus\/wp-json\/wp\/v2\/media\/12"}],"wp:attachment":[{"href":"https:\/\/folklore.ee\/kooliparimus\/wp-json\/wp\/v2\/media?parent=688"}],"curies":[{"name":"wp","href":"https:\/\/api.w.org\/{rel}","templated":true}]}}