{"id":707,"date":"2024-09-12T09:04:00","date_gmt":"2024-09-12T09:04:00","guid":{"rendered":"https:\/\/folklore.ee\/kooliparimus\/?page_id=707"},"modified":"2024-09-12T12:58:49","modified_gmt":"2024-09-12T12:58:49","slug":"videod","status":"publish","type":"page","link":"https:\/\/folklore.ee\/kooliparimus\/lasteaiaparimus\/lp-2021\/videod\/","title":{"rendered":"Videod"},"content":{"rendered":"\n<p><a href=\"\/kooliparimus\/wp-content\/uploads\/2024\/09\/20211007_Avamine.mp4\" target=\"_blank\" rel=\"noreferrer noopener\">Avamine, tervituss\u00f5nad<\/a><\/p>\n\n\n\n<p>Jaanika Palm (Eesti Lastekirjanduse Keskus): <a href=\"\/kooliparimus\/wp-content\/uploads\/2024\/09\/20211007_Jaanika_Palm.mp4\" target=\"_blank\" rel=\"noreferrer noopener\">Milleks lasteaialapsele raamatud ja lugemine?<\/a><\/p>\n\n\n\n<p>Andra K\u00fctt (Tallinna \u00dclikool): <a href=\"\/kooliparimus\/wp-content\/uploads\/2024\/09\/20211007_Andra_Kutt.mp4\" target=\"_blank\" rel=\"noreferrer noopener\">Kuidas on lapse loovus seotud keele arenguga?<\/a><\/p>\n\n\n\n<p>Katre Kikas (Eesti Kirjandusmuuseum): <a href=\"\/kooliparimus\/wp-content\/uploads\/2024\/09\/20211007_Katre_Kikas.mp4\" target=\"_blank\" rel=\"noreferrer noopener\">Lugev laps Andrus Kivir\u00e4ha lasteraamatutes<\/a><\/p>\n\n\n\n<p>Maili Liinev (MT\u00dc Hooling): <a href=\"\/kooliparimus\/wp-content\/uploads\/2024\/09\/20211007_Maili_Liinev.mp4\" target=\"_blank\" rel=\"noreferrer noopener\">Lugemispesa r\u00fchmas ja klassis \u2013 lugemisr\u00f5\u00f5mu ja -huvi tekitaja<\/a><\/p>\n\n\n\n<p>Terje Puistaja (Eesti Rahvap\u00e4rimuse Kool): <a href=\"\/kooliparimus\/wp-content\/uploads\/2024\/09\/20211007_Terje_Puistaja.mp4\" target=\"_blank\" rel=\"noreferrer noopener\">Viis villast, kuus kullast, seitse sulaselget: R\u00f5\u00f5m m\u00e4ngimisest, improvisatsioon ja rahvap\u00e4rimus<\/a><\/p>\n\n\n\n<p>Virve Tuubel (Eesti Rahva Muuseum): <a href=\"\/kooliparimus\/wp-content\/uploads\/2024\/09\/20211007_Virve_Tuubel.mp4\" target=\"_blank\" rel=\"noreferrer noopener\">V\u00e4rvid ja v\u00e4rvis\u00f5nad rahvakultuuris, veebip\u00f5hine \u00f5ppematerjal \u201cKirju-Mirju v\u00e4rviraamat\u201d digivariant<\/a><\/p>\n\n\n\n<p>Kelly Lilles (ALPA Kids): <a href=\"\/kooliparimus\/wp-content\/uploads\/2024\/09\/20211007_AlpaKids.mp4\" target=\"_blank\" rel=\"noreferrer noopener\">Tii-tii-digi\u00f5pe. ALPA rakendus kirjutamisvalmiduse toetamisel<\/a><\/p>\n\n\n\n<p><a href=\"\/kooliparimus\/wp-content\/uploads\/2024\/09\/20211007_Lopetamine.mp4\" target=\"_blank\" rel=\"noreferrer noopener\">Seminari l\u00f5petamine ja l\u00f5puarutelu<\/a><\/p>\n\n\n\n<hr class=\"wp-block-separator has-alpha-channel-opacity\"\/>\n\n\n\n<p>Seminari korraldasid Eesti Kirjandusmuuseum, Eesti Rahva Muuseum, Eesti-uuringute Tippkeskus, Haridus- ja Teadusministeerium, Ida-Virumaa Omavalitsuste Liit, Toila Lasteaed Naerumeri.<\/p>\n\n\n\n<p>Seminari toetavad Haridus- ja Teadusministeeriumi Keeleprogramm 2018-2021 ja Euroopa Regionaalarengu Fond (Eesti-uuringute Tippkeskus).<\/p>\n\n\n\n<p>Info: Piret Voolaid, piret@folklore.ee; Virve Tuubel, Virve.Tuubel@erm.ee; Leena Tukkia, naerumeri@lasteaed.eu.<\/p>\n","protected":false},"excerpt":{"rendered":"<p>Avamine, tervituss\u00f5nad Jaanika Palm (Eesti Lastekirjanduse Keskus): Milleks lasteaialapsele raamatud ja lugemine? Andra K\u00fctt (Tallinna \u00dclikool): Kuidas on lapse loovus seotud keele arenguga? Katre Kikas (Eesti Kirjandusmuuseum): Lugev laps Andrus Kivir\u00e4ha lasteraamatutes Maili Liinev (MT\u00dc Hooling): Lugemispesa r\u00fchmas ja klassis \u2013 lugemisr\u00f5\u00f5mu ja -huvi tekitaja Terje Puistaja (Eesti Rahvap\u00e4rimuse Kool): Viis villast, kuus kullast, seitse [&hellip;]<\/p>\n","protected":false},"author":1,"featured_media":12,"parent":582,"menu_order":0,"comment_status":"closed","ping_status":"closed","template":"","meta":{"footnotes":""},"class_list":["post-707","page","type-page","status-publish","has-post-thumbnail","hentry"],"yoast_head":"<!-- This site is optimized with the Yoast SEO plugin v23.7 - https:\/\/yoast.com\/wordpress\/plugins\/seo\/ -->\n<title>Videod - Koolip\u00e4rimus<\/title>\n<meta name=\"robots\" content=\"index, follow, max-snippet:-1, max-image-preview:large, max-video-preview:-1\" \/>\n<link rel=\"canonical\" href=\"https:\/\/folklore.ee\/kooliparimus\/lasteaiaparimus\/lp-2021\/videod\/\" \/>\n<meta property=\"og:locale\" content=\"en_US\" \/>\n<meta property=\"og:type\" content=\"article\" \/>\n<meta property=\"og:title\" content=\"Videod - Koolip\u00e4rimus\" \/>\n<meta property=\"og:description\" content=\"Avamine, tervituss\u00f5nad Jaanika Palm (Eesti Lastekirjanduse Keskus): Milleks lasteaialapsele raamatud ja lugemine? Andra K\u00fctt (Tallinna \u00dclikool): Kuidas on lapse loovus seotud keele arenguga? Katre Kikas (Eesti Kirjandusmuuseum): Lugev laps Andrus Kivir\u00e4ha lasteraamatutes Maili Liinev (MT\u00dc Hooling): Lugemispesa r\u00fchmas ja klassis \u2013 lugemisr\u00f5\u00f5mu ja -huvi tekitaja Terje Puistaja (Eesti Rahvap\u00e4rimuse Kool): Viis villast, kuus kullast, seitse [&hellip;]\" \/>\n<meta property=\"og:url\" content=\"https:\/\/folklore.ee\/kooliparimus\/lasteaiaparimus\/lp-2021\/videod\/\" \/>\n<meta property=\"og:site_name\" content=\"Koolip\u00e4rimus\" \/>\n<meta property=\"article:publisher\" content=\"https:\/\/www.facebook.com\/kirjandusmuuseum\" \/>\n<meta property=\"article:modified_time\" content=\"2024-09-12T12:58:49+00:00\" \/>\n<meta property=\"og:image\" content=\"http:\/\/localhost\/kooliparimus\/wp-content\/uploads\/2023\/05\/kaanepilt.jpg\" \/>\n\t<meta property=\"og:image:width\" content=\"2200\" \/>\n\t<meta property=\"og:image:height\" content=\"306\" \/>\n\t<meta property=\"og:image:type\" content=\"image\/jpeg\" \/>\n<meta name=\"twitter:card\" content=\"summary_large_image\" \/>\n<meta name=\"twitter:label1\" content=\"Est. reading time\" \/>\n\t<meta name=\"twitter:data1\" content=\"1 minute\" \/>\n<script type=\"application\/ld+json\" class=\"yoast-schema-graph\">{\"@context\":\"https:\/\/schema.org\",\"@graph\":[{\"@type\":\"WebPage\",\"@id\":\"https:\/\/folklore.ee\/kooliparimus\/lasteaiaparimus\/lp-2021\/videod\/\",\"url\":\"https:\/\/folklore.ee\/kooliparimus\/lasteaiaparimus\/lp-2021\/videod\/\",\"name\":\"Videod - Koolip\u00e4rimus\",\"isPartOf\":{\"@id\":\"https:\/\/folklore.ee\/kooliparimus\/#website\"},\"primaryImageOfPage\":{\"@id\":\"https:\/\/folklore.ee\/kooliparimus\/lasteaiaparimus\/lp-2021\/videod\/#primaryimage\"},\"image\":{\"@id\":\"https:\/\/folklore.ee\/kooliparimus\/lasteaiaparimus\/lp-2021\/videod\/#primaryimage\"},\"thumbnailUrl\":\"https:\/\/folklore.ee\/kooliparimus\/wp-content\/uploads\/2023\/05\/kaanepilt.jpg\",\"datePublished\":\"2024-09-12T09:04:00+00:00\",\"dateModified\":\"2024-09-12T12:58:49+00:00\",\"breadcrumb\":{\"@id\":\"https:\/\/folklore.ee\/kooliparimus\/lasteaiaparimus\/lp-2021\/videod\/#breadcrumb\"},\"inLanguage\":\"en-US\",\"potentialAction\":[{\"@type\":\"ReadAction\",\"target\":[\"https:\/\/folklore.ee\/kooliparimus\/lasteaiaparimus\/lp-2021\/videod\/\"]}]},{\"@type\":\"ImageObject\",\"inLanguage\":\"en-US\",\"@id\":\"https:\/\/folklore.ee\/kooliparimus\/lasteaiaparimus\/lp-2021\/videod\/#primaryimage\",\"url\":\"https:\/\/folklore.ee\/kooliparimus\/wp-content\/uploads\/2023\/05\/kaanepilt.jpg\",\"contentUrl\":\"https:\/\/folklore.ee\/kooliparimus\/wp-content\/uploads\/2023\/05\/kaanepilt.jpg\",\"width\":2200,\"height\":306},{\"@type\":\"BreadcrumbList\",\"@id\":\"https:\/\/folklore.ee\/kooliparimus\/lasteaiaparimus\/lp-2021\/videod\/#breadcrumb\",\"itemListElement\":[{\"@type\":\"ListItem\",\"position\":1,\"name\":\"Home\",\"item\":\"https:\/\/folklore.ee\/kooliparimus\/\"},{\"@type\":\"ListItem\",\"position\":2,\"name\":\"Lasteaiap\u00e4rimus\",\"item\":\"https:\/\/folklore.ee\/kooliparimus\/lasteaiaparimus\/\"},{\"@type\":\"ListItem\",\"position\":3,\"name\":\"Meie kiisul kriimud silmad: Lugev laps\",\"item\":\"https:\/\/folklore.ee\/kooliparimus\/lasteaiaparimus\/lp-2021\/\"},{\"@type\":\"ListItem\",\"position\":4,\"name\":\"Videod\"}]},{\"@type\":\"WebSite\",\"@id\":\"https:\/\/folklore.ee\/kooliparimus\/#website\",\"url\":\"https:\/\/folklore.ee\/kooliparimus\/\",\"name\":\"Koolip\u00e4rimus\",\"description\":\"Eesti Kirjandusmuuseumi kogumisp\u00e4rimuse veebikeskkond.\",\"potentialAction\":[{\"@type\":\"SearchAction\",\"target\":{\"@type\":\"EntryPoint\",\"urlTemplate\":\"https:\/\/folklore.ee\/kooliparimus\/?s={search_term_string}\"},\"query-input\":{\"@type\":\"PropertyValueSpecification\",\"valueRequired\":true,\"valueName\":\"search_term_string\"}}],\"inLanguage\":\"en-US\"}]}<\/script>\n<!-- \/ Yoast SEO plugin. -->","yoast_head_json":{"title":"Videod - Koolip\u00e4rimus","robots":{"index":"index","follow":"follow","max-snippet":"max-snippet:-1","max-image-preview":"max-image-preview:large","max-video-preview":"max-video-preview:-1"},"canonical":"https:\/\/folklore.ee\/kooliparimus\/lasteaiaparimus\/lp-2021\/videod\/","og_locale":"en_US","og_type":"article","og_title":"Videod - Koolip\u00e4rimus","og_description":"Avamine, tervituss\u00f5nad Jaanika Palm (Eesti Lastekirjanduse Keskus): Milleks lasteaialapsele raamatud ja lugemine? Andra K\u00fctt (Tallinna \u00dclikool): Kuidas on lapse loovus seotud keele arenguga? Katre Kikas (Eesti Kirjandusmuuseum): Lugev laps Andrus Kivir\u00e4ha lasteraamatutes Maili Liinev (MT\u00dc Hooling): Lugemispesa r\u00fchmas ja klassis \u2013 lugemisr\u00f5\u00f5mu ja -huvi tekitaja Terje Puistaja (Eesti Rahvap\u00e4rimuse Kool): Viis villast, kuus kullast, seitse [&hellip;]","og_url":"https:\/\/folklore.ee\/kooliparimus\/lasteaiaparimus\/lp-2021\/videod\/","og_site_name":"Koolip\u00e4rimus","article_publisher":"https:\/\/www.facebook.com\/kirjandusmuuseum","article_modified_time":"2024-09-12T12:58:49+00:00","og_image":[{"width":2200,"height":306,"url":"http:\/\/localhost\/kooliparimus\/wp-content\/uploads\/2023\/05\/kaanepilt.jpg","type":"image\/jpeg"}],"twitter_card":"summary_large_image","twitter_misc":{"Est. reading time":"1 minute"},"schema":{"@context":"https:\/\/schema.org","@graph":[{"@type":"WebPage","@id":"https:\/\/folklore.ee\/kooliparimus\/lasteaiaparimus\/lp-2021\/videod\/","url":"https:\/\/folklore.ee\/kooliparimus\/lasteaiaparimus\/lp-2021\/videod\/","name":"Videod - Koolip\u00e4rimus","isPartOf":{"@id":"https:\/\/folklore.ee\/kooliparimus\/#website"},"primaryImageOfPage":{"@id":"https:\/\/folklore.ee\/kooliparimus\/lasteaiaparimus\/lp-2021\/videod\/#primaryimage"},"image":{"@id":"https:\/\/folklore.ee\/kooliparimus\/lasteaiaparimus\/lp-2021\/videod\/#primaryimage"},"thumbnailUrl":"https:\/\/folklore.ee\/kooliparimus\/wp-content\/uploads\/2023\/05\/kaanepilt.jpg","datePublished":"2024-09-12T09:04:00+00:00","dateModified":"2024-09-12T12:58:49+00:00","breadcrumb":{"@id":"https:\/\/folklore.ee\/kooliparimus\/lasteaiaparimus\/lp-2021\/videod\/#breadcrumb"},"inLanguage":"en-US","potentialAction":[{"@type":"ReadAction","target":["https:\/\/folklore.ee\/kooliparimus\/lasteaiaparimus\/lp-2021\/videod\/"]}]},{"@type":"ImageObject","inLanguage":"en-US","@id":"https:\/\/folklore.ee\/kooliparimus\/lasteaiaparimus\/lp-2021\/videod\/#primaryimage","url":"https:\/\/folklore.ee\/kooliparimus\/wp-content\/uploads\/2023\/05\/kaanepilt.jpg","contentUrl":"https:\/\/folklore.ee\/kooliparimus\/wp-content\/uploads\/2023\/05\/kaanepilt.jpg","width":2200,"height":306},{"@type":"BreadcrumbList","@id":"https:\/\/folklore.ee\/kooliparimus\/lasteaiaparimus\/lp-2021\/videod\/#breadcrumb","itemListElement":[{"@type":"ListItem","position":1,"name":"Home","item":"https:\/\/folklore.ee\/kooliparimus\/"},{"@type":"ListItem","position":2,"name":"Lasteaiap\u00e4rimus","item":"https:\/\/folklore.ee\/kooliparimus\/lasteaiaparimus\/"},{"@type":"ListItem","position":3,"name":"Meie kiisul kriimud silmad: Lugev laps","item":"https:\/\/folklore.ee\/kooliparimus\/lasteaiaparimus\/lp-2021\/"},{"@type":"ListItem","position":4,"name":"Videod"}]},{"@type":"WebSite","@id":"https:\/\/folklore.ee\/kooliparimus\/#website","url":"https:\/\/folklore.ee\/kooliparimus\/","name":"Koolip\u00e4rimus","description":"Eesti Kirjandusmuuseumi kogumisp\u00e4rimuse veebikeskkond.","potentialAction":[{"@type":"SearchAction","target":{"@type":"EntryPoint","urlTemplate":"https:\/\/folklore.ee\/kooliparimus\/?s={search_term_string}"},"query-input":{"@type":"PropertyValueSpecification","valueRequired":true,"valueName":"search_term_string"}}],"inLanguage":"en-US"}]}},"_links":{"self":[{"href":"https:\/\/folklore.ee\/kooliparimus\/wp-json\/wp\/v2\/pages\/707","targetHints":{"allow":["GET"]}}],"collection":[{"href":"https:\/\/folklore.ee\/kooliparimus\/wp-json\/wp\/v2\/pages"}],"about":[{"href":"https:\/\/folklore.ee\/kooliparimus\/wp-json\/wp\/v2\/types\/page"}],"author":[{"embeddable":true,"href":"https:\/\/folklore.ee\/kooliparimus\/wp-json\/wp\/v2\/users\/1"}],"replies":[{"embeddable":true,"href":"https:\/\/folklore.ee\/kooliparimus\/wp-json\/wp\/v2\/comments?post=707"}],"version-history":[{"count":2,"href":"https:\/\/folklore.ee\/kooliparimus\/wp-json\/wp\/v2\/pages\/707\/revisions"}],"predecessor-version":[{"id":753,"href":"https:\/\/folklore.ee\/kooliparimus\/wp-json\/wp\/v2\/pages\/707\/revisions\/753"}],"up":[{"embeddable":true,"href":"https:\/\/folklore.ee\/kooliparimus\/wp-json\/wp\/v2\/pages\/582"}],"wp:featuredmedia":[{"embeddable":true,"href":"https:\/\/folklore.ee\/kooliparimus\/wp-json\/wp\/v2\/media\/12"}],"wp:attachment":[{"href":"https:\/\/folklore.ee\/kooliparimus\/wp-json\/wp\/v2\/media?parent=707"}],"curies":[{"name":"wp","href":"https:\/\/api.w.org\/{rel}","templated":true}]}}