{"id":837,"date":"2025-07-10T15:43:22","date_gmt":"2025-07-10T15:43:22","guid":{"rendered":"https:\/\/folklore.ee\/kooliparimus\/?page_id=837"},"modified":"2025-11-07T09:18:21","modified_gmt":"2025-11-07T09:18:21","slug":"lp-2025","status":"publish","type":"page","link":"https:\/\/folklore.ee\/kooliparimus\/lasteaiaparimus\/lp-2025\/","title":{"rendered":"Lasteaia\u00f5petajate eesti keele seminar \u201eMis kirjas, see karjas\u201c"},"content":{"rendered":"\n<p class=\"has-text-align-center\"><strong>Lasteaia\u00f5petajate eesti keele seminar \u201eMis kirjas, see karjas\u201c<\/strong><\/p>\n\n\n\n<p class=\"has-text-align-center\"><strong>16.\u201317. oktoober 2025<\/strong><br><strong>Tartus, Eesti Kirjandusmuuseumis ja Eesti Rahva Muuseumis<\/strong><\/p>\n\n\n\n<div class=\"wp-block-buttons is-layout-flex wp-block-buttons-is-layout-flex\">\n<div class=\"wp-block-button\"><a class=\"wp-block-button__link wp-element-button\" href=\"\/kooliparimus\/lasteaiaparimus\/lp-2025\/galerii-2025\/\">Galerii<\/a><\/div>\n<\/div>\n\n\n\n<p class=\"has-text-align-left\">Ootame seminarile<strong> lasteaia\u00f5petajaid \u00fcle Eesti<\/strong>, kes oma igap\u00e4evat\u00f6\u00f6s puutuvad kokku lastega, kelle <strong>emakeeleks ei ole eesti keel<\/strong>.<\/p>\n\n\n\n<p class=\"has-text-align-left\">Raamatu-aastale p\u00fchendatud seminaril tutvustatakse Eesti raamatulugu, osaletakse t\u00f6\u00f6tubades, mis viiakse l\u00e4bi Eesti Rahva Muuseumis ja Eesti Kirjandusmuuseumis, oma kogemusi on jagama oodatud ka lasteaia\u00f5petajad ise.<\/p>\n\n\n\n<p class=\"has-text-align-left\">Lasteaia\u00f5petajate eelt\u00f6\u00f6 seminariks: palume viieminutilist tutvustust teemal \u201eMeie lemmikraamatud\u201c. Meenuta oma lapsep\u00f5lve lemmikraamatuid ning r\u00e4\u00e4gi nendest, mida lapsed praegu armastavad. V\u00f5imalusel v\u00f5ta raamatud kaasa, teeme neist v\u00e4ikese n\u00e4ituse.<\/p>\n\n\n\n<div style=\"height:30px\" aria-hidden=\"true\" class=\"wp-block-spacer\"><\/div>\n\n\n\n<h3 class=\"wp-block-heading\">KAVA<\/h3>\n\n\n\n<p><a href=\"https:\/\/folklore.ee\/kooliparimus\/wp-content\/uploads\/2025\/10\/Kava2025_uus.pdf\" target=\"_blank\" rel=\"noreferrer noopener\">PDF<\/a><\/p>\n\n\n\n<p class=\"has-text-align-center\"><strong>16. oktoober<\/strong><\/p>\n\n\n\n<p><strong>Eesti Kirjandusmuuseumi saal<\/strong><\/p>\n\n\n\n<p>10.30 Tervituskohv<\/p>\n\n\n\n<p>10.45 Tervitused<\/p>\n\n\n\n<p>11.00-11.30 Anne-Mai Meesak <a href=\"https:\/\/folklore.ee\/kooliparimus\/wp-content\/uploads\/2025\/11\/AlusEST_esitlus_16.10.2025.pdf\" target=\"_blank\" rel=\"noreferrer noopener\">\u201eEesti keele \u00f5pet toetava alushariduse e-k\u00e4siraamatu tutvustus\u201d<\/a><\/p>\n\n\n\n<p>11.30\u201313.00 T\u00f6\u00f6tuba <a href=\"https:\/\/folklore.ee\/kooliparimus\/wp-content\/uploads\/2025\/11\/Opituba_Parimuslikud_mangud_ning_tantsud.pdf\" target=\"_blank\" rel=\"noreferrer noopener\">\u201eP\u00e4rimuslikud laulum\u00e4ngud\u201c<\/a><\/p>\n\n\n\n<p>13.15\u201314.15 L\u00f5una teatrikohvikus Aplaus 1840<\/p>\n\n\n\n<p>Seminar j\u00e4tkub Eesti Kirjandusmuuseumis<\/p>\n\n\n\n<p>14.30-15.30 Kirjandusmuuseumi tuur \u201eRaamatu lugu \u2013 meie lugu: 500 aastat eesti raamatut\u201c, <a href=\"https:\/\/www.kirmus.ee\/sites\/default\/files\/2024-08\/P%C3%A4rimusp%C3%A4ev%20Virumaa%20lasteaias.pdf\" target=\"_blank\" rel=\"noreferrer noopener\">andmebaasidest<\/a> (kahes r\u00fchmas, r\u00fchmad vahetuvad)<\/p>\n\n\n\n<p><strong>Eesti Rahva Muuseum<\/strong> (sinnas\u00f5it tellitud bussiga)<\/p>\n\n\n\n<p>16.00\u201318.00 Raamatuaasta teematuur \u201eKas sa seda lugu tead?&#8221;; elamusprogramm \u201eKannel k\u00e4es ja laul s\u00fcdames\u201c (kahes r\u00fchmas, r\u00fchmad vahetuvad)<\/p>\n\n\n\n<p>18.00 \u00d5htus\u00f6\u00f6k Eesti Rahva Muuseumis<\/p>\n\n\n\n<p class=\"has-text-align-center\"><strong>17. oktoober<\/strong><\/p>\n\n\n\n<p>Hommikus\u00f6\u00f6k hotellis<\/p>\n\n\n\n<p><strong>Eesti Rahva Muuseum<\/strong><\/p>\n\n\n\n<p>10.00-11.00 ERMi tuur\/programm<\/p>\n\n\n\n<p>11.00-12.00 Kodut\u00f6\u00f6 \u201eMinu lemmikraamat\u201c esitamine (kahes r\u00fchmas)<\/p>\n\n\n\n<p>12.30-13.30 L\u00f5una<\/p>\n\n\n\n<p>13.30 Tunnistuste k\u00e4tteandmine, l\u00f5pps\u00f5na<\/p>\n\n\n\n<p>14.00 Kojus\u00f5it<\/p>\n\n\n\n<div style=\"height:30px\" aria-hidden=\"true\" class=\"wp-block-spacer\"><\/div>\n\n\n\n<p>Osalemine, toitlustus ja majutus on tasuta. \u00d6\u00f6bimine Raadim\u00f5isa hotellis (Raadi alev, M\u00f5isav\u00e4rava 1) kahekohalistes tubades. Tellitud buss v\u00e4ljub Ida-Virumaalt Narvast, aeg ja marsruut t\u00e4psustuvad.<\/p>\n\n\n\n<p>Seminari korraldavad Haridus- ja Teadusministeerium, Eesti Kirjandusmuuseum, Eesti Rahva Muuseum ja Ida-Virumaa Omavalitsuste Liit. Toetab Haridus- ja Teadusministeerium.<\/p>\n\n\n\n<p class=\"has-text-align-left\">K\u00fcsimuste korral:<br>Maila Rajamets, <a href=\"mailto:Maila.Rajamets@hm.ee\">Maila.Rajamets@hm.ee<\/a><br>Leena Tukkia, <a href=\"mailto:tukkia.leena@gmail.com\">tukkia.leena@gmail.com<\/a><br>Astrid Tuisk <a href=\"mailto:astrid.tuisk@folklore.ee\">astrid.tuisk@folklore.ee<\/a><br>Virve Tuubel, <a href=\"mailto:Virve.Tuubel@erm.ee\">Virve.Tuubel@erm.ee<\/a><\/p>\n","protected":false},"excerpt":{"rendered":"<p>Lasteaia\u00f5petajate eesti keele seminar \u201eMis kirjas, see karjas\u201c 16.\u201317. oktoober 2025Tartus, Eesti Kirjandusmuuseumis ja Eesti Rahva Muuseumis Ootame seminarile lasteaia\u00f5petajaid \u00fcle Eesti, kes oma igap\u00e4evat\u00f6\u00f6s puutuvad kokku lastega, kelle emakeeleks ei ole eesti keel. Raamatu-aastale p\u00fchendatud seminaril tutvustatakse Eesti raamatulugu, osaletakse t\u00f6\u00f6tubades, mis viiakse l\u00e4bi Eesti Rahva Muuseumis ja Eesti Kirjandusmuuseumis, oma kogemusi on jagama [&hellip;]<\/p>\n","protected":false},"author":1,"featured_media":12,"parent":38,"menu_order":0,"comment_status":"closed","ping_status":"closed","template":"","meta":{"footnotes":""},"class_list":["post-837","page","type-page","status-publish","has-post-thumbnail","hentry"],"yoast_head":"<!-- This site is optimized with the Yoast SEO plugin v23.7 - https:\/\/yoast.com\/wordpress\/plugins\/seo\/ -->\n<title>Lasteaia\u00f5petajate eesti keele seminar \u201eMis kirjas, see karjas\u201c - Koolip\u00e4rimus<\/title>\n<meta name=\"robots\" content=\"index, follow, max-snippet:-1, max-image-preview:large, max-video-preview:-1\" \/>\n<link rel=\"canonical\" href=\"https:\/\/folklore.ee\/kooliparimus\/lasteaiaparimus\/lp-2025\/\" \/>\n<meta property=\"og:locale\" content=\"en_US\" \/>\n<meta property=\"og:type\" content=\"article\" \/>\n<meta property=\"og:title\" content=\"Lasteaia\u00f5petajate eesti keele seminar \u201eMis kirjas, see karjas\u201c - Koolip\u00e4rimus\" \/>\n<meta property=\"og:description\" content=\"Lasteaia\u00f5petajate eesti keele seminar \u201eMis kirjas, see karjas\u201c 16.\u201317. oktoober 2025Tartus, Eesti Kirjandusmuuseumis ja Eesti Rahva Muuseumis Ootame seminarile lasteaia\u00f5petajaid \u00fcle Eesti, kes oma igap\u00e4evat\u00f6\u00f6s puutuvad kokku lastega, kelle emakeeleks ei ole eesti keel. Raamatu-aastale p\u00fchendatud seminaril tutvustatakse Eesti raamatulugu, osaletakse t\u00f6\u00f6tubades, mis viiakse l\u00e4bi Eesti Rahva Muuseumis ja Eesti Kirjandusmuuseumis, oma kogemusi on jagama [&hellip;]\" \/>\n<meta property=\"og:url\" content=\"https:\/\/folklore.ee\/kooliparimus\/lasteaiaparimus\/lp-2025\/\" \/>\n<meta property=\"og:site_name\" content=\"Koolip\u00e4rimus\" \/>\n<meta property=\"article:publisher\" content=\"https:\/\/www.facebook.com\/kirjandusmuuseum\" \/>\n<meta property=\"article:modified_time\" content=\"2025-11-07T09:18:21+00:00\" \/>\n<meta property=\"og:image\" content=\"https:\/\/folklore.ee\/kooliparimus\/wp-content\/uploads\/2023\/05\/kaanepilt.jpg\" \/>\n\t<meta property=\"og:image:width\" content=\"2200\" \/>\n\t<meta property=\"og:image:height\" content=\"306\" \/>\n\t<meta property=\"og:image:type\" content=\"image\/jpeg\" \/>\n<meta name=\"twitter:card\" content=\"summary_large_image\" \/>\n<meta name=\"twitter:label1\" content=\"Est. reading time\" \/>\n\t<meta name=\"twitter:data1\" content=\"2 minutes\" \/>\n<script type=\"application\/ld+json\" class=\"yoast-schema-graph\">{\"@context\":\"https:\/\/schema.org\",\"@graph\":[{\"@type\":\"WebPage\",\"@id\":\"https:\/\/folklore.ee\/kooliparimus\/lasteaiaparimus\/lp-2025\/\",\"url\":\"https:\/\/folklore.ee\/kooliparimus\/lasteaiaparimus\/lp-2025\/\",\"name\":\"Lasteaia\u00f5petajate eesti keele seminar \u201eMis kirjas, see karjas\u201c - Koolip\u00e4rimus\",\"isPartOf\":{\"@id\":\"https:\/\/folklore.ee\/kooliparimus\/#website\"},\"primaryImageOfPage\":{\"@id\":\"https:\/\/folklore.ee\/kooliparimus\/lasteaiaparimus\/lp-2025\/#primaryimage\"},\"image\":{\"@id\":\"https:\/\/folklore.ee\/kooliparimus\/lasteaiaparimus\/lp-2025\/#primaryimage\"},\"thumbnailUrl\":\"https:\/\/folklore.ee\/kooliparimus\/wp-content\/uploads\/2023\/05\/kaanepilt.jpg\",\"datePublished\":\"2025-07-10T15:43:22+00:00\",\"dateModified\":\"2025-11-07T09:18:21+00:00\",\"breadcrumb\":{\"@id\":\"https:\/\/folklore.ee\/kooliparimus\/lasteaiaparimus\/lp-2025\/#breadcrumb\"},\"inLanguage\":\"en-US\",\"potentialAction\":[{\"@type\":\"ReadAction\",\"target\":[\"https:\/\/folklore.ee\/kooliparimus\/lasteaiaparimus\/lp-2025\/\"]}]},{\"@type\":\"ImageObject\",\"inLanguage\":\"en-US\",\"@id\":\"https:\/\/folklore.ee\/kooliparimus\/lasteaiaparimus\/lp-2025\/#primaryimage\",\"url\":\"https:\/\/folklore.ee\/kooliparimus\/wp-content\/uploads\/2023\/05\/kaanepilt.jpg\",\"contentUrl\":\"https:\/\/folklore.ee\/kooliparimus\/wp-content\/uploads\/2023\/05\/kaanepilt.jpg\",\"width\":2200,\"height\":306},{\"@type\":\"BreadcrumbList\",\"@id\":\"https:\/\/folklore.ee\/kooliparimus\/lasteaiaparimus\/lp-2025\/#breadcrumb\",\"itemListElement\":[{\"@type\":\"ListItem\",\"position\":1,\"name\":\"Home\",\"item\":\"https:\/\/folklore.ee\/kooliparimus\/\"},{\"@type\":\"ListItem\",\"position\":2,\"name\":\"Lasteaiap\u00e4rimus\",\"item\":\"https:\/\/folklore.ee\/kooliparimus\/lasteaiaparimus\/\"},{\"@type\":\"ListItem\",\"position\":3,\"name\":\"Lasteaia\u00f5petajate eesti keele seminar \u201eMis kirjas, see karjas\u201c\"}]},{\"@type\":\"WebSite\",\"@id\":\"https:\/\/folklore.ee\/kooliparimus\/#website\",\"url\":\"https:\/\/folklore.ee\/kooliparimus\/\",\"name\":\"Koolip\u00e4rimus\",\"description\":\"Eesti Kirjandusmuuseumi kogumisp\u00e4rimuse veebikeskkond.\",\"potentialAction\":[{\"@type\":\"SearchAction\",\"target\":{\"@type\":\"EntryPoint\",\"urlTemplate\":\"https:\/\/folklore.ee\/kooliparimus\/?s={search_term_string}\"},\"query-input\":{\"@type\":\"PropertyValueSpecification\",\"valueRequired\":true,\"valueName\":\"search_term_string\"}}],\"inLanguage\":\"en-US\"}]}<\/script>\n<!-- \/ Yoast SEO plugin. -->","yoast_head_json":{"title":"Lasteaia\u00f5petajate eesti keele seminar \u201eMis kirjas, see karjas\u201c - Koolip\u00e4rimus","robots":{"index":"index","follow":"follow","max-snippet":"max-snippet:-1","max-image-preview":"max-image-preview:large","max-video-preview":"max-video-preview:-1"},"canonical":"https:\/\/folklore.ee\/kooliparimus\/lasteaiaparimus\/lp-2025\/","og_locale":"en_US","og_type":"article","og_title":"Lasteaia\u00f5petajate eesti keele seminar \u201eMis kirjas, see karjas\u201c - Koolip\u00e4rimus","og_description":"Lasteaia\u00f5petajate eesti keele seminar \u201eMis kirjas, see karjas\u201c 16.\u201317. oktoober 2025Tartus, Eesti Kirjandusmuuseumis ja Eesti Rahva Muuseumis Ootame seminarile lasteaia\u00f5petajaid \u00fcle Eesti, kes oma igap\u00e4evat\u00f6\u00f6s puutuvad kokku lastega, kelle emakeeleks ei ole eesti keel. Raamatu-aastale p\u00fchendatud seminaril tutvustatakse Eesti raamatulugu, osaletakse t\u00f6\u00f6tubades, mis viiakse l\u00e4bi Eesti Rahva Muuseumis ja Eesti Kirjandusmuuseumis, oma kogemusi on jagama [&hellip;]","og_url":"https:\/\/folklore.ee\/kooliparimus\/lasteaiaparimus\/lp-2025\/","og_site_name":"Koolip\u00e4rimus","article_publisher":"https:\/\/www.facebook.com\/kirjandusmuuseum","article_modified_time":"2025-11-07T09:18:21+00:00","og_image":[{"width":2200,"height":306,"url":"https:\/\/folklore.ee\/kooliparimus\/wp-content\/uploads\/2023\/05\/kaanepilt.jpg","type":"image\/jpeg"}],"twitter_card":"summary_large_image","twitter_misc":{"Est. reading time":"2 minutes"},"schema":{"@context":"https:\/\/schema.org","@graph":[{"@type":"WebPage","@id":"https:\/\/folklore.ee\/kooliparimus\/lasteaiaparimus\/lp-2025\/","url":"https:\/\/folklore.ee\/kooliparimus\/lasteaiaparimus\/lp-2025\/","name":"Lasteaia\u00f5petajate eesti keele seminar \u201eMis kirjas, see karjas\u201c - Koolip\u00e4rimus","isPartOf":{"@id":"https:\/\/folklore.ee\/kooliparimus\/#website"},"primaryImageOfPage":{"@id":"https:\/\/folklore.ee\/kooliparimus\/lasteaiaparimus\/lp-2025\/#primaryimage"},"image":{"@id":"https:\/\/folklore.ee\/kooliparimus\/lasteaiaparimus\/lp-2025\/#primaryimage"},"thumbnailUrl":"https:\/\/folklore.ee\/kooliparimus\/wp-content\/uploads\/2023\/05\/kaanepilt.jpg","datePublished":"2025-07-10T15:43:22+00:00","dateModified":"2025-11-07T09:18:21+00:00","breadcrumb":{"@id":"https:\/\/folklore.ee\/kooliparimus\/lasteaiaparimus\/lp-2025\/#breadcrumb"},"inLanguage":"en-US","potentialAction":[{"@type":"ReadAction","target":["https:\/\/folklore.ee\/kooliparimus\/lasteaiaparimus\/lp-2025\/"]}]},{"@type":"ImageObject","inLanguage":"en-US","@id":"https:\/\/folklore.ee\/kooliparimus\/lasteaiaparimus\/lp-2025\/#primaryimage","url":"https:\/\/folklore.ee\/kooliparimus\/wp-content\/uploads\/2023\/05\/kaanepilt.jpg","contentUrl":"https:\/\/folklore.ee\/kooliparimus\/wp-content\/uploads\/2023\/05\/kaanepilt.jpg","width":2200,"height":306},{"@type":"BreadcrumbList","@id":"https:\/\/folklore.ee\/kooliparimus\/lasteaiaparimus\/lp-2025\/#breadcrumb","itemListElement":[{"@type":"ListItem","position":1,"name":"Home","item":"https:\/\/folklore.ee\/kooliparimus\/"},{"@type":"ListItem","position":2,"name":"Lasteaiap\u00e4rimus","item":"https:\/\/folklore.ee\/kooliparimus\/lasteaiaparimus\/"},{"@type":"ListItem","position":3,"name":"Lasteaia\u00f5petajate eesti keele seminar \u201eMis kirjas, see karjas\u201c"}]},{"@type":"WebSite","@id":"https:\/\/folklore.ee\/kooliparimus\/#website","url":"https:\/\/folklore.ee\/kooliparimus\/","name":"Koolip\u00e4rimus","description":"Eesti Kirjandusmuuseumi kogumisp\u00e4rimuse veebikeskkond.","potentialAction":[{"@type":"SearchAction","target":{"@type":"EntryPoint","urlTemplate":"https:\/\/folklore.ee\/kooliparimus\/?s={search_term_string}"},"query-input":{"@type":"PropertyValueSpecification","valueRequired":true,"valueName":"search_term_string"}}],"inLanguage":"en-US"}]}},"_links":{"self":[{"href":"https:\/\/folklore.ee\/kooliparimus\/wp-json\/wp\/v2\/pages\/837","targetHints":{"allow":["GET"]}}],"collection":[{"href":"https:\/\/folklore.ee\/kooliparimus\/wp-json\/wp\/v2\/pages"}],"about":[{"href":"https:\/\/folklore.ee\/kooliparimus\/wp-json\/wp\/v2\/types\/page"}],"author":[{"embeddable":true,"href":"https:\/\/folklore.ee\/kooliparimus\/wp-json\/wp\/v2\/users\/1"}],"replies":[{"embeddable":true,"href":"https:\/\/folklore.ee\/kooliparimus\/wp-json\/wp\/v2\/comments?post=837"}],"version-history":[{"count":14,"href":"https:\/\/folklore.ee\/kooliparimus\/wp-json\/wp\/v2\/pages\/837\/revisions"}],"predecessor-version":[{"id":869,"href":"https:\/\/folklore.ee\/kooliparimus\/wp-json\/wp\/v2\/pages\/837\/revisions\/869"}],"up":[{"embeddable":true,"href":"https:\/\/folklore.ee\/kooliparimus\/wp-json\/wp\/v2\/pages\/38"}],"wp:featuredmedia":[{"embeddable":true,"href":"https:\/\/folklore.ee\/kooliparimus\/wp-json\/wp\/v2\/media\/12"}],"wp:attachment":[{"href":"https:\/\/folklore.ee\/kooliparimus\/wp-json\/wp\/v2\/media?parent=837"}],"curies":[{"name":"wp","href":"https:\/\/api.w.org\/{rel}","templated":true}]}}