{"id":87,"date":"2023-06-01T15:28:52","date_gmt":"2023-06-01T15:28:52","guid":{"rendered":"https:\/\/folklore.ee\/kooliparimus\/?page_id=87"},"modified":"2023-06-02T08:24:58","modified_gmt":"2023-06-02T08:24:58","slug":"osalejad","status":"publish","type":"page","link":"https:\/\/folklore.ee\/kooliparimus\/kp\/kooliparimus-2018\/osalejad\/","title":{"rendered":"Koolip\u00e4rimus 2018 osalejad"},"content":{"rendered":"\n<h2 class=\"wp-block-heading has-text-align-center\"><strong>Kogumisaktsiooni &#8220;Koolip\u00e4rimus 2018&#8221; tublimad osalejad on selgunud!<\/strong><\/h2>\n\n\n\n<div class=\"wp-block-buttons is-content-justification-center is-layout-flex wp-container-core-buttons-is-layout-16018d1d wp-block-buttons-is-layout-flex\">\n<div class=\"wp-block-button\"><a class=\"wp-block-button__link wp-element-button\" href=\"\/kooliparimus\/kp\/kooliparimus-2018\/osalejad\/tanuuritus\/\">V\u00f5itjate tutvustus<\/a><\/div>\n<\/div>\n\n\n\n<p class=\"has-text-align-center\"><a href=\"https:\/\/opleht.ee\/2018\/09\/kogumisaktsiooni-kooliparimus-2018-tublimad-osalejad-on-selgunud\/\" target=\"_blank\" rel=\"noreferrer noopener\">\u00d5petajate Leht (19. september 2018)<\/a><\/p>\n\n\n\n<p>24. veebruarist kuni 24. maini toimus Eesti kirjandusmuuseumi folkloristika osakonna eestv\u00f5ttel \u00f5pilasp\u00e4rimuse kogumisaktsioon \u201eKoolip\u00e4rimus 2018\u201c.<\/p>\n\n\n\n<p>Aktsioonile eelnes sissejuhatav kogumine detsembris 2017. Osalesid 4.\u201312. klassi \u00f5pilased ja samas vanusekategoorias kutsekooli\u00f5pilased \u00fcle kogu Eesti. Kokku laekus 3717 vastuseankeeti, mis sisaldasid mitmek\u00fclgset materjali \u00f5pilaste vaba aja veetmise, lemmikloomade, hirmude, uskumuste, m\u00e4ngude ja huumori kohta. Enamik materjali saadeti veebivormi kaudu. Siiski oli ka m\u00f5ningaid v\u00e4ga sisukaid ja huvitavaid paberil vastuseid (nt Ardu kool, Tallinna Prantsuse L\u00fctseum, Tartu Waldorfg\u00fcmnaasium, Tallinna Tehnikag\u00fcmnaasium).<\/p>\n\n\n\n<p>27. septembril toimub Eesti kirjandusmuuseumis tublimate osalejate autasustamiseks t\u00e4nu\u00fcritus koos kogumisaktsiooni patrooni kirjanik Mika Ker\u00e4neni, p\u00e4rimus-\u201eKuldvillaku\u201c ja hoogsa folk-rokkansambliga \u201eMust bass l\u00e4ks \u00fcle tee\u201c. \u00dche t\u00e4nuringi tegime aga juba vahetult p\u00e4rast kogumisaktsiooni l\u00f5ppu juunis. Arvestasime kokku koguarvu poolest ja protsentuaalselt k\u00f5ige suurema osalejate arvuga koolid ja \u00fcllatasime neid projekti \u00fche toetaja Maris Gildeni maiustustega.<\/p>\n\n\n\n<figure class=\"wp-block-image size-full\"><img loading=\"lazy\" decoding=\"async\" width=\"1308\" height=\"720\" src=\"http:\/\/localhost\/kooliparimus\/wp-content\/uploads\/2023\/06\/kp18.png\" alt=\"\" class=\"wp-image-185\" srcset=\"https:\/\/folklore.ee\/kooliparimus\/wp-content\/uploads\/2023\/06\/kp18.png 1308w, https:\/\/folklore.ee\/kooliparimus\/wp-content\/uploads\/2023\/06\/kp18-300x165.png 300w, https:\/\/folklore.ee\/kooliparimus\/wp-content\/uploads\/2023\/06\/kp18-1024x564.png 1024w, https:\/\/folklore.ee\/kooliparimus\/wp-content\/uploads\/2023\/06\/kp18-768x423.png 768w\" sizes=\"auto, (max-width: 1308px) 100vw, 1308px\" \/><figcaption class=\"wp-element-caption\">Koolip\u00e4rimus 2018 kogumisaktsioonile laekunud vastused. Graafik: Karl Jaago<\/figcaption><\/figure>\n\n\n\n<p><strong>Aktiivsemad osalejad<\/strong><\/p>\n\n\n\n<p>Enim oli vastanuid Hugo Treffneri g\u00fcmnaasiumist, V\u00f5ru Kreutzwaldi koolist, L\u00e4hte \u00fchisg\u00fcmnaasiumist, Elva g\u00fcmnaasiumist ja R\u00f5ngu keskkoolist. Protsentuaalselt vastati k\u00f5ige rohkem j\u00e4rgmistes koolides: Voore p\u00f5hikool (67 protsenti \u00f5pilastest), Kauksi p\u00f5hikool (57), J\u00f5\u00f5pre kool (54), C. R. Jakobsoni nimeline Torma p\u00f5hikool (53), R\u00f5ngu keskkool (52,9), L\u00f5pe kool (50) ning Ardu p\u00f5hikool ja L\u00fcllem\u00e4e p\u00f5hikool (m\u00f5lemad 49). Seega m\u00e4rgiti R\u00f5ngu keskkool \u00e4ra m\u00f5lemas arvestuses.<\/p>\n\n\n\n<p>Suve jooksul selgitas kolme folkloristikainstitutsiooni (Eesti kirjandusmuuseumi folkloristika osakond, Eesti rahvaluule arhiiv ja Tartu \u00fclikooli eesti ja v\u00f5rdleva rahvaluule \u00f5ppetool) ja \u00f5pilaskonna esindajatest koosnev \u017e\u00fcrii v\u00e4lja sisu poolest k\u00f5ige p\u00f5hjalikumad ja muidu esilet\u00f5stmist v\u00e4\u00e4rivad vastajad. Eraldi auhinna panime v\u00e4lja n\u00e4iteks parimatele infotehnoloogia, huumori, vaba aja, uskumuste, t\u00e4htp\u00e4evade ja m\u00e4ngude teema kajastajatele ning k\u00f5ige huvitavamate lisamaterjalide saatjale.<\/p>\n\n\n\n<figure class=\"wp-block-image size-full\"><img loading=\"lazy\" decoding=\"async\" width=\"1246\" height=\"811\" src=\"http:\/\/localhost\/kooliparimus\/wp-content\/uploads\/2023\/06\/kp18kaart.png\" alt=\"\" class=\"wp-image-192\" srcset=\"https:\/\/folklore.ee\/kooliparimus\/wp-content\/uploads\/2023\/06\/kp18kaart.png 1246w, https:\/\/folklore.ee\/kooliparimus\/wp-content\/uploads\/2023\/06\/kp18kaart-300x195.png 300w, https:\/\/folklore.ee\/kooliparimus\/wp-content\/uploads\/2023\/06\/kp18kaart-1024x667.png 1024w, https:\/\/folklore.ee\/kooliparimus\/wp-content\/uploads\/2023\/06\/kp18kaart-768x500.png 768w\" sizes=\"auto, (max-width: 1246px) 100vw, 1246px\" \/><figcaption class=\"wp-element-caption\">Vastusankeetide laekumine erinevatest Eesti koolidest. Graafik: Karl Jaago<\/figcaption><\/figure>\n\n\n\n<p><strong>Sisukamad t\u00f6\u00f6d<\/strong><\/p>\n\n\n\n<p>Sisukate vastuste rohkuse poolest v\u00e4\u00e4rivad m\u00e4rkimist Ardu kool, Tartu Mart Reiniku g\u00fcmnaasium ja Leie p\u00f5hikool (k\u00f5igis neli auhinnalist \u00f5pilast). Samuti p\u00e4rjati auhinnaga Kanepi g\u00fcmnaasiumi, Tartu Tamme g\u00fcmnaasiumi, R\u00f5uge p\u00f5hikooli ja Hugo Treffneri g\u00fcmnaasiumi vastanud (igast koolist kaks \u00f5pilast). \u00dche auhinnalise vastusega koolid olid Are kool, Kauksi p\u00f5hikool, Narva Kreenholmi g\u00fcmnaasium, Narva Kesklinna g\u00fcmnaasium, V\u00e4rska g\u00fcmnaasium, M\u00e4rjamaa g\u00fcmnaasium, Hiiumaa g\u00fcmnaasium, Orissaare g\u00fcmnaasium, Tallinna Inglise Kolled\u017e, Tallinna N\u00f5mme g\u00fcmnaasium, Tartu Waldorfg\u00fcmnaasium, Miina H\u00e4rma g\u00fcmnaasium ja August Kitzbergi nimeline g\u00fcmnaasium.<\/p>\n\n\n\n<p>Oleme k\u00f5igile \u201eKoolip\u00e4rimus 2018\u201c kogumisaktsioonis osalenutele nende panuse eest v\u00e4ga t\u00e4nulikud. Seekordne osalejate arv oli rekordiliselt suur ja laekunud materjal annab \u00fclevaatliku pildi t\u00e4nap\u00e4eva laste ja noorte m\u00f5tete, tunnete ja uskumuste maailmast. Saime kinnitust, et 21. sajandi \u00f5pilasp\u00e4rimus on v\u00e4rvikas, vaimukas ja piirideta.<\/p>\n\n\n\n<p>Projekti toetas Euroopa Liidu regionaalarengu fond Eesti-uuringute Tippkeskuse kaudu, \u00f5la panid alla ka hasartm\u00e4ngumaksu n\u00f5ukogu, Euroopa kultuurip\u00e4randiaasta, rahvusooper Estonia, teater Vanemuine, Apollo, Eesti meremuuseum, lennusadam, Viiking Spaa hotell, Estonia Spa, Megazone, teaduskeskus AHHAA, Maris Gilden, Euronics ja kohvik Saialill.<\/p>\n","protected":false},"excerpt":{"rendered":"<p>Kogumisaktsiooni &#8220;Koolip\u00e4rimus 2018&#8221; tublimad osalejad on selgunud! \u00d5petajate Leht (19. september 2018) 24. veebruarist kuni 24. maini toimus Eesti kirjandusmuuseumi folkloristika osakonna eestv\u00f5ttel \u00f5pilasp\u00e4rimuse kogumisaktsioon \u201eKoolip\u00e4rimus 2018\u201c. Aktsioonile eelnes sissejuhatav kogumine detsembris 2017. Osalesid 4.\u201312. klassi \u00f5pilased ja samas vanusekategoorias kutsekooli\u00f5pilased \u00fcle kogu Eesti. Kokku laekus 3717 vastuseankeeti, mis sisaldasid mitmek\u00fclgset materjali \u00f5pilaste vaba aja [&hellip;]<\/p>\n","protected":false},"author":1,"featured_media":12,"parent":218,"menu_order":0,"comment_status":"closed","ping_status":"closed","template":"","meta":{"footnotes":""},"class_list":["post-87","page","type-page","status-publish","has-post-thumbnail","hentry"],"yoast_head":"<!-- This site is optimized with the Yoast SEO plugin v23.7 - https:\/\/yoast.com\/wordpress\/plugins\/seo\/ -->\n<title>Koolip\u00e4rimus 2018 osalejad - Koolip\u00e4rimus<\/title>\n<meta name=\"robots\" content=\"index, follow, max-snippet:-1, max-image-preview:large, max-video-preview:-1\" \/>\n<link rel=\"canonical\" href=\"https:\/\/folklore.ee\/kooliparimus\/kp\/kooliparimus-2018\/osalejad\/\" \/>\n<meta property=\"og:locale\" content=\"en_US\" \/>\n<meta property=\"og:type\" content=\"article\" \/>\n<meta property=\"og:title\" content=\"Koolip\u00e4rimus 2018 osalejad - Koolip\u00e4rimus\" \/>\n<meta property=\"og:description\" content=\"Kogumisaktsiooni &#8220;Koolip\u00e4rimus 2018&#8221; tublimad osalejad on selgunud! \u00d5petajate Leht (19. september 2018) 24. veebruarist kuni 24. maini toimus Eesti kirjandusmuuseumi folkloristika osakonna eestv\u00f5ttel \u00f5pilasp\u00e4rimuse kogumisaktsioon \u201eKoolip\u00e4rimus 2018\u201c. Aktsioonile eelnes sissejuhatav kogumine detsembris 2017. Osalesid 4.\u201312. klassi \u00f5pilased ja samas vanusekategoorias kutsekooli\u00f5pilased \u00fcle kogu Eesti. Kokku laekus 3717 vastuseankeeti, mis sisaldasid mitmek\u00fclgset materjali \u00f5pilaste vaba aja [&hellip;]\" \/>\n<meta property=\"og:url\" content=\"https:\/\/folklore.ee\/kooliparimus\/kp\/kooliparimus-2018\/osalejad\/\" \/>\n<meta property=\"og:site_name\" content=\"Koolip\u00e4rimus\" \/>\n<meta property=\"article:publisher\" content=\"https:\/\/www.facebook.com\/kirjandusmuuseum\" \/>\n<meta property=\"article:modified_time\" content=\"2023-06-02T08:24:58+00:00\" \/>\n<meta property=\"og:image\" content=\"http:\/\/localhost\/kooliparimus\/wp-content\/uploads\/2023\/05\/kaanepilt.jpg\" \/>\n\t<meta property=\"og:image:width\" content=\"2200\" \/>\n\t<meta property=\"og:image:height\" content=\"306\" \/>\n\t<meta property=\"og:image:type\" content=\"image\/jpeg\" \/>\n<meta name=\"twitter:card\" content=\"summary_large_image\" \/>\n<meta name=\"twitter:label1\" content=\"Est. reading time\" \/>\n\t<meta name=\"twitter:data1\" content=\"3 minutes\" \/>\n<script type=\"application\/ld+json\" class=\"yoast-schema-graph\">{\"@context\":\"https:\/\/schema.org\",\"@graph\":[{\"@type\":\"WebPage\",\"@id\":\"https:\/\/folklore.ee\/kooliparimus\/kp\/kooliparimus-2018\/osalejad\/\",\"url\":\"https:\/\/folklore.ee\/kooliparimus\/kp\/kooliparimus-2018\/osalejad\/\",\"name\":\"Koolip\u00e4rimus 2018 osalejad - Koolip\u00e4rimus\",\"isPartOf\":{\"@id\":\"https:\/\/folklore.ee\/kooliparimus\/#website\"},\"primaryImageOfPage\":{\"@id\":\"https:\/\/folklore.ee\/kooliparimus\/kp\/kooliparimus-2018\/osalejad\/#primaryimage\"},\"image\":{\"@id\":\"https:\/\/folklore.ee\/kooliparimus\/kp\/kooliparimus-2018\/osalejad\/#primaryimage\"},\"thumbnailUrl\":\"https:\/\/folklore.ee\/kooliparimus\/wp-content\/uploads\/2023\/05\/kaanepilt.jpg\",\"datePublished\":\"2023-06-01T15:28:52+00:00\",\"dateModified\":\"2023-06-02T08:24:58+00:00\",\"breadcrumb\":{\"@id\":\"https:\/\/folklore.ee\/kooliparimus\/kp\/kooliparimus-2018\/osalejad\/#breadcrumb\"},\"inLanguage\":\"en-US\",\"potentialAction\":[{\"@type\":\"ReadAction\",\"target\":[\"https:\/\/folklore.ee\/kooliparimus\/kp\/kooliparimus-2018\/osalejad\/\"]}]},{\"@type\":\"ImageObject\",\"inLanguage\":\"en-US\",\"@id\":\"https:\/\/folklore.ee\/kooliparimus\/kp\/kooliparimus-2018\/osalejad\/#primaryimage\",\"url\":\"https:\/\/folklore.ee\/kooliparimus\/wp-content\/uploads\/2023\/05\/kaanepilt.jpg\",\"contentUrl\":\"https:\/\/folklore.ee\/kooliparimus\/wp-content\/uploads\/2023\/05\/kaanepilt.jpg\",\"width\":2200,\"height\":306},{\"@type\":\"BreadcrumbList\",\"@id\":\"https:\/\/folklore.ee\/kooliparimus\/kp\/kooliparimus-2018\/osalejad\/#breadcrumb\",\"itemListElement\":[{\"@type\":\"ListItem\",\"position\":1,\"name\":\"Home\",\"item\":\"https:\/\/folklore.ee\/kooliparimus\/\"},{\"@type\":\"ListItem\",\"position\":2,\"name\":\"Koolip\u00e4rimus\",\"item\":\"https:\/\/folklore.ee\/kooliparimus\/kp\/\"},{\"@type\":\"ListItem\",\"position\":3,\"name\":\"Koolip\u00e4rimus 2018\",\"item\":\"https:\/\/folklore.ee\/kooliparimus\/kp\/kooliparimus-2018\/\"},{\"@type\":\"ListItem\",\"position\":4,\"name\":\"Koolip\u00e4rimus 2018 osalejad\"}]},{\"@type\":\"WebSite\",\"@id\":\"https:\/\/folklore.ee\/kooliparimus\/#website\",\"url\":\"https:\/\/folklore.ee\/kooliparimus\/\",\"name\":\"Koolip\u00e4rimus\",\"description\":\"Eesti Kirjandusmuuseumi kogumisp\u00e4rimuse veebikeskkond.\",\"potentialAction\":[{\"@type\":\"SearchAction\",\"target\":{\"@type\":\"EntryPoint\",\"urlTemplate\":\"https:\/\/folklore.ee\/kooliparimus\/?s={search_term_string}\"},\"query-input\":{\"@type\":\"PropertyValueSpecification\",\"valueRequired\":true,\"valueName\":\"search_term_string\"}}],\"inLanguage\":\"en-US\"}]}<\/script>\n<!-- \/ Yoast SEO plugin. -->","yoast_head_json":{"title":"Koolip\u00e4rimus 2018 osalejad - Koolip\u00e4rimus","robots":{"index":"index","follow":"follow","max-snippet":"max-snippet:-1","max-image-preview":"max-image-preview:large","max-video-preview":"max-video-preview:-1"},"canonical":"https:\/\/folklore.ee\/kooliparimus\/kp\/kooliparimus-2018\/osalejad\/","og_locale":"en_US","og_type":"article","og_title":"Koolip\u00e4rimus 2018 osalejad - Koolip\u00e4rimus","og_description":"Kogumisaktsiooni &#8220;Koolip\u00e4rimus 2018&#8221; tublimad osalejad on selgunud! \u00d5petajate Leht (19. september 2018) 24. veebruarist kuni 24. maini toimus Eesti kirjandusmuuseumi folkloristika osakonna eestv\u00f5ttel \u00f5pilasp\u00e4rimuse kogumisaktsioon \u201eKoolip\u00e4rimus 2018\u201c. Aktsioonile eelnes sissejuhatav kogumine detsembris 2017. Osalesid 4.\u201312. klassi \u00f5pilased ja samas vanusekategoorias kutsekooli\u00f5pilased \u00fcle kogu Eesti. Kokku laekus 3717 vastuseankeeti, mis sisaldasid mitmek\u00fclgset materjali \u00f5pilaste vaba aja [&hellip;]","og_url":"https:\/\/folklore.ee\/kooliparimus\/kp\/kooliparimus-2018\/osalejad\/","og_site_name":"Koolip\u00e4rimus","article_publisher":"https:\/\/www.facebook.com\/kirjandusmuuseum","article_modified_time":"2023-06-02T08:24:58+00:00","og_image":[{"width":2200,"height":306,"url":"http:\/\/localhost\/kooliparimus\/wp-content\/uploads\/2023\/05\/kaanepilt.jpg","type":"image\/jpeg"}],"twitter_card":"summary_large_image","twitter_misc":{"Est. reading time":"3 minutes"},"schema":{"@context":"https:\/\/schema.org","@graph":[{"@type":"WebPage","@id":"https:\/\/folklore.ee\/kooliparimus\/kp\/kooliparimus-2018\/osalejad\/","url":"https:\/\/folklore.ee\/kooliparimus\/kp\/kooliparimus-2018\/osalejad\/","name":"Koolip\u00e4rimus 2018 osalejad - Koolip\u00e4rimus","isPartOf":{"@id":"https:\/\/folklore.ee\/kooliparimus\/#website"},"primaryImageOfPage":{"@id":"https:\/\/folklore.ee\/kooliparimus\/kp\/kooliparimus-2018\/osalejad\/#primaryimage"},"image":{"@id":"https:\/\/folklore.ee\/kooliparimus\/kp\/kooliparimus-2018\/osalejad\/#primaryimage"},"thumbnailUrl":"https:\/\/folklore.ee\/kooliparimus\/wp-content\/uploads\/2023\/05\/kaanepilt.jpg","datePublished":"2023-06-01T15:28:52+00:00","dateModified":"2023-06-02T08:24:58+00:00","breadcrumb":{"@id":"https:\/\/folklore.ee\/kooliparimus\/kp\/kooliparimus-2018\/osalejad\/#breadcrumb"},"inLanguage":"en-US","potentialAction":[{"@type":"ReadAction","target":["https:\/\/folklore.ee\/kooliparimus\/kp\/kooliparimus-2018\/osalejad\/"]}]},{"@type":"ImageObject","inLanguage":"en-US","@id":"https:\/\/folklore.ee\/kooliparimus\/kp\/kooliparimus-2018\/osalejad\/#primaryimage","url":"https:\/\/folklore.ee\/kooliparimus\/wp-content\/uploads\/2023\/05\/kaanepilt.jpg","contentUrl":"https:\/\/folklore.ee\/kooliparimus\/wp-content\/uploads\/2023\/05\/kaanepilt.jpg","width":2200,"height":306},{"@type":"BreadcrumbList","@id":"https:\/\/folklore.ee\/kooliparimus\/kp\/kooliparimus-2018\/osalejad\/#breadcrumb","itemListElement":[{"@type":"ListItem","position":1,"name":"Home","item":"https:\/\/folklore.ee\/kooliparimus\/"},{"@type":"ListItem","position":2,"name":"Koolip\u00e4rimus","item":"https:\/\/folklore.ee\/kooliparimus\/kp\/"},{"@type":"ListItem","position":3,"name":"Koolip\u00e4rimus 2018","item":"https:\/\/folklore.ee\/kooliparimus\/kp\/kooliparimus-2018\/"},{"@type":"ListItem","position":4,"name":"Koolip\u00e4rimus 2018 osalejad"}]},{"@type":"WebSite","@id":"https:\/\/folklore.ee\/kooliparimus\/#website","url":"https:\/\/folklore.ee\/kooliparimus\/","name":"Koolip\u00e4rimus","description":"Eesti Kirjandusmuuseumi kogumisp\u00e4rimuse veebikeskkond.","potentialAction":[{"@type":"SearchAction","target":{"@type":"EntryPoint","urlTemplate":"https:\/\/folklore.ee\/kooliparimus\/?s={search_term_string}"},"query-input":{"@type":"PropertyValueSpecification","valueRequired":true,"valueName":"search_term_string"}}],"inLanguage":"en-US"}]}},"_links":{"self":[{"href":"https:\/\/folklore.ee\/kooliparimus\/wp-json\/wp\/v2\/pages\/87","targetHints":{"allow":["GET"]}}],"collection":[{"href":"https:\/\/folklore.ee\/kooliparimus\/wp-json\/wp\/v2\/pages"}],"about":[{"href":"https:\/\/folklore.ee\/kooliparimus\/wp-json\/wp\/v2\/types\/page"}],"author":[{"embeddable":true,"href":"https:\/\/folklore.ee\/kooliparimus\/wp-json\/wp\/v2\/users\/1"}],"replies":[{"embeddable":true,"href":"https:\/\/folklore.ee\/kooliparimus\/wp-json\/wp\/v2\/comments?post=87"}],"version-history":[{"count":19,"href":"https:\/\/folklore.ee\/kooliparimus\/wp-json\/wp\/v2\/pages\/87\/revisions"}],"predecessor-version":[{"id":240,"href":"https:\/\/folklore.ee\/kooliparimus\/wp-json\/wp\/v2\/pages\/87\/revisions\/240"}],"up":[{"embeddable":true,"href":"https:\/\/folklore.ee\/kooliparimus\/wp-json\/wp\/v2\/pages\/218"}],"wp:featuredmedia":[{"embeddable":true,"href":"https:\/\/folklore.ee\/kooliparimus\/wp-json\/wp\/v2\/media\/12"}],"wp:attachment":[{"href":"https:\/\/folklore.ee\/kooliparimus\/wp-json\/wp\/v2\/media?parent=87"}],"curies":[{"name":"wp","href":"https:\/\/api.w.org\/{rel}","templated":true}]}}