{"id":1182,"date":"2025-07-07T13:07:53","date_gmt":"2025-07-07T13:07:53","guid":{"rendered":"https:\/\/folklore.ee\/sator\/?page_id=1182"},"modified":"2026-03-26T08:58:09","modified_gmt":"2026-03-26T08:58:09","slug":"sator-27","status":"publish","type":"page","link":"https:\/\/folklore.ee\/sator\/sator-27\/","title":{"rendered":"SATOR 27"},"content":{"rendered":"\n<h2 class=\"wp-block-heading\">Ersa p\u00e4rand Eesti arhiivides<\/h2>\n\n\n\n<h3 class=\"wp-block-heading\">Natalia Ermakov<\/h3>\n\n\n\n<figure class=\"wp-block-image size-large is-resized\"><img decoding=\"async\" src=\"https:\/\/folklore.ee\/sator\/wp-content\/uploads\/2025\/07\/SATOR27_kaas.png\" alt=\"\" style=\"width:auto;height:520px\"\/><\/figure>\n\n\n\n<p><strong>Bibliograafilised andmed<\/strong> \/ <strong>Bibliographic data<\/strong><\/p>\n\n\n\n<p><strong>Autor \/ Author<\/strong>: Natalia Ermakov<br><strong>Sarja toimetajad \/ Series editors<\/strong>: Mare Kalda, Nikolay Kuznetsov, Nikolai Anisimov, Sergey Troitskiy<br><strong>Eesti keele toimetajad \/ Estonian language editors:<\/strong> Asta Niinemets, Mare K\u00f5iva<br><strong>Ingliskeelne kokkuv\u00f5te \/ English summary:<\/strong> Rima Kromskaja<br><strong>Venekeelne kokkuv\u00f5te \/ Russian summary:<\/strong> Nikolay Kuznetsov<br><strong>Ersakeelne kokkuv\u00f5tte \/ Summary in Erza language:<\/strong> Natalia Ermakov<br><strong>K\u00fcljendus ja fotot\u00f6\u00f6tlus \/ Layout and photo editing:<\/strong> Diana Kahre, tabelid \/ tables Maris Kuperjanov<br><strong>Kaanekujundus \/ Cover design: <\/strong>Sergei Sidorov<br><strong>Veebiv\u00e4ljaanne \/ Online edition:<\/strong> Andrus Tins<br><strong>Kaanefoto \/ Cover photo: <\/strong>ERM Fk 284:1. Mordva naised Saranskist Penza kubermangust \/ Mordovian women from Saransk, Penza province.<br><strong>Foto \/ Photo:<\/strong> V. Jegorov<\/p>\n\n\n\n<p><strong>Foto kinkinud<\/strong> Peeter Savi \/ <strong>Photograph donated<\/strong> by Peeter Savi.<\/p>\n\n\n\n<p><\/p>\n\n\n\n<p>ISSN 1406-2011 (tr\u00fckis)<br>ISBN 978-9916-742-59-4 (tr\u00fckis)<br>ISSN 1736-0323 (veeb)<br>ISBN 978-9916-742-60-0 (pdf)<br>DOI: <a href=\"https:\/\/doi.org\/10.7592\/Sator.2025.27\">https:\/\/doi.org\/10.7592\/Sator.2025.27<\/a><br><strong>Toimetuse aadress \/ Editorial address:<br>EKM Teaduskirjastus \/ The Estonian Literary Museum Scholarly Press<\/strong><br>Sator, Vanemuise 42, Tartu 51003, Estonia<br>Tel.: +372 737 7740<br>Faks: +372 737 7706<br><strong>Koduleht \/ Journal webpage:<\/strong> <a href=\"https:\/\/folklore.ee\/sator\/\">https:\/\/folklore.ee\/sator\/<\/a><\/p>\n\n\n\n<p><\/p>\n\n\n\n<p><strong>Raamatu l\u00fchitutvustus audiofailina \/ A brief introduction to the book in audio format \/<\/strong><\/p>\n\n\n\n<p><strong>\u041a\u0440\u0430\u0442\u043a\u043e\u0435 \u0432\u0432\u0435\u0434\u0435\u043d\u0438\u0435 \u043a \u043a\u043d\u0438\u0433\u0435 (\u0430\u0443\u0434\u0438\u043e\u0432\u0435\u0440\u0441\u0438\u044f):<\/strong><a href=\"https:\/\/folklore.ee\/sator\/wp-content\/uploads\/2025\/07\/su_2025_07-natalia_raamat-EST.mp3\"> eesti keeles<\/a> (5:40), <a href=\"https:\/\/folklore.ee\/sator\/wp-content\/uploads\/2025\/07\/su_2025_07-natalia_raamat-ENG.mp3\">In English<\/a> (14:14), <a href=\"https:\/\/folklore.ee\/sator\/wp-content\/uploads\/2025\/07\/su_2025_07-natalia_raamat-RUS.mp3\">\u041d\u0430 \u0440\u0443\u0441\u0441\u043a\u043e\u043c \u044f\u0437\u044b\u043a\u0435<\/a> (6:56)<\/p>\n\n\n\n<p><\/p>\n\n\n\n<p><strong>Raamatu t\u00e4istekst (PDF) \/ Full text (PDF):<\/strong> <a href=\"https:\/\/folklore.ee\/sator\/wp-content\/uploads\/2026\/01\/sator27_full.pdf\" target=\"_blank\" rel=\"noreferrer noopener\">&#8220;Ersa p\u00e4rand Eesti arhiivides.&#8221;<\/a><\/p>\n\n\n\n<p><\/p>\n\n\n\n<p><strong>Raamat peat\u00fckkide kaupa \/ Book by chapter<\/strong><br><a href=\"https:\/\/folklore.ee\/sator\/wp-content\/uploads\/2025\/07\/sator27_00.pdf\"><strong>Eess\u00f5na<\/strong> 9<\/a><br><a href=\"https:\/\/folklore.ee\/sator\/wp-content\/uploads\/2025\/07\/sator27_01.pdf\"><strong>Sissejuhatus<\/strong> 11<\/a><br><a href=\"https:\/\/folklore.ee\/sator\/wp-content\/uploads\/2025\/07\/sator27_02.pdf\"><strong>Ersad ja mok\u0161ad Eestis<\/strong> 13<\/a><br><a href=\"https:\/\/folklore.ee\/sator\/wp-content\/uploads\/2025\/07\/sator27_03.pdf\"><strong>Mordva materjal Eesti kogudes ja mordva diasporaad Eestis<\/strong> 14<\/a><br><a href=\"https:\/\/folklore.ee\/sator\/wp-content\/uploads\/2025\/07\/sator27_04.pdf\"><strong>Mordvalaste (ersade ja mok\u0161ade) kultuuriseltsid Eesti Vabariigis<\/strong> 17<\/a><br><a href=\"https:\/\/folklore.ee\/sator\/wp-content\/uploads\/2025\/07\/sator27_05.pdf\"><strong>M\u00f5nede kaasmaalaste elulood ja nende Eestisse tuleku p\u00f5hjus<\/strong> 20<\/a><br><strong>Kogud<\/strong><br><a href=\"https:\/\/folklore.ee\/sator\/wp-content\/uploads\/2025\/07\/sator27_06.pdf\"><strong>Mordva (ersa ja mok\u0161a) kogud Eesti Rahva Muuseumis<\/strong> 23<\/a><br><a href=\"https:\/\/folklore.ee\/sator\/wp-content\/uploads\/2025\/07\/sator27_06_1.pdf\"><strong>Kristi \u00dcti blogilugu<\/strong> 24<\/a><br><strong><a href=\"https:\/\/folklore.ee\/sator\/wp-content\/uploads\/2026\/01\/sator27_06_2.pdf\" target=\"_blank\" rel=\"noreferrer noopener\">Tiia Peedum\u00e4e ekspeditsioonip\u00e4evik (TAp 838) 30<\/a><\/strong><br><a href=\"https:\/\/folklore.ee\/sator\/wp-content\/uploads\/2025\/07\/sator27_07.pdf\"><strong>Eesti Rahva Muuseumi soome-ugri v\u00e4lit\u00f6\u00f6d mordva aladel<\/strong> 45<\/a><br><a href=\"https:\/\/folklore.ee\/sator\/wp-content\/uploads\/2025\/07\/sator27_08.pdf\"><strong>Ersa-mordva kogud Eesti Kirjandusmuuseumis<\/strong> 48<\/a><br><a href=\"https:\/\/folklore.ee\/sator\/wp-content\/uploads\/2025\/07\/sator27_08_1.pdf\"><strong>Viktor Danilovi kogu<\/strong> 50<\/a><br><a href=\"https:\/\/folklore.ee\/sator\/wp-content\/uploads\/2025\/07\/sator27_08_2.pdf\"><strong>Mihhail T\u0161uva\u0161ovi kogu<\/strong> 66<\/a><br><a href=\"https:\/\/folklore.ee\/sator\/wp-content\/uploads\/2025\/07\/sator27_08_3.pdf\"><strong>Litereeringud ja t\u00f5lked<\/strong> 72<\/a><br><strong>Kogud teistes organisatsioonides<\/strong><br><a href=\"https:\/\/folklore.ee\/sator\/wp-content\/uploads\/2025\/07\/sator27_09_1.pdf\"><strong>Eesti Muusika- ja Teatriakadeemia<\/strong> 90<\/a><br><a href=\"https:\/\/folklore.ee\/sator\/wp-content\/uploads\/2025\/07\/sator27_09_2.pdf\"><strong>Tallinna \u00dclikool<\/strong> 94<\/a><br><a href=\"https:\/\/folklore.ee\/sator\/wp-content\/uploads\/2025\/07\/sator27_09_3.pdf\"><strong>Eesti Keele Instituut<\/strong> 98<\/a><br><a href=\"https:\/\/folklore.ee\/sator\/wp-content\/uploads\/2025\/07\/sator27_09_4.pdf\"><strong>Tartu \u00dclikool<\/strong> 100<\/a><br><a href=\"https:\/\/folklore.ee\/sator\/wp-content\/uploads\/2025\/07\/sator27_10.pdf\"><strong>Kokkuv\u00f5te<\/strong> 101<\/a><br><a href=\"https:\/\/folklore.ee\/sator\/wp-content\/uploads\/2025\/07\/sator27_11.pdf\"><strong>Fotod<\/strong> 102<\/a><br><a href=\"https:\/\/folklore.ee\/sator\/wp-content\/uploads\/2025\/07\/sator27_12.pdf\/\"><strong>Fonoteegid<\/strong> 110<\/a><br><a href=\"https:\/\/folklore.ee\/sator\/wp-content\/uploads\/2025\/07\/sator27_13-1.pdf\"><strong>Lisa 1. Viktor Danilovi laulikute andmed<\/strong> 164<\/a><br><a href=\"https:\/\/folklore.ee\/sator\/wp-content\/uploads\/2025\/07\/sator27_14-1.pdf\"><strong>Lisa 2. Mihhail T\u0161uva\u0161ovi laulikute andmed<\/strong> 240<\/a><\/p>\n\n\n\n<p><a href=\"https:\/\/folklore.ee\/sator\/wp-content\/uploads\/2025\/07\/sator27_15.pdf\"><strong>L\u00fchendid<\/strong> 267<\/a><br><a href=\"https:\/\/folklore.ee\/sator\/wp-content\/uploads\/2025\/07\/sator27_16.pdf\"><strong>Allikad <\/strong>268<\/a><br><a href=\"https:\/\/folklore.ee\/sator\/wp-content\/uploads\/2025\/07\/sator27_17.pdf\"><strong>Kirjandus<\/strong> 269<\/a><br><a href=\"https:\/\/folklore.ee\/sator\/wp-content\/uploads\/2025\/07\/sator27_18.pdf\"><strong>\u041c\u0435\u0435\u043b\u044c\u0446\u0435 \u0432\u0430\u043b<\/strong> 272<\/a><br><a href=\"https:\/\/folklore.ee\/sator\/wp-content\/uploads\/2025\/07\/sator27_19.pdf\"><strong>Summary<\/strong> 274<\/a><br><a href=\"https:\/\/folklore.ee\/sator\/wp-content\/uploads\/2025\/07\/sator27_20.pdf\"><strong>\u0417\u0430\u043a\u043b\u044e\u0447\u0435\u043d\u0438\u0435<\/strong> 278<\/a><\/p>\n\n\n\n<figure class=\"wp-block-image size-large is-resized\"><img decoding=\"async\" src=\"https:\/\/folklore.ee\/sator\/wp-content\/uploads\/2025\/07\/SATOR27_BACK.png\" alt=\"\" style=\"width:auto;height:600px\"\/><\/figure>\n\n\n\n<p><\/p>\n","protected":false},"excerpt":{"rendered":"<p>Ersa p\u00e4rand Eesti arhiivides Natalia Ermakov Bibliograafilised andmed \/ Bibliographic data Autor \/ Author: Natalia ErmakovSarja toimetajad \/ Series editors: Mare Kalda, Nikolay Kuznetsov, Nikolai Anisimov, Sergey TroitskiyEesti keele toimetajad \/ Estonian language editors: Asta Niinemets, Mare K\u00f5ivaIngliskeelne kokkuv\u00f5te \/ English summary: Rima KromskajaVenekeelne kokkuv\u00f5te \/ Russian summary: Nikolay KuznetsovErsakeelne kokkuv\u00f5tte \/ Summary in Erza [&hellip;]<\/p>\n","protected":false},"author":3,"featured_media":0,"parent":0,"menu_order":0,"comment_status":"closed","ping_status":"closed","template":"","meta":{"hide_page_title":"","footnotes":""},"class_list":["post-1182","page","type-page","status-publish","hentry"],"_links":{"self":[{"href":"https:\/\/folklore.ee\/sator\/wp-json\/wp\/v2\/pages\/1182","targetHints":{"allow":["GET"]}}],"collection":[{"href":"https:\/\/folklore.ee\/sator\/wp-json\/wp\/v2\/pages"}],"about":[{"href":"https:\/\/folklore.ee\/sator\/wp-json\/wp\/v2\/types\/page"}],"author":[{"embeddable":true,"href":"https:\/\/folklore.ee\/sator\/wp-json\/wp\/v2\/users\/3"}],"replies":[{"embeddable":true,"href":"https:\/\/folklore.ee\/sator\/wp-json\/wp\/v2\/comments?post=1182"}],"version-history":[{"count":16,"href":"https:\/\/folklore.ee\/sator\/wp-json\/wp\/v2\/pages\/1182\/revisions"}],"predecessor-version":[{"id":1283,"href":"https:\/\/folklore.ee\/sator\/wp-json\/wp\/v2\/pages\/1182\/revisions\/1283"}],"wp:attachment":[{"href":"https:\/\/folklore.ee\/sator\/wp-json\/wp\/v2\/media?parent=1182"}],"curies":[{"name":"wp","href":"https:\/\/api.w.org\/{rel}","templated":true}]}}