{"id":1224,"date":"2025-07-07T13:25:24","date_gmt":"2025-07-07T13:25:24","guid":{"rendered":"https:\/\/folklore.ee\/sator\/?page_id=1224"},"modified":"2025-07-07T13:25:24","modified_gmt":"2025-07-07T13:25:24","slug":"sator-26","status":"publish","type":"page","link":"https:\/\/folklore.ee\/sator\/sator-26\/","title":{"rendered":"SATOR 26"},"content":{"rendered":"\n<figure class=\"wp-block-image size-large is-resized\"><img loading=\"lazy\" decoding=\"async\" width=\"712\" height=\"1024\" src=\"https:\/\/folklore.ee\/sator\/wp-content\/uploads\/2024\/12\/SATOR_26kaas-712x1024.jpg\" alt=\"\" class=\"wp-image-1146\" style=\"width:auto;height:500px\" srcset=\"https:\/\/folklore.ee\/sator\/wp-content\/uploads\/2024\/12\/SATOR_26kaas-712x1024.jpg 712w, https:\/\/folklore.ee\/sator\/wp-content\/uploads\/2024\/12\/SATOR_26kaas-209x300.jpg 209w, https:\/\/folklore.ee\/sator\/wp-content\/uploads\/2024\/12\/SATOR_26kaas-768x1104.jpg 768w, https:\/\/folklore.ee\/sator\/wp-content\/uploads\/2024\/12\/SATOR_26kaas.jpg 1062w\" sizes=\"auto, (max-width: 712px) 100vw, 712px\" \/><\/figure>\n\n\n\n<p><\/p>\n\n\n\n<p><a href=\"https:\/\/folklore.ee\/sator\/wp-content\/uploads\/2024\/12\/SATOR_26.pdf\">Download full issue<\/a> (DOI: <a href=\"https:\/\/folklore.ee\/sator\/wp-content\/uploads\/2024\/12\/SATOR_26.pdf\">10.7592\/Sator.2024.26<\/a>)<\/p>\n\n\n\n<p><a href=\"https:\/\/folklore.ee\/sator\/wp-content\/uploads\/2024\/12\/SATOR_26_content.pdf\">Download list of content<\/a><\/p>\n\n\n\n<h4 class=\"wp-block-heading\">SISUKORD<\/h4>\n\n\n\n<p>SISSEJUHATUS&nbsp; &nbsp; &nbsp; &nbsp; &nbsp; &nbsp; &nbsp; &nbsp; &nbsp; &nbsp; &nbsp; &nbsp; &nbsp; &nbsp; &nbsp; &nbsp; &nbsp; &nbsp; &nbsp; &nbsp; &nbsp; &nbsp; &nbsp; &nbsp; &nbsp; &nbsp; &nbsp; &nbsp; &nbsp; &nbsp; &nbsp; &nbsp; &nbsp; &nbsp; &nbsp; &nbsp; &nbsp; &nbsp; &nbsp; &nbsp; &nbsp; &nbsp; &nbsp; &nbsp; &nbsp; &nbsp; &nbsp;9<\/p>\n\n\n\n<h5 class=\"wp-block-heading\">I N\u00d5IA JA V\u00d5LU TUNNUSED<\/h5>\n\n\n\n<p>N\u00d5IA TUNNUSED\u00a0 \u00a0 \u00a0 \u00a0 \u00a0 \u00a0 \u00a0 \u00a0 \u00a0 \u00a0 \u00a0 \u00a0 \u00a0 \u00a0 \u00a0 \u00a0 \u00a0 \u00a0 \u00a0 \u00a0 \u00a0 \u00a0 \u00a0 \u00a0 \u00a0 \u00a0 \u00a0 \u00a0 \u00a0 \u00a0 \u00a0 \u00a0 \u00a0 \u00a0 \u00a0 \u00a0 \u00a0 \u00a0 \u00a0 \u00a0 \u00a0 \u00a0 \u00a0 \u00a0\u00a017<br>N\u00d5IA NIMETUSED 1\u00a0 \u00a0 \u00a0 \u00a0 \u00a0 \u00a0 \u00a0 \u00a0 \u00a0 \u00a0 \u00a0 \u00a0 \u00a0 \u00a0 \u00a0 \u00a0 \u00a0 \u00a0 \u00a0 \u00a0 \u00a0 \u00a0 \u00a0 \u00a0 \u00a0 \u00a0 \u00a0 \u00a0 \u00a0 \u00a0 \u00a0 \u00a0 \u00a0 \u00a0 \u00a0 \u00a0 \u00a0 \u00a0 \u00a0 \u00a0 \u00a0 \u00a0 26<br>N\u00d5IA NIMETUSED 2. ENNUSTAJAD\u00a0 \u00a0 \u00a0 \u00a0 \u00a0 \u00a0 \u00a0 \u00a0 \u00a0 \u00a0 \u00a0 \u00a0 \u00a0 \u00a0 \u00a0 \u00a0 \u00a0 \u00a0 \u00a0 \u00a0 \u00a0 \u00a0 \u00a0 \u00a0 \u00a0 \u00a0 \u00a0 \u00a0 \u00a039<br>N\u00d5IA NIMETUSED 3. KURI SILM JA KURI S\u00d5NA, V\u00d5LU\u00a0 \u00a0 \u00a0 \u00a0 \u00a0 \u00a0 \u00a0 \u00a0 \u00a0 \u00a0 \u00a0 \u00a0 55<br>N\u00d5IA JA RAVIJA SUGU\u00a0 \u00a0 \u00a0 \u00a0 \u00a0 \u00a0 \u00a0 \u00a0 \u00a0 \u00a0 \u00a0 \u00a0 \u00a0 \u00a0 \u00a0 \u00a0 \u00a0 \u00a0 \u00a0 \u00a0 \u00a0 \u00a0 \u00a0 \u00a0 \u00a0 \u00a0 \u00a0 \u00a0 \u00a0 \u00a0 \u00a0 \u00a0 \u00a0 \u00a0 \u00a0 \u00a0 \u00a0 \u00a0 \u00a0 \u00a0 62<br>TEADMISTE EDASIANDMINE\u00a0 \u00a0 \u00a0 \u00a0 \u00a0 \u00a0 \u00a0 \u00a0 \u00a0 \u00a0 \u00a0 \u00a0 \u00a0 \u00a0 \u00a0 \u00a0 \u00a0 \u00a0 \u00a0 \u00a0 \u00a0 \u00a0 \u00a0 \u00a0 \u00a0 \u00a0 \u00a0 \u00a0 \u00a0 \u00a0 \u00a0 \u00a0 \u00a0 \u00a0 67<br>KAUGRAVI\u00a0 \u00a0 \u00a0 \u00a0 \u00a0 \u00a0 \u00a0 \u00a0 \u00a0 \u00a0 \u00a0 \u00a0 \u00a0 \u00a0 \u00a0 \u00a0 \u00a0 \u00a0 \u00a0 \u00a0 \u00a0 \u00a0 \u00a0 \u00a0 \u00a0 \u00a0 \u00a0 \u00a0 \u00a0 \u00a0 \u00a0 \u00a0 \u00a0 \u00a0 \u00a0 \u00a0 \u00a0 \u00a0 \u00a0 \u00a0 \u00a0 \u00a0 \u00a0 \u00a0 \u00a0 \u00a0 \u00a0 \u00a0 \u00a0 \u00a0 \u00a072<br>TASU RAVIMISE JA ENNUSTAMISE EEST\u00a0 \u00a0 \u00a0 \u00a0 \u00a0 \u00a0 \u00a0 \u00a0 \u00a0 \u00a0 \u00a0 \u00a0 \u00a0 \u00a0 \u00a0 \u00a0 \u00a0 \u00a0 \u00a0 \u00a0 \u00a0 \u00a0 \u00a0 \u00a0 81<br>RAVI- JA KAITSERIITUSED\u00a0 \u00a0 \u00a0 \u00a0 \u00a0 \u00a0 \u00a0 \u00a0 \u00a0 \u00a0 \u00a0 \u00a0 \u00a0 \u00a0 \u00a0 \u00a0 \u00a0 \u00a0 \u00a0 \u00a0 \u00a0 \u00a0 \u00a0 \u00a0 \u00a0 \u00a0 \u00a0 \u00a0 \u00a0 \u00a0 \u00a0 \u00a0 \u00a0 \u00a0 \u00a0 \u00a0 \u00a0 95<\/p>\n\n\n\n<h5 class=\"wp-block-heading\">II LOITSUD. LOITSURAAMATUD. MOOSESE RAAMATUD<\/h5>\n\n\n\n<p>LOITSUD\u00a0 \u00a0 \u00a0 \u00a0 \u00a0 \u00a0 \u00a0 \u00a0 \u00a0 \u00a0 \u00a0 \u00a0 \u00a0 \u00a0 \u00a0 \u00a0 \u00a0 \u00a0 \u00a0 \u00a0 \u00a0 \u00a0 \u00a0 \u00a0 \u00a0 \u00a0 \u00a0 \u00a0 \u00a0 \u00a0 \u00a0 \u00a0 \u00a0 \u00a0 \u00a0 \u00a0 \u00a0 \u00a0 \u00a0 \u00a0 \u00a0 \u00a0 \u00a0 \u00a0 \u00a0 \u00a0 \u00a0 \u00a0 \u00a0 \u00a0 \u00a0 \u00a0 107<br>SAKRAALSED KEELED\u00a0 \u00a0 \u00a0 \u00a0 \u00a0 \u00a0 \u00a0 \u00a0 \u00a0 \u00a0 \u00a0 \u00a0 \u00a0 \u00a0 \u00a0 \u00a0 \u00a0 \u00a0 \u00a0 \u00a0 \u00a0 \u00a0 \u00a0 \u00a0 \u00a0 \u00a0 \u00a0 \u00a0 \u00a0 \u00a0 \u00a0 \u00a0 \u00a0 \u00a0 \u00a0 \u00a0 \u00a0 \u00a0 \u00a0 \u00a0 117<br>MAAGIARAAMATUD\u00a0 \u00a0 \u00a0 \u00a0 \u00a0 \u00a0 \u00a0 \u00a0 \u00a0 \u00a0 \u00a0 \u00a0 \u00a0 \u00a0 \u00a0 \u00a0 \u00a0 \u00a0 \u00a0 \u00a0 \u00a0 \u00a0 \u00a0 \u00a0 \u00a0 \u00a0 \u00a0 \u00a0 \u00a0 \u00a0 \u00a0 \u00a0 \u00a0 \u00a0 \u00a0 \u00a0 \u00a0 \u00a0 \u00a0 \u00a0 \u00a0 \u00a0121<br>LOITSUDE KOGUD JA K\u00c4SIKIRJAD\u00a0 \u00a0 \u00a0 \u00a0 \u00a0 \u00a0 \u00a0 \u00a0 \u00a0 \u00a0 \u00a0 \u00a0 \u00a0 \u00a0 \u00a0 \u00a0 \u00a0 \u00a0 \u00a0 \u00a0 \u00a0 \u00a0 \u00a0 \u00a0 \u00a0 \u00a0 \u00a0 \u00a0 \u00a0   126<br>ADO LOODUSE LOITSUK\u00c4SIKIRI\u00a0 \u00a0 \u00a0 \u00a0 \u00a0 \u00a0 \u00a0 \u00a0 \u00a0 \u00a0 \u00a0 \u00a0 \u00a0 \u00a0 \u00a0 \u00a0 \u00a0 \u00a0 \u00a0 \u00a0 \u00a0 \u00a0 \u00a0 \u00a0 \u00a0 \u00a0 \u00a0 \u00a0 \u00a0 \u00a0 \u00a0 \u00a0130<br>SUUR N\u00d5IARAAMAT\u00a0 \u00a0 \u00a0 \u00a0 \u00a0 \u00a0 \u00a0 \u00a0 \u00a0 \u00a0 \u00a0 \u00a0 \u00a0 \u00a0 \u00a0 \u00a0 \u00a0 \u00a0 \u00a0 \u00a0 \u00a0 \u00a0 \u00a0 \u00a0 \u00a0 \u00a0 \u00a0 \u00a0 \u00a0 \u00a0 \u00a0 \u00a0 \u00a0 \u00a0 \u00a0 \u00a0 \u00a0 \u00a0 \u00a0 \u00a0 \u00a0 \u00a0163<br>TAEVAKIRJAD\u00a0 \u00a0 \u00a0 \u00a0 \u00a0 \u00a0 \u00a0 \u00a0 \u00a0 \u00a0 \u00a0 \u00a0 \u00a0 \u00a0 \u00a0 \u00a0 \u00a0 \u00a0 \u00a0 \u00a0 \u00a0 \u00a0 \u00a0 \u00a0 \u00a0 \u00a0 \u00a0 \u00a0 \u00a0 \u00a0 \u00a0 \u00a0 \u00a0 \u00a0 \u00a0 \u00a0 \u00a0 \u00a0 \u00a0 \u00a0 \u00a0 \u00a0 \u00a0 \u00a0 \u00a0 \u00a0 \u00a0   178<\/p>\n\n\n\n<h5 class=\"wp-block-heading\">III N\u00d5IAD JA ETTEKUULUTAJAD<\/h5>\n\n\n\n<p>ALEKSEI LESK EHK TIITSU SEIU (1873\u20131950)\u00a0 \u00a0 \u00a0 \u00a0 \u00a0 \u00a0 \u00a0 \u00a0 \u00a0 \u00a0 \u00a0 \u00a0 \u00a0 \u00a0 \u00a0 \u00a0 \u00a0 \u00a0\u00a0 \u00a0  193<\/p>\n\n\n\n<p>V\u00d5IK\u00dcLA MARDI JAAN&nbsp; &nbsp; &nbsp; &nbsp; &nbsp; &nbsp; &nbsp; &nbsp; &nbsp; &nbsp; &nbsp; &nbsp; &nbsp; &nbsp; &nbsp; &nbsp; &nbsp; &nbsp; &nbsp; &nbsp; &nbsp; &nbsp; &nbsp; &nbsp; &nbsp; &nbsp; &nbsp; &nbsp; &nbsp; &nbsp; &nbsp; &nbsp; &nbsp; &nbsp; &nbsp; &nbsp; &nbsp; &nbsp; &nbsp; &nbsp;218<\/p>\n\n\n\n<h5 class=\"wp-block-heading\">IV KIRJANDUS\u00a0 \u00a0 \u00a0 \u00a0 \u00a0 \u00a0 \u00a0 \u00a0 \u00a0 \u00a0 \u00a0 \u00a0 \u00a0 \u00a0 \u00a0 \u00a0 \u00a0 \u00a0 \u00a0 \u00a0 \u00a0 \u00a0 \u00a0 \u00a0 \u00a0 \u00a0 \u00a0   233<\/h5>\n\n\n\n<hr class=\"wp-block-separator has-alpha-channel-opacity\"\/>\n\n\n\n<p>Autor: Mare K\u00f5iva<br>Sarja toimetajad: Mare Kalda, Eesti Kirjandusmusueum Tartu, Eesti<br>Mare K\u00f5iva: Eesti Kirjandusmusueum Tartu, Eesti<br>Keeletoimetaja ja korrektuur: Asta Niinemets<br>Kaas: Andres Kuperjanov<br>K\u00fcljendus: Liisa Vesik<\/p>\n\n\n\n<p>Rahvusvaheline kolleegium: Ekaterina Anastasova (Institute of Folklore and Ethnology with Ethnographic Museum, BAS Bulgaria), Madis Arukask (Tartu University), Reet Hiiem\u00e4e (Estonian Literary Museum), Tiiu Jaago (Tartu University), Andres Kuperjanov (Estonian Literary Museum), T\u00fcnde Kom\u00e1romi (K\u00e1roli G\u00e1sp\u00e1r University, Budapest), Nikolay Kuznetsov (Estonian Literary Museum; Tartu University), Marju K\u00f5ivupuu (Tallinn University), Emily Lyle (School of Scottish Studies in Edinburgh), Mirjam Mencej (Ljubljana University), Skaidre Urboniene (Lithuanian Culture Research Institute), Tatsiana Valodzina (Belorusian Institute), Irina Vinokurova (Institute of Karelian History, Language and Literature in Petroskoi)&nbsp;<\/p>\n\n\n\n<p>Toetasid Eesti Rahvakultuuri Keskuse Saarte p\u00e4rimuskultuuri fond, Eesti Kultuurkapital, EKM uurimisprojekt ELM 8-2-20-3&nbsp;<\/p>\n","protected":false},"excerpt":{"rendered":"<p>Download full issue (DOI: 10.7592\/Sator.2024.26) Download list of content SISUKORD SISSEJUHATUS&nbsp; &nbsp; &nbsp; &nbsp; &nbsp; &nbsp; &nbsp; &nbsp; &nbsp; &nbsp; &nbsp; &nbsp; &nbsp; &nbsp; &nbsp; &nbsp; &nbsp; &nbsp; &nbsp; &nbsp; &nbsp; &nbsp; &nbsp; &nbsp; &nbsp; &nbsp; &nbsp; &nbsp; &nbsp; &nbsp; &nbsp; &nbsp; &nbsp; &nbsp; &nbsp; &nbsp; &nbsp; &nbsp; &nbsp; &nbsp; &nbsp; &nbsp; &nbsp; &nbsp; &nbsp; [&hellip;]<\/p>\n","protected":false},"author":3,"featured_media":0,"parent":0,"menu_order":0,"comment_status":"closed","ping_status":"closed","template":"","meta":{"hide_page_title":"","footnotes":""},"class_list":["post-1224","page","type-page","status-publish","hentry"],"_links":{"self":[{"href":"https:\/\/folklore.ee\/sator\/wp-json\/wp\/v2\/pages\/1224","targetHints":{"allow":["GET"]}}],"collection":[{"href":"https:\/\/folklore.ee\/sator\/wp-json\/wp\/v2\/pages"}],"about":[{"href":"https:\/\/folklore.ee\/sator\/wp-json\/wp\/v2\/types\/page"}],"author":[{"embeddable":true,"href":"https:\/\/folklore.ee\/sator\/wp-json\/wp\/v2\/users\/3"}],"replies":[{"embeddable":true,"href":"https:\/\/folklore.ee\/sator\/wp-json\/wp\/v2\/comments?post=1224"}],"version-history":[{"count":1,"href":"https:\/\/folklore.ee\/sator\/wp-json\/wp\/v2\/pages\/1224\/revisions"}],"predecessor-version":[{"id":1227,"href":"https:\/\/folklore.ee\/sator\/wp-json\/wp\/v2\/pages\/1224\/revisions\/1227"}],"wp:attachment":[{"href":"https:\/\/folklore.ee\/sator\/wp-json\/wp\/v2\/media?parent=1224"}],"curies":[{"name":"wp","href":"https:\/\/api.w.org\/{rel}","templated":true}]}}